{"id":71592,"date":"2019-08-13T12:45:06","date_gmt":"2019-08-13T12:45:06","guid":{"rendered":"https:\/\/medtest.stagingservers.net\/om-os\/"},"modified":"2021-03-09T15:02:52","modified_gmt":"2021-03-09T13:02:52","slug":"om-os","status":"publish","type":"page","link":"https:\/\/medtest.stagingservers.net\/da\/om-os\/","title":{"rendered":"Om os"},"content":{"rendered":"\n<h2 class=\"wp-block-heading\">Siden 2016 har vi leveret billige tests, som du nemt og sikkert kan tage i fred og ro derhjemme.<\/h2>\n\n\n\n<p>Hvis du har smerter, n\u00e5r du tisser, tilbyder vi testpinde til urinvejsinfektion.<\/p>\n\n\n\n<p>Hvis du planl\u00e6gger at blive gravid eller vil finde ud af, om du er gravid, tilbyder vi alt inden for \u00e6gl\u00f8sningstests og graviditetstests.<\/p>\n\n\n\n<p>Siden vi begyndte, har vi leveret til over 10.000 tilfredse kunder i de nordiske lande.<\/p>\n\n\n\n<p><strong>Virksomhedshistorie<\/strong><\/p>\n\n\n\n<p>Medtest blev grundlagt i 2015.<\/p>\n\n\n\n<p><strong>Specialistkompetencer<\/strong><\/p>\n\n\n\n<p>Grundl\u00e6ggeren af Medtest er uddannet l\u00e6ge i analytisk kemi i Sverige og har forsket i medicinsk teknologi i 11 \u00e5r. In vitro-assays og kromatografiske analyser er noget, vi har meget h\u00f8j kompetence inden for. Hvis du har sp\u00f8rgsm\u00e5l til vores test, bedes du sende en foresp\u00f8rgsel til order@medtest.shop (mark\u00e9r sp\u00f8rgsm\u00e5let med &#8220;specialist&#8221; i titlen).<\/p>\n\n\n\n<p><strong>Vores Vision<\/strong><\/p>\n\n\n\n<p>Vores vision er at tilbyde hjemtest, der p\u00e5 forskellige m\u00e5der g\u00f8r det lettere for dig. Vi handler direkte fra grossisten og kan s\u00e5ledes sikre lave priser p\u00e5 vores tests.<\/p>\n\n\n\n<p><strong>Kort leveringstid<\/strong><\/p>\n\n\n\n<p>Vi str\u00e6ber efter at have den kortest mulige leveringstid. Ordrer, som placeres f\u00f8r kl. 15.00, vil blive leveret samme dag. Forsendelserne sendes med PostNord eller DB Schenker (GLS).<\/p>\n\n\n\n<p><strong>Vores produkter<\/strong><\/p>\n\n\n\n<p>Vores produkter er af h\u00f8jeste kvalitet i overensstemmelse med de nuv\u00e6rende lovgivningsm\u00e6ssige krav. Alle produkter er CE-godkendt enten som en hjemmetest eller til professionel brug (designet til brug af medicinsk fagfolk med klare og enkle instruktioner).<br>\nTestene giver enkle positive eller negative resultater og er CE-godkendt til professionel brug i overensstemmelse med de v\u00e6sentlige krav i det relevante EF-direktiv 98\/79 \/ EF om in vitro-diagnostisk medicinsk udstyr.<\/p>\n\n\n\n<p><\/p>\n","protected":false},"excerpt":{"rendered":"<p>Siden 2016 har vi leveret billige tests, som du nemt og sikkert kan tage i fred og ro derhjemme. Hvis du har smerter, n\u00e5r du tisser, tilbyder vi testpinde til urinvejsinfektion. Hvis du planl\u00e6gger at blive gravid eller vil finde ud af, om du er gravid, tilbyder vi alt inden for \u00e6gl\u00f8sningstests og graviditetstests. Siden [&hellip;]<\/p>\n","protected":false},"author":1,"featured_media":0,"parent":0,"menu_order":10,"comment_status":"closed","ping_status":"closed","template":"","meta":{"_acf_changed":false,"footnotes":""},"class_list":["post-71592","page","type-page","status-publish","hentry"],"acf":[],"yoast_head":"<title>Om oss - V\u00e5rt sortiment dekker de fleste av disse sykdommene - Medtest<\/title>\n<meta name=\"description\" content=\"Om oss - V\u00e5rt sortiment dekker de fleste av disse sykdommene, som overf\u00f8res i seksuell aktivitet som: Chlamydia-, Gonor\u00e9-, Syfilis-, Herpes- og HIV-testing.\" \/>\n<meta name=\"robots\" content=\"noindex, follow, max-snippet:-1, max-image-preview:large, max-video-preview:-1\" \/>\n<meta property=\"og:locale\" content=\"da_DK\" \/>\n<meta property=\"og:type\" content=\"article\" \/>\n<meta property=\"og:title\" content=\"Om oss - V\u00e5rt sortiment dekker de fleste av disse sykdommene - Medtest\" \/>\n<meta property=\"og:description\" content=\"Om oss - V\u00e5rt sortiment dekker de fleste av disse sykdommene, som overf\u00f8res i seksuell aktivitet som: Chlamydia-, Gonor\u00e9-, Syfilis-, Herpes- og HIV-testing.\" \/>\n<meta property=\"og:url\" content=\"https:\/\/medtest.stagingservers.net\/da\/om-os\/\" \/>\n<meta property=\"og:site_name\" content=\"Medtest.shop\" \/>\n<meta property=\"article:publisher\" content=\"https:\/\/www.facebook.com\/Medtest-1440779469392476\/\" \/>\n<meta property=\"article:modified_time\" content=\"2021-03-09T13:02:52+00:00\" \/>\n<meta name=\"twitter:card\" content=\"summary_large_image\" \/>\n<script type=\"application\/ld+json\" class=\"yoast-schema-graph\">{\"@context\":\"https:\\\/\\\/schema.org\",\"@graph\":[{\"@type\":\"WebPage\",\"@id\":\"https:\\\/\\\/medtest.stagingservers.net\\\/da\\\/om-os\\\/\",\"url\":\"https:\\\/\\\/medtest.stagingservers.net\\\/da\\\/om-os\\\/\",\"name\":\"Om oss - V\u00e5rt sortiment dekker de fleste av disse sykdommene - Medtest\",\"isPartOf\":{\"@id\":\"https:\\\/\\\/medtest.stagingservers.net\\\/da\\\/#website\"},\"datePublished\":\"2019-08-13T12:45:06+00:00\",\"dateModified\":\"2021-03-09T13:02:52+00:00\",\"description\":\"Om oss - V\u00e5rt sortiment dekker de fleste av disse sykdommene, som overf\u00f8res i seksuell aktivitet som: Chlamydia-, Gonor\u00e9-, Syfilis-, Herpes- og HIV-testing.\",\"breadcrumb\":{\"@id\":\"https:\\\/\\\/medtest.stagingservers.net\\\/da\\\/om-os\\\/#breadcrumb\"},\"inLanguage\":\"da-DK\",\"potentialAction\":[{\"@type\":\"ReadAction\",\"target\":[\"https:\\\/\\\/medtest.stagingservers.net\\\/da\\\/om-os\\\/\"]}]},{\"@type\":\"BreadcrumbList\",\"@id\":\"https:\\\/\\\/medtest.stagingservers.net\\\/da\\\/om-os\\\/#breadcrumb\",\"itemListElement\":[{\"@type\":\"ListItem\",\"position\":1,\"name\":\"Home\",\"item\":\"https:\\\/\\\/medtest.stagingservers.net\\\/da\\\/\"},{\"@type\":\"ListItem\",\"position\":2,\"name\":\"Om os\"}]},{\"@type\":\"WebSite\",\"@id\":\"https:\\\/\\\/medtest.stagingservers.net\\\/da\\\/#website\",\"url\":\"https:\\\/\\\/medtest.stagingservers.net\\\/da\\\/\",\"name\":\"Medtest.shop\",\"description\":\"\",\"publisher\":{\"@id\":\"https:\\\/\\\/medtest.stagingservers.net\\\/da\\\/#organization\"},\"potentialAction\":[{\"@type\":\"SearchAction\",\"target\":{\"@type\":\"EntryPoint\",\"urlTemplate\":\"https:\\\/\\\/medtest.stagingservers.net\\\/da\\\/?s={search_term_string}\"},\"query-input\":{\"@type\":\"PropertyValueSpecification\",\"valueRequired\":true,\"valueName\":\"search_term_string\"}}],\"inLanguage\":\"da-DK\"},{\"@type\":\"Organization\",\"@id\":\"https:\\\/\\\/medtest.stagingservers.net\\\/da\\\/#organization\",\"name\":\"Medtest\",\"url\":\"https:\\\/\\\/medtest.stagingservers.net\\\/da\\\/\",\"logo\":{\"@type\":\"ImageObject\",\"inLanguage\":\"da-DK\",\"@id\":\"https:\\\/\\\/medtest.stagingservers.net\\\/da\\\/#\\\/schema\\\/logo\\\/image\\\/\",\"url\":\"https:\\\/\\\/medtest.stagingservers.net\\\/wp-content\\\/uploads\\\/2018\\\/11\\\/Original.png\",\"contentUrl\":\"https:\\\/\\\/medtest.stagingservers.net\\\/wp-content\\\/uploads\\\/2018\\\/11\\\/Original.png\",\"width\":1024,\"height\":1024,\"caption\":\"Medtest\"},\"image\":{\"@id\":\"https:\\\/\\\/medtest.stagingservers.net\\\/da\\\/#\\\/schema\\\/logo\\\/image\\\/\"},\"sameAs\":[\"https:\\\/\\\/www.facebook.com\\\/Medtest-1440779469392476\\\/\"]}]}<\/script>","yoast_head_json":{"title":"Om oss - V\u00e5rt sortiment dekker de fleste av disse sykdommene - Medtest","description":"Om oss - V\u00e5rt sortiment dekker de fleste av disse sykdommene, som overf\u00f8res i seksuell aktivitet som: Chlamydia-, Gonor\u00e9-, Syfilis-, Herpes- og HIV-testing.","robots":{"index":"noindex","follow":"follow","max-snippet":"max-snippet:-1","max-image-preview":"max-image-preview:large","max-video-preview":"max-video-preview:-1"},"og_locale":"da_DK","og_type":"article","og_title":"Om oss - V\u00e5rt sortiment dekker de fleste av disse sykdommene - Medtest","og_description":"Om oss - V\u00e5rt sortiment dekker de fleste av disse sykdommene, som overf\u00f8res i seksuell aktivitet som: Chlamydia-, Gonor\u00e9-, Syfilis-, Herpes- og HIV-testing.","og_url":"https:\/\/medtest.stagingservers.net\/da\/om-os\/","og_site_name":"Medtest.shop","article_publisher":"https:\/\/www.facebook.com\/Medtest-1440779469392476\/","article_modified_time":"2021-03-09T13:02:52+00:00","twitter_card":"summary_large_image","schema":{"@context":"https:\/\/schema.org","@graph":[{"@type":"WebPage","@id":"https:\/\/medtest.stagingservers.net\/da\/om-os\/","url":"https:\/\/medtest.stagingservers.net\/da\/om-os\/","name":"Om oss - V\u00e5rt sortiment dekker de fleste av disse sykdommene - Medtest","isPartOf":{"@id":"https:\/\/medtest.stagingservers.net\/da\/#website"},"datePublished":"2019-08-13T12:45:06+00:00","dateModified":"2021-03-09T13:02:52+00:00","description":"Om oss - V\u00e5rt sortiment dekker de fleste av disse sykdommene, som overf\u00f8res i seksuell aktivitet som: Chlamydia-, Gonor\u00e9-, Syfilis-, Herpes- og HIV-testing.","breadcrumb":{"@id":"https:\/\/medtest.stagingservers.net\/da\/om-os\/#breadcrumb"},"inLanguage":"da-DK","potentialAction":[{"@type":"ReadAction","target":["https:\/\/medtest.stagingservers.net\/da\/om-os\/"]}]},{"@type":"BreadcrumbList","@id":"https:\/\/medtest.stagingservers.net\/da\/om-os\/#breadcrumb","itemListElement":[{"@type":"ListItem","position":1,"name":"Home","item":"https:\/\/medtest.stagingservers.net\/da\/"},{"@type":"ListItem","position":2,"name":"Om os"}]},{"@type":"WebSite","@id":"https:\/\/medtest.stagingservers.net\/da\/#website","url":"https:\/\/medtest.stagingservers.net\/da\/","name":"Medtest.shop","description":"","publisher":{"@id":"https:\/\/medtest.stagingservers.net\/da\/#organization"},"potentialAction":[{"@type":"SearchAction","target":{"@type":"EntryPoint","urlTemplate":"https:\/\/medtest.stagingservers.net\/da\/?s={search_term_string}"},"query-input":{"@type":"PropertyValueSpecification","valueRequired":true,"valueName":"search_term_string"}}],"inLanguage":"da-DK"},{"@type":"Organization","@id":"https:\/\/medtest.stagingservers.net\/da\/#organization","name":"Medtest","url":"https:\/\/medtest.stagingservers.net\/da\/","logo":{"@type":"ImageObject","inLanguage":"da-DK","@id":"https:\/\/medtest.stagingservers.net\/da\/#\/schema\/logo\/image\/","url":"https:\/\/medtest.stagingservers.net\/wp-content\/uploads\/2018\/11\/Original.png","contentUrl":"https:\/\/medtest.stagingservers.net\/wp-content\/uploads\/2018\/11\/Original.png","width":1024,"height":1024,"caption":"Medtest"},"image":{"@id":"https:\/\/medtest.stagingservers.net\/da\/#\/schema\/logo\/image\/"},"sameAs":["https:\/\/www.facebook.com\/Medtest-1440779469392476\/"]}]}},"_links":{"self":[{"href":"https:\/\/medtest.stagingservers.net\/da\/wp-json\/wp\/v2\/pages\/71592","targetHints":{"allow":["GET"]}}],"collection":[{"href":"https:\/\/medtest.stagingservers.net\/da\/wp-json\/wp\/v2\/pages"}],"about":[{"href":"https:\/\/medtest.stagingservers.net\/da\/wp-json\/wp\/v2\/types\/page"}],"author":[{"embeddable":true,"href":"https:\/\/medtest.stagingservers.net\/da\/wp-json\/wp\/v2\/users\/1"}],"replies":[{"embeddable":true,"href":"https:\/\/medtest.stagingservers.net\/da\/wp-json\/wp\/v2\/comments?post=71592"}],"version-history":[{"count":1,"href":"https:\/\/medtest.stagingservers.net\/da\/wp-json\/wp\/v2\/pages\/71592\/revisions"}],"predecessor-version":[{"id":91365,"href":"https:\/\/medtest.stagingservers.net\/da\/wp-json\/wp\/v2\/pages\/71592\/revisions\/91365"}],"wp:attachment":[{"href":"https:\/\/medtest.stagingservers.net\/da\/wp-json\/wp\/v2\/media?parent=71592"}],"curies":[{"name":"wp","href":"https:\/\/api.w.org\/{rel}","templated":true}]}}