{"id":71609,"date":"2019-08-13T13:11:24","date_gmt":"2019-08-13T13:11:24","guid":{"rendered":"https:\/\/medtest.stagingservers.net\/sporgsmal\/"},"modified":"2021-03-09T14:59:01","modified_gmt":"2021-03-09T12:59:01","slug":"sporgsmal","status":"publish","type":"page","link":"https:\/\/medtest.stagingservers.net\/da\/sporgsmal\/","title":{"rendered":"Sp\u00f8rgsm\u00e5l"},"content":{"rendered":" \n\n\n\n\n<section class=\"medtest-faq \">\n  \n\n          \n         <div class=\"medtest-faq-item\">\n         <div class=\"medtest-faq-question\"><h4>LEVERER I INTERNATIONAL?<\/h4> <svg viewBox=\"0 0 20 20\" xmlns=\"http:\/\/www.w3.org\/2000\/svg\" width=\"20\" height=\"20\" fill=\"#1a5f93\"><path d=\"M16.7 3.3L10 10 3.3 3.4 0 6.7l10 10v-.1l10-9.9z\"><\/path><\/svg><\/div>\n         <div class=\"medtest-faq-answer\"> Ja, i Norden (Sverige, Norge, Danmark og Finland).<\/div>         \n         <\/div>\n           \n           \n         <div class=\"medtest-faq-item\">\n         <div class=\"medtest-faq-question\"><h4>HVEM KAN JEG KONTAKTE, HVIS JEG HAR SP\u00d8RGSM\u00c5L?<\/h4> <svg viewBox=\"0 0 20 20\" xmlns=\"http:\/\/www.w3.org\/2000\/svg\" width=\"20\" height=\"20\" fill=\"#1a5f93\"><path d=\"M16.7 3.3L10 10 3.3 3.4 0 6.7l10 10v-.1l10-9.9z\"><\/path><\/svg><\/div>\n         <div class=\"medtest-faq-answer\"> Har du sp\u00f8rgsm\u00e5l, bedes du kontakte vores support p\u00e5 order@medtest.shop. Indtast dit ordrenummer i meddelelsen.<\/div>         \n         <\/div>\n           \n           \n         <div class=\"medtest-faq-item\">\n         <div class=\"medtest-faq-question\"><h4>HVORDAN ANNULLERER JEG EN ORDRE?<\/h4> <svg viewBox=\"0 0 20 20\" xmlns=\"http:\/\/www.w3.org\/2000\/svg\" width=\"20\" height=\"20\" fill=\"#1a5f93\"><path d=\"M16.7 3.3L10 10 3.3 3.4 0 6.7l10 10v-.1l10-9.9z\"><\/path><\/svg><\/div>\n         <div class=\"medtest-faq-answer\"> Hvis du \u00f8nsker at annullere en ordre, efter du indsendt en bestilling, bedes du straks kontakte os. Hvis vi endnu ikke har afsendt varen, annullerer vi ordren, s\u00e5 snart vi modtager din besked. Hvis vi har afsendt varen, kan du ikke annullere ordren, og kunden vil kunne gennemf\u00f8re k\u00f8bet.<\/div>         \n         <\/div>\n           \n           \n         <div class=\"medtest-faq-item\">\n         <div class=\"medtest-faq-question\"><h4>KAN JEG RETURNERE EN VARE?<\/h4> <svg viewBox=\"0 0 20 20\" xmlns=\"http:\/\/www.w3.org\/2000\/svg\" width=\"20\" height=\"20\" fill=\"#1a5f93\"><path d=\"M16.7 3.3L10 10 3.3 3.4 0 6.7l10 10v-.1l10-9.9z\"><\/path><\/svg><\/div>\n         <div class=\"medtest-faq-answer\"> Du har returret i 14 dage. Kontakt order@medtest.shop, hvis du vil returnere en vare.<\/div>         \n         <\/div>\n           \n           \n         <div class=\"medtest-faq-item\">\n         <div class=\"medtest-faq-question\"><h4>HVOR LANG ER LEVERINGSTIDEN?<\/h4> <svg viewBox=\"0 0 20 20\" xmlns=\"http:\/\/www.w3.org\/2000\/svg\" width=\"20\" height=\"20\" fill=\"#1a5f93\"><path d=\"M16.7 3.3L10 10 3.3 3.4 0 6.7l10 10v-.1l10-9.9z\"><\/path><\/svg><\/div>\n         <div class=\"medtest-faq-answer\"> Hvis du v\u00e6lger DB Schenker som leveringsform, er leveringstiden 1-2 dage. Standard levering med PostNord tager 3-5 dage. Ordrer registreret f\u00f8r 15:00 vil blive sendt samme dag, hvilket betyder, at du modtager varen dagen efter ordren (med DB Schenker).<\/div>         \n         <\/div>\n           \n           \n         <div class=\"medtest-faq-item\">\n         <div class=\"medtest-faq-question\"><h4>HVILKE BETALINGSMETODER TAGER I IMOD?<\/h4> <svg viewBox=\"0 0 20 20\" xmlns=\"http:\/\/www.w3.org\/2000\/svg\" width=\"20\" height=\"20\" fill=\"#1a5f93\"><path d=\"M16.7 3.3L10 10 3.3 3.4 0 6.7l10 10v-.1l10-9.9z\"><\/path><\/svg><\/div>\n         <div class=\"medtest-faq-answer\"> Vi tager imod VISA, Mastercard, Maestro, Vipps, Mobilepay Dankort, Paypal.<\/div>         \n         <\/div>\n           \n           \n         <div class=\"medtest-faq-item\">\n         <div class=\"medtest-faq-question\"><h4>HVORDAN LANG ER PRODUKTERNES HOLDBARHED?<\/h4> <svg viewBox=\"0 0 20 20\" xmlns=\"http:\/\/www.w3.org\/2000\/svg\" width=\"20\" height=\"20\" fill=\"#1a5f93\"><path d=\"M16.7 3.3L10 10 3.3 3.4 0 6.7l10 10v-.1l10-9.9z\"><\/path><\/svg><\/div>\n         <div class=\"medtest-faq-answer\"> Alle vores tests har en holdbarhed p\u00e5 2 \u00e5r, s\u00e5fremt de opbevares mellem 2-30 \u00b0C. Ved opbevaring p\u00e5 k\u00f8l holder produkterne i yderligere et \u00e5r.<\/div>         \n         <\/div>\n           \n           \n         <div class=\"medtest-faq-item\">\n         <div class=\"medtest-faq-question\"><h4>HVORDAN SENDER I PRODUKTET TIL MIG?<\/h4> <svg viewBox=\"0 0 20 20\" xmlns=\"http:\/\/www.w3.org\/2000\/svg\" width=\"20\" height=\"20\" fill=\"#1a5f93\"><path d=\"M16.7 3.3L10 10 3.3 3.4 0 6.7l10 10v-.1l10-9.9z\"><\/path><\/svg><\/div>\n         <div class=\"medtest-faq-answer\"> Produktet sendes direkte hjem i postkassen i en hvid konvolut med bobleindpakning for at beskytte indholdet. Pakken er diskret, ingen logo eller afsenderoplysninger er anm\u00e6rket.<\/div>         \n         <\/div>\n           \n           \n         <div class=\"medtest-faq-item\">\n         <div class=\"medtest-faq-question\"><h4>HVORDAN L\u00c6NGE SKAL JEG VENTE, INDEN JEG TESTER MIG?<\/h4> <svg viewBox=\"0 0 20 20\" xmlns=\"http:\/\/www.w3.org\/2000\/svg\" width=\"20\" height=\"20\" fill=\"#1a5f93\"><path d=\"M16.7 3.3L10 10 3.3 3.4 0 6.7l10 10v-.1l10-9.9z\"><\/path><\/svg><\/div>\n         <div class=\"medtest-faq-answer\"> Du kan teste dig med en gang.<\/div>         \n         <\/div>\n           \n           \n         <div class=\"medtest-faq-item\">\n         <div class=\"medtest-faq-question\"><h4>HVORFOR F\u00c5R JEG IKKE MIN ORDRE?<\/h4> <svg viewBox=\"0 0 20 20\" xmlns=\"http:\/\/www.w3.org\/2000\/svg\" width=\"20\" height=\"20\" fill=\"#1a5f93\"><path d=\"M16.7 3.3L10 10 3.3 3.4 0 6.7l10 10v-.1l10-9.9z\"><\/path><\/svg><\/div>\n         <div class=\"medtest-faq-answer\"> Den mest almindelige grund til manglende levering er, at navnet ikke er registreret p\u00e5 den adresse, du har angivet. Du SKAL indtaste et navn p\u00e5 en person, der er registreret p\u00e5 adressen. Eksempel: Kalle Jensen bestiller nogle tests, men er ikke registreret p\u00e5 adressen. Derfor skal den person, som er registreret som boende p\u00e5 adressen (Niels i eksemplet nedenfor), v\u00e6re anf\u00f8rt som C\/O, mens modtageren (Kalle i eksemplet forneden) anf\u00f8rt som modtager.<br \/>\r\nEksempel<br \/>\r\nModtager: Kalle Jensen<br \/>\r\nC\/O Niels Andersen<br \/>\r\nHusvej 3<br \/>\r\n1234 Gadeby<\/div>         \n         <\/div>\n           \n           \n         <div class=\"medtest-faq-item\">\n         <div class=\"medtest-faq-question\"><h4>B\u00d8R JERES SELVTESTS BRUGES TIL AT STILLE EN DIAGNOSE?<\/h4> <svg viewBox=\"0 0 20 20\" xmlns=\"http:\/\/www.w3.org\/2000\/svg\" width=\"20\" height=\"20\" fill=\"#1a5f93\"><path d=\"M16.7 3.3L10 10 3.3 3.4 0 6.7l10 10v-.1l10-9.9z\"><\/path><\/svg><\/div>\n         <div class=\"medtest-faq-answer\"> Nej. Vores tests er ikke egnet til at diagnosticere, de bruges kun til at give en indikation. Det er altid l\u00e6ger, der diagnosticerer, og dette g\u00f8res ofte efter flere forskellige tests og kliniske unders\u00f8gelser.<\/div>         \n         <\/div>\n           \n                 \n<\/section>\n\n<script>\n(function($) {\n        \n    \/\/var allPanels = $('.medtest-faq-answer');\n    $('.medtest-faq-answer').hide();\n      \n    $('.medtest-faq-question').click(function() {\n\n        if($(this).parent().hasClass('openfaq')){\n            $(this).parent().removeClass('openfaq'); \n            $(this).next().slideUp();\n            return false; \n        }\n\n    \/\/   $(\".medtest-faq-item\").removeClass('openfaq');  \n    \/\/   allPanels.slideUp();     \n      $(this).next().slideDown();\n      $(this).parent().addClass('openfaq');\n      return false;\n\n    });\n  \n  })(jQuery);\n<\/script>\n\n\n<div style=\"height:100px\" aria-hidden=\"true\" class=\"wp-block-spacer\"><\/div>\n\n\n\n<h3 class=\"has-text-align-center wp-block-heading\">Fandt du ikke svaret?<\/h3>\n\n\n\n<p class=\"has-text-align-center\">Skriv en besked til os, hvis du ikke har modtaget et svar p\u00e5 dit sp\u00f8rgsm\u00e5l blandt indstillingerne ovenfor.<\/p>\n\n\n\n<div class=\"wpcf7 no-js\" id=\"wpcf7-f71587-o1\" lang=\"da-DK\" dir=\"ltr\" data-wpcf7-id=\"71587\">\n<div class=\"screen-reader-response\"><p role=\"status\" aria-live=\"polite\" aria-atomic=\"true\"><\/p> <ul><\/ul><\/div>\n<form action=\"\/da\/wp-json\/wp\/v2\/pages\/71609#wpcf7-f71587-o1\" method=\"post\" class=\"wpcf7-form init\" aria-label=\"Kontaktformular\" novalidate=\"novalidate\" data-status=\"init\">\n<fieldset class=\"hidden-fields-container\"><input type=\"hidden\" name=\"_wpcf7\" value=\"71587\" \/><input type=\"hidden\" name=\"_wpcf7_version\" value=\"6.1.5\" \/><input type=\"hidden\" name=\"_wpcf7_locale\" value=\"da_DK\" \/><input type=\"hidden\" name=\"_wpcf7_unit_tag\" value=\"wpcf7-f71587-o1\" \/><input type=\"hidden\" name=\"_wpcf7_container_post\" value=\"0\" \/><input type=\"hidden\" name=\"_wpcf7_posted_data_hash\" value=\"\" \/>\n<\/fieldset>\n<p><label> Dit navn (p\u00e5kr\u00e6vet)<br \/>\n<span class=\"wpcf7-form-control-wrap\" data-name=\"your-name\"><input size=\"40\" maxlength=\"400\" class=\"wpcf7-form-control wpcf7-text wpcf7-validates-as-required\" aria-required=\"true\" aria-invalid=\"false\" value=\"\" type=\"text\" name=\"your-name\" \/><\/span> <\/label>\n<\/p>\n<p><label> Din e-mail-adresse (p\u00e5kr\u00e6vet)<br \/>\n<span class=\"wpcf7-form-control-wrap\" data-name=\"your-email\"><input size=\"40\" maxlength=\"400\" class=\"wpcf7-form-control wpcf7-email wpcf7-validates-as-required wpcf7-text wpcf7-validates-as-email\" aria-required=\"true\" aria-invalid=\"false\" value=\"\" type=\"email\" name=\"your-email\" \/><\/span> <\/label>\n<\/p>\n<p><label> Din besked<br \/>\n<span class=\"wpcf7-form-control-wrap\" data-name=\"your-message\"><textarea cols=\"40\" rows=\"10\" maxlength=\"2000\" class=\"wpcf7-form-control wpcf7-textarea\" aria-invalid=\"false\" name=\"your-message\"><\/textarea><\/span> <\/label>\n<\/p>\n<p><span class=\"wpcf7-form-control-wrap\" data-name=\"acceptance-527\"><span class=\"wpcf7-form-control wpcf7-acceptance\"><span class=\"wpcf7-list-item\"><label><input type=\"checkbox\" name=\"acceptance-527\" value=\"1\" aria-invalid=\"false\" \/><span class=\"wpcf7-list-item-label\">Jeg accepterer behandlingen af mine personlige data. Dine oplysninger videresendes ikke til tredjepart.<\/span><\/label><\/span><\/span><\/span>\n<\/p>\n<p><input class=\"wpcf7-form-control wpcf7-submit has-spinner\" type=\"submit\" value=\"Sende\" \/>\n<\/p><div class=\"wpcf7-response-output\" aria-hidden=\"true\"><\/div>\n<\/form>\n<\/div>\n\n","protected":false},"excerpt":{"rendered":"<p>Fandt du ikke svaret? Skriv en besked til os, hvis du ikke har modtaget et svar p\u00e5 dit sp\u00f8rgsm\u00e5l blandt indstillingerne ovenfor.<\/p>\n","protected":false},"author":1,"featured_media":0,"parent":0,"menu_order":10,"comment_status":"closed","ping_status":"closed","template":"","meta":{"_acf_changed":false,"footnotes":""},"class_list":["post-71609","page","type-page","status-publish","hentry"],"acf":[],"yoast_head":"<title>Sp\u00f8rgsm\u00e5l - Medtest.shop<\/title>\n<meta name=\"description\" content=\"Sp\u00f8rgsm\u00e5l - Medtest.shop\" \/>\n<meta name=\"robots\" content=\"noindex, follow, max-snippet:-1, max-image-preview:large, max-video-preview:-1\" \/>\n<meta property=\"og:locale\" content=\"da_DK\" \/>\n<meta property=\"og:type\" content=\"article\" \/>\n<meta property=\"og:title\" content=\"Sp\u00f8rgsm\u00e5l - Medtest.shop\" \/>\n<meta property=\"og:description\" content=\"Sp\u00f8rgsm\u00e5l - Medtest.shop\" \/>\n<meta property=\"og:url\" content=\"https:\/\/medtest.stagingservers.net\/da\/sporgsmal\/\" \/>\n<meta property=\"og:site_name\" content=\"Medtest.shop\" \/>\n<meta property=\"article:publisher\" content=\"https:\/\/www.facebook.com\/Medtest-1440779469392476\/\" \/>\n<meta property=\"article:modified_time\" content=\"2021-03-09T12:59:01+00:00\" \/>\n<meta name=\"twitter:card\" content=\"summary_large_image\" \/>\n<script type=\"application\/ld+json\" class=\"yoast-schema-graph\">{\"@context\":\"https:\\\/\\\/schema.org\",\"@graph\":[{\"@type\":\"WebPage\",\"@id\":\"https:\\\/\\\/medtest.stagingservers.net\\\/da\\\/sporgsmal\\\/\",\"url\":\"https:\\\/\\\/medtest.stagingservers.net\\\/da\\\/sporgsmal\\\/\",\"name\":\"Sp\u00f8rgsm\u00e5l - Medtest.shop\",\"isPartOf\":{\"@id\":\"https:\\\/\\\/medtest.stagingservers.net\\\/da\\\/#website\"},\"datePublished\":\"2019-08-13T13:11:24+00:00\",\"dateModified\":\"2021-03-09T12:59:01+00:00\",\"description\":\"Sp\u00f8rgsm\u00e5l - Medtest.shop\",\"breadcrumb\":{\"@id\":\"https:\\\/\\\/medtest.stagingservers.net\\\/da\\\/sporgsmal\\\/#breadcrumb\"},\"inLanguage\":\"da-DK\",\"potentialAction\":[{\"@type\":\"ReadAction\",\"target\":[\"https:\\\/\\\/medtest.stagingservers.net\\\/da\\\/sporgsmal\\\/\"]}]},{\"@type\":\"BreadcrumbList\",\"@id\":\"https:\\\/\\\/medtest.stagingservers.net\\\/da\\\/sporgsmal\\\/#breadcrumb\",\"itemListElement\":[{\"@type\":\"ListItem\",\"position\":1,\"name\":\"Home\",\"item\":\"https:\\\/\\\/medtest.stagingservers.net\\\/da\\\/\"},{\"@type\":\"ListItem\",\"position\":2,\"name\":\"Sp\u00f8rgsm\u00e5l\"}]},{\"@type\":\"WebSite\",\"@id\":\"https:\\\/\\\/medtest.stagingservers.net\\\/da\\\/#website\",\"url\":\"https:\\\/\\\/medtest.stagingservers.net\\\/da\\\/\",\"name\":\"Medtest.shop\",\"description\":\"\",\"publisher\":{\"@id\":\"https:\\\/\\\/medtest.stagingservers.net\\\/da\\\/#organization\"},\"potentialAction\":[{\"@type\":\"SearchAction\",\"target\":{\"@type\":\"EntryPoint\",\"urlTemplate\":\"https:\\\/\\\/medtest.stagingservers.net\\\/da\\\/?s={search_term_string}\"},\"query-input\":{\"@type\":\"PropertyValueSpecification\",\"valueRequired\":true,\"valueName\":\"search_term_string\"}}],\"inLanguage\":\"da-DK\"},{\"@type\":\"Organization\",\"@id\":\"https:\\\/\\\/medtest.stagingservers.net\\\/da\\\/#organization\",\"name\":\"Medtest\",\"url\":\"https:\\\/\\\/medtest.stagingservers.net\\\/da\\\/\",\"logo\":{\"@type\":\"ImageObject\",\"inLanguage\":\"da-DK\",\"@id\":\"https:\\\/\\\/medtest.stagingservers.net\\\/da\\\/#\\\/schema\\\/logo\\\/image\\\/\",\"url\":\"https:\\\/\\\/medtest.stagingservers.net\\\/wp-content\\\/uploads\\\/2018\\\/11\\\/Original.png\",\"contentUrl\":\"https:\\\/\\\/medtest.stagingservers.net\\\/wp-content\\\/uploads\\\/2018\\\/11\\\/Original.png\",\"width\":1024,\"height\":1024,\"caption\":\"Medtest\"},\"image\":{\"@id\":\"https:\\\/\\\/medtest.stagingservers.net\\\/da\\\/#\\\/schema\\\/logo\\\/image\\\/\"},\"sameAs\":[\"https:\\\/\\\/www.facebook.com\\\/Medtest-1440779469392476\\\/\"]}]}<\/script>","yoast_head_json":{"title":"Sp\u00f8rgsm\u00e5l - Medtest.shop","description":"Sp\u00f8rgsm\u00e5l - Medtest.shop","robots":{"index":"noindex","follow":"follow","max-snippet":"max-snippet:-1","max-image-preview":"max-image-preview:large","max-video-preview":"max-video-preview:-1"},"og_locale":"da_DK","og_type":"article","og_title":"Sp\u00f8rgsm\u00e5l - Medtest.shop","og_description":"Sp\u00f8rgsm\u00e5l - Medtest.shop","og_url":"https:\/\/medtest.stagingservers.net\/da\/sporgsmal\/","og_site_name":"Medtest.shop","article_publisher":"https:\/\/www.facebook.com\/Medtest-1440779469392476\/","article_modified_time":"2021-03-09T12:59:01+00:00","twitter_card":"summary_large_image","schema":{"@context":"https:\/\/schema.org","@graph":[{"@type":"WebPage","@id":"https:\/\/medtest.stagingservers.net\/da\/sporgsmal\/","url":"https:\/\/medtest.stagingservers.net\/da\/sporgsmal\/","name":"Sp\u00f8rgsm\u00e5l - Medtest.shop","isPartOf":{"@id":"https:\/\/medtest.stagingservers.net\/da\/#website"},"datePublished":"2019-08-13T13:11:24+00:00","dateModified":"2021-03-09T12:59:01+00:00","description":"Sp\u00f8rgsm\u00e5l - Medtest.shop","breadcrumb":{"@id":"https:\/\/medtest.stagingservers.net\/da\/sporgsmal\/#breadcrumb"},"inLanguage":"da-DK","potentialAction":[{"@type":"ReadAction","target":["https:\/\/medtest.stagingservers.net\/da\/sporgsmal\/"]}]},{"@type":"BreadcrumbList","@id":"https:\/\/medtest.stagingservers.net\/da\/sporgsmal\/#breadcrumb","itemListElement":[{"@type":"ListItem","position":1,"name":"Home","item":"https:\/\/medtest.stagingservers.net\/da\/"},{"@type":"ListItem","position":2,"name":"Sp\u00f8rgsm\u00e5l"}]},{"@type":"WebSite","@id":"https:\/\/medtest.stagingservers.net\/da\/#website","url":"https:\/\/medtest.stagingservers.net\/da\/","name":"Medtest.shop","description":"","publisher":{"@id":"https:\/\/medtest.stagingservers.net\/da\/#organization"},"potentialAction":[{"@type":"SearchAction","target":{"@type":"EntryPoint","urlTemplate":"https:\/\/medtest.stagingservers.net\/da\/?s={search_term_string}"},"query-input":{"@type":"PropertyValueSpecification","valueRequired":true,"valueName":"search_term_string"}}],"inLanguage":"da-DK"},{"@type":"Organization","@id":"https:\/\/medtest.stagingservers.net\/da\/#organization","name":"Medtest","url":"https:\/\/medtest.stagingservers.net\/da\/","logo":{"@type":"ImageObject","inLanguage":"da-DK","@id":"https:\/\/medtest.stagingservers.net\/da\/#\/schema\/logo\/image\/","url":"https:\/\/medtest.stagingservers.net\/wp-content\/uploads\/2018\/11\/Original.png","contentUrl":"https:\/\/medtest.stagingservers.net\/wp-content\/uploads\/2018\/11\/Original.png","width":1024,"height":1024,"caption":"Medtest"},"image":{"@id":"https:\/\/medtest.stagingservers.net\/da\/#\/schema\/logo\/image\/"},"sameAs":["https:\/\/www.facebook.com\/Medtest-1440779469392476\/"]}]}},"_links":{"self":[{"href":"https:\/\/medtest.stagingservers.net\/da\/wp-json\/wp\/v2\/pages\/71609","targetHints":{"allow":["GET"]}}],"collection":[{"href":"https:\/\/medtest.stagingservers.net\/da\/wp-json\/wp\/v2\/pages"}],"about":[{"href":"https:\/\/medtest.stagingservers.net\/da\/wp-json\/wp\/v2\/types\/page"}],"author":[{"embeddable":true,"href":"https:\/\/medtest.stagingservers.net\/da\/wp-json\/wp\/v2\/users\/1"}],"replies":[{"embeddable":true,"href":"https:\/\/medtest.stagingservers.net\/da\/wp-json\/wp\/v2\/comments?post=71609"}],"version-history":[{"count":2,"href":"https:\/\/medtest.stagingservers.net\/da\/wp-json\/wp\/v2\/pages\/71609\/revisions"}],"predecessor-version":[{"id":91361,"href":"https:\/\/medtest.stagingservers.net\/da\/wp-json\/wp\/v2\/pages\/71609\/revisions\/91361"}],"wp:attachment":[{"href":"https:\/\/medtest.stagingservers.net\/da\/wp-json\/wp\/v2\/media?parent=71609"}],"curies":[{"name":"wp","href":"https:\/\/api.w.org\/{rel}","templated":true}]}}