{"id":71618,"date":"2019-08-13T13:44:05","date_gmt":"2019-08-13T13:44:05","guid":{"rendered":"https:\/\/medtest.stagingservers.net\/vilkar-og-betingelser\/"},"modified":"2021-03-18T16:10:54","modified_gmt":"2021-03-18T14:10:54","slug":"vilkar-og-betingelser","status":"publish","type":"page","link":"https:\/\/medtest.stagingservers.net\/da\/vilkar-og-betingelser\/","title":{"rendered":"Vilk\u00e5r og Betingelser"},"content":{"rendered":"\n<p><strong>Priser og betaling <\/strong> <br>Hver vare er angivet med pris inklusive skat. I indk\u00f8bskurven kan du se den samlede pris inklusive alle gebyrer. <br>Betalingsbetingelser er angivet i indk\u00f8bskurven afh\u00e6ngigt af den valgte betalingsmetode. <br>Ingen forsendelsesomkostninger l\u00e6gges til, hvis ordrev\u00e6rdien overstiger 300 DKK.<\/p>\n\n\n\n<p><strong>Fortrydelsesret <\/strong> <br>Din fortrydelsesret (returret) er gyldig i 14 dage. I din meddelelse til os skal det v\u00e6re klart, at du fortryder k\u00f8bet. Returfristen begynder fra den dag, du modtog varen. <br>Du har ingen ret til at returnere, hvis: <br>Du har brugt produktet. Hvis produktet er defekt, har du selvf\u00f8lgelig ret til reklamation. <br>N\u00e5r du har ud\u00f8vet din fortrydelsesret: <br>Du er forpligtet til at holde produktet i lige s\u00e5 god stand, som det var, da du modtog det. Du m\u00e5 ikke bruge produktet, men du m\u00e5 naturligvis godt unders\u00f8ge det forsigtigt. Hvis varen er beskadiget eller g\u00e5et tabt p\u00e5 grund af uagtsomhed fra din side, mister du din returret.<\/p>\n\n\n\n<p><strong>Privatlivspolitik <\/strong> <br>N\u00e5r du afgiver din ordre hos os, opgiver du dine personlige oplysninger. I forbindelse med din registrering og ordre accepterer du, at vi gemmer og bruger dine oplysninger i vores forretning til at opfylde aftalen med dig. Du har ret til indsigt i de oplysninger, som vi har registreret om dig, i henhold til persondataloven. Hvis de er forkerte, ufuldst\u00e6ndige eller irrelevante, kan du anmode om, at oplysningerne rettes eller slettes. I s\u00e5 fald, kontakt os via e-mail.<\/p>\n\n\n\n<p><strong>Cookies<\/strong><br>Denne onlinebutik bruger cookies i henhold til loven om elektronisk kommunikation, 25. juli 2003. En cookie er en lille tekstfil, der gemmes p\u00e5 din computer, og som indeholder oplysninger, der hj\u00e6lper webshoppen med at identificere og spore brugere. Cookies findes som session cookies og som cookies, der gemmes permanent p\u00e5 din computer. Under dit f\u00f8rste bes\u00f8g i webshoppen tildeles din browser en unik session cookie, som bruges til at kunne kende forskel p\u00e5 dig og andre brugere. For at bruge webshoppen skal du tillade cookies i din browser. Denne type cookie bruges udelukkende til at give dig en bedre oplevelse og support og gemmer ingen personlige oplysninger om dig. Cookies kan slettes. I denne webshop bruges cookies for eksempel til at holde styr p\u00e5 din indk\u00f8bskurv, dine indstillinger og hvilke sider, du har bes\u00f8gt, for at give dig en bedre kundeoplevelse og support.<\/p>\n\n\n\n<p><strong>Retur <\/strong> <br>Retur sker for din egen regning, med mindre varen er defekt, eller vi har pakket forkert &#8211; i disse tilf\u00e6lde b\u00e6rer vi ansvaret for omkostningerne. Andre returneringer skal sendes som rekommanderet brev, da du skal kunne vise kvittering med sporingsnummer. Send til: Camerix AB, Vikingagatan 23, 21618 Limhamn, Sweden<br>Tilbagebetalingspligt: <br>Hvis du har ud\u00f8vet din ret til returnering, refunderer vi det, du betalte for varerne, hurtigst muligt eller senest inden for 30 dage fra den dato, vi modtog varen. Du skal selv betale returomkostningerne, n\u00e5r du returnerer varerne. Din fortrydelsesret (returret) er gyldig i 14 dage. I din meddelelse til os skal det v\u00e6re klart, at du fortryder k\u00f8bet. Returfristen starter den dag, du modtog varen.<\/p>\n\n\n\n<p><strong>Ikke-afhentede pakker<\/strong><\/p>\n\n\n\n<p>For pakker, der vender tilbage til os fra Postnord, p\u00e5 grund af ikke anmodet \/ indsamlet af dig, opkr\u00e6ver vi dig 50 DKK. Vi g\u00f8r dette for at d\u00e6kke vores omkostninger til forsendelse, returforsendelse, administration og h\u00e5ndtering. Hvis produktv\u00e6rdien er lavere end 100 DKK, opkr\u00e6ver vi i stedet hele bel\u00f8bet for ikke-afhentede pakker.<\/p>\n\n\n\n<p class=\"p1\"><strong>Leveringer <\/strong> <br>Leveringstiden er den f\u00f8lgende dag p\u00e5 hverdage, hvis ordren modtages inden kl. 15.00 og DB Schenker er valgt . Varerne leveres af PostNord (direkte hjem i postkassen) eller af DB Schenker (levering af medarbejdere hos GLS, der ringer ved levering). Du v\u00e6lger selv leveringsform ved udtjekning.<\/p>\n\n\n\n<p><strong> Betalingsmetoder <\/strong> <br><em> Kredit-\/betalingskort <\/em><\/p>\n\n\n\n<p>V\u00e6lg dit foretrukne kreditkort\/betalingskort ved kassen og udfyld de n\u00f8dvendige oplysninger. Ingen ekstra omkostninger undtagen eventuel forsendelse tilf\u00f8jes.<\/p>\n\n\n\n<p>Hvorn\u00e5r tr\u00e6kkes bel\u00f8bet fra mit kort? <br>N\u00e5r du afgiver din ordre, godkendes dit kort, og du modtager en e-mail, der bekr\u00e6fter, at ordren er modtaget. Bel\u00f8bet tr\u00e6kkes dog kun, n\u00e5r varerne forlader vores lager. Hvis dit kort ikke accepteres, og intet bel\u00f8b kan tr\u00e6kkes tilbage, vises en meddelelse p\u00e5 sk\u00e6rmen om, at betalingen mislykkedes.<\/p>\n\n\n\n<p>Bem\u00e6rk, at selvom betalingen ikke blev godkendt, reserverer nogle kortudstedere bel\u00f8bet. Dette kan betyde, at du ikke kan bruge det reserverede bel\u00f8b i et stykke tid.<\/p>\n\n\n\n<p>Hvor sikkert er det at betale med kreditkort online? <br>Alle kortholdere skal godkendes af b\u00e5de kortudstederen og os for maksimal sikkerhed og for at forhindre kriminalitet. Vi tager sikkerhed meget alvorligt, s\u00e5 vi videregiver ikke nogen information om dig til andre.<\/p>\n\n\n\n<p>MobilePay<br>MobilePay er en mobil betalingstjeneste, hvor du nemt, hurtigt og sikkert kan overf\u00f8re penge. Betal for dit k\u00f8b med appen ved at logge ind og indsende dine betalingsoplysninger. Kontroller, at de er korrekte. Du godkender k\u00f8bet digital og modtager straks en betalingsbekr\u00e6ftelse. Pengene tr\u00e6kkes fra din tilkoblede konto.<\/p>\n\n\n\n<p><strong>Virksomhedsoplysninger <\/strong> <br>Camerix AB, Vikingagatan 23, 21618 Limhamn<\/p>\n\n\n\n<p><strong>Kontakt<\/strong><br>order@medtest.shop<\/p>\n","protected":false},"excerpt":{"rendered":"<p>Priser og betaling Hver vare er angivet med pris inklusive skat. I indk\u00f8bskurven kan du se den samlede pris inklusive alle gebyrer. Betalingsbetingelser er angivet i indk\u00f8bskurven afh\u00e6ngigt af den valgte betalingsmetode. Ingen forsendelsesomkostninger l\u00e6gges til, hvis ordrev\u00e6rdien overstiger 300 DKK. Fortrydelsesret Din fortrydelsesret (returret) er gyldig i 14 dage. I din meddelelse til os [&hellip;]<\/p>\n","protected":false},"author":1,"featured_media":0,"parent":0,"menu_order":0,"comment_status":"closed","ping_status":"closed","template":"","meta":{"_acf_changed":false,"footnotes":""},"class_list":["post-71618","page","type-page","status-publish","hentry"],"acf":[],"yoast_head":"<title>Vilk\u00e5r og Betingelser - Medtest.shop<\/title>\n<meta name=\"description\" content=\"Vilk\u00e5r og Betingelser - Medtest.shop\" \/>\n<meta name=\"robots\" content=\"noindex, follow, max-snippet:-1, max-image-preview:large, max-video-preview:-1\" \/>\n<meta property=\"og:locale\" content=\"da_DK\" \/>\n<meta property=\"og:type\" content=\"article\" \/>\n<meta property=\"og:title\" content=\"Vilk\u00e5r og Betingelser - Medtest.shop\" \/>\n<meta property=\"og:description\" content=\"Vilk\u00e5r og Betingelser - Medtest.shop\" \/>\n<meta property=\"og:url\" content=\"https:\/\/medtest.stagingservers.net\/da\/vilkar-og-betingelser\/\" \/>\n<meta property=\"og:site_name\" content=\"Medtest.shop\" \/>\n<meta property=\"article:publisher\" content=\"https:\/\/www.facebook.com\/Medtest-1440779469392476\/\" \/>\n<meta property=\"article:modified_time\" content=\"2021-03-18T14:10:54+00:00\" \/>\n<meta name=\"twitter:card\" content=\"summary_large_image\" \/>\n<script type=\"application\/ld+json\" class=\"yoast-schema-graph\">{\"@context\":\"https:\\\/\\\/schema.org\",\"@graph\":[{\"@type\":\"WebPage\",\"@id\":\"https:\\\/\\\/medtest.stagingservers.net\\\/da\\\/vilkar-og-betingelser\\\/\",\"url\":\"https:\\\/\\\/medtest.stagingservers.net\\\/da\\\/vilkar-og-betingelser\\\/\",\"name\":\"Vilk\u00e5r og Betingelser - Medtest.shop\",\"isPartOf\":{\"@id\":\"https:\\\/\\\/medtest.stagingservers.net\\\/da\\\/#website\"},\"datePublished\":\"2019-08-13T13:44:05+00:00\",\"dateModified\":\"2021-03-18T14:10:54+00:00\",\"description\":\"Vilk\u00e5r og Betingelser - Medtest.shop\",\"breadcrumb\":{\"@id\":\"https:\\\/\\\/medtest.stagingservers.net\\\/da\\\/vilkar-og-betingelser\\\/#breadcrumb\"},\"inLanguage\":\"da-DK\",\"potentialAction\":[{\"@type\":\"ReadAction\",\"target\":[\"https:\\\/\\\/medtest.stagingservers.net\\\/da\\\/vilkar-og-betingelser\\\/\"]}]},{\"@type\":\"BreadcrumbList\",\"@id\":\"https:\\\/\\\/medtest.stagingservers.net\\\/da\\\/vilkar-og-betingelser\\\/#breadcrumb\",\"itemListElement\":[{\"@type\":\"ListItem\",\"position\":1,\"name\":\"Home\",\"item\":\"https:\\\/\\\/medtest.stagingservers.net\\\/da\\\/\"},{\"@type\":\"ListItem\",\"position\":2,\"name\":\"Vilk\u00e5r og Betingelser\"}]},{\"@type\":\"WebSite\",\"@id\":\"https:\\\/\\\/medtest.stagingservers.net\\\/da\\\/#website\",\"url\":\"https:\\\/\\\/medtest.stagingservers.net\\\/da\\\/\",\"name\":\"Medtest.shop\",\"description\":\"\",\"publisher\":{\"@id\":\"https:\\\/\\\/medtest.stagingservers.net\\\/da\\\/#organization\"},\"potentialAction\":[{\"@type\":\"SearchAction\",\"target\":{\"@type\":\"EntryPoint\",\"urlTemplate\":\"https:\\\/\\\/medtest.stagingservers.net\\\/da\\\/?s={search_term_string}\"},\"query-input\":{\"@type\":\"PropertyValueSpecification\",\"valueRequired\":true,\"valueName\":\"search_term_string\"}}],\"inLanguage\":\"da-DK\"},{\"@type\":\"Organization\",\"@id\":\"https:\\\/\\\/medtest.stagingservers.net\\\/da\\\/#organization\",\"name\":\"Medtest\",\"url\":\"https:\\\/\\\/medtest.stagingservers.net\\\/da\\\/\",\"logo\":{\"@type\":\"ImageObject\",\"inLanguage\":\"da-DK\",\"@id\":\"https:\\\/\\\/medtest.stagingservers.net\\\/da\\\/#\\\/schema\\\/logo\\\/image\\\/\",\"url\":\"https:\\\/\\\/medtest.stagingservers.net\\\/wp-content\\\/uploads\\\/2018\\\/11\\\/Original.png\",\"contentUrl\":\"https:\\\/\\\/medtest.stagingservers.net\\\/wp-content\\\/uploads\\\/2018\\\/11\\\/Original.png\",\"width\":1024,\"height\":1024,\"caption\":\"Medtest\"},\"image\":{\"@id\":\"https:\\\/\\\/medtest.stagingservers.net\\\/da\\\/#\\\/schema\\\/logo\\\/image\\\/\"},\"sameAs\":[\"https:\\\/\\\/www.facebook.com\\\/Medtest-1440779469392476\\\/\"]}]}<\/script>","yoast_head_json":{"title":"Vilk\u00e5r og Betingelser - Medtest.shop","description":"Vilk\u00e5r og Betingelser - Medtest.shop","robots":{"index":"noindex","follow":"follow","max-snippet":"max-snippet:-1","max-image-preview":"max-image-preview:large","max-video-preview":"max-video-preview:-1"},"og_locale":"da_DK","og_type":"article","og_title":"Vilk\u00e5r og Betingelser - Medtest.shop","og_description":"Vilk\u00e5r og Betingelser - Medtest.shop","og_url":"https:\/\/medtest.stagingservers.net\/da\/vilkar-og-betingelser\/","og_site_name":"Medtest.shop","article_publisher":"https:\/\/www.facebook.com\/Medtest-1440779469392476\/","article_modified_time":"2021-03-18T14:10:54+00:00","twitter_card":"summary_large_image","schema":{"@context":"https:\/\/schema.org","@graph":[{"@type":"WebPage","@id":"https:\/\/medtest.stagingservers.net\/da\/vilkar-og-betingelser\/","url":"https:\/\/medtest.stagingservers.net\/da\/vilkar-og-betingelser\/","name":"Vilk\u00e5r og Betingelser - Medtest.shop","isPartOf":{"@id":"https:\/\/medtest.stagingservers.net\/da\/#website"},"datePublished":"2019-08-13T13:44:05+00:00","dateModified":"2021-03-18T14:10:54+00:00","description":"Vilk\u00e5r og Betingelser - Medtest.shop","breadcrumb":{"@id":"https:\/\/medtest.stagingservers.net\/da\/vilkar-og-betingelser\/#breadcrumb"},"inLanguage":"da-DK","potentialAction":[{"@type":"ReadAction","target":["https:\/\/medtest.stagingservers.net\/da\/vilkar-og-betingelser\/"]}]},{"@type":"BreadcrumbList","@id":"https:\/\/medtest.stagingservers.net\/da\/vilkar-og-betingelser\/#breadcrumb","itemListElement":[{"@type":"ListItem","position":1,"name":"Home","item":"https:\/\/medtest.stagingservers.net\/da\/"},{"@type":"ListItem","position":2,"name":"Vilk\u00e5r og Betingelser"}]},{"@type":"WebSite","@id":"https:\/\/medtest.stagingservers.net\/da\/#website","url":"https:\/\/medtest.stagingservers.net\/da\/","name":"Medtest.shop","description":"","publisher":{"@id":"https:\/\/medtest.stagingservers.net\/da\/#organization"},"potentialAction":[{"@type":"SearchAction","target":{"@type":"EntryPoint","urlTemplate":"https:\/\/medtest.stagingservers.net\/da\/?s={search_term_string}"},"query-input":{"@type":"PropertyValueSpecification","valueRequired":true,"valueName":"search_term_string"}}],"inLanguage":"da-DK"},{"@type":"Organization","@id":"https:\/\/medtest.stagingservers.net\/da\/#organization","name":"Medtest","url":"https:\/\/medtest.stagingservers.net\/da\/","logo":{"@type":"ImageObject","inLanguage":"da-DK","@id":"https:\/\/medtest.stagingservers.net\/da\/#\/schema\/logo\/image\/","url":"https:\/\/medtest.stagingservers.net\/wp-content\/uploads\/2018\/11\/Original.png","contentUrl":"https:\/\/medtest.stagingservers.net\/wp-content\/uploads\/2018\/11\/Original.png","width":1024,"height":1024,"caption":"Medtest"},"image":{"@id":"https:\/\/medtest.stagingservers.net\/da\/#\/schema\/logo\/image\/"},"sameAs":["https:\/\/www.facebook.com\/Medtest-1440779469392476\/"]}]}},"_links":{"self":[{"href":"https:\/\/medtest.stagingservers.net\/da\/wp-json\/wp\/v2\/pages\/71618","targetHints":{"allow":["GET"]}}],"collection":[{"href":"https:\/\/medtest.stagingservers.net\/da\/wp-json\/wp\/v2\/pages"}],"about":[{"href":"https:\/\/medtest.stagingservers.net\/da\/wp-json\/wp\/v2\/types\/page"}],"author":[{"embeddable":true,"href":"https:\/\/medtest.stagingservers.net\/da\/wp-json\/wp\/v2\/users\/1"}],"replies":[{"embeddable":true,"href":"https:\/\/medtest.stagingservers.net\/da\/wp-json\/wp\/v2\/comments?post=71618"}],"version-history":[{"count":2,"href":"https:\/\/medtest.stagingservers.net\/da\/wp-json\/wp\/v2\/pages\/71618\/revisions"}],"predecessor-version":[{"id":91670,"href":"https:\/\/medtest.stagingservers.net\/da\/wp-json\/wp\/v2\/pages\/71618\/revisions\/91670"}],"wp:attachment":[{"href":"https:\/\/medtest.stagingservers.net\/da\/wp-json\/wp\/v2\/media?parent=71618"}],"curies":[{"name":"wp","href":"https:\/\/api.w.org\/{rel}","templated":true}]}}