{"id":71680,"date":"2019-08-13T14:53:16","date_gmt":"2019-08-13T14:53:16","guid":{"rendered":"https:\/\/medtest.stagingservers.net\/product\/klamydiatest\/"},"modified":"2021-03-27T15:52:35","modified_gmt":"2021-03-27T13:52:35","slug":"klamydiatest","status":"publish","type":"product","link":"https:\/\/medtest.stagingservers.net\/da\/vare\/klamydiatest\/","title":{"rendered":"Klamydiatest"},"content":{"rendered":"<h2>Klamydiatest<\/h2>\n<p>Vores klamydiatest er en hurtig test for kvalitativt at detektere klamydia antigenet i livmoderhalsen (kvinde) eller urinr\u00f8ret (mand), der afgiver resultat efter 5-10 minutter. Pr\u00f8ven bruger et antistof, som er specifikt for klamydia (Chlamydia trachomatis). Dette produkt er CE-m\u00e6rket til professionel brug af sundhedspersonale. Det er ikke beregnet eller testet til hjemmebrug.<\/p>\n<h6><\/h6>\n<h4>S\u00e5dan virker testen<\/h4>\n<p>Et antistof, der er specifikt for klamydia, er belagt p\u00e5 membranen i testenheden. N\u00e5r pr\u00f8veopl\u00f8sningen p\u00e5f\u00f8res testenheden, bev\u00e6ger den sig op ad membranen, hvor den reagerer med klamydia-antistoffet og producerer en farvet linje i testomr\u00e5det. Tilstedev\u00e6relsen af en farvet linje i testomr\u00e5det indikerer et positivt resultat, mens dens frav\u00e6r indikerer et negativt resultat.<\/p>\n<h4>Fakta om klamydia<\/h4>\n<p>Klamydia er en af de mest almindelige og hurtigst spredende k\u00f8nssygdomme blandt unge mennesker, og mange er ber\u00f8rt uden at vide det. Uden behandling kan klamydia f\u00f8re til sterilitet hos b\u00e5de m\u00e6nd og kvinder. Derfor er det vigtigt at teste dig selv, hvis du har haft ubeskyttet sex.<\/p>\n<h4>Hvordan smittes man?<\/h4>\n<p>Smitte sker prim\u00e6rt ved samleje uden kondom, n\u00e5r slimhinderne kommer i kontakt med hinanden. Dette g\u00e6lder ogs\u00e5 ved analt samleje og oralsex. Klamydia smitter ikke gennem h\u00e5ndtryk, saunab\u00e6nke, t\u00f8j, h\u00e5ndkl\u00e6der eller toiletter. Ved f\u00f8dslen kan barnet ogs\u00e5 blive smittet af moderen, hvis hun har klamydia med komplikationer til f\u00f8lge.<\/p>\n<h4>Symptomer<\/h4>\n<p>De fleste, b\u00e5de m\u00e6nd og kvinder, der er smittet med klamydia, udviser ingen symptomer, men kan stadig videregive sygdommen. Eventuelle symptomer forekommer en til tre uger efter smitte. Det mest almindelige symptom hos b\u00e5de m\u00e6nd og kvinder er svie, n\u00e5r man tisser. Andre symptomer er v\u00e6skeudledning fra urinr\u00f8ret \/ vagina eller anus, smerter eller h\u00e6velse i pungen, bl\u00f8dning (kvinder), smerter i underlivet og ledsmerter.<\/p>\n<h4>Anmeldelsespligt<\/h4>\n<p>Klamydia er en af \u200b\u200bde seksuelt overf\u00f8rte sygdomme, for hvilken anmeldelse kr\u00e6ves i henhold til infektionsbeskyttelsesloven. Hvis testen viser et positivt resultat, skal du kontakte sundhedspersonale for behandling (antibiotika).<\/p>\n<h5>Den generelle anbefaling er altid at tage en klamydiatest, hvis du har haft ubeskyttet sex!<\/h5>\n<h5><strong>En klamydiatest med h\u00f8j klinisk n\u00f8jagtighed<\/strong><\/h5>\n<p>Detektionsgr\u00e6nsen for Chlamydia trachomatis skal v\u00e6re h\u00f8jere end 2 \u00d7 103 IFU \/ ml. N\u00f8jagtigheden er 97,2 %, forudsat at testen udf\u00f8res i henhold til brugsanvisningen.<\/p>\n<h5><strong>Brugsanvisning<\/strong><\/h5>\n<h6><strong>Tis ikke i mindst en time inden vores klamydiatest tages!<\/strong><\/h6>\n<p>1. <strong>A) VAGINA (KVINDE)<\/strong>. F\u00f8r podepinden ind i vagina, indtil det meste af podepinden ikke l\u00e6ngere er synligt. Drej podepinden 360 \u200b\u200bgrader rundt i en retning (med uret eller mod uret), og lad den forblive i vagina i 15 sekunder. Tr\u00e6k podepinden ud af vagina. Fors\u00f8g at undg\u00e5 kontaminering fra vaginale celler eller \u200b\u200bslim \/ sekretion uden for vagina.<\/p>\n<p>1. <strong>B) URINR\u00d8R (MAND).<\/strong> F\u00f8r podepinden ca. 2-4 cm ind i urinr\u00f8ret. Drej podepinden 360 grader rundt i en retning (med uret eller mod uret), lad den forblive i urinr\u00f8ret i 15 sekunder, og tr\u00e6k den derefter ud af urinr\u00f8ret.<\/p>\n<ol start=\"2\">\n<li>S\u00e6t podepinden ned i reagensglasset og tils\u00e6t 5 dr\u00e5ber af reagens A. Klem p\u00e5 podepindens hovede \u200b\u200bved at trykke p\u00e5 den udvendige del af reagensglasset, og rot\u00e9r den 15 gange i v\u00e6sken. Lad st\u00e5 i 2 minutter.<\/li>\n<li>Tils\u00e6t 4 dr\u00e5ber af reagens B til reagensglasset. Opl\u00f8sningen bliver uklar. Roter pinden 15 gange i v\u00e6sken, indtil opl\u00f8sningen skifter til en klar farve med en let gr\u00f8n eller bl\u00e5 farvetone. Hvis vandet er blodigt, bliver farven gul eller brun. Lad st\u00e5 i 1 minut.<\/li>\n<li>L\u00f8ft podepinden og pres v\u00e6sken ud i reagensglasset. Smid podepinden ud. Hav s\u00e5 meget v\u00e6ske i r\u00f8ret som muligt.<\/li>\n<li>Monter drypmundstykket p\u00e5 reagensglasset.<\/li>\n<li>Dryp <span style=\"text-decoration: underline;\">3 hele dr\u00e5ber<\/span> af den ekstraherede opl\u00f8sning ned i pr\u00f8vebr\u00f8nden (S) p\u00e5 testkassetten, og afl\u00e6s resultatet efter 5-10 minutter.<\/li>\n<\/ol>\n<p><img loading=\"lazy\" decoding=\"async\" class=\"alignnone wp-image-55354\" src=\"\/wp-content\/uploads\/2018\/11\/Klam-gon-Bild.png\" alt=\"\" width=\"957\" height=\"434\" \/><\/p>\n<h5><\/h5>\n<h4><strong>Resultat<\/strong><\/h4>\n<p><img loading=\"lazy\" decoding=\"async\" class=\"alignnone wp-image-75380 \" src=\"https:\/\/medtest.stagingservers.net\/wp-content\/uploads\/2019\/08\/Resultater-danmark.png\" alt=\"\" width=\"309\" height=\"221\" srcset=\"https:\/\/medtest.stagingservers.net\/wp-content\/uploads\/2019\/08\/Resultater-danmark.png 451w, https:\/\/medtest.stagingservers.net\/wp-content\/uploads\/2019\/08\/Resultater-danmark-200x143.png 200w, https:\/\/medtest.stagingservers.net\/wp-content\/uploads\/2019\/08\/Resultater-danmark-416x297.png 416w\" sizes=\"auto, (max-width: 309px) 100vw, 309px\" \/><\/p>\n<ul>\n<li><strong>Positiv<\/strong>: Hvis der vises to farvede linjer (lyser\u00f8d-lilla) i b\u00e5de kontrolomr\u00e5det og testomr\u00e5det, kan du antage, at du har klamydia.<\/li>\n<li><strong>Negativ<\/strong>: Hvis der kun vises en farvet linje (lyser\u00f8d-lilla) i kontrolomr\u00e5det, kan du antage, at du ikke har klamydia.<\/li>\n<li><strong>Ugyldig<\/strong>: Hvis intet klart lyser\u00f8dt-lilla farveb\u00e5nd er synligt i b\u00e5de TEST- og KONTROLomr\u00e5det, er testen ugyldig. Det anbefales, at testen gentages i dette tilf\u00e6lde.<\/li>\n<\/ul>\n<h5>Opbevaring<\/h5>\n<p>Opbevar testen i den forseglede emballage, enten ved stuetemperatur eller afk\u00f8let (2-30 \u00b0 C). Testenheden er stabil til udl\u00f8bsdatoen angivet p\u00e5 pakken. Testenheden skal forblive i den forseglede pose indtil brug. Frys ikke ned.<\/p>\n","protected":false},"excerpt":{"rendered":"<p>Klamydia test for at kvalitativt detektere klamydia antigenet placeret i livmoderhalsen (hun) eller urinr\u00f8ret (han), hvilket resulterer i resultater efter 5-10 minutter. Testen anvender et antistof specifikt for Klamydia.<\/p>\n<p>Klamydia testen har en h\u00f8j sikkerhed p\u00e5 97,2%. Testen er b\u00e5de CE og ISO-certificeret og er testet i en klinisk pr\u00e6stationsevaluering.<\/p>\n","protected":false},"featured_media":77761,"comment_status":"closed","ping_status":"closed","template":"","meta":{"_acf_changed":false,"footnotes":""},"product_brand":[],"product_cat":[885],"product_tag":[],"class_list":{"0":"post-71680","1":"product","2":"type-product","3":"status-publish","4":"has-post-thumbnail","6":"product_cat-klamydia-da","8":"first","9":"instock","10":"taxable","11":"shipping-taxable","12":"purchasable","13":"product-type-variable","14":"has-default-attributes"},"acf":[],"yoast_head":"<title>Klamydiatest - Svar inden for 10 minMedtest.shop<\/title>\n<meta name=\"description\" content=\"Klamydiatest - Klamydia test med svar inden for 10 minuter. For m\u00e6nd og kvinder. Hurtig levering direkte i postkassen Medtest.shop\" \/>\n<meta name=\"robots\" content=\"noindex, follow, max-snippet:-1, max-image-preview:large, max-video-preview:-1\" \/>\n<meta property=\"og:locale\" content=\"da_DK\" \/>\n<meta property=\"og:type\" content=\"article\" \/>\n<meta property=\"og:title\" content=\"Klamydiatest - Svar inden for 10 minMedtest.shop\" \/>\n<meta property=\"og:description\" content=\"Klamydiatest - Klamydia test med svar inden for 10 minuter. For m\u00e6nd og kvinder. Hurtig levering direkte i postkassen Medtest.shop\" \/>\n<meta property=\"og:url\" content=\"https:\/\/medtest.stagingservers.net\/da\/vare\/klamydiatest\/\" \/>\n<meta property=\"og:site_name\" content=\"Medtest.shop\" \/>\n<meta property=\"article:publisher\" content=\"https:\/\/www.facebook.com\/Medtest-1440779469392476\/\" \/>\n<meta property=\"article:modified_time\" content=\"2021-03-27T13:52:35+00:00\" \/>\n<meta property=\"og:image\" content=\"https:\/\/medtest.stagingservers.net\/wp-content\/uploads\/2019\/08\/Klam-Gon.png\" \/>\n\t<meta property=\"og:image:width\" content=\"1200\" \/>\n\t<meta property=\"og:image:height\" content=\"897\" \/>\n\t<meta property=\"og:image:type\" content=\"image\/png\" \/>\n<meta name=\"twitter:card\" content=\"summary_large_image\" \/>\n<script type=\"application\/ld+json\" class=\"yoast-schema-graph\">{\"@context\":\"https:\\\/\\\/schema.org\",\"@graph\":[{\"@type\":\"WebPage\",\"@id\":\"https:\\\/\\\/medtest.stagingservers.net\\\/da\\\/vare\\\/klamydiatest\\\/\",\"url\":\"https:\\\/\\\/medtest.stagingservers.net\\\/da\\\/vare\\\/klamydiatest\\\/\",\"name\":\"Klamydiatest - Svar inden for 10 minMedtest.shop\",\"isPartOf\":{\"@id\":\"https:\\\/\\\/medtest.stagingservers.net\\\/da\\\/#website\"},\"primaryImageOfPage\":{\"@id\":\"https:\\\/\\\/medtest.stagingservers.net\\\/da\\\/vare\\\/klamydiatest\\\/#primaryimage\"},\"image\":{\"@id\":\"https:\\\/\\\/medtest.stagingservers.net\\\/da\\\/vare\\\/klamydiatest\\\/#primaryimage\"},\"thumbnailUrl\":\"https:\\\/\\\/medtest.stagingservers.net\\\/wp-content\\\/uploads\\\/2019\\\/08\\\/Klam-Gon.png\",\"datePublished\":\"2019-08-13T14:53:16+00:00\",\"dateModified\":\"2021-03-27T13:52:35+00:00\",\"description\":\"Klamydiatest - Klamydia test med svar inden for 10 minuter. For m\u00e6nd og kvinder. Hurtig levering direkte i postkassen Medtest.shop\",\"breadcrumb\":{\"@id\":\"https:\\\/\\\/medtest.stagingservers.net\\\/da\\\/vare\\\/klamydiatest\\\/#breadcrumb\"},\"inLanguage\":\"da-DK\",\"potentialAction\":[{\"@type\":\"ReadAction\",\"target\":[\"https:\\\/\\\/medtest.stagingservers.net\\\/da\\\/vare\\\/klamydiatest\\\/\"]}]},{\"@type\":\"ImageObject\",\"inLanguage\":\"da-DK\",\"@id\":\"https:\\\/\\\/medtest.stagingservers.net\\\/da\\\/vare\\\/klamydiatest\\\/#primaryimage\",\"url\":\"https:\\\/\\\/medtest.stagingservers.net\\\/wp-content\\\/uploads\\\/2019\\\/08\\\/Klam-Gon.png\",\"contentUrl\":\"https:\\\/\\\/medtest.stagingservers.net\\\/wp-content\\\/uploads\\\/2019\\\/08\\\/Klam-Gon.png\",\"width\":1200,\"height\":897},{\"@type\":\"BreadcrumbList\",\"@id\":\"https:\\\/\\\/medtest.stagingservers.net\\\/da\\\/vare\\\/klamydiatest\\\/#breadcrumb\",\"itemListElement\":[{\"@type\":\"ListItem\",\"position\":1,\"name\":\"Home\",\"item\":\"https:\\\/\\\/medtest.stagingservers.net\\\/da\\\/\"},{\"@type\":\"ListItem\",\"position\":2,\"name\":\"Butik\",\"item\":\"https:\\\/\\\/medtest.stagingservers.net\\\/da\\\/butik\\\/\"},{\"@type\":\"ListItem\",\"position\":3,\"name\":\"Klamydiatest\"}]},{\"@type\":\"WebSite\",\"@id\":\"https:\\\/\\\/medtest.stagingservers.net\\\/da\\\/#website\",\"url\":\"https:\\\/\\\/medtest.stagingservers.net\\\/da\\\/\",\"name\":\"Medtest.shop\",\"description\":\"\",\"publisher\":{\"@id\":\"https:\\\/\\\/medtest.stagingservers.net\\\/da\\\/#organization\"},\"potentialAction\":[{\"@type\":\"SearchAction\",\"target\":{\"@type\":\"EntryPoint\",\"urlTemplate\":\"https:\\\/\\\/medtest.stagingservers.net\\\/da\\\/?s={search_term_string}\"},\"query-input\":{\"@type\":\"PropertyValueSpecification\",\"valueRequired\":true,\"valueName\":\"search_term_string\"}}],\"inLanguage\":\"da-DK\"},{\"@type\":\"Organization\",\"@id\":\"https:\\\/\\\/medtest.stagingservers.net\\\/da\\\/#organization\",\"name\":\"Medtest\",\"url\":\"https:\\\/\\\/medtest.stagingservers.net\\\/da\\\/\",\"logo\":{\"@type\":\"ImageObject\",\"inLanguage\":\"da-DK\",\"@id\":\"https:\\\/\\\/medtest.stagingservers.net\\\/da\\\/#\\\/schema\\\/logo\\\/image\\\/\",\"url\":\"https:\\\/\\\/medtest.stagingservers.net\\\/wp-content\\\/uploads\\\/2018\\\/11\\\/Original.png\",\"contentUrl\":\"https:\\\/\\\/medtest.stagingservers.net\\\/wp-content\\\/uploads\\\/2018\\\/11\\\/Original.png\",\"width\":1024,\"height\":1024,\"caption\":\"Medtest\"},\"image\":{\"@id\":\"https:\\\/\\\/medtest.stagingservers.net\\\/da\\\/#\\\/schema\\\/logo\\\/image\\\/\"},\"sameAs\":[\"https:\\\/\\\/www.facebook.com\\\/Medtest-1440779469392476\\\/\"]}]}<\/script>","yoast_head_json":{"title":"Klamydiatest - Svar inden for 10 minMedtest.shop","description":"Klamydiatest - Klamydia test med svar inden for 10 minuter. For m\u00e6nd og kvinder. Hurtig levering direkte i postkassen Medtest.shop","robots":{"index":"noindex","follow":"follow","max-snippet":"max-snippet:-1","max-image-preview":"max-image-preview:large","max-video-preview":"max-video-preview:-1"},"og_locale":"da_DK","og_type":"article","og_title":"Klamydiatest - Svar inden for 10 minMedtest.shop","og_description":"Klamydiatest - Klamydia test med svar inden for 10 minuter. For m\u00e6nd og kvinder. Hurtig levering direkte i postkassen Medtest.shop","og_url":"https:\/\/medtest.stagingservers.net\/da\/vare\/klamydiatest\/","og_site_name":"Medtest.shop","article_publisher":"https:\/\/www.facebook.com\/Medtest-1440779469392476\/","article_modified_time":"2021-03-27T13:52:35+00:00","og_image":[{"width":1200,"height":897,"url":"https:\/\/medtest.stagingservers.net\/wp-content\/uploads\/2019\/08\/Klam-Gon.png","type":"image\/png"}],"twitter_card":"summary_large_image","schema":{"@context":"https:\/\/schema.org","@graph":[{"@type":"WebPage","@id":"https:\/\/medtest.stagingservers.net\/da\/vare\/klamydiatest\/","url":"https:\/\/medtest.stagingservers.net\/da\/vare\/klamydiatest\/","name":"Klamydiatest - Svar inden for 10 minMedtest.shop","isPartOf":{"@id":"https:\/\/medtest.stagingservers.net\/da\/#website"},"primaryImageOfPage":{"@id":"https:\/\/medtest.stagingservers.net\/da\/vare\/klamydiatest\/#primaryimage"},"image":{"@id":"https:\/\/medtest.stagingservers.net\/da\/vare\/klamydiatest\/#primaryimage"},"thumbnailUrl":"https:\/\/medtest.stagingservers.net\/wp-content\/uploads\/2019\/08\/Klam-Gon.png","datePublished":"2019-08-13T14:53:16+00:00","dateModified":"2021-03-27T13:52:35+00:00","description":"Klamydiatest - Klamydia test med svar inden for 10 minuter. For m\u00e6nd og kvinder. Hurtig levering direkte i postkassen Medtest.shop","breadcrumb":{"@id":"https:\/\/medtest.stagingservers.net\/da\/vare\/klamydiatest\/#breadcrumb"},"inLanguage":"da-DK","potentialAction":[{"@type":"ReadAction","target":["https:\/\/medtest.stagingservers.net\/da\/vare\/klamydiatest\/"]}]},{"@type":"ImageObject","inLanguage":"da-DK","@id":"https:\/\/medtest.stagingservers.net\/da\/vare\/klamydiatest\/#primaryimage","url":"https:\/\/medtest.stagingservers.net\/wp-content\/uploads\/2019\/08\/Klam-Gon.png","contentUrl":"https:\/\/medtest.stagingservers.net\/wp-content\/uploads\/2019\/08\/Klam-Gon.png","width":1200,"height":897},{"@type":"BreadcrumbList","@id":"https:\/\/medtest.stagingservers.net\/da\/vare\/klamydiatest\/#breadcrumb","itemListElement":[{"@type":"ListItem","position":1,"name":"Home","item":"https:\/\/medtest.stagingservers.net\/da\/"},{"@type":"ListItem","position":2,"name":"Butik","item":"https:\/\/medtest.stagingservers.net\/da\/butik\/"},{"@type":"ListItem","position":3,"name":"Klamydiatest"}]},{"@type":"WebSite","@id":"https:\/\/medtest.stagingservers.net\/da\/#website","url":"https:\/\/medtest.stagingservers.net\/da\/","name":"Medtest.shop","description":"","publisher":{"@id":"https:\/\/medtest.stagingservers.net\/da\/#organization"},"potentialAction":[{"@type":"SearchAction","target":{"@type":"EntryPoint","urlTemplate":"https:\/\/medtest.stagingservers.net\/da\/?s={search_term_string}"},"query-input":{"@type":"PropertyValueSpecification","valueRequired":true,"valueName":"search_term_string"}}],"inLanguage":"da-DK"},{"@type":"Organization","@id":"https:\/\/medtest.stagingservers.net\/da\/#organization","name":"Medtest","url":"https:\/\/medtest.stagingservers.net\/da\/","logo":{"@type":"ImageObject","inLanguage":"da-DK","@id":"https:\/\/medtest.stagingservers.net\/da\/#\/schema\/logo\/image\/","url":"https:\/\/medtest.stagingservers.net\/wp-content\/uploads\/2018\/11\/Original.png","contentUrl":"https:\/\/medtest.stagingservers.net\/wp-content\/uploads\/2018\/11\/Original.png","width":1024,"height":1024,"caption":"Medtest"},"image":{"@id":"https:\/\/medtest.stagingservers.net\/da\/#\/schema\/logo\/image\/"},"sameAs":["https:\/\/www.facebook.com\/Medtest-1440779469392476\/"]}]}},"_links":{"self":[{"href":"https:\/\/medtest.stagingservers.net\/da\/wp-json\/wp\/v2\/product\/71680","targetHints":{"allow":["GET"]}}],"collection":[{"href":"https:\/\/medtest.stagingservers.net\/da\/wp-json\/wp\/v2\/product"}],"about":[{"href":"https:\/\/medtest.stagingservers.net\/da\/wp-json\/wp\/v2\/types\/product"}],"replies":[{"embeddable":true,"href":"https:\/\/medtest.stagingservers.net\/da\/wp-json\/wp\/v2\/comments?post=71680"}],"version-history":[{"count":2,"href":"https:\/\/medtest.stagingservers.net\/da\/wp-json\/wp\/v2\/product\/71680\/revisions"}],"predecessor-version":[{"id":91969,"href":"https:\/\/medtest.stagingservers.net\/da\/wp-json\/wp\/v2\/product\/71680\/revisions\/91969"}],"wp:featuredmedia":[{"embeddable":true,"href":"https:\/\/medtest.stagingservers.net\/da\/wp-json\/wp\/v2\/media\/77761"}],"wp:attachment":[{"href":"https:\/\/medtest.stagingservers.net\/da\/wp-json\/wp\/v2\/media?parent=71680"}],"wp:term":[{"taxonomy":"product_brand","embeddable":true,"href":"https:\/\/medtest.stagingservers.net\/da\/wp-json\/wp\/v2\/product_brand?post=71680"},{"taxonomy":"product_cat","embeddable":true,"href":"https:\/\/medtest.stagingservers.net\/da\/wp-json\/wp\/v2\/product_cat?post=71680"},{"taxonomy":"product_tag","embeddable":true,"href":"https:\/\/medtest.stagingservers.net\/da\/wp-json\/wp\/v2\/product_tag?post=71680"}],"curies":[{"name":"wp","href":"https:\/\/api.w.org\/{rel}","templated":true}]}}