{"id":71708,"date":"2019-08-14T07:34:15","date_gmt":"2019-08-14T07:34:15","guid":{"rendered":"https:\/\/medtest.stagingservers.net\/product\/hepatitis-b-hepatitis-c-levertest\/"},"modified":"2019-11-29T15:14:23","modified_gmt":"2019-11-29T13:14:23","slug":"hepatitis-b-hepatitis-c-levertest","status":"publish","type":"product","link":"https:\/\/medtest.stagingservers.net\/da\/vare\/hepatitis-b-hepatitis-c-levertest\/","title":{"rendered":"Hepatitis B, Hepatitis C, Leverfunktionstest"},"content":{"rendered":"<h2>Hepatitis B, hepatitis C og leverfunktionstest<\/h2>\n<p>Hepatitis B og hepatitis C er leverbet\u00e6ndelser for\u00e5rsaget af en virus. Sygdommen overf\u00f8res hovedsageligt gennem blod. Den mest almindelige m\u00e5de at blive smittet er at tage medicin af kanyler, der ogs\u00e5 bruges af andre. Men du kan ogs\u00e5 blive smittet, hvis du har haft ubeskyttet sex. Infektionen varer ofte hele livet, men medicinering g\u00f8r det muligt at v\u00e6re helt rask.<\/p>\n<p>Hepatitis B &amp; C spredes gennem blod og ubeskyttet sex. For eksempel ved:<\/p>\n<ul>\n<li>Deling af n\u00e5le<\/li>\n<li>Blodtransfusion med smittet blod<\/li>\n<li>Ubeskyttet sex (den mest almindelige smittevej i Norden)<\/li>\n<li>Perinatal smitte fra mor til barn<\/li>\n<\/ul>\n<h4 style=\"text-align: left;\"><strong>Om testene<\/strong><\/h4>\n<p style=\"text-align: left;\"><strong>Hepatitis B<\/strong><\/p>\n<p>Testen m\u00e5ler overfladeantigenet HBsAg med en specificitet p\u00e5 100%. Den analytiske f\u00f8lsomhed er 300-500 CFU \/ ml, hvilket er meget lavt. Testen er CE-godkendt og er til professionel brug.<\/p>\n<p style=\"text-align: left;\"><strong>Hepatit C<\/strong><\/p>\n<p>Testen m\u00e5ler kroppens producerede antistoffer mod HCV i blodet med en specificitet og f\u00f8lsomhed p\u00e5 99,9%. Testen er CE-godkendt og er til professionel brug.<\/p>\n<p><strong>Leverfunktionstest<\/strong><\/p>\n<p>Testen unders\u00f8ger din leverfunktion ved at m\u00e5le bilirubin og urobilinogen i urinpr\u00f8ver (2 urinstrimler inkluderet). Testen er CE-godkend.<\/p>\n<h4 style=\"text-align: left;\"><b>Hvorn\u00e5r b\u00f8r jeg teste mig?<\/b><\/h4>\n<p>Regelm\u00e6ssige test er vigtigt for alle, der er seksuelt aktive, uanset alder, seksualitet eller forholdsstatus. Det er altid godt at teste dig, hvis du har haft ubeskyttet sex. Fra tidspunktet, hvor du bliver smittet med hepatitis, g\u00e5r der normalt omkring otte uger, f\u00f8r du f\u00e5r sygdommen, men denne periode kan svinge fra to uger til seks m\u00e5neder.<\/p>\n<h4>Symptomer<\/h4>\n<p>De fleste, der f\u00e5r akut hepatitis B eller C, udviser ingen symptomer og bem\u00e6rker ikke, at de er blevet smittet. Sygdommen er opdelt i akut og kronisk hepatitis. Den f\u00f8rste fase af infektionen kaldes akut, og den anden fase kaldes kronisk. I kroniske tilf\u00e6lde forbliver virussen i kroppen i mere end seks m\u00e5neder, ofte gennem hele livet.<\/p>\n<p style=\"text-align: left;\"><strong>Med denne test kan du kontrollere, om infektionen er forsvundet, eller om den ser ud til at udvikle sig til kronisk hepatitis.<\/strong><\/p>\n<h5>Symptomer for hepatitis B:<\/h5>\n<ul>\n<li>Kvalme<\/li>\n<li>Nedsat appetit<\/li>\n<li>Tr\u00e6thed<\/li>\n<li>Huden kl\u00f8r<\/li>\n<li>Huden og \u00f8jets hvide del er gule (&#8220;gulsot&#8221;)<\/li>\n<\/ul>\n<h5 style=\"text-align: left;\">Symptomer for hepatitis C:<\/h5>\n<ul>\n<li>Urinen er blevet m\u00f8rk<\/li>\n<li>Aff\u00f8ringen er blevet lys<\/li>\n<li>Huden og \u00f8jets hvide del er gule (&#8220;gulsot&#8221;)<\/li>\n<\/ul>\n<h4><strong>Hvordan bliver jeg helbredt for hepatitis?<\/strong><\/h4>\n<p>Du kan leve n\u00e6sten almindeligt, hvis du har kronisk hepatitis &#8211; men husk, at du kan smitte andre. Du kan leve l\u00e6nge med virussen i din krop uden v\u00e6re klar over det. Men sygdommen for\u00e5rsager ikke desto mindre en bet\u00e6ndelse i leveren, som langsomt kan blive beskadiget. Det kan f\u00f8re til levercirrose efter 20-30 \u00e5r. Derfor er det godt at ogs\u00e5 tjekke din leverfunktion, hvis du har symptomer p\u00e5 hepatitis.<\/p>\n<h5>Begynd med en hurtig test &#8211; enkel, billig og med h\u00f8j n\u00f8jagtighed<\/h5>\n<div>\n<h4><strong><span class=\"mobile-undersized-upper\">Brugsvejledning for hepatitis B, C<\/span><\/strong><\/h4>\n<h5><strong><span class=\"mobile-undersized-upper\">F\u00f8lg disse trin:<\/span><\/strong><\/h5>\n<\/div>\n<ol start=\"1\">\n<li class=\"mobile-undersized-upper\" data-index=\"34\" data-length=\"52\"><span class=\"mobile-undersized-upper\">Reng\u00f8r din finger med alkoholservietten.<\/span><\/li>\n<li>Fjern den runde beskyttelseskappe p\u00e5 n\u00e5len, f\u00f8r den ind i fingerspidsen og pres noget blod ud.<\/li>\n<li>Sug 2-3 dr\u00e5ber blod op med pipetten ved at anbringe pipettespidsen p\u00e5 blodoverfladen. Kapill\u00e6rkraften f\u00f8rer automatisk blodet ind i pipetten.<\/li>\n<li>Dryp 2 dr\u00e5ber blod ned i testkassetten (S).<\/li>\n<li>Dryp derefter 1 dr\u00e5be puffer deri.<\/li>\n<li>Vent 10 minutter med at afl\u00e6se resultatet. Lad der ikke g\u00e5 mere end 20 minutter, f\u00f8r resultatet afl\u00e6ses.<\/li>\n<\/ol>\n<p><img loading=\"lazy\" decoding=\"async\" class=\"alignnone size-full wp-image-71710\" src=\"\/wp-content\/uploads\/2019\/03\/PSA-procedur.png\" alt=\"PSA procedur\" width=\"1455\" height=\"467\" srcset=\"https:\/\/medtest.stagingservers.net\/wp-content\/uploads\/2019\/03\/PSA-procedur.png 1455w, https:\/\/medtest.stagingservers.net\/wp-content\/uploads\/2019\/03\/PSA-procedur-720x231.png 720w, https:\/\/medtest.stagingservers.net\/wp-content\/uploads\/2019\/03\/PSA-procedur-1200x385.png 1200w, https:\/\/medtest.stagingservers.net\/wp-content\/uploads\/2019\/03\/PSA-procedur-768x246.png 768w, https:\/\/medtest.stagingservers.net\/wp-content\/uploads\/2019\/03\/PSA-procedur-416x134.png 416w, https:\/\/medtest.stagingservers.net\/wp-content\/uploads\/2019\/03\/PSA-procedur-300x96.png 300w, https:\/\/medtest.stagingservers.net\/wp-content\/uploads\/2019\/03\/PSA-procedur-1024x329.png 1024w\" sizes=\"auto, (max-width: 1455px) 100vw, 1455px\" \/><\/p>\n<p>&nbsp;<\/p>\n<p>&nbsp;<\/p>\n<h4><strong>Resultat hepatitis B, C<\/strong><\/h4>\n<p><img loading=\"lazy\" decoding=\"async\" class=\"alignnone wp-image-75380 size-full\" src=\"https:\/\/medtest.stagingservers.net\/wp-content\/uploads\/2019\/08\/Resultater-danmark.png\" alt=\"\" width=\"451\" height=\"322\" srcset=\"https:\/\/medtest.stagingservers.net\/wp-content\/uploads\/2019\/08\/Resultater-danmark.png 451w, https:\/\/medtest.stagingservers.net\/wp-content\/uploads\/2019\/08\/Resultater-danmark-200x143.png 200w, https:\/\/medtest.stagingservers.net\/wp-content\/uploads\/2019\/08\/Resultater-danmark-416x297.png 416w\" sizes=\"auto, (max-width: 451px) 100vw, 451px\" \/><\/p>\n<p>&nbsp;<\/p>\n<h4><strong><span class=\"mobile-undersized-upper\">Brugsvejledning for leverfunktionstest<\/span><\/strong><\/h4>\n<ol start=\"1\">\n<li class=\"mobile-undersized-upper\" data-index=\"479\" data-length=\"49\"><span class=\"mobile-undersized-upper\">\u00c5bn folieindpakningen og tag teststrimlen ud.<\/span><\/li>\n<li class=\"mobile-undersized-upper\" data-index=\"528\" data-length=\"49\"><span class=\"mobile-undersized-upper\">Uriner i en kop\/b\u00e6ger og dyp teststrimlen deri.<\/span><\/li>\n<li class=\"mobile-undersized-upper\" data-index=\"577\" data-length=\"39\"><span class=\"mobile-undersized-upper\">Afl\u00e6s resultatet efter cirka 1 minut. Afl\u00e6s resultatet ved at sammenligne strimlens farver med dem i diagrammet. N\u00e5r du sammenligner, skal du holde strimlen i en vandret position for at undg\u00e5, at farverne i de to reaktionsomr\u00e5der p\u00e5 strimlen blandes.<\/span><\/li>\n<\/ol>\n<p><img loading=\"lazy\" decoding=\"async\" class=\"alignnone size-full wp-image-56020\" src=\"\/wp-content\/uploads\/2019\/05\/Lever-resultat-2.png\" alt=\"\" width=\"1086\" height=\"226\" \/><\/p>\n<p>&nbsp;<\/p>\n<p>&nbsp;<\/p>\n<p>Hvis din test viser et positivt resultat, anbefaler vi, at du konsulterer en l\u00e6ge for yderligere unders\u00f8gelse eller bes\u00f8ger det n\u00e6rmeste apotek for at f\u00e5 r\u00e5d.<\/p>\n<p>&nbsp;<\/p>\n<p>Hvis du har sp\u00f8rgsm\u00e5l, kan du <a href=\"https:\/\/medtest.stagingservers.net\/da\/kontakt-os\/\">kontakt os her<\/a>.<\/p>\n<p>I denne pakke medf\u00f8lger en gratis leverfunktionstest.<\/p>\n","protected":false},"excerpt":{"rendered":"<p>Hepatitis B<\/p>\n<p>Testen m\u00e5ler overfladeantigen HBsAg i blodet med en specificitet p\u00e5 100%. Den analytiske f\u00f8lsomhed er 300-500 CFU \/ ml, hvilket er meget lavt.<\/p>\n<p>Hepatitis C<\/p>\n<p>Testen m\u00e5ler kroppens producerede antistoffer mod HCV i blodet med en specificitet og f\u00f8lsomhed p\u00e5 99,9%.<\/p>\n<p>Lever test<\/p>\n<p>Testen kontrollerer din leverfunktion ved at m\u00e5le bilirubin og urobilinogen i urinpr\u00f8ver (2 urinpinde inkluderet).<\/p>\n","protected":false},"featured_media":72256,"comment_status":"closed","ping_status":"closed","template":"","meta":{"_acf_changed":false,"footnotes":""},"product_brand":[],"product_cat":[882,883,872,862],"product_tag":[],"class_list":{"0":"post-71708","1":"product","2":"type-product","3":"status-publish","4":"has-post-thumbnail","6":"product_cat-hepatitis-b","7":"product_cat-hepatitis-c","8":"product_cat-lever","9":"product_cat-pakkelosning","11":"first","12":"instock","13":"taxable","14":"shipping-taxable","15":"purchasable","16":"product-type-simple"},"acf":[],"yoast_head":"<title>Hepatitis B, Hepatitis C, Leverfunktionstest - Medtest.shop<\/title>\n<meta name=\"description\" content=\"Hepatitis B, Hepatitis C, Leverfunktionstest - Medtest.shop\" \/>\n<meta name=\"robots\" content=\"noindex, follow, max-snippet:-1, max-image-preview:large, max-video-preview:-1\" \/>\n<meta property=\"og:locale\" content=\"da_DK\" \/>\n<meta property=\"og:type\" content=\"article\" \/>\n<meta property=\"og:title\" content=\"Hepatitis B, Hepatitis C, Leverfunktionstest - Medtest.shop\" \/>\n<meta property=\"og:description\" content=\"Hepatitis B, Hepatitis C, Leverfunktionstest - Medtest.shop\" \/>\n<meta property=\"og:url\" content=\"https:\/\/medtest.stagingservers.net\/da\/vare\/hepatitis-b-hepatitis-c-levertest\/\" \/>\n<meta property=\"og:site_name\" content=\"Medtest.shop\" \/>\n<meta property=\"article:publisher\" content=\"https:\/\/www.facebook.com\/Medtest-1440779469392476\/\" \/>\n<meta property=\"article:modified_time\" content=\"2019-11-29T13:14:23+00:00\" \/>\n<meta property=\"og:image\" content=\"https:\/\/medtest.stagingservers.net\/wp-content\/uploads\/2019\/08\/Hepatit-B-C-Lever-DK-e.png\" \/>\n\t<meta property=\"og:image:width\" content=\"1057\" \/>\n\t<meta property=\"og:image:height\" content=\"865\" \/>\n\t<meta property=\"og:image:type\" content=\"image\/png\" \/>\n<meta name=\"twitter:card\" content=\"summary_large_image\" \/>\n<script type=\"application\/ld+json\" class=\"yoast-schema-graph\">{\"@context\":\"https:\\\/\\\/schema.org\",\"@graph\":[{\"@type\":\"WebPage\",\"@id\":\"https:\\\/\\\/medtest.stagingservers.net\\\/da\\\/vare\\\/hepatitis-b-hepatitis-c-levertest\\\/\",\"url\":\"https:\\\/\\\/medtest.stagingservers.net\\\/da\\\/vare\\\/hepatitis-b-hepatitis-c-levertest\\\/\",\"name\":\"Hepatitis B, Hepatitis C, Leverfunktionstest - Medtest.shop\",\"isPartOf\":{\"@id\":\"https:\\\/\\\/medtest.stagingservers.net\\\/da\\\/#website\"},\"primaryImageOfPage\":{\"@id\":\"https:\\\/\\\/medtest.stagingservers.net\\\/da\\\/vare\\\/hepatitis-b-hepatitis-c-levertest\\\/#primaryimage\"},\"image\":{\"@id\":\"https:\\\/\\\/medtest.stagingservers.net\\\/da\\\/vare\\\/hepatitis-b-hepatitis-c-levertest\\\/#primaryimage\"},\"thumbnailUrl\":\"https:\\\/\\\/medtest.stagingservers.net\\\/wp-content\\\/uploads\\\/2019\\\/08\\\/Hepatit-B-C-Lever-DK-e.png\",\"datePublished\":\"2019-08-14T07:34:15+00:00\",\"dateModified\":\"2019-11-29T13:14:23+00:00\",\"description\":\"Hepatitis B, Hepatitis C, Leverfunktionstest - Medtest.shop\",\"breadcrumb\":{\"@id\":\"https:\\\/\\\/medtest.stagingservers.net\\\/da\\\/vare\\\/hepatitis-b-hepatitis-c-levertest\\\/#breadcrumb\"},\"inLanguage\":\"da-DK\",\"potentialAction\":[{\"@type\":\"ReadAction\",\"target\":[\"https:\\\/\\\/medtest.stagingservers.net\\\/da\\\/vare\\\/hepatitis-b-hepatitis-c-levertest\\\/\"]}]},{\"@type\":\"ImageObject\",\"inLanguage\":\"da-DK\",\"@id\":\"https:\\\/\\\/medtest.stagingservers.net\\\/da\\\/vare\\\/hepatitis-b-hepatitis-c-levertest\\\/#primaryimage\",\"url\":\"https:\\\/\\\/medtest.stagingservers.net\\\/wp-content\\\/uploads\\\/2019\\\/08\\\/Hepatit-B-C-Lever-DK-e.png\",\"contentUrl\":\"https:\\\/\\\/medtest.stagingservers.net\\\/wp-content\\\/uploads\\\/2019\\\/08\\\/Hepatit-B-C-Lever-DK-e.png\",\"width\":1057,\"height\":865},{\"@type\":\"BreadcrumbList\",\"@id\":\"https:\\\/\\\/medtest.stagingservers.net\\\/da\\\/vare\\\/hepatitis-b-hepatitis-c-levertest\\\/#breadcrumb\",\"itemListElement\":[{\"@type\":\"ListItem\",\"position\":1,\"name\":\"Home\",\"item\":\"https:\\\/\\\/medtest.stagingservers.net\\\/da\\\/\"},{\"@type\":\"ListItem\",\"position\":2,\"name\":\"Butik\",\"item\":\"https:\\\/\\\/medtest.stagingservers.net\\\/da\\\/butik\\\/\"},{\"@type\":\"ListItem\",\"position\":3,\"name\":\"Hepatitis B, Hepatitis C, Leverfunktionstest\"}]},{\"@type\":\"WebSite\",\"@id\":\"https:\\\/\\\/medtest.stagingservers.net\\\/da\\\/#website\",\"url\":\"https:\\\/\\\/medtest.stagingservers.net\\\/da\\\/\",\"name\":\"Medtest.shop\",\"description\":\"\",\"publisher\":{\"@id\":\"https:\\\/\\\/medtest.stagingservers.net\\\/da\\\/#organization\"},\"potentialAction\":[{\"@type\":\"SearchAction\",\"target\":{\"@type\":\"EntryPoint\",\"urlTemplate\":\"https:\\\/\\\/medtest.stagingservers.net\\\/da\\\/?s={search_term_string}\"},\"query-input\":{\"@type\":\"PropertyValueSpecification\",\"valueRequired\":true,\"valueName\":\"search_term_string\"}}],\"inLanguage\":\"da-DK\"},{\"@type\":\"Organization\",\"@id\":\"https:\\\/\\\/medtest.stagingservers.net\\\/da\\\/#organization\",\"name\":\"Medtest\",\"url\":\"https:\\\/\\\/medtest.stagingservers.net\\\/da\\\/\",\"logo\":{\"@type\":\"ImageObject\",\"inLanguage\":\"da-DK\",\"@id\":\"https:\\\/\\\/medtest.stagingservers.net\\\/da\\\/#\\\/schema\\\/logo\\\/image\\\/\",\"url\":\"https:\\\/\\\/medtest.stagingservers.net\\\/wp-content\\\/uploads\\\/2018\\\/11\\\/Original.png\",\"contentUrl\":\"https:\\\/\\\/medtest.stagingservers.net\\\/wp-content\\\/uploads\\\/2018\\\/11\\\/Original.png\",\"width\":1024,\"height\":1024,\"caption\":\"Medtest\"},\"image\":{\"@id\":\"https:\\\/\\\/medtest.stagingservers.net\\\/da\\\/#\\\/schema\\\/logo\\\/image\\\/\"},\"sameAs\":[\"https:\\\/\\\/www.facebook.com\\\/Medtest-1440779469392476\\\/\"]}]}<\/script>","yoast_head_json":{"title":"Hepatitis B, Hepatitis C, Leverfunktionstest - Medtest.shop","description":"Hepatitis B, Hepatitis C, Leverfunktionstest - Medtest.shop","robots":{"index":"noindex","follow":"follow","max-snippet":"max-snippet:-1","max-image-preview":"max-image-preview:large","max-video-preview":"max-video-preview:-1"},"og_locale":"da_DK","og_type":"article","og_title":"Hepatitis B, Hepatitis C, Leverfunktionstest - Medtest.shop","og_description":"Hepatitis B, Hepatitis C, Leverfunktionstest - Medtest.shop","og_url":"https:\/\/medtest.stagingservers.net\/da\/vare\/hepatitis-b-hepatitis-c-levertest\/","og_site_name":"Medtest.shop","article_publisher":"https:\/\/www.facebook.com\/Medtest-1440779469392476\/","article_modified_time":"2019-11-29T13:14:23+00:00","og_image":[{"width":1057,"height":865,"url":"https:\/\/medtest.stagingservers.net\/wp-content\/uploads\/2019\/08\/Hepatit-B-C-Lever-DK-e.png","type":"image\/png"}],"twitter_card":"summary_large_image","schema":{"@context":"https:\/\/schema.org","@graph":[{"@type":"WebPage","@id":"https:\/\/medtest.stagingservers.net\/da\/vare\/hepatitis-b-hepatitis-c-levertest\/","url":"https:\/\/medtest.stagingservers.net\/da\/vare\/hepatitis-b-hepatitis-c-levertest\/","name":"Hepatitis B, Hepatitis C, Leverfunktionstest - Medtest.shop","isPartOf":{"@id":"https:\/\/medtest.stagingservers.net\/da\/#website"},"primaryImageOfPage":{"@id":"https:\/\/medtest.stagingservers.net\/da\/vare\/hepatitis-b-hepatitis-c-levertest\/#primaryimage"},"image":{"@id":"https:\/\/medtest.stagingservers.net\/da\/vare\/hepatitis-b-hepatitis-c-levertest\/#primaryimage"},"thumbnailUrl":"https:\/\/medtest.stagingservers.net\/wp-content\/uploads\/2019\/08\/Hepatit-B-C-Lever-DK-e.png","datePublished":"2019-08-14T07:34:15+00:00","dateModified":"2019-11-29T13:14:23+00:00","description":"Hepatitis B, Hepatitis C, Leverfunktionstest - Medtest.shop","breadcrumb":{"@id":"https:\/\/medtest.stagingservers.net\/da\/vare\/hepatitis-b-hepatitis-c-levertest\/#breadcrumb"},"inLanguage":"da-DK","potentialAction":[{"@type":"ReadAction","target":["https:\/\/medtest.stagingservers.net\/da\/vare\/hepatitis-b-hepatitis-c-levertest\/"]}]},{"@type":"ImageObject","inLanguage":"da-DK","@id":"https:\/\/medtest.stagingservers.net\/da\/vare\/hepatitis-b-hepatitis-c-levertest\/#primaryimage","url":"https:\/\/medtest.stagingservers.net\/wp-content\/uploads\/2019\/08\/Hepatit-B-C-Lever-DK-e.png","contentUrl":"https:\/\/medtest.stagingservers.net\/wp-content\/uploads\/2019\/08\/Hepatit-B-C-Lever-DK-e.png","width":1057,"height":865},{"@type":"BreadcrumbList","@id":"https:\/\/medtest.stagingservers.net\/da\/vare\/hepatitis-b-hepatitis-c-levertest\/#breadcrumb","itemListElement":[{"@type":"ListItem","position":1,"name":"Home","item":"https:\/\/medtest.stagingservers.net\/da\/"},{"@type":"ListItem","position":2,"name":"Butik","item":"https:\/\/medtest.stagingservers.net\/da\/butik\/"},{"@type":"ListItem","position":3,"name":"Hepatitis B, Hepatitis C, Leverfunktionstest"}]},{"@type":"WebSite","@id":"https:\/\/medtest.stagingservers.net\/da\/#website","url":"https:\/\/medtest.stagingservers.net\/da\/","name":"Medtest.shop","description":"","publisher":{"@id":"https:\/\/medtest.stagingservers.net\/da\/#organization"},"potentialAction":[{"@type":"SearchAction","target":{"@type":"EntryPoint","urlTemplate":"https:\/\/medtest.stagingservers.net\/da\/?s={search_term_string}"},"query-input":{"@type":"PropertyValueSpecification","valueRequired":true,"valueName":"search_term_string"}}],"inLanguage":"da-DK"},{"@type":"Organization","@id":"https:\/\/medtest.stagingservers.net\/da\/#organization","name":"Medtest","url":"https:\/\/medtest.stagingservers.net\/da\/","logo":{"@type":"ImageObject","inLanguage":"da-DK","@id":"https:\/\/medtest.stagingservers.net\/da\/#\/schema\/logo\/image\/","url":"https:\/\/medtest.stagingservers.net\/wp-content\/uploads\/2018\/11\/Original.png","contentUrl":"https:\/\/medtest.stagingservers.net\/wp-content\/uploads\/2018\/11\/Original.png","width":1024,"height":1024,"caption":"Medtest"},"image":{"@id":"https:\/\/medtest.stagingservers.net\/da\/#\/schema\/logo\/image\/"},"sameAs":["https:\/\/www.facebook.com\/Medtest-1440779469392476\/"]}]}},"_links":{"self":[{"href":"https:\/\/medtest.stagingservers.net\/da\/wp-json\/wp\/v2\/product\/71708","targetHints":{"allow":["GET"]}}],"collection":[{"href":"https:\/\/medtest.stagingservers.net\/da\/wp-json\/wp\/v2\/product"}],"about":[{"href":"https:\/\/medtest.stagingservers.net\/da\/wp-json\/wp\/v2\/types\/product"}],"replies":[{"embeddable":true,"href":"https:\/\/medtest.stagingservers.net\/da\/wp-json\/wp\/v2\/comments?post=71708"}],"version-history":[{"count":0,"href":"https:\/\/medtest.stagingservers.net\/da\/wp-json\/wp\/v2\/product\/71708\/revisions"}],"wp:featuredmedia":[{"embeddable":true,"href":"https:\/\/medtest.stagingservers.net\/da\/wp-json\/wp\/v2\/media\/72256"}],"wp:attachment":[{"href":"https:\/\/medtest.stagingservers.net\/da\/wp-json\/wp\/v2\/media?parent=71708"}],"wp:term":[{"taxonomy":"product_brand","embeddable":true,"href":"https:\/\/medtest.stagingservers.net\/da\/wp-json\/wp\/v2\/product_brand?post=71708"},{"taxonomy":"product_cat","embeddable":true,"href":"https:\/\/medtest.stagingservers.net\/da\/wp-json\/wp\/v2\/product_cat?post=71708"},{"taxonomy":"product_tag","embeddable":true,"href":"https:\/\/medtest.stagingservers.net\/da\/wp-json\/wp\/v2\/product_tag?post=71708"}],"curies":[{"name":"wp","href":"https:\/\/api.w.org\/{rel}","templated":true}]}}