{"id":71716,"date":"2019-08-14T07:54:30","date_gmt":"2019-08-14T07:54:30","guid":{"rendered":"https:\/\/medtest.stagingservers.net\/product\/hepatitis-c\/"},"modified":"2019-11-29T15:12:36","modified_gmt":"2019-11-29T13:12:36","slug":"hepatitis-c","status":"publish","type":"product","link":"https:\/\/medtest.stagingservers.net\/da\/vare\/hepatitis-c\/","title":{"rendered":"Hepatitis C"},"content":{"rendered":"<h2>Hepatitis C-test<\/h2>\n<p>Hepatitis C (HCV) er en leverbet\u00e6ndelse for\u00e5rsaget af en virus. Sygdommen overf\u00f8res hovedsageligt gennem blod. Den mest almindelige m\u00e5de at blive smittet er at tage medicin af kanyler, der ogs\u00e5 bruges af andre. Men du kan ogs\u00e5 blive smittet, hvis du har haft ubeskyttet sex. Infektionen varer ofte hele livet, men medicinering g\u00f8r det muligt at v\u00e6re helt rask. Der findes forskellige typer af hepatitis-virus. De mest almindelige er hepatitis A, hepatitis B og hepatitis C.<\/p>\n<p>Hepatitis A spredes gennem mad og drikke.<\/p>\n<p>Hepatitis B &amp; C spredes gennem blod og ubeskyttet sex. For eksempel ved:<\/p>\n<ul>\n<li>Deling af n\u00e5le<\/li>\n<li>Blodtransfusion med smittet blod<\/li>\n<li>Ubeskyttet sex (den mest almindelige smittevej i Norden)<\/li>\n<li>Perinatal smitte fra mor til barn<\/li>\n<\/ul>\n<p><a href=\"https:\/\/medtest.stagingservers.net\/da\/vare\/hepatitis-b-hepatitis-c-levertest\/\">K\u00f8b vores pakke, der indeholder tests for b\u00e5de hepatitis B, C og leverfunktion for 249 kr.<\/a><\/p>\n<h4 style=\"text-align: left;\"><strong>Om hepatitis C-testen<\/strong><\/h4>\n<p>Testen m\u00e5ler kroppens producerede antistoffer mod HCV i blodet med en specificitet og f\u00f8lsomhed p\u00e5 99,9%. Testen er CE-godkendt og er til professionel brug.<\/p>\n<h4 style=\"text-align: left;\"><b>Hvorn\u00e5r b\u00f8r jeg teste mig?<\/b><\/h4>\n<p>Regelm\u00e6ssige test er vigtigt for alle, der er seksuelt aktive, uanset alder, seksualitet eller forholdsstatus. Det er altid godt at teste dig, hvis du har haft ubeskyttet sex. Fra tidspunktet, hvor du bliver smittet med hepatitis C-virussen, g\u00e5r der normalt omkring otte uger, f\u00f8r du f\u00e5r sygdommen, men denne periode kan svinge fra to uger til seks m\u00e5neder.<\/p>\n<h4>Symptomer<\/h4>\n<p>De fleste mennesker, der har akut hepatitis C, udviser ingen symptomer og bem\u00e6rker ikke, at de er blevet smittet. Sygdommen er opdelt i akut og kronisk hepatitis C. Den f\u00f8rste fase af infektionen kaldes akut HCV. Tre ud af fire af de smittede f\u00e5r derefter kronisk HCV. I det tilf\u00e6lde forbliver virussen i kroppen i mere end seks m\u00e5neder, ofte gennem hele livet. Med denne test er det muligt at unders\u00f8ge, om infektionen er forsvundet, eller om den ser ud til at forts\u00e6tte over i kronisk hepatitis.<\/p>\n<p>Hvis du har f\u00f8lgende symptomer, kan du have f\u00e5et hepatitis C:<\/p>\n<ul>\n<li>Urinen er blevet m\u00f8rk<\/li>\n<li>Aff\u00f8ringen er blevet lys<\/li>\n<li>Huden og \u00f8jets hvide del er gule (&#8220;gulsot&#8221;)<\/li>\n<\/ul>\n<h4><strong>Hvordan bliver jeg helbredt for hepatitis C?<\/strong><\/h4>\n<p>Du kan leve n\u00e6sten almindeligt, hvis du har kronisk HCV &#8211; men husk, at du kan smitte andre. Du kan leve l\u00e6nge med virussen i din krop uden v\u00e6re klar over det. Men sygdommen for\u00e5rsager ikke desto mindre en bet\u00e6ndelse i leveren, som langsomt kan blive beskadiget. Det kan f\u00f8re til levercirrose efter 20-30 \u00e5r. Du kan ogs\u00e5 unders\u00f8ge din leverfunktion ved at bestille vores <a href=\"https:\/\/medtest.stagingservers.net\/da\/vare\/lever-test\/\">leverfunktionstest<\/a>.<\/p>\n<h5>Begynd med en hurtig test &#8211; enkel, billig og med h\u00f8j n\u00f8jagtighed<\/h5>\n<div>\n<h4><strong><span class=\"mobile-undersized-upper\">Anvendelse<\/span><\/strong><\/h4>\n<h5><b>F\u00f8lg disse trin:<\/b><\/h5>\n<\/div>\n<ol start=\"1\">\n<li class=\"mobile-undersized-upper\" data-index=\"34\" data-length=\"52\"><span class=\"mobile-undersized-upper\">Reng\u00f8r din finger med alkoholservietten.<\/span><\/li>\n<li>Fjern den runde beskyttelseskappe p\u00e5 n\u00e5len, f\u00f8r den ind i fingerspidsen og pres noget blod ud.<\/li>\n<li>Sug 2-3 dr\u00e5ber blod op med pipetten ved at anbringe pipettespidsen p\u00e5 blodoverfladen. Kapill\u00e6rkraften f\u00f8rer automatisk blodet ind i pipetten.<\/li>\n<li>Dryp 2 dr\u00e5ber blod ned i testkassetten (S).<\/li>\n<li>Dryp derefter 1 dr\u00e5be puffer deri.<\/li>\n<li>Vent 10 minutter med at afl\u00e6se resultatet. Lad der ikke g\u00e5 mere end 20 minutter, f\u00f8r resultatet afl\u00e6ses.<\/li>\n<\/ol>\n<p><img loading=\"lazy\" decoding=\"async\" class=\"alignnone size-full wp-image-71710\" src=\"\/wp-content\/uploads\/2019\/03\/PSA-procedur.png\" alt=\"PSA procedur\" width=\"1455\" height=\"467\" srcset=\"https:\/\/medtest.stagingservers.net\/wp-content\/uploads\/2019\/03\/PSA-procedur.png 1455w, https:\/\/medtest.stagingservers.net\/wp-content\/uploads\/2019\/03\/PSA-procedur-720x231.png 720w, https:\/\/medtest.stagingservers.net\/wp-content\/uploads\/2019\/03\/PSA-procedur-1200x385.png 1200w, https:\/\/medtest.stagingservers.net\/wp-content\/uploads\/2019\/03\/PSA-procedur-768x246.png 768w, https:\/\/medtest.stagingservers.net\/wp-content\/uploads\/2019\/03\/PSA-procedur-416x134.png 416w, https:\/\/medtest.stagingservers.net\/wp-content\/uploads\/2019\/03\/PSA-procedur-300x96.png 300w, https:\/\/medtest.stagingservers.net\/wp-content\/uploads\/2019\/03\/PSA-procedur-1024x329.png 1024w\" sizes=\"auto, (max-width: 1455px) 100vw, 1455px\" \/><\/p>\n<h4><strong>Resultat<\/strong><\/h4>\n<p><img loading=\"lazy\" decoding=\"async\" class=\"alignnone wp-image-75380 size-full\" src=\"https:\/\/medtest.stagingservers.net\/wp-content\/uploads\/2019\/08\/Resultater-danmark.png\" alt=\"\" width=\"451\" height=\"322\" srcset=\"https:\/\/medtest.stagingservers.net\/wp-content\/uploads\/2019\/08\/Resultater-danmark.png 451w, https:\/\/medtest.stagingservers.net\/wp-content\/uploads\/2019\/08\/Resultater-danmark-200x143.png 200w, https:\/\/medtest.stagingservers.net\/wp-content\/uploads\/2019\/08\/Resultater-danmark-416x297.png 416w\" sizes=\"auto, (max-width: 451px) 100vw, 451px\" \/><\/p>\n<p>&nbsp;<\/p>\n<p>Hvis din test viser et positivt resultat, anbefaler vi, at du konsulterer en l\u00e6ge for yderligere unders\u00f8gelse eller bes\u00f8ger det n\u00e6rmeste apotek for at f\u00e5 r\u00e5d.<\/p>\n<p>&nbsp;<\/p>\n<p>Hvis du har sp\u00f8rgsm\u00e5l, kan du <a href=\"https:\/\/medtest.stagingservers.net\/da\/kontakt-os\/\">kontakt os her<\/a>.<\/p>\n","protected":false},"excerpt":{"rendered":"<p>Hepatitis C hjemm\u0451etest med svar inden for 10 minutter.<br \/>\nTesten m\u00e5ler kroppens producerede antistoffer mod HCV i blodet med en specificitet og f\u00f8lsomhed p\u00e5 99,9%.<\/p>\n","protected":false},"featured_media":72262,"comment_status":"closed","ping_status":"closed","template":"","meta":{"_acf_changed":false,"footnotes":""},"product_brand":[],"product_cat":[883],"product_tag":[],"class_list":{"0":"post-71716","1":"product","2":"type-product","3":"status-publish","4":"has-post-thumbnail","6":"product_cat-hepatitis-c","8":"first","9":"instock","10":"taxable","11":"shipping-taxable","12":"purchasable","13":"product-type-simple"},"acf":[],"yoast_head":"<title>Hepatitis C - Medtest.shop<\/title>\n<meta name=\"description\" content=\"Hepatitis C - Medtest.shop\" \/>\n<meta name=\"robots\" content=\"noindex, follow, max-snippet:-1, max-image-preview:large, max-video-preview:-1\" \/>\n<meta property=\"og:locale\" content=\"da_DK\" \/>\n<meta property=\"og:type\" content=\"article\" \/>\n<meta property=\"og:title\" content=\"Hepatitis C - Medtest.shop\" \/>\n<meta property=\"og:description\" content=\"Hepatitis C - Medtest.shop\" \/>\n<meta property=\"og:url\" content=\"https:\/\/medtest.stagingservers.net\/da\/vare\/hepatitis-c\/\" \/>\n<meta property=\"og:site_name\" content=\"Medtest.shop\" \/>\n<meta property=\"article:publisher\" content=\"https:\/\/www.facebook.com\/Medtest-1440779469392476\/\" \/>\n<meta property=\"article:modified_time\" content=\"2019-11-29T13:12:36+00:00\" \/>\n<meta property=\"og:image\" content=\"https:\/\/medtest.stagingservers.net\/wp-content\/uploads\/2019\/08\/Hepatitis-C-media-DKge.png\" \/>\n\t<meta property=\"og:image:width\" content=\"2100\" \/>\n\t<meta property=\"og:image:height\" content=\"1400\" \/>\n\t<meta property=\"og:image:type\" content=\"image\/png\" \/>\n<meta name=\"twitter:card\" content=\"summary_large_image\" \/>\n<script type=\"application\/ld+json\" class=\"yoast-schema-graph\">{\"@context\":\"https:\\\/\\\/schema.org\",\"@graph\":[{\"@type\":\"WebPage\",\"@id\":\"https:\\\/\\\/medtest.stagingservers.net\\\/da\\\/vare\\\/hepatitis-c\\\/\",\"url\":\"https:\\\/\\\/medtest.stagingservers.net\\\/da\\\/vare\\\/hepatitis-c\\\/\",\"name\":\"Hepatitis C - Medtest.shop\",\"isPartOf\":{\"@id\":\"https:\\\/\\\/medtest.stagingservers.net\\\/da\\\/#website\"},\"primaryImageOfPage\":{\"@id\":\"https:\\\/\\\/medtest.stagingservers.net\\\/da\\\/vare\\\/hepatitis-c\\\/#primaryimage\"},\"image\":{\"@id\":\"https:\\\/\\\/medtest.stagingservers.net\\\/da\\\/vare\\\/hepatitis-c\\\/#primaryimage\"},\"thumbnailUrl\":\"https:\\\/\\\/medtest.stagingservers.net\\\/wp-content\\\/uploads\\\/2019\\\/08\\\/Hepatitis-C-media-DKge.png\",\"datePublished\":\"2019-08-14T07:54:30+00:00\",\"dateModified\":\"2019-11-29T13:12:36+00:00\",\"description\":\"Hepatitis C - Medtest.shop\",\"breadcrumb\":{\"@id\":\"https:\\\/\\\/medtest.stagingservers.net\\\/da\\\/vare\\\/hepatitis-c\\\/#breadcrumb\"},\"inLanguage\":\"da-DK\",\"potentialAction\":[{\"@type\":\"ReadAction\",\"target\":[\"https:\\\/\\\/medtest.stagingservers.net\\\/da\\\/vare\\\/hepatitis-c\\\/\"]}]},{\"@type\":\"ImageObject\",\"inLanguage\":\"da-DK\",\"@id\":\"https:\\\/\\\/medtest.stagingservers.net\\\/da\\\/vare\\\/hepatitis-c\\\/#primaryimage\",\"url\":\"https:\\\/\\\/medtest.stagingservers.net\\\/wp-content\\\/uploads\\\/2019\\\/08\\\/Hepatitis-C-media-DKge.png\",\"contentUrl\":\"https:\\\/\\\/medtest.stagingservers.net\\\/wp-content\\\/uploads\\\/2019\\\/08\\\/Hepatitis-C-media-DKge.png\",\"width\":2100,\"height\":1400},{\"@type\":\"BreadcrumbList\",\"@id\":\"https:\\\/\\\/medtest.stagingservers.net\\\/da\\\/vare\\\/hepatitis-c\\\/#breadcrumb\",\"itemListElement\":[{\"@type\":\"ListItem\",\"position\":1,\"name\":\"Home\",\"item\":\"https:\\\/\\\/medtest.stagingservers.net\\\/da\\\/\"},{\"@type\":\"ListItem\",\"position\":2,\"name\":\"Butik\",\"item\":\"https:\\\/\\\/medtest.stagingservers.net\\\/da\\\/butik\\\/\"},{\"@type\":\"ListItem\",\"position\":3,\"name\":\"Hepatitis C\"}]},{\"@type\":\"WebSite\",\"@id\":\"https:\\\/\\\/medtest.stagingservers.net\\\/da\\\/#website\",\"url\":\"https:\\\/\\\/medtest.stagingservers.net\\\/da\\\/\",\"name\":\"Medtest.shop\",\"description\":\"\",\"publisher\":{\"@id\":\"https:\\\/\\\/medtest.stagingservers.net\\\/da\\\/#organization\"},\"potentialAction\":[{\"@type\":\"SearchAction\",\"target\":{\"@type\":\"EntryPoint\",\"urlTemplate\":\"https:\\\/\\\/medtest.stagingservers.net\\\/da\\\/?s={search_term_string}\"},\"query-input\":{\"@type\":\"PropertyValueSpecification\",\"valueRequired\":true,\"valueName\":\"search_term_string\"}}],\"inLanguage\":\"da-DK\"},{\"@type\":\"Organization\",\"@id\":\"https:\\\/\\\/medtest.stagingservers.net\\\/da\\\/#organization\",\"name\":\"Medtest\",\"url\":\"https:\\\/\\\/medtest.stagingservers.net\\\/da\\\/\",\"logo\":{\"@type\":\"ImageObject\",\"inLanguage\":\"da-DK\",\"@id\":\"https:\\\/\\\/medtest.stagingservers.net\\\/da\\\/#\\\/schema\\\/logo\\\/image\\\/\",\"url\":\"https:\\\/\\\/medtest.stagingservers.net\\\/wp-content\\\/uploads\\\/2018\\\/11\\\/Original.png\",\"contentUrl\":\"https:\\\/\\\/medtest.stagingservers.net\\\/wp-content\\\/uploads\\\/2018\\\/11\\\/Original.png\",\"width\":1024,\"height\":1024,\"caption\":\"Medtest\"},\"image\":{\"@id\":\"https:\\\/\\\/medtest.stagingservers.net\\\/da\\\/#\\\/schema\\\/logo\\\/image\\\/\"},\"sameAs\":[\"https:\\\/\\\/www.facebook.com\\\/Medtest-1440779469392476\\\/\"]}]}<\/script>","yoast_head_json":{"title":"Hepatitis C - Medtest.shop","description":"Hepatitis C - Medtest.shop","robots":{"index":"noindex","follow":"follow","max-snippet":"max-snippet:-1","max-image-preview":"max-image-preview:large","max-video-preview":"max-video-preview:-1"},"og_locale":"da_DK","og_type":"article","og_title":"Hepatitis C - Medtest.shop","og_description":"Hepatitis C - Medtest.shop","og_url":"https:\/\/medtest.stagingservers.net\/da\/vare\/hepatitis-c\/","og_site_name":"Medtest.shop","article_publisher":"https:\/\/www.facebook.com\/Medtest-1440779469392476\/","article_modified_time":"2019-11-29T13:12:36+00:00","og_image":[{"width":2100,"height":1400,"url":"https:\/\/medtest.stagingservers.net\/wp-content\/uploads\/2019\/08\/Hepatitis-C-media-DKge.png","type":"image\/png"}],"twitter_card":"summary_large_image","schema":{"@context":"https:\/\/schema.org","@graph":[{"@type":"WebPage","@id":"https:\/\/medtest.stagingservers.net\/da\/vare\/hepatitis-c\/","url":"https:\/\/medtest.stagingservers.net\/da\/vare\/hepatitis-c\/","name":"Hepatitis C - Medtest.shop","isPartOf":{"@id":"https:\/\/medtest.stagingservers.net\/da\/#website"},"primaryImageOfPage":{"@id":"https:\/\/medtest.stagingservers.net\/da\/vare\/hepatitis-c\/#primaryimage"},"image":{"@id":"https:\/\/medtest.stagingservers.net\/da\/vare\/hepatitis-c\/#primaryimage"},"thumbnailUrl":"https:\/\/medtest.stagingservers.net\/wp-content\/uploads\/2019\/08\/Hepatitis-C-media-DKge.png","datePublished":"2019-08-14T07:54:30+00:00","dateModified":"2019-11-29T13:12:36+00:00","description":"Hepatitis C - Medtest.shop","breadcrumb":{"@id":"https:\/\/medtest.stagingservers.net\/da\/vare\/hepatitis-c\/#breadcrumb"},"inLanguage":"da-DK","potentialAction":[{"@type":"ReadAction","target":["https:\/\/medtest.stagingservers.net\/da\/vare\/hepatitis-c\/"]}]},{"@type":"ImageObject","inLanguage":"da-DK","@id":"https:\/\/medtest.stagingservers.net\/da\/vare\/hepatitis-c\/#primaryimage","url":"https:\/\/medtest.stagingservers.net\/wp-content\/uploads\/2019\/08\/Hepatitis-C-media-DKge.png","contentUrl":"https:\/\/medtest.stagingservers.net\/wp-content\/uploads\/2019\/08\/Hepatitis-C-media-DKge.png","width":2100,"height":1400},{"@type":"BreadcrumbList","@id":"https:\/\/medtest.stagingservers.net\/da\/vare\/hepatitis-c\/#breadcrumb","itemListElement":[{"@type":"ListItem","position":1,"name":"Home","item":"https:\/\/medtest.stagingservers.net\/da\/"},{"@type":"ListItem","position":2,"name":"Butik","item":"https:\/\/medtest.stagingservers.net\/da\/butik\/"},{"@type":"ListItem","position":3,"name":"Hepatitis C"}]},{"@type":"WebSite","@id":"https:\/\/medtest.stagingservers.net\/da\/#website","url":"https:\/\/medtest.stagingservers.net\/da\/","name":"Medtest.shop","description":"","publisher":{"@id":"https:\/\/medtest.stagingservers.net\/da\/#organization"},"potentialAction":[{"@type":"SearchAction","target":{"@type":"EntryPoint","urlTemplate":"https:\/\/medtest.stagingservers.net\/da\/?s={search_term_string}"},"query-input":{"@type":"PropertyValueSpecification","valueRequired":true,"valueName":"search_term_string"}}],"inLanguage":"da-DK"},{"@type":"Organization","@id":"https:\/\/medtest.stagingservers.net\/da\/#organization","name":"Medtest","url":"https:\/\/medtest.stagingservers.net\/da\/","logo":{"@type":"ImageObject","inLanguage":"da-DK","@id":"https:\/\/medtest.stagingservers.net\/da\/#\/schema\/logo\/image\/","url":"https:\/\/medtest.stagingservers.net\/wp-content\/uploads\/2018\/11\/Original.png","contentUrl":"https:\/\/medtest.stagingservers.net\/wp-content\/uploads\/2018\/11\/Original.png","width":1024,"height":1024,"caption":"Medtest"},"image":{"@id":"https:\/\/medtest.stagingservers.net\/da\/#\/schema\/logo\/image\/"},"sameAs":["https:\/\/www.facebook.com\/Medtest-1440779469392476\/"]}]}},"_links":{"self":[{"href":"https:\/\/medtest.stagingservers.net\/da\/wp-json\/wp\/v2\/product\/71716","targetHints":{"allow":["GET"]}}],"collection":[{"href":"https:\/\/medtest.stagingservers.net\/da\/wp-json\/wp\/v2\/product"}],"about":[{"href":"https:\/\/medtest.stagingservers.net\/da\/wp-json\/wp\/v2\/types\/product"}],"replies":[{"embeddable":true,"href":"https:\/\/medtest.stagingservers.net\/da\/wp-json\/wp\/v2\/comments?post=71716"}],"version-history":[{"count":0,"href":"https:\/\/medtest.stagingservers.net\/da\/wp-json\/wp\/v2\/product\/71716\/revisions"}],"wp:featuredmedia":[{"embeddable":true,"href":"https:\/\/medtest.stagingservers.net\/da\/wp-json\/wp\/v2\/media\/72262"}],"wp:attachment":[{"href":"https:\/\/medtest.stagingservers.net\/da\/wp-json\/wp\/v2\/media?parent=71716"}],"wp:term":[{"taxonomy":"product_brand","embeddable":true,"href":"https:\/\/medtest.stagingservers.net\/da\/wp-json\/wp\/v2\/product_brand?post=71716"},{"taxonomy":"product_cat","embeddable":true,"href":"https:\/\/medtest.stagingservers.net\/da\/wp-json\/wp\/v2\/product_cat?post=71716"},{"taxonomy":"product_tag","embeddable":true,"href":"https:\/\/medtest.stagingservers.net\/da\/wp-json\/wp\/v2\/product_tag?post=71716"}],"curies":[{"name":"wp","href":"https:\/\/api.w.org\/{rel}","templated":true}]}}