{"id":71728,"date":"2019-08-14T08:17:00","date_gmt":"2019-08-14T08:17:00","guid":{"rendered":"https:\/\/medtest.stagingservers.net\/product\/stobte-orepropper\/"},"modified":"2021-01-13T11:11:25","modified_gmt":"2021-01-13T09:11:25","slug":"stobte-orepropper","status":"publish","type":"product","link":"https:\/\/medtest.stagingservers.net\/da\/vare\/stobte-orepropper\/","title":{"rendered":"Formst\u00f8bte \u00f8repropper"},"content":{"rendered":"<h2><span class=\"tlid-translation translation\" lang=\"da\"><span class=\"\" title=\"\">Formst\u00f8bte \u00f8repropper<\/span><\/span><\/h2>\n<p><span class=\"tlid-translation translation\" lang=\"da\"><span title=\"\">Form og st\u00f8b dine personlige \u00f8repropper i dine egne \u00f8rer p\u00e5 en enkel, hurtig og nem m\u00e5de. \u00d8repropperne beskytter mod b\u00e5de lyd og vand. Da \u00f8repropperne bevarer deres form, kan de bruges flere gange. Du kan vaske \u00f8repropperne i opvaskemaskinen. De forhindrer, at vand tr\u00e6nger ind i \u00f8ret, n\u00e5r man sv\u00f8mmer. De lukker lyden ude, n\u00e5r du flyver eller sover. De holder l\u00e6nge &#8211; 10 \u00e5r er ikke en us\u00e6dvanlig holdbarhed. Men frem for alt er de behagelige at bruge, fordi de er st\u00f8bt til dine egne \u00f8rer.<\/span><\/span><\/p>\n<h4><img loading=\"lazy\" decoding=\"async\" class=\"size-full wp-image-55803 aligncenter\" src=\"https:\/\/medtest.stagingservers.net\/wp-content\/uploads\/2019\/03\/F\u00f6rdelar.png\" alt=\"\" width=\"673\" height=\"174\" srcset=\"https:\/\/medtest.stagingservers.net\/wp-content\/uploads\/2019\/03\/F\u00f6rdelar.png 673w, https:\/\/medtest.stagingservers.net\/wp-content\/uploads\/2019\/03\/F\u00f6rdelar-300x78.png 300w, https:\/\/medtest.stagingservers.net\/wp-content\/uploads\/2019\/03\/F\u00f6rdelar-416x108.png 416w\" sizes=\"auto, (max-width: 673px) 100vw, 673px\" \/><\/h4>\n<h4>Fordelene ved vores unikke \u00f8repropper:<\/h4>\n<ul>\n<li>Formet efter dine egne \u00f8rer<\/li>\n<li>Formfaste<\/li>\n<li>Lydisolering 24 dB<\/li>\n<li>Beskyttende mod vand<\/li>\n<li>Kompressionsdeformation &lt;1%<\/li>\n<li>Komfortable<\/li>\n<li>Genanvendelige<\/li>\n<li>Ikke giftige<\/li>\n<li>Sendes i dag<\/li>\n<li>100% kundetilfredshedsgaranti<\/li>\n<\/ul>\n<h4><span class=\"tlid-translation translation\" lang=\"da\"><span class=\"\" title=\"\">S\u00e5dan g\u00f8r du:<\/span><\/span><\/h4>\n<ol>\n<li>Vask h\u00e6nderne og del massen op i 4 lige store dele. Bland noget bl\u00e5t silikone med noget hvidt silikone, indtil det hvide silikone ikke l\u00e6ngere er synligt, cirka 1 min.<\/li>\n<li>Stil dig foran et spejl og form en bold. Inds\u00e6t bolden i \u00f8regangen. Dette trin skal tage h\u00f8jst 10 sekunder.<\/li>\n<li>Form din \u00f8reprop og fjern alt det overskydende. Form igen med fingrene. Vent 5 min.<\/li>\n<li>Fjern \u00f8reproppen ved at trykke p\u00e5 bagsiden af \u00f8ret. Gentag trin 1-4 for \u00f8reprop nr. 2.<\/li>\n<\/ol>\n<p><img loading=\"lazy\" decoding=\"async\" class=\"wp-image-72264 aligncenter\" src=\"https:\/\/medtest.stagingservers.net\/wp-content\/uploads\/2019\/08\/Instruction-Ear-plugs-DK-1-to-4-steps-720x524.png\" alt=\"\" width=\"779\" height=\"567\" srcset=\"https:\/\/medtest.stagingservers.net\/wp-content\/uploads\/2019\/08\/Instruction-Ear-plugs-DK-1-to-4-steps-720x524.png 720w, https:\/\/medtest.stagingservers.net\/wp-content\/uploads\/2019\/08\/Instruction-Ear-plugs-DK-1-to-4-steps-768x559.png 768w, https:\/\/medtest.stagingservers.net\/wp-content\/uploads\/2019\/08\/Instruction-Ear-plugs-DK-1-to-4-steps-416x303.png 416w, https:\/\/medtest.stagingservers.net\/wp-content\/uploads\/2019\/08\/Instruction-Ear-plugs-DK-1-to-4-steps.png 882w\" sizes=\"auto, (max-width: 779px) 100vw, 779px\" \/><\/p>\n<h3><span class=\"tlid-translation translation\" lang=\"da\"><span class=\"\" title=\"\">Materialet<\/span><\/span><\/h3>\n<p><span class=\"tlid-translation translation\" lang=\"da\"><span title=\"\">Massen best\u00e5r af polyvinylsiloxaner med lav molekylv\u00e6gt (PVS). PVS indeholder silangrupper, der er bundet sammen til et netv\u00e6rk af k\u00e6der, hvilket giver materialet en unik karakter, som minder om &#8220;gummi&#8221;. PVS er en elastomer, der forbliver stabil, selv efter at massen er st\u00f8rknet. S\u00e5 n\u00e5r \u00f8repropperne er klar og massen er st\u00f8rknet, g\u00f8res dette med et n\u00f8jagtigt slutresultat. PVC er et sikkert materiale og ikke f\u00f8lsomt over for patienter. Det er blevet brugt i kliniske milj\u00f8er i over 30 \u00e5r.<\/span><\/span><\/p>\n<p><img loading=\"lazy\" decoding=\"async\" class=\"wp-image-72267 aligncenter\" src=\"https:\/\/medtest.stagingservers.net\/wp-content\/uploads\/2019\/08\/Ear-plugs-DK-Shower-girl-720x356.png\" alt=\"\" width=\"912\" height=\"451\" srcset=\"https:\/\/medtest.stagingservers.net\/wp-content\/uploads\/2019\/08\/Ear-plugs-DK-Shower-girl-720x356.png 720w, https:\/\/medtest.stagingservers.net\/wp-content\/uploads\/2019\/08\/Ear-plugs-DK-Shower-girl-768x379.png 768w, https:\/\/medtest.stagingservers.net\/wp-content\/uploads\/2019\/08\/Ear-plugs-DK-Shower-girl-416x205.png 416w, https:\/\/medtest.stagingservers.net\/wp-content\/uploads\/2019\/08\/Ear-plugs-DK-Shower-girl.png 1049w\" sizes=\"auto, (max-width: 912px) 100vw, 912px\" \/><\/p>\n<p>&nbsp;<\/p>\n<p><span class=\"tlid-translation translation\" lang=\"da\"><span class=\"\" title=\"\">Hvis du har sp\u00f8rgsm\u00e5l om vores \u00f8repropper, bedes du <a href=\"https:\/\/medtest.stagingservers.net\/da\/kontakt-os\/\">kontakte os her<\/a>. <\/span><\/span><\/p>\n<p><span class=\"tlid-translation translation\" lang=\"da\"><span class=\"\" title=\"\">Vi fors\u00f8ger at bevare den bedst mulige service ved at besvare alle sp\u00f8rgsm\u00e5l inden for 24 timer.<\/span><\/span><\/p>\n","protected":false},"excerpt":{"rendered":"<p>Form dine personlige \u00f8repropper i dine egne \u00f8rer p\u00e5 en enkel, hurtig og nem m\u00e5de. \u00d8repropperne beskytter mod b\u00e5de lydb\u00f8lger og fugt. Da propperne bevarer deres form, kan de bruges flere gange. Du kan vaske \u00f8repropper i opvaskemaskinen.<\/p>\n","protected":false},"featured_media":71732,"comment_status":"closed","ping_status":"closed","template":"","meta":{"_acf_changed":false,"footnotes":""},"product_brand":[],"product_cat":[861],"product_tag":[],"class_list":{"0":"post-71728","1":"product","2":"type-product","3":"status-publish","4":"has-post-thumbnail","6":"product_cat-stobte-orepropper","8":"first","9":"instock","10":"taxable","11":"shipping-taxable","12":"purchasable","13":"product-type-variable"},"acf":[],"yoast_head":"<title>\u00d8repropper - Form dine personlige \u00f8replugger - fra 299 DKK- Medtest<\/title>\n<meta name=\"description\" content=\"\u00d8repropper - Form dine personlige \u00f8replugger - som du skreddersyr til \u00f8rene dine. Vannisolerende og formfast. Lukk lyden n\u00e5r du flyr, sover\" \/>\n<meta name=\"robots\" content=\"noindex, follow, max-snippet:-1, max-image-preview:large, max-video-preview:-1\" \/>\n<meta property=\"og:locale\" content=\"da_DK\" \/>\n<meta property=\"og:type\" content=\"article\" \/>\n<meta property=\"og:title\" content=\"\u00d8repropper - Form dine personlige \u00f8replugger - fra 299 DKK- Medtest\" \/>\n<meta property=\"og:description\" content=\"\u00d8repropper - Form dine personlige \u00f8replugger - som du skreddersyr til \u00f8rene dine. Vannisolerende og formfast. Lukk lyden n\u00e5r du flyr, sover\" \/>\n<meta property=\"og:url\" content=\"https:\/\/medtest.stagingservers.net\/da\/vare\/stobte-orepropper\/\" \/>\n<meta property=\"og:site_name\" content=\"Medtest.shop\" \/>\n<meta property=\"article:publisher\" content=\"https:\/\/www.facebook.com\/Medtest-1440779469392476\/\" \/>\n<meta property=\"article:modified_time\" content=\"2021-01-13T09:11:25+00:00\" \/>\n<meta property=\"og:image\" content=\"https:\/\/medtest.stagingservers.net\/wp-content\/uploads\/2019\/05\/Ear-plug-HS.jpeg\" \/>\n\t<meta property=\"og:image:width\" content=\"2100\" \/>\n\t<meta property=\"og:image:height\" content=\"1400\" \/>\n\t<meta property=\"og:image:type\" content=\"image\/jpeg\" \/>\n<meta name=\"twitter:card\" content=\"summary_large_image\" \/>\n<script type=\"application\/ld+json\" class=\"yoast-schema-graph\">{\"@context\":\"https:\\\/\\\/schema.org\",\"@graph\":[{\"@type\":\"WebPage\",\"@id\":\"https:\\\/\\\/medtest.stagingservers.net\\\/da\\\/vare\\\/stobte-orepropper\\\/\",\"url\":\"https:\\\/\\\/medtest.stagingservers.net\\\/da\\\/vare\\\/stobte-orepropper\\\/\",\"name\":\"\u00d8repropper - Form dine personlige \u00f8replugger - fra 299 DKK- Medtest\",\"isPartOf\":{\"@id\":\"https:\\\/\\\/medtest.stagingservers.net\\\/da\\\/#website\"},\"primaryImageOfPage\":{\"@id\":\"https:\\\/\\\/medtest.stagingservers.net\\\/da\\\/vare\\\/stobte-orepropper\\\/#primaryimage\"},\"image\":{\"@id\":\"https:\\\/\\\/medtest.stagingservers.net\\\/da\\\/vare\\\/stobte-orepropper\\\/#primaryimage\"},\"thumbnailUrl\":\"https:\\\/\\\/medtest.stagingservers.net\\\/wp-content\\\/uploads\\\/2019\\\/05\\\/Ear-plug-HS.jpeg\",\"datePublished\":\"2019-08-14T08:17:00+00:00\",\"dateModified\":\"2021-01-13T09:11:25+00:00\",\"description\":\"\u00d8repropper - Form dine personlige \u00f8replugger - som du skreddersyr til \u00f8rene dine. Vannisolerende og formfast. Lukk lyden n\u00e5r du flyr, sover\",\"breadcrumb\":{\"@id\":\"https:\\\/\\\/medtest.stagingservers.net\\\/da\\\/vare\\\/stobte-orepropper\\\/#breadcrumb\"},\"inLanguage\":\"da-DK\",\"potentialAction\":[{\"@type\":\"ReadAction\",\"target\":[\"https:\\\/\\\/medtest.stagingservers.net\\\/da\\\/vare\\\/stobte-orepropper\\\/\"]}]},{\"@type\":\"ImageObject\",\"inLanguage\":\"da-DK\",\"@id\":\"https:\\\/\\\/medtest.stagingservers.net\\\/da\\\/vare\\\/stobte-orepropper\\\/#primaryimage\",\"url\":\"https:\\\/\\\/medtest.stagingservers.net\\\/wp-content\\\/uploads\\\/2019\\\/05\\\/Ear-plug-HS.jpeg\",\"contentUrl\":\"https:\\\/\\\/medtest.stagingservers.net\\\/wp-content\\\/uploads\\\/2019\\\/05\\\/Ear-plug-HS.jpeg\",\"width\":2100,\"height\":1400,\"caption\":\"Formgjut dina egna \u00f6ronproppar\"},{\"@type\":\"BreadcrumbList\",\"@id\":\"https:\\\/\\\/medtest.stagingservers.net\\\/da\\\/vare\\\/stobte-orepropper\\\/#breadcrumb\",\"itemListElement\":[{\"@type\":\"ListItem\",\"position\":1,\"name\":\"Home\",\"item\":\"https:\\\/\\\/medtest.stagingservers.net\\\/da\\\/\"},{\"@type\":\"ListItem\",\"position\":2,\"name\":\"Butik\",\"item\":\"https:\\\/\\\/medtest.stagingservers.net\\\/da\\\/butik\\\/\"},{\"@type\":\"ListItem\",\"position\":3,\"name\":\"Formst\u00f8bte \u00f8repropper\"}]},{\"@type\":\"WebSite\",\"@id\":\"https:\\\/\\\/medtest.stagingservers.net\\\/da\\\/#website\",\"url\":\"https:\\\/\\\/medtest.stagingservers.net\\\/da\\\/\",\"name\":\"Medtest.shop\",\"description\":\"\",\"publisher\":{\"@id\":\"https:\\\/\\\/medtest.stagingservers.net\\\/da\\\/#organization\"},\"potentialAction\":[{\"@type\":\"SearchAction\",\"target\":{\"@type\":\"EntryPoint\",\"urlTemplate\":\"https:\\\/\\\/medtest.stagingservers.net\\\/da\\\/?s={search_term_string}\"},\"query-input\":{\"@type\":\"PropertyValueSpecification\",\"valueRequired\":true,\"valueName\":\"search_term_string\"}}],\"inLanguage\":\"da-DK\"},{\"@type\":\"Organization\",\"@id\":\"https:\\\/\\\/medtest.stagingservers.net\\\/da\\\/#organization\",\"name\":\"Medtest\",\"url\":\"https:\\\/\\\/medtest.stagingservers.net\\\/da\\\/\",\"logo\":{\"@type\":\"ImageObject\",\"inLanguage\":\"da-DK\",\"@id\":\"https:\\\/\\\/medtest.stagingservers.net\\\/da\\\/#\\\/schema\\\/logo\\\/image\\\/\",\"url\":\"https:\\\/\\\/medtest.stagingservers.net\\\/wp-content\\\/uploads\\\/2018\\\/11\\\/Original.png\",\"contentUrl\":\"https:\\\/\\\/medtest.stagingservers.net\\\/wp-content\\\/uploads\\\/2018\\\/11\\\/Original.png\",\"width\":1024,\"height\":1024,\"caption\":\"Medtest\"},\"image\":{\"@id\":\"https:\\\/\\\/medtest.stagingservers.net\\\/da\\\/#\\\/schema\\\/logo\\\/image\\\/\"},\"sameAs\":[\"https:\\\/\\\/www.facebook.com\\\/Medtest-1440779469392476\\\/\"]}]}<\/script>","yoast_head_json":{"title":"\u00d8repropper - Form dine personlige \u00f8replugger - fra 299 DKK- Medtest","description":"\u00d8repropper - Form dine personlige \u00f8replugger - som du skreddersyr til \u00f8rene dine. Vannisolerende og formfast. Lukk lyden n\u00e5r du flyr, sover","robots":{"index":"noindex","follow":"follow","max-snippet":"max-snippet:-1","max-image-preview":"max-image-preview:large","max-video-preview":"max-video-preview:-1"},"og_locale":"da_DK","og_type":"article","og_title":"\u00d8repropper - Form dine personlige \u00f8replugger - fra 299 DKK- Medtest","og_description":"\u00d8repropper - Form dine personlige \u00f8replugger - som du skreddersyr til \u00f8rene dine. Vannisolerende og formfast. Lukk lyden n\u00e5r du flyr, sover","og_url":"https:\/\/medtest.stagingservers.net\/da\/vare\/stobte-orepropper\/","og_site_name":"Medtest.shop","article_publisher":"https:\/\/www.facebook.com\/Medtest-1440779469392476\/","article_modified_time":"2021-01-13T09:11:25+00:00","og_image":[{"width":2100,"height":1400,"url":"https:\/\/medtest.stagingservers.net\/wp-content\/uploads\/2019\/05\/Ear-plug-HS.jpeg","type":"image\/jpeg"}],"twitter_card":"summary_large_image","schema":{"@context":"https:\/\/schema.org","@graph":[{"@type":"WebPage","@id":"https:\/\/medtest.stagingservers.net\/da\/vare\/stobte-orepropper\/","url":"https:\/\/medtest.stagingservers.net\/da\/vare\/stobte-orepropper\/","name":"\u00d8repropper - Form dine personlige \u00f8replugger - fra 299 DKK- Medtest","isPartOf":{"@id":"https:\/\/medtest.stagingservers.net\/da\/#website"},"primaryImageOfPage":{"@id":"https:\/\/medtest.stagingservers.net\/da\/vare\/stobte-orepropper\/#primaryimage"},"image":{"@id":"https:\/\/medtest.stagingservers.net\/da\/vare\/stobte-orepropper\/#primaryimage"},"thumbnailUrl":"https:\/\/medtest.stagingservers.net\/wp-content\/uploads\/2019\/05\/Ear-plug-HS.jpeg","datePublished":"2019-08-14T08:17:00+00:00","dateModified":"2021-01-13T09:11:25+00:00","description":"\u00d8repropper - Form dine personlige \u00f8replugger - som du skreddersyr til \u00f8rene dine. Vannisolerende og formfast. Lukk lyden n\u00e5r du flyr, sover","breadcrumb":{"@id":"https:\/\/medtest.stagingservers.net\/da\/vare\/stobte-orepropper\/#breadcrumb"},"inLanguage":"da-DK","potentialAction":[{"@type":"ReadAction","target":["https:\/\/medtest.stagingservers.net\/da\/vare\/stobte-orepropper\/"]}]},{"@type":"ImageObject","inLanguage":"da-DK","@id":"https:\/\/medtest.stagingservers.net\/da\/vare\/stobte-orepropper\/#primaryimage","url":"https:\/\/medtest.stagingservers.net\/wp-content\/uploads\/2019\/05\/Ear-plug-HS.jpeg","contentUrl":"https:\/\/medtest.stagingservers.net\/wp-content\/uploads\/2019\/05\/Ear-plug-HS.jpeg","width":2100,"height":1400,"caption":"Formgjut dina egna \u00f6ronproppar"},{"@type":"BreadcrumbList","@id":"https:\/\/medtest.stagingservers.net\/da\/vare\/stobte-orepropper\/#breadcrumb","itemListElement":[{"@type":"ListItem","position":1,"name":"Home","item":"https:\/\/medtest.stagingservers.net\/da\/"},{"@type":"ListItem","position":2,"name":"Butik","item":"https:\/\/medtest.stagingservers.net\/da\/butik\/"},{"@type":"ListItem","position":3,"name":"Formst\u00f8bte \u00f8repropper"}]},{"@type":"WebSite","@id":"https:\/\/medtest.stagingservers.net\/da\/#website","url":"https:\/\/medtest.stagingservers.net\/da\/","name":"Medtest.shop","description":"","publisher":{"@id":"https:\/\/medtest.stagingservers.net\/da\/#organization"},"potentialAction":[{"@type":"SearchAction","target":{"@type":"EntryPoint","urlTemplate":"https:\/\/medtest.stagingservers.net\/da\/?s={search_term_string}"},"query-input":{"@type":"PropertyValueSpecification","valueRequired":true,"valueName":"search_term_string"}}],"inLanguage":"da-DK"},{"@type":"Organization","@id":"https:\/\/medtest.stagingservers.net\/da\/#organization","name":"Medtest","url":"https:\/\/medtest.stagingservers.net\/da\/","logo":{"@type":"ImageObject","inLanguage":"da-DK","@id":"https:\/\/medtest.stagingservers.net\/da\/#\/schema\/logo\/image\/","url":"https:\/\/medtest.stagingservers.net\/wp-content\/uploads\/2018\/11\/Original.png","contentUrl":"https:\/\/medtest.stagingservers.net\/wp-content\/uploads\/2018\/11\/Original.png","width":1024,"height":1024,"caption":"Medtest"},"image":{"@id":"https:\/\/medtest.stagingservers.net\/da\/#\/schema\/logo\/image\/"},"sameAs":["https:\/\/www.facebook.com\/Medtest-1440779469392476\/"]}]}},"_links":{"self":[{"href":"https:\/\/medtest.stagingservers.net\/da\/wp-json\/wp\/v2\/product\/71728","targetHints":{"allow":["GET"]}}],"collection":[{"href":"https:\/\/medtest.stagingservers.net\/da\/wp-json\/wp\/v2\/product"}],"about":[{"href":"https:\/\/medtest.stagingservers.net\/da\/wp-json\/wp\/v2\/types\/product"}],"replies":[{"embeddable":true,"href":"https:\/\/medtest.stagingservers.net\/da\/wp-json\/wp\/v2\/comments?post=71728"}],"version-history":[{"count":1,"href":"https:\/\/medtest.stagingservers.net\/da\/wp-json\/wp\/v2\/product\/71728\/revisions"}],"predecessor-version":[{"id":89266,"href":"https:\/\/medtest.stagingservers.net\/da\/wp-json\/wp\/v2\/product\/71728\/revisions\/89266"}],"wp:featuredmedia":[{"embeddable":true,"href":"https:\/\/medtest.stagingservers.net\/da\/wp-json\/wp\/v2\/media\/71732"}],"wp:attachment":[{"href":"https:\/\/medtest.stagingservers.net\/da\/wp-json\/wp\/v2\/media?parent=71728"}],"wp:term":[{"taxonomy":"product_brand","embeddable":true,"href":"https:\/\/medtest.stagingservers.net\/da\/wp-json\/wp\/v2\/product_brand?post=71728"},{"taxonomy":"product_cat","embeddable":true,"href":"https:\/\/medtest.stagingservers.net\/da\/wp-json\/wp\/v2\/product_cat?post=71728"},{"taxonomy":"product_tag","embeddable":true,"href":"https:\/\/medtest.stagingservers.net\/da\/wp-json\/wp\/v2\/product_tag?post=71728"}],"curies":[{"name":"wp","href":"https:\/\/api.w.org\/{rel}","templated":true}]}}