{"id":71739,"date":"2019-08-14T08:31:31","date_gmt":"2019-08-14T08:31:31","guid":{"rendered":"https:\/\/medtest.stagingservers.net\/product\/lever-test\/"},"modified":"2019-09-23T15:41:53","modified_gmt":"2019-09-23T13:41:53","slug":"lever-test","status":"publish","type":"product","link":"https:\/\/medtest.stagingservers.net\/da\/vare\/lever-test\/","title":{"rendered":"Leverfunktionstest"},"content":{"rendered":"<h2>Leverfunktionstest<\/h2>\n<p>Testen bruges til at kontrollere bilirubin og urobilinogen i urinpr\u00f8ver som hj\u00e6lp til diagnosticering af lever- og galdebl\u00e6reproblemer. Testen giver resultat gennem visuel sammenligning med et farveskema, der er trykt p\u00e5 pakken.<\/p>\n<h4>Hvorfor analysere bilirubin?<\/h4>\n<p>I tilf\u00e6lde af mistanke om leversygdom b\u00f8r niveauet af bilirubin analyseres, og det samme g\u00e6lder ved mistanke om galdesygdomme. Selvom der er mistanke om for\u00f8get nedbrydning af r\u00f8de blodlegemer i blodet, kontrolleres bilirubinniveauet. Et klinisk tegn p\u00e5 forh\u00f8jet bilirubinniveau i kroppen er tilstedev\u00e6relsen af \u200b\u200bgulsot, hvilket betyder, at huden og \u00f8jenl\u00e5gene antager en gullig tone.<\/p>\n<h4>Forh\u00f8jet bilirubin &#8211; hvad betyder det?<\/h4>\n<p>En \u00f8get v\u00e6rdi kan have flere forskellige grunde. Det ses ofte i forbindelse med leversygdom, f.eks. som f\u00f8lge af langvarigt h\u00f8jt indtag af alkohol eller infektion i leverv\u00e6vet (ofte hepatitis A eller f\u00e5resyge). Bilirubin kan ogs\u00e5 stige i forbindelse med sygdomme, der for\u00e5rsager obstruktion af galdevejene, hvilket normalt skyldes galdesten eller tumorer. Nogle typer af arvelige enzymmangler kan ogs\u00e5 for\u00e5rsage en stigning i bilirubin. Ligeledes ses forh\u00f8jede bilirubinniveauer hos mennesker, der er alvorligt syge af forskellige grunde, der ikke n\u00f8dvendigvis er direkte forbundet med leveren, for eksempel i tumorsygdomme, alvorlige infektioner og sv\u00e6rt hjertesvigt.<\/p>\n<p>Forh\u00f8jet bilirubin kan ogs\u00e5 forekomme ved h\u00e6molyse, hvilket betyder, at de r\u00f8de blodlegemer nedbrydes hurtigere end normalt. Mange forskellige l\u00e6gemidler, f.eks. \u00f8strogener, androgene anabolske steroider, nogle former for blodtryksmedicin og antibiotika, antiepileptika, antidepressiver og analgetika kan nogle gange ogs\u00e5 p\u00e5virke leveren og \u00f8ge bilirubin i blodet.<\/p>\n<div>\n<h5><b>Anvendelse af selvtesten<\/b><\/h5>\n<\/div>\n<ol start=\"1\">\n<li class=\"mobile-undersized-upper\" data-index=\"479\" data-length=\"49\"><span class=\"mobile-undersized-upper\">\u00c5bn folieindpakningen og tag teststrimlen ud.<\/span><\/li>\n<li class=\"mobile-undersized-upper\" data-index=\"528\" data-length=\"49\"><span class=\"mobile-undersized-upper\">Uriner i en kop\/b\u00e6ger og dyp teststrimlen deri.<\/span><\/li>\n<li class=\"mobile-undersized-upper\" data-index=\"577\" data-length=\"39\"><span class=\"mobile-undersized-upper\">Afl\u00e6s svaret efter cirka 1 minut. Afl\u00e6s resultatet ved at sammenligne strimlens farver med dem i diagrammet. N\u00e5r du sammenligner, skal du holde strimlen i en vandret position for at undg\u00e5, at farverne i de to reaktionsomr\u00e5der p\u00e5 strimlen blandes.<\/span><\/li>\n<\/ol>\n<p><img loading=\"lazy\" decoding=\"async\" class=\"alignnone wp-image-54850\" src=\"https:\/\/medtest.stagingservers.net\/wp-content\/uploads\/2019\/03\/Lever-resultat.png\" alt=\"\" width=\"825\" height=\"172\" srcset=\"https:\/\/medtest.stagingservers.net\/wp-content\/uploads\/2019\/03\/Lever-resultat.png 1086w, https:\/\/medtest.stagingservers.net\/wp-content\/uploads\/2019\/03\/Lever-resultat-600x125.png 600w, https:\/\/medtest.stagingservers.net\/wp-content\/uploads\/2019\/03\/Lever-resultat-200x42.png 200w, https:\/\/medtest.stagingservers.net\/wp-content\/uploads\/2019\/03\/Lever-resultat-720x150.png 720w, https:\/\/medtest.stagingservers.net\/wp-content\/uploads\/2019\/03\/Lever-resultat-768x160.png 768w, https:\/\/medtest.stagingservers.net\/wp-content\/uploads\/2019\/03\/Lever-resultat-1024x213.png 1024w, https:\/\/medtest.stagingservers.net\/wp-content\/uploads\/2019\/03\/Lever-resultat-416x87.png 416w, https:\/\/medtest.stagingservers.net\/wp-content\/uploads\/2019\/03\/Lever-resultat-300x62.png 300w\" sizes=\"auto, (max-width: 825px) 100vw, 825px\" \/><\/p>\n","protected":false},"excerpt":{"rendered":"<p>I leverproblemer kan der forekomme en r\u00e6kke symptomer, s\u00e5som m\u00f8rk urin eller lette aff\u00f8ring, d\u00e5rlig appetit, gullig \u00f8jenvitt eller hud (gulsot), h\u00e6velse over maven, svaghed eller alvorlig tr\u00e6thed. Der kan v\u00e6re mange \u00e5rsager relateret til leverproblemer som hepatitis, bivirkninger af nogle medikamenter eller p\u00e5 grund af tungt alkoholforbrug,<\/p>\n","protected":false},"featured_media":71741,"comment_status":"closed","ping_status":"closed","template":"","meta":{"_acf_changed":false,"footnotes":""},"product_brand":[],"product_cat":[872],"product_tag":[],"class_list":{"0":"post-71739","1":"product","2":"type-product","3":"status-publish","4":"has-post-thumbnail","6":"product_cat-lever","8":"first","9":"instock","10":"taxable","11":"shipping-taxable","12":"purchasable","13":"product-type-simple"},"acf":[],"yoast_head":"<title>Leverfunktionstest - Medtest.shop<\/title>\n<meta name=\"description\" content=\"Leverfunktionstest - Medtest.shop\" \/>\n<meta name=\"robots\" content=\"noindex, follow, max-snippet:-1, max-image-preview:large, max-video-preview:-1\" \/>\n<meta property=\"og:locale\" content=\"da_DK\" \/>\n<meta property=\"og:type\" content=\"article\" \/>\n<meta property=\"og:title\" content=\"Leverfunktionstest - Medtest.shop\" \/>\n<meta property=\"og:description\" content=\"Leverfunktionstest - Medtest.shop\" \/>\n<meta property=\"og:url\" content=\"https:\/\/medtest.stagingservers.net\/da\/vare\/lever-test\/\" \/>\n<meta property=\"og:site_name\" content=\"Medtest.shop\" \/>\n<meta property=\"article:publisher\" content=\"https:\/\/www.facebook.com\/Medtest-1440779469392476\/\" \/>\n<meta property=\"article:modified_time\" content=\"2019-09-23T13:41:53+00:00\" \/>\n<meta property=\"og:image\" content=\"https:\/\/medtest.stagingservers.net\/wp-content\/uploads\/2019\/08\/Lever-da.png\" \/>\n\t<meta property=\"og:image:width\" content=\"527\" \/>\n\t<meta property=\"og:image:height\" content=\"406\" \/>\n\t<meta property=\"og:image:type\" content=\"image\/png\" \/>\n<meta name=\"twitter:card\" content=\"summary_large_image\" \/>\n<script type=\"application\/ld+json\" class=\"yoast-schema-graph\">{\"@context\":\"https:\\\/\\\/schema.org\",\"@graph\":[{\"@type\":\"WebPage\",\"@id\":\"https:\\\/\\\/medtest.stagingservers.net\\\/da\\\/vare\\\/lever-test\\\/\",\"url\":\"https:\\\/\\\/medtest.stagingservers.net\\\/da\\\/vare\\\/lever-test\\\/\",\"name\":\"Leverfunktionstest - Medtest.shop\",\"isPartOf\":{\"@id\":\"https:\\\/\\\/medtest.stagingservers.net\\\/da\\\/#website\"},\"primaryImageOfPage\":{\"@id\":\"https:\\\/\\\/medtest.stagingservers.net\\\/da\\\/vare\\\/lever-test\\\/#primaryimage\"},\"image\":{\"@id\":\"https:\\\/\\\/medtest.stagingservers.net\\\/da\\\/vare\\\/lever-test\\\/#primaryimage\"},\"thumbnailUrl\":\"https:\\\/\\\/medtest.stagingservers.net\\\/wp-content\\\/uploads\\\/2019\\\/08\\\/Lever-da.png\",\"datePublished\":\"2019-08-14T08:31:31+00:00\",\"dateModified\":\"2019-09-23T13:41:53+00:00\",\"description\":\"Leverfunktionstest - Medtest.shop\",\"breadcrumb\":{\"@id\":\"https:\\\/\\\/medtest.stagingservers.net\\\/da\\\/vare\\\/lever-test\\\/#breadcrumb\"},\"inLanguage\":\"da-DK\",\"potentialAction\":[{\"@type\":\"ReadAction\",\"target\":[\"https:\\\/\\\/medtest.stagingservers.net\\\/da\\\/vare\\\/lever-test\\\/\"]}]},{\"@type\":\"ImageObject\",\"inLanguage\":\"da-DK\",\"@id\":\"https:\\\/\\\/medtest.stagingservers.net\\\/da\\\/vare\\\/lever-test\\\/#primaryimage\",\"url\":\"https:\\\/\\\/medtest.stagingservers.net\\\/wp-content\\\/uploads\\\/2019\\\/08\\\/Lever-da.png\",\"contentUrl\":\"https:\\\/\\\/medtest.stagingservers.net\\\/wp-content\\\/uploads\\\/2019\\\/08\\\/Lever-da.png\",\"width\":527,\"height\":406},{\"@type\":\"BreadcrumbList\",\"@id\":\"https:\\\/\\\/medtest.stagingservers.net\\\/da\\\/vare\\\/lever-test\\\/#breadcrumb\",\"itemListElement\":[{\"@type\":\"ListItem\",\"position\":1,\"name\":\"Home\",\"item\":\"https:\\\/\\\/medtest.stagingservers.net\\\/da\\\/\"},{\"@type\":\"ListItem\",\"position\":2,\"name\":\"Butik\",\"item\":\"https:\\\/\\\/medtest.stagingservers.net\\\/da\\\/butik\\\/\"},{\"@type\":\"ListItem\",\"position\":3,\"name\":\"Leverfunktionstest\"}]},{\"@type\":\"WebSite\",\"@id\":\"https:\\\/\\\/medtest.stagingservers.net\\\/da\\\/#website\",\"url\":\"https:\\\/\\\/medtest.stagingservers.net\\\/da\\\/\",\"name\":\"Medtest.shop\",\"description\":\"\",\"publisher\":{\"@id\":\"https:\\\/\\\/medtest.stagingservers.net\\\/da\\\/#organization\"},\"potentialAction\":[{\"@type\":\"SearchAction\",\"target\":{\"@type\":\"EntryPoint\",\"urlTemplate\":\"https:\\\/\\\/medtest.stagingservers.net\\\/da\\\/?s={search_term_string}\"},\"query-input\":{\"@type\":\"PropertyValueSpecification\",\"valueRequired\":true,\"valueName\":\"search_term_string\"}}],\"inLanguage\":\"da-DK\"},{\"@type\":\"Organization\",\"@id\":\"https:\\\/\\\/medtest.stagingservers.net\\\/da\\\/#organization\",\"name\":\"Medtest\",\"url\":\"https:\\\/\\\/medtest.stagingservers.net\\\/da\\\/\",\"logo\":{\"@type\":\"ImageObject\",\"inLanguage\":\"da-DK\",\"@id\":\"https:\\\/\\\/medtest.stagingservers.net\\\/da\\\/#\\\/schema\\\/logo\\\/image\\\/\",\"url\":\"https:\\\/\\\/medtest.stagingservers.net\\\/wp-content\\\/uploads\\\/2018\\\/11\\\/Original.png\",\"contentUrl\":\"https:\\\/\\\/medtest.stagingservers.net\\\/wp-content\\\/uploads\\\/2018\\\/11\\\/Original.png\",\"width\":1024,\"height\":1024,\"caption\":\"Medtest\"},\"image\":{\"@id\":\"https:\\\/\\\/medtest.stagingservers.net\\\/da\\\/#\\\/schema\\\/logo\\\/image\\\/\"},\"sameAs\":[\"https:\\\/\\\/www.facebook.com\\\/Medtest-1440779469392476\\\/\"]}]}<\/script>","yoast_head_json":{"title":"Leverfunktionstest - Medtest.shop","description":"Leverfunktionstest - Medtest.shop","robots":{"index":"noindex","follow":"follow","max-snippet":"max-snippet:-1","max-image-preview":"max-image-preview:large","max-video-preview":"max-video-preview:-1"},"og_locale":"da_DK","og_type":"article","og_title":"Leverfunktionstest - Medtest.shop","og_description":"Leverfunktionstest - Medtest.shop","og_url":"https:\/\/medtest.stagingservers.net\/da\/vare\/lever-test\/","og_site_name":"Medtest.shop","article_publisher":"https:\/\/www.facebook.com\/Medtest-1440779469392476\/","article_modified_time":"2019-09-23T13:41:53+00:00","og_image":[{"width":527,"height":406,"url":"https:\/\/medtest.stagingservers.net\/wp-content\/uploads\/2019\/08\/Lever-da.png","type":"image\/png"}],"twitter_card":"summary_large_image","schema":{"@context":"https:\/\/schema.org","@graph":[{"@type":"WebPage","@id":"https:\/\/medtest.stagingservers.net\/da\/vare\/lever-test\/","url":"https:\/\/medtest.stagingservers.net\/da\/vare\/lever-test\/","name":"Leverfunktionstest - Medtest.shop","isPartOf":{"@id":"https:\/\/medtest.stagingservers.net\/da\/#website"},"primaryImageOfPage":{"@id":"https:\/\/medtest.stagingservers.net\/da\/vare\/lever-test\/#primaryimage"},"image":{"@id":"https:\/\/medtest.stagingservers.net\/da\/vare\/lever-test\/#primaryimage"},"thumbnailUrl":"https:\/\/medtest.stagingservers.net\/wp-content\/uploads\/2019\/08\/Lever-da.png","datePublished":"2019-08-14T08:31:31+00:00","dateModified":"2019-09-23T13:41:53+00:00","description":"Leverfunktionstest - Medtest.shop","breadcrumb":{"@id":"https:\/\/medtest.stagingservers.net\/da\/vare\/lever-test\/#breadcrumb"},"inLanguage":"da-DK","potentialAction":[{"@type":"ReadAction","target":["https:\/\/medtest.stagingservers.net\/da\/vare\/lever-test\/"]}]},{"@type":"ImageObject","inLanguage":"da-DK","@id":"https:\/\/medtest.stagingservers.net\/da\/vare\/lever-test\/#primaryimage","url":"https:\/\/medtest.stagingservers.net\/wp-content\/uploads\/2019\/08\/Lever-da.png","contentUrl":"https:\/\/medtest.stagingservers.net\/wp-content\/uploads\/2019\/08\/Lever-da.png","width":527,"height":406},{"@type":"BreadcrumbList","@id":"https:\/\/medtest.stagingservers.net\/da\/vare\/lever-test\/#breadcrumb","itemListElement":[{"@type":"ListItem","position":1,"name":"Home","item":"https:\/\/medtest.stagingservers.net\/da\/"},{"@type":"ListItem","position":2,"name":"Butik","item":"https:\/\/medtest.stagingservers.net\/da\/butik\/"},{"@type":"ListItem","position":3,"name":"Leverfunktionstest"}]},{"@type":"WebSite","@id":"https:\/\/medtest.stagingservers.net\/da\/#website","url":"https:\/\/medtest.stagingservers.net\/da\/","name":"Medtest.shop","description":"","publisher":{"@id":"https:\/\/medtest.stagingservers.net\/da\/#organization"},"potentialAction":[{"@type":"SearchAction","target":{"@type":"EntryPoint","urlTemplate":"https:\/\/medtest.stagingservers.net\/da\/?s={search_term_string}"},"query-input":{"@type":"PropertyValueSpecification","valueRequired":true,"valueName":"search_term_string"}}],"inLanguage":"da-DK"},{"@type":"Organization","@id":"https:\/\/medtest.stagingservers.net\/da\/#organization","name":"Medtest","url":"https:\/\/medtest.stagingservers.net\/da\/","logo":{"@type":"ImageObject","inLanguage":"da-DK","@id":"https:\/\/medtest.stagingservers.net\/da\/#\/schema\/logo\/image\/","url":"https:\/\/medtest.stagingservers.net\/wp-content\/uploads\/2018\/11\/Original.png","contentUrl":"https:\/\/medtest.stagingservers.net\/wp-content\/uploads\/2018\/11\/Original.png","width":1024,"height":1024,"caption":"Medtest"},"image":{"@id":"https:\/\/medtest.stagingservers.net\/da\/#\/schema\/logo\/image\/"},"sameAs":["https:\/\/www.facebook.com\/Medtest-1440779469392476\/"]}]}},"_links":{"self":[{"href":"https:\/\/medtest.stagingservers.net\/da\/wp-json\/wp\/v2\/product\/71739","targetHints":{"allow":["GET"]}}],"collection":[{"href":"https:\/\/medtest.stagingservers.net\/da\/wp-json\/wp\/v2\/product"}],"about":[{"href":"https:\/\/medtest.stagingservers.net\/da\/wp-json\/wp\/v2\/types\/product"}],"replies":[{"embeddable":true,"href":"https:\/\/medtest.stagingservers.net\/da\/wp-json\/wp\/v2\/comments?post=71739"}],"version-history":[{"count":0,"href":"https:\/\/medtest.stagingservers.net\/da\/wp-json\/wp\/v2\/product\/71739\/revisions"}],"wp:featuredmedia":[{"embeddable":true,"href":"https:\/\/medtest.stagingservers.net\/da\/wp-json\/wp\/v2\/media\/71741"}],"wp:attachment":[{"href":"https:\/\/medtest.stagingservers.net\/da\/wp-json\/wp\/v2\/media?parent=71739"}],"wp:term":[{"taxonomy":"product_brand","embeddable":true,"href":"https:\/\/medtest.stagingservers.net\/da\/wp-json\/wp\/v2\/product_brand?post=71739"},{"taxonomy":"product_cat","embeddable":true,"href":"https:\/\/medtest.stagingservers.net\/da\/wp-json\/wp\/v2\/product_cat?post=71739"},{"taxonomy":"product_tag","embeddable":true,"href":"https:\/\/medtest.stagingservers.net\/da\/wp-json\/wp\/v2\/product_tag?post=71739"}],"curies":[{"name":"wp","href":"https:\/\/api.w.org\/{rel}","templated":true}]}}