{"id":71747,"date":"2019-08-14T08:41:52","date_gmt":"2019-08-14T08:41:52","guid":{"rendered":"https:\/\/medtest.stagingservers.net\/product\/nyretest\/"},"modified":"2019-09-23T15:33:31","modified_gmt":"2019-09-23T13:33:31","slug":"nyretest","status":"publish","type":"product","link":"https:\/\/medtest.stagingservers.net\/da\/vare\/nyretest\/","title":{"rendered":"Nyretest"},"content":{"rendered":"<h2>Nyretest<\/h2>\n<p>Testen kontrollerer <strong>kreatinin, protein og urin-specifik gravitation <\/strong>i urinpr\u00f8ver som et hj\u00e6lpemiddel til diagnosticering af nyresygdom. Testen giver resultat ved visuel sammenligning med et farveskema, der er trykt p\u00e5 emballagen (se nedenfor).<\/p>\n<h5>Kreatinin<\/h5>\n<p>Kreatinin er et kemisk affaldsprodukt i blodet, der passerer gennem nyrerne, som filtrerer blodet og udskiller kreatininen i urinen. Dette kemiske affaldsstof er et biprodukt af normal muskelfunktion. Jo flere muskler en person har, desto mere kreatinin producerer de. Blodniveauet af kreatinin afspejler b\u00e5de en persons muskelmasse samt deres nyrefunktion. De fleste m\u00e6nd med normal nyrefunktion har ca. 0,6 til 1,2 milligram\/deciliter (mg\/dl) kreatinin. De fleste kvinder med normal nyrefunktion har mellem 0,5 og 1,1 mg\/dl kreatinin. Kvinder har en tendens til at have lavere niveauer af kreatinin end m\u00e6nd, da kvinder i gennemsnit har mindre muskler end m\u00e6nd.<\/p>\n<h5>Protein<\/h5>\n<p>Normalt skal din urin i princippet ikke indeholde noget protein. Hvis du har protein i urinen, kan det v\u00e6re tegn p\u00e5 et problem med dine nyrers filtreringsevne.<\/p>\n<h5>Urin-specifik gravitation<\/h5>\n<p>Nyrerne renser kroppen for u\u00f8nskede stoffer s\u00e5som toksiner og metaboliske affaldsstoffer. Nyrernes rolle er at fjerne disse stoffer via urinen, uden at der mistes for meget v\u00e6ske. Koncentrationen af \u200b\u200bde udskilte molekyler bestemmer den urin-specifikke gravitation. Voksne har generelt en gravitation p\u00e5 ca. 1000 til 1030. En stigning i den urin-specifikke gravitation, dvs. \u00f8get koncentration af opl\u00f8ste stoffer i urinen, kan v\u00e6re forbundet med nyresvigt eller nedsat blodtilstr\u00f8mning til nyrerne.<\/p>\n<h5><strong>Anvendelse<\/strong><\/h5>\n<ol start=\"1\">\n<li>\u00c5bn folieindpakningen og tag teststrimlen ud.<\/li>\n<li><span class=\"mobile-undersized-upper\">Uriner i en kop\/b\u00e6ger og dyp teststrimlen deri.<\/span><\/li>\n<li><span class=\"mobile-undersized-upper\">Afl\u00e6s svaret efter cirka 1 minut.<\/span><\/li>\n<\/ol>\n<p><img loading=\"lazy\" decoding=\"async\" class=\"alignnone size-full wp-image-54846\" src=\"\/wp-content\/uploads\/2019\/03\/Njur-resultat.png\" alt=\"\" width=\"1098\" height=\"306\" srcset=\"https:\/\/medtest.stagingservers.net\/wp-content\/uploads\/2019\/03\/Njur-resultat.png 1098w, https:\/\/medtest.stagingservers.net\/wp-content\/uploads\/2019\/03\/Njur-resultat-600x167.png 600w, https:\/\/medtest.stagingservers.net\/wp-content\/uploads\/2019\/03\/Njur-resultat-200x56.png 200w, https:\/\/medtest.stagingservers.net\/wp-content\/uploads\/2019\/03\/Njur-resultat-720x201.png 720w, https:\/\/medtest.stagingservers.net\/wp-content\/uploads\/2019\/03\/Njur-resultat-768x214.png 768w, https:\/\/medtest.stagingservers.net\/wp-content\/uploads\/2019\/03\/Njur-resultat-1024x285.png 1024w, https:\/\/medtest.stagingservers.net\/wp-content\/uploads\/2019\/03\/Njur-resultat-416x116.png 416w, https:\/\/medtest.stagingservers.net\/wp-content\/uploads\/2019\/03\/Njur-resultat-300x84.png 300w\" sizes=\"auto, (max-width: 1098px) 100vw, 1098px\" \/><\/p>\n<p>Instruktioner p\u00e5 dansk medf\u00f8lger.<\/p>\n","protected":false},"excerpt":{"rendered":"<p>Med denne test kan du kontrollere dine nyrers filtreringsfunktion<br \/>\nTest koncentrationen af albumin i urinen vha. en prima hjemmetest og kontroller om dit niveau er normalt eller over det normale niveau. Det kan v\u00e6re en god indikator for din sundhed, hvorvidt der er et h\u00f8jt indhold af albumin i urinen. Et h\u00f8jt niveau af albumin indikerer en svaghed i nyrens filtreringsfunktion. Nyrerne s\u00f8rger for at filtrerer blodet for at fjerne urenheder. Proteiner der er st\u00f8rre, vil blive tilbage i nyrerne. Albumin er et protein og nyrerne b\u00f8r beholde denne. Hvis indholdet af albumin i nyrerne er nul eller mindre end 10 mg\/dl, fungerer nyrerne optimalt.<\/p>\n","protected":false},"featured_media":71749,"comment_status":"closed","ping_status":"closed","template":"","meta":{"_acf_changed":false,"footnotes":""},"product_brand":[],"product_cat":[874],"product_tag":[],"class_list":{"0":"post-71747","1":"product","2":"type-product","3":"status-publish","4":"has-post-thumbnail","6":"product_cat-nyre","8":"first","9":"instock","10":"taxable","11":"shipping-taxable","12":"purchasable","13":"product-type-simple"},"acf":[],"yoast_head":"<title>Nyretest - Medtest.shop<\/title>\n<meta name=\"description\" content=\"Nyretest - Medtest.shop\" \/>\n<meta name=\"robots\" content=\"noindex, follow, max-snippet:-1, max-image-preview:large, max-video-preview:-1\" \/>\n<meta property=\"og:locale\" content=\"da_DK\" \/>\n<meta property=\"og:type\" content=\"article\" \/>\n<meta property=\"og:title\" content=\"Nyretest - Medtest.shop\" \/>\n<meta property=\"og:description\" content=\"Nyretest - Medtest.shop\" \/>\n<meta property=\"og:url\" content=\"https:\/\/medtest.stagingservers.net\/da\/vare\/nyretest\/\" \/>\n<meta property=\"og:site_name\" content=\"Medtest.shop\" \/>\n<meta property=\"article:publisher\" content=\"https:\/\/www.facebook.com\/Medtest-1440779469392476\/\" \/>\n<meta property=\"article:modified_time\" content=\"2019-09-23T13:33:31+00:00\" \/>\n<meta property=\"og:image\" content=\"https:\/\/medtest.stagingservers.net\/wp-content\/uploads\/2019\/08\/Nyre-da.png\" \/>\n\t<meta property=\"og:image:width\" content=\"488\" \/>\n\t<meta property=\"og:image:height\" content=\"376\" \/>\n\t<meta property=\"og:image:type\" content=\"image\/png\" \/>\n<meta name=\"twitter:card\" content=\"summary_large_image\" \/>\n<script type=\"application\/ld+json\" class=\"yoast-schema-graph\">{\"@context\":\"https:\\\/\\\/schema.org\",\"@graph\":[{\"@type\":\"WebPage\",\"@id\":\"https:\\\/\\\/medtest.stagingservers.net\\\/da\\\/vare\\\/nyretest\\\/\",\"url\":\"https:\\\/\\\/medtest.stagingservers.net\\\/da\\\/vare\\\/nyretest\\\/\",\"name\":\"Nyretest - Medtest.shop\",\"isPartOf\":{\"@id\":\"https:\\\/\\\/medtest.stagingservers.net\\\/da\\\/#website\"},\"primaryImageOfPage\":{\"@id\":\"https:\\\/\\\/medtest.stagingservers.net\\\/da\\\/vare\\\/nyretest\\\/#primaryimage\"},\"image\":{\"@id\":\"https:\\\/\\\/medtest.stagingservers.net\\\/da\\\/vare\\\/nyretest\\\/#primaryimage\"},\"thumbnailUrl\":\"https:\\\/\\\/medtest.stagingservers.net\\\/wp-content\\\/uploads\\\/2019\\\/08\\\/Nyre-da.png\",\"datePublished\":\"2019-08-14T08:41:52+00:00\",\"dateModified\":\"2019-09-23T13:33:31+00:00\",\"description\":\"Nyretest - Medtest.shop\",\"breadcrumb\":{\"@id\":\"https:\\\/\\\/medtest.stagingservers.net\\\/da\\\/vare\\\/nyretest\\\/#breadcrumb\"},\"inLanguage\":\"da-DK\",\"potentialAction\":[{\"@type\":\"ReadAction\",\"target\":[\"https:\\\/\\\/medtest.stagingservers.net\\\/da\\\/vare\\\/nyretest\\\/\"]}]},{\"@type\":\"ImageObject\",\"inLanguage\":\"da-DK\",\"@id\":\"https:\\\/\\\/medtest.stagingservers.net\\\/da\\\/vare\\\/nyretest\\\/#primaryimage\",\"url\":\"https:\\\/\\\/medtest.stagingservers.net\\\/wp-content\\\/uploads\\\/2019\\\/08\\\/Nyre-da.png\",\"contentUrl\":\"https:\\\/\\\/medtest.stagingservers.net\\\/wp-content\\\/uploads\\\/2019\\\/08\\\/Nyre-da.png\",\"width\":488,\"height\":376},{\"@type\":\"BreadcrumbList\",\"@id\":\"https:\\\/\\\/medtest.stagingservers.net\\\/da\\\/vare\\\/nyretest\\\/#breadcrumb\",\"itemListElement\":[{\"@type\":\"ListItem\",\"position\":1,\"name\":\"Home\",\"item\":\"https:\\\/\\\/medtest.stagingservers.net\\\/da\\\/\"},{\"@type\":\"ListItem\",\"position\":2,\"name\":\"Butik\",\"item\":\"https:\\\/\\\/medtest.stagingservers.net\\\/da\\\/butik\\\/\"},{\"@type\":\"ListItem\",\"position\":3,\"name\":\"Nyretest\"}]},{\"@type\":\"WebSite\",\"@id\":\"https:\\\/\\\/medtest.stagingservers.net\\\/da\\\/#website\",\"url\":\"https:\\\/\\\/medtest.stagingservers.net\\\/da\\\/\",\"name\":\"Medtest.shop\",\"description\":\"\",\"publisher\":{\"@id\":\"https:\\\/\\\/medtest.stagingservers.net\\\/da\\\/#organization\"},\"potentialAction\":[{\"@type\":\"SearchAction\",\"target\":{\"@type\":\"EntryPoint\",\"urlTemplate\":\"https:\\\/\\\/medtest.stagingservers.net\\\/da\\\/?s={search_term_string}\"},\"query-input\":{\"@type\":\"PropertyValueSpecification\",\"valueRequired\":true,\"valueName\":\"search_term_string\"}}],\"inLanguage\":\"da-DK\"},{\"@type\":\"Organization\",\"@id\":\"https:\\\/\\\/medtest.stagingservers.net\\\/da\\\/#organization\",\"name\":\"Medtest\",\"url\":\"https:\\\/\\\/medtest.stagingservers.net\\\/da\\\/\",\"logo\":{\"@type\":\"ImageObject\",\"inLanguage\":\"da-DK\",\"@id\":\"https:\\\/\\\/medtest.stagingservers.net\\\/da\\\/#\\\/schema\\\/logo\\\/image\\\/\",\"url\":\"https:\\\/\\\/medtest.stagingservers.net\\\/wp-content\\\/uploads\\\/2018\\\/11\\\/Original.png\",\"contentUrl\":\"https:\\\/\\\/medtest.stagingservers.net\\\/wp-content\\\/uploads\\\/2018\\\/11\\\/Original.png\",\"width\":1024,\"height\":1024,\"caption\":\"Medtest\"},\"image\":{\"@id\":\"https:\\\/\\\/medtest.stagingservers.net\\\/da\\\/#\\\/schema\\\/logo\\\/image\\\/\"},\"sameAs\":[\"https:\\\/\\\/www.facebook.com\\\/Medtest-1440779469392476\\\/\"]}]}<\/script>","yoast_head_json":{"title":"Nyretest - Medtest.shop","description":"Nyretest - Medtest.shop","robots":{"index":"noindex","follow":"follow","max-snippet":"max-snippet:-1","max-image-preview":"max-image-preview:large","max-video-preview":"max-video-preview:-1"},"og_locale":"da_DK","og_type":"article","og_title":"Nyretest - Medtest.shop","og_description":"Nyretest - Medtest.shop","og_url":"https:\/\/medtest.stagingservers.net\/da\/vare\/nyretest\/","og_site_name":"Medtest.shop","article_publisher":"https:\/\/www.facebook.com\/Medtest-1440779469392476\/","article_modified_time":"2019-09-23T13:33:31+00:00","og_image":[{"width":488,"height":376,"url":"https:\/\/medtest.stagingservers.net\/wp-content\/uploads\/2019\/08\/Nyre-da.png","type":"image\/png"}],"twitter_card":"summary_large_image","schema":{"@context":"https:\/\/schema.org","@graph":[{"@type":"WebPage","@id":"https:\/\/medtest.stagingservers.net\/da\/vare\/nyretest\/","url":"https:\/\/medtest.stagingservers.net\/da\/vare\/nyretest\/","name":"Nyretest - Medtest.shop","isPartOf":{"@id":"https:\/\/medtest.stagingservers.net\/da\/#website"},"primaryImageOfPage":{"@id":"https:\/\/medtest.stagingservers.net\/da\/vare\/nyretest\/#primaryimage"},"image":{"@id":"https:\/\/medtest.stagingservers.net\/da\/vare\/nyretest\/#primaryimage"},"thumbnailUrl":"https:\/\/medtest.stagingservers.net\/wp-content\/uploads\/2019\/08\/Nyre-da.png","datePublished":"2019-08-14T08:41:52+00:00","dateModified":"2019-09-23T13:33:31+00:00","description":"Nyretest - Medtest.shop","breadcrumb":{"@id":"https:\/\/medtest.stagingservers.net\/da\/vare\/nyretest\/#breadcrumb"},"inLanguage":"da-DK","potentialAction":[{"@type":"ReadAction","target":["https:\/\/medtest.stagingservers.net\/da\/vare\/nyretest\/"]}]},{"@type":"ImageObject","inLanguage":"da-DK","@id":"https:\/\/medtest.stagingservers.net\/da\/vare\/nyretest\/#primaryimage","url":"https:\/\/medtest.stagingservers.net\/wp-content\/uploads\/2019\/08\/Nyre-da.png","contentUrl":"https:\/\/medtest.stagingservers.net\/wp-content\/uploads\/2019\/08\/Nyre-da.png","width":488,"height":376},{"@type":"BreadcrumbList","@id":"https:\/\/medtest.stagingservers.net\/da\/vare\/nyretest\/#breadcrumb","itemListElement":[{"@type":"ListItem","position":1,"name":"Home","item":"https:\/\/medtest.stagingservers.net\/da\/"},{"@type":"ListItem","position":2,"name":"Butik","item":"https:\/\/medtest.stagingservers.net\/da\/butik\/"},{"@type":"ListItem","position":3,"name":"Nyretest"}]},{"@type":"WebSite","@id":"https:\/\/medtest.stagingservers.net\/da\/#website","url":"https:\/\/medtest.stagingservers.net\/da\/","name":"Medtest.shop","description":"","publisher":{"@id":"https:\/\/medtest.stagingservers.net\/da\/#organization"},"potentialAction":[{"@type":"SearchAction","target":{"@type":"EntryPoint","urlTemplate":"https:\/\/medtest.stagingservers.net\/da\/?s={search_term_string}"},"query-input":{"@type":"PropertyValueSpecification","valueRequired":true,"valueName":"search_term_string"}}],"inLanguage":"da-DK"},{"@type":"Organization","@id":"https:\/\/medtest.stagingservers.net\/da\/#organization","name":"Medtest","url":"https:\/\/medtest.stagingservers.net\/da\/","logo":{"@type":"ImageObject","inLanguage":"da-DK","@id":"https:\/\/medtest.stagingservers.net\/da\/#\/schema\/logo\/image\/","url":"https:\/\/medtest.stagingservers.net\/wp-content\/uploads\/2018\/11\/Original.png","contentUrl":"https:\/\/medtest.stagingservers.net\/wp-content\/uploads\/2018\/11\/Original.png","width":1024,"height":1024,"caption":"Medtest"},"image":{"@id":"https:\/\/medtest.stagingservers.net\/da\/#\/schema\/logo\/image\/"},"sameAs":["https:\/\/www.facebook.com\/Medtest-1440779469392476\/"]}]}},"_links":{"self":[{"href":"https:\/\/medtest.stagingservers.net\/da\/wp-json\/wp\/v2\/product\/71747","targetHints":{"allow":["GET"]}}],"collection":[{"href":"https:\/\/medtest.stagingservers.net\/da\/wp-json\/wp\/v2\/product"}],"about":[{"href":"https:\/\/medtest.stagingservers.net\/da\/wp-json\/wp\/v2\/types\/product"}],"replies":[{"embeddable":true,"href":"https:\/\/medtest.stagingservers.net\/da\/wp-json\/wp\/v2\/comments?post=71747"}],"version-history":[{"count":0,"href":"https:\/\/medtest.stagingservers.net\/da\/wp-json\/wp\/v2\/product\/71747\/revisions"}],"wp:featuredmedia":[{"embeddable":true,"href":"https:\/\/medtest.stagingservers.net\/da\/wp-json\/wp\/v2\/media\/71749"}],"wp:attachment":[{"href":"https:\/\/medtest.stagingservers.net\/da\/wp-json\/wp\/v2\/media?parent=71747"}],"wp:term":[{"taxonomy":"product_brand","embeddable":true,"href":"https:\/\/medtest.stagingservers.net\/da\/wp-json\/wp\/v2\/product_brand?post=71747"},{"taxonomy":"product_cat","embeddable":true,"href":"https:\/\/medtest.stagingservers.net\/da\/wp-json\/wp\/v2\/product_cat?post=71747"},{"taxonomy":"product_tag","embeddable":true,"href":"https:\/\/medtest.stagingservers.net\/da\/wp-json\/wp\/v2\/product_tag?post=71747"}],"curies":[{"name":"wp","href":"https:\/\/api.w.org\/{rel}","templated":true}]}}