{"id":71755,"date":"2019-08-14T08:48:07","date_gmt":"2019-08-14T08:48:07","guid":{"rendered":"https:\/\/medtest.stagingservers.net\/product\/diabetes-test\/"},"modified":"2019-09-23T15:27:31","modified_gmt":"2019-09-23T13:27:31","slug":"diabetes-test","status":"publish","type":"product","link":"https:\/\/medtest.stagingservers.net\/da\/vare\/diabetes-test\/","title":{"rendered":"Diabetestest"},"content":{"rendered":"<h2>Diabetestest<\/h2>\n<p>Testen er beregnet til at m\u00e5le glukose- og ketonniveauer i urinpr\u00f8ver som hj\u00e6lp til diagnosticering af diabetes. Testen giver resultater gennem visuel sammenligning med et farveskema, der er trykt p\u00e5 produktet. Hver farve indikerer en koncentration af glukose og ketoner (se forneden).<\/p>\n<p>Tisser du mere end s\u00e6dvanligt eller f\u00f8ler t\u00f8rst, som ikke forsvinder, selvom du drikker? Symptomerne er mange og ofte ret diffuse, og p\u00e5 samme tid er diabetes en af de mest almindelige folkesygdomme.<\/p>\n<h4>Hvad er diabetes?<\/h4>\n<p>Diabetes for\u00e5rsager h\u00f8jt blodsukker (glukose), ogs\u00e5 kaldet hyperglyk\u00e6mi. N\u00e5r denne balance ikke opretholdes, opst\u00e5r der ofte symptomer. Vores diabetestest kan hurtigt og nemt p\u00e5vise disse ubalancer.<\/p>\n<p>Det kan v\u00e6re sv\u00e6rt at opdage diabetes udelukkende p\u00e5 baggrund af symptomer, da de hyppigst forekommende symptomer er meget generelle. En enkel test kan berolige dig eller give anledning til at s\u00f8ge hj\u00e6lp hos din l\u00e6ge. En positiv test (dvs. at du har sandsynligvis diabetes) g\u00f8r dig bedre rustet til at s\u00f8ge hj\u00e6lp og f\u00e5 den rette behandling, hvilket er vigtigt, da diabetes kan f\u00f8re til alvorlige komplikationer.<\/p>\n<p>Indhold: 2 forseglede aluminiumsposer hver indeholdende 1 teststrimmel og brugsvejledning.<\/p>\n<p>Testen er fremstillet i Europa og er meget sikker. Derudover er produktet CE-m\u00e6rket.<\/p>\n<h4><strong>Anvendelse<\/strong><\/h4>\n<ol>\n<li>\u00c5bn foliepakningen og tag teststrimlen ud.<\/li>\n<li>Urin\u00e9r i en kop \/ b\u00e6gerglas og dyp teststrimlen i urinen.<\/li>\n<li>Afl\u00e6s svaret efter ca. 1 minut.<\/li>\n<\/ol>\n<p><img loading=\"lazy\" decoding=\"async\" class=\"alignnone wp-image-54841\" src=\"https:\/\/medtest.stagingservers.net\/wp-content\/uploads\/2019\/03\/Diabetes-Resultat.png\" alt=\"\" width=\"541\" height=\"219\" srcset=\"https:\/\/medtest.stagingservers.net\/wp-content\/uploads\/2019\/03\/Diabetes-Resultat.png 859w, https:\/\/medtest.stagingservers.net\/wp-content\/uploads\/2019\/03\/Diabetes-Resultat-600x243.png 600w, https:\/\/medtest.stagingservers.net\/wp-content\/uploads\/2019\/03\/Diabetes-Resultat-200x81.png 200w, https:\/\/medtest.stagingservers.net\/wp-content\/uploads\/2019\/03\/Diabetes-Resultat-720x292.png 720w, https:\/\/medtest.stagingservers.net\/wp-content\/uploads\/2019\/03\/Diabetes-Resultat-768x311.png 768w, https:\/\/medtest.stagingservers.net\/wp-content\/uploads\/2019\/03\/Diabetes-Resultat-416x169.png 416w, https:\/\/medtest.stagingservers.net\/wp-content\/uploads\/2019\/03\/Diabetes-Resultat-300x122.png 300w\" sizes=\"auto, (max-width: 541px) 100vw, 541px\" \/><\/p>\n<p>Instruktioner p\u00e5 dansk medf\u00f8lger.<\/p>\n<p><a href=\"http:\/\/www.medtest.shop\/da\/kontakt-os\/\">Kontakt os<\/a>, hvis du har sp\u00f8rgsm\u00e5l. Vi svarer inden for 24 timer.<\/p>\n","protected":false},"excerpt":{"rendered":"<p>En enkelt test kan berolige dig, eller ogs\u00e5 giver den dig en anledning til at s\u00f8ge hj\u00e6lp hos din l\u00e6ge. En positiv test (du har sandsynligvis diabetes) indeb\u00e6rer, at du lettere kan s\u00f8ge hj\u00e6lp og f\u00e5 den rette behandling, hvilket er vigtigt, da diabetes kan give alvorlige komplikationer. N\u00e5r blodsukker balance ikke fungerer, opst\u00e5r der ofte symptomer. Vores enkle hjemmetest kan hurtigt og nemt p\u00e5vise disse ubalancer.<\/p>\n","protected":false},"featured_media":71759,"comment_status":"closed","ping_status":"closed","template":"","meta":{"_acf_changed":false,"footnotes":""},"product_brand":[],"product_cat":[869,862,866],"product_tag":[],"class_list":{"0":"post-71755","1":"product","2":"type-product","3":"status-publish","4":"has-post-thumbnail","6":"product_cat-diabetes-da","7":"product_cat-pakkelosning","8":"product_cat-sundhedsmaessige-test","10":"first","11":"instock","12":"taxable","13":"shipping-taxable","14":"purchasable","15":"product-type-simple"},"acf":[],"yoast_head":"<title>Diabetestest - Medtest.shop<\/title>\n<meta name=\"description\" content=\"Diabetestest - Medtest.shop\" \/>\n<meta name=\"robots\" content=\"noindex, follow, max-snippet:-1, max-image-preview:large, max-video-preview:-1\" \/>\n<meta property=\"og:locale\" content=\"da_DK\" \/>\n<meta property=\"og:type\" content=\"article\" \/>\n<meta property=\"og:title\" content=\"Diabetestest - Medtest.shop\" \/>\n<meta property=\"og:description\" content=\"Diabetestest - Medtest.shop\" \/>\n<meta property=\"og:url\" content=\"https:\/\/medtest.stagingservers.net\/da\/vare\/diabetes-test\/\" \/>\n<meta property=\"og:site_name\" content=\"Medtest.shop\" \/>\n<meta property=\"article:publisher\" content=\"https:\/\/www.facebook.com\/Medtest-1440779469392476\/\" \/>\n<meta property=\"article:modified_time\" content=\"2019-09-23T13:27:31+00:00\" \/>\n<meta property=\"og:image\" content=\"https:\/\/medtest.stagingservers.net\/wp-content\/uploads\/2019\/08\/Diabetes-da.png\" \/>\n\t<meta property=\"og:image:width\" content=\"424\" \/>\n\t<meta property=\"og:image:height\" content=\"325\" \/>\n\t<meta property=\"og:image:type\" content=\"image\/png\" \/>\n<meta name=\"twitter:card\" content=\"summary_large_image\" \/>\n<script type=\"application\/ld+json\" class=\"yoast-schema-graph\">{\"@context\":\"https:\\\/\\\/schema.org\",\"@graph\":[{\"@type\":\"WebPage\",\"@id\":\"https:\\\/\\\/medtest.stagingservers.net\\\/da\\\/vare\\\/diabetes-test\\\/\",\"url\":\"https:\\\/\\\/medtest.stagingservers.net\\\/da\\\/vare\\\/diabetes-test\\\/\",\"name\":\"Diabetestest - Medtest.shop\",\"isPartOf\":{\"@id\":\"https:\\\/\\\/medtest.stagingservers.net\\\/da\\\/#website\"},\"primaryImageOfPage\":{\"@id\":\"https:\\\/\\\/medtest.stagingservers.net\\\/da\\\/vare\\\/diabetes-test\\\/#primaryimage\"},\"image\":{\"@id\":\"https:\\\/\\\/medtest.stagingservers.net\\\/da\\\/vare\\\/diabetes-test\\\/#primaryimage\"},\"thumbnailUrl\":\"https:\\\/\\\/medtest.stagingservers.net\\\/wp-content\\\/uploads\\\/2019\\\/08\\\/Diabetes-da.png\",\"datePublished\":\"2019-08-14T08:48:07+00:00\",\"dateModified\":\"2019-09-23T13:27:31+00:00\",\"description\":\"Diabetestest - Medtest.shop\",\"breadcrumb\":{\"@id\":\"https:\\\/\\\/medtest.stagingservers.net\\\/da\\\/vare\\\/diabetes-test\\\/#breadcrumb\"},\"inLanguage\":\"da-DK\",\"potentialAction\":[{\"@type\":\"ReadAction\",\"target\":[\"https:\\\/\\\/medtest.stagingservers.net\\\/da\\\/vare\\\/diabetes-test\\\/\"]}]},{\"@type\":\"ImageObject\",\"inLanguage\":\"da-DK\",\"@id\":\"https:\\\/\\\/medtest.stagingservers.net\\\/da\\\/vare\\\/diabetes-test\\\/#primaryimage\",\"url\":\"https:\\\/\\\/medtest.stagingservers.net\\\/wp-content\\\/uploads\\\/2019\\\/08\\\/Diabetes-da.png\",\"contentUrl\":\"https:\\\/\\\/medtest.stagingservers.net\\\/wp-content\\\/uploads\\\/2019\\\/08\\\/Diabetes-da.png\",\"width\":424,\"height\":325},{\"@type\":\"BreadcrumbList\",\"@id\":\"https:\\\/\\\/medtest.stagingservers.net\\\/da\\\/vare\\\/diabetes-test\\\/#breadcrumb\",\"itemListElement\":[{\"@type\":\"ListItem\",\"position\":1,\"name\":\"Home\",\"item\":\"https:\\\/\\\/medtest.stagingservers.net\\\/da\\\/\"},{\"@type\":\"ListItem\",\"position\":2,\"name\":\"Butik\",\"item\":\"https:\\\/\\\/medtest.stagingservers.net\\\/da\\\/butik\\\/\"},{\"@type\":\"ListItem\",\"position\":3,\"name\":\"Diabetestest\"}]},{\"@type\":\"WebSite\",\"@id\":\"https:\\\/\\\/medtest.stagingservers.net\\\/da\\\/#website\",\"url\":\"https:\\\/\\\/medtest.stagingservers.net\\\/da\\\/\",\"name\":\"Medtest.shop\",\"description\":\"\",\"publisher\":{\"@id\":\"https:\\\/\\\/medtest.stagingservers.net\\\/da\\\/#organization\"},\"potentialAction\":[{\"@type\":\"SearchAction\",\"target\":{\"@type\":\"EntryPoint\",\"urlTemplate\":\"https:\\\/\\\/medtest.stagingservers.net\\\/da\\\/?s={search_term_string}\"},\"query-input\":{\"@type\":\"PropertyValueSpecification\",\"valueRequired\":true,\"valueName\":\"search_term_string\"}}],\"inLanguage\":\"da-DK\"},{\"@type\":\"Organization\",\"@id\":\"https:\\\/\\\/medtest.stagingservers.net\\\/da\\\/#organization\",\"name\":\"Medtest\",\"url\":\"https:\\\/\\\/medtest.stagingservers.net\\\/da\\\/\",\"logo\":{\"@type\":\"ImageObject\",\"inLanguage\":\"da-DK\",\"@id\":\"https:\\\/\\\/medtest.stagingservers.net\\\/da\\\/#\\\/schema\\\/logo\\\/image\\\/\",\"url\":\"https:\\\/\\\/medtest.stagingservers.net\\\/wp-content\\\/uploads\\\/2018\\\/11\\\/Original.png\",\"contentUrl\":\"https:\\\/\\\/medtest.stagingservers.net\\\/wp-content\\\/uploads\\\/2018\\\/11\\\/Original.png\",\"width\":1024,\"height\":1024,\"caption\":\"Medtest\"},\"image\":{\"@id\":\"https:\\\/\\\/medtest.stagingservers.net\\\/da\\\/#\\\/schema\\\/logo\\\/image\\\/\"},\"sameAs\":[\"https:\\\/\\\/www.facebook.com\\\/Medtest-1440779469392476\\\/\"]}]}<\/script>","yoast_head_json":{"title":"Diabetestest - Medtest.shop","description":"Diabetestest - Medtest.shop","robots":{"index":"noindex","follow":"follow","max-snippet":"max-snippet:-1","max-image-preview":"max-image-preview:large","max-video-preview":"max-video-preview:-1"},"og_locale":"da_DK","og_type":"article","og_title":"Diabetestest - Medtest.shop","og_description":"Diabetestest - Medtest.shop","og_url":"https:\/\/medtest.stagingservers.net\/da\/vare\/diabetes-test\/","og_site_name":"Medtest.shop","article_publisher":"https:\/\/www.facebook.com\/Medtest-1440779469392476\/","article_modified_time":"2019-09-23T13:27:31+00:00","og_image":[{"width":424,"height":325,"url":"https:\/\/medtest.stagingservers.net\/wp-content\/uploads\/2019\/08\/Diabetes-da.png","type":"image\/png"}],"twitter_card":"summary_large_image","schema":{"@context":"https:\/\/schema.org","@graph":[{"@type":"WebPage","@id":"https:\/\/medtest.stagingservers.net\/da\/vare\/diabetes-test\/","url":"https:\/\/medtest.stagingservers.net\/da\/vare\/diabetes-test\/","name":"Diabetestest - Medtest.shop","isPartOf":{"@id":"https:\/\/medtest.stagingservers.net\/da\/#website"},"primaryImageOfPage":{"@id":"https:\/\/medtest.stagingservers.net\/da\/vare\/diabetes-test\/#primaryimage"},"image":{"@id":"https:\/\/medtest.stagingservers.net\/da\/vare\/diabetes-test\/#primaryimage"},"thumbnailUrl":"https:\/\/medtest.stagingservers.net\/wp-content\/uploads\/2019\/08\/Diabetes-da.png","datePublished":"2019-08-14T08:48:07+00:00","dateModified":"2019-09-23T13:27:31+00:00","description":"Diabetestest - Medtest.shop","breadcrumb":{"@id":"https:\/\/medtest.stagingservers.net\/da\/vare\/diabetes-test\/#breadcrumb"},"inLanguage":"da-DK","potentialAction":[{"@type":"ReadAction","target":["https:\/\/medtest.stagingservers.net\/da\/vare\/diabetes-test\/"]}]},{"@type":"ImageObject","inLanguage":"da-DK","@id":"https:\/\/medtest.stagingservers.net\/da\/vare\/diabetes-test\/#primaryimage","url":"https:\/\/medtest.stagingservers.net\/wp-content\/uploads\/2019\/08\/Diabetes-da.png","contentUrl":"https:\/\/medtest.stagingservers.net\/wp-content\/uploads\/2019\/08\/Diabetes-da.png","width":424,"height":325},{"@type":"BreadcrumbList","@id":"https:\/\/medtest.stagingservers.net\/da\/vare\/diabetes-test\/#breadcrumb","itemListElement":[{"@type":"ListItem","position":1,"name":"Home","item":"https:\/\/medtest.stagingservers.net\/da\/"},{"@type":"ListItem","position":2,"name":"Butik","item":"https:\/\/medtest.stagingservers.net\/da\/butik\/"},{"@type":"ListItem","position":3,"name":"Diabetestest"}]},{"@type":"WebSite","@id":"https:\/\/medtest.stagingservers.net\/da\/#website","url":"https:\/\/medtest.stagingservers.net\/da\/","name":"Medtest.shop","description":"","publisher":{"@id":"https:\/\/medtest.stagingservers.net\/da\/#organization"},"potentialAction":[{"@type":"SearchAction","target":{"@type":"EntryPoint","urlTemplate":"https:\/\/medtest.stagingservers.net\/da\/?s={search_term_string}"},"query-input":{"@type":"PropertyValueSpecification","valueRequired":true,"valueName":"search_term_string"}}],"inLanguage":"da-DK"},{"@type":"Organization","@id":"https:\/\/medtest.stagingservers.net\/da\/#organization","name":"Medtest","url":"https:\/\/medtest.stagingservers.net\/da\/","logo":{"@type":"ImageObject","inLanguage":"da-DK","@id":"https:\/\/medtest.stagingservers.net\/da\/#\/schema\/logo\/image\/","url":"https:\/\/medtest.stagingservers.net\/wp-content\/uploads\/2018\/11\/Original.png","contentUrl":"https:\/\/medtest.stagingservers.net\/wp-content\/uploads\/2018\/11\/Original.png","width":1024,"height":1024,"caption":"Medtest"},"image":{"@id":"https:\/\/medtest.stagingservers.net\/da\/#\/schema\/logo\/image\/"},"sameAs":["https:\/\/www.facebook.com\/Medtest-1440779469392476\/"]}]}},"_links":{"self":[{"href":"https:\/\/medtest.stagingservers.net\/da\/wp-json\/wp\/v2\/product\/71755","targetHints":{"allow":["GET"]}}],"collection":[{"href":"https:\/\/medtest.stagingservers.net\/da\/wp-json\/wp\/v2\/product"}],"about":[{"href":"https:\/\/medtest.stagingservers.net\/da\/wp-json\/wp\/v2\/types\/product"}],"replies":[{"embeddable":true,"href":"https:\/\/medtest.stagingservers.net\/da\/wp-json\/wp\/v2\/comments?post=71755"}],"version-history":[{"count":0,"href":"https:\/\/medtest.stagingservers.net\/da\/wp-json\/wp\/v2\/product\/71755\/revisions"}],"wp:featuredmedia":[{"embeddable":true,"href":"https:\/\/medtest.stagingservers.net\/da\/wp-json\/wp\/v2\/media\/71759"}],"wp:attachment":[{"href":"https:\/\/medtest.stagingservers.net\/da\/wp-json\/wp\/v2\/media?parent=71755"}],"wp:term":[{"taxonomy":"product_brand","embeddable":true,"href":"https:\/\/medtest.stagingservers.net\/da\/wp-json\/wp\/v2\/product_brand?post=71755"},{"taxonomy":"product_cat","embeddable":true,"href":"https:\/\/medtest.stagingservers.net\/da\/wp-json\/wp\/v2\/product_cat?post=71755"},{"taxonomy":"product_tag","embeddable":true,"href":"https:\/\/medtest.stagingservers.net\/da\/wp-json\/wp\/v2\/product_tag?post=71755"}],"curies":[{"name":"wp","href":"https:\/\/api.w.org\/{rel}","templated":true}]}}