{"id":71767,"date":"2019-08-14T09:03:49","date_gmt":"2019-08-14T09:03:49","guid":{"rendered":"https:\/\/medtest.stagingservers.net\/product\/mavesars-test\/"},"modified":"2019-09-23T15:15:09","modified_gmt":"2019-09-23T13:15:09","slug":"mavesars-test","status":"publish","type":"product","link":"https:\/\/medtest.stagingservers.net\/da\/vare\/mavesars-test\/","title":{"rendered":"Maves\u00e5rstest"},"content":{"rendered":"<h2>Maves\u00e5rstest<\/h2>\n<p>Vores test for maves\u00e5r er en CE-m\u00e6rket hurtig test for p\u00e5visning af H. pylori i aff\u00f8ring.<\/p>\n<p>Smerter og ubehag i den \u00f8vre del af maven er en forholdsvis almindelig bekymring, og hver fjerde person bliver i l\u00f8bet af livet ber\u00f8rt af s\u00e5danne problemer. En mulig forklaring p\u00e5 dette er maves\u00e5r. Den mest almindelige \u00e5rsag til maves\u00e5r er bakterien Helicobacter pylori. Ca. 90% af dem, der har maves\u00e5r, b\u00e6rer bakterien Helicobacter pylori. Vores enkle hjemmetest kan let og hurtigt p\u00e5vise denne bakterie.<\/p>\n<p>En simpel hjemmetest kan hj\u00e6lpe dig med at lindre din uro eller give dig en grund til at s\u00f8ge hj\u00e6lp hos din l\u00e6ge. En positiv test (dvs. at du b\u00e6rer H. pylori) betyder, at du er bedre rustet til at s\u00f8ge pleje og f\u00e5 den rette behandling, hvilket er vigtigt, da denne form for maves\u00e5r kan f\u00f8re til alvorlige sygdomme s\u00e5som kr\u00e6ft.<\/p>\n<p>Testen m\u00e5ler specifikke antigener i aff\u00f8ringen for at p\u00e5vise bakteriens tilstedev\u00e6relse.<\/p>\n<h4>Brugervejleding<\/h4>\n<ol>\n<li>Indsaml aff\u00f8ringspr\u00f8ven p\u00e5 aff\u00f8ringsindsamleren. Brug aff\u00f8ringsindsamleren p\u00e5 alle slags toiletter for at undg\u00e5 forurening af pr\u00f8ven.<\/li>\n<li>Skru l\u00e5get af pr\u00f8veindsamlingsr\u00f8ret og stik tilf\u00e6ldigt spidsen af applikatoren ned i aff\u00f8ringen mindst 3 forskellige steder. Skovl ikke aff\u00f8ringen op. Skru pr\u00f8veindsamlingsr\u00f8rets l\u00e5g p\u00e5 og stram det til. Ryst derefter pr\u00f8veindsamlingsr\u00f8ret kraftigt for at blande pr\u00f8ven og ekstraheringspufferen.<\/li>\n<li>Fjern testkassetten fra folieposen og brug den s\u00e5 hurtigt som muligt. De bedste resultater opn\u00e5s, hvis testen udf\u00f8res umiddelbart efter \u00e5bning af folieposen.<\/li>\n<li>Hold pr\u00f8veindsamlingsr\u00f8ret oprejst og \u00e5bn l\u00e5get p\u00e5 pr\u00f8veindsamlingsr\u00f8ret. Vend r\u00f8ret p\u00e5 hovedet og overf\u00f8r 2 hele dr\u00e5ber til testomr\u00e5det (S) og start derefter timeren. Se illustration nedenfor.<\/li>\n<li>Afl\u00e6s resultaterne efter 5 minutter. Afl\u00e6s ikke resultater efter 10 minutter.<\/li>\n<\/ol>\n<p>&nbsp;<\/p>\n<p><img loading=\"lazy\" decoding=\"async\" class=\"alignnone wp-image-73890 size-medium\" src=\"https:\/\/medtest.stagingservers.net\/wp-content\/uploads\/2019\/08\/Maves-r-og-FOB-bild-720x211.png\" alt=\"\" width=\"720\" height=\"211\" srcset=\"https:\/\/medtest.stagingservers.net\/wp-content\/uploads\/2019\/08\/Maves-r-og-FOB-bild-720x211.png 720w, https:\/\/medtest.stagingservers.net\/wp-content\/uploads\/2019\/08\/Maves-r-og-FOB-bild-768x225.png 768w, https:\/\/medtest.stagingservers.net\/wp-content\/uploads\/2019\/08\/Maves-r-og-FOB-bild-1200x351.png 1200w, https:\/\/medtest.stagingservers.net\/wp-content\/uploads\/2019\/08\/Maves-r-og-FOB-bild-416x122.png 416w, https:\/\/medtest.stagingservers.net\/wp-content\/uploads\/2019\/08\/Maves-r-og-FOB-bild.png 1606w\" sizes=\"auto, (max-width: 720px) 100vw, 720px\" \/><\/p>\n<h4>Resultat<\/h4>\n<p><img loading=\"lazy\" decoding=\"async\" class=\"wp-image-71787 alignleft\" src=\"https:\/\/medtest.stagingservers.net\/wp-content\/uploads\/2019\/02\/Test-resultat.png\" alt=\"\" width=\"231\" height=\"162\" srcset=\"https:\/\/medtest.stagingservers.net\/wp-content\/uploads\/2019\/02\/Test-resultat.png 912w, https:\/\/medtest.stagingservers.net\/wp-content\/uploads\/2019\/02\/Test-resultat-720x504.png 720w, https:\/\/medtest.stagingservers.net\/wp-content\/uploads\/2019\/02\/Test-resultat-768x538.png 768w, https:\/\/medtest.stagingservers.net\/wp-content\/uploads\/2019\/02\/Test-resultat-416x291.png 416w, https:\/\/medtest.stagingservers.net\/wp-content\/uploads\/2019\/02\/Test-resultat-300x210.png 300w\" sizes=\"auto, (max-width: 231px) 100vw, 231px\" \/><\/p>\n<p>&nbsp;<\/p>\n<p>&nbsp;<\/p>\n<p>&nbsp;<\/p>\n<p>&nbsp;<\/p>\n<p>Resultatet er positivt, hvis linjer vises ved b\u00e5de C og T. Resultatet er negativt, n\u00e5r der ikke er nogen linje ved T. \u00c5rsagen til, at kontrollinjen (C) er til stede, er, at den fungerer som en kvalitetskontrol, der sikrer, at testenheden fungerer, og at membranen er v\u00e6det.<\/p>\n<p>C = Control (Kontrol)<br \/>\nT = Test<br \/>\nS = Sample (Pr\u00f8ve)<\/p>\n<p>Instruktioner p\u00e5 dansk medf\u00f8lger.<\/p>\n<p>Har du sp\u00f8rgsm\u00e5l om denne maves\u00e5rstest, kan du<a href=\"https:\/\/medtest.stagingservers.net\/da\/kontakt-os\"> kontakte os her<\/a>. Da vi \u00f8nsker at g\u00f8re vores kunder tilfredse, besvarer vi eventuelle sp\u00f8rgsm\u00e5l inden for 24 timer.<\/p>\n","protected":false},"excerpt":{"rendered":"<p>En enkelt test kan hj\u00e6lpe dig med at lindre din uro, eller ogs\u00e5 giver det dig en anledning til at s\u00f8ge l\u00e6gehj\u00e6lp. En positiv test (du b\u00e6rer p\u00e5 H. pylori) betyder, at du lettere kan s\u00f8ge hj\u00e6lp og f\u00e5 den rette behandling. Faktum er, at ca. 90% af dem, som har maves\u00e5r, netop b\u00e6rer p\u00e5 bakterien Helicobacter pylori. Vores enkle hjemmetest kan nemt og hurtigt finde frem til denne uvelkomne g\u00e6st.<\/p>\n","protected":false},"featured_media":71771,"comment_status":"closed","ping_status":"closed","template":"","meta":{"_acf_changed":false,"footnotes":""},"product_brand":[],"product_cat":[873],"product_tag":[],"class_list":{"0":"post-71767","1":"product","2":"type-product","3":"status-publish","4":"has-post-thumbnail","6":"product_cat-mavesar","8":"first","9":"instock","10":"taxable","11":"shipping-taxable","12":"purchasable","13":"product-type-simple"},"acf":[],"yoast_head":"<title>Maves\u00e5rstest - Medtest.shop<\/title>\n<meta name=\"description\" content=\"Maves\u00e5rstest - Medtest.shop\" \/>\n<meta name=\"robots\" content=\"noindex, follow, max-snippet:-1, max-image-preview:large, max-video-preview:-1\" \/>\n<meta property=\"og:locale\" content=\"da_DK\" \/>\n<meta property=\"og:type\" content=\"article\" \/>\n<meta property=\"og:title\" content=\"Maves\u00e5rstest - Medtest.shop\" \/>\n<meta property=\"og:description\" content=\"Maves\u00e5rstest - Medtest.shop\" \/>\n<meta property=\"og:url\" content=\"https:\/\/medtest.stagingservers.net\/da\/vare\/mavesars-test\/\" \/>\n<meta property=\"og:site_name\" content=\"Medtest.shop\" \/>\n<meta property=\"article:publisher\" content=\"https:\/\/www.facebook.com\/Medtest-1440779469392476\/\" \/>\n<meta property=\"article:modified_time\" content=\"2019-09-23T13:15:09+00:00\" \/>\n<meta property=\"og:image\" content=\"https:\/\/medtest.stagingservers.net\/wp-content\/uploads\/2019\/08\/Mavesa-r-da.png\" \/>\n\t<meta property=\"og:image:width\" content=\"566\" \/>\n\t<meta property=\"og:image:height\" content=\"436\" \/>\n\t<meta property=\"og:image:type\" content=\"image\/png\" \/>\n<meta name=\"twitter:card\" content=\"summary_large_image\" \/>\n<script type=\"application\/ld+json\" class=\"yoast-schema-graph\">{\"@context\":\"https:\\\/\\\/schema.org\",\"@graph\":[{\"@type\":\"WebPage\",\"@id\":\"https:\\\/\\\/medtest.stagingservers.net\\\/da\\\/vare\\\/mavesars-test\\\/\",\"url\":\"https:\\\/\\\/medtest.stagingservers.net\\\/da\\\/vare\\\/mavesars-test\\\/\",\"name\":\"Maves\u00e5rstest - Medtest.shop\",\"isPartOf\":{\"@id\":\"https:\\\/\\\/medtest.stagingservers.net\\\/da\\\/#website\"},\"primaryImageOfPage\":{\"@id\":\"https:\\\/\\\/medtest.stagingservers.net\\\/da\\\/vare\\\/mavesars-test\\\/#primaryimage\"},\"image\":{\"@id\":\"https:\\\/\\\/medtest.stagingservers.net\\\/da\\\/vare\\\/mavesars-test\\\/#primaryimage\"},\"thumbnailUrl\":\"https:\\\/\\\/medtest.stagingservers.net\\\/wp-content\\\/uploads\\\/2019\\\/08\\\/Mavesa-r-da.png\",\"datePublished\":\"2019-08-14T09:03:49+00:00\",\"dateModified\":\"2019-09-23T13:15:09+00:00\",\"description\":\"Maves\u00e5rstest - Medtest.shop\",\"breadcrumb\":{\"@id\":\"https:\\\/\\\/medtest.stagingservers.net\\\/da\\\/vare\\\/mavesars-test\\\/#breadcrumb\"},\"inLanguage\":\"da-DK\",\"potentialAction\":[{\"@type\":\"ReadAction\",\"target\":[\"https:\\\/\\\/medtest.stagingservers.net\\\/da\\\/vare\\\/mavesars-test\\\/\"]}]},{\"@type\":\"ImageObject\",\"inLanguage\":\"da-DK\",\"@id\":\"https:\\\/\\\/medtest.stagingservers.net\\\/da\\\/vare\\\/mavesars-test\\\/#primaryimage\",\"url\":\"https:\\\/\\\/medtest.stagingservers.net\\\/wp-content\\\/uploads\\\/2019\\\/08\\\/Mavesa-r-da.png\",\"contentUrl\":\"https:\\\/\\\/medtest.stagingservers.net\\\/wp-content\\\/uploads\\\/2019\\\/08\\\/Mavesa-r-da.png\",\"width\":566,\"height\":436},{\"@type\":\"BreadcrumbList\",\"@id\":\"https:\\\/\\\/medtest.stagingservers.net\\\/da\\\/vare\\\/mavesars-test\\\/#breadcrumb\",\"itemListElement\":[{\"@type\":\"ListItem\",\"position\":1,\"name\":\"Home\",\"item\":\"https:\\\/\\\/medtest.stagingservers.net\\\/da\\\/\"},{\"@type\":\"ListItem\",\"position\":2,\"name\":\"Butik\",\"item\":\"https:\\\/\\\/medtest.stagingservers.net\\\/da\\\/butik\\\/\"},{\"@type\":\"ListItem\",\"position\":3,\"name\":\"Maves\u00e5rstest\"}]},{\"@type\":\"WebSite\",\"@id\":\"https:\\\/\\\/medtest.stagingservers.net\\\/da\\\/#website\",\"url\":\"https:\\\/\\\/medtest.stagingservers.net\\\/da\\\/\",\"name\":\"Medtest.shop\",\"description\":\"\",\"publisher\":{\"@id\":\"https:\\\/\\\/medtest.stagingservers.net\\\/da\\\/#organization\"},\"potentialAction\":[{\"@type\":\"SearchAction\",\"target\":{\"@type\":\"EntryPoint\",\"urlTemplate\":\"https:\\\/\\\/medtest.stagingservers.net\\\/da\\\/?s={search_term_string}\"},\"query-input\":{\"@type\":\"PropertyValueSpecification\",\"valueRequired\":true,\"valueName\":\"search_term_string\"}}],\"inLanguage\":\"da-DK\"},{\"@type\":\"Organization\",\"@id\":\"https:\\\/\\\/medtest.stagingservers.net\\\/da\\\/#organization\",\"name\":\"Medtest\",\"url\":\"https:\\\/\\\/medtest.stagingservers.net\\\/da\\\/\",\"logo\":{\"@type\":\"ImageObject\",\"inLanguage\":\"da-DK\",\"@id\":\"https:\\\/\\\/medtest.stagingservers.net\\\/da\\\/#\\\/schema\\\/logo\\\/image\\\/\",\"url\":\"https:\\\/\\\/medtest.stagingservers.net\\\/wp-content\\\/uploads\\\/2018\\\/11\\\/Original.png\",\"contentUrl\":\"https:\\\/\\\/medtest.stagingservers.net\\\/wp-content\\\/uploads\\\/2018\\\/11\\\/Original.png\",\"width\":1024,\"height\":1024,\"caption\":\"Medtest\"},\"image\":{\"@id\":\"https:\\\/\\\/medtest.stagingservers.net\\\/da\\\/#\\\/schema\\\/logo\\\/image\\\/\"},\"sameAs\":[\"https:\\\/\\\/www.facebook.com\\\/Medtest-1440779469392476\\\/\"]}]}<\/script>","yoast_head_json":{"title":"Maves\u00e5rstest - Medtest.shop","description":"Maves\u00e5rstest - Medtest.shop","robots":{"index":"noindex","follow":"follow","max-snippet":"max-snippet:-1","max-image-preview":"max-image-preview:large","max-video-preview":"max-video-preview:-1"},"og_locale":"da_DK","og_type":"article","og_title":"Maves\u00e5rstest - Medtest.shop","og_description":"Maves\u00e5rstest - Medtest.shop","og_url":"https:\/\/medtest.stagingservers.net\/da\/vare\/mavesars-test\/","og_site_name":"Medtest.shop","article_publisher":"https:\/\/www.facebook.com\/Medtest-1440779469392476\/","article_modified_time":"2019-09-23T13:15:09+00:00","og_image":[{"width":566,"height":436,"url":"https:\/\/medtest.stagingservers.net\/wp-content\/uploads\/2019\/08\/Mavesa-r-da.png","type":"image\/png"}],"twitter_card":"summary_large_image","schema":{"@context":"https:\/\/schema.org","@graph":[{"@type":"WebPage","@id":"https:\/\/medtest.stagingservers.net\/da\/vare\/mavesars-test\/","url":"https:\/\/medtest.stagingservers.net\/da\/vare\/mavesars-test\/","name":"Maves\u00e5rstest - Medtest.shop","isPartOf":{"@id":"https:\/\/medtest.stagingservers.net\/da\/#website"},"primaryImageOfPage":{"@id":"https:\/\/medtest.stagingservers.net\/da\/vare\/mavesars-test\/#primaryimage"},"image":{"@id":"https:\/\/medtest.stagingservers.net\/da\/vare\/mavesars-test\/#primaryimage"},"thumbnailUrl":"https:\/\/medtest.stagingservers.net\/wp-content\/uploads\/2019\/08\/Mavesa-r-da.png","datePublished":"2019-08-14T09:03:49+00:00","dateModified":"2019-09-23T13:15:09+00:00","description":"Maves\u00e5rstest - Medtest.shop","breadcrumb":{"@id":"https:\/\/medtest.stagingservers.net\/da\/vare\/mavesars-test\/#breadcrumb"},"inLanguage":"da-DK","potentialAction":[{"@type":"ReadAction","target":["https:\/\/medtest.stagingservers.net\/da\/vare\/mavesars-test\/"]}]},{"@type":"ImageObject","inLanguage":"da-DK","@id":"https:\/\/medtest.stagingservers.net\/da\/vare\/mavesars-test\/#primaryimage","url":"https:\/\/medtest.stagingservers.net\/wp-content\/uploads\/2019\/08\/Mavesa-r-da.png","contentUrl":"https:\/\/medtest.stagingservers.net\/wp-content\/uploads\/2019\/08\/Mavesa-r-da.png","width":566,"height":436},{"@type":"BreadcrumbList","@id":"https:\/\/medtest.stagingservers.net\/da\/vare\/mavesars-test\/#breadcrumb","itemListElement":[{"@type":"ListItem","position":1,"name":"Home","item":"https:\/\/medtest.stagingservers.net\/da\/"},{"@type":"ListItem","position":2,"name":"Butik","item":"https:\/\/medtest.stagingservers.net\/da\/butik\/"},{"@type":"ListItem","position":3,"name":"Maves\u00e5rstest"}]},{"@type":"WebSite","@id":"https:\/\/medtest.stagingservers.net\/da\/#website","url":"https:\/\/medtest.stagingservers.net\/da\/","name":"Medtest.shop","description":"","publisher":{"@id":"https:\/\/medtest.stagingservers.net\/da\/#organization"},"potentialAction":[{"@type":"SearchAction","target":{"@type":"EntryPoint","urlTemplate":"https:\/\/medtest.stagingservers.net\/da\/?s={search_term_string}"},"query-input":{"@type":"PropertyValueSpecification","valueRequired":true,"valueName":"search_term_string"}}],"inLanguage":"da-DK"},{"@type":"Organization","@id":"https:\/\/medtest.stagingservers.net\/da\/#organization","name":"Medtest","url":"https:\/\/medtest.stagingservers.net\/da\/","logo":{"@type":"ImageObject","inLanguage":"da-DK","@id":"https:\/\/medtest.stagingservers.net\/da\/#\/schema\/logo\/image\/","url":"https:\/\/medtest.stagingservers.net\/wp-content\/uploads\/2018\/11\/Original.png","contentUrl":"https:\/\/medtest.stagingservers.net\/wp-content\/uploads\/2018\/11\/Original.png","width":1024,"height":1024,"caption":"Medtest"},"image":{"@id":"https:\/\/medtest.stagingservers.net\/da\/#\/schema\/logo\/image\/"},"sameAs":["https:\/\/www.facebook.com\/Medtest-1440779469392476\/"]}]}},"_links":{"self":[{"href":"https:\/\/medtest.stagingservers.net\/da\/wp-json\/wp\/v2\/product\/71767","targetHints":{"allow":["GET"]}}],"collection":[{"href":"https:\/\/medtest.stagingservers.net\/da\/wp-json\/wp\/v2\/product"}],"about":[{"href":"https:\/\/medtest.stagingservers.net\/da\/wp-json\/wp\/v2\/types\/product"}],"replies":[{"embeddable":true,"href":"https:\/\/medtest.stagingservers.net\/da\/wp-json\/wp\/v2\/comments?post=71767"}],"version-history":[{"count":0,"href":"https:\/\/medtest.stagingservers.net\/da\/wp-json\/wp\/v2\/product\/71767\/revisions"}],"wp:featuredmedia":[{"embeddable":true,"href":"https:\/\/medtest.stagingservers.net\/da\/wp-json\/wp\/v2\/media\/71771"}],"wp:attachment":[{"href":"https:\/\/medtest.stagingservers.net\/da\/wp-json\/wp\/v2\/media?parent=71767"}],"wp:term":[{"taxonomy":"product_brand","embeddable":true,"href":"https:\/\/medtest.stagingservers.net\/da\/wp-json\/wp\/v2\/product_brand?post=71767"},{"taxonomy":"product_cat","embeddable":true,"href":"https:\/\/medtest.stagingservers.net\/da\/wp-json\/wp\/v2\/product_cat?post=71767"},{"taxonomy":"product_tag","embeddable":true,"href":"https:\/\/medtest.stagingservers.net\/da\/wp-json\/wp\/v2\/product_tag?post=71767"}],"curies":[{"name":"wp","href":"https:\/\/api.w.org\/{rel}","templated":true}]}}