{"id":71778,"date":"2019-08-14T09:16:21","date_gmt":"2019-08-14T09:16:21","guid":{"rendered":"https:\/\/medtest.stagingservers.net\/product\/blod-i-tarmen-test-fob\/"},"modified":"2019-09-23T14:54:30","modified_gmt":"2019-09-23T12:54:30","slug":"blod-i-tarmen-test-fob","status":"publish","type":"product","link":"https:\/\/medtest.stagingservers.net\/da\/vare\/blod-i-tarmen-test-fob\/","title":{"rendered":"Blod i aff\u00f8ringen test (FOB)"},"content":{"rendered":"<h2>Blod i aff\u00f8ringen test (FOB)<\/h2>\n<p>Vores FOB-test er en CE-m\u00e6rket hurtig test til p\u00e5visning af usynligt blod i aff\u00f8ringen, der giver en hurtig advarsel.<\/p>\n<p>Mange sygdomme kan for\u00e5rsage usynligt blod i aff\u00f8ringen, kendt som f\u00e6kalt okkult blod (FOB). I de tidlige stadier kan mave-tarmproblemer som tarmkr\u00e6ft, maves\u00e5r, polypper, colitis, diverticulitis og s\u00e5r undlade at vise synlige symptomer, men stadig for\u00e5rsage usynlig bl\u00f8dning. Vores test er en hurtig test til kvalitativt at registrere selv lave niveauer af blod i aff\u00f8ringen. Testen anvender et dobbelt antistofassay til selektiv p\u00e5visning af blod ved 50 ng \/ ml eller h\u00f8jere eller 6 ug \/ g aff\u00f8ring. I mods\u00e6tning til andre analyser p\u00e5virker den kost, du spiser, ikke testens n\u00f8jagtighed.<\/p>\n<h5>S\u00e5dan g\u00f8r du:<\/h5>\n<ol>\n<li>Indsaml aff\u00f8ringspr\u00f8ven p\u00e5 aff\u00f8ringsindsamleren. Brug aff\u00f8ringsindsamleren p\u00e5 alle typer af toiletter for at undg\u00e5 forurening af pr\u00f8ven.<\/li>\n<li>Skru l\u00e5get af pr\u00f8veindsamlingsr\u00f8ret og stik tilf\u00e6ldigt spidsen af applikatoren ned i aff\u00f8ringen mindst 3 forskellige steder. Skovl ikke aff\u00f8ringen op. Skru l\u00e5get p\u00e5 pr\u00f8veindsamlingsr\u00f8ret og stram det til. Ryst derefter pr\u00f8veindsamlingsr\u00f8ret kraftigt for at blande pr\u00f8ven og ekstraheringspufferen.<\/li>\n<li>Fjern testkassetten fra folieposen og brug den s\u00e5 hurtigt som muligt. De bedste resultater opn\u00e5s, hvis testen udf\u00f8res umiddelbart efter \u00e5bning af folieposen.<\/li>\n<li>Hold pr\u00f8veindsamlingsr\u00f8ret oprejst og \u00e5bn l\u00e5get p\u00e5 pr\u00f8veindsamlingsr\u00f8ret. Vend r\u00f8ret p\u00e5 hovedet og overf\u00f8r 2 hele dr\u00e5ber til testomr\u00e5det (S) og start derefter timeren. Se illustration nedenfor.<\/li>\n<li>Afl\u00e6s resultaterne efter 5 minutter. Afl\u00e6s ikke resultater efter 10 minutter.<\/li>\n<\/ol>\n<p><img loading=\"lazy\" decoding=\"async\" class=\"alignnone wp-image-73890 \" src=\"https:\/\/medtest.stagingservers.net\/wp-content\/uploads\/2019\/08\/Maves-r-og-FOB-bild-720x211.png\" alt=\"\" width=\"853\" height=\"250\" srcset=\"https:\/\/medtest.stagingservers.net\/wp-content\/uploads\/2019\/08\/Maves-r-og-FOB-bild-720x211.png 720w, https:\/\/medtest.stagingservers.net\/wp-content\/uploads\/2019\/08\/Maves-r-og-FOB-bild-768x225.png 768w, https:\/\/medtest.stagingservers.net\/wp-content\/uploads\/2019\/08\/Maves-r-og-FOB-bild-1200x351.png 1200w, https:\/\/medtest.stagingservers.net\/wp-content\/uploads\/2019\/08\/Maves-r-og-FOB-bild-416x122.png 416w, https:\/\/medtest.stagingservers.net\/wp-content\/uploads\/2019\/08\/Maves-r-og-FOB-bild.png 1606w\" sizes=\"auto, (max-width: 853px) 100vw, 853px\" \/><\/p>\n<h5>Resultater<\/h5>\n<p><img loading=\"lazy\" decoding=\"async\" class=\"alignnone wp-image-54831\" src=\"https:\/\/medtest.stagingservers.net\/wp-content\/uploads\/2019\/02\/Test-resultat.png\" alt=\"\" width=\"231\" height=\"162\" srcset=\"https:\/\/medtest.stagingservers.net\/wp-content\/uploads\/2019\/02\/Test-resultat.png 912w, https:\/\/medtest.stagingservers.net\/wp-content\/uploads\/2019\/02\/Test-resultat-600x420.png 600w, https:\/\/medtest.stagingservers.net\/wp-content\/uploads\/2019\/02\/Test-resultat-200x140.png 200w, https:\/\/medtest.stagingservers.net\/wp-content\/uploads\/2019\/02\/Test-resultat-720x504.png 720w, https:\/\/medtest.stagingservers.net\/wp-content\/uploads\/2019\/02\/Test-resultat-768x538.png 768w, https:\/\/medtest.stagingservers.net\/wp-content\/uploads\/2019\/02\/Test-resultat-416x291.png 416w, https:\/\/medtest.stagingservers.net\/wp-content\/uploads\/2019\/02\/Test-resultat-300x210.png 300w\" sizes=\"auto, (max-width: 231px) 100vw, 231px\" \/><\/p>\n<div class=\"row\">\n<div class=\"extra\">\n<div class=\"component\">\n<div class=\"self mobile-leaf text textnormal mobile-undersized-upper\">\n<p>N\u00e5r du ser linjer C og T er det et positivt resultat. Hvis du kun ser en linje ved C er resultatet negativt. Kontrollinjen (C) fungerer som en kvalitetskontrol, der sikrer, at testenheden er i orden.<\/p>\n<\/div>\n<\/div>\n<\/div>\n<\/div>\n<div class=\"row\">\n<div class=\"extra\">\n<div class=\"component\">\n<div class=\"self mobile-leaf text textnormal mobile-undersized-upper\">\n<p>C = Control (Kontrol)<\/p>\n<p>T = Test<\/p>\n<p>S = Sample (Pr\u00f8ve)<\/p>\n<\/div>\n<\/div>\n<\/div>\n<\/div>\n<p>Brugsanvisninger p\u00e5 dansk er inkluderet.<\/p>\n","protected":false},"excerpt":{"rendered":"<p>Blod i tarmen test har en n\u00f8jagtighed p\u00e5 mere end 93%. Testen tjekker for skjult blod i aff\u00f8ringen, s\u00e5 man herved kan kontrollere for eventuel sygdom i tarmene. Testen er baseret p\u00e5 en ny generation af immunologiske metoder med h\u00f8j f\u00f8lsomhed, og hvor man ikke beh\u00f8ver at \u00e6ndre noget i kosten eller faste f\u00f8r eller under testen<\/p>\n","protected":false},"featured_media":71781,"comment_status":"closed","ping_status":"closed","template":"","meta":{"_acf_changed":false,"footnotes":""},"product_brand":[],"product_cat":[868],"product_tag":[],"class_list":{"0":"post-71778","1":"product","2":"type-product","3":"status-publish","4":"has-post-thumbnail","6":"product_cat-blod-i-afforingen","8":"first","9":"instock","10":"taxable","11":"shipping-taxable","12":"purchasable","13":"product-type-simple"},"acf":[],"yoast_head":"<title>Blod i aff\u00f8ringen test (FOB) - Medtest.shop<\/title>\n<meta name=\"description\" content=\"Blod i aff\u00f8ringen test (FOB) - Medtest.shop\" \/>\n<meta name=\"robots\" content=\"noindex, follow, max-snippet:-1, max-image-preview:large, max-video-preview:-1\" \/>\n<meta property=\"og:locale\" content=\"da_DK\" \/>\n<meta property=\"og:type\" content=\"article\" \/>\n<meta property=\"og:title\" content=\"Blod i aff\u00f8ringen test (FOB) - Medtest.shop\" \/>\n<meta property=\"og:description\" content=\"Blod i aff\u00f8ringen test (FOB) - Medtest.shop\" \/>\n<meta property=\"og:url\" content=\"https:\/\/medtest.stagingservers.net\/da\/vare\/blod-i-tarmen-test-fob\/\" \/>\n<meta property=\"og:site_name\" content=\"Medtest.shop\" \/>\n<meta property=\"article:publisher\" content=\"https:\/\/www.facebook.com\/Medtest-1440779469392476\/\" \/>\n<meta property=\"article:modified_time\" content=\"2019-09-23T12:54:30+00:00\" \/>\n<meta property=\"og:image\" content=\"https:\/\/medtest.stagingservers.net\/wp-content\/uploads\/2019\/08\/Blod-i-tarmen-test-FOB-da.png\" \/>\n\t<meta property=\"og:image:width\" content=\"563\" \/>\n\t<meta property=\"og:image:height\" content=\"433\" \/>\n\t<meta property=\"og:image:type\" content=\"image\/png\" \/>\n<meta name=\"twitter:card\" content=\"summary_large_image\" \/>\n<script type=\"application\/ld+json\" class=\"yoast-schema-graph\">{\"@context\":\"https:\\\/\\\/schema.org\",\"@graph\":[{\"@type\":\"WebPage\",\"@id\":\"https:\\\/\\\/medtest.stagingservers.net\\\/da\\\/vare\\\/blod-i-tarmen-test-fob\\\/\",\"url\":\"https:\\\/\\\/medtest.stagingservers.net\\\/da\\\/vare\\\/blod-i-tarmen-test-fob\\\/\",\"name\":\"Blod i aff\u00f8ringen test (FOB) - Medtest.shop\",\"isPartOf\":{\"@id\":\"https:\\\/\\\/medtest.stagingservers.net\\\/da\\\/#website\"},\"primaryImageOfPage\":{\"@id\":\"https:\\\/\\\/medtest.stagingservers.net\\\/da\\\/vare\\\/blod-i-tarmen-test-fob\\\/#primaryimage\"},\"image\":{\"@id\":\"https:\\\/\\\/medtest.stagingservers.net\\\/da\\\/vare\\\/blod-i-tarmen-test-fob\\\/#primaryimage\"},\"thumbnailUrl\":\"https:\\\/\\\/medtest.stagingservers.net\\\/wp-content\\\/uploads\\\/2019\\\/08\\\/Blod-i-tarmen-test-FOB-da.png\",\"datePublished\":\"2019-08-14T09:16:21+00:00\",\"dateModified\":\"2019-09-23T12:54:30+00:00\",\"description\":\"Blod i aff\u00f8ringen test (FOB) - Medtest.shop\",\"breadcrumb\":{\"@id\":\"https:\\\/\\\/medtest.stagingservers.net\\\/da\\\/vare\\\/blod-i-tarmen-test-fob\\\/#breadcrumb\"},\"inLanguage\":\"da-DK\",\"potentialAction\":[{\"@type\":\"ReadAction\",\"target\":[\"https:\\\/\\\/medtest.stagingservers.net\\\/da\\\/vare\\\/blod-i-tarmen-test-fob\\\/\"]}]},{\"@type\":\"ImageObject\",\"inLanguage\":\"da-DK\",\"@id\":\"https:\\\/\\\/medtest.stagingservers.net\\\/da\\\/vare\\\/blod-i-tarmen-test-fob\\\/#primaryimage\",\"url\":\"https:\\\/\\\/medtest.stagingservers.net\\\/wp-content\\\/uploads\\\/2019\\\/08\\\/Blod-i-tarmen-test-FOB-da.png\",\"contentUrl\":\"https:\\\/\\\/medtest.stagingservers.net\\\/wp-content\\\/uploads\\\/2019\\\/08\\\/Blod-i-tarmen-test-FOB-da.png\",\"width\":563,\"height\":433},{\"@type\":\"BreadcrumbList\",\"@id\":\"https:\\\/\\\/medtest.stagingservers.net\\\/da\\\/vare\\\/blod-i-tarmen-test-fob\\\/#breadcrumb\",\"itemListElement\":[{\"@type\":\"ListItem\",\"position\":1,\"name\":\"Home\",\"item\":\"https:\\\/\\\/medtest.stagingservers.net\\\/da\\\/\"},{\"@type\":\"ListItem\",\"position\":2,\"name\":\"Butik\",\"item\":\"https:\\\/\\\/medtest.stagingservers.net\\\/da\\\/butik\\\/\"},{\"@type\":\"ListItem\",\"position\":3,\"name\":\"Blod i aff\u00f8ringen test (FOB)\"}]},{\"@type\":\"WebSite\",\"@id\":\"https:\\\/\\\/medtest.stagingservers.net\\\/da\\\/#website\",\"url\":\"https:\\\/\\\/medtest.stagingservers.net\\\/da\\\/\",\"name\":\"Medtest.shop\",\"description\":\"\",\"publisher\":{\"@id\":\"https:\\\/\\\/medtest.stagingservers.net\\\/da\\\/#organization\"},\"potentialAction\":[{\"@type\":\"SearchAction\",\"target\":{\"@type\":\"EntryPoint\",\"urlTemplate\":\"https:\\\/\\\/medtest.stagingservers.net\\\/da\\\/?s={search_term_string}\"},\"query-input\":{\"@type\":\"PropertyValueSpecification\",\"valueRequired\":true,\"valueName\":\"search_term_string\"}}],\"inLanguage\":\"da-DK\"},{\"@type\":\"Organization\",\"@id\":\"https:\\\/\\\/medtest.stagingservers.net\\\/da\\\/#organization\",\"name\":\"Medtest\",\"url\":\"https:\\\/\\\/medtest.stagingservers.net\\\/da\\\/\",\"logo\":{\"@type\":\"ImageObject\",\"inLanguage\":\"da-DK\",\"@id\":\"https:\\\/\\\/medtest.stagingservers.net\\\/da\\\/#\\\/schema\\\/logo\\\/image\\\/\",\"url\":\"https:\\\/\\\/medtest.stagingservers.net\\\/wp-content\\\/uploads\\\/2018\\\/11\\\/Original.png\",\"contentUrl\":\"https:\\\/\\\/medtest.stagingservers.net\\\/wp-content\\\/uploads\\\/2018\\\/11\\\/Original.png\",\"width\":1024,\"height\":1024,\"caption\":\"Medtest\"},\"image\":{\"@id\":\"https:\\\/\\\/medtest.stagingservers.net\\\/da\\\/#\\\/schema\\\/logo\\\/image\\\/\"},\"sameAs\":[\"https:\\\/\\\/www.facebook.com\\\/Medtest-1440779469392476\\\/\"]}]}<\/script>","yoast_head_json":{"title":"Blod i aff\u00f8ringen test (FOB) - Medtest.shop","description":"Blod i aff\u00f8ringen test (FOB) - Medtest.shop","robots":{"index":"noindex","follow":"follow","max-snippet":"max-snippet:-1","max-image-preview":"max-image-preview:large","max-video-preview":"max-video-preview:-1"},"og_locale":"da_DK","og_type":"article","og_title":"Blod i aff\u00f8ringen test (FOB) - Medtest.shop","og_description":"Blod i aff\u00f8ringen test (FOB) - Medtest.shop","og_url":"https:\/\/medtest.stagingservers.net\/da\/vare\/blod-i-tarmen-test-fob\/","og_site_name":"Medtest.shop","article_publisher":"https:\/\/www.facebook.com\/Medtest-1440779469392476\/","article_modified_time":"2019-09-23T12:54:30+00:00","og_image":[{"width":563,"height":433,"url":"https:\/\/medtest.stagingservers.net\/wp-content\/uploads\/2019\/08\/Blod-i-tarmen-test-FOB-da.png","type":"image\/png"}],"twitter_card":"summary_large_image","schema":{"@context":"https:\/\/schema.org","@graph":[{"@type":"WebPage","@id":"https:\/\/medtest.stagingservers.net\/da\/vare\/blod-i-tarmen-test-fob\/","url":"https:\/\/medtest.stagingservers.net\/da\/vare\/blod-i-tarmen-test-fob\/","name":"Blod i aff\u00f8ringen test (FOB) - Medtest.shop","isPartOf":{"@id":"https:\/\/medtest.stagingservers.net\/da\/#website"},"primaryImageOfPage":{"@id":"https:\/\/medtest.stagingservers.net\/da\/vare\/blod-i-tarmen-test-fob\/#primaryimage"},"image":{"@id":"https:\/\/medtest.stagingservers.net\/da\/vare\/blod-i-tarmen-test-fob\/#primaryimage"},"thumbnailUrl":"https:\/\/medtest.stagingservers.net\/wp-content\/uploads\/2019\/08\/Blod-i-tarmen-test-FOB-da.png","datePublished":"2019-08-14T09:16:21+00:00","dateModified":"2019-09-23T12:54:30+00:00","description":"Blod i aff\u00f8ringen test (FOB) - Medtest.shop","breadcrumb":{"@id":"https:\/\/medtest.stagingservers.net\/da\/vare\/blod-i-tarmen-test-fob\/#breadcrumb"},"inLanguage":"da-DK","potentialAction":[{"@type":"ReadAction","target":["https:\/\/medtest.stagingservers.net\/da\/vare\/blod-i-tarmen-test-fob\/"]}]},{"@type":"ImageObject","inLanguage":"da-DK","@id":"https:\/\/medtest.stagingservers.net\/da\/vare\/blod-i-tarmen-test-fob\/#primaryimage","url":"https:\/\/medtest.stagingservers.net\/wp-content\/uploads\/2019\/08\/Blod-i-tarmen-test-FOB-da.png","contentUrl":"https:\/\/medtest.stagingservers.net\/wp-content\/uploads\/2019\/08\/Blod-i-tarmen-test-FOB-da.png","width":563,"height":433},{"@type":"BreadcrumbList","@id":"https:\/\/medtest.stagingservers.net\/da\/vare\/blod-i-tarmen-test-fob\/#breadcrumb","itemListElement":[{"@type":"ListItem","position":1,"name":"Home","item":"https:\/\/medtest.stagingservers.net\/da\/"},{"@type":"ListItem","position":2,"name":"Butik","item":"https:\/\/medtest.stagingservers.net\/da\/butik\/"},{"@type":"ListItem","position":3,"name":"Blod i aff\u00f8ringen test (FOB)"}]},{"@type":"WebSite","@id":"https:\/\/medtest.stagingservers.net\/da\/#website","url":"https:\/\/medtest.stagingservers.net\/da\/","name":"Medtest.shop","description":"","publisher":{"@id":"https:\/\/medtest.stagingservers.net\/da\/#organization"},"potentialAction":[{"@type":"SearchAction","target":{"@type":"EntryPoint","urlTemplate":"https:\/\/medtest.stagingservers.net\/da\/?s={search_term_string}"},"query-input":{"@type":"PropertyValueSpecification","valueRequired":true,"valueName":"search_term_string"}}],"inLanguage":"da-DK"},{"@type":"Organization","@id":"https:\/\/medtest.stagingservers.net\/da\/#organization","name":"Medtest","url":"https:\/\/medtest.stagingservers.net\/da\/","logo":{"@type":"ImageObject","inLanguage":"da-DK","@id":"https:\/\/medtest.stagingservers.net\/da\/#\/schema\/logo\/image\/","url":"https:\/\/medtest.stagingservers.net\/wp-content\/uploads\/2018\/11\/Original.png","contentUrl":"https:\/\/medtest.stagingservers.net\/wp-content\/uploads\/2018\/11\/Original.png","width":1024,"height":1024,"caption":"Medtest"},"image":{"@id":"https:\/\/medtest.stagingservers.net\/da\/#\/schema\/logo\/image\/"},"sameAs":["https:\/\/www.facebook.com\/Medtest-1440779469392476\/"]}]}},"_links":{"self":[{"href":"https:\/\/medtest.stagingservers.net\/da\/wp-json\/wp\/v2\/product\/71778","targetHints":{"allow":["GET"]}}],"collection":[{"href":"https:\/\/medtest.stagingservers.net\/da\/wp-json\/wp\/v2\/product"}],"about":[{"href":"https:\/\/medtest.stagingservers.net\/da\/wp-json\/wp\/v2\/types\/product"}],"replies":[{"embeddable":true,"href":"https:\/\/medtest.stagingservers.net\/da\/wp-json\/wp\/v2\/comments?post=71778"}],"version-history":[{"count":0,"href":"https:\/\/medtest.stagingservers.net\/da\/wp-json\/wp\/v2\/product\/71778\/revisions"}],"wp:featuredmedia":[{"embeddable":true,"href":"https:\/\/medtest.stagingservers.net\/da\/wp-json\/wp\/v2\/media\/71781"}],"wp:attachment":[{"href":"https:\/\/medtest.stagingservers.net\/da\/wp-json\/wp\/v2\/media?parent=71778"}],"wp:term":[{"taxonomy":"product_brand","embeddable":true,"href":"https:\/\/medtest.stagingservers.net\/da\/wp-json\/wp\/v2\/product_brand?post=71778"},{"taxonomy":"product_cat","embeddable":true,"href":"https:\/\/medtest.stagingservers.net\/da\/wp-json\/wp\/v2\/product_cat?post=71778"},{"taxonomy":"product_tag","embeddable":true,"href":"https:\/\/medtest.stagingservers.net\/da\/wp-json\/wp\/v2\/product_tag?post=71778"}],"curies":[{"name":"wp","href":"https:\/\/api.w.org\/{rel}","templated":true}]}}