{"id":71788,"date":"2019-08-14T09:27:16","date_gmt":"2019-08-14T09:27:16","guid":{"rendered":"https:\/\/medtest.stagingservers.net\/product\/overgangsalderen-fsh-test\/"},"modified":"2019-11-12T14:42:05","modified_gmt":"2019-11-12T12:42:05","slug":"overgangsalderen-test","status":"publish","type":"product","link":"https:\/\/medtest.stagingservers.net\/da\/vare\/overgangsalderen-test\/","title":{"rendered":"Overgangsalder (FSH) test"},"content":{"rendered":"<h2>Menopausetest<\/h2>\n<h5>Hjemmetest med svar p\u00e5 5 minutter<\/h5>\n<p>Med menopausetesten fra Medtest tager du en urinpr\u00f8ve (tis p\u00e5 teststrimlen), der hurtigt og sikkert viser, om du er n\u00e5et den sidste fase af overgangsalderen, postmenopausen, eller ej. I en alder af omkring 45 \u00e5r n\u00e6rmer de fleste kvinder sig den livsfase, der kaldes klimakteriet eller overgangsalderen. Almindelige symptomer er hum\u00f8rsvingninger, hedeture, svedtendens, s\u00f8vnl\u00f8shed, skr\u00f8belige slimhinder og urininkontinens. Dette skyldes, at k\u00f8nshormonet \u00f8strogen gradvist falder. Menopausetests fra os er meget sikre og er ogs\u00e5 CE-m\u00e6rket. Testen m\u00e5ler follikelstimulerende hormon (FSH) i urinen ved koncentrationer p\u00e5 25 mIU \/ ml eller h\u00f8jere. Derudover har testen en p\u00e5lidelighed p\u00e5 92,8%. Dansk indl\u00e6gsseddel er inkluderet i pakningen.<\/p>\n<h5>Hvorfor b\u00f8r du teste dig selv?<\/h5>\n<p>Uregelm\u00e6ssig menstruation er almindeligt, n\u00e5r man n\u00e6rmer sig overgangsalderen, og det kan v\u00e6re sv\u00e6rt at vide, om du har n\u00e5et overgangsalderen eller stadig er frugtbar. Testen bekr\u00e6fter forh\u00f8jede niveauer af hormonet FSH, som stiger i kroppen ved overgangsalderen og derefter \u00f8ges i tre til fem \u00e5r. Ved at teste f\u00e5r du svar p\u00e5, om du er i postmenopause. Testen er s\u00e5ledes ogs\u00e5 rettet mod dem, der \u00f8nsker at vide, om de er g\u00e5et i overgangsalderen og derved kan undg\u00e5 un\u00f8dvendig medicin (b\u00f8r besluttes i samr\u00e5d med en l\u00e6ge).<\/p>\n<h5>S\u00e5dan g\u00f8r du<\/h5>\n<ol>\n<li>Neds\u00e6nk teststrimlen i en kop urin i 10-15 sekunder.<\/li>\n<li>Placer derefter teststrimlen p\u00e5 en ikke-absorberende flad overflade. Afl\u00e6s resultatet efter 3 minutter. Afl\u00e6s ikke resultatet efter 10 minutter.<\/li>\n<\/ol>\n<p>Instruktioner p\u00e5 dansk f\u00f8lger med <a href=\"https:\/\/medtest.stagingservers.net\/da\/butik\/\">alle vores produkter<\/a>.<\/p>\n<h3>Almindelige sp\u00f8rgsm\u00e5l<\/h3>\n<p><strong>Hvorfor skal jeg bruge en selvtest?<\/strong> Der er mange svar p\u00e5 det sp\u00f8rgsm\u00e5l. De fleste af vores kunder f\u00f8ler, at det resultat, vores test producerer, g\u00f8r, at de endelig f\u00e5r den sundhedshj\u00e6lp, de har ret til. Vis derfor altid et positivt for din l\u00e6ge. <strong>Hvordan garanterer I sikkerhed \/ p\u00e5lidelighed?<\/strong> Ved at f\u00f8lge CE-m\u00e6rkningsdirektiverne. Dette betyder blandt andet, at vi har s\u00f8rget for, at manualer osv. er lette at forst\u00e5 &#8211; ogs\u00e5 for dem, der ikke har medicinsk uddannelse.<\/p>\n","protected":false},"excerpt":{"rendered":"<p>En enkelt urintest, som du tager derhjemme, giver dig besked p\u00e5 nogle f\u00e5 minutter. Men det er ikke helt nemt at vide, om man reelt er kommet i overgangsalderen eller ej. Mange kvinder har det d\u00e5rligt, b\u00e5de fysisk og psykisk. En del kvinder oplever en stor \u00e6ndring i deres liv. Ligeledes kan livsledsageren og vennerne ogs\u00e5 m\u00e6rke en forandring. Men det er helt naturligt. Der sker meget i din krop. Hormonelt kan det sammenlignes med, da du fik din f\u00f8rste menstruation.<\/p>\n","protected":false},"featured_media":71790,"comment_status":"closed","ping_status":"closed","template":"","meta":{"_acf_changed":false,"footnotes":""},"product_brand":[],"product_cat":[871],"product_tag":[],"class_list":{"0":"post-71788","1":"product","2":"type-product","3":"status-publish","4":"has-post-thumbnail","6":"product_cat-overgangsalderen","8":"first","9":"instock","10":"taxable","11":"shipping-taxable","12":"purchasable","13":"product-type-simple"},"acf":[],"yoast_head":"<title>Overgangsalder (FSH) test - Medtest.shop<\/title>\n<meta name=\"description\" content=\"Overgangsalder (FSH) test - Medtest.shop\" \/>\n<meta name=\"robots\" content=\"noindex, follow, max-snippet:-1, max-image-preview:large, max-video-preview:-1\" \/>\n<meta property=\"og:locale\" content=\"da_DK\" \/>\n<meta property=\"og:type\" content=\"article\" \/>\n<meta property=\"og:title\" content=\"Overgangsalder (FSH) test - Medtest.shop\" \/>\n<meta property=\"og:description\" content=\"Overgangsalder (FSH) test - Medtest.shop\" \/>\n<meta property=\"og:url\" content=\"https:\/\/medtest.stagingservers.net\/da\/vare\/overgangsalderen-test\/\" \/>\n<meta property=\"og:site_name\" content=\"Medtest.shop\" \/>\n<meta property=\"article:publisher\" content=\"https:\/\/www.facebook.com\/Medtest-1440779469392476\/\" \/>\n<meta property=\"article:modified_time\" content=\"2019-11-12T12:42:05+00:00\" \/>\n<meta property=\"og:image\" content=\"https:\/\/medtest.stagingservers.net\/wp-content\/uploads\/2019\/08\/Overgangsalderen-FSH-da.png\" \/>\n\t<meta property=\"og:image:width\" content=\"566\" \/>\n\t<meta property=\"og:image:height\" content=\"435\" \/>\n\t<meta property=\"og:image:type\" content=\"image\/png\" \/>\n<meta name=\"twitter:card\" content=\"summary_large_image\" \/>\n<script type=\"application\/ld+json\" class=\"yoast-schema-graph\">{\"@context\":\"https:\\\/\\\/schema.org\",\"@graph\":[{\"@type\":\"WebPage\",\"@id\":\"https:\\\/\\\/medtest.stagingservers.net\\\/da\\\/vare\\\/overgangsalderen-test\\\/\",\"url\":\"https:\\\/\\\/medtest.stagingservers.net\\\/da\\\/vare\\\/overgangsalderen-test\\\/\",\"name\":\"Overgangsalder (FSH) test - Medtest.shop\",\"isPartOf\":{\"@id\":\"https:\\\/\\\/medtest.stagingservers.net\\\/da\\\/#website\"},\"primaryImageOfPage\":{\"@id\":\"https:\\\/\\\/medtest.stagingservers.net\\\/da\\\/vare\\\/overgangsalderen-test\\\/#primaryimage\"},\"image\":{\"@id\":\"https:\\\/\\\/medtest.stagingservers.net\\\/da\\\/vare\\\/overgangsalderen-test\\\/#primaryimage\"},\"thumbnailUrl\":\"https:\\\/\\\/medtest.stagingservers.net\\\/wp-content\\\/uploads\\\/2019\\\/08\\\/Overgangsalderen-FSH-da.png\",\"datePublished\":\"2019-08-14T09:27:16+00:00\",\"dateModified\":\"2019-11-12T12:42:05+00:00\",\"description\":\"Overgangsalder (FSH) test - Medtest.shop\",\"breadcrumb\":{\"@id\":\"https:\\\/\\\/medtest.stagingservers.net\\\/da\\\/vare\\\/overgangsalderen-test\\\/#breadcrumb\"},\"inLanguage\":\"da-DK\",\"potentialAction\":[{\"@type\":\"ReadAction\",\"target\":[\"https:\\\/\\\/medtest.stagingservers.net\\\/da\\\/vare\\\/overgangsalderen-test\\\/\"]}]},{\"@type\":\"ImageObject\",\"inLanguage\":\"da-DK\",\"@id\":\"https:\\\/\\\/medtest.stagingservers.net\\\/da\\\/vare\\\/overgangsalderen-test\\\/#primaryimage\",\"url\":\"https:\\\/\\\/medtest.stagingservers.net\\\/wp-content\\\/uploads\\\/2019\\\/08\\\/Overgangsalderen-FSH-da.png\",\"contentUrl\":\"https:\\\/\\\/medtest.stagingservers.net\\\/wp-content\\\/uploads\\\/2019\\\/08\\\/Overgangsalderen-FSH-da.png\",\"width\":566,\"height\":435},{\"@type\":\"BreadcrumbList\",\"@id\":\"https:\\\/\\\/medtest.stagingservers.net\\\/da\\\/vare\\\/overgangsalderen-test\\\/#breadcrumb\",\"itemListElement\":[{\"@type\":\"ListItem\",\"position\":1,\"name\":\"Home\",\"item\":\"https:\\\/\\\/medtest.stagingservers.net\\\/da\\\/\"},{\"@type\":\"ListItem\",\"position\":2,\"name\":\"Butik\",\"item\":\"https:\\\/\\\/medtest.stagingservers.net\\\/da\\\/butik\\\/\"},{\"@type\":\"ListItem\",\"position\":3,\"name\":\"Overgangsalder (FSH) test\"}]},{\"@type\":\"WebSite\",\"@id\":\"https:\\\/\\\/medtest.stagingservers.net\\\/da\\\/#website\",\"url\":\"https:\\\/\\\/medtest.stagingservers.net\\\/da\\\/\",\"name\":\"Medtest.shop\",\"description\":\"\",\"publisher\":{\"@id\":\"https:\\\/\\\/medtest.stagingservers.net\\\/da\\\/#organization\"},\"potentialAction\":[{\"@type\":\"SearchAction\",\"target\":{\"@type\":\"EntryPoint\",\"urlTemplate\":\"https:\\\/\\\/medtest.stagingservers.net\\\/da\\\/?s={search_term_string}\"},\"query-input\":{\"@type\":\"PropertyValueSpecification\",\"valueRequired\":true,\"valueName\":\"search_term_string\"}}],\"inLanguage\":\"da-DK\"},{\"@type\":\"Organization\",\"@id\":\"https:\\\/\\\/medtest.stagingservers.net\\\/da\\\/#organization\",\"name\":\"Medtest\",\"url\":\"https:\\\/\\\/medtest.stagingservers.net\\\/da\\\/\",\"logo\":{\"@type\":\"ImageObject\",\"inLanguage\":\"da-DK\",\"@id\":\"https:\\\/\\\/medtest.stagingservers.net\\\/da\\\/#\\\/schema\\\/logo\\\/image\\\/\",\"url\":\"https:\\\/\\\/medtest.stagingservers.net\\\/wp-content\\\/uploads\\\/2018\\\/11\\\/Original.png\",\"contentUrl\":\"https:\\\/\\\/medtest.stagingservers.net\\\/wp-content\\\/uploads\\\/2018\\\/11\\\/Original.png\",\"width\":1024,\"height\":1024,\"caption\":\"Medtest\"},\"image\":{\"@id\":\"https:\\\/\\\/medtest.stagingservers.net\\\/da\\\/#\\\/schema\\\/logo\\\/image\\\/\"},\"sameAs\":[\"https:\\\/\\\/www.facebook.com\\\/Medtest-1440779469392476\\\/\"]}]}<\/script>","yoast_head_json":{"title":"Overgangsalder (FSH) test - Medtest.shop","description":"Overgangsalder (FSH) test - Medtest.shop","robots":{"index":"noindex","follow":"follow","max-snippet":"max-snippet:-1","max-image-preview":"max-image-preview:large","max-video-preview":"max-video-preview:-1"},"og_locale":"da_DK","og_type":"article","og_title":"Overgangsalder (FSH) test - Medtest.shop","og_description":"Overgangsalder (FSH) test - Medtest.shop","og_url":"https:\/\/medtest.stagingservers.net\/da\/vare\/overgangsalderen-test\/","og_site_name":"Medtest.shop","article_publisher":"https:\/\/www.facebook.com\/Medtest-1440779469392476\/","article_modified_time":"2019-11-12T12:42:05+00:00","og_image":[{"width":566,"height":435,"url":"https:\/\/medtest.stagingservers.net\/wp-content\/uploads\/2019\/08\/Overgangsalderen-FSH-da.png","type":"image\/png"}],"twitter_card":"summary_large_image","schema":{"@context":"https:\/\/schema.org","@graph":[{"@type":"WebPage","@id":"https:\/\/medtest.stagingservers.net\/da\/vare\/overgangsalderen-test\/","url":"https:\/\/medtest.stagingservers.net\/da\/vare\/overgangsalderen-test\/","name":"Overgangsalder (FSH) test - Medtest.shop","isPartOf":{"@id":"https:\/\/medtest.stagingservers.net\/da\/#website"},"primaryImageOfPage":{"@id":"https:\/\/medtest.stagingservers.net\/da\/vare\/overgangsalderen-test\/#primaryimage"},"image":{"@id":"https:\/\/medtest.stagingservers.net\/da\/vare\/overgangsalderen-test\/#primaryimage"},"thumbnailUrl":"https:\/\/medtest.stagingservers.net\/wp-content\/uploads\/2019\/08\/Overgangsalderen-FSH-da.png","datePublished":"2019-08-14T09:27:16+00:00","dateModified":"2019-11-12T12:42:05+00:00","description":"Overgangsalder (FSH) test - Medtest.shop","breadcrumb":{"@id":"https:\/\/medtest.stagingservers.net\/da\/vare\/overgangsalderen-test\/#breadcrumb"},"inLanguage":"da-DK","potentialAction":[{"@type":"ReadAction","target":["https:\/\/medtest.stagingservers.net\/da\/vare\/overgangsalderen-test\/"]}]},{"@type":"ImageObject","inLanguage":"da-DK","@id":"https:\/\/medtest.stagingservers.net\/da\/vare\/overgangsalderen-test\/#primaryimage","url":"https:\/\/medtest.stagingservers.net\/wp-content\/uploads\/2019\/08\/Overgangsalderen-FSH-da.png","contentUrl":"https:\/\/medtest.stagingservers.net\/wp-content\/uploads\/2019\/08\/Overgangsalderen-FSH-da.png","width":566,"height":435},{"@type":"BreadcrumbList","@id":"https:\/\/medtest.stagingservers.net\/da\/vare\/overgangsalderen-test\/#breadcrumb","itemListElement":[{"@type":"ListItem","position":1,"name":"Home","item":"https:\/\/medtest.stagingservers.net\/da\/"},{"@type":"ListItem","position":2,"name":"Butik","item":"https:\/\/medtest.stagingservers.net\/da\/butik\/"},{"@type":"ListItem","position":3,"name":"Overgangsalder (FSH) test"}]},{"@type":"WebSite","@id":"https:\/\/medtest.stagingservers.net\/da\/#website","url":"https:\/\/medtest.stagingservers.net\/da\/","name":"Medtest.shop","description":"","publisher":{"@id":"https:\/\/medtest.stagingservers.net\/da\/#organization"},"potentialAction":[{"@type":"SearchAction","target":{"@type":"EntryPoint","urlTemplate":"https:\/\/medtest.stagingservers.net\/da\/?s={search_term_string}"},"query-input":{"@type":"PropertyValueSpecification","valueRequired":true,"valueName":"search_term_string"}}],"inLanguage":"da-DK"},{"@type":"Organization","@id":"https:\/\/medtest.stagingservers.net\/da\/#organization","name":"Medtest","url":"https:\/\/medtest.stagingservers.net\/da\/","logo":{"@type":"ImageObject","inLanguage":"da-DK","@id":"https:\/\/medtest.stagingservers.net\/da\/#\/schema\/logo\/image\/","url":"https:\/\/medtest.stagingservers.net\/wp-content\/uploads\/2018\/11\/Original.png","contentUrl":"https:\/\/medtest.stagingservers.net\/wp-content\/uploads\/2018\/11\/Original.png","width":1024,"height":1024,"caption":"Medtest"},"image":{"@id":"https:\/\/medtest.stagingservers.net\/da\/#\/schema\/logo\/image\/"},"sameAs":["https:\/\/www.facebook.com\/Medtest-1440779469392476\/"]}]}},"_links":{"self":[{"href":"https:\/\/medtest.stagingservers.net\/da\/wp-json\/wp\/v2\/product\/71788","targetHints":{"allow":["GET"]}}],"collection":[{"href":"https:\/\/medtest.stagingservers.net\/da\/wp-json\/wp\/v2\/product"}],"about":[{"href":"https:\/\/medtest.stagingservers.net\/da\/wp-json\/wp\/v2\/types\/product"}],"replies":[{"embeddable":true,"href":"https:\/\/medtest.stagingservers.net\/da\/wp-json\/wp\/v2\/comments?post=71788"}],"version-history":[{"count":0,"href":"https:\/\/medtest.stagingservers.net\/da\/wp-json\/wp\/v2\/product\/71788\/revisions"}],"wp:featuredmedia":[{"embeddable":true,"href":"https:\/\/medtest.stagingservers.net\/da\/wp-json\/wp\/v2\/media\/71790"}],"wp:attachment":[{"href":"https:\/\/medtest.stagingservers.net\/da\/wp-json\/wp\/v2\/media?parent=71788"}],"wp:term":[{"taxonomy":"product_brand","embeddable":true,"href":"https:\/\/medtest.stagingservers.net\/da\/wp-json\/wp\/v2\/product_brand?post=71788"},{"taxonomy":"product_cat","embeddable":true,"href":"https:\/\/medtest.stagingservers.net\/da\/wp-json\/wp\/v2\/product_cat?post=71788"},{"taxonomy":"product_tag","embeddable":true,"href":"https:\/\/medtest.stagingservers.net\/da\/wp-json\/wp\/v2\/product_tag?post=71788"}],"curies":[{"name":"wp","href":"https:\/\/api.w.org\/{rel}","templated":true}]}}