{"id":71797,"date":"2019-08-14T09:37:18","date_gmt":"2019-08-14T09:37:18","guid":{"rendered":"https:\/\/medtest.stagingservers.net\/product\/skjoldbruskkirtel-test\/"},"modified":"2019-11-09T13:21:52","modified_gmt":"2019-11-09T11:21:52","slug":"skjoldbruskkirtel-test","status":"publish","type":"product","link":"https:\/\/medtest.stagingservers.net\/da\/vare\/skjoldbruskkirtel-test\/","title":{"rendered":"Skjoldbruskkirtel-test"},"content":{"rendered":"<h2>Skjoldbruskkirtel-test<\/h2>\n<h5>F\u00e5 svar p\u00e5 15 minutter<\/h5>\n<p>Oplever du symptomer som tr\u00e6thed, ladhed og energitab, uro, stress og generel sygdom? Dette kan muligvis skyldes skjoldbruskkirtlen. Med vores test af skjoldbruskkirtlen kan du f\u00e5 afklaring om hvordan du har det. Skjoldbruskkirtlen sidder under strubehovedet p\u00e5 forsiden af \u200b\u200bhalsen, og den har stor indflydelse p\u00e5 vores velbefindende og p\u00e5 vores fysiske evner, da skjoldbruskkirtlen styrer kroppens stofskifte. Derfor spiller den en vigtig rolle for vores velbefindende. Vores test kan muligvis give dig en forklaring p\u00e5, hvordan du har det. Hvis din skjoldbruskkirtel er underaktiv, p\u00e5virker det niveauet af skjoldbruskkirtelstimulerende hormon (TSH) i dit blod. Du kan selv m\u00e5le dette hormonniveau med vores skjoldbruskkirtel-test, som udf\u00f8res med et enkelt og smertefrit stik i fingeren. Testen tager kun 10-15 minutter og giver dig hurtigt og enkelt besked om din skjoldbruskkirtels tilstand. Vores skjoldbruskkirtel-test markerer positivt, n\u00e5r TSH-niveauet er h\u00f8jere end 5 \u03bcIU \/ ml. Vores skjoldbruskkirtel-test er meget sikker og er CE-m\u00e6rket. Derudover har testen en p\u00e5lidelighed p\u00e5 95,5%.<\/p>\n<h5>Hvorfor b\u00f8r du teste dig selv?<\/h5>\n<p>Det kan v\u00e6re vanskeligt at opdage sygdom i skjoldbruskkirtlen udelukkende p\u00e5 baggrund af symptomer, da de mest almindelige symptomer ved den slags sygdom er meget generelle. Med en test af skjoldbruskkirtlen f\u00e5r du klar besked om, hvorvidt din v\u00e6gtsvingning \/ tr\u00e6thed \/ h\u00e5bl\u00f8shed \/ svimmelhed skyldes en forstyrrelse i skjoldbruskkirtlen. Derved bliver du bedre rustet til at s\u00f8ge pleje og f\u00e5 den rigtige behandling. Dette er vigtigt, da nogle skjoldbruskkirtelsygdomme kan for\u00e5rsage alvorlige komplikationer.<\/p>\n<h5>S\u00e5dan g\u00f8r du<\/h5>\n<ol>\n<li style=\"list-style-type: none;\">\n<ol>\n<li>Reng\u00f8r fingeren med alkoholservietten.<\/li>\n<li>Prik dig derefter i fingerspidsen med lancetten.<\/li>\n<li>Sug 2-3 dr\u00e5ber blod op med pipetten.<\/li>\n<li>Dryp 1-2 dr\u00e5ber blod ned i testkassettens br\u00f8nd (S).<\/li>\n<li>Dryp derefter 1 dr\u00e5be puffer deri.<\/li>\n<li>Vent 5 minutter, inden resultatet afl\u00e6ses.<\/li>\n<\/ol>\n<\/li>\n<\/ol>\n<h4><img loading=\"lazy\" decoding=\"async\" class=\"alignnone size-full wp-image-71710\" src=\"\/wp-content\/uploads\/2019\/03\/PSA-procedur.png\" alt=\"PSA procedur\" width=\"1455\" height=\"467\" srcset=\"https:\/\/medtest.stagingservers.net\/wp-content\/uploads\/2019\/03\/PSA-procedur.png 1455w, https:\/\/medtest.stagingservers.net\/wp-content\/uploads\/2019\/03\/PSA-procedur-720x231.png 720w, https:\/\/medtest.stagingservers.net\/wp-content\/uploads\/2019\/03\/PSA-procedur-1200x385.png 1200w, https:\/\/medtest.stagingservers.net\/wp-content\/uploads\/2019\/03\/PSA-procedur-768x246.png 768w, https:\/\/medtest.stagingservers.net\/wp-content\/uploads\/2019\/03\/PSA-procedur-416x134.png 416w, https:\/\/medtest.stagingservers.net\/wp-content\/uploads\/2019\/03\/PSA-procedur-300x96.png 300w, https:\/\/medtest.stagingservers.net\/wp-content\/uploads\/2019\/03\/PSA-procedur-1024x329.png 1024w\" sizes=\"auto, (max-width: 1455px) 100vw, 1455px\" \/><\/h4>\n<h5>Resultat<\/h5>\n<p><img loading=\"lazy\" decoding=\"async\" class=\"wp-image-71787 alignleft\" src=\"https:\/\/medtest.stagingservers.net\/wp-content\/uploads\/2019\/02\/Test-resultat.png\" alt=\"\" width=\"231\" height=\"162\" srcset=\"https:\/\/medtest.stagingservers.net\/wp-content\/uploads\/2019\/02\/Test-resultat.png 912w, https:\/\/medtest.stagingservers.net\/wp-content\/uploads\/2019\/02\/Test-resultat-720x504.png 720w, https:\/\/medtest.stagingservers.net\/wp-content\/uploads\/2019\/02\/Test-resultat-768x538.png 768w, https:\/\/medtest.stagingservers.net\/wp-content\/uploads\/2019\/02\/Test-resultat-416x291.png 416w, https:\/\/medtest.stagingservers.net\/wp-content\/uploads\/2019\/02\/Test-resultat-300x210.png 300w\" sizes=\"auto, (max-width: 231px) 100vw, 231px\" \/><\/p>\n<p>&nbsp;<\/p>\n<p>&nbsp;<\/p>\n<p>&nbsp;<\/p>\n<p>&nbsp;<\/p>\n<p>Hvis linjer vises ved C og T, er resultatet positivt. Hvis der kun vises en linje ved C, er resultatet negativt. Kontrollinjen (C) fungerer som en kvalitetskontrol, der sikrer, at testkassetten fungerer.<\/p>\n<p>C = Kontrol, T = Test, S = Pr\u00f8ve<\/p>\n<p>Brugsvejledning p\u00e5 dansk medf\u00f8lger. <a href=\"https:\/\/medtest.stagingservers.net\/kontakta-oss\/\">Kontakt os<\/a>, hvis du har sp\u00f8rgsm\u00e5l.<\/p>\n","protected":false},"excerpt":{"rendered":"<p>Vores test kan give dig svar p\u00e5, hvorfor du f\u00f8ler, som du g\u00f8r. Hvis din skjoldbruskkirtel er underaktiv, s\u00e5 p\u00e5virker det niveauet af hormonet TSH i dit blod. Dette hormonniveau kan du selv m\u00e5le med vores skjoldbruskkirteltest, som klares med et enkelt og smertefrit stik i fingeren. Testen tager kun 10-15 minutter og giver dig hurtigt og nemt besked om din skjoldbruskkirtels tilstand. Vores skjoldbruskkirtel-test viser positivt, n\u00e5r TSH-niveauet er h\u00f8jere end 5\u03bcIU\/mL.<\/p>\n","protected":false},"featured_media":71801,"comment_status":"closed","ping_status":"closed","template":"","meta":{"_acf_changed":false,"footnotes":""},"product_brand":[],"product_cat":[862,876,866],"product_tag":[],"class_list":{"0":"post-71797","1":"product","2":"type-product","3":"status-publish","4":"has-post-thumbnail","6":"product_cat-pakkelosning","7":"product_cat-skjoldbruskkirtel","8":"product_cat-sundhedsmaessige-test","10":"first","11":"instock","12":"taxable","13":"shipping-taxable","14":"purchasable","15":"product-type-simple"},"acf":[],"yoast_head":"<title>Skjoldbruskkirtel-test - Medtest.shop<\/title>\n<meta name=\"description\" content=\"Skjoldbruskkirtel-test - Medtest.shop\" \/>\n<meta name=\"robots\" content=\"noindex, follow, max-snippet:-1, max-image-preview:large, max-video-preview:-1\" \/>\n<meta property=\"og:locale\" content=\"da_DK\" \/>\n<meta property=\"og:type\" content=\"article\" \/>\n<meta property=\"og:title\" content=\"Skjoldbruskkirtel-test - Medtest.shop\" \/>\n<meta property=\"og:description\" content=\"Skjoldbruskkirtel-test - Medtest.shop\" \/>\n<meta property=\"og:url\" content=\"https:\/\/medtest.stagingservers.net\/da\/vare\/skjoldbruskkirtel-test\/\" \/>\n<meta property=\"og:site_name\" content=\"Medtest.shop\" \/>\n<meta property=\"article:publisher\" content=\"https:\/\/www.facebook.com\/Medtest-1440779469392476\/\" \/>\n<meta property=\"article:modified_time\" content=\"2019-11-09T11:21:52+00:00\" \/>\n<meta property=\"og:image\" content=\"https:\/\/medtest.stagingservers.net\/wp-content\/uploads\/2019\/08\/Skjoldbruskkirtel-da.png\" \/>\n\t<meta property=\"og:image:width\" content=\"566\" \/>\n\t<meta property=\"og:image:height\" content=\"431\" \/>\n\t<meta property=\"og:image:type\" content=\"image\/png\" \/>\n<meta name=\"twitter:card\" content=\"summary_large_image\" \/>\n<script type=\"application\/ld+json\" class=\"yoast-schema-graph\">{\"@context\":\"https:\\\/\\\/schema.org\",\"@graph\":[{\"@type\":\"WebPage\",\"@id\":\"https:\\\/\\\/medtest.stagingservers.net\\\/da\\\/vare\\\/skjoldbruskkirtel-test\\\/\",\"url\":\"https:\\\/\\\/medtest.stagingservers.net\\\/da\\\/vare\\\/skjoldbruskkirtel-test\\\/\",\"name\":\"Skjoldbruskkirtel-test - Medtest.shop\",\"isPartOf\":{\"@id\":\"https:\\\/\\\/medtest.stagingservers.net\\\/da\\\/#website\"},\"primaryImageOfPage\":{\"@id\":\"https:\\\/\\\/medtest.stagingservers.net\\\/da\\\/vare\\\/skjoldbruskkirtel-test\\\/#primaryimage\"},\"image\":{\"@id\":\"https:\\\/\\\/medtest.stagingservers.net\\\/da\\\/vare\\\/skjoldbruskkirtel-test\\\/#primaryimage\"},\"thumbnailUrl\":\"https:\\\/\\\/medtest.stagingservers.net\\\/wp-content\\\/uploads\\\/2019\\\/08\\\/Skjoldbruskkirtel-da.png\",\"datePublished\":\"2019-08-14T09:37:18+00:00\",\"dateModified\":\"2019-11-09T11:21:52+00:00\",\"description\":\"Skjoldbruskkirtel-test - Medtest.shop\",\"breadcrumb\":{\"@id\":\"https:\\\/\\\/medtest.stagingservers.net\\\/da\\\/vare\\\/skjoldbruskkirtel-test\\\/#breadcrumb\"},\"inLanguage\":\"da-DK\",\"potentialAction\":[{\"@type\":\"ReadAction\",\"target\":[\"https:\\\/\\\/medtest.stagingservers.net\\\/da\\\/vare\\\/skjoldbruskkirtel-test\\\/\"]}]},{\"@type\":\"ImageObject\",\"inLanguage\":\"da-DK\",\"@id\":\"https:\\\/\\\/medtest.stagingservers.net\\\/da\\\/vare\\\/skjoldbruskkirtel-test\\\/#primaryimage\",\"url\":\"https:\\\/\\\/medtest.stagingservers.net\\\/wp-content\\\/uploads\\\/2019\\\/08\\\/Skjoldbruskkirtel-da.png\",\"contentUrl\":\"https:\\\/\\\/medtest.stagingservers.net\\\/wp-content\\\/uploads\\\/2019\\\/08\\\/Skjoldbruskkirtel-da.png\",\"width\":566,\"height\":431},{\"@type\":\"BreadcrumbList\",\"@id\":\"https:\\\/\\\/medtest.stagingservers.net\\\/da\\\/vare\\\/skjoldbruskkirtel-test\\\/#breadcrumb\",\"itemListElement\":[{\"@type\":\"ListItem\",\"position\":1,\"name\":\"Home\",\"item\":\"https:\\\/\\\/medtest.stagingservers.net\\\/da\\\/\"},{\"@type\":\"ListItem\",\"position\":2,\"name\":\"Butik\",\"item\":\"https:\\\/\\\/medtest.stagingservers.net\\\/da\\\/butik\\\/\"},{\"@type\":\"ListItem\",\"position\":3,\"name\":\"Skjoldbruskkirtel-test\"}]},{\"@type\":\"WebSite\",\"@id\":\"https:\\\/\\\/medtest.stagingservers.net\\\/da\\\/#website\",\"url\":\"https:\\\/\\\/medtest.stagingservers.net\\\/da\\\/\",\"name\":\"Medtest.shop\",\"description\":\"\",\"publisher\":{\"@id\":\"https:\\\/\\\/medtest.stagingservers.net\\\/da\\\/#organization\"},\"potentialAction\":[{\"@type\":\"SearchAction\",\"target\":{\"@type\":\"EntryPoint\",\"urlTemplate\":\"https:\\\/\\\/medtest.stagingservers.net\\\/da\\\/?s={search_term_string}\"},\"query-input\":{\"@type\":\"PropertyValueSpecification\",\"valueRequired\":true,\"valueName\":\"search_term_string\"}}],\"inLanguage\":\"da-DK\"},{\"@type\":\"Organization\",\"@id\":\"https:\\\/\\\/medtest.stagingservers.net\\\/da\\\/#organization\",\"name\":\"Medtest\",\"url\":\"https:\\\/\\\/medtest.stagingservers.net\\\/da\\\/\",\"logo\":{\"@type\":\"ImageObject\",\"inLanguage\":\"da-DK\",\"@id\":\"https:\\\/\\\/medtest.stagingservers.net\\\/da\\\/#\\\/schema\\\/logo\\\/image\\\/\",\"url\":\"https:\\\/\\\/medtest.stagingservers.net\\\/wp-content\\\/uploads\\\/2018\\\/11\\\/Original.png\",\"contentUrl\":\"https:\\\/\\\/medtest.stagingservers.net\\\/wp-content\\\/uploads\\\/2018\\\/11\\\/Original.png\",\"width\":1024,\"height\":1024,\"caption\":\"Medtest\"},\"image\":{\"@id\":\"https:\\\/\\\/medtest.stagingservers.net\\\/da\\\/#\\\/schema\\\/logo\\\/image\\\/\"},\"sameAs\":[\"https:\\\/\\\/www.facebook.com\\\/Medtest-1440779469392476\\\/\"]}]}<\/script>","yoast_head_json":{"title":"Skjoldbruskkirtel-test - Medtest.shop","description":"Skjoldbruskkirtel-test - Medtest.shop","robots":{"index":"noindex","follow":"follow","max-snippet":"max-snippet:-1","max-image-preview":"max-image-preview:large","max-video-preview":"max-video-preview:-1"},"og_locale":"da_DK","og_type":"article","og_title":"Skjoldbruskkirtel-test - Medtest.shop","og_description":"Skjoldbruskkirtel-test - Medtest.shop","og_url":"https:\/\/medtest.stagingservers.net\/da\/vare\/skjoldbruskkirtel-test\/","og_site_name":"Medtest.shop","article_publisher":"https:\/\/www.facebook.com\/Medtest-1440779469392476\/","article_modified_time":"2019-11-09T11:21:52+00:00","og_image":[{"width":566,"height":431,"url":"https:\/\/medtest.stagingservers.net\/wp-content\/uploads\/2019\/08\/Skjoldbruskkirtel-da.png","type":"image\/png"}],"twitter_card":"summary_large_image","schema":{"@context":"https:\/\/schema.org","@graph":[{"@type":"WebPage","@id":"https:\/\/medtest.stagingservers.net\/da\/vare\/skjoldbruskkirtel-test\/","url":"https:\/\/medtest.stagingservers.net\/da\/vare\/skjoldbruskkirtel-test\/","name":"Skjoldbruskkirtel-test - Medtest.shop","isPartOf":{"@id":"https:\/\/medtest.stagingservers.net\/da\/#website"},"primaryImageOfPage":{"@id":"https:\/\/medtest.stagingservers.net\/da\/vare\/skjoldbruskkirtel-test\/#primaryimage"},"image":{"@id":"https:\/\/medtest.stagingservers.net\/da\/vare\/skjoldbruskkirtel-test\/#primaryimage"},"thumbnailUrl":"https:\/\/medtest.stagingservers.net\/wp-content\/uploads\/2019\/08\/Skjoldbruskkirtel-da.png","datePublished":"2019-08-14T09:37:18+00:00","dateModified":"2019-11-09T11:21:52+00:00","description":"Skjoldbruskkirtel-test - Medtest.shop","breadcrumb":{"@id":"https:\/\/medtest.stagingservers.net\/da\/vare\/skjoldbruskkirtel-test\/#breadcrumb"},"inLanguage":"da-DK","potentialAction":[{"@type":"ReadAction","target":["https:\/\/medtest.stagingservers.net\/da\/vare\/skjoldbruskkirtel-test\/"]}]},{"@type":"ImageObject","inLanguage":"da-DK","@id":"https:\/\/medtest.stagingservers.net\/da\/vare\/skjoldbruskkirtel-test\/#primaryimage","url":"https:\/\/medtest.stagingservers.net\/wp-content\/uploads\/2019\/08\/Skjoldbruskkirtel-da.png","contentUrl":"https:\/\/medtest.stagingservers.net\/wp-content\/uploads\/2019\/08\/Skjoldbruskkirtel-da.png","width":566,"height":431},{"@type":"BreadcrumbList","@id":"https:\/\/medtest.stagingservers.net\/da\/vare\/skjoldbruskkirtel-test\/#breadcrumb","itemListElement":[{"@type":"ListItem","position":1,"name":"Home","item":"https:\/\/medtest.stagingservers.net\/da\/"},{"@type":"ListItem","position":2,"name":"Butik","item":"https:\/\/medtest.stagingservers.net\/da\/butik\/"},{"@type":"ListItem","position":3,"name":"Skjoldbruskkirtel-test"}]},{"@type":"WebSite","@id":"https:\/\/medtest.stagingservers.net\/da\/#website","url":"https:\/\/medtest.stagingservers.net\/da\/","name":"Medtest.shop","description":"","publisher":{"@id":"https:\/\/medtest.stagingservers.net\/da\/#organization"},"potentialAction":[{"@type":"SearchAction","target":{"@type":"EntryPoint","urlTemplate":"https:\/\/medtest.stagingservers.net\/da\/?s={search_term_string}"},"query-input":{"@type":"PropertyValueSpecification","valueRequired":true,"valueName":"search_term_string"}}],"inLanguage":"da-DK"},{"@type":"Organization","@id":"https:\/\/medtest.stagingservers.net\/da\/#organization","name":"Medtest","url":"https:\/\/medtest.stagingservers.net\/da\/","logo":{"@type":"ImageObject","inLanguage":"da-DK","@id":"https:\/\/medtest.stagingservers.net\/da\/#\/schema\/logo\/image\/","url":"https:\/\/medtest.stagingservers.net\/wp-content\/uploads\/2018\/11\/Original.png","contentUrl":"https:\/\/medtest.stagingservers.net\/wp-content\/uploads\/2018\/11\/Original.png","width":1024,"height":1024,"caption":"Medtest"},"image":{"@id":"https:\/\/medtest.stagingservers.net\/da\/#\/schema\/logo\/image\/"},"sameAs":["https:\/\/www.facebook.com\/Medtest-1440779469392476\/"]}]}},"_links":{"self":[{"href":"https:\/\/medtest.stagingservers.net\/da\/wp-json\/wp\/v2\/product\/71797","targetHints":{"allow":["GET"]}}],"collection":[{"href":"https:\/\/medtest.stagingservers.net\/da\/wp-json\/wp\/v2\/product"}],"about":[{"href":"https:\/\/medtest.stagingservers.net\/da\/wp-json\/wp\/v2\/types\/product"}],"replies":[{"embeddable":true,"href":"https:\/\/medtest.stagingservers.net\/da\/wp-json\/wp\/v2\/comments?post=71797"}],"version-history":[{"count":0,"href":"https:\/\/medtest.stagingservers.net\/da\/wp-json\/wp\/v2\/product\/71797\/revisions"}],"wp:featuredmedia":[{"embeddable":true,"href":"https:\/\/medtest.stagingservers.net\/da\/wp-json\/wp\/v2\/media\/71801"}],"wp:attachment":[{"href":"https:\/\/medtest.stagingservers.net\/da\/wp-json\/wp\/v2\/media?parent=71797"}],"wp:term":[{"taxonomy":"product_brand","embeddable":true,"href":"https:\/\/medtest.stagingservers.net\/da\/wp-json\/wp\/v2\/product_brand?post=71797"},{"taxonomy":"product_cat","embeddable":true,"href":"https:\/\/medtest.stagingservers.net\/da\/wp-json\/wp\/v2\/product_cat?post=71797"},{"taxonomy":"product_tag","embeddable":true,"href":"https:\/\/medtest.stagingservers.net\/da\/wp-json\/wp\/v2\/product_tag?post=71797"}],"curies":[{"name":"wp","href":"https:\/\/api.w.org\/{rel}","templated":true}]}}