{"id":71807,"date":"2019-08-14T09:50:44","date_gmt":"2019-08-14T09:50:44","guid":{"rendered":"https:\/\/medtest.stagingservers.net\/product\/jernmangel-test\/"},"modified":"2019-09-23T11:22:30","modified_gmt":"2019-09-23T09:22:30","slug":"jernmangel-test","status":"publish","type":"product","link":"https:\/\/medtest.stagingservers.net\/da\/vare\/jernmangel-test\/","title":{"rendered":"Jernmangeltest"},"content":{"rendered":"<h2>Jernmangeltest<\/h2>\n<h5>Svar inom 5 minuter<\/h5>\n<p>Jernmangeltesten er en CE-m\u00e6rket test, der m\u00e5ler niveauet af proteinet ferritin i blodet, som er direkte forbundet med jernniveauet og er meget p\u00e5lideligt. Det er via dette protein, at kroppen lagrer jern, ved at ferritin binder sig til jern. Ved at unders\u00f8ge ferritinniveauet i blodet kan man finde ud af, hvordan kroppens jerndepoter ser ud.<\/p>\n<p>Pr\u00f8ven udf\u00f8res ved et prik p\u00e5 fingerspidsen og tager kun et par minutter. Du f\u00e5r straks besked om, hvorvidt dit jernniveau er normalt eller for lavt. Du udf\u00f8rer selv denne jernmangeltest, og du afl\u00e6ser selv resultatet direkte. Brugsanvisninger p\u00e5 dansk medf\u00f8lger.<\/p>\n<h5>Hvad skyldes jernmangel?<\/h5>\n<p>Jernmangel kan skyldes mange ting, s\u00e5som voldsom menstruation, maves\u00e5r, tarmsygdomme eller andre tilstande. Hvis du har lidt blodtab i en ulykke, kan det ogs\u00e5 lede til mangel p\u00e5 jern. Generelt er jernmangel ikke livstruende, men det forringer din livskvalitet.<\/p>\n<p>I puberteten forekommer hurtigt v\u00e6kst, mens kosten dog undertiden kan v\u00e6re ensidig og ern\u00e6ringsfattig. For unge kvinder udg\u00f8r menstruation ogs\u00e5 en yderligere risikofaktor. Der er bevis for, at b\u00f8rn i skolealderen med jernmangel kan opn\u00e5 forbedret kognitiv evne, hvis de behandles med jerntilskud. National Food Agency anbefaler 9 mg\/dag for m\u00e6nd og 15 mg\/dag for menstruerende kvinder, svarende til ca. 0,1-0,3 mg\/kg.<\/p>\n<p>Jernmangel er enkelt at behandle, n\u00e5r det er blevet konstateret. I mange tilf\u00e6lde er et ekstra tilskud af jern i en kortere eller l\u00e6ngere periode tilstr\u00e6kkeligt. Men hvis jernmanglen for\u00e5rsages af en underliggende sygdom, kr\u00e6ves anden behandling. Vores jernmangeltest indikerer positivt, n\u00e5r jernniveauet er under 30 ng\/ml.<\/p>\n<h5>S\u00e5dan g\u00f8r du<\/h5>\n<p><img loading=\"lazy\" decoding=\"async\" class=\"alignnone size-full wp-image-55553\" src=\"\/wp-content\/uploads\/2019\/03\/PSA-procedur.png\" alt=\"PSA procedur\" width=\"1455\" height=\"467\" srcset=\"https:\/\/medtest.stagingservers.net\/wp-content\/uploads\/2019\/03\/PSA-procedur.png 1455w, https:\/\/medtest.stagingservers.net\/wp-content\/uploads\/2019\/03\/PSA-procedur-720x231.png 720w, https:\/\/medtest.stagingservers.net\/wp-content\/uploads\/2019\/03\/PSA-procedur-1200x385.png 1200w, https:\/\/medtest.stagingservers.net\/wp-content\/uploads\/2019\/03\/PSA-procedur-768x246.png 768w, https:\/\/medtest.stagingservers.net\/wp-content\/uploads\/2019\/03\/PSA-procedur-416x134.png 416w, https:\/\/medtest.stagingservers.net\/wp-content\/uploads\/2019\/03\/PSA-procedur-300x96.png 300w, https:\/\/medtest.stagingservers.net\/wp-content\/uploads\/2019\/03\/PSA-procedur-1024x329.png 1024w\" sizes=\"auto, (max-width: 1455px) 100vw, 1455px\" \/><\/p>\n<ol>\n<li><span class=\"mobile-undersized-upper\">Reng\u00f8r din finger med alkoholservietten.<\/span><\/li>\n<li><span class=\"mobile-undersized-upper\">Prik dig i fingerspidsen med lancetten<\/span><\/li>\n<li><span class=\"mobile-undersized-upper\">Brug pipetten til at suge 2-3 dr\u00e5ber blod op.<\/span><\/li>\n<li><span class=\"mobile-undersized-upper\">Dryp 1-2 dr\u00e5ber blod i testkassettens br\u00f8nd (S).<\/span><\/li>\n<li><span class=\"mobile-undersized-upper\">Dryp herefter 1 dr\u00e5be puffer deri.<\/span><\/li>\n<li><span class=\"mobile-undersized-upper\">Vent 5 minutter, f\u00f8r resultatet afl\u00e6ses.<\/span><\/li>\n<\/ol>\n<p><a href=\"https:\/\/medtest.stagingservers.net\/da\/kontakt-os\/\">Kontakt os,<\/a> hvis du har sp\u00f8rgsm\u00e5l.<\/p>\n<p>&nbsp;<\/p>\n","protected":false},"excerpt":{"rendered":"<p>Jernmangel-testen m\u00e5ler niveauet for proteinet ferritin i blodet, som er direkte proportionalt med dine jernniveauer, og er meget sikker. Den er CE-maerket.<br \/>\nHeldigvis er jernmangel let at afhj\u00e6lpe, n\u00e5r den f\u00f8rst er konstateret. I mange tilf\u00e6lde r\u00e6kker det med et ekstra jerntilskud gennem kortere eller l\u00e6ngere tid. Men hvis der ligger en sygdom til grund for det, kr\u00e6ves der en anden behandling. Vores jernmangeltest viser positivt, n\u00e5r jernniveauet er under 30ng\/mL.<\/p>\n","protected":false},"featured_media":71810,"comment_status":"closed","ping_status":"closed","template":"","meta":{"_acf_changed":false,"footnotes":""},"product_brand":[],"product_cat":[870,862],"product_tag":[],"class_list":{"0":"post-71807","1":"product","2":"type-product","3":"status-publish","4":"has-post-thumbnail","6":"product_cat-jernmangel","7":"product_cat-pakkelosning","9":"first","10":"instock","11":"taxable","12":"shipping-taxable","13":"purchasable","14":"product-type-simple"},"acf":[],"yoast_head":"<title>Jernmangeltest - Medtest.shop<\/title>\n<meta name=\"description\" content=\"Jernmangeltest - Medtest.shop\" \/>\n<meta name=\"robots\" content=\"noindex, follow, max-snippet:-1, max-image-preview:large, max-video-preview:-1\" \/>\n<meta property=\"og:locale\" content=\"da_DK\" \/>\n<meta property=\"og:type\" content=\"article\" \/>\n<meta property=\"og:title\" content=\"Jernmangeltest - Medtest.shop\" \/>\n<meta property=\"og:description\" content=\"Jernmangeltest - Medtest.shop\" \/>\n<meta property=\"og:url\" content=\"https:\/\/medtest.stagingservers.net\/da\/vare\/jernmangel-test\/\" \/>\n<meta property=\"og:site_name\" content=\"Medtest.shop\" \/>\n<meta property=\"article:publisher\" content=\"https:\/\/www.facebook.com\/Medtest-1440779469392476\/\" \/>\n<meta property=\"article:modified_time\" content=\"2019-09-23T09:22:30+00:00\" \/>\n<meta property=\"og:image\" content=\"https:\/\/medtest.stagingservers.net\/wp-content\/uploads\/2019\/08\/Jernmangel-da.png\" \/>\n\t<meta property=\"og:image:width\" content=\"564\" \/>\n\t<meta property=\"og:image:height\" content=\"434\" \/>\n\t<meta property=\"og:image:type\" content=\"image\/png\" \/>\n<meta name=\"twitter:card\" content=\"summary_large_image\" \/>\n<script type=\"application\/ld+json\" class=\"yoast-schema-graph\">{\"@context\":\"https:\\\/\\\/schema.org\",\"@graph\":[{\"@type\":\"WebPage\",\"@id\":\"https:\\\/\\\/medtest.stagingservers.net\\\/da\\\/vare\\\/jernmangel-test\\\/\",\"url\":\"https:\\\/\\\/medtest.stagingservers.net\\\/da\\\/vare\\\/jernmangel-test\\\/\",\"name\":\"Jernmangeltest - Medtest.shop\",\"isPartOf\":{\"@id\":\"https:\\\/\\\/medtest.stagingservers.net\\\/da\\\/#website\"},\"primaryImageOfPage\":{\"@id\":\"https:\\\/\\\/medtest.stagingservers.net\\\/da\\\/vare\\\/jernmangel-test\\\/#primaryimage\"},\"image\":{\"@id\":\"https:\\\/\\\/medtest.stagingservers.net\\\/da\\\/vare\\\/jernmangel-test\\\/#primaryimage\"},\"thumbnailUrl\":\"https:\\\/\\\/medtest.stagingservers.net\\\/wp-content\\\/uploads\\\/2019\\\/08\\\/Jernmangel-da.png\",\"datePublished\":\"2019-08-14T09:50:44+00:00\",\"dateModified\":\"2019-09-23T09:22:30+00:00\",\"description\":\"Jernmangeltest - Medtest.shop\",\"breadcrumb\":{\"@id\":\"https:\\\/\\\/medtest.stagingservers.net\\\/da\\\/vare\\\/jernmangel-test\\\/#breadcrumb\"},\"inLanguage\":\"da-DK\",\"potentialAction\":[{\"@type\":\"ReadAction\",\"target\":[\"https:\\\/\\\/medtest.stagingservers.net\\\/da\\\/vare\\\/jernmangel-test\\\/\"]}]},{\"@type\":\"ImageObject\",\"inLanguage\":\"da-DK\",\"@id\":\"https:\\\/\\\/medtest.stagingservers.net\\\/da\\\/vare\\\/jernmangel-test\\\/#primaryimage\",\"url\":\"https:\\\/\\\/medtest.stagingservers.net\\\/wp-content\\\/uploads\\\/2019\\\/08\\\/Jernmangel-da.png\",\"contentUrl\":\"https:\\\/\\\/medtest.stagingservers.net\\\/wp-content\\\/uploads\\\/2019\\\/08\\\/Jernmangel-da.png\",\"width\":564,\"height\":434},{\"@type\":\"BreadcrumbList\",\"@id\":\"https:\\\/\\\/medtest.stagingservers.net\\\/da\\\/vare\\\/jernmangel-test\\\/#breadcrumb\",\"itemListElement\":[{\"@type\":\"ListItem\",\"position\":1,\"name\":\"Home\",\"item\":\"https:\\\/\\\/medtest.stagingservers.net\\\/da\\\/\"},{\"@type\":\"ListItem\",\"position\":2,\"name\":\"Butik\",\"item\":\"https:\\\/\\\/medtest.stagingservers.net\\\/da\\\/butik\\\/\"},{\"@type\":\"ListItem\",\"position\":3,\"name\":\"Jernmangeltest\"}]},{\"@type\":\"WebSite\",\"@id\":\"https:\\\/\\\/medtest.stagingservers.net\\\/da\\\/#website\",\"url\":\"https:\\\/\\\/medtest.stagingservers.net\\\/da\\\/\",\"name\":\"Medtest.shop\",\"description\":\"\",\"publisher\":{\"@id\":\"https:\\\/\\\/medtest.stagingservers.net\\\/da\\\/#organization\"},\"potentialAction\":[{\"@type\":\"SearchAction\",\"target\":{\"@type\":\"EntryPoint\",\"urlTemplate\":\"https:\\\/\\\/medtest.stagingservers.net\\\/da\\\/?s={search_term_string}\"},\"query-input\":{\"@type\":\"PropertyValueSpecification\",\"valueRequired\":true,\"valueName\":\"search_term_string\"}}],\"inLanguage\":\"da-DK\"},{\"@type\":\"Organization\",\"@id\":\"https:\\\/\\\/medtest.stagingservers.net\\\/da\\\/#organization\",\"name\":\"Medtest\",\"url\":\"https:\\\/\\\/medtest.stagingservers.net\\\/da\\\/\",\"logo\":{\"@type\":\"ImageObject\",\"inLanguage\":\"da-DK\",\"@id\":\"https:\\\/\\\/medtest.stagingservers.net\\\/da\\\/#\\\/schema\\\/logo\\\/image\\\/\",\"url\":\"https:\\\/\\\/medtest.stagingservers.net\\\/wp-content\\\/uploads\\\/2018\\\/11\\\/Original.png\",\"contentUrl\":\"https:\\\/\\\/medtest.stagingservers.net\\\/wp-content\\\/uploads\\\/2018\\\/11\\\/Original.png\",\"width\":1024,\"height\":1024,\"caption\":\"Medtest\"},\"image\":{\"@id\":\"https:\\\/\\\/medtest.stagingservers.net\\\/da\\\/#\\\/schema\\\/logo\\\/image\\\/\"},\"sameAs\":[\"https:\\\/\\\/www.facebook.com\\\/Medtest-1440779469392476\\\/\"]}]}<\/script>","yoast_head_json":{"title":"Jernmangeltest - Medtest.shop","description":"Jernmangeltest - Medtest.shop","robots":{"index":"noindex","follow":"follow","max-snippet":"max-snippet:-1","max-image-preview":"max-image-preview:large","max-video-preview":"max-video-preview:-1"},"og_locale":"da_DK","og_type":"article","og_title":"Jernmangeltest - Medtest.shop","og_description":"Jernmangeltest - Medtest.shop","og_url":"https:\/\/medtest.stagingservers.net\/da\/vare\/jernmangel-test\/","og_site_name":"Medtest.shop","article_publisher":"https:\/\/www.facebook.com\/Medtest-1440779469392476\/","article_modified_time":"2019-09-23T09:22:30+00:00","og_image":[{"width":564,"height":434,"url":"https:\/\/medtest.stagingservers.net\/wp-content\/uploads\/2019\/08\/Jernmangel-da.png","type":"image\/png"}],"twitter_card":"summary_large_image","schema":{"@context":"https:\/\/schema.org","@graph":[{"@type":"WebPage","@id":"https:\/\/medtest.stagingservers.net\/da\/vare\/jernmangel-test\/","url":"https:\/\/medtest.stagingservers.net\/da\/vare\/jernmangel-test\/","name":"Jernmangeltest - Medtest.shop","isPartOf":{"@id":"https:\/\/medtest.stagingservers.net\/da\/#website"},"primaryImageOfPage":{"@id":"https:\/\/medtest.stagingservers.net\/da\/vare\/jernmangel-test\/#primaryimage"},"image":{"@id":"https:\/\/medtest.stagingservers.net\/da\/vare\/jernmangel-test\/#primaryimage"},"thumbnailUrl":"https:\/\/medtest.stagingservers.net\/wp-content\/uploads\/2019\/08\/Jernmangel-da.png","datePublished":"2019-08-14T09:50:44+00:00","dateModified":"2019-09-23T09:22:30+00:00","description":"Jernmangeltest - Medtest.shop","breadcrumb":{"@id":"https:\/\/medtest.stagingservers.net\/da\/vare\/jernmangel-test\/#breadcrumb"},"inLanguage":"da-DK","potentialAction":[{"@type":"ReadAction","target":["https:\/\/medtest.stagingservers.net\/da\/vare\/jernmangel-test\/"]}]},{"@type":"ImageObject","inLanguage":"da-DK","@id":"https:\/\/medtest.stagingservers.net\/da\/vare\/jernmangel-test\/#primaryimage","url":"https:\/\/medtest.stagingservers.net\/wp-content\/uploads\/2019\/08\/Jernmangel-da.png","contentUrl":"https:\/\/medtest.stagingservers.net\/wp-content\/uploads\/2019\/08\/Jernmangel-da.png","width":564,"height":434},{"@type":"BreadcrumbList","@id":"https:\/\/medtest.stagingservers.net\/da\/vare\/jernmangel-test\/#breadcrumb","itemListElement":[{"@type":"ListItem","position":1,"name":"Home","item":"https:\/\/medtest.stagingservers.net\/da\/"},{"@type":"ListItem","position":2,"name":"Butik","item":"https:\/\/medtest.stagingservers.net\/da\/butik\/"},{"@type":"ListItem","position":3,"name":"Jernmangeltest"}]},{"@type":"WebSite","@id":"https:\/\/medtest.stagingservers.net\/da\/#website","url":"https:\/\/medtest.stagingservers.net\/da\/","name":"Medtest.shop","description":"","publisher":{"@id":"https:\/\/medtest.stagingservers.net\/da\/#organization"},"potentialAction":[{"@type":"SearchAction","target":{"@type":"EntryPoint","urlTemplate":"https:\/\/medtest.stagingservers.net\/da\/?s={search_term_string}"},"query-input":{"@type":"PropertyValueSpecification","valueRequired":true,"valueName":"search_term_string"}}],"inLanguage":"da-DK"},{"@type":"Organization","@id":"https:\/\/medtest.stagingservers.net\/da\/#organization","name":"Medtest","url":"https:\/\/medtest.stagingservers.net\/da\/","logo":{"@type":"ImageObject","inLanguage":"da-DK","@id":"https:\/\/medtest.stagingservers.net\/da\/#\/schema\/logo\/image\/","url":"https:\/\/medtest.stagingservers.net\/wp-content\/uploads\/2018\/11\/Original.png","contentUrl":"https:\/\/medtest.stagingservers.net\/wp-content\/uploads\/2018\/11\/Original.png","width":1024,"height":1024,"caption":"Medtest"},"image":{"@id":"https:\/\/medtest.stagingservers.net\/da\/#\/schema\/logo\/image\/"},"sameAs":["https:\/\/www.facebook.com\/Medtest-1440779469392476\/"]}]}},"_links":{"self":[{"href":"https:\/\/medtest.stagingservers.net\/da\/wp-json\/wp\/v2\/product\/71807","targetHints":{"allow":["GET"]}}],"collection":[{"href":"https:\/\/medtest.stagingservers.net\/da\/wp-json\/wp\/v2\/product"}],"about":[{"href":"https:\/\/medtest.stagingservers.net\/da\/wp-json\/wp\/v2\/types\/product"}],"replies":[{"embeddable":true,"href":"https:\/\/medtest.stagingservers.net\/da\/wp-json\/wp\/v2\/comments?post=71807"}],"version-history":[{"count":0,"href":"https:\/\/medtest.stagingservers.net\/da\/wp-json\/wp\/v2\/product\/71807\/revisions"}],"wp:featuredmedia":[{"embeddable":true,"href":"https:\/\/medtest.stagingservers.net\/da\/wp-json\/wp\/v2\/media\/71810"}],"wp:attachment":[{"href":"https:\/\/medtest.stagingservers.net\/da\/wp-json\/wp\/v2\/media?parent=71807"}],"wp:term":[{"taxonomy":"product_brand","embeddable":true,"href":"https:\/\/medtest.stagingservers.net\/da\/wp-json\/wp\/v2\/product_brand?post=71807"},{"taxonomy":"product_cat","embeddable":true,"href":"https:\/\/medtest.stagingservers.net\/da\/wp-json\/wp\/v2\/product_cat?post=71807"},{"taxonomy":"product_tag","embeddable":true,"href":"https:\/\/medtest.stagingservers.net\/da\/wp-json\/wp\/v2\/product_tag?post=71807"}],"curies":[{"name":"wp","href":"https:\/\/api.w.org\/{rel}","templated":true}]}}