{"id":71816,"date":"2019-08-14T10:00:14","date_gmt":"2019-08-14T10:00:14","guid":{"rendered":"https:\/\/medtest.stagingservers.net\/product\/graviditetstest-strimmel\/"},"modified":"2019-09-28T13:32:16","modified_gmt":"2019-09-28T11:32:16","slug":"graviditetstest-strimmel","status":"publish","type":"product","link":"https:\/\/medtest.stagingservers.net\/da\/vare\/graviditetstest-strimmel\/","title":{"rendered":"Graviditetstest - STRIMMEL"},"content":{"rendered":"<h2>Graviditetstest &#8211; Strimmel<\/h2>\n<p>En hurtig test designet til at diagnosticere graviditet tidligt, ingen s\u00e6rlig opl\u00e6ring kr\u00e6ves. Testen er p\u00e5lidelig til 99,5% og tager mindre end 5 minutter at gennemf\u00f8re.<\/p>\n<p>Kort efter befrugtning har fundet sted, begynder produktionen af \u200b\u200bgraviditetshormonet hCG (som er en forkortelse af Human Choriogonadotropin). Testenheden er belagt med hCG-antistoffer, der binder til hCG-hormonet (som er et protein), hvis det er til stede i urinen. P\u00e5 denne m\u00e5de opn\u00e5s en indikation af graviditet.<\/p>\n<p>Hver pakke indeholder en teststav, der er pakket i en fugtabsorberende folieemballage og er CE-m\u00e6rket i overensstemmelse med IVD-direktivet. Graviditetstesten er kun til engangsbrug.<\/p>\n<p>Materiale: Kartonst\u00f8rrelse: ca. 10 x 0,5 cm<\/p>\n<h4>Brugsanvisning<\/h4>\n<p>Graviditetstesten er beregnet til brug med friske urinpr\u00f8ver<\/p>\n<p><img loading=\"lazy\" decoding=\"async\" class=\"size-full wp-image-54543 alignleft\" src=\"https:\/\/medtest.stagingservers.net\/wp-content\/uploads\/2018\/11\/Pregnancy-test-strip-product-multiple.jpg\" alt=\"\" width=\"261\" height=\"261\" srcset=\"https:\/\/medtest.stagingservers.net\/wp-content\/uploads\/2018\/11\/Pregnancy-test-strip-product-multiple.jpg 261w, https:\/\/medtest.stagingservers.net\/wp-content\/uploads\/2018\/11\/Pregnancy-test-strip-product-multiple-200x200.jpg 200w, https:\/\/medtest.stagingservers.net\/wp-content\/uploads\/2018\/11\/Pregnancy-test-strip-product-multiple-150x150.jpg 150w, https:\/\/medtest.stagingservers.net\/wp-content\/uploads\/2018\/11\/Pregnancy-test-strip-product-multiple-100x100.jpg 100w\" sizes=\"auto, (max-width: 261px) 100vw, 261px\" \/><\/p>\n<p>S\u00e5dan g\u00f8r du:<\/p>\n<ol>\n<li style=\"list-style-type: none;\">\n<ol>\n<li>\u00c5bn folieposen og tag produktet ud.<\/li>\n<li>Dyp enden af \u200b\u200bstaven i en urinbeholder i 3 sekunder.<\/li>\n<li>Dyp ikke pinden forbi markeringslinjen (MAX).<\/li>\n<li>Du modtager et testresultat inden for 30 sekunder.<\/li>\n<li>Kast pinden i skraldespanden efter brug.<\/li>\n<\/ol>\n<\/li>\n<\/ol>\n<h4>Fortolkning af resultater<\/h4>\n<p><strong><img loading=\"lazy\" decoding=\"async\" class=\"size-full wp-image-71828 alignleft\" src=\"https:\/\/medtest.stagingservers.net\/wp-content\/uploads\/2019\/08\/Ska-rmavbild-2018-03-13-kl.-23.39.28.png\" alt=\"\" width=\"400\" height=\"232\" \/><\/strong><\/p>\n<p><strong>Negativ<\/strong>: Hvis der kun vises en linje i kontrolomr\u00e5det, kan du antage, at du ikke er gravid.<\/p>\n<p><strong>Positiv<\/strong>: Hvis der vises linjer i b\u00e5de kontrolomr\u00e5det og testomr\u00e5det, kan du antage, at du er gravid.<\/p>\n<p><strong>Ugyldig<\/strong>: Hvis intet klart lyser\u00f8dt-lilla farveb\u00e5nd er synligt i b\u00e5de TEST- og KONTROLomr\u00e5det, er testen ugyldig. Det anbefales, at testen gentages i dette tilf\u00e6lde.<\/p>\n<p><strong>Opbevaring:<\/strong> Opbevar testen i den forseglede emballage, enten ved stuetemperatur eller afk\u00f8let (2-30 \u00b0 C). Produktet er stabilt indtil den udl\u00f8bsdato, der er angivet p\u00e5 pakningen, og skal forblive i den forseglede taske indtil brug. Frys ikke ned.<\/p>\n<p><strong>\u00a0<\/strong><\/p>\n","protected":false},"excerpt":{"rendered":"<p>Graviditetstest Strimmel &#8211; Markedets billigste graviditetstest, den er CE godkendt. Strimmel er en nem, sikker og n\u00f8jagtig graviditetstest, som de tests du kan k\u00f8be p\u00e5 apoteket, bare til en langt lavere pris.<br \/>\nBillige test<br \/>\nLet at udf\u00f8re<br \/>\nSvar efter 3 minutter<br \/>\nHurtig levering<\/p>\n","protected":false},"featured_media":71835,"comment_status":"closed","ping_status":"closed","template":"","meta":{"_acf_changed":false,"footnotes":""},"product_brand":[],"product_cat":[864],"product_tag":[],"class_list":{"0":"post-71816","1":"product","2":"type-product","3":"status-publish","4":"has-post-thumbnail","6":"product_cat-graviditetstest-da","8":"first","9":"outofstock","10":"taxable","11":"shipping-taxable","12":"product-type-variable"},"acf":[],"yoast_head":"<title>Graviditetstest - STRIMMEL - Medtest.shop<\/title>\n<meta name=\"description\" content=\"Graviditetstest - STRIMMEL - Medtest.shop\" \/>\n<meta name=\"robots\" content=\"noindex, follow, max-snippet:-1, max-image-preview:large, max-video-preview:-1\" \/>\n<meta property=\"og:locale\" content=\"da_DK\" \/>\n<meta property=\"og:type\" content=\"article\" \/>\n<meta property=\"og:title\" content=\"Graviditetstest - STRIMMEL - Medtest.shop\" \/>\n<meta property=\"og:description\" content=\"Graviditetstest - STRIMMEL - Medtest.shop\" \/>\n<meta property=\"og:url\" content=\"https:\/\/medtest.stagingservers.net\/da\/vare\/graviditetstest-strimmel\/\" \/>\n<meta property=\"og:site_name\" content=\"Medtest.shop\" \/>\n<meta property=\"article:publisher\" content=\"https:\/\/www.facebook.com\/Medtest-1440779469392476\/\" \/>\n<meta property=\"article:modified_time\" content=\"2019-09-28T11:32:16+00:00\" \/>\n<meta property=\"og:image\" content=\"https:\/\/medtest.stagingservers.net\/wp-content\/uploads\/2018\/12\/Gravtest-sticka-B.png\" \/>\n\t<meta property=\"og:image:width\" content=\"596\" \/>\n\t<meta property=\"og:image:height\" content=\"460\" \/>\n\t<meta property=\"og:image:type\" content=\"image\/png\" \/>\n<meta name=\"twitter:card\" content=\"summary_large_image\" \/>\n<script type=\"application\/ld+json\" class=\"yoast-schema-graph\">{\"@context\":\"https:\\\/\\\/schema.org\",\"@graph\":[{\"@type\":\"WebPage\",\"@id\":\"https:\\\/\\\/medtest.stagingservers.net\\\/da\\\/vare\\\/graviditetstest-strimmel\\\/\",\"url\":\"https:\\\/\\\/medtest.stagingservers.net\\\/da\\\/vare\\\/graviditetstest-strimmel\\\/\",\"name\":\"Graviditetstest - STRIMMEL - Medtest.shop\",\"isPartOf\":{\"@id\":\"https:\\\/\\\/medtest.stagingservers.net\\\/da\\\/#website\"},\"primaryImageOfPage\":{\"@id\":\"https:\\\/\\\/medtest.stagingservers.net\\\/da\\\/vare\\\/graviditetstest-strimmel\\\/#primaryimage\"},\"image\":{\"@id\":\"https:\\\/\\\/medtest.stagingservers.net\\\/da\\\/vare\\\/graviditetstest-strimmel\\\/#primaryimage\"},\"thumbnailUrl\":\"https:\\\/\\\/medtest.stagingservers.net\\\/wp-content\\\/uploads\\\/2018\\\/12\\\/Gravtest-sticka-B.png\",\"datePublished\":\"2019-08-14T10:00:14+00:00\",\"dateModified\":\"2019-09-28T11:32:16+00:00\",\"description\":\"Graviditetstest - STRIMMEL - Medtest.shop\",\"breadcrumb\":{\"@id\":\"https:\\\/\\\/medtest.stagingservers.net\\\/da\\\/vare\\\/graviditetstest-strimmel\\\/#breadcrumb\"},\"inLanguage\":\"da-DK\",\"potentialAction\":[{\"@type\":\"ReadAction\",\"target\":[\"https:\\\/\\\/medtest.stagingservers.net\\\/da\\\/vare\\\/graviditetstest-strimmel\\\/\"]}]},{\"@type\":\"ImageObject\",\"inLanguage\":\"da-DK\",\"@id\":\"https:\\\/\\\/medtest.stagingservers.net\\\/da\\\/vare\\\/graviditetstest-strimmel\\\/#primaryimage\",\"url\":\"https:\\\/\\\/medtest.stagingservers.net\\\/wp-content\\\/uploads\\\/2018\\\/12\\\/Gravtest-sticka-B.png\",\"contentUrl\":\"https:\\\/\\\/medtest.stagingservers.net\\\/wp-content\\\/uploads\\\/2018\\\/12\\\/Gravtest-sticka-B.png\",\"width\":596,\"height\":460},{\"@type\":\"BreadcrumbList\",\"@id\":\"https:\\\/\\\/medtest.stagingservers.net\\\/da\\\/vare\\\/graviditetstest-strimmel\\\/#breadcrumb\",\"itemListElement\":[{\"@type\":\"ListItem\",\"position\":1,\"name\":\"Home\",\"item\":\"https:\\\/\\\/medtest.stagingservers.net\\\/da\\\/\"},{\"@type\":\"ListItem\",\"position\":2,\"name\":\"Butik\",\"item\":\"https:\\\/\\\/medtest.stagingservers.net\\\/da\\\/butik\\\/\"},{\"@type\":\"ListItem\",\"position\":3,\"name\":\"Graviditetstest - STRIMMEL\"}]},{\"@type\":\"WebSite\",\"@id\":\"https:\\\/\\\/medtest.stagingservers.net\\\/da\\\/#website\",\"url\":\"https:\\\/\\\/medtest.stagingservers.net\\\/da\\\/\",\"name\":\"Medtest.shop\",\"description\":\"\",\"publisher\":{\"@id\":\"https:\\\/\\\/medtest.stagingservers.net\\\/da\\\/#organization\"},\"potentialAction\":[{\"@type\":\"SearchAction\",\"target\":{\"@type\":\"EntryPoint\",\"urlTemplate\":\"https:\\\/\\\/medtest.stagingservers.net\\\/da\\\/?s={search_term_string}\"},\"query-input\":{\"@type\":\"PropertyValueSpecification\",\"valueRequired\":true,\"valueName\":\"search_term_string\"}}],\"inLanguage\":\"da-DK\"},{\"@type\":\"Organization\",\"@id\":\"https:\\\/\\\/medtest.stagingservers.net\\\/da\\\/#organization\",\"name\":\"Medtest\",\"url\":\"https:\\\/\\\/medtest.stagingservers.net\\\/da\\\/\",\"logo\":{\"@type\":\"ImageObject\",\"inLanguage\":\"da-DK\",\"@id\":\"https:\\\/\\\/medtest.stagingservers.net\\\/da\\\/#\\\/schema\\\/logo\\\/image\\\/\",\"url\":\"https:\\\/\\\/medtest.stagingservers.net\\\/wp-content\\\/uploads\\\/2018\\\/11\\\/Original.png\",\"contentUrl\":\"https:\\\/\\\/medtest.stagingservers.net\\\/wp-content\\\/uploads\\\/2018\\\/11\\\/Original.png\",\"width\":1024,\"height\":1024,\"caption\":\"Medtest\"},\"image\":{\"@id\":\"https:\\\/\\\/medtest.stagingservers.net\\\/da\\\/#\\\/schema\\\/logo\\\/image\\\/\"},\"sameAs\":[\"https:\\\/\\\/www.facebook.com\\\/Medtest-1440779469392476\\\/\"]}]}<\/script>","yoast_head_json":{"title":"Graviditetstest - STRIMMEL - Medtest.shop","description":"Graviditetstest - STRIMMEL - Medtest.shop","robots":{"index":"noindex","follow":"follow","max-snippet":"max-snippet:-1","max-image-preview":"max-image-preview:large","max-video-preview":"max-video-preview:-1"},"og_locale":"da_DK","og_type":"article","og_title":"Graviditetstest - STRIMMEL - Medtest.shop","og_description":"Graviditetstest - STRIMMEL - Medtest.shop","og_url":"https:\/\/medtest.stagingservers.net\/da\/vare\/graviditetstest-strimmel\/","og_site_name":"Medtest.shop","article_publisher":"https:\/\/www.facebook.com\/Medtest-1440779469392476\/","article_modified_time":"2019-09-28T11:32:16+00:00","og_image":[{"width":596,"height":460,"url":"https:\/\/medtest.stagingservers.net\/wp-content\/uploads\/2018\/12\/Gravtest-sticka-B.png","type":"image\/png"}],"twitter_card":"summary_large_image","schema":{"@context":"https:\/\/schema.org","@graph":[{"@type":"WebPage","@id":"https:\/\/medtest.stagingservers.net\/da\/vare\/graviditetstest-strimmel\/","url":"https:\/\/medtest.stagingservers.net\/da\/vare\/graviditetstest-strimmel\/","name":"Graviditetstest - STRIMMEL - Medtest.shop","isPartOf":{"@id":"https:\/\/medtest.stagingservers.net\/da\/#website"},"primaryImageOfPage":{"@id":"https:\/\/medtest.stagingservers.net\/da\/vare\/graviditetstest-strimmel\/#primaryimage"},"image":{"@id":"https:\/\/medtest.stagingservers.net\/da\/vare\/graviditetstest-strimmel\/#primaryimage"},"thumbnailUrl":"https:\/\/medtest.stagingservers.net\/wp-content\/uploads\/2018\/12\/Gravtest-sticka-B.png","datePublished":"2019-08-14T10:00:14+00:00","dateModified":"2019-09-28T11:32:16+00:00","description":"Graviditetstest - STRIMMEL - Medtest.shop","breadcrumb":{"@id":"https:\/\/medtest.stagingservers.net\/da\/vare\/graviditetstest-strimmel\/#breadcrumb"},"inLanguage":"da-DK","potentialAction":[{"@type":"ReadAction","target":["https:\/\/medtest.stagingservers.net\/da\/vare\/graviditetstest-strimmel\/"]}]},{"@type":"ImageObject","inLanguage":"da-DK","@id":"https:\/\/medtest.stagingservers.net\/da\/vare\/graviditetstest-strimmel\/#primaryimage","url":"https:\/\/medtest.stagingservers.net\/wp-content\/uploads\/2018\/12\/Gravtest-sticka-B.png","contentUrl":"https:\/\/medtest.stagingservers.net\/wp-content\/uploads\/2018\/12\/Gravtest-sticka-B.png","width":596,"height":460},{"@type":"BreadcrumbList","@id":"https:\/\/medtest.stagingservers.net\/da\/vare\/graviditetstest-strimmel\/#breadcrumb","itemListElement":[{"@type":"ListItem","position":1,"name":"Home","item":"https:\/\/medtest.stagingservers.net\/da\/"},{"@type":"ListItem","position":2,"name":"Butik","item":"https:\/\/medtest.stagingservers.net\/da\/butik\/"},{"@type":"ListItem","position":3,"name":"Graviditetstest - STRIMMEL"}]},{"@type":"WebSite","@id":"https:\/\/medtest.stagingservers.net\/da\/#website","url":"https:\/\/medtest.stagingservers.net\/da\/","name":"Medtest.shop","description":"","publisher":{"@id":"https:\/\/medtest.stagingservers.net\/da\/#organization"},"potentialAction":[{"@type":"SearchAction","target":{"@type":"EntryPoint","urlTemplate":"https:\/\/medtest.stagingservers.net\/da\/?s={search_term_string}"},"query-input":{"@type":"PropertyValueSpecification","valueRequired":true,"valueName":"search_term_string"}}],"inLanguage":"da-DK"},{"@type":"Organization","@id":"https:\/\/medtest.stagingservers.net\/da\/#organization","name":"Medtest","url":"https:\/\/medtest.stagingservers.net\/da\/","logo":{"@type":"ImageObject","inLanguage":"da-DK","@id":"https:\/\/medtest.stagingservers.net\/da\/#\/schema\/logo\/image\/","url":"https:\/\/medtest.stagingservers.net\/wp-content\/uploads\/2018\/11\/Original.png","contentUrl":"https:\/\/medtest.stagingservers.net\/wp-content\/uploads\/2018\/11\/Original.png","width":1024,"height":1024,"caption":"Medtest"},"image":{"@id":"https:\/\/medtest.stagingservers.net\/da\/#\/schema\/logo\/image\/"},"sameAs":["https:\/\/www.facebook.com\/Medtest-1440779469392476\/"]}]}},"_links":{"self":[{"href":"https:\/\/medtest.stagingservers.net\/da\/wp-json\/wp\/v2\/product\/71816","targetHints":{"allow":["GET"]}}],"collection":[{"href":"https:\/\/medtest.stagingservers.net\/da\/wp-json\/wp\/v2\/product"}],"about":[{"href":"https:\/\/medtest.stagingservers.net\/da\/wp-json\/wp\/v2\/types\/product"}],"replies":[{"embeddable":true,"href":"https:\/\/medtest.stagingservers.net\/da\/wp-json\/wp\/v2\/comments?post=71816"}],"version-history":[{"count":0,"href":"https:\/\/medtest.stagingservers.net\/da\/wp-json\/wp\/v2\/product\/71816\/revisions"}],"wp:featuredmedia":[{"embeddable":true,"href":"https:\/\/medtest.stagingservers.net\/da\/wp-json\/wp\/v2\/media\/71835"}],"wp:attachment":[{"href":"https:\/\/medtest.stagingservers.net\/da\/wp-json\/wp\/v2\/media?parent=71816"}],"wp:term":[{"taxonomy":"product_brand","embeddable":true,"href":"https:\/\/medtest.stagingservers.net\/da\/wp-json\/wp\/v2\/product_brand?post=71816"},{"taxonomy":"product_cat","embeddable":true,"href":"https:\/\/medtest.stagingservers.net\/da\/wp-json\/wp\/v2\/product_cat?post=71816"},{"taxonomy":"product_tag","embeddable":true,"href":"https:\/\/medtest.stagingservers.net\/da\/wp-json\/wp\/v2\/product_tag?post=71816"}],"curies":[{"name":"wp","href":"https:\/\/api.w.org\/{rel}","templated":true}]}}