{"id":71868,"date":"2019-08-14T12:14:20","date_gmt":"2019-08-14T12:14:20","guid":{"rendered":"https:\/\/medtest.stagingservers.net\/product\/graviditetstest-stav\/"},"modified":"2019-09-28T13:37:02","modified_gmt":"2019-09-28T11:37:02","slug":"graviditetstest-stav","status":"publish","type":"product","link":"https:\/\/medtest.stagingservers.net\/da\/vare\/graviditetstest-stav\/","title":{"rendered":"Graviditetstest STAV"},"content":{"rendered":"<h2>Graviditetstest &#8211; Stav<\/h2>\n<p>En hurtig test til at diagnosticere graviditet tidligt; ingen s\u00e6rlig opl\u00e6ring kr\u00e6ves. Testen er p\u00e5lidelig til 99,5% og tager mindre end 5 minutter at gennemf\u00f8re.<\/p>\n<p>Kort efter befrugtning har fundet sted, begynder produktionen af \u200b\u200bgraviditetshormonet hCG (som er en forkortelse af Human Choriogonadotropin). Testenheden er belagt med hCG-antistoffer, der binder til hCG-hormonet (som er et protein), hvis det er til stede i urinen. P\u00e5 denne m\u00e5de opn\u00e5s en indikation af graviditet.<\/p>\n<p>Hver pakke indeholder en teststav, der er pakket i en fugtabsorberende folieemballage og er CE-m\u00e6rket i overensstemmelse med IVD-direktivet.<\/p>\n<p>Graviditetstesten er kun til engangsbrug.<\/p>\n<p>Materiale: plastik, ca. 14,5 x 1 cm<\/p>\n<h4>Brugsanvisning. Graviditetstesten er beregnet til brug med friske urinpr\u00f8ver<\/h4>\n<h4><img loading=\"lazy\" decoding=\"async\" class=\"size-full wp-image-71877 alignleft\" src=\"https:\/\/medtest.stagingservers.net\/wp-content\/uploads\/2018\/11\/Pregnancy-test-Midstream-product-1pack-cap.jpg\" alt=\"\" width=\"261\" height=\"261\" srcset=\"https:\/\/medtest.stagingservers.net\/wp-content\/uploads\/2018\/11\/Pregnancy-test-Midstream-product-1pack-cap.jpg 261w, https:\/\/medtest.stagingservers.net\/wp-content\/uploads\/2018\/11\/Pregnancy-test-Midstream-product-1pack-cap-150x150.jpg 150w, https:\/\/medtest.stagingservers.net\/wp-content\/uploads\/2018\/11\/Pregnancy-test-Midstream-product-1pack-cap-100x100.jpg 100w\" sizes=\"auto, (max-width: 261px) 100vw, 261px\" \/><\/h4>\n<p><strong>S\u00e5dan g\u00f8r du:<\/strong><\/p>\n<ol>\n<li>\u00c5bn folieposen og tag produktet ud.<\/li>\n<li>Tis p\u00e5 enden af stangen (2 dr\u00e5ber er nok, ca. 100 \u00b5l), eller dyp den i en beholder med urin.<\/li>\n<li>Overfyld ikke den absorberende pude.<\/li>\n<li>Du modtager et testsvar inden for 30 sekunder.<\/li>\n<li>Kast pinden i skraldespanden efter brug.<\/li>\n<\/ol>\n<p>&nbsp;<\/p>\n<p>&nbsp;<\/p>\n<h4>Fortolkning af resultater<\/h4>\n<p><img loading=\"lazy\" decoding=\"async\" class=\"size-full wp-image-71880 alignleft\" src=\"https:\/\/medtest.stagingservers.net\/wp-content\/uploads\/2019\/07\/A-gglossningstest-Stav-Tolka.png\" alt=\"\" width=\"460\" height=\"151\" srcset=\"https:\/\/medtest.stagingservers.net\/wp-content\/uploads\/2019\/07\/A-gglossningstest-Stav-Tolka.png 460w, https:\/\/medtest.stagingservers.net\/wp-content\/uploads\/2019\/07\/A-gglossningstest-Stav-Tolka-416x137.png 416w\" sizes=\"auto, (max-width: 460px) 100vw, 460px\" \/><\/p>\n<p>C = Control (kontrol)<br \/>\nT = Test<\/p>\n<ul>\n<li><strong>Negativ<\/strong>: Hvis testen kun viser en lyser\u00f8d linje i kontrolomr\u00e5det, kan du antage, at du ikke er gravid.<\/li>\n<li><strong>Positiv<\/strong>: Hvis testen viser to lyser\u00f8de linjer; \u00e9n i kontrolomr\u00e5det og \u00e9n i testomr\u00e5det, kan du antage, at du er gravid.<\/li>\n<li><strong>Ugyldig<\/strong>: Hvis intet klart lyser\u00f8dt-lilla farveb\u00e5nd er synligt i b\u00e5de TEST- og KONTROLomr\u00e5det, er testen ugyldig. Gentag derefter testen i dette tilf\u00e6lde.<\/li>\n<\/ul>\n<p>&nbsp;<\/p>\n<h4>Opbevaring<\/h4>\n<p>Opbevar testen i den forseglede emballage, enten ved stuetemperatur eller afk\u00f8let (2-30 \u00b0 C).<\/p>\n<p>Produktet er stabilt indtil den udl\u00f8bsdato, der er angivet p\u00e5 pakningen, og skal forblive i den forseglede taske indtil brug. Frys ikke.<\/p>\n<h4><\/h4>\n","protected":false},"excerpt":{"rendered":"<p>Billig, pr\u00e6cis og hygiejnisk graviditetstest af h\u00f8j kvalitet, som du kender dem fra apoteket og supermarkedet, men til en meget lavere pris.<\/p>\n<p>Graviditetstest stav er CE-m\u00e6rket og FDA-godkendt.<\/p>\n<p>Testen er udformet som en stav, som g\u00f8r den nem og hygiejnisk at anvende.<\/p>\n","protected":false},"featured_media":71873,"comment_status":"closed","ping_status":"closed","template":"","meta":{"_acf_changed":false,"footnotes":""},"product_brand":[],"product_cat":[864],"product_tag":[],"class_list":{"0":"post-71868","1":"product","2":"type-product","3":"status-publish","4":"has-post-thumbnail","6":"product_cat-graviditetstest-da","8":"first","9":"outofstock","10":"taxable","11":"shipping-taxable","12":"product-type-variable"},"acf":[],"yoast_head":"<title>Graviditetstest STAV - Medtest.shop<\/title>\n<meta name=\"description\" content=\"Graviditetstest STAV - Medtest.shop\" \/>\n<meta name=\"robots\" content=\"noindex, follow, max-snippet:-1, max-image-preview:large, max-video-preview:-1\" \/>\n<meta property=\"og:locale\" content=\"da_DK\" \/>\n<meta property=\"og:type\" content=\"article\" \/>\n<meta property=\"og:title\" content=\"Graviditetstest STAV - Medtest.shop\" \/>\n<meta property=\"og:description\" content=\"Graviditetstest STAV - Medtest.shop\" \/>\n<meta property=\"og:url\" content=\"https:\/\/medtest.stagingservers.net\/da\/vare\/graviditetstest-stav\/\" \/>\n<meta property=\"og:site_name\" content=\"Medtest.shop\" \/>\n<meta property=\"article:publisher\" content=\"https:\/\/www.facebook.com\/Medtest-1440779469392476\/\" \/>\n<meta property=\"article:modified_time\" content=\"2019-09-28T11:37:02+00:00\" \/>\n<meta property=\"og:image\" content=\"https:\/\/medtest.stagingservers.net\/wp-content\/uploads\/2019\/08\/Graviditetstest-STAV-da.jpg\" \/>\n\t<meta property=\"og:image:width\" content=\"800\" \/>\n\t<meta property=\"og:image:height\" content=\"667\" \/>\n\t<meta property=\"og:image:type\" content=\"image\/jpeg\" \/>\n<meta name=\"twitter:card\" content=\"summary_large_image\" \/>\n<script type=\"application\/ld+json\" class=\"yoast-schema-graph\">{\"@context\":\"https:\\\/\\\/schema.org\",\"@graph\":[{\"@type\":\"WebPage\",\"@id\":\"https:\\\/\\\/medtest.stagingservers.net\\\/da\\\/vare\\\/graviditetstest-stav\\\/\",\"url\":\"https:\\\/\\\/medtest.stagingservers.net\\\/da\\\/vare\\\/graviditetstest-stav\\\/\",\"name\":\"Graviditetstest STAV - Medtest.shop\",\"isPartOf\":{\"@id\":\"https:\\\/\\\/medtest.stagingservers.net\\\/da\\\/#website\"},\"primaryImageOfPage\":{\"@id\":\"https:\\\/\\\/medtest.stagingservers.net\\\/da\\\/vare\\\/graviditetstest-stav\\\/#primaryimage\"},\"image\":{\"@id\":\"https:\\\/\\\/medtest.stagingservers.net\\\/da\\\/vare\\\/graviditetstest-stav\\\/#primaryimage\"},\"thumbnailUrl\":\"https:\\\/\\\/medtest.stagingservers.net\\\/wp-content\\\/uploads\\\/2019\\\/08\\\/Graviditetstest-STAV-da.jpg\",\"datePublished\":\"2019-08-14T12:14:20+00:00\",\"dateModified\":\"2019-09-28T11:37:02+00:00\",\"description\":\"Graviditetstest STAV - Medtest.shop\",\"breadcrumb\":{\"@id\":\"https:\\\/\\\/medtest.stagingservers.net\\\/da\\\/vare\\\/graviditetstest-stav\\\/#breadcrumb\"},\"inLanguage\":\"da-DK\",\"potentialAction\":[{\"@type\":\"ReadAction\",\"target\":[\"https:\\\/\\\/medtest.stagingservers.net\\\/da\\\/vare\\\/graviditetstest-stav\\\/\"]}]},{\"@type\":\"ImageObject\",\"inLanguage\":\"da-DK\",\"@id\":\"https:\\\/\\\/medtest.stagingservers.net\\\/da\\\/vare\\\/graviditetstest-stav\\\/#primaryimage\",\"url\":\"https:\\\/\\\/medtest.stagingservers.net\\\/wp-content\\\/uploads\\\/2019\\\/08\\\/Graviditetstest-STAV-da.jpg\",\"contentUrl\":\"https:\\\/\\\/medtest.stagingservers.net\\\/wp-content\\\/uploads\\\/2019\\\/08\\\/Graviditetstest-STAV-da.jpg\",\"width\":800,\"height\":667},{\"@type\":\"BreadcrumbList\",\"@id\":\"https:\\\/\\\/medtest.stagingservers.net\\\/da\\\/vare\\\/graviditetstest-stav\\\/#breadcrumb\",\"itemListElement\":[{\"@type\":\"ListItem\",\"position\":1,\"name\":\"Home\",\"item\":\"https:\\\/\\\/medtest.stagingservers.net\\\/da\\\/\"},{\"@type\":\"ListItem\",\"position\":2,\"name\":\"Butik\",\"item\":\"https:\\\/\\\/medtest.stagingservers.net\\\/da\\\/butik\\\/\"},{\"@type\":\"ListItem\",\"position\":3,\"name\":\"Graviditetstest STAV\"}]},{\"@type\":\"WebSite\",\"@id\":\"https:\\\/\\\/medtest.stagingservers.net\\\/da\\\/#website\",\"url\":\"https:\\\/\\\/medtest.stagingservers.net\\\/da\\\/\",\"name\":\"Medtest.shop\",\"description\":\"\",\"publisher\":{\"@id\":\"https:\\\/\\\/medtest.stagingservers.net\\\/da\\\/#organization\"},\"potentialAction\":[{\"@type\":\"SearchAction\",\"target\":{\"@type\":\"EntryPoint\",\"urlTemplate\":\"https:\\\/\\\/medtest.stagingservers.net\\\/da\\\/?s={search_term_string}\"},\"query-input\":{\"@type\":\"PropertyValueSpecification\",\"valueRequired\":true,\"valueName\":\"search_term_string\"}}],\"inLanguage\":\"da-DK\"},{\"@type\":\"Organization\",\"@id\":\"https:\\\/\\\/medtest.stagingservers.net\\\/da\\\/#organization\",\"name\":\"Medtest\",\"url\":\"https:\\\/\\\/medtest.stagingservers.net\\\/da\\\/\",\"logo\":{\"@type\":\"ImageObject\",\"inLanguage\":\"da-DK\",\"@id\":\"https:\\\/\\\/medtest.stagingservers.net\\\/da\\\/#\\\/schema\\\/logo\\\/image\\\/\",\"url\":\"https:\\\/\\\/medtest.stagingservers.net\\\/wp-content\\\/uploads\\\/2018\\\/11\\\/Original.png\",\"contentUrl\":\"https:\\\/\\\/medtest.stagingservers.net\\\/wp-content\\\/uploads\\\/2018\\\/11\\\/Original.png\",\"width\":1024,\"height\":1024,\"caption\":\"Medtest\"},\"image\":{\"@id\":\"https:\\\/\\\/medtest.stagingservers.net\\\/da\\\/#\\\/schema\\\/logo\\\/image\\\/\"},\"sameAs\":[\"https:\\\/\\\/www.facebook.com\\\/Medtest-1440779469392476\\\/\"]}]}<\/script>","yoast_head_json":{"title":"Graviditetstest STAV - Medtest.shop","description":"Graviditetstest STAV - Medtest.shop","robots":{"index":"noindex","follow":"follow","max-snippet":"max-snippet:-1","max-image-preview":"max-image-preview:large","max-video-preview":"max-video-preview:-1"},"og_locale":"da_DK","og_type":"article","og_title":"Graviditetstest STAV - Medtest.shop","og_description":"Graviditetstest STAV - Medtest.shop","og_url":"https:\/\/medtest.stagingservers.net\/da\/vare\/graviditetstest-stav\/","og_site_name":"Medtest.shop","article_publisher":"https:\/\/www.facebook.com\/Medtest-1440779469392476\/","article_modified_time":"2019-09-28T11:37:02+00:00","og_image":[{"width":800,"height":667,"url":"https:\/\/medtest.stagingservers.net\/wp-content\/uploads\/2019\/08\/Graviditetstest-STAV-da.jpg","type":"image\/jpeg"}],"twitter_card":"summary_large_image","schema":{"@context":"https:\/\/schema.org","@graph":[{"@type":"WebPage","@id":"https:\/\/medtest.stagingservers.net\/da\/vare\/graviditetstest-stav\/","url":"https:\/\/medtest.stagingservers.net\/da\/vare\/graviditetstest-stav\/","name":"Graviditetstest STAV - Medtest.shop","isPartOf":{"@id":"https:\/\/medtest.stagingservers.net\/da\/#website"},"primaryImageOfPage":{"@id":"https:\/\/medtest.stagingservers.net\/da\/vare\/graviditetstest-stav\/#primaryimage"},"image":{"@id":"https:\/\/medtest.stagingservers.net\/da\/vare\/graviditetstest-stav\/#primaryimage"},"thumbnailUrl":"https:\/\/medtest.stagingservers.net\/wp-content\/uploads\/2019\/08\/Graviditetstest-STAV-da.jpg","datePublished":"2019-08-14T12:14:20+00:00","dateModified":"2019-09-28T11:37:02+00:00","description":"Graviditetstest STAV - Medtest.shop","breadcrumb":{"@id":"https:\/\/medtest.stagingservers.net\/da\/vare\/graviditetstest-stav\/#breadcrumb"},"inLanguage":"da-DK","potentialAction":[{"@type":"ReadAction","target":["https:\/\/medtest.stagingservers.net\/da\/vare\/graviditetstest-stav\/"]}]},{"@type":"ImageObject","inLanguage":"da-DK","@id":"https:\/\/medtest.stagingservers.net\/da\/vare\/graviditetstest-stav\/#primaryimage","url":"https:\/\/medtest.stagingservers.net\/wp-content\/uploads\/2019\/08\/Graviditetstest-STAV-da.jpg","contentUrl":"https:\/\/medtest.stagingservers.net\/wp-content\/uploads\/2019\/08\/Graviditetstest-STAV-da.jpg","width":800,"height":667},{"@type":"BreadcrumbList","@id":"https:\/\/medtest.stagingservers.net\/da\/vare\/graviditetstest-stav\/#breadcrumb","itemListElement":[{"@type":"ListItem","position":1,"name":"Home","item":"https:\/\/medtest.stagingservers.net\/da\/"},{"@type":"ListItem","position":2,"name":"Butik","item":"https:\/\/medtest.stagingservers.net\/da\/butik\/"},{"@type":"ListItem","position":3,"name":"Graviditetstest STAV"}]},{"@type":"WebSite","@id":"https:\/\/medtest.stagingservers.net\/da\/#website","url":"https:\/\/medtest.stagingservers.net\/da\/","name":"Medtest.shop","description":"","publisher":{"@id":"https:\/\/medtest.stagingservers.net\/da\/#organization"},"potentialAction":[{"@type":"SearchAction","target":{"@type":"EntryPoint","urlTemplate":"https:\/\/medtest.stagingservers.net\/da\/?s={search_term_string}"},"query-input":{"@type":"PropertyValueSpecification","valueRequired":true,"valueName":"search_term_string"}}],"inLanguage":"da-DK"},{"@type":"Organization","@id":"https:\/\/medtest.stagingservers.net\/da\/#organization","name":"Medtest","url":"https:\/\/medtest.stagingservers.net\/da\/","logo":{"@type":"ImageObject","inLanguage":"da-DK","@id":"https:\/\/medtest.stagingservers.net\/da\/#\/schema\/logo\/image\/","url":"https:\/\/medtest.stagingservers.net\/wp-content\/uploads\/2018\/11\/Original.png","contentUrl":"https:\/\/medtest.stagingservers.net\/wp-content\/uploads\/2018\/11\/Original.png","width":1024,"height":1024,"caption":"Medtest"},"image":{"@id":"https:\/\/medtest.stagingservers.net\/da\/#\/schema\/logo\/image\/"},"sameAs":["https:\/\/www.facebook.com\/Medtest-1440779469392476\/"]}]}},"_links":{"self":[{"href":"https:\/\/medtest.stagingservers.net\/da\/wp-json\/wp\/v2\/product\/71868","targetHints":{"allow":["GET"]}}],"collection":[{"href":"https:\/\/medtest.stagingservers.net\/da\/wp-json\/wp\/v2\/product"}],"about":[{"href":"https:\/\/medtest.stagingservers.net\/da\/wp-json\/wp\/v2\/types\/product"}],"replies":[{"embeddable":true,"href":"https:\/\/medtest.stagingservers.net\/da\/wp-json\/wp\/v2\/comments?post=71868"}],"version-history":[{"count":0,"href":"https:\/\/medtest.stagingservers.net\/da\/wp-json\/wp\/v2\/product\/71868\/revisions"}],"wp:featuredmedia":[{"embeddable":true,"href":"https:\/\/medtest.stagingservers.net\/da\/wp-json\/wp\/v2\/media\/71873"}],"wp:attachment":[{"href":"https:\/\/medtest.stagingservers.net\/da\/wp-json\/wp\/v2\/media?parent=71868"}],"wp:term":[{"taxonomy":"product_brand","embeddable":true,"href":"https:\/\/medtest.stagingservers.net\/da\/wp-json\/wp\/v2\/product_brand?post=71868"},{"taxonomy":"product_cat","embeddable":true,"href":"https:\/\/medtest.stagingservers.net\/da\/wp-json\/wp\/v2\/product_cat?post=71868"},{"taxonomy":"product_tag","embeddable":true,"href":"https:\/\/medtest.stagingservers.net\/da\/wp-json\/wp\/v2\/product_tag?post=71868"}],"curies":[{"name":"wp","href":"https:\/\/api.w.org\/{rel}","templated":true}]}}