{"id":71891,"date":"2019-08-14T12:37:32","date_gmt":"2019-08-14T12:37:32","guid":{"rendered":"https:\/\/medtest.stagingservers.net\/product\/syfilis-test\/"},"modified":"2021-03-27T15:45:03","modified_gmt":"2021-03-27T13:45:03","slug":"syfilis-test","status":"publish","type":"product","link":"https:\/\/medtest.stagingservers.net\/da\/vare\/syfilis-test\/","title":{"rendered":"Syfilistest"},"content":{"rendered":"<h2>Syfilistest<\/h2>\n<p>Syfilis er en almindelig k\u00f8nssygdom i Danmark. Denne test anvender to antistoffer, der er specifikke for syfilis (Treponema pallidium), som forkortes TP. Hvis testen giver positivt udslag, har du syfilis i blodet og b\u00f8r derfor s\u00f8ge l\u00e6ge. Vores hurtige test m\u00e5ler TP-niveauet i blodet direkte ved at du prikker et lille hul i fingeren, hvorfra en lille m\u00e6ngde blod opsamles. Blodet indf\u00f8res derefter i en testkassette med en membran, der indeholder to antistoffer, som binder til syfilisantigenet (TP), hvis det er til stede i blodet. Specificitet: 98,5%. F\u00f8lsomhed: 98,6%. Dette produkt er CE-m\u00e6rket til professionel brug af sundhedspersonale. Det er ikke beregnet eller testet til hjemmebrug.<\/p>\n<p><strong>Brugervejledning.<\/strong><\/p>\n<ol>\n<li>Rens fingeren med alkoholservietten.<\/li>\n<li>Fjern den runde beskyttelseskappe p\u00e5 n\u00e5len, f\u00f8r den ind i fingerspidsen og pres noget blod ud.<\/li>\n<li>Sug 2-3 dr\u00e5ber blod op med pipetten ved at anbringe pipettespidsen p\u00e5 blodoverfladen. Kapill\u00e6rkraften f\u00f8rer automatisk blodet ind i pipetten.<\/li>\n<li>Dryp 2 dr\u00e5ber blod ned i testkassetten (S).<\/li>\n<li>Dryp derefter 2 dr\u00e5ber puffer deri.<\/li>\n<li>Vent 5-10 minutter med at afl\u00e6se resultatet. Lad der ikke g\u00e5 mere end 10 minutter, f\u00f8r resultatet afl\u00e6ses<\/li>\n<\/ol>\n<p><img loading=\"lazy\" decoding=\"async\" class=\"alignnone size-full wp-image-71710\" src=\"\/wp-content\/uploads\/2019\/03\/PSA-procedur.png\" alt=\"PSA procedur\" width=\"1455\" height=\"467\" srcset=\"https:\/\/medtest.stagingservers.net\/wp-content\/uploads\/2019\/03\/PSA-procedur.png 1455w, https:\/\/medtest.stagingservers.net\/wp-content\/uploads\/2019\/03\/PSA-procedur-720x231.png 720w, https:\/\/medtest.stagingservers.net\/wp-content\/uploads\/2019\/03\/PSA-procedur-1200x385.png 1200w, https:\/\/medtest.stagingservers.net\/wp-content\/uploads\/2019\/03\/PSA-procedur-768x246.png 768w, https:\/\/medtest.stagingservers.net\/wp-content\/uploads\/2019\/03\/PSA-procedur-416x134.png 416w, https:\/\/medtest.stagingservers.net\/wp-content\/uploads\/2019\/03\/PSA-procedur-300x96.png 300w, https:\/\/medtest.stagingservers.net\/wp-content\/uploads\/2019\/03\/PSA-procedur-1024x329.png 1024w\" sizes=\"auto, (max-width: 1455px) 100vw, 1455px\" \/><\/p>\n<p>&nbsp;<\/p>\n<p><strong>Resultater<\/strong><\/p>\n<p><img loading=\"lazy\" decoding=\"async\" class=\"alignnone wp-image-75380\" src=\"https:\/\/medtest.stagingservers.net\/wp-content\/uploads\/2019\/08\/Resultater-danmark.png\" alt=\"\" width=\"337\" height=\"241\" srcset=\"https:\/\/medtest.stagingservers.net\/wp-content\/uploads\/2019\/08\/Resultater-danmark.png 451w, https:\/\/medtest.stagingservers.net\/wp-content\/uploads\/2019\/08\/Resultater-danmark-200x143.png 200w, https:\/\/medtest.stagingservers.net\/wp-content\/uploads\/2019\/08\/Resultater-danmark-416x297.png 416w\" sizes=\"auto, (max-width: 337px) 100vw, 337px\" \/><\/p>\n","protected":false},"excerpt":{"rendered":"<p>Vores syfilistest er en hjemmetest, der giver resultatet efter 15 minutter. Det er en hurtig test for kvalitativt at detektere syfilisbakterien Treponema pallidum.<\/p>\n","protected":false},"featured_media":77782,"comment_status":"closed","ping_status":"closed","template":"","meta":{"_acf_changed":false,"footnotes":""},"product_brand":[],"product_cat":[886],"product_tag":[],"class_list":{"0":"post-71891","1":"product","2":"type-product","3":"status-publish","4":"has-post-thumbnail","6":"product_cat-syfilis-da","8":"first","9":"instock","10":"taxable","11":"shipping-taxable","12":"purchasable","13":"product-type-simple"},"acf":[],"yoast_head":"<title>Syfilistest - Medtest.shop<\/title>\n<meta name=\"description\" content=\"Syfilis hemtest f\u00f6r att kvalitativt detektera syilis-antigenet i blodet. Testet anv\u00e4nder en antikropp som \u00e4r specifikt f\u00f6r syfilis (treponema pallidum).\" \/>\n<meta name=\"robots\" content=\"noindex, follow, max-snippet:-1, max-image-preview:large, max-video-preview:-1\" \/>\n<meta property=\"og:locale\" content=\"da_DK\" \/>\n<meta property=\"og:type\" content=\"article\" \/>\n<meta property=\"og:title\" content=\"Syfilistest - Medtest.shop\" \/>\n<meta property=\"og:description\" content=\"Syfilis hemtest f\u00f6r att kvalitativt detektera syilis-antigenet i blodet. Testet anv\u00e4nder en antikropp som \u00e4r specifikt f\u00f6r syfilis (treponema pallidum).\" \/>\n<meta property=\"og:url\" content=\"https:\/\/medtest.stagingservers.net\/da\/vare\/syfilis-test\/\" \/>\n<meta property=\"og:site_name\" content=\"Medtest.shop\" \/>\n<meta property=\"article:publisher\" content=\"https:\/\/www.facebook.com\/Medtest-1440779469392476\/\" \/>\n<meta property=\"article:modified_time\" content=\"2021-03-27T13:45:03+00:00\" \/>\n<meta property=\"og:image\" content=\"https:\/\/medtest.stagingservers.net\/wp-content\/uploads\/2019\/08\/Syf.png\" \/>\n\t<meta property=\"og:image:width\" content=\"1200\" \/>\n\t<meta property=\"og:image:height\" content=\"959\" \/>\n\t<meta property=\"og:image:type\" content=\"image\/png\" \/>\n<meta name=\"twitter:card\" content=\"summary_large_image\" \/>\n<script type=\"application\/ld+json\" class=\"yoast-schema-graph\">{\"@context\":\"https:\\\/\\\/schema.org\",\"@graph\":[{\"@type\":\"WebPage\",\"@id\":\"https:\\\/\\\/medtest.stagingservers.net\\\/da\\\/vare\\\/syfilis-test\\\/\",\"url\":\"https:\\\/\\\/medtest.stagingservers.net\\\/da\\\/vare\\\/syfilis-test\\\/\",\"name\":\"Syfilistest - Medtest.shop\",\"isPartOf\":{\"@id\":\"https:\\\/\\\/medtest.stagingservers.net\\\/da\\\/#website\"},\"primaryImageOfPage\":{\"@id\":\"https:\\\/\\\/medtest.stagingservers.net\\\/da\\\/vare\\\/syfilis-test\\\/#primaryimage\"},\"image\":{\"@id\":\"https:\\\/\\\/medtest.stagingservers.net\\\/da\\\/vare\\\/syfilis-test\\\/#primaryimage\"},\"thumbnailUrl\":\"https:\\\/\\\/medtest.stagingservers.net\\\/wp-content\\\/uploads\\\/2019\\\/08\\\/Syf.png\",\"datePublished\":\"2019-08-14T12:37:32+00:00\",\"dateModified\":\"2021-03-27T13:45:03+00:00\",\"description\":\"Syfilis hemtest f\u00f6r att kvalitativt detektera syilis-antigenet i blodet. Testet anv\u00e4nder en antikropp som \u00e4r specifikt f\u00f6r syfilis (treponema pallidum).\",\"breadcrumb\":{\"@id\":\"https:\\\/\\\/medtest.stagingservers.net\\\/da\\\/vare\\\/syfilis-test\\\/#breadcrumb\"},\"inLanguage\":\"da-DK\",\"potentialAction\":[{\"@type\":\"ReadAction\",\"target\":[\"https:\\\/\\\/medtest.stagingservers.net\\\/da\\\/vare\\\/syfilis-test\\\/\"]}]},{\"@type\":\"ImageObject\",\"inLanguage\":\"da-DK\",\"@id\":\"https:\\\/\\\/medtest.stagingservers.net\\\/da\\\/vare\\\/syfilis-test\\\/#primaryimage\",\"url\":\"https:\\\/\\\/medtest.stagingservers.net\\\/wp-content\\\/uploads\\\/2019\\\/08\\\/Syf.png\",\"contentUrl\":\"https:\\\/\\\/medtest.stagingservers.net\\\/wp-content\\\/uploads\\\/2019\\\/08\\\/Syf.png\",\"width\":1200,\"height\":959,\"caption\":\"Syfilis test\"},{\"@type\":\"BreadcrumbList\",\"@id\":\"https:\\\/\\\/medtest.stagingservers.net\\\/da\\\/vare\\\/syfilis-test\\\/#breadcrumb\",\"itemListElement\":[{\"@type\":\"ListItem\",\"position\":1,\"name\":\"Home\",\"item\":\"https:\\\/\\\/medtest.stagingservers.net\\\/da\\\/\"},{\"@type\":\"ListItem\",\"position\":2,\"name\":\"Butik\",\"item\":\"https:\\\/\\\/medtest.stagingservers.net\\\/da\\\/butik\\\/\"},{\"@type\":\"ListItem\",\"position\":3,\"name\":\"Syfilistest\"}]},{\"@type\":\"WebSite\",\"@id\":\"https:\\\/\\\/medtest.stagingservers.net\\\/da\\\/#website\",\"url\":\"https:\\\/\\\/medtest.stagingservers.net\\\/da\\\/\",\"name\":\"Medtest.shop\",\"description\":\"\",\"publisher\":{\"@id\":\"https:\\\/\\\/medtest.stagingservers.net\\\/da\\\/#organization\"},\"potentialAction\":[{\"@type\":\"SearchAction\",\"target\":{\"@type\":\"EntryPoint\",\"urlTemplate\":\"https:\\\/\\\/medtest.stagingservers.net\\\/da\\\/?s={search_term_string}\"},\"query-input\":{\"@type\":\"PropertyValueSpecification\",\"valueRequired\":true,\"valueName\":\"search_term_string\"}}],\"inLanguage\":\"da-DK\"},{\"@type\":\"Organization\",\"@id\":\"https:\\\/\\\/medtest.stagingservers.net\\\/da\\\/#organization\",\"name\":\"Medtest\",\"url\":\"https:\\\/\\\/medtest.stagingservers.net\\\/da\\\/\",\"logo\":{\"@type\":\"ImageObject\",\"inLanguage\":\"da-DK\",\"@id\":\"https:\\\/\\\/medtest.stagingservers.net\\\/da\\\/#\\\/schema\\\/logo\\\/image\\\/\",\"url\":\"https:\\\/\\\/medtest.stagingservers.net\\\/wp-content\\\/uploads\\\/2018\\\/11\\\/Original.png\",\"contentUrl\":\"https:\\\/\\\/medtest.stagingservers.net\\\/wp-content\\\/uploads\\\/2018\\\/11\\\/Original.png\",\"width\":1024,\"height\":1024,\"caption\":\"Medtest\"},\"image\":{\"@id\":\"https:\\\/\\\/medtest.stagingservers.net\\\/da\\\/#\\\/schema\\\/logo\\\/image\\\/\"},\"sameAs\":[\"https:\\\/\\\/www.facebook.com\\\/Medtest-1440779469392476\\\/\"]}]}<\/script>","yoast_head_json":{"title":"Syfilistest - Medtest.shop","description":"Syfilis hemtest f\u00f6r att kvalitativt detektera syilis-antigenet i blodet. Testet anv\u00e4nder en antikropp som \u00e4r specifikt f\u00f6r syfilis (treponema pallidum).","robots":{"index":"noindex","follow":"follow","max-snippet":"max-snippet:-1","max-image-preview":"max-image-preview:large","max-video-preview":"max-video-preview:-1"},"og_locale":"da_DK","og_type":"article","og_title":"Syfilistest - Medtest.shop","og_description":"Syfilis hemtest f\u00f6r att kvalitativt detektera syilis-antigenet i blodet. Testet anv\u00e4nder en antikropp som \u00e4r specifikt f\u00f6r syfilis (treponema pallidum).","og_url":"https:\/\/medtest.stagingservers.net\/da\/vare\/syfilis-test\/","og_site_name":"Medtest.shop","article_publisher":"https:\/\/www.facebook.com\/Medtest-1440779469392476\/","article_modified_time":"2021-03-27T13:45:03+00:00","og_image":[{"width":1200,"height":959,"url":"https:\/\/medtest.stagingservers.net\/wp-content\/uploads\/2019\/08\/Syf.png","type":"image\/png"}],"twitter_card":"summary_large_image","schema":{"@context":"https:\/\/schema.org","@graph":[{"@type":"WebPage","@id":"https:\/\/medtest.stagingservers.net\/da\/vare\/syfilis-test\/","url":"https:\/\/medtest.stagingservers.net\/da\/vare\/syfilis-test\/","name":"Syfilistest - Medtest.shop","isPartOf":{"@id":"https:\/\/medtest.stagingservers.net\/da\/#website"},"primaryImageOfPage":{"@id":"https:\/\/medtest.stagingservers.net\/da\/vare\/syfilis-test\/#primaryimage"},"image":{"@id":"https:\/\/medtest.stagingservers.net\/da\/vare\/syfilis-test\/#primaryimage"},"thumbnailUrl":"https:\/\/medtest.stagingservers.net\/wp-content\/uploads\/2019\/08\/Syf.png","datePublished":"2019-08-14T12:37:32+00:00","dateModified":"2021-03-27T13:45:03+00:00","description":"Syfilis hemtest f\u00f6r att kvalitativt detektera syilis-antigenet i blodet. Testet anv\u00e4nder en antikropp som \u00e4r specifikt f\u00f6r syfilis (treponema pallidum).","breadcrumb":{"@id":"https:\/\/medtest.stagingservers.net\/da\/vare\/syfilis-test\/#breadcrumb"},"inLanguage":"da-DK","potentialAction":[{"@type":"ReadAction","target":["https:\/\/medtest.stagingservers.net\/da\/vare\/syfilis-test\/"]}]},{"@type":"ImageObject","inLanguage":"da-DK","@id":"https:\/\/medtest.stagingservers.net\/da\/vare\/syfilis-test\/#primaryimage","url":"https:\/\/medtest.stagingservers.net\/wp-content\/uploads\/2019\/08\/Syf.png","contentUrl":"https:\/\/medtest.stagingservers.net\/wp-content\/uploads\/2019\/08\/Syf.png","width":1200,"height":959,"caption":"Syfilis test"},{"@type":"BreadcrumbList","@id":"https:\/\/medtest.stagingservers.net\/da\/vare\/syfilis-test\/#breadcrumb","itemListElement":[{"@type":"ListItem","position":1,"name":"Home","item":"https:\/\/medtest.stagingservers.net\/da\/"},{"@type":"ListItem","position":2,"name":"Butik","item":"https:\/\/medtest.stagingservers.net\/da\/butik\/"},{"@type":"ListItem","position":3,"name":"Syfilistest"}]},{"@type":"WebSite","@id":"https:\/\/medtest.stagingservers.net\/da\/#website","url":"https:\/\/medtest.stagingservers.net\/da\/","name":"Medtest.shop","description":"","publisher":{"@id":"https:\/\/medtest.stagingservers.net\/da\/#organization"},"potentialAction":[{"@type":"SearchAction","target":{"@type":"EntryPoint","urlTemplate":"https:\/\/medtest.stagingservers.net\/da\/?s={search_term_string}"},"query-input":{"@type":"PropertyValueSpecification","valueRequired":true,"valueName":"search_term_string"}}],"inLanguage":"da-DK"},{"@type":"Organization","@id":"https:\/\/medtest.stagingservers.net\/da\/#organization","name":"Medtest","url":"https:\/\/medtest.stagingservers.net\/da\/","logo":{"@type":"ImageObject","inLanguage":"da-DK","@id":"https:\/\/medtest.stagingservers.net\/da\/#\/schema\/logo\/image\/","url":"https:\/\/medtest.stagingservers.net\/wp-content\/uploads\/2018\/11\/Original.png","contentUrl":"https:\/\/medtest.stagingservers.net\/wp-content\/uploads\/2018\/11\/Original.png","width":1024,"height":1024,"caption":"Medtest"},"image":{"@id":"https:\/\/medtest.stagingservers.net\/da\/#\/schema\/logo\/image\/"},"sameAs":["https:\/\/www.facebook.com\/Medtest-1440779469392476\/"]}]}},"_links":{"self":[{"href":"https:\/\/medtest.stagingservers.net\/da\/wp-json\/wp\/v2\/product\/71891","targetHints":{"allow":["GET"]}}],"collection":[{"href":"https:\/\/medtest.stagingservers.net\/da\/wp-json\/wp\/v2\/product"}],"about":[{"href":"https:\/\/medtest.stagingservers.net\/da\/wp-json\/wp\/v2\/types\/product"}],"replies":[{"embeddable":true,"href":"https:\/\/medtest.stagingservers.net\/da\/wp-json\/wp\/v2\/comments?post=71891"}],"version-history":[{"count":2,"href":"https:\/\/medtest.stagingservers.net\/da\/wp-json\/wp\/v2\/product\/71891\/revisions"}],"predecessor-version":[{"id":91962,"href":"https:\/\/medtest.stagingservers.net\/da\/wp-json\/wp\/v2\/product\/71891\/revisions\/91962"}],"wp:featuredmedia":[{"embeddable":true,"href":"https:\/\/medtest.stagingservers.net\/da\/wp-json\/wp\/v2\/media\/77782"}],"wp:attachment":[{"href":"https:\/\/medtest.stagingservers.net\/da\/wp-json\/wp\/v2\/media?parent=71891"}],"wp:term":[{"taxonomy":"product_brand","embeddable":true,"href":"https:\/\/medtest.stagingservers.net\/da\/wp-json\/wp\/v2\/product_brand?post=71891"},{"taxonomy":"product_cat","embeddable":true,"href":"https:\/\/medtest.stagingservers.net\/da\/wp-json\/wp\/v2\/product_cat?post=71891"},{"taxonomy":"product_tag","embeddable":true,"href":"https:\/\/medtest.stagingservers.net\/da\/wp-json\/wp\/v2\/product_tag?post=71891"}],"curies":[{"name":"wp","href":"https:\/\/api.w.org\/{rel}","templated":true}]}}