{"id":71922,"date":"2019-08-14T13:40:49","date_gmt":"2019-08-14T13:40:49","guid":{"rendered":"https:\/\/medtest.stagingservers.net\/product\/halsbetaendelse-test\/"},"modified":"2019-11-13T20:39:28","modified_gmt":"2019-11-13T18:39:28","slug":"halsbetaendelse-test","status":"publish","type":"product","link":"https:\/\/medtest.stagingservers.net\/da\/vare\/halsbetaendelse-test\/","title":{"rendered":"Halsbet\u00e6ndelsestest"},"content":{"rendered":"<h3>Halsbet\u00e6ndelsestest<\/h3>\n<p>Denne hurtige test for gruppe A-streptokokker detekterer streptokokker i sv\u00e6lgpr\u00f8ver pr\u00f8ver som hj\u00e6lpemiddel til diagnosticering af gruppe A-streptokokinfektion (halsbet\u00e6ndelse). Hvis dine mandler er h\u00e6vede, og du har feber, b\u00f8r du unders\u00f8ge, om h\u00e6velsen skyldes bakterier. Hvis testen er negativ, vil antibiotika ikke hj\u00e6lpe, da h\u00e6velsen s\u00e5 sandsynligvis skyldes en virus, som din krop helbreder sig for p\u00e5 egen h\u00e5nd. Specificitet: 97%. F\u00f8lsomhed: 94%.<\/p>\n<h3>Brugsanvisning<\/h3>\n<p>Lad testenheden, reagenset og sv\u00e6lgpr\u00f8ven n\u00e5 stuetemperatur (15-30 \u00b0 C), f\u00f8r testen udf\u00f8res.<\/p>\n<h3><strong>S\u00e5dan g\u00f8r du:<\/strong><\/h3>\n<ol>\n<li>\u00c5bn folieposen med testkassetten (de bedste resultater opn\u00e5s, hvis testen udf\u00f8res umiddelbart efter \u00e5bning af folieposen), og l\u00f8ft drypmundstykket fra reagensglasset.<\/li>\n<li>Tils\u00e6t 4 hele dr\u00e5ber af reagens A til reagensglasset.<\/li>\n<li>Tils\u00e6t 4 hele dr\u00e5ber af reagens B til reagensglasset.<\/li>\n<li>Bland opl\u00f8sningen med reagenserne A og B ved forsigtigt at ryste reagensglasset.<\/li>\n<li>Tag podepinden ud af pakken og brug den til n\u00e6nsomt at skrabe p\u00e5 dine h\u00e6vede mandler i et 8-talsm\u00f8nster. S\u00f8rg for, at begge mandler ber\u00f8res. Neds\u00e6nk derefter straks podepinden i reagensglasset, som indeholder reagenserne A og B.<\/li>\n<li>R\u00f8r podepinden rundt 10 gange i r\u00f8ret. Lad pinden forblive i r\u00f8ret i 1 minut.<\/li>\n<li>Tryk derefter fingrene mod bomuldstoppen fra ydersiden af r\u00f8ret og tryk p\u00e5 bunden af \u200b\u200br\u00f8ret, s\u00e5 podepinden tr\u00e6kkes tilbage. Smid podepinden ud.<\/li>\n<li>S\u00e6t drypmundstykket tilbage p\u00e5 reagensglasset, dryp opl\u00f8sningen ned i testkassetten og begynd tidtagning.<\/li>\n<li>Vent til den farvede linje vises og afl\u00e6s resultatet efter ca. 5 minutter.<\/li>\n<\/ol>\n<p><img loading=\"lazy\" decoding=\"async\" class=\"alignnone wp-image-73888 size-medium\" src=\"https:\/\/medtest.stagingservers.net\/wp-content\/uploads\/2019\/08\/Halsfluss-beskrivning-720x269.png\" alt=\"\" width=\"720\" height=\"269\" srcset=\"https:\/\/medtest.stagingservers.net\/wp-content\/uploads\/2019\/08\/Halsfluss-beskrivning-720x269.png 720w, https:\/\/medtest.stagingservers.net\/wp-content\/uploads\/2019\/08\/Halsfluss-beskrivning-768x287.png 768w, https:\/\/medtest.stagingservers.net\/wp-content\/uploads\/2019\/08\/Halsfluss-beskrivning-416x156.png 416w, https:\/\/medtest.stagingservers.net\/wp-content\/uploads\/2019\/08\/Halsfluss-beskrivning.png 1189w\" sizes=\"auto, (max-width: 720px) 100vw, 720px\" \/><\/p>\n<p>&nbsp;<\/p>\n<h3><strong>Fortolkning af resultater<\/strong><\/h3>\n<p>&nbsp;<\/p>\n<p><img loading=\"lazy\" decoding=\"async\" class=\"size-full wp-image-54477 alignleft\" src=\"\/wp-content\/uploads\/2018\/11\/Test-resultat.png\" alt=\"\" width=\"351\" height=\"246\" srcset=\"https:\/\/medtest.stagingservers.net\/wp-content\/uploads\/2018\/11\/Test-resultat.png 351w, https:\/\/medtest.stagingservers.net\/wp-content\/uploads\/2018\/11\/Test-resultat-200x140.png 200w, https:\/\/medtest.stagingservers.net\/wp-content\/uploads\/2018\/11\/Test-resultat-300x210.png 300w\" sizes=\"auto, (max-width: 351px) 100vw, 351px\" \/>Hvis linjer vises ved C og T, er resultatet positivt for halsbet\u00e6ndelse. Hvis linjen kun vises ved C, er resultatet negativt. Kontrollinjen (C) vises p\u00e5 alle testkassetter og fungerer som en kvalitetskontrol, der sikrer, at testkassetten fungerer korrekt.<br \/>\nC = Control (Kontrol), T = Test, S = Sample (Pr\u00f8ve)<\/p>\n<p>&nbsp;<\/p>\n<p>&nbsp;<\/p>\n<p>&nbsp;<\/p>\n<p>&nbsp;<\/p>\n<h3><strong>Positivt udslag<\/strong><\/h3>\n<p>Hvis testen er positiv for halsbet\u00e6ndelse, kan du kontakte en l\u00e6ge. Fordelen ved at tage en hurtig hjemmetest for streptokokinfektion er, at l\u00e6gen kan stille den rigtige diagnose, s\u00e5 antibiotika ikke udskrives un\u00f8dvendigt. Du beh\u00f8ver ikke at tage p\u00e5 sygehuset og bruge un\u00f8dvendig ventetid, hvilket ellers naturligvis er en anden mulighed, hvis du ikke \u00f8nsker at kontakte egen l\u00e6ge.<\/p>\n<h3><strong>Negativt udslag<\/strong><\/h3>\n<p>Hvis testen derimod er negativ, hj\u00e6lper antibiotika ikke, da h\u00e6velsen s\u00e5 sandsynligvis skyldes en virus, som kroppen selv bek\u00e6mper i l\u00f8bet af et par dage. I dette tilf\u00e6lde kan du og \/ eller dit barn undlade at kontakte l\u00e6gen eller bruge un\u00f8dvendig tid p\u00e5 sygehuset. Hvis du eller dit barns tilstand derimod ikke forbedres efter 5 dages sygdom, anbefales det, at du uanset hvad s\u00f8ger hj\u00e6lp.<\/p>\n<h3><strong>Opbevaring<\/strong><\/h3>\n<p>Opbevar testkassetten i den forseglede emballage, enten ved stuetemperatur eller afk\u00f8let (2-30 \u00b0 C). Testenheden er stabil indtil udl\u00f8bsdatoen angivet p\u00e5 pakken. Testenheden skal forblive i den forseglede pose indtil brug. Nedfrys ikke.<\/p>\n","protected":false},"excerpt":{"rendered":"<p>Vores halsbet\u00e6ndelsestest er en hurtig test for kvalitativt at detektere gruppe A-streptokokker i halsen. Svar afgives inden for 5 minutter. Pr\u00f8ven bruger et antistof, som er specifikt for gruppe A-streptokokker. P\u00e5lidelighed &gt;99%, forudsat at testen udf\u00f8res i henhold til brugerinformationen. Testen er b\u00e5de CE- og ISO-certificeret.<\/p>\n","protected":false},"featured_media":72235,"comment_status":"closed","ping_status":"closed","template":"","meta":{"_acf_changed":false,"footnotes":""},"product_brand":[],"product_cat":[877],"product_tag":[],"class_list":{"0":"post-71922","1":"product","2":"type-product","3":"status-publish","4":"has-post-thumbnail","6":"product_cat-halsbetaendelse","8":"first","9":"instock","10":"taxable","11":"shipping-taxable","12":"purchasable","13":"product-type-variable"},"acf":[],"yoast_head":"<title>Halsbet\u00e6ndelsestest - Medtest.shop<\/title>\n<meta name=\"description\" content=\"Halsbet\u00e6ndelsestest - Medtest.shop\" \/>\n<meta name=\"robots\" content=\"noindex, follow, max-snippet:-1, max-image-preview:large, max-video-preview:-1\" \/>\n<meta property=\"og:locale\" content=\"da_DK\" \/>\n<meta property=\"og:type\" content=\"article\" \/>\n<meta property=\"og:title\" content=\"Halsbet\u00e6ndelsestest - Medtest.shop\" \/>\n<meta property=\"og:description\" content=\"Halsbet\u00e6ndelsestest - Medtest.shop\" \/>\n<meta property=\"og:url\" content=\"https:\/\/medtest.stagingservers.net\/da\/vare\/halsbetaendelse-test\/\" \/>\n<meta property=\"og:site_name\" content=\"Medtest.shop\" \/>\n<meta property=\"article:publisher\" content=\"https:\/\/www.facebook.com\/Medtest-1440779469392476\/\" \/>\n<meta property=\"article:modified_time\" content=\"2019-11-13T18:39:28+00:00\" \/>\n<meta property=\"og:image\" content=\"https:\/\/medtest.stagingservers.net\/wp-content\/uploads\/2019\/08\/Halsbetendelse-Strep-A-media-.png\" \/>\n\t<meta property=\"og:image:width\" content=\"2100\" \/>\n\t<meta property=\"og:image:height\" content=\"1400\" \/>\n\t<meta property=\"og:image:type\" content=\"image\/png\" \/>\n<meta name=\"twitter:card\" content=\"summary_large_image\" \/>\n<script type=\"application\/ld+json\" class=\"yoast-schema-graph\">{\"@context\":\"https:\\\/\\\/schema.org\",\"@graph\":[{\"@type\":\"WebPage\",\"@id\":\"https:\\\/\\\/medtest.stagingservers.net\\\/da\\\/vare\\\/halsbetaendelse-test\\\/\",\"url\":\"https:\\\/\\\/medtest.stagingservers.net\\\/da\\\/vare\\\/halsbetaendelse-test\\\/\",\"name\":\"Halsbet\u00e6ndelsestest - Medtest.shop\",\"isPartOf\":{\"@id\":\"https:\\\/\\\/medtest.stagingservers.net\\\/da\\\/#website\"},\"primaryImageOfPage\":{\"@id\":\"https:\\\/\\\/medtest.stagingservers.net\\\/da\\\/vare\\\/halsbetaendelse-test\\\/#primaryimage\"},\"image\":{\"@id\":\"https:\\\/\\\/medtest.stagingservers.net\\\/da\\\/vare\\\/halsbetaendelse-test\\\/#primaryimage\"},\"thumbnailUrl\":\"https:\\\/\\\/medtest.stagingservers.net\\\/wp-content\\\/uploads\\\/2019\\\/08\\\/Halsbetendelse-Strep-A-media-.png\",\"datePublished\":\"2019-08-14T13:40:49+00:00\",\"dateModified\":\"2019-11-13T18:39:28+00:00\",\"description\":\"Halsbet\u00e6ndelsestest - Medtest.shop\",\"breadcrumb\":{\"@id\":\"https:\\\/\\\/medtest.stagingservers.net\\\/da\\\/vare\\\/halsbetaendelse-test\\\/#breadcrumb\"},\"inLanguage\":\"da-DK\",\"potentialAction\":[{\"@type\":\"ReadAction\",\"target\":[\"https:\\\/\\\/medtest.stagingservers.net\\\/da\\\/vare\\\/halsbetaendelse-test\\\/\"]}]},{\"@type\":\"ImageObject\",\"inLanguage\":\"da-DK\",\"@id\":\"https:\\\/\\\/medtest.stagingservers.net\\\/da\\\/vare\\\/halsbetaendelse-test\\\/#primaryimage\",\"url\":\"https:\\\/\\\/medtest.stagingservers.net\\\/wp-content\\\/uploads\\\/2019\\\/08\\\/Halsbetendelse-Strep-A-media-.png\",\"contentUrl\":\"https:\\\/\\\/medtest.stagingservers.net\\\/wp-content\\\/uploads\\\/2019\\\/08\\\/Halsbetendelse-Strep-A-media-.png\",\"width\":2100,\"height\":1400,\"caption\":\"Strep A test\"},{\"@type\":\"BreadcrumbList\",\"@id\":\"https:\\\/\\\/medtest.stagingservers.net\\\/da\\\/vare\\\/halsbetaendelse-test\\\/#breadcrumb\",\"itemListElement\":[{\"@type\":\"ListItem\",\"position\":1,\"name\":\"Home\",\"item\":\"https:\\\/\\\/medtest.stagingservers.net\\\/da\\\/\"},{\"@type\":\"ListItem\",\"position\":2,\"name\":\"Butik\",\"item\":\"https:\\\/\\\/medtest.stagingservers.net\\\/da\\\/butik\\\/\"},{\"@type\":\"ListItem\",\"position\":3,\"name\":\"Halsbet\u00e6ndelsestest\"}]},{\"@type\":\"WebSite\",\"@id\":\"https:\\\/\\\/medtest.stagingservers.net\\\/da\\\/#website\",\"url\":\"https:\\\/\\\/medtest.stagingservers.net\\\/da\\\/\",\"name\":\"Medtest.shop\",\"description\":\"\",\"publisher\":{\"@id\":\"https:\\\/\\\/medtest.stagingservers.net\\\/da\\\/#organization\"},\"potentialAction\":[{\"@type\":\"SearchAction\",\"target\":{\"@type\":\"EntryPoint\",\"urlTemplate\":\"https:\\\/\\\/medtest.stagingservers.net\\\/da\\\/?s={search_term_string}\"},\"query-input\":{\"@type\":\"PropertyValueSpecification\",\"valueRequired\":true,\"valueName\":\"search_term_string\"}}],\"inLanguage\":\"da-DK\"},{\"@type\":\"Organization\",\"@id\":\"https:\\\/\\\/medtest.stagingservers.net\\\/da\\\/#organization\",\"name\":\"Medtest\",\"url\":\"https:\\\/\\\/medtest.stagingservers.net\\\/da\\\/\",\"logo\":{\"@type\":\"ImageObject\",\"inLanguage\":\"da-DK\",\"@id\":\"https:\\\/\\\/medtest.stagingservers.net\\\/da\\\/#\\\/schema\\\/logo\\\/image\\\/\",\"url\":\"https:\\\/\\\/medtest.stagingservers.net\\\/wp-content\\\/uploads\\\/2018\\\/11\\\/Original.png\",\"contentUrl\":\"https:\\\/\\\/medtest.stagingservers.net\\\/wp-content\\\/uploads\\\/2018\\\/11\\\/Original.png\",\"width\":1024,\"height\":1024,\"caption\":\"Medtest\"},\"image\":{\"@id\":\"https:\\\/\\\/medtest.stagingservers.net\\\/da\\\/#\\\/schema\\\/logo\\\/image\\\/\"},\"sameAs\":[\"https:\\\/\\\/www.facebook.com\\\/Medtest-1440779469392476\\\/\"]}]}<\/script>","yoast_head_json":{"title":"Halsbet\u00e6ndelsestest - Medtest.shop","description":"Halsbet\u00e6ndelsestest - Medtest.shop","robots":{"index":"noindex","follow":"follow","max-snippet":"max-snippet:-1","max-image-preview":"max-image-preview:large","max-video-preview":"max-video-preview:-1"},"og_locale":"da_DK","og_type":"article","og_title":"Halsbet\u00e6ndelsestest - Medtest.shop","og_description":"Halsbet\u00e6ndelsestest - Medtest.shop","og_url":"https:\/\/medtest.stagingservers.net\/da\/vare\/halsbetaendelse-test\/","og_site_name":"Medtest.shop","article_publisher":"https:\/\/www.facebook.com\/Medtest-1440779469392476\/","article_modified_time":"2019-11-13T18:39:28+00:00","og_image":[{"width":2100,"height":1400,"url":"https:\/\/medtest.stagingservers.net\/wp-content\/uploads\/2019\/08\/Halsbetendelse-Strep-A-media-.png","type":"image\/png"}],"twitter_card":"summary_large_image","schema":{"@context":"https:\/\/schema.org","@graph":[{"@type":"WebPage","@id":"https:\/\/medtest.stagingservers.net\/da\/vare\/halsbetaendelse-test\/","url":"https:\/\/medtest.stagingservers.net\/da\/vare\/halsbetaendelse-test\/","name":"Halsbet\u00e6ndelsestest - Medtest.shop","isPartOf":{"@id":"https:\/\/medtest.stagingservers.net\/da\/#website"},"primaryImageOfPage":{"@id":"https:\/\/medtest.stagingservers.net\/da\/vare\/halsbetaendelse-test\/#primaryimage"},"image":{"@id":"https:\/\/medtest.stagingservers.net\/da\/vare\/halsbetaendelse-test\/#primaryimage"},"thumbnailUrl":"https:\/\/medtest.stagingservers.net\/wp-content\/uploads\/2019\/08\/Halsbetendelse-Strep-A-media-.png","datePublished":"2019-08-14T13:40:49+00:00","dateModified":"2019-11-13T18:39:28+00:00","description":"Halsbet\u00e6ndelsestest - Medtest.shop","breadcrumb":{"@id":"https:\/\/medtest.stagingservers.net\/da\/vare\/halsbetaendelse-test\/#breadcrumb"},"inLanguage":"da-DK","potentialAction":[{"@type":"ReadAction","target":["https:\/\/medtest.stagingservers.net\/da\/vare\/halsbetaendelse-test\/"]}]},{"@type":"ImageObject","inLanguage":"da-DK","@id":"https:\/\/medtest.stagingservers.net\/da\/vare\/halsbetaendelse-test\/#primaryimage","url":"https:\/\/medtest.stagingservers.net\/wp-content\/uploads\/2019\/08\/Halsbetendelse-Strep-A-media-.png","contentUrl":"https:\/\/medtest.stagingservers.net\/wp-content\/uploads\/2019\/08\/Halsbetendelse-Strep-A-media-.png","width":2100,"height":1400,"caption":"Strep A test"},{"@type":"BreadcrumbList","@id":"https:\/\/medtest.stagingservers.net\/da\/vare\/halsbetaendelse-test\/#breadcrumb","itemListElement":[{"@type":"ListItem","position":1,"name":"Home","item":"https:\/\/medtest.stagingservers.net\/da\/"},{"@type":"ListItem","position":2,"name":"Butik","item":"https:\/\/medtest.stagingservers.net\/da\/butik\/"},{"@type":"ListItem","position":3,"name":"Halsbet\u00e6ndelsestest"}]},{"@type":"WebSite","@id":"https:\/\/medtest.stagingservers.net\/da\/#website","url":"https:\/\/medtest.stagingservers.net\/da\/","name":"Medtest.shop","description":"","publisher":{"@id":"https:\/\/medtest.stagingservers.net\/da\/#organization"},"potentialAction":[{"@type":"SearchAction","target":{"@type":"EntryPoint","urlTemplate":"https:\/\/medtest.stagingservers.net\/da\/?s={search_term_string}"},"query-input":{"@type":"PropertyValueSpecification","valueRequired":true,"valueName":"search_term_string"}}],"inLanguage":"da-DK"},{"@type":"Organization","@id":"https:\/\/medtest.stagingservers.net\/da\/#organization","name":"Medtest","url":"https:\/\/medtest.stagingservers.net\/da\/","logo":{"@type":"ImageObject","inLanguage":"da-DK","@id":"https:\/\/medtest.stagingservers.net\/da\/#\/schema\/logo\/image\/","url":"https:\/\/medtest.stagingservers.net\/wp-content\/uploads\/2018\/11\/Original.png","contentUrl":"https:\/\/medtest.stagingservers.net\/wp-content\/uploads\/2018\/11\/Original.png","width":1024,"height":1024,"caption":"Medtest"},"image":{"@id":"https:\/\/medtest.stagingservers.net\/da\/#\/schema\/logo\/image\/"},"sameAs":["https:\/\/www.facebook.com\/Medtest-1440779469392476\/"]}]}},"_links":{"self":[{"href":"https:\/\/medtest.stagingservers.net\/da\/wp-json\/wp\/v2\/product\/71922","targetHints":{"allow":["GET"]}}],"collection":[{"href":"https:\/\/medtest.stagingservers.net\/da\/wp-json\/wp\/v2\/product"}],"about":[{"href":"https:\/\/medtest.stagingservers.net\/da\/wp-json\/wp\/v2\/types\/product"}],"replies":[{"embeddable":true,"href":"https:\/\/medtest.stagingservers.net\/da\/wp-json\/wp\/v2\/comments?post=71922"}],"version-history":[{"count":0,"href":"https:\/\/medtest.stagingservers.net\/da\/wp-json\/wp\/v2\/product\/71922\/revisions"}],"wp:featuredmedia":[{"embeddable":true,"href":"https:\/\/medtest.stagingservers.net\/da\/wp-json\/wp\/v2\/media\/72235"}],"wp:attachment":[{"href":"https:\/\/medtest.stagingservers.net\/da\/wp-json\/wp\/v2\/media?parent=71922"}],"wp:term":[{"taxonomy":"product_brand","embeddable":true,"href":"https:\/\/medtest.stagingservers.net\/da\/wp-json\/wp\/v2\/product_brand?post=71922"},{"taxonomy":"product_cat","embeddable":true,"href":"https:\/\/medtest.stagingservers.net\/da\/wp-json\/wp\/v2\/product_cat?post=71922"},{"taxonomy":"product_tag","embeddable":true,"href":"https:\/\/medtest.stagingservers.net\/da\/wp-json\/wp\/v2\/product_tag?post=71922"}],"curies":[{"name":"wp","href":"https:\/\/api.w.org\/{rel}","templated":true}]}}