{"id":71936,"date":"2019-08-14T14:02:48","date_gmt":"2019-08-14T14:02:48","guid":{"rendered":"https:\/\/medtest.stagingservers.net\/product\/prostata-test-psa\/"},"modified":"2021-02-28T14:27:39","modified_gmt":"2021-02-28T12:27:39","slug":"prostata-test-psa","status":"publish","type":"product","link":"https:\/\/medtest.stagingservers.net\/da\/vare\/prostata-test-psa\/","title":{"rendered":"Prostatatest - PSA"},"content":{"rendered":"<h3>Prostatatest<\/h3>\n<p><strong>Diagnostisk in vitro-test til professionel brug<\/strong><\/p>\n<h4><strong>Om PSA-hurtigtest<\/strong><\/h4>\n<p>PSA er en forkortelse for prostataspecifikt antigen, og prostatakr\u00e6ft er en af de mest almindelige former for kr\u00e6ft hos skandinaviske m\u00e6nd. Ved kr\u00e6ft i prostata stiger PSA-v\u00e6rdien i blodet. Det er s\u00e5ledes ikke et &#8220;kr\u00e6ftstof&#8221;, der udskilles af en tumor, men derimod et protein (enzym), der findes naturligt i kroppen, selv hos raske m\u00e6nd. Endvidere b\u00f8r m\u00e6nd under 50 \u00e5r ikke have en v\u00e6rdi over 3,0 \u00b5g \/ L. PSA produceres i s\u00e5kaldte kirtelceller i prostata og findes i h\u00f8j koncentration i s\u00e6dv\u00e6ske. Noget af det dannede PSA havner i blodbanen. S\u00e5 selv en sund mand har sm\u00e5 m\u00e6ngder PSA i blodet. N\u00f8jagtighed: 99,1%. F\u00f8lsomhed: 99,2%. Dette produkt er CE-m\u00e6rket til professionel brug af sundhedspersonale.<\/p>\n<h4><strong>S\u00e5dan fungerer hurtigtesten<\/strong><\/h4>\n<p>PSA-niveauet i blodet m\u00e5les ved analyse af blodet. Vores prostatatest m\u00e5ler PSA-niveauet direkte i blodet ved at prikke et lille hul i fingeren, hvorfra en lille m\u00e6ngde blod opsamles. Blodet p\u00e5f\u00f8res derefter en testkassette, som har en membran, der indeholder et antistof, som specifikt binder til PSA-molekylerne. <strong>Hvis testen viser positiv, betyder det, at PSA-niveauet i blodet er over 4,0 \u00b5g \/ L.<\/strong> I tilf\u00e6lde af tegn p\u00e5 forh\u00f8jet PSA b\u00f8r der altid indledes en grundigere unders\u00f8gelse. Forh\u00f8jet PSA-v\u00e6rdi er ikke n\u00f8dvendigvis forbundet med en farlig diagnose. Regelm\u00e6ssig test af PSA-niveauet er en m\u00e5de at f\u00e5 en tidlig indikation, n\u00e5r noget er galt.<\/p>\n<p>BEM\u00c6RK: Uanset hvilken sygdom du har i prostata, kan PSA-niveauet stige. S\u00e5 et positivt resultat i denne PSA-test er ikke n\u00f8dvendigvis ensbetydende med kr\u00e6ft.<\/p>\n<h4><strong>Prostatakirtlen<\/strong><\/h4>\n<p>Prostatakirtlen (bl\u00e6rehalskirtlen) er p\u00e5 st\u00f8rrelse med en valn\u00f8d og omslutter den \u00f8verste del af urinr\u00f8ret. I prostatakirtlen dannes en tynd v\u00e6ske, som blandes med s\u00e6den ved ejakulation.<\/p>\n<h4><strong>Symptomer<\/strong><\/h4>\n<p>I starten vises der ingen symptomer. Prostatakr\u00e6ft er indviklet, idet symptomer ikke vises i de tidlige stadier af sygdommen men derimod f\u00f8rst senere, n\u00e5r kr\u00e6ften har spredt sig i kroppen. Derefter er symptomerne normalt eksempelvis rygsmerter, problemer med vandladning eller blod i urinen. Som med alle kr\u00e6ftformer er det vigtigt, at sygdommen opdages i god tid, for at den kan holdes i kontrol eller helt helbredes. \u00c5rsagerne til prostatakr\u00e6ft kendes ikke fuldst\u00e6ndigt, men ca. 10 procent af tilf\u00e6ldene betragtes som arvelige.<\/p>\n<h4><strong>Hvem b\u00f8r selvteste sig?<\/strong><\/h4>\n<p>Alle m\u00e6nd over 45 \u00e5r b\u00f8r tjekke deres PSA-v\u00e6rdi for at unders\u00f8ge status af deres prostata.<\/p>\n<p>M\u00e6nd over 70 \u00e5r med godartet hyperplasi kan meget vel have v\u00e6rdier p\u00e5 op til 6,5 \u00b5g \/ L. Det er i \u201dgr\u00e6nseomr\u00e5det\u201d fra 4 &#8211; 10 \u00b5g \/ L, at risikoen for malignitet ses ved \u00f8gede v\u00e6rdier.<\/p>\n<h4><strong>Brugsanvisning<\/strong><\/h4>\n<ol>\n<li>Reng\u00f8r fingeren med alkoholservietten eller med s\u00e6be og vand.<\/li>\n<li>Fjern rundh\u00e6tten p\u00e5 n\u00e5len og prik et hul i fingeren.<\/li>\n<li>Sug 2-3 dr\u00e5ber blod op med pipetten.<\/li>\n<li>Dryp 2 dr\u00e5ber blod i testkassettens br\u00f8nd (S).<\/li>\n<li>Dryp derefter 1 dr\u00e5be PSA pufferopl\u00f8sning deri.<\/li>\n<li>Vent 5 minutter, inden resultatet afl\u00e6ses.<\/li>\n<\/ol>\n<p><img loading=\"lazy\" decoding=\"async\" class=\"alignnone size-full wp-image-71710\" src=\"\/wp-content\/uploads\/2019\/03\/PSA-procedur.png\" alt=\"PSA procedur\" width=\"1455\" height=\"467\" srcset=\"https:\/\/medtest.stagingservers.net\/wp-content\/uploads\/2019\/03\/PSA-procedur.png 1455w, https:\/\/medtest.stagingservers.net\/wp-content\/uploads\/2019\/03\/PSA-procedur-720x231.png 720w, https:\/\/medtest.stagingservers.net\/wp-content\/uploads\/2019\/03\/PSA-procedur-1200x385.png 1200w, https:\/\/medtest.stagingservers.net\/wp-content\/uploads\/2019\/03\/PSA-procedur-768x246.png 768w, https:\/\/medtest.stagingservers.net\/wp-content\/uploads\/2019\/03\/PSA-procedur-416x134.png 416w, https:\/\/medtest.stagingservers.net\/wp-content\/uploads\/2019\/03\/PSA-procedur-300x96.png 300w, https:\/\/medtest.stagingservers.net\/wp-content\/uploads\/2019\/03\/PSA-procedur-1024x329.png 1024w\" sizes=\"auto, (max-width: 1455px) 100vw, 1455px\" \/><\/p>\n<h4><strong>Resultat<\/strong><\/h4>\n<p><img loading=\"lazy\" decoding=\"async\" class=\"alignnone wp-image-75380 \" src=\"https:\/\/medtest.stagingservers.net\/wp-content\/uploads\/2019\/08\/Resultater-danmark.png\" alt=\"\" width=\"325\" height=\"232\" srcset=\"https:\/\/medtest.stagingservers.net\/wp-content\/uploads\/2019\/08\/Resultater-danmark.png 451w, https:\/\/medtest.stagingservers.net\/wp-content\/uploads\/2019\/08\/Resultater-danmark-200x143.png 200w, https:\/\/medtest.stagingservers.net\/wp-content\/uploads\/2019\/08\/Resultater-danmark-416x297.png 416w\" sizes=\"auto, (max-width: 325px) 100vw, 325px\" \/><\/p>\n<p>Afsk\u00e6ringsv\u00e6rdien er 4 ng \/ ml.<\/p>\n<p>Positivt resultat betyder, at dit PSA-niveau er h\u00f8jere end 4 ng \/ ml.<\/p>\n<p>BEM\u00c6RK: Et positivt resultat er ikke n\u00f8dvendigvis forbundet med en farlig diagnose.<\/p>\n<p>&nbsp;<\/p>\n<p>&nbsp;<\/p>\n","protected":false},"excerpt":{"rendered":"<p>Afsk\u00e6ringsv\u00e6rdien er 4 ng \/ ml. Positivt resultat betyder, at du har PSA-niveauer st\u00f8rre end 4 ng \/ ml.<\/p>\n<p>Opbevar emballagen i den medh\u00f8rende pakning ved enten stuetemperatur eller\u00a0 p\u00e5 k\u00f8l(2-30 \u00b0 C). Testkassetten er stabil til udl\u00f8bsdatoen angivet p\u00e5 pakningen. Testenheden skal forblive i den forseglede taske indtil brug. M\u00e5 ikke nedfryses. M\u00e5 ikke anvendes efter udl\u00f8bsdatoen.<\/p>\n<p>Instruktioner p\u00e5 dansk medf\u00f8lger<\/p>\n","protected":false},"featured_media":90945,"comment_status":"closed","ping_status":"closed","template":"","meta":{"_acf_changed":false,"footnotes":""},"product_brand":[],"product_cat":[875,866],"product_tag":[],"class_list":{"0":"post-71936","1":"product","2":"type-product","3":"status-publish","4":"has-post-thumbnail","6":"product_cat-prostata-psa-da","7":"product_cat-sundhedsmaessige-test","9":"first","10":"instock","11":"taxable","12":"shipping-taxable","13":"purchasable","14":"product-type-variable"},"acf":[],"yoast_head":"<title>Prostatatest - PSA - Medtest.shop<\/title>\n<meta name=\"description\" content=\"Prostatatest - PSA - Medtest.shop\" \/>\n<meta name=\"robots\" content=\"noindex, follow, max-snippet:-1, max-image-preview:large, max-video-preview:-1\" \/>\n<meta property=\"og:locale\" content=\"da_DK\" \/>\n<meta property=\"og:type\" content=\"article\" \/>\n<meta property=\"og:title\" content=\"Prostatatest - PSA - Medtest.shop\" \/>\n<meta property=\"og:description\" content=\"Prostatatest - PSA - Medtest.shop\" \/>\n<meta property=\"og:url\" content=\"https:\/\/medtest.stagingservers.net\/da\/vare\/prostata-test-psa\/\" \/>\n<meta property=\"og:site_name\" content=\"Medtest.shop\" \/>\n<meta property=\"article:publisher\" content=\"https:\/\/www.facebook.com\/Medtest-1440779469392476\/\" \/>\n<meta property=\"article:modified_time\" content=\"2021-02-28T12:27:39+00:00\" \/>\n<meta property=\"og:image\" content=\"https:\/\/medtest.stagingservers.net\/wp-content\/uploads\/2019\/08\/PSA-NO-hs.jpg\" \/>\n\t<meta property=\"og:image:width\" content=\"760\" \/>\n\t<meta property=\"og:image:height\" content=\"537\" \/>\n\t<meta property=\"og:image:type\" content=\"image\/jpeg\" \/>\n<meta name=\"twitter:card\" content=\"summary_large_image\" \/>\n<script type=\"application\/ld+json\" class=\"yoast-schema-graph\">{\"@context\":\"https:\\\/\\\/schema.org\",\"@graph\":[{\"@type\":\"WebPage\",\"@id\":\"https:\\\/\\\/medtest.stagingservers.net\\\/da\\\/vare\\\/prostata-test-psa\\\/\",\"url\":\"https:\\\/\\\/medtest.stagingservers.net\\\/da\\\/vare\\\/prostata-test-psa\\\/\",\"name\":\"Prostatatest - PSA - Medtest.shop\",\"isPartOf\":{\"@id\":\"https:\\\/\\\/medtest.stagingservers.net\\\/da\\\/#website\"},\"primaryImageOfPage\":{\"@id\":\"https:\\\/\\\/medtest.stagingservers.net\\\/da\\\/vare\\\/prostata-test-psa\\\/#primaryimage\"},\"image\":{\"@id\":\"https:\\\/\\\/medtest.stagingservers.net\\\/da\\\/vare\\\/prostata-test-psa\\\/#primaryimage\"},\"thumbnailUrl\":\"https:\\\/\\\/medtest.stagingservers.net\\\/wp-content\\\/uploads\\\/2019\\\/08\\\/PSA-NO-hs.jpg\",\"datePublished\":\"2019-08-14T14:02:48+00:00\",\"dateModified\":\"2021-02-28T12:27:39+00:00\",\"description\":\"Prostatatest - PSA - Medtest.shop\",\"breadcrumb\":{\"@id\":\"https:\\\/\\\/medtest.stagingservers.net\\\/da\\\/vare\\\/prostata-test-psa\\\/#breadcrumb\"},\"inLanguage\":\"da-DK\",\"potentialAction\":[{\"@type\":\"ReadAction\",\"target\":[\"https:\\\/\\\/medtest.stagingservers.net\\\/da\\\/vare\\\/prostata-test-psa\\\/\"]}]},{\"@type\":\"ImageObject\",\"inLanguage\":\"da-DK\",\"@id\":\"https:\\\/\\\/medtest.stagingservers.net\\\/da\\\/vare\\\/prostata-test-psa\\\/#primaryimage\",\"url\":\"https:\\\/\\\/medtest.stagingservers.net\\\/wp-content\\\/uploads\\\/2019\\\/08\\\/PSA-NO-hs.jpg\",\"contentUrl\":\"https:\\\/\\\/medtest.stagingservers.net\\\/wp-content\\\/uploads\\\/2019\\\/08\\\/PSA-NO-hs.jpg\",\"width\":760,\"height\":537},{\"@type\":\"BreadcrumbList\",\"@id\":\"https:\\\/\\\/medtest.stagingservers.net\\\/da\\\/vare\\\/prostata-test-psa\\\/#breadcrumb\",\"itemListElement\":[{\"@type\":\"ListItem\",\"position\":1,\"name\":\"Home\",\"item\":\"https:\\\/\\\/medtest.stagingservers.net\\\/da\\\/\"},{\"@type\":\"ListItem\",\"position\":2,\"name\":\"Butik\",\"item\":\"https:\\\/\\\/medtest.stagingservers.net\\\/da\\\/butik\\\/\"},{\"@type\":\"ListItem\",\"position\":3,\"name\":\"Prostatatest - PSA\"}]},{\"@type\":\"WebSite\",\"@id\":\"https:\\\/\\\/medtest.stagingservers.net\\\/da\\\/#website\",\"url\":\"https:\\\/\\\/medtest.stagingservers.net\\\/da\\\/\",\"name\":\"Medtest.shop\",\"description\":\"\",\"publisher\":{\"@id\":\"https:\\\/\\\/medtest.stagingservers.net\\\/da\\\/#organization\"},\"potentialAction\":[{\"@type\":\"SearchAction\",\"target\":{\"@type\":\"EntryPoint\",\"urlTemplate\":\"https:\\\/\\\/medtest.stagingservers.net\\\/da\\\/?s={search_term_string}\"},\"query-input\":{\"@type\":\"PropertyValueSpecification\",\"valueRequired\":true,\"valueName\":\"search_term_string\"}}],\"inLanguage\":\"da-DK\"},{\"@type\":\"Organization\",\"@id\":\"https:\\\/\\\/medtest.stagingservers.net\\\/da\\\/#organization\",\"name\":\"Medtest\",\"url\":\"https:\\\/\\\/medtest.stagingservers.net\\\/da\\\/\",\"logo\":{\"@type\":\"ImageObject\",\"inLanguage\":\"da-DK\",\"@id\":\"https:\\\/\\\/medtest.stagingservers.net\\\/da\\\/#\\\/schema\\\/logo\\\/image\\\/\",\"url\":\"https:\\\/\\\/medtest.stagingservers.net\\\/wp-content\\\/uploads\\\/2018\\\/11\\\/Original.png\",\"contentUrl\":\"https:\\\/\\\/medtest.stagingservers.net\\\/wp-content\\\/uploads\\\/2018\\\/11\\\/Original.png\",\"width\":1024,\"height\":1024,\"caption\":\"Medtest\"},\"image\":{\"@id\":\"https:\\\/\\\/medtest.stagingservers.net\\\/da\\\/#\\\/schema\\\/logo\\\/image\\\/\"},\"sameAs\":[\"https:\\\/\\\/www.facebook.com\\\/Medtest-1440779469392476\\\/\"]}]}<\/script>","yoast_head_json":{"title":"Prostatatest - PSA - Medtest.shop","description":"Prostatatest - PSA - Medtest.shop","robots":{"index":"noindex","follow":"follow","max-snippet":"max-snippet:-1","max-image-preview":"max-image-preview:large","max-video-preview":"max-video-preview:-1"},"og_locale":"da_DK","og_type":"article","og_title":"Prostatatest - PSA - Medtest.shop","og_description":"Prostatatest - PSA - Medtest.shop","og_url":"https:\/\/medtest.stagingservers.net\/da\/vare\/prostata-test-psa\/","og_site_name":"Medtest.shop","article_publisher":"https:\/\/www.facebook.com\/Medtest-1440779469392476\/","article_modified_time":"2021-02-28T12:27:39+00:00","og_image":[{"width":760,"height":537,"url":"https:\/\/medtest.stagingservers.net\/wp-content\/uploads\/2019\/08\/PSA-NO-hs.jpg","type":"image\/jpeg"}],"twitter_card":"summary_large_image","schema":{"@context":"https:\/\/schema.org","@graph":[{"@type":"WebPage","@id":"https:\/\/medtest.stagingservers.net\/da\/vare\/prostata-test-psa\/","url":"https:\/\/medtest.stagingservers.net\/da\/vare\/prostata-test-psa\/","name":"Prostatatest - PSA - Medtest.shop","isPartOf":{"@id":"https:\/\/medtest.stagingservers.net\/da\/#website"},"primaryImageOfPage":{"@id":"https:\/\/medtest.stagingservers.net\/da\/vare\/prostata-test-psa\/#primaryimage"},"image":{"@id":"https:\/\/medtest.stagingservers.net\/da\/vare\/prostata-test-psa\/#primaryimage"},"thumbnailUrl":"https:\/\/medtest.stagingservers.net\/wp-content\/uploads\/2019\/08\/PSA-NO-hs.jpg","datePublished":"2019-08-14T14:02:48+00:00","dateModified":"2021-02-28T12:27:39+00:00","description":"Prostatatest - PSA - Medtest.shop","breadcrumb":{"@id":"https:\/\/medtest.stagingservers.net\/da\/vare\/prostata-test-psa\/#breadcrumb"},"inLanguage":"da-DK","potentialAction":[{"@type":"ReadAction","target":["https:\/\/medtest.stagingservers.net\/da\/vare\/prostata-test-psa\/"]}]},{"@type":"ImageObject","inLanguage":"da-DK","@id":"https:\/\/medtest.stagingservers.net\/da\/vare\/prostata-test-psa\/#primaryimage","url":"https:\/\/medtest.stagingservers.net\/wp-content\/uploads\/2019\/08\/PSA-NO-hs.jpg","contentUrl":"https:\/\/medtest.stagingservers.net\/wp-content\/uploads\/2019\/08\/PSA-NO-hs.jpg","width":760,"height":537},{"@type":"BreadcrumbList","@id":"https:\/\/medtest.stagingservers.net\/da\/vare\/prostata-test-psa\/#breadcrumb","itemListElement":[{"@type":"ListItem","position":1,"name":"Home","item":"https:\/\/medtest.stagingservers.net\/da\/"},{"@type":"ListItem","position":2,"name":"Butik","item":"https:\/\/medtest.stagingservers.net\/da\/butik\/"},{"@type":"ListItem","position":3,"name":"Prostatatest - PSA"}]},{"@type":"WebSite","@id":"https:\/\/medtest.stagingservers.net\/da\/#website","url":"https:\/\/medtest.stagingservers.net\/da\/","name":"Medtest.shop","description":"","publisher":{"@id":"https:\/\/medtest.stagingservers.net\/da\/#organization"},"potentialAction":[{"@type":"SearchAction","target":{"@type":"EntryPoint","urlTemplate":"https:\/\/medtest.stagingservers.net\/da\/?s={search_term_string}"},"query-input":{"@type":"PropertyValueSpecification","valueRequired":true,"valueName":"search_term_string"}}],"inLanguage":"da-DK"},{"@type":"Organization","@id":"https:\/\/medtest.stagingservers.net\/da\/#organization","name":"Medtest","url":"https:\/\/medtest.stagingservers.net\/da\/","logo":{"@type":"ImageObject","inLanguage":"da-DK","@id":"https:\/\/medtest.stagingservers.net\/da\/#\/schema\/logo\/image\/","url":"https:\/\/medtest.stagingservers.net\/wp-content\/uploads\/2018\/11\/Original.png","contentUrl":"https:\/\/medtest.stagingservers.net\/wp-content\/uploads\/2018\/11\/Original.png","width":1024,"height":1024,"caption":"Medtest"},"image":{"@id":"https:\/\/medtest.stagingservers.net\/da\/#\/schema\/logo\/image\/"},"sameAs":["https:\/\/www.facebook.com\/Medtest-1440779469392476\/"]}]}},"_links":{"self":[{"href":"https:\/\/medtest.stagingservers.net\/da\/wp-json\/wp\/v2\/product\/71936","targetHints":{"allow":["GET"]}}],"collection":[{"href":"https:\/\/medtest.stagingservers.net\/da\/wp-json\/wp\/v2\/product"}],"about":[{"href":"https:\/\/medtest.stagingservers.net\/da\/wp-json\/wp\/v2\/types\/product"}],"replies":[{"embeddable":true,"href":"https:\/\/medtest.stagingservers.net\/da\/wp-json\/wp\/v2\/comments?post=71936"}],"version-history":[{"count":5,"href":"https:\/\/medtest.stagingservers.net\/da\/wp-json\/wp\/v2\/product\/71936\/revisions"}],"predecessor-version":[{"id":91007,"href":"https:\/\/medtest.stagingservers.net\/da\/wp-json\/wp\/v2\/product\/71936\/revisions\/91007"}],"wp:featuredmedia":[{"embeddable":true,"href":"https:\/\/medtest.stagingservers.net\/da\/wp-json\/wp\/v2\/media\/90945"}],"wp:attachment":[{"href":"https:\/\/medtest.stagingservers.net\/da\/wp-json\/wp\/v2\/media?parent=71936"}],"wp:term":[{"taxonomy":"product_brand","embeddable":true,"href":"https:\/\/medtest.stagingservers.net\/da\/wp-json\/wp\/v2\/product_brand?post=71936"},{"taxonomy":"product_cat","embeddable":true,"href":"https:\/\/medtest.stagingservers.net\/da\/wp-json\/wp\/v2\/product_cat?post=71936"},{"taxonomy":"product_tag","embeddable":true,"href":"https:\/\/medtest.stagingservers.net\/da\/wp-json\/wp\/v2\/product_tag?post=71936"}],"curies":[{"name":"wp","href":"https:\/\/api.w.org\/{rel}","templated":true}]}}