{"id":71976,"date":"2019-08-15T07:35:55","date_gmt":"2019-08-15T07:35:55","guid":{"rendered":"https:\/\/medtest.stagingservers.net\/product\/urinvejsinfektions-test\/"},"modified":"2019-09-20T17:30:57","modified_gmt":"2019-09-20T15:30:57","slug":"urinvejsinfektions-test","status":"publish","type":"product","link":"https:\/\/medtest.stagingservers.net\/da\/vare\/urinvejsinfektions-test\/","title":{"rendered":"Urinvejsinfektionstest"},"content":{"rendered":"<h2>Urinvejsinfektionstest<\/h2>\n<p>Selvtest for urinvejsinfektion, der registrerer klare tegn p\u00e5 urinvejsinfektion. Testen udf\u00f8res hurtigt og let derhjemme. Resultatet afl\u00e6ses efter ca. 2 minutter. Testen giver udslag for leukocytter, nitrit og blod i urinen.<\/p>\n<p>Pakken indeholder en indl\u00e6gsseddel med brugsanvisning og et farvekort til evaluering af testresultatet og 3 foliepakker med hver en teststrimmel og fugtfjerner. Testen er ens med dem, som mange sundhedscentre bruger.<\/p>\n<p><strong>S\u00e5dan fungerer selvtesten<\/strong><\/p>\n<ol>\n<li>\u00c5bn folieindpakningen og tag teststrimlen ud.<\/li>\n<li>Tis i en kop\/b\u00e6ger og dyp teststrimlen deri.<\/li>\n<li>Afl\u00e6s svaret efter cirka 2 minutter.<\/li>\n<\/ol>\n","protected":false},"excerpt":{"rendered":"<p>Vores Urinvejsinfektionstest er en hjemmetest til b\u00f8rn, kvinder og m\u00e6nd, der m\u00e5ler E. coli bakterierne, nitrit, leukocytter og blod.<\/p>\n<p>Leukocytter, der er betegnelsen for de hvide blodlegemer, er en vigtig indikation for bet\u00e6ndelsestilstande i nyrer og urinveje.<br \/>\nBlod er et velkendt symptom i tilf\u00e6lde af nyreinfektion. Protein kan forekomme, hvis der er en bet\u00e6ndelsestilstand i bl\u00e6ren, prostata eller bl\u00f8dning i urinvejene.<br \/>\nNitrit kan kun opst\u00e5 ved at bakterier i urinvejene omdanner nitrat til nitrit.<\/p>\n<p>Anvendelse:<br \/>\nTeststrimlen dyppes i urinpr\u00f8ven i ca. 2 sekunder, s\u00f8rg for at alle 3 testfelter er neddyppet i urinen.<br \/>\nteststrimlen l\u00e6gges p\u00e5 foliepakken, vent i ca. 60 sekunder, f\u00f8r resultatet afl\u00e6ses.<\/p>\n<p>Resultat:<br \/>\nAfl\u00e6s resultatet separat for hver af de 3 parametre. Sammenhold farverne med de angivne illustrationer i vejledningen. Farve\u00e6ndringer, der forekommer efter 2 minutter, skal ignoreres.<\/p>\n<p>Indeholder:<br \/>\n3 stk. teststrimler<br \/>\nBrugsanvisning<\/p>\n<p>Bem\u00e6rkning:<br \/>\nSymptomer ved urinvejsinfektion er: Hyppig og sviende vandladning og pludselig vandladningstrang.<br \/>\nUrinen kan se uklar og plumret ud og lugte grimt.<br \/>\nSmerter nedadtil i maven og evt. feber.<\/p>\n<p>Tip:<br \/>\nAnvend morgenurin, da denne er mest koncentreret. Ved test for urinvejsinfektion af babyer og b\u00f8rn er det vigtigt at de holder p\u00e5 urinen s\u00e5 l\u00e6nge som muligt, som minimum et par timer og gerne l\u00e6ngere, hvis muligt. Undg\u00e5 ogs\u00e5 at udvande urinen.<\/p>\n","protected":false},"featured_media":72232,"comment_status":"closed","ping_status":"closed","template":"","meta":{"_acf_changed":false,"footnotes":""},"product_brand":[],"product_cat":[878],"product_tag":[],"class_list":{"0":"post-71976","1":"product","2":"type-product","3":"status-publish","4":"has-post-thumbnail","6":"product_cat-urinvejsinfektion","8":"first","9":"instock","10":"taxable","11":"shipping-taxable","12":"purchasable","13":"product-type-simple"},"acf":[],"yoast_head":"<title>Urinvejsinfektionstest - Medtest.shop<\/title>\n<meta name=\"description\" content=\"Urinvejsinfektionstest - Medtest.shop\" \/>\n<meta name=\"robots\" content=\"noindex, follow, max-snippet:-1, max-image-preview:large, max-video-preview:-1\" \/>\n<meta property=\"og:locale\" content=\"da_DK\" \/>\n<meta property=\"og:type\" content=\"article\" \/>\n<meta property=\"og:title\" content=\"Urinvejsinfektionstest - Medtest.shop\" \/>\n<meta property=\"og:description\" content=\"Urinvejsinfektionstest - Medtest.shop\" \/>\n<meta property=\"og:url\" content=\"https:\/\/medtest.stagingservers.net\/da\/vare\/urinvejsinfektions-test\/\" \/>\n<meta property=\"og:site_name\" content=\"Medtest.shop\" \/>\n<meta property=\"article:publisher\" content=\"https:\/\/www.facebook.com\/Medtest-1440779469392476\/\" \/>\n<meta property=\"article:modified_time\" content=\"2019-09-20T15:30:57+00:00\" \/>\n<meta property=\"og:image\" content=\"https:\/\/medtest.stagingservers.net\/wp-content\/uploads\/2019\/08\/Urinvejsinfektion-media-DK-.png\" \/>\n\t<meta property=\"og:image:width\" content=\"916\" \/>\n\t<meta property=\"og:image:height\" content=\"645\" \/>\n\t<meta property=\"og:image:type\" content=\"image\/png\" \/>\n<meta name=\"twitter:card\" content=\"summary_large_image\" \/>\n<script type=\"application\/ld+json\" class=\"yoast-schema-graph\">{\"@context\":\"https:\\\/\\\/schema.org\",\"@graph\":[{\"@type\":\"WebPage\",\"@id\":\"https:\\\/\\\/medtest.stagingservers.net\\\/da\\\/vare\\\/urinvejsinfektions-test\\\/\",\"url\":\"https:\\\/\\\/medtest.stagingservers.net\\\/da\\\/vare\\\/urinvejsinfektions-test\\\/\",\"name\":\"Urinvejsinfektionstest - Medtest.shop\",\"isPartOf\":{\"@id\":\"https:\\\/\\\/medtest.stagingservers.net\\\/da\\\/#website\"},\"primaryImageOfPage\":{\"@id\":\"https:\\\/\\\/medtest.stagingservers.net\\\/da\\\/vare\\\/urinvejsinfektions-test\\\/#primaryimage\"},\"image\":{\"@id\":\"https:\\\/\\\/medtest.stagingservers.net\\\/da\\\/vare\\\/urinvejsinfektions-test\\\/#primaryimage\"},\"thumbnailUrl\":\"https:\\\/\\\/medtest.stagingservers.net\\\/wp-content\\\/uploads\\\/2019\\\/08\\\/Urinvejsinfektion-media-DK-.png\",\"datePublished\":\"2019-08-15T07:35:55+00:00\",\"dateModified\":\"2019-09-20T15:30:57+00:00\",\"description\":\"Urinvejsinfektionstest - Medtest.shop\",\"breadcrumb\":{\"@id\":\"https:\\\/\\\/medtest.stagingservers.net\\\/da\\\/vare\\\/urinvejsinfektions-test\\\/#breadcrumb\"},\"inLanguage\":\"da-DK\",\"potentialAction\":[{\"@type\":\"ReadAction\",\"target\":[\"https:\\\/\\\/medtest.stagingservers.net\\\/da\\\/vare\\\/urinvejsinfektions-test\\\/\"]}]},{\"@type\":\"ImageObject\",\"inLanguage\":\"da-DK\",\"@id\":\"https:\\\/\\\/medtest.stagingservers.net\\\/da\\\/vare\\\/urinvejsinfektions-test\\\/#primaryimage\",\"url\":\"https:\\\/\\\/medtest.stagingservers.net\\\/wp-content\\\/uploads\\\/2019\\\/08\\\/Urinvejsinfektion-media-DK-.png\",\"contentUrl\":\"https:\\\/\\\/medtest.stagingservers.net\\\/wp-content\\\/uploads\\\/2019\\\/08\\\/Urinvejsinfektion-media-DK-.png\",\"width\":916,\"height\":645,\"caption\":\"Urinvejsinfektion\"},{\"@type\":\"BreadcrumbList\",\"@id\":\"https:\\\/\\\/medtest.stagingservers.net\\\/da\\\/vare\\\/urinvejsinfektions-test\\\/#breadcrumb\",\"itemListElement\":[{\"@type\":\"ListItem\",\"position\":1,\"name\":\"Home\",\"item\":\"https:\\\/\\\/medtest.stagingservers.net\\\/da\\\/\"},{\"@type\":\"ListItem\",\"position\":2,\"name\":\"Butik\",\"item\":\"https:\\\/\\\/medtest.stagingservers.net\\\/da\\\/butik\\\/\"},{\"@type\":\"ListItem\",\"position\":3,\"name\":\"Urinvejsinfektionstest\"}]},{\"@type\":\"WebSite\",\"@id\":\"https:\\\/\\\/medtest.stagingservers.net\\\/da\\\/#website\",\"url\":\"https:\\\/\\\/medtest.stagingservers.net\\\/da\\\/\",\"name\":\"Medtest.shop\",\"description\":\"\",\"publisher\":{\"@id\":\"https:\\\/\\\/medtest.stagingservers.net\\\/da\\\/#organization\"},\"potentialAction\":[{\"@type\":\"SearchAction\",\"target\":{\"@type\":\"EntryPoint\",\"urlTemplate\":\"https:\\\/\\\/medtest.stagingservers.net\\\/da\\\/?s={search_term_string}\"},\"query-input\":{\"@type\":\"PropertyValueSpecification\",\"valueRequired\":true,\"valueName\":\"search_term_string\"}}],\"inLanguage\":\"da-DK\"},{\"@type\":\"Organization\",\"@id\":\"https:\\\/\\\/medtest.stagingservers.net\\\/da\\\/#organization\",\"name\":\"Medtest\",\"url\":\"https:\\\/\\\/medtest.stagingservers.net\\\/da\\\/\",\"logo\":{\"@type\":\"ImageObject\",\"inLanguage\":\"da-DK\",\"@id\":\"https:\\\/\\\/medtest.stagingservers.net\\\/da\\\/#\\\/schema\\\/logo\\\/image\\\/\",\"url\":\"https:\\\/\\\/medtest.stagingservers.net\\\/wp-content\\\/uploads\\\/2018\\\/11\\\/Original.png\",\"contentUrl\":\"https:\\\/\\\/medtest.stagingservers.net\\\/wp-content\\\/uploads\\\/2018\\\/11\\\/Original.png\",\"width\":1024,\"height\":1024,\"caption\":\"Medtest\"},\"image\":{\"@id\":\"https:\\\/\\\/medtest.stagingservers.net\\\/da\\\/#\\\/schema\\\/logo\\\/image\\\/\"},\"sameAs\":[\"https:\\\/\\\/www.facebook.com\\\/Medtest-1440779469392476\\\/\"]}]}<\/script>","yoast_head_json":{"title":"Urinvejsinfektionstest - Medtest.shop","description":"Urinvejsinfektionstest - Medtest.shop","robots":{"index":"noindex","follow":"follow","max-snippet":"max-snippet:-1","max-image-preview":"max-image-preview:large","max-video-preview":"max-video-preview:-1"},"og_locale":"da_DK","og_type":"article","og_title":"Urinvejsinfektionstest - Medtest.shop","og_description":"Urinvejsinfektionstest - Medtest.shop","og_url":"https:\/\/medtest.stagingservers.net\/da\/vare\/urinvejsinfektions-test\/","og_site_name":"Medtest.shop","article_publisher":"https:\/\/www.facebook.com\/Medtest-1440779469392476\/","article_modified_time":"2019-09-20T15:30:57+00:00","og_image":[{"width":916,"height":645,"url":"https:\/\/medtest.stagingservers.net\/wp-content\/uploads\/2019\/08\/Urinvejsinfektion-media-DK-.png","type":"image\/png"}],"twitter_card":"summary_large_image","schema":{"@context":"https:\/\/schema.org","@graph":[{"@type":"WebPage","@id":"https:\/\/medtest.stagingservers.net\/da\/vare\/urinvejsinfektions-test\/","url":"https:\/\/medtest.stagingservers.net\/da\/vare\/urinvejsinfektions-test\/","name":"Urinvejsinfektionstest - Medtest.shop","isPartOf":{"@id":"https:\/\/medtest.stagingservers.net\/da\/#website"},"primaryImageOfPage":{"@id":"https:\/\/medtest.stagingservers.net\/da\/vare\/urinvejsinfektions-test\/#primaryimage"},"image":{"@id":"https:\/\/medtest.stagingservers.net\/da\/vare\/urinvejsinfektions-test\/#primaryimage"},"thumbnailUrl":"https:\/\/medtest.stagingservers.net\/wp-content\/uploads\/2019\/08\/Urinvejsinfektion-media-DK-.png","datePublished":"2019-08-15T07:35:55+00:00","dateModified":"2019-09-20T15:30:57+00:00","description":"Urinvejsinfektionstest - Medtest.shop","breadcrumb":{"@id":"https:\/\/medtest.stagingservers.net\/da\/vare\/urinvejsinfektions-test\/#breadcrumb"},"inLanguage":"da-DK","potentialAction":[{"@type":"ReadAction","target":["https:\/\/medtest.stagingservers.net\/da\/vare\/urinvejsinfektions-test\/"]}]},{"@type":"ImageObject","inLanguage":"da-DK","@id":"https:\/\/medtest.stagingservers.net\/da\/vare\/urinvejsinfektions-test\/#primaryimage","url":"https:\/\/medtest.stagingservers.net\/wp-content\/uploads\/2019\/08\/Urinvejsinfektion-media-DK-.png","contentUrl":"https:\/\/medtest.stagingservers.net\/wp-content\/uploads\/2019\/08\/Urinvejsinfektion-media-DK-.png","width":916,"height":645,"caption":"Urinvejsinfektion"},{"@type":"BreadcrumbList","@id":"https:\/\/medtest.stagingservers.net\/da\/vare\/urinvejsinfektions-test\/#breadcrumb","itemListElement":[{"@type":"ListItem","position":1,"name":"Home","item":"https:\/\/medtest.stagingservers.net\/da\/"},{"@type":"ListItem","position":2,"name":"Butik","item":"https:\/\/medtest.stagingservers.net\/da\/butik\/"},{"@type":"ListItem","position":3,"name":"Urinvejsinfektionstest"}]},{"@type":"WebSite","@id":"https:\/\/medtest.stagingservers.net\/da\/#website","url":"https:\/\/medtest.stagingservers.net\/da\/","name":"Medtest.shop","description":"","publisher":{"@id":"https:\/\/medtest.stagingservers.net\/da\/#organization"},"potentialAction":[{"@type":"SearchAction","target":{"@type":"EntryPoint","urlTemplate":"https:\/\/medtest.stagingservers.net\/da\/?s={search_term_string}"},"query-input":{"@type":"PropertyValueSpecification","valueRequired":true,"valueName":"search_term_string"}}],"inLanguage":"da-DK"},{"@type":"Organization","@id":"https:\/\/medtest.stagingservers.net\/da\/#organization","name":"Medtest","url":"https:\/\/medtest.stagingservers.net\/da\/","logo":{"@type":"ImageObject","inLanguage":"da-DK","@id":"https:\/\/medtest.stagingservers.net\/da\/#\/schema\/logo\/image\/","url":"https:\/\/medtest.stagingservers.net\/wp-content\/uploads\/2018\/11\/Original.png","contentUrl":"https:\/\/medtest.stagingservers.net\/wp-content\/uploads\/2018\/11\/Original.png","width":1024,"height":1024,"caption":"Medtest"},"image":{"@id":"https:\/\/medtest.stagingservers.net\/da\/#\/schema\/logo\/image\/"},"sameAs":["https:\/\/www.facebook.com\/Medtest-1440779469392476\/"]}]}},"_links":{"self":[{"href":"https:\/\/medtest.stagingservers.net\/da\/wp-json\/wp\/v2\/product\/71976","targetHints":{"allow":["GET"]}}],"collection":[{"href":"https:\/\/medtest.stagingservers.net\/da\/wp-json\/wp\/v2\/product"}],"about":[{"href":"https:\/\/medtest.stagingservers.net\/da\/wp-json\/wp\/v2\/types\/product"}],"replies":[{"embeddable":true,"href":"https:\/\/medtest.stagingservers.net\/da\/wp-json\/wp\/v2\/comments?post=71976"}],"version-history":[{"count":0,"href":"https:\/\/medtest.stagingservers.net\/da\/wp-json\/wp\/v2\/product\/71976\/revisions"}],"wp:featuredmedia":[{"embeddable":true,"href":"https:\/\/medtest.stagingservers.net\/da\/wp-json\/wp\/v2\/media\/72232"}],"wp:attachment":[{"href":"https:\/\/medtest.stagingservers.net\/da\/wp-json\/wp\/v2\/media?parent=71976"}],"wp:term":[{"taxonomy":"product_brand","embeddable":true,"href":"https:\/\/medtest.stagingservers.net\/da\/wp-json\/wp\/v2\/product_brand?post=71976"},{"taxonomy":"product_cat","embeddable":true,"href":"https:\/\/medtest.stagingservers.net\/da\/wp-json\/wp\/v2\/product_cat?post=71976"},{"taxonomy":"product_tag","embeddable":true,"href":"https:\/\/medtest.stagingservers.net\/da\/wp-json\/wp\/v2\/product_tag?post=71976"}],"curies":[{"name":"wp","href":"https:\/\/api.w.org\/{rel}","templated":true}]}}