{"id":71983,"date":"2019-08-15T07:46:36","date_gmt":"2019-08-15T07:46:36","guid":{"rendered":"https:\/\/medtest.stagingservers.net\/product\/vaginal-infektion-test\/"},"modified":"2019-11-29T14:50:00","modified_gmt":"2019-11-29T12:50:00","slug":"vaginal-infektion-test","status":"publish","type":"product","link":"https:\/\/medtest.stagingservers.net\/da\/vare\/vaginal-infektion-test\/","title":{"rendered":"Skedekatar-test"},"content":{"rendered":"<h2>Testpakke for skedekatar (skedebet\u00e6ndelse)<\/h2>\n<h4>1. Lactobaciller (H2O2)<\/h4>\n<p>Hos sunde og raske kvinder i den f\u00f8dedygtige alder danner lactobaciller en n\u00e6sten kontinuerlig &#8220;biofilm&#8221; i skeden. Denne film spiller en afg\u00f8rende rolle i forsvaret mod andre bakterier, som ellers kan for\u00e5rsage forskellige sygdomme. Lactobacilli producerer hydrogenperoxid, H2O2, som er giftigt for bakterierne og derved virker som et forsvar.<\/p>\n<p>Vores test giver dig status p\u00e5 H2O2.<\/p>\n<h4>2. Bakteriel Vaginose (SA)<\/h4>\n<p>Bakteriel vaginose er en ubalance i den vaginale flora.<\/p>\n<p>Symptomerne p\u00e5 bakteriel vaginose er gr\u00e5lig, tyndtflydende og nogle gange skummet udfl\u00e5d, som er ildelugtende.<\/p>\n<p>Testen fungerer ved at m\u00e5le aktiviteten af sialidase (SA), som er et enzym, som bakterier udskiller, der forbedrer bakteriens evne til at invadere og \u00f8del\u00e6gge v\u00e6v.<\/p>\n<p>Bakteriel vaginose behandles med antibiotika.<\/p>\n<h4>3. Vaginal bet\u00e6ndelse (LE)<\/h4>\n<p>Infektion med bakterier eller svamp i skeden kan for\u00e5rsage vaginal bet\u00e6ndelse.<\/p>\n<p>Symptomer kan omfatte udfl\u00e5d, kl\u00f8e og smerter.<\/p>\n<p>Vores test m\u00e5ler tilstedev\u00e6relsen af \u200b\u200bleukocytesterase (LE), som er forbundet med infektion.<\/p>\n<p>I tilf\u00e6lde af vaginal bet\u00e6ndelse b\u00f8r du konsultere din l\u00e6ge eller jordemoder.<\/p>\n<h4>4. Svampeinfektion \/ Candida (CV)<\/h4>\n<p>Vaginal svampeinfektion, ogs\u00e5 kendt som candida vaginitis (CV), er overdreven produktion af slim i skeden, hvilket resulterer i irritation.<\/p>\n<p>Symptomerne er gr\u00e5lig, tyndtflydende og nogle gange skummet udfl\u00e5d, som er ildelugtende.<\/p>\n<p>Svamp\/Candida behandles med h\u00e5ndk\u00f8bscreme fra apoteket.<\/p>\n<h4>5. Trichomonas infektion (TV)<\/h4>\n<p>Trichomonas vaginalis (TV) er en parasit, der kan for\u00e5rsage en seksuelt overf\u00f8rt infektion. Parasitten findes i skeden hos smittede kvinder og smitter ved samleje og anden ubeskyttet seksuel omgang. Ca. halvdelen af \u200b\u200bde smittede kvinder udvikler symptomer.<\/p>\n<p>Symptomerne p\u00e5 infektion er sved\/kl\u00f8e i vagina og udfl\u00e5d, som kan v\u00e6re gulgr\u00f8nt og nogle gange ildelugtende.<\/p>\n<p>Inkubationstiden kan vare fra et par dage til et par uger. Trichomonas kan overf\u00f8res fra den gravide mor til barnet ved f\u00f8dslen.<\/p>\n<p>Trichomonas infektion kr\u00e6ver behandling med antibiotika.<\/p>\n<h4>6. pH<\/h4>\n<p>Vaginale laktobaciller hj\u00e6lper med til at etablere og opretholde en sund pH-v\u00e6rdi, som i de fleste tilf\u00e6lde er mellem 3,8-4,0. En normal pH i underlivet forhindrer bakterier i at dele sig, hvilket reducerer risikoen for infektioner.<\/p>\n<p>I tilf\u00e6lde af unormale resultater skal du kontakte en l\u00e6ge eller jordemoder.<\/p>\n<p>Pr\u00f8veudtagningss\u00e6t og instruktioner findes i pakken. Det g\u00f8r ikke ondt at tage testen.<\/p>\n<h4>Brugsanvisning<\/h4>\n<ol>\n<li>Tag en vaginal pr\u00f8ve ved n\u00e6nsomt at skrabe staven mod skedev\u00e6ggen lidt inde i skeden.<\/li>\n<li>Tryk pr\u00f8vestaven 2-3 gange mod pH-br\u00f8nden. Afl\u00e6s resultatet.<\/li>\n<li>S\u00e6t staven i reagensr\u00f8ret og tils\u00e6t 12-14 dr\u00e5ber &#8220;BV-ekstraheringsopl\u00f8sning&#8221;. R\u00f8r rundt og klem p\u00e5 staven fra testr\u00f8rets yderside, s\u00e5ledes at sekretet p\u00e5 staven blandes og havner i ekstraheringsopl\u00f8sningen.<\/li>\n<li>Brug pipetten til at dryppe 2 dr\u00e5ber ned i hver br\u00f8nd (ikke pH-br\u00f8nden).<\/li>\n<li>Tils\u00e6t en dr\u00e5be &#8220;Chromogenic reagent&#8221; til H2O2 br\u00f8nden.<\/li>\n<li>Lad reaktionen forl\u00f8be i ovnen ved 42-45 \u00b0 C i 5 minutter. Afl\u00e6s resultaterne inden for 15 minutter.<\/li>\n<\/ol>\n<p><img loading=\"lazy\" decoding=\"async\" class=\"size-full wp-image-54498 alignleft\" src=\"https:\/\/medtest.stagingservers.net\/wp-content\/uploads\/2018\/11\/Ska\u0308rmavbild-2018-05-01-kl.-20.16.24.png\" alt=\"\" width=\"996\" height=\"264\" srcset=\"https:\/\/medtest.stagingservers.net\/wp-content\/uploads\/2018\/11\/Ska\u0308rmavbild-2018-05-01-kl.-20.16.24.png 996w, https:\/\/medtest.stagingservers.net\/wp-content\/uploads\/2018\/11\/Ska\u0308rmavbild-2018-05-01-kl.-20.16.24-600x159.png 600w, https:\/\/medtest.stagingservers.net\/wp-content\/uploads\/2018\/11\/Ska\u0308rmavbild-2018-05-01-kl.-20.16.24-200x53.png 200w, https:\/\/medtest.stagingservers.net\/wp-content\/uploads\/2018\/11\/Ska\u0308rmavbild-2018-05-01-kl.-20.16.24-720x191.png 720w, https:\/\/medtest.stagingservers.net\/wp-content\/uploads\/2018\/11\/Ska\u0308rmavbild-2018-05-01-kl.-20.16.24-768x204.png 768w, https:\/\/medtest.stagingservers.net\/wp-content\/uploads\/2018\/11\/Ska\u0308rmavbild-2018-05-01-kl.-20.16.24-416x110.png 416w, https:\/\/medtest.stagingservers.net\/wp-content\/uploads\/2018\/11\/Ska\u0308rmavbild-2018-05-01-kl.-20.16.24-300x80.png 300w\" sizes=\"auto, (max-width: 996px) 100vw, 996px\" \/><\/p>\n<h4><\/h4>\n<h4>Resultat:<\/h4>\n<p><img loading=\"lazy\" decoding=\"async\" class=\"alignnone size-full wp-image-54499\" src=\"https:\/\/medtest.stagingservers.net\/wp-content\/uploads\/2018\/11\/BV-Resultat.png\" alt=\"\" width=\"857\" height=\"264\" srcset=\"https:\/\/medtest.stagingservers.net\/wp-content\/uploads\/2018\/11\/BV-Resultat.png 857w, https:\/\/medtest.stagingservers.net\/wp-content\/uploads\/2018\/11\/BV-Resultat-600x185.png 600w, https:\/\/medtest.stagingservers.net\/wp-content\/uploads\/2018\/11\/BV-Resultat-200x62.png 200w, https:\/\/medtest.stagingservers.net\/wp-content\/uploads\/2018\/11\/BV-Resultat-720x222.png 720w, https:\/\/medtest.stagingservers.net\/wp-content\/uploads\/2018\/11\/BV-Resultat-768x237.png 768w, https:\/\/medtest.stagingservers.net\/wp-content\/uploads\/2018\/11\/BV-Resultat-416x128.png 416w, https:\/\/medtest.stagingservers.net\/wp-content\/uploads\/2018\/11\/BV-Resultat-300x92.png 300w\" sizes=\"auto, (max-width: 857px) 100vw, 857px\" \/><\/p>\n<p>pH &#8211; En unormal pH indikerer en form for infektion.<\/p>\n<p>H2O2 &#8211; Et unormalt resultat indikerer infektion.<\/p>\n<p>SA &#8211; Et positivt resultat indikerer bakteriel vaginose.<\/p>\n<p>LE &#8211; Et positivt resultat indikerer vaginal bet\u00e6ndelse.<\/p>\n<p>CV &#8211; Et positivt resultat indikerer svampeinfektion.<\/p>\n<p>TV &#8211; Et positivt resultat indikerer trichomonas infektion.<\/p>\n<p>&nbsp;<\/p>\n<p>Analytisk f\u00f8lsomhed<\/p>\n<p>H2O2: \u22652\u03bcmol \/ L<br \/>\nSA: \u22657 enheder \/ ml<br \/>\nLE: \u22659 enheder \/ ml<br \/>\nCV: \u2265 1 \u00d7 103 cfu \/ ml<br \/>\nTV: \u22651 \u00d7 103 cfu \/ ml<\/p>\n<p>Testen er CE-godkendt og er til professionel brug.<\/p>\n","protected":false},"excerpt":{"rendered":"<p>Hjemmetest Vaginal Infektion diagnosticerer 6 parametre:<\/p>\n<p>Lactobacilli (H2O2)<br \/>\nVaginose (for\u00e5rsaget af bakterie)<br \/>\nVaginal bet\u00e6ndelse<br \/>\nSvampeinfektion (for\u00e5rsaget af candida)<br \/>\nTrichomoniasis<br \/>\npH<br \/>\nSvaret f\u00e5s i l\u00f8bet af et kvarter, det er hurtigt og nemt.<\/p>\n<p>Anvendelse<br \/>\nTag en vaginal pr\u00f8ve ved at dreje staven mod skedev\u00e6ggen lidt ind i vagina.<br \/>\nBer\u00f8r pH-br\u00f8nden med toppen 2-3 gange. Afl\u00e6s resultatet.<br \/>\nS\u00e6t toppen i reagensr\u00f8ret og tils\u00e6t 12-14 dr\u00e5ber &#8220;BV-ekstraheringsopl\u00f8sning&#8221;. R\u00f8r rundt og klem toppen gennem testr\u00f8rets yderside, s\u00e5 pr\u00f8ven p\u00e5 toppen blandes og havner i testopl\u00f8sningen.<br \/>\nDryp 2 dr\u00e5ber i hver br\u00f8nd (ikke pH).<br \/>\nTils\u00e6t en dr\u00e5be &#8220;Chromogenic reagent&#8221; til H2O2-br\u00f8nden.<br \/>\nLad reagere i ovnen 42-45 \u00b0 C i 5 minutter. Afl\u00e6s resultaterne inden for 15 minutter.&#8221;<\/p>\n","protected":false},"featured_media":72231,"comment_status":"closed","ping_status":"closed","template":"","meta":{"_acf_changed":false,"footnotes":""},"product_brand":[],"product_cat":[866,867],"product_tag":[],"class_list":{"0":"post-71983","1":"product","2":"type-product","3":"status-publish","4":"has-post-thumbnail","6":"product_cat-sundhedsmaessige-test","7":"product_cat-vaginal-infektion","9":"first","10":"instock","11":"taxable","12":"shipping-taxable","13":"purchasable","14":"product-type-simple"},"acf":[],"yoast_head":"<title>Skedekatar-test - Medtest.shop<\/title>\n<meta name=\"description\" content=\"Skedekatar-test - Medtest.shop\" \/>\n<meta name=\"robots\" content=\"noindex, follow, max-snippet:-1, max-image-preview:large, max-video-preview:-1\" \/>\n<meta property=\"og:locale\" content=\"da_DK\" \/>\n<meta property=\"og:type\" content=\"article\" \/>\n<meta property=\"og:title\" content=\"Skedekatar-test - Medtest.shop\" \/>\n<meta property=\"og:description\" content=\"Skedekatar-test - Medtest.shop\" \/>\n<meta property=\"og:url\" content=\"https:\/\/medtest.stagingservers.net\/da\/vare\/vaginal-infektion-test\/\" \/>\n<meta property=\"og:site_name\" content=\"Medtest.shop\" \/>\n<meta property=\"article:publisher\" content=\"https:\/\/www.facebook.com\/Medtest-1440779469392476\/\" \/>\n<meta property=\"article:modified_time\" content=\"2019-11-29T12:50:00+00:00\" \/>\n<meta property=\"og:image\" content=\"https:\/\/medtest.stagingservers.net\/wp-content\/uploads\/2019\/08\/vaginal-Infektion-media-DK.png\" \/>\n\t<meta property=\"og:image:width\" content=\"2100\" \/>\n\t<meta property=\"og:image:height\" content=\"1400\" \/>\n\t<meta property=\"og:image:type\" content=\"image\/png\" \/>\n<meta name=\"twitter:card\" content=\"summary_large_image\" \/>\n<script type=\"application\/ld+json\" class=\"yoast-schema-graph\">{\"@context\":\"https:\\\/\\\/schema.org\",\"@graph\":[{\"@type\":\"WebPage\",\"@id\":\"https:\\\/\\\/medtest.stagingservers.net\\\/da\\\/vare\\\/vaginal-infektion-test\\\/\",\"url\":\"https:\\\/\\\/medtest.stagingservers.net\\\/da\\\/vare\\\/vaginal-infektion-test\\\/\",\"name\":\"Skedekatar-test - Medtest.shop\",\"isPartOf\":{\"@id\":\"https:\\\/\\\/medtest.stagingservers.net\\\/da\\\/#website\"},\"primaryImageOfPage\":{\"@id\":\"https:\\\/\\\/medtest.stagingservers.net\\\/da\\\/vare\\\/vaginal-infektion-test\\\/#primaryimage\"},\"image\":{\"@id\":\"https:\\\/\\\/medtest.stagingservers.net\\\/da\\\/vare\\\/vaginal-infektion-test\\\/#primaryimage\"},\"thumbnailUrl\":\"https:\\\/\\\/medtest.stagingservers.net\\\/wp-content\\\/uploads\\\/2019\\\/08\\\/vaginal-Infektion-media-DK.png\",\"datePublished\":\"2019-08-15T07:46:36+00:00\",\"dateModified\":\"2019-11-29T12:50:00+00:00\",\"description\":\"Skedekatar-test - Medtest.shop\",\"breadcrumb\":{\"@id\":\"https:\\\/\\\/medtest.stagingservers.net\\\/da\\\/vare\\\/vaginal-infektion-test\\\/#breadcrumb\"},\"inLanguage\":\"da-DK\",\"potentialAction\":[{\"@type\":\"ReadAction\",\"target\":[\"https:\\\/\\\/medtest.stagingservers.net\\\/da\\\/vare\\\/vaginal-infektion-test\\\/\"]}]},{\"@type\":\"ImageObject\",\"inLanguage\":\"da-DK\",\"@id\":\"https:\\\/\\\/medtest.stagingservers.net\\\/da\\\/vare\\\/vaginal-infektion-test\\\/#primaryimage\",\"url\":\"https:\\\/\\\/medtest.stagingservers.net\\\/wp-content\\\/uploads\\\/2019\\\/08\\\/vaginal-Infektion-media-DK.png\",\"contentUrl\":\"https:\\\/\\\/medtest.stagingservers.net\\\/wp-content\\\/uploads\\\/2019\\\/08\\\/vaginal-Infektion-media-DK.png\",\"width\":2100,\"height\":1400,\"caption\":\"Bakteriel vaginose\"},{\"@type\":\"BreadcrumbList\",\"@id\":\"https:\\\/\\\/medtest.stagingservers.net\\\/da\\\/vare\\\/vaginal-infektion-test\\\/#breadcrumb\",\"itemListElement\":[{\"@type\":\"ListItem\",\"position\":1,\"name\":\"Home\",\"item\":\"https:\\\/\\\/medtest.stagingservers.net\\\/da\\\/\"},{\"@type\":\"ListItem\",\"position\":2,\"name\":\"Butik\",\"item\":\"https:\\\/\\\/medtest.stagingservers.net\\\/da\\\/butik\\\/\"},{\"@type\":\"ListItem\",\"position\":3,\"name\":\"Skedekatar-test\"}]},{\"@type\":\"WebSite\",\"@id\":\"https:\\\/\\\/medtest.stagingservers.net\\\/da\\\/#website\",\"url\":\"https:\\\/\\\/medtest.stagingservers.net\\\/da\\\/\",\"name\":\"Medtest.shop\",\"description\":\"\",\"publisher\":{\"@id\":\"https:\\\/\\\/medtest.stagingservers.net\\\/da\\\/#organization\"},\"potentialAction\":[{\"@type\":\"SearchAction\",\"target\":{\"@type\":\"EntryPoint\",\"urlTemplate\":\"https:\\\/\\\/medtest.stagingservers.net\\\/da\\\/?s={search_term_string}\"},\"query-input\":{\"@type\":\"PropertyValueSpecification\",\"valueRequired\":true,\"valueName\":\"search_term_string\"}}],\"inLanguage\":\"da-DK\"},{\"@type\":\"Organization\",\"@id\":\"https:\\\/\\\/medtest.stagingservers.net\\\/da\\\/#organization\",\"name\":\"Medtest\",\"url\":\"https:\\\/\\\/medtest.stagingservers.net\\\/da\\\/\",\"logo\":{\"@type\":\"ImageObject\",\"inLanguage\":\"da-DK\",\"@id\":\"https:\\\/\\\/medtest.stagingservers.net\\\/da\\\/#\\\/schema\\\/logo\\\/image\\\/\",\"url\":\"https:\\\/\\\/medtest.stagingservers.net\\\/wp-content\\\/uploads\\\/2018\\\/11\\\/Original.png\",\"contentUrl\":\"https:\\\/\\\/medtest.stagingservers.net\\\/wp-content\\\/uploads\\\/2018\\\/11\\\/Original.png\",\"width\":1024,\"height\":1024,\"caption\":\"Medtest\"},\"image\":{\"@id\":\"https:\\\/\\\/medtest.stagingservers.net\\\/da\\\/#\\\/schema\\\/logo\\\/image\\\/\"},\"sameAs\":[\"https:\\\/\\\/www.facebook.com\\\/Medtest-1440779469392476\\\/\"]}]}<\/script>","yoast_head_json":{"title":"Skedekatar-test - Medtest.shop","description":"Skedekatar-test - Medtest.shop","robots":{"index":"noindex","follow":"follow","max-snippet":"max-snippet:-1","max-image-preview":"max-image-preview:large","max-video-preview":"max-video-preview:-1"},"og_locale":"da_DK","og_type":"article","og_title":"Skedekatar-test - Medtest.shop","og_description":"Skedekatar-test - Medtest.shop","og_url":"https:\/\/medtest.stagingservers.net\/da\/vare\/vaginal-infektion-test\/","og_site_name":"Medtest.shop","article_publisher":"https:\/\/www.facebook.com\/Medtest-1440779469392476\/","article_modified_time":"2019-11-29T12:50:00+00:00","og_image":[{"width":2100,"height":1400,"url":"https:\/\/medtest.stagingservers.net\/wp-content\/uploads\/2019\/08\/vaginal-Infektion-media-DK.png","type":"image\/png"}],"twitter_card":"summary_large_image","schema":{"@context":"https:\/\/schema.org","@graph":[{"@type":"WebPage","@id":"https:\/\/medtest.stagingservers.net\/da\/vare\/vaginal-infektion-test\/","url":"https:\/\/medtest.stagingservers.net\/da\/vare\/vaginal-infektion-test\/","name":"Skedekatar-test - Medtest.shop","isPartOf":{"@id":"https:\/\/medtest.stagingservers.net\/da\/#website"},"primaryImageOfPage":{"@id":"https:\/\/medtest.stagingservers.net\/da\/vare\/vaginal-infektion-test\/#primaryimage"},"image":{"@id":"https:\/\/medtest.stagingservers.net\/da\/vare\/vaginal-infektion-test\/#primaryimage"},"thumbnailUrl":"https:\/\/medtest.stagingservers.net\/wp-content\/uploads\/2019\/08\/vaginal-Infektion-media-DK.png","datePublished":"2019-08-15T07:46:36+00:00","dateModified":"2019-11-29T12:50:00+00:00","description":"Skedekatar-test - Medtest.shop","breadcrumb":{"@id":"https:\/\/medtest.stagingservers.net\/da\/vare\/vaginal-infektion-test\/#breadcrumb"},"inLanguage":"da-DK","potentialAction":[{"@type":"ReadAction","target":["https:\/\/medtest.stagingservers.net\/da\/vare\/vaginal-infektion-test\/"]}]},{"@type":"ImageObject","inLanguage":"da-DK","@id":"https:\/\/medtest.stagingservers.net\/da\/vare\/vaginal-infektion-test\/#primaryimage","url":"https:\/\/medtest.stagingservers.net\/wp-content\/uploads\/2019\/08\/vaginal-Infektion-media-DK.png","contentUrl":"https:\/\/medtest.stagingservers.net\/wp-content\/uploads\/2019\/08\/vaginal-Infektion-media-DK.png","width":2100,"height":1400,"caption":"Bakteriel vaginose"},{"@type":"BreadcrumbList","@id":"https:\/\/medtest.stagingservers.net\/da\/vare\/vaginal-infektion-test\/#breadcrumb","itemListElement":[{"@type":"ListItem","position":1,"name":"Home","item":"https:\/\/medtest.stagingservers.net\/da\/"},{"@type":"ListItem","position":2,"name":"Butik","item":"https:\/\/medtest.stagingservers.net\/da\/butik\/"},{"@type":"ListItem","position":3,"name":"Skedekatar-test"}]},{"@type":"WebSite","@id":"https:\/\/medtest.stagingservers.net\/da\/#website","url":"https:\/\/medtest.stagingservers.net\/da\/","name":"Medtest.shop","description":"","publisher":{"@id":"https:\/\/medtest.stagingservers.net\/da\/#organization"},"potentialAction":[{"@type":"SearchAction","target":{"@type":"EntryPoint","urlTemplate":"https:\/\/medtest.stagingservers.net\/da\/?s={search_term_string}"},"query-input":{"@type":"PropertyValueSpecification","valueRequired":true,"valueName":"search_term_string"}}],"inLanguage":"da-DK"},{"@type":"Organization","@id":"https:\/\/medtest.stagingservers.net\/da\/#organization","name":"Medtest","url":"https:\/\/medtest.stagingservers.net\/da\/","logo":{"@type":"ImageObject","inLanguage":"da-DK","@id":"https:\/\/medtest.stagingservers.net\/da\/#\/schema\/logo\/image\/","url":"https:\/\/medtest.stagingservers.net\/wp-content\/uploads\/2018\/11\/Original.png","contentUrl":"https:\/\/medtest.stagingservers.net\/wp-content\/uploads\/2018\/11\/Original.png","width":1024,"height":1024,"caption":"Medtest"},"image":{"@id":"https:\/\/medtest.stagingservers.net\/da\/#\/schema\/logo\/image\/"},"sameAs":["https:\/\/www.facebook.com\/Medtest-1440779469392476\/"]}]}},"_links":{"self":[{"href":"https:\/\/medtest.stagingservers.net\/da\/wp-json\/wp\/v2\/product\/71983","targetHints":{"allow":["GET"]}}],"collection":[{"href":"https:\/\/medtest.stagingservers.net\/da\/wp-json\/wp\/v2\/product"}],"about":[{"href":"https:\/\/medtest.stagingservers.net\/da\/wp-json\/wp\/v2\/types\/product"}],"replies":[{"embeddable":true,"href":"https:\/\/medtest.stagingservers.net\/da\/wp-json\/wp\/v2\/comments?post=71983"}],"version-history":[{"count":0,"href":"https:\/\/medtest.stagingservers.net\/da\/wp-json\/wp\/v2\/product\/71983\/revisions"}],"wp:featuredmedia":[{"embeddable":true,"href":"https:\/\/medtest.stagingservers.net\/da\/wp-json\/wp\/v2\/media\/72231"}],"wp:attachment":[{"href":"https:\/\/medtest.stagingservers.net\/da\/wp-json\/wp\/v2\/media?parent=71983"}],"wp:term":[{"taxonomy":"product_brand","embeddable":true,"href":"https:\/\/medtest.stagingservers.net\/da\/wp-json\/wp\/v2\/product_brand?post=71983"},{"taxonomy":"product_cat","embeddable":true,"href":"https:\/\/medtest.stagingservers.net\/da\/wp-json\/wp\/v2\/product_cat?post=71983"},{"taxonomy":"product_tag","embeddable":true,"href":"https:\/\/medtest.stagingservers.net\/da\/wp-json\/wp\/v2\/product_tag?post=71983"}],"curies":[{"name":"wp","href":"https:\/\/api.w.org\/{rel}","templated":true}]}}