{"id":71992,"date":"2019-08-15T08:00:42","date_gmt":"2019-08-15T08:00:42","guid":{"rendered":"https:\/\/medtest.stagingservers.net\/product\/ph-kontroll\/"},"modified":"2019-12-23T14:35:42","modified_gmt":"2019-12-23T12:35:42","slug":"ph-kontroll","status":"publish","type":"product","link":"https:\/\/medtest.stagingservers.net\/da\/vare\/ph-kontroll\/","title":{"rendered":"pH-test"},"content":{"rendered":"<h2>pH-test 5 stk<\/h2>\n<p>Den vaginale flora hj\u00e6lper med til at etablere og opretholde en sund pH-v\u00e6rdi, som i de fleste tilf\u00e6lde er mellem 3,8-4,0. En normal pH i underlivet forhindrer bakterier i at formere sig, hvilket mindsker risikoen for infektion. Hvis du har mistanke om bakteriel vaginose eller oplever irritation i underlivet, b\u00f8r du m\u00e5le din pH. Testen udf\u00f8res hurtigt og let derhjemme. Resultat opn\u00e5s p\u00e5 ca. 2 minutter.<\/p>\n<p>Pakken indeholder en indl\u00e6gsseddel med brugsanvisning og et farvekort til evaluering af testresultatet, 5 foliepakker hver med en teststrimmel og fugtfjerner. Denne test er ens med dem, som mange sundhedscentre bruger.<\/p>\n<h4>S\u00e5dan fungerer selvtesten<\/h4>\n<ol>\n<li>\u00c5bn folieindpakningen og tag teststrimlen ud.<\/li>\n<li>F\u00f8r strimlen ind i underlivet og lad den blive der i ti sekunder.<\/li>\n<li>Afl\u00e6s resultatet efter ca. 2 minutter ved at sammenligne strimlen med en medf\u00f8lgende farveskala.<\/li>\n<\/ol>\n<p>&nbsp;<\/p>\n<p>&nbsp;<\/p>\n<p>&nbsp;<\/p>\n","protected":false},"excerpt":{"rendered":"<p>5 stk Hjemmetest der udf\u00f8res hurtigt og let derhjemme. Resultatet afl\u00e6ses efter ca. 2 minutter.<br \/>\nHvis du har mistanke om bakteriel vaginose eller har irritation i underlivet, skal du m\u00e5le din pH<\/p>\n","protected":false},"featured_media":72230,"comment_status":"closed","ping_status":"closed","template":"","meta":{"_acf_changed":false,"footnotes":""},"product_brand":[],"product_cat":[866],"product_tag":[],"class_list":{"0":"post-71992","1":"product","2":"type-product","3":"status-publish","4":"has-post-thumbnail","6":"product_cat-sundhedsmaessige-test","8":"first","9":"instock","10":"taxable","11":"shipping-taxable","12":"purchasable","13":"product-type-simple"},"acf":[],"yoast_head":"<title>pH-test - Medtest.shop<\/title>\n<meta name=\"description\" content=\"Testa ditt pH-v\u00e4rde i underlivet. Ett normalt pH v\u00e4rde motverkar att bakterier kan f\u00f6r\u00f6ka sig, vilket i sin tur minskar risken f\u00f6r infektioner.\" \/>\n<meta name=\"robots\" content=\"noindex, follow, max-snippet:-1, max-image-preview:large, max-video-preview:-1\" \/>\n<meta property=\"og:locale\" content=\"da_DK\" \/>\n<meta property=\"og:type\" content=\"article\" \/>\n<meta property=\"og:title\" content=\"pH-test - Medtest.shop\" \/>\n<meta property=\"og:description\" content=\"Testa ditt pH-v\u00e4rde i underlivet. Ett normalt pH v\u00e4rde motverkar att bakterier kan f\u00f6r\u00f6ka sig, vilket i sin tur minskar risken f\u00f6r infektioner.\" \/>\n<meta property=\"og:url\" content=\"https:\/\/medtest.stagingservers.net\/da\/vare\/ph-kontroll\/\" \/>\n<meta property=\"og:site_name\" content=\"Medtest.shop\" \/>\n<meta property=\"article:publisher\" content=\"https:\/\/www.facebook.com\/Medtest-1440779469392476\/\" \/>\n<meta property=\"article:modified_time\" content=\"2019-12-23T12:35:42+00:00\" \/>\n<meta property=\"og:image\" content=\"https:\/\/medtest.stagingservers.net\/wp-content\/uploads\/2019\/08\/pH-Kontrol-Media.png\" \/>\n\t<meta property=\"og:image:width\" content=\"2100\" \/>\n\t<meta property=\"og:image:height\" content=\"1400\" \/>\n\t<meta property=\"og:image:type\" content=\"image\/png\" \/>\n<meta name=\"twitter:card\" content=\"summary_large_image\" \/>\n<script type=\"application\/ld+json\" class=\"yoast-schema-graph\">{\"@context\":\"https:\\\/\\\/schema.org\",\"@graph\":[{\"@type\":\"WebPage\",\"@id\":\"https:\\\/\\\/medtest.stagingservers.net\\\/da\\\/vare\\\/ph-kontroll\\\/\",\"url\":\"https:\\\/\\\/medtest.stagingservers.net\\\/da\\\/vare\\\/ph-kontroll\\\/\",\"name\":\"pH-test - Medtest.shop\",\"isPartOf\":{\"@id\":\"https:\\\/\\\/medtest.stagingservers.net\\\/da\\\/#website\"},\"primaryImageOfPage\":{\"@id\":\"https:\\\/\\\/medtest.stagingservers.net\\\/da\\\/vare\\\/ph-kontroll\\\/#primaryimage\"},\"image\":{\"@id\":\"https:\\\/\\\/medtest.stagingservers.net\\\/da\\\/vare\\\/ph-kontroll\\\/#primaryimage\"},\"thumbnailUrl\":\"https:\\\/\\\/medtest.stagingservers.net\\\/wp-content\\\/uploads\\\/2019\\\/08\\\/pH-Kontrol-Media.png\",\"datePublished\":\"2019-08-15T08:00:42+00:00\",\"dateModified\":\"2019-12-23T12:35:42+00:00\",\"description\":\"Testa ditt pH-v\u00e4rde i underlivet. Ett normalt pH v\u00e4rde motverkar att bakterier kan f\u00f6r\u00f6ka sig, vilket i sin tur minskar risken f\u00f6r infektioner.\",\"breadcrumb\":{\"@id\":\"https:\\\/\\\/medtest.stagingservers.net\\\/da\\\/vare\\\/ph-kontroll\\\/#breadcrumb\"},\"inLanguage\":\"da-DK\",\"potentialAction\":[{\"@type\":\"ReadAction\",\"target\":[\"https:\\\/\\\/medtest.stagingservers.net\\\/da\\\/vare\\\/ph-kontroll\\\/\"]}]},{\"@type\":\"ImageObject\",\"inLanguage\":\"da-DK\",\"@id\":\"https:\\\/\\\/medtest.stagingservers.net\\\/da\\\/vare\\\/ph-kontroll\\\/#primaryimage\",\"url\":\"https:\\\/\\\/medtest.stagingservers.net\\\/wp-content\\\/uploads\\\/2019\\\/08\\\/pH-Kontrol-Media.png\",\"contentUrl\":\"https:\\\/\\\/medtest.stagingservers.net\\\/wp-content\\\/uploads\\\/2019\\\/08\\\/pH-Kontrol-Media.png\",\"width\":2100,\"height\":1400,\"caption\":\"pH kontrol\"},{\"@type\":\"BreadcrumbList\",\"@id\":\"https:\\\/\\\/medtest.stagingservers.net\\\/da\\\/vare\\\/ph-kontroll\\\/#breadcrumb\",\"itemListElement\":[{\"@type\":\"ListItem\",\"position\":1,\"name\":\"Home\",\"item\":\"https:\\\/\\\/medtest.stagingservers.net\\\/da\\\/\"},{\"@type\":\"ListItem\",\"position\":2,\"name\":\"Butik\",\"item\":\"https:\\\/\\\/medtest.stagingservers.net\\\/da\\\/butik\\\/\"},{\"@type\":\"ListItem\",\"position\":3,\"name\":\"pH-test\"}]},{\"@type\":\"WebSite\",\"@id\":\"https:\\\/\\\/medtest.stagingservers.net\\\/da\\\/#website\",\"url\":\"https:\\\/\\\/medtest.stagingservers.net\\\/da\\\/\",\"name\":\"Medtest.shop\",\"description\":\"\",\"publisher\":{\"@id\":\"https:\\\/\\\/medtest.stagingservers.net\\\/da\\\/#organization\"},\"potentialAction\":[{\"@type\":\"SearchAction\",\"target\":{\"@type\":\"EntryPoint\",\"urlTemplate\":\"https:\\\/\\\/medtest.stagingservers.net\\\/da\\\/?s={search_term_string}\"},\"query-input\":{\"@type\":\"PropertyValueSpecification\",\"valueRequired\":true,\"valueName\":\"search_term_string\"}}],\"inLanguage\":\"da-DK\"},{\"@type\":\"Organization\",\"@id\":\"https:\\\/\\\/medtest.stagingservers.net\\\/da\\\/#organization\",\"name\":\"Medtest\",\"url\":\"https:\\\/\\\/medtest.stagingservers.net\\\/da\\\/\",\"logo\":{\"@type\":\"ImageObject\",\"inLanguage\":\"da-DK\",\"@id\":\"https:\\\/\\\/medtest.stagingservers.net\\\/da\\\/#\\\/schema\\\/logo\\\/image\\\/\",\"url\":\"https:\\\/\\\/medtest.stagingservers.net\\\/wp-content\\\/uploads\\\/2018\\\/11\\\/Original.png\",\"contentUrl\":\"https:\\\/\\\/medtest.stagingservers.net\\\/wp-content\\\/uploads\\\/2018\\\/11\\\/Original.png\",\"width\":1024,\"height\":1024,\"caption\":\"Medtest\"},\"image\":{\"@id\":\"https:\\\/\\\/medtest.stagingservers.net\\\/da\\\/#\\\/schema\\\/logo\\\/image\\\/\"},\"sameAs\":[\"https:\\\/\\\/www.facebook.com\\\/Medtest-1440779469392476\\\/\"]}]}<\/script>","yoast_head_json":{"title":"pH-test - Medtest.shop","description":"Testa ditt pH-v\u00e4rde i underlivet. Ett normalt pH v\u00e4rde motverkar att bakterier kan f\u00f6r\u00f6ka sig, vilket i sin tur minskar risken f\u00f6r infektioner.","robots":{"index":"noindex","follow":"follow","max-snippet":"max-snippet:-1","max-image-preview":"max-image-preview:large","max-video-preview":"max-video-preview:-1"},"og_locale":"da_DK","og_type":"article","og_title":"pH-test - Medtest.shop","og_description":"Testa ditt pH-v\u00e4rde i underlivet. Ett normalt pH v\u00e4rde motverkar att bakterier kan f\u00f6r\u00f6ka sig, vilket i sin tur minskar risken f\u00f6r infektioner.","og_url":"https:\/\/medtest.stagingservers.net\/da\/vare\/ph-kontroll\/","og_site_name":"Medtest.shop","article_publisher":"https:\/\/www.facebook.com\/Medtest-1440779469392476\/","article_modified_time":"2019-12-23T12:35:42+00:00","og_image":[{"width":2100,"height":1400,"url":"https:\/\/medtest.stagingservers.net\/wp-content\/uploads\/2019\/08\/pH-Kontrol-Media.png","type":"image\/png"}],"twitter_card":"summary_large_image","schema":{"@context":"https:\/\/schema.org","@graph":[{"@type":"WebPage","@id":"https:\/\/medtest.stagingservers.net\/da\/vare\/ph-kontroll\/","url":"https:\/\/medtest.stagingservers.net\/da\/vare\/ph-kontroll\/","name":"pH-test - Medtest.shop","isPartOf":{"@id":"https:\/\/medtest.stagingservers.net\/da\/#website"},"primaryImageOfPage":{"@id":"https:\/\/medtest.stagingservers.net\/da\/vare\/ph-kontroll\/#primaryimage"},"image":{"@id":"https:\/\/medtest.stagingservers.net\/da\/vare\/ph-kontroll\/#primaryimage"},"thumbnailUrl":"https:\/\/medtest.stagingservers.net\/wp-content\/uploads\/2019\/08\/pH-Kontrol-Media.png","datePublished":"2019-08-15T08:00:42+00:00","dateModified":"2019-12-23T12:35:42+00:00","description":"Testa ditt pH-v\u00e4rde i underlivet. Ett normalt pH v\u00e4rde motverkar att bakterier kan f\u00f6r\u00f6ka sig, vilket i sin tur minskar risken f\u00f6r infektioner.","breadcrumb":{"@id":"https:\/\/medtest.stagingservers.net\/da\/vare\/ph-kontroll\/#breadcrumb"},"inLanguage":"da-DK","potentialAction":[{"@type":"ReadAction","target":["https:\/\/medtest.stagingservers.net\/da\/vare\/ph-kontroll\/"]}]},{"@type":"ImageObject","inLanguage":"da-DK","@id":"https:\/\/medtest.stagingservers.net\/da\/vare\/ph-kontroll\/#primaryimage","url":"https:\/\/medtest.stagingservers.net\/wp-content\/uploads\/2019\/08\/pH-Kontrol-Media.png","contentUrl":"https:\/\/medtest.stagingservers.net\/wp-content\/uploads\/2019\/08\/pH-Kontrol-Media.png","width":2100,"height":1400,"caption":"pH kontrol"},{"@type":"BreadcrumbList","@id":"https:\/\/medtest.stagingservers.net\/da\/vare\/ph-kontroll\/#breadcrumb","itemListElement":[{"@type":"ListItem","position":1,"name":"Home","item":"https:\/\/medtest.stagingservers.net\/da\/"},{"@type":"ListItem","position":2,"name":"Butik","item":"https:\/\/medtest.stagingservers.net\/da\/butik\/"},{"@type":"ListItem","position":3,"name":"pH-test"}]},{"@type":"WebSite","@id":"https:\/\/medtest.stagingservers.net\/da\/#website","url":"https:\/\/medtest.stagingservers.net\/da\/","name":"Medtest.shop","description":"","publisher":{"@id":"https:\/\/medtest.stagingservers.net\/da\/#organization"},"potentialAction":[{"@type":"SearchAction","target":{"@type":"EntryPoint","urlTemplate":"https:\/\/medtest.stagingservers.net\/da\/?s={search_term_string}"},"query-input":{"@type":"PropertyValueSpecification","valueRequired":true,"valueName":"search_term_string"}}],"inLanguage":"da-DK"},{"@type":"Organization","@id":"https:\/\/medtest.stagingservers.net\/da\/#organization","name":"Medtest","url":"https:\/\/medtest.stagingservers.net\/da\/","logo":{"@type":"ImageObject","inLanguage":"da-DK","@id":"https:\/\/medtest.stagingservers.net\/da\/#\/schema\/logo\/image\/","url":"https:\/\/medtest.stagingservers.net\/wp-content\/uploads\/2018\/11\/Original.png","contentUrl":"https:\/\/medtest.stagingservers.net\/wp-content\/uploads\/2018\/11\/Original.png","width":1024,"height":1024,"caption":"Medtest"},"image":{"@id":"https:\/\/medtest.stagingservers.net\/da\/#\/schema\/logo\/image\/"},"sameAs":["https:\/\/www.facebook.com\/Medtest-1440779469392476\/"]}]}},"_links":{"self":[{"href":"https:\/\/medtest.stagingservers.net\/da\/wp-json\/wp\/v2\/product\/71992","targetHints":{"allow":["GET"]}}],"collection":[{"href":"https:\/\/medtest.stagingservers.net\/da\/wp-json\/wp\/v2\/product"}],"about":[{"href":"https:\/\/medtest.stagingservers.net\/da\/wp-json\/wp\/v2\/types\/product"}],"replies":[{"embeddable":true,"href":"https:\/\/medtest.stagingservers.net\/da\/wp-json\/wp\/v2\/comments?post=71992"}],"version-history":[{"count":0,"href":"https:\/\/medtest.stagingservers.net\/da\/wp-json\/wp\/v2\/product\/71992\/revisions"}],"wp:featuredmedia":[{"embeddable":true,"href":"https:\/\/medtest.stagingservers.net\/da\/wp-json\/wp\/v2\/media\/72230"}],"wp:attachment":[{"href":"https:\/\/medtest.stagingservers.net\/da\/wp-json\/wp\/v2\/media?parent=71992"}],"wp:term":[{"taxonomy":"product_brand","embeddable":true,"href":"https:\/\/medtest.stagingservers.net\/da\/wp-json\/wp\/v2\/product_brand?post=71992"},{"taxonomy":"product_cat","embeddable":true,"href":"https:\/\/medtest.stagingservers.net\/da\/wp-json\/wp\/v2\/product_cat?post=71992"},{"taxonomy":"product_tag","embeddable":true,"href":"https:\/\/medtest.stagingservers.net\/da\/wp-json\/wp\/v2\/product_tag?post=71992"}],"curies":[{"name":"wp","href":"https:\/\/api.w.org\/{rel}","templated":true}]}}