{"id":72004,"date":"2019-08-15T08:40:33","date_gmt":"2019-08-15T08:40:33","guid":{"rendered":"https:\/\/medtest.stagingservers.net\/product\/aeglosningstest-strimmel\/"},"modified":"2020-03-11T13:32:31","modified_gmt":"2020-03-11T11:32:31","slug":"aeglosningstest-strimmel","status":"publish","type":"product","link":"https:\/\/medtest.stagingservers.net\/da\/vare\/aeglosningstest-strimmel\/","title":{"rendered":"\u00c6gl\u00f8sningstest - Strimmel"},"content":{"rendered":"<h3>\u00c6gl\u00f8sningstest &#8211; strimmel<\/h3>\n<p>\u00c6gl\u00f8sning er den proces, der f\u00f8rer til frigivelse af et eller flere \u00e6g fra din \u00e6ggestok. Hver m\u00e5ned modnes mellem tre og 30 \u00e6g i en af \u200b\u200bdine \u00e6ggestokke. Det st\u00f8rste presses ned i b\u00e6kkenhulen og f\u00f8res ind i \u00e6ggelederen. Dit \u00e6g overlever kun mellem 12 timer og 24 timer, hvis det ikke befrugtes. Du kan s\u00e5ledes kun blive gravid m\u00e5nedligt inden for dette lille vindue, som normalt ikke er l\u00e6ngere end ca. seks dage.<\/p>\n<p>Denne hurtige test er beregnet til at bestemme dine frugtbare dage, s\u00e5 du kan maksimere dine chancer, n\u00e5r du pr\u00f8ver at blive gravid. \u00c6gl\u00f8sningstesten registrerer en stigning i luteiniserende hormon (LH), der forekommer en dag eller to f\u00f8r \u00e6gl\u00f8sning. Dette er nyttigt i forhold til at beslutte det bedste tidspunkt for samleje.<\/p>\n<p>Hver pakke indeholder en teststrimmel, der er pakket i en fugtabsorberende folieemballage og er CE-m\u00e6rket i overensstemmelse med IVD-direktivet. Denne \u00e6gl\u00f8sningstest er kun til engangsbrug.<\/p>\n<h4>Materiale:<\/h4>\n<p>Pap<\/p>\n<p>St\u00f8rrelse: ca. 10 x 0,5 cm<\/p>\n<h4><span class=\"tlid-translation translation\" lang=\"da\"><span title=\"\">Brugsanvisning<\/span><br \/>\n<\/span><\/h4>\n<p><span class=\"tlid-translation translation\" lang=\"da\"><span class=\"\" title=\"\">\u00c6gl\u00f8sningstesten skal bruges med friske urinpr\u00f8ver<\/span><\/span><\/p>\n<ol>\n<li><span class=\"tlid-translation translation\" lang=\"da\"><span class=\"\" title=\"\">\u00c5bn folieposen og tag produktet ud.<\/span><\/span><\/li>\n<li>Dyp enden af strimlen i en beholder, der indeholder urin, i 3 sekunder. Neds\u00e6nk ikke strimlen dybere end den markerede streg (MAX).<\/li>\n<li><span class=\"tlid-translation translation\" lang=\"da\"><span class=\"\" title=\"\">Inden for 30 sekunder modtager du et testsvar.<\/span><\/span><\/li>\n<li><span class=\"tlid-translation translation\" lang=\"da\"><span class=\"\" title=\"\">Smid strimlen i skraldespanden efter brug.<\/span><\/span><\/li>\n<\/ol>\n<h4>Tolkning af resultat<\/h4>\n<p><img loading=\"lazy\" decoding=\"async\" class=\"size-full wp-image-71828 alignleft\" src=\"https:\/\/medtest.stagingservers.net\/wp-content\/uploads\/2019\/08\/Ska-rmavbild-2018-03-13-kl.-23.39.28.png\" alt=\"\" width=\"400\" height=\"232\" \/><strong>Negativ<\/strong>: Hvis der kun vises en lyser\u00f8d linje i kontrolomr\u00e5det, kan du antage, at du ikke har \u00e6gl\u00f8sning.<\/p>\n<p><strong>Positiv<\/strong>: Hvis der vises to lyser\u00f8de linjer i b\u00e5de kontrolomr\u00e5det og testomr\u00e5det, kan du antage, at du har \u00e6gl\u00f8sning.<\/p>\n<p><strong>Ugyldig<\/strong>: Hvis der ikke er noget klart pink-lilla farveb\u00e5nd synligt b\u00e5de i omr\u00e5det TEST og CONTROL, er testen ugyldig. Det anbefales, at testen i dette tilf\u00e6lde gentages.<\/p>\n<p>&nbsp;<\/p>\n<p><strong>Opbevaring<\/strong><br \/>\nOpbevar testen i den forseglede emballage, enten ved stuetemperatur eller p\u00e5 k\u00f8l (2-30 \u00b0 C). Produktet er stabilt til udl\u00f8bsdatoen p\u00e5 pakningen og skal forblive i den forseglede taske indtil brug. Frys ikke ned.<\/p>\n","protected":false},"excerpt":{"rendered":"<p>Billig test<br \/>\nEnkel at udf\u00f8re<br \/>\nSvar efter 30 sekunder<br \/>\nLeveres inden for 24 timer<\/p>\n<p>\u00c6gl\u00f8sningstest Strimmel &#8211; Markedets billigste \u00e6gl\u00f8sningstest, CE-godkendt. \u00c6gl\u00f8sningstest Strimmel er en nem, sikker og n\u00f8jagtig \u00e6gl\u00f8sningstest, i stil med de tests, du kan k\u00f8be p\u00e5 apoteket &#8211; bare til en meget lavere pris.<\/p>\n","protected":false},"featured_media":72013,"comment_status":"closed","ping_status":"closed","template":"","meta":{"_acf_changed":false,"footnotes":""},"product_brand":[],"product_cat":[865],"product_tag":[],"class_list":{"0":"post-72004","1":"product","2":"type-product","3":"status-publish","4":"has-post-thumbnail","6":"product_cat-aeglosningstest","8":"first","9":"instock","10":"taxable","11":"shipping-taxable","12":"purchasable","13":"product-type-variable","14":"has-default-attributes"},"acf":[],"yoast_head":"<title>\u00c6gl\u00f8sningstest - Strimmel - Medtest.shop<\/title>\n<meta name=\"description\" content=\"\u00c6gl\u00f8sningstest - Strimmel - Medtest.shop\" \/>\n<meta name=\"robots\" content=\"noindex, follow, max-snippet:-1, max-image-preview:large, max-video-preview:-1\" \/>\n<meta property=\"og:locale\" content=\"da_DK\" \/>\n<meta property=\"og:type\" content=\"article\" \/>\n<meta property=\"og:title\" content=\"\u00c6gl\u00f8sningstest - Strimmel - Medtest.shop\" \/>\n<meta property=\"og:description\" content=\"\u00c6gl\u00f8sningstest - Strimmel - Medtest.shop\" \/>\n<meta property=\"og:url\" content=\"https:\/\/medtest.stagingservers.net\/da\/vare\/aeglosningstest-strimmel\/\" \/>\n<meta property=\"og:site_name\" content=\"Medtest.shop\" \/>\n<meta property=\"article:publisher\" content=\"https:\/\/www.facebook.com\/Medtest-1440779469392476\/\" \/>\n<meta property=\"article:modified_time\" content=\"2020-03-11T11:32:31+00:00\" \/>\n<meta property=\"og:image\" content=\"https:\/\/medtest.stagingservers.net\/wp-content\/uploads\/2019\/08\/gl-sningstest-STRIMMEL-da.jpg\" \/>\n\t<meta property=\"og:image:width\" content=\"800\" \/>\n\t<meta property=\"og:image:height\" content=\"800\" \/>\n\t<meta property=\"og:image:type\" content=\"image\/jpeg\" \/>\n<meta name=\"twitter:card\" content=\"summary_large_image\" \/>\n<script type=\"application\/ld+json\" class=\"yoast-schema-graph\">{\"@context\":\"https:\\\/\\\/schema.org\",\"@graph\":[{\"@type\":\"WebPage\",\"@id\":\"https:\\\/\\\/medtest.stagingservers.net\\\/da\\\/vare\\\/aeglosningstest-strimmel\\\/\",\"url\":\"https:\\\/\\\/medtest.stagingservers.net\\\/da\\\/vare\\\/aeglosningstest-strimmel\\\/\",\"name\":\"\u00c6gl\u00f8sningstest - Strimmel - Medtest.shop\",\"isPartOf\":{\"@id\":\"https:\\\/\\\/medtest.stagingservers.net\\\/da\\\/#website\"},\"primaryImageOfPage\":{\"@id\":\"https:\\\/\\\/medtest.stagingservers.net\\\/da\\\/vare\\\/aeglosningstest-strimmel\\\/#primaryimage\"},\"image\":{\"@id\":\"https:\\\/\\\/medtest.stagingservers.net\\\/da\\\/vare\\\/aeglosningstest-strimmel\\\/#primaryimage\"},\"thumbnailUrl\":\"https:\\\/\\\/medtest.stagingservers.net\\\/wp-content\\\/uploads\\\/2019\\\/08\\\/gl-sningstest-STRIMMEL-da.jpg\",\"datePublished\":\"2019-08-15T08:40:33+00:00\",\"dateModified\":\"2020-03-11T11:32:31+00:00\",\"description\":\"\u00c6gl\u00f8sningstest - Strimmel - Medtest.shop\",\"breadcrumb\":{\"@id\":\"https:\\\/\\\/medtest.stagingservers.net\\\/da\\\/vare\\\/aeglosningstest-strimmel\\\/#breadcrumb\"},\"inLanguage\":\"da-DK\",\"potentialAction\":[{\"@type\":\"ReadAction\",\"target\":[\"https:\\\/\\\/medtest.stagingservers.net\\\/da\\\/vare\\\/aeglosningstest-strimmel\\\/\"]}]},{\"@type\":\"ImageObject\",\"inLanguage\":\"da-DK\",\"@id\":\"https:\\\/\\\/medtest.stagingservers.net\\\/da\\\/vare\\\/aeglosningstest-strimmel\\\/#primaryimage\",\"url\":\"https:\\\/\\\/medtest.stagingservers.net\\\/wp-content\\\/uploads\\\/2019\\\/08\\\/gl-sningstest-STRIMMEL-da.jpg\",\"contentUrl\":\"https:\\\/\\\/medtest.stagingservers.net\\\/wp-content\\\/uploads\\\/2019\\\/08\\\/gl-sningstest-STRIMMEL-da.jpg\",\"width\":800,\"height\":800},{\"@type\":\"BreadcrumbList\",\"@id\":\"https:\\\/\\\/medtest.stagingservers.net\\\/da\\\/vare\\\/aeglosningstest-strimmel\\\/#breadcrumb\",\"itemListElement\":[{\"@type\":\"ListItem\",\"position\":1,\"name\":\"Home\",\"item\":\"https:\\\/\\\/medtest.stagingservers.net\\\/da\\\/\"},{\"@type\":\"ListItem\",\"position\":2,\"name\":\"Butik\",\"item\":\"https:\\\/\\\/medtest.stagingservers.net\\\/da\\\/butik\\\/\"},{\"@type\":\"ListItem\",\"position\":3,\"name\":\"\u00c6gl\u00f8sningstest - Strimmel\"}]},{\"@type\":\"WebSite\",\"@id\":\"https:\\\/\\\/medtest.stagingservers.net\\\/da\\\/#website\",\"url\":\"https:\\\/\\\/medtest.stagingservers.net\\\/da\\\/\",\"name\":\"Medtest.shop\",\"description\":\"\",\"publisher\":{\"@id\":\"https:\\\/\\\/medtest.stagingservers.net\\\/da\\\/#organization\"},\"potentialAction\":[{\"@type\":\"SearchAction\",\"target\":{\"@type\":\"EntryPoint\",\"urlTemplate\":\"https:\\\/\\\/medtest.stagingservers.net\\\/da\\\/?s={search_term_string}\"},\"query-input\":{\"@type\":\"PropertyValueSpecification\",\"valueRequired\":true,\"valueName\":\"search_term_string\"}}],\"inLanguage\":\"da-DK\"},{\"@type\":\"Organization\",\"@id\":\"https:\\\/\\\/medtest.stagingservers.net\\\/da\\\/#organization\",\"name\":\"Medtest\",\"url\":\"https:\\\/\\\/medtest.stagingservers.net\\\/da\\\/\",\"logo\":{\"@type\":\"ImageObject\",\"inLanguage\":\"da-DK\",\"@id\":\"https:\\\/\\\/medtest.stagingservers.net\\\/da\\\/#\\\/schema\\\/logo\\\/image\\\/\",\"url\":\"https:\\\/\\\/medtest.stagingservers.net\\\/wp-content\\\/uploads\\\/2018\\\/11\\\/Original.png\",\"contentUrl\":\"https:\\\/\\\/medtest.stagingservers.net\\\/wp-content\\\/uploads\\\/2018\\\/11\\\/Original.png\",\"width\":1024,\"height\":1024,\"caption\":\"Medtest\"},\"image\":{\"@id\":\"https:\\\/\\\/medtest.stagingservers.net\\\/da\\\/#\\\/schema\\\/logo\\\/image\\\/\"},\"sameAs\":[\"https:\\\/\\\/www.facebook.com\\\/Medtest-1440779469392476\\\/\"]}]}<\/script>","yoast_head_json":{"title":"\u00c6gl\u00f8sningstest - Strimmel - Medtest.shop","description":"\u00c6gl\u00f8sningstest - Strimmel - Medtest.shop","robots":{"index":"noindex","follow":"follow","max-snippet":"max-snippet:-1","max-image-preview":"max-image-preview:large","max-video-preview":"max-video-preview:-1"},"og_locale":"da_DK","og_type":"article","og_title":"\u00c6gl\u00f8sningstest - Strimmel - Medtest.shop","og_description":"\u00c6gl\u00f8sningstest - Strimmel - Medtest.shop","og_url":"https:\/\/medtest.stagingservers.net\/da\/vare\/aeglosningstest-strimmel\/","og_site_name":"Medtest.shop","article_publisher":"https:\/\/www.facebook.com\/Medtest-1440779469392476\/","article_modified_time":"2020-03-11T11:32:31+00:00","og_image":[{"width":800,"height":800,"url":"https:\/\/medtest.stagingservers.net\/wp-content\/uploads\/2019\/08\/gl-sningstest-STRIMMEL-da.jpg","type":"image\/jpeg"}],"twitter_card":"summary_large_image","schema":{"@context":"https:\/\/schema.org","@graph":[{"@type":"WebPage","@id":"https:\/\/medtest.stagingservers.net\/da\/vare\/aeglosningstest-strimmel\/","url":"https:\/\/medtest.stagingservers.net\/da\/vare\/aeglosningstest-strimmel\/","name":"\u00c6gl\u00f8sningstest - Strimmel - Medtest.shop","isPartOf":{"@id":"https:\/\/medtest.stagingservers.net\/da\/#website"},"primaryImageOfPage":{"@id":"https:\/\/medtest.stagingservers.net\/da\/vare\/aeglosningstest-strimmel\/#primaryimage"},"image":{"@id":"https:\/\/medtest.stagingservers.net\/da\/vare\/aeglosningstest-strimmel\/#primaryimage"},"thumbnailUrl":"https:\/\/medtest.stagingservers.net\/wp-content\/uploads\/2019\/08\/gl-sningstest-STRIMMEL-da.jpg","datePublished":"2019-08-15T08:40:33+00:00","dateModified":"2020-03-11T11:32:31+00:00","description":"\u00c6gl\u00f8sningstest - Strimmel - Medtest.shop","breadcrumb":{"@id":"https:\/\/medtest.stagingservers.net\/da\/vare\/aeglosningstest-strimmel\/#breadcrumb"},"inLanguage":"da-DK","potentialAction":[{"@type":"ReadAction","target":["https:\/\/medtest.stagingservers.net\/da\/vare\/aeglosningstest-strimmel\/"]}]},{"@type":"ImageObject","inLanguage":"da-DK","@id":"https:\/\/medtest.stagingservers.net\/da\/vare\/aeglosningstest-strimmel\/#primaryimage","url":"https:\/\/medtest.stagingservers.net\/wp-content\/uploads\/2019\/08\/gl-sningstest-STRIMMEL-da.jpg","contentUrl":"https:\/\/medtest.stagingservers.net\/wp-content\/uploads\/2019\/08\/gl-sningstest-STRIMMEL-da.jpg","width":800,"height":800},{"@type":"BreadcrumbList","@id":"https:\/\/medtest.stagingservers.net\/da\/vare\/aeglosningstest-strimmel\/#breadcrumb","itemListElement":[{"@type":"ListItem","position":1,"name":"Home","item":"https:\/\/medtest.stagingservers.net\/da\/"},{"@type":"ListItem","position":2,"name":"Butik","item":"https:\/\/medtest.stagingservers.net\/da\/butik\/"},{"@type":"ListItem","position":3,"name":"\u00c6gl\u00f8sningstest - Strimmel"}]},{"@type":"WebSite","@id":"https:\/\/medtest.stagingservers.net\/da\/#website","url":"https:\/\/medtest.stagingservers.net\/da\/","name":"Medtest.shop","description":"","publisher":{"@id":"https:\/\/medtest.stagingservers.net\/da\/#organization"},"potentialAction":[{"@type":"SearchAction","target":{"@type":"EntryPoint","urlTemplate":"https:\/\/medtest.stagingservers.net\/da\/?s={search_term_string}"},"query-input":{"@type":"PropertyValueSpecification","valueRequired":true,"valueName":"search_term_string"}}],"inLanguage":"da-DK"},{"@type":"Organization","@id":"https:\/\/medtest.stagingservers.net\/da\/#organization","name":"Medtest","url":"https:\/\/medtest.stagingservers.net\/da\/","logo":{"@type":"ImageObject","inLanguage":"da-DK","@id":"https:\/\/medtest.stagingservers.net\/da\/#\/schema\/logo\/image\/","url":"https:\/\/medtest.stagingservers.net\/wp-content\/uploads\/2018\/11\/Original.png","contentUrl":"https:\/\/medtest.stagingservers.net\/wp-content\/uploads\/2018\/11\/Original.png","width":1024,"height":1024,"caption":"Medtest"},"image":{"@id":"https:\/\/medtest.stagingservers.net\/da\/#\/schema\/logo\/image\/"},"sameAs":["https:\/\/www.facebook.com\/Medtest-1440779469392476\/"]}]}},"_links":{"self":[{"href":"https:\/\/medtest.stagingservers.net\/da\/wp-json\/wp\/v2\/product\/72004","targetHints":{"allow":["GET"]}}],"collection":[{"href":"https:\/\/medtest.stagingservers.net\/da\/wp-json\/wp\/v2\/product"}],"about":[{"href":"https:\/\/medtest.stagingservers.net\/da\/wp-json\/wp\/v2\/types\/product"}],"replies":[{"embeddable":true,"href":"https:\/\/medtest.stagingservers.net\/da\/wp-json\/wp\/v2\/comments?post=72004"}],"version-history":[{"count":0,"href":"https:\/\/medtest.stagingservers.net\/da\/wp-json\/wp\/v2\/product\/72004\/revisions"}],"wp:featuredmedia":[{"embeddable":true,"href":"https:\/\/medtest.stagingservers.net\/da\/wp-json\/wp\/v2\/media\/72013"}],"wp:attachment":[{"href":"https:\/\/medtest.stagingservers.net\/da\/wp-json\/wp\/v2\/media?parent=72004"}],"wp:term":[{"taxonomy":"product_brand","embeddable":true,"href":"https:\/\/medtest.stagingservers.net\/da\/wp-json\/wp\/v2\/product_brand?post=72004"},{"taxonomy":"product_cat","embeddable":true,"href":"https:\/\/medtest.stagingservers.net\/da\/wp-json\/wp\/v2\/product_cat?post=72004"},{"taxonomy":"product_tag","embeddable":true,"href":"https:\/\/medtest.stagingservers.net\/da\/wp-json\/wp\/v2\/product_tag?post=72004"}],"curies":[{"name":"wp","href":"https:\/\/api.w.org\/{rel}","templated":true}]}}