{"id":72016,"date":"2019-08-15T09:00:00","date_gmt":"2019-08-15T09:00:00","guid":{"rendered":"https:\/\/medtest.stagingservers.net\/product\/diabetes-nyre-og-lever-test\/"},"modified":"2019-09-23T15:39:34","modified_gmt":"2019-09-23T13:39:34","slug":"diabetes-nyre-og-lever-test","status":"publish","type":"product","link":"https:\/\/medtest.stagingservers.net\/da\/vare\/diabetes-nyre-og-lever-test\/","title":{"rendered":"Diabetes-, nyre- og levertest"},"content":{"rendered":"<h2 class=\"name\" data-bind=\"text:product().name\">Trippelpakke: diabetes-, nyre- og leverfunktionstest. I alt 6 teststrimler<\/h2>\n<h4>Diabetestest (2 stk.)<\/h4>\n<p>Testen er beregnet til at m\u00e5le glukose- og ketonniveauer i urinpr\u00f8ver som hj\u00e6lp til diagnosticering af diabetes. Testen giver resultater gennem visuel sammenligning med et farveskema, der er trykt p\u00e5 produktet. Hver farve indikerer en koncentration af glukose og ketoner (se forneden). Tisser du mere end s\u00e6dvanligt eller f\u00f8ler t\u00f8rst, som ikke forsvinder, selvom du drikker? Symptomerne er mange og ofte ret diffuse, og p\u00e5 samme tid er diabetes en af de mest almindelige folkesygdomme. Diabetes for\u00e5rsager h\u00f8jt blodsukker (glukose), ogs\u00e5 kaldet hyperglyk\u00e6mi. Hyperglyk\u00e6mi for\u00e5rsages af formindskede insulinniveauer eller ringe virkning af insulinen. Insulin er et hormon, som dannes i bugspytkirtlen, og hvis vigtigste rolle er at regulere blodsukkerniveauet. N\u00e5r denne balance ikke opretholdes, opst\u00e5r der ofte symptomer. Vores enkle hjemmetest kan hurtigt og nemt p\u00e5vise disse ubalancer.<\/p>\n<h4>Nyretest (2 stk.)<\/h4>\n<p>Testen kontrollerer <strong>kreatinin, protein og urin-specifik gravitation <\/strong>i urinpr\u00f8ver som et hj\u00e6lpemiddel til diagnosticering af nyresygdom. Testen giver resultat ved visuel sammenligning med et farveskema, der er trykt p\u00e5 emballagen (se nedenfor).<\/p>\n<h4>Kreatinin<\/h4>\n<p>Kreatinin er et kemisk affaldsprodukt i blodet, der passerer gennem nyrerne, som filtrerer blodet og udskiller kreatininen i urinen. Dette kemiske affaldsstof er et biprodukt af normal muskelfunktion. Jo flere muskler en person har, desto mere kreatinin producerer de. Blodniveauet af kreatinin afspejler b\u00e5de en persons muskelmasse samt deres nyrefunktion.<\/p>\n<p>De fleste m\u00e6nd med normal nyrefunktion har ca. 0,6 til 1,2 milligram\/deciliter (mg\/dl) kreatinin. De fleste kvinder med normal nyrefunktion har mellem 0,5 og 1,1 mg\/dl kreatinin. Kvinder har en tendens til at have lavere niveauer af kreatinin end m\u00e6nd, da kvinder i gennemsnit har mindre muskler end m\u00e6nd.<\/p>\n<h4>Protein<\/h4>\n<p>Normalt skal din urin i princippet ikke indeholde noget protein. Hvis du har protein i urinen, kan det v\u00e6re tegn p\u00e5 et problem med dine nyrers filtreringsevne.<\/p>\n<h4>Urin-specifik gravitation<\/h4>\n<p>Nyrerne renser kroppen for u\u00f8nskede stoffer s\u00e5som toksiner og metaboliske affaldsstoffer. Nyrernes rolle er at fjerne disse stoffer via urinen, uden at der mistes for meget v\u00e6ske. Koncentrationen af \u200b\u200bde udskilte molekyler bestemmer den urin-specifikke gravitation. Voksne har generelt en gravitation p\u00e5 ca. 1000 til 1030. En stigning i den urin-specifikke gravitation, dvs. \u00f8get koncentration af opl\u00f8ste stoffer i urinen, kan v\u00e6re forbundet med nyresvigt eller nedsat blodtilstr\u00f8mning til nyrerne.<\/p>\n<h4>Leverfunktionstest (2 stk.)<\/h4>\n<p>Testen bruges til at kontrollere bilirubin og urobilinogen i urinpr\u00f8ver som hj\u00e6lp til diagnosticering af lever- og galdebl\u00e6reproblemer. Testen giver resultat gennem visuel sammenligning med et farveskema, der er trykt p\u00e5 pakken.<\/p>\n<h4>Hvorfor analysere bilirubin?<\/h4>\n<p>I tilf\u00e6lde af mistanke om leversygdom b\u00f8r niveauet af bilirubin analyseres, og det samme g\u00e6lder ved mistanke om galdesygdomme. Selvom der er mistanke om for\u00f8get nedbrydning af r\u00f8de blodlegemer i blodet, kontrolleres bilirubinniveauet. Et klinisk tegn p\u00e5 forh\u00f8jet bilirubinniveau i kroppen er tilstedev\u00e6relsen af \u200b\u200bgulsot, hvilket betyder, at huden og \u00f8jenl\u00e5gene antager en gullig tone.<\/p>\n<h4>Forh\u00f8jet bilirubin &#8211; hvad betyder det?<\/h4>\n<p>En \u00f8get v\u00e6rdi kan have flere forskellige grunde. Det ses ofte i forbindelse med leversygdom, f.eks. som f\u00f8lge af langvarigt h\u00f8jt indtag af alkohol eller infektion i leverv\u00e6vet (ofte hepatitis A eller f\u00e5resyge). Bilirubin kan ogs\u00e5 stige i forbindelse med sygdomme, der for\u00e5rsager obstruktion af galdevejene, hvilket normalt skyldes galdesten eller tumorer. Nogle typer af arvelige enzymmangler kan ogs\u00e5 for\u00e5rsage en stigning i bilirubin. Ligeledes ses forh\u00f8jede bilirubinniveauer hos mennesker, der er alvorligt syge af forskellige grunde, der ikke n\u00f8dvendigvis er direkte forbundet med leveren, for eksempel i tumorsygdomme, alvorlige infektioner og sv\u00e6rt hjertesvigt.<\/p>\n<p>Forh\u00f8jet bilirubin kan ogs\u00e5 forekomme ved h\u00e6molyse, hvilket betyder, at de r\u00f8de blodlegemer nedbrydes hurtigere end normalt. Mange forskellige l\u00e6gemidler, f.eks. \u00f8strogener, androgene anabolske steroider, nogle former for blodtryksmedicin og antibiotika, antiepileptika, antidepressiver og analgetika kan nogle gange ogs\u00e5 p\u00e5virke leveren og \u00f8ge bilirubin i blodet.<\/p>\n<h4>S\u00e5dan bruges selvtestene<\/h4>\n<p>&nbsp;<\/p>\n<ol>\n<li>\u00c5bn foliepakken og tag teststrimlen ud.<\/li>\n<li>Uriner i en kop eller et b\u00e6ger og dyp testpinden deri.<\/li>\n<li>Afl\u00e6s resultatet efter ca. 1 minut. Resultatet afl\u00e6ses ved at sammenligne farverne p\u00e5 strimlen med dem i diagrammet. Ved sammenligning skal du holde strimlen i en vandret position for at undg\u00e5 mulig blanding af farver mellem de to reaktionsomr\u00e5der p\u00e5 strimlen.<\/li>\n<\/ol>\n","protected":false},"excerpt":{"rendered":"<p>CE-m\u00e6rkede hjemmetests med svar inden for 10 minutter.<br \/>\nDiabetestest til kontrol af glukose- og ketonniveauer i urinpr\u00f8ver.<br \/>\nLevertest til kontrol af bilirubin og urobilinogen i urinpr\u00f8ver.<br \/>\nNyretest, der m\u00e5ler kreatinin, protein og specifik tyngdekraft i urinpr\u00f8ver.<br \/>\nI alt 6 stk. teststrimler<\/p>\n","protected":false},"featured_media":72020,"comment_status":"closed","ping_status":"closed","template":"","meta":{"_acf_changed":false,"footnotes":""},"product_brand":[],"product_cat":[869,872,874,862],"product_tag":[],"class_list":{"0":"post-72016","1":"product","2":"type-product","3":"status-publish","4":"has-post-thumbnail","6":"product_cat-diabetes-da","7":"product_cat-lever","8":"product_cat-nyre","9":"product_cat-pakkelosning","11":"first","12":"instock","13":"taxable","14":"shipping-taxable","15":"purchasable","16":"product-type-simple"},"acf":[],"yoast_head":"<title>Diabetes-, nyre- og levertest - Medtest.shop<\/title>\n<meta name=\"description\" content=\"Diabetes-, nyre- og levertest - Medtest.shop\" \/>\n<meta name=\"robots\" content=\"noindex, follow, max-snippet:-1, max-image-preview:large, max-video-preview:-1\" \/>\n<meta property=\"og:locale\" content=\"da_DK\" \/>\n<meta property=\"og:type\" content=\"article\" \/>\n<meta property=\"og:title\" content=\"Diabetes-, nyre- og levertest - Medtest.shop\" \/>\n<meta property=\"og:description\" content=\"Diabetes-, nyre- og levertest - Medtest.shop\" \/>\n<meta property=\"og:url\" content=\"https:\/\/medtest.stagingservers.net\/da\/vare\/diabetes-nyre-og-lever-test\/\" \/>\n<meta property=\"og:site_name\" content=\"Medtest.shop\" \/>\n<meta property=\"article:publisher\" content=\"https:\/\/www.facebook.com\/Medtest-1440779469392476\/\" \/>\n<meta property=\"article:modified_time\" content=\"2019-09-23T13:39:34+00:00\" \/>\n<meta property=\"og:image\" content=\"https:\/\/medtest.stagingservers.net\/wp-content\/uploads\/2019\/08\/Diabetes-Nyre-Lever-da.png\" \/>\n\t<meta property=\"og:image:width\" content=\"780\" \/>\n\t<meta property=\"og:image:height\" content=\"554\" \/>\n\t<meta property=\"og:image:type\" content=\"image\/png\" \/>\n<meta name=\"twitter:card\" content=\"summary_large_image\" \/>\n<script type=\"application\/ld+json\" class=\"yoast-schema-graph\">{\"@context\":\"https:\\\/\\\/schema.org\",\"@graph\":[{\"@type\":\"WebPage\",\"@id\":\"https:\\\/\\\/medtest.stagingservers.net\\\/da\\\/vare\\\/diabetes-nyre-og-lever-test\\\/\",\"url\":\"https:\\\/\\\/medtest.stagingservers.net\\\/da\\\/vare\\\/diabetes-nyre-og-lever-test\\\/\",\"name\":\"Diabetes-, nyre- og levertest - Medtest.shop\",\"isPartOf\":{\"@id\":\"https:\\\/\\\/medtest.stagingservers.net\\\/da\\\/#website\"},\"primaryImageOfPage\":{\"@id\":\"https:\\\/\\\/medtest.stagingservers.net\\\/da\\\/vare\\\/diabetes-nyre-og-lever-test\\\/#primaryimage\"},\"image\":{\"@id\":\"https:\\\/\\\/medtest.stagingservers.net\\\/da\\\/vare\\\/diabetes-nyre-og-lever-test\\\/#primaryimage\"},\"thumbnailUrl\":\"https:\\\/\\\/medtest.stagingservers.net\\\/wp-content\\\/uploads\\\/2019\\\/08\\\/Diabetes-Nyre-Lever-da.png\",\"datePublished\":\"2019-08-15T09:00:00+00:00\",\"dateModified\":\"2019-09-23T13:39:34+00:00\",\"description\":\"Diabetes-, nyre- og levertest - Medtest.shop\",\"breadcrumb\":{\"@id\":\"https:\\\/\\\/medtest.stagingservers.net\\\/da\\\/vare\\\/diabetes-nyre-og-lever-test\\\/#breadcrumb\"},\"inLanguage\":\"da-DK\",\"potentialAction\":[{\"@type\":\"ReadAction\",\"target\":[\"https:\\\/\\\/medtest.stagingservers.net\\\/da\\\/vare\\\/diabetes-nyre-og-lever-test\\\/\"]}]},{\"@type\":\"ImageObject\",\"inLanguage\":\"da-DK\",\"@id\":\"https:\\\/\\\/medtest.stagingservers.net\\\/da\\\/vare\\\/diabetes-nyre-og-lever-test\\\/#primaryimage\",\"url\":\"https:\\\/\\\/medtest.stagingservers.net\\\/wp-content\\\/uploads\\\/2019\\\/08\\\/Diabetes-Nyre-Lever-da.png\",\"contentUrl\":\"https:\\\/\\\/medtest.stagingservers.net\\\/wp-content\\\/uploads\\\/2019\\\/08\\\/Diabetes-Nyre-Lever-da.png\",\"width\":780,\"height\":554},{\"@type\":\"BreadcrumbList\",\"@id\":\"https:\\\/\\\/medtest.stagingservers.net\\\/da\\\/vare\\\/diabetes-nyre-og-lever-test\\\/#breadcrumb\",\"itemListElement\":[{\"@type\":\"ListItem\",\"position\":1,\"name\":\"Home\",\"item\":\"https:\\\/\\\/medtest.stagingservers.net\\\/da\\\/\"},{\"@type\":\"ListItem\",\"position\":2,\"name\":\"Butik\",\"item\":\"https:\\\/\\\/medtest.stagingservers.net\\\/da\\\/butik\\\/\"},{\"@type\":\"ListItem\",\"position\":3,\"name\":\"Diabetes-, nyre- og levertest\"}]},{\"@type\":\"WebSite\",\"@id\":\"https:\\\/\\\/medtest.stagingservers.net\\\/da\\\/#website\",\"url\":\"https:\\\/\\\/medtest.stagingservers.net\\\/da\\\/\",\"name\":\"Medtest.shop\",\"description\":\"\",\"publisher\":{\"@id\":\"https:\\\/\\\/medtest.stagingservers.net\\\/da\\\/#organization\"},\"potentialAction\":[{\"@type\":\"SearchAction\",\"target\":{\"@type\":\"EntryPoint\",\"urlTemplate\":\"https:\\\/\\\/medtest.stagingservers.net\\\/da\\\/?s={search_term_string}\"},\"query-input\":{\"@type\":\"PropertyValueSpecification\",\"valueRequired\":true,\"valueName\":\"search_term_string\"}}],\"inLanguage\":\"da-DK\"},{\"@type\":\"Organization\",\"@id\":\"https:\\\/\\\/medtest.stagingservers.net\\\/da\\\/#organization\",\"name\":\"Medtest\",\"url\":\"https:\\\/\\\/medtest.stagingservers.net\\\/da\\\/\",\"logo\":{\"@type\":\"ImageObject\",\"inLanguage\":\"da-DK\",\"@id\":\"https:\\\/\\\/medtest.stagingservers.net\\\/da\\\/#\\\/schema\\\/logo\\\/image\\\/\",\"url\":\"https:\\\/\\\/medtest.stagingservers.net\\\/wp-content\\\/uploads\\\/2018\\\/11\\\/Original.png\",\"contentUrl\":\"https:\\\/\\\/medtest.stagingservers.net\\\/wp-content\\\/uploads\\\/2018\\\/11\\\/Original.png\",\"width\":1024,\"height\":1024,\"caption\":\"Medtest\"},\"image\":{\"@id\":\"https:\\\/\\\/medtest.stagingservers.net\\\/da\\\/#\\\/schema\\\/logo\\\/image\\\/\"},\"sameAs\":[\"https:\\\/\\\/www.facebook.com\\\/Medtest-1440779469392476\\\/\"]}]}<\/script>","yoast_head_json":{"title":"Diabetes-, nyre- og levertest - Medtest.shop","description":"Diabetes-, nyre- og levertest - Medtest.shop","robots":{"index":"noindex","follow":"follow","max-snippet":"max-snippet:-1","max-image-preview":"max-image-preview:large","max-video-preview":"max-video-preview:-1"},"og_locale":"da_DK","og_type":"article","og_title":"Diabetes-, nyre- og levertest - Medtest.shop","og_description":"Diabetes-, nyre- og levertest - Medtest.shop","og_url":"https:\/\/medtest.stagingservers.net\/da\/vare\/diabetes-nyre-og-lever-test\/","og_site_name":"Medtest.shop","article_publisher":"https:\/\/www.facebook.com\/Medtest-1440779469392476\/","article_modified_time":"2019-09-23T13:39:34+00:00","og_image":[{"width":780,"height":554,"url":"https:\/\/medtest.stagingservers.net\/wp-content\/uploads\/2019\/08\/Diabetes-Nyre-Lever-da.png","type":"image\/png"}],"twitter_card":"summary_large_image","schema":{"@context":"https:\/\/schema.org","@graph":[{"@type":"WebPage","@id":"https:\/\/medtest.stagingservers.net\/da\/vare\/diabetes-nyre-og-lever-test\/","url":"https:\/\/medtest.stagingservers.net\/da\/vare\/diabetes-nyre-og-lever-test\/","name":"Diabetes-, nyre- og levertest - Medtest.shop","isPartOf":{"@id":"https:\/\/medtest.stagingservers.net\/da\/#website"},"primaryImageOfPage":{"@id":"https:\/\/medtest.stagingservers.net\/da\/vare\/diabetes-nyre-og-lever-test\/#primaryimage"},"image":{"@id":"https:\/\/medtest.stagingservers.net\/da\/vare\/diabetes-nyre-og-lever-test\/#primaryimage"},"thumbnailUrl":"https:\/\/medtest.stagingservers.net\/wp-content\/uploads\/2019\/08\/Diabetes-Nyre-Lever-da.png","datePublished":"2019-08-15T09:00:00+00:00","dateModified":"2019-09-23T13:39:34+00:00","description":"Diabetes-, nyre- og levertest - Medtest.shop","breadcrumb":{"@id":"https:\/\/medtest.stagingservers.net\/da\/vare\/diabetes-nyre-og-lever-test\/#breadcrumb"},"inLanguage":"da-DK","potentialAction":[{"@type":"ReadAction","target":["https:\/\/medtest.stagingservers.net\/da\/vare\/diabetes-nyre-og-lever-test\/"]}]},{"@type":"ImageObject","inLanguage":"da-DK","@id":"https:\/\/medtest.stagingservers.net\/da\/vare\/diabetes-nyre-og-lever-test\/#primaryimage","url":"https:\/\/medtest.stagingservers.net\/wp-content\/uploads\/2019\/08\/Diabetes-Nyre-Lever-da.png","contentUrl":"https:\/\/medtest.stagingservers.net\/wp-content\/uploads\/2019\/08\/Diabetes-Nyre-Lever-da.png","width":780,"height":554},{"@type":"BreadcrumbList","@id":"https:\/\/medtest.stagingservers.net\/da\/vare\/diabetes-nyre-og-lever-test\/#breadcrumb","itemListElement":[{"@type":"ListItem","position":1,"name":"Home","item":"https:\/\/medtest.stagingservers.net\/da\/"},{"@type":"ListItem","position":2,"name":"Butik","item":"https:\/\/medtest.stagingservers.net\/da\/butik\/"},{"@type":"ListItem","position":3,"name":"Diabetes-, nyre- og levertest"}]},{"@type":"WebSite","@id":"https:\/\/medtest.stagingservers.net\/da\/#website","url":"https:\/\/medtest.stagingservers.net\/da\/","name":"Medtest.shop","description":"","publisher":{"@id":"https:\/\/medtest.stagingservers.net\/da\/#organization"},"potentialAction":[{"@type":"SearchAction","target":{"@type":"EntryPoint","urlTemplate":"https:\/\/medtest.stagingservers.net\/da\/?s={search_term_string}"},"query-input":{"@type":"PropertyValueSpecification","valueRequired":true,"valueName":"search_term_string"}}],"inLanguage":"da-DK"},{"@type":"Organization","@id":"https:\/\/medtest.stagingservers.net\/da\/#organization","name":"Medtest","url":"https:\/\/medtest.stagingservers.net\/da\/","logo":{"@type":"ImageObject","inLanguage":"da-DK","@id":"https:\/\/medtest.stagingservers.net\/da\/#\/schema\/logo\/image\/","url":"https:\/\/medtest.stagingservers.net\/wp-content\/uploads\/2018\/11\/Original.png","contentUrl":"https:\/\/medtest.stagingservers.net\/wp-content\/uploads\/2018\/11\/Original.png","width":1024,"height":1024,"caption":"Medtest"},"image":{"@id":"https:\/\/medtest.stagingservers.net\/da\/#\/schema\/logo\/image\/"},"sameAs":["https:\/\/www.facebook.com\/Medtest-1440779469392476\/"]}]}},"_links":{"self":[{"href":"https:\/\/medtest.stagingservers.net\/da\/wp-json\/wp\/v2\/product\/72016","targetHints":{"allow":["GET"]}}],"collection":[{"href":"https:\/\/medtest.stagingservers.net\/da\/wp-json\/wp\/v2\/product"}],"about":[{"href":"https:\/\/medtest.stagingservers.net\/da\/wp-json\/wp\/v2\/types\/product"}],"replies":[{"embeddable":true,"href":"https:\/\/medtest.stagingservers.net\/da\/wp-json\/wp\/v2\/comments?post=72016"}],"version-history":[{"count":0,"href":"https:\/\/medtest.stagingservers.net\/da\/wp-json\/wp\/v2\/product\/72016\/revisions"}],"wp:featuredmedia":[{"embeddable":true,"href":"https:\/\/medtest.stagingservers.net\/da\/wp-json\/wp\/v2\/media\/72020"}],"wp:attachment":[{"href":"https:\/\/medtest.stagingservers.net\/da\/wp-json\/wp\/v2\/media?parent=72016"}],"wp:term":[{"taxonomy":"product_brand","embeddable":true,"href":"https:\/\/medtest.stagingservers.net\/da\/wp-json\/wp\/v2\/product_brand?post=72016"},{"taxonomy":"product_cat","embeddable":true,"href":"https:\/\/medtest.stagingservers.net\/da\/wp-json\/wp\/v2\/product_cat?post=72016"},{"taxonomy":"product_tag","embeddable":true,"href":"https:\/\/medtest.stagingservers.net\/da\/wp-json\/wp\/v2\/product_tag?post=72016"}],"curies":[{"name":"wp","href":"https:\/\/api.w.org\/{rel}","templated":true}]}}