{"id":72031,"date":"2019-08-15T09:21:22","date_gmt":"2019-08-15T09:21:22","guid":{"rendered":"https:\/\/medtest.stagingservers.net\/product\/kombopakke\/"},"modified":"2019-12-04T14:10:00","modified_gmt":"2019-12-04T12:10:00","slug":"kombopakke","status":"publish","type":"product","link":"https:\/\/medtest.stagingservers.net\/da\/vare\/kombopakke\/","title":{"rendered":"Kombopakke (klamydia, gonor\u00e9, syfilis)"},"content":{"rendered":"<h2>Kombopakke: klamydia-, gonor\u00e9- og syfilistest<\/h2>\n<h3><strong>Produktbeskrivelse:<\/strong><\/h3>\n<p>Klamydia-, gonor\u00e9- og syfilistest<\/p>\n<p>Kombo-test for m\u00e6nd og kvinder!<\/p>\n<p>Klamydiatesten detekterer kvalitativt tilstedev\u00e6relsen af klamydia-antigener i livmoderhalsen (kvinder) eller urinr\u00f8ret (m\u00e6nd) og afgiver resultat efter 5-10 minutter. Testen anvender et antistof, som er specifikt for klamydia (chlamydia trachomatis). Specificitet: 97,17%. Sensitivitet: 2\u00d71000 IFU\/ml<\/p>\n<p>Gonor\u00e9testen detekterer kvalitativt tilstedev\u00e6relsen af gonor\u00e9-antigener i livmoderhalsen (kvinder) eller urinr\u00f8ret (m\u00e6nd) og afgiver resultat efter 5-10 minutter. Testen anvender et antistof, som er specifikt for gonor\u00e9 (neisseria gonorrhoeae). Specificitet: 99,10%. Sensitivitet: 5\u00d710000 IFU\/ml<\/p>\n<p>Syfilistesten detekterer kvalitativt tilstedev\u00e6relsen af syfilis-antigener i blodet og afgiver svar efter 10 minutter. Testen anvender et antistof, som er specifikt for syfilis (treponema pallidum). Specificitet: 98,5%. Sensitivitet: 98,6%.<\/p>\n<p>Testen er CE-godkendt og er til professionel brug.<\/p>\n<p>Brugsvejledning p\u00e5 dansk medf\u00f8lger.<\/p>\n","protected":false},"excerpt":{"rendered":"<p>Klamydia-, gonor\u00e9- og syfilistest<\/p>\n<p>Kombo-test for m\u00e6nd og kvinder!<\/p>\n<p>Klamydiatesten detekterer kvalitativt tilstedev\u00e6relsen af klamydia-antigener i livmoderhalsen (kvinder) eller urinr\u00f8ret (m\u00e6nd) og afgiver resultat efter 5-10 minutter. Testen anvender et antistof, som er specifikt for klamydia (chlamydia trachomatis). Specificitet: 97,17%. Sensitivitet: 2\u00d71000 IFU\/ml<\/p>\n<p>Gonor\u00e9testen detekterer kvalitativt tilstedev\u00e6relsen af gonor\u00e9-antigener i livmoderhalsen (kvinder) eller urinr\u00f8ret (m\u00e6nd) og afgiver resultat efter 5-10 minutter. Testen anvender et antistof, som er specifikt for gonor\u00e9 (neisseria gonorrhoeae). Specificitet: 99,10%. Sensitivitet: 5\u00d710000 IFU\/ml<\/p>\n<p>Syfilistesten detekterer kvalitativt tilstedev\u00e6relsen af syfilis-antigener i blodet og afgiver svar efter 10 minutter. Testen anvender et antistof, som er specifikt for syfilis (treponema pallidum). Specificitet: 98,5%. Sensitivitet: 98,6%.<\/p>\n<p>&nbsp;<\/p>\n","protected":false},"featured_media":77773,"comment_status":"closed","ping_status":"closed","template":"","meta":{"_acf_changed":false,"footnotes":""},"product_brand":[],"product_cat":[880,885,862,886],"product_tag":[],"class_list":{"0":"post-72031","1":"product","2":"type-product","3":"status-publish","4":"has-post-thumbnail","6":"product_cat-gonore-da","7":"product_cat-klamydia-da","8":"product_cat-pakkelosning","9":"product_cat-syfilis-da","11":"first","12":"instock","13":"taxable","14":"shipping-taxable","15":"purchasable","16":"product-type-simple"},"acf":[],"yoast_head":"<title>Kombopakke (klamydia, gonor\u00e9, syfilis) - Medtest.shop<\/title>\n<meta name=\"description\" content=\"Kombopakke (klamydia, gonor\u00e9, syfilis) - Medtest.shop\" \/>\n<meta name=\"robots\" content=\"noindex, follow, max-snippet:-1, max-image-preview:large, max-video-preview:-1\" \/>\n<meta property=\"og:locale\" content=\"da_DK\" \/>\n<meta property=\"og:type\" content=\"article\" \/>\n<meta property=\"og:title\" content=\"Kombopakke (klamydia, gonor\u00e9, syfilis) - Medtest.shop\" \/>\n<meta property=\"og:description\" content=\"Kombopakke (klamydia, gonor\u00e9, syfilis) - Medtest.shop\" \/>\n<meta property=\"og:url\" content=\"https:\/\/medtest.stagingservers.net\/da\/vare\/kombopakke\/\" \/>\n<meta property=\"og:site_name\" content=\"Medtest.shop\" \/>\n<meta property=\"article:publisher\" content=\"https:\/\/www.facebook.com\/Medtest-1440779469392476\/\" \/>\n<meta property=\"article:modified_time\" content=\"2019-12-04T12:10:00+00:00\" \/>\n<meta property=\"og:image\" content=\"https:\/\/medtest.stagingservers.net\/wp-content\/uploads\/2019\/08\/Kombopaket.png\" \/>\n\t<meta property=\"og:image:width\" content=\"1200\" \/>\n\t<meta property=\"og:image:height\" content=\"910\" \/>\n\t<meta property=\"og:image:type\" content=\"image\/png\" \/>\n<meta name=\"twitter:card\" content=\"summary_large_image\" \/>\n<script type=\"application\/ld+json\" class=\"yoast-schema-graph\">{\"@context\":\"https:\\\/\\\/schema.org\",\"@graph\":[{\"@type\":\"WebPage\",\"@id\":\"https:\\\/\\\/medtest.stagingservers.net\\\/da\\\/vare\\\/kombopakke\\\/\",\"url\":\"https:\\\/\\\/medtest.stagingservers.net\\\/da\\\/vare\\\/kombopakke\\\/\",\"name\":\"Kombopakke (klamydia, gonor\u00e9, syfilis) - Medtest.shop\",\"isPartOf\":{\"@id\":\"https:\\\/\\\/medtest.stagingservers.net\\\/da\\\/#website\"},\"primaryImageOfPage\":{\"@id\":\"https:\\\/\\\/medtest.stagingservers.net\\\/da\\\/vare\\\/kombopakke\\\/#primaryimage\"},\"image\":{\"@id\":\"https:\\\/\\\/medtest.stagingservers.net\\\/da\\\/vare\\\/kombopakke\\\/#primaryimage\"},\"thumbnailUrl\":\"https:\\\/\\\/medtest.stagingservers.net\\\/wp-content\\\/uploads\\\/2019\\\/08\\\/Kombopaket.png\",\"datePublished\":\"2019-08-15T09:21:22+00:00\",\"dateModified\":\"2019-12-04T12:10:00+00:00\",\"description\":\"Kombopakke (klamydia, gonor\u00e9, syfilis) - Medtest.shop\",\"breadcrumb\":{\"@id\":\"https:\\\/\\\/medtest.stagingservers.net\\\/da\\\/vare\\\/kombopakke\\\/#breadcrumb\"},\"inLanguage\":\"da-DK\",\"potentialAction\":[{\"@type\":\"ReadAction\",\"target\":[\"https:\\\/\\\/medtest.stagingservers.net\\\/da\\\/vare\\\/kombopakke\\\/\"]}]},{\"@type\":\"ImageObject\",\"inLanguage\":\"da-DK\",\"@id\":\"https:\\\/\\\/medtest.stagingservers.net\\\/da\\\/vare\\\/kombopakke\\\/#primaryimage\",\"url\":\"https:\\\/\\\/medtest.stagingservers.net\\\/wp-content\\\/uploads\\\/2019\\\/08\\\/Kombopaket.png\",\"contentUrl\":\"https:\\\/\\\/medtest.stagingservers.net\\\/wp-content\\\/uploads\\\/2019\\\/08\\\/Kombopaket.png\",\"width\":1200,\"height\":910,\"caption\":\"Klamydia Gonor\u00e9 Syfilis\"},{\"@type\":\"BreadcrumbList\",\"@id\":\"https:\\\/\\\/medtest.stagingservers.net\\\/da\\\/vare\\\/kombopakke\\\/#breadcrumb\",\"itemListElement\":[{\"@type\":\"ListItem\",\"position\":1,\"name\":\"Home\",\"item\":\"https:\\\/\\\/medtest.stagingservers.net\\\/da\\\/\"},{\"@type\":\"ListItem\",\"position\":2,\"name\":\"Butik\",\"item\":\"https:\\\/\\\/medtest.stagingservers.net\\\/da\\\/butik\\\/\"},{\"@type\":\"ListItem\",\"position\":3,\"name\":\"Kombopakke (klamydia, gonor\u00e9, syfilis)\"}]},{\"@type\":\"WebSite\",\"@id\":\"https:\\\/\\\/medtest.stagingservers.net\\\/da\\\/#website\",\"url\":\"https:\\\/\\\/medtest.stagingservers.net\\\/da\\\/\",\"name\":\"Medtest.shop\",\"description\":\"\",\"publisher\":{\"@id\":\"https:\\\/\\\/medtest.stagingservers.net\\\/da\\\/#organization\"},\"potentialAction\":[{\"@type\":\"SearchAction\",\"target\":{\"@type\":\"EntryPoint\",\"urlTemplate\":\"https:\\\/\\\/medtest.stagingservers.net\\\/da\\\/?s={search_term_string}\"},\"query-input\":{\"@type\":\"PropertyValueSpecification\",\"valueRequired\":true,\"valueName\":\"search_term_string\"}}],\"inLanguage\":\"da-DK\"},{\"@type\":\"Organization\",\"@id\":\"https:\\\/\\\/medtest.stagingservers.net\\\/da\\\/#organization\",\"name\":\"Medtest\",\"url\":\"https:\\\/\\\/medtest.stagingservers.net\\\/da\\\/\",\"logo\":{\"@type\":\"ImageObject\",\"inLanguage\":\"da-DK\",\"@id\":\"https:\\\/\\\/medtest.stagingservers.net\\\/da\\\/#\\\/schema\\\/logo\\\/image\\\/\",\"url\":\"https:\\\/\\\/medtest.stagingservers.net\\\/wp-content\\\/uploads\\\/2018\\\/11\\\/Original.png\",\"contentUrl\":\"https:\\\/\\\/medtest.stagingservers.net\\\/wp-content\\\/uploads\\\/2018\\\/11\\\/Original.png\",\"width\":1024,\"height\":1024,\"caption\":\"Medtest\"},\"image\":{\"@id\":\"https:\\\/\\\/medtest.stagingservers.net\\\/da\\\/#\\\/schema\\\/logo\\\/image\\\/\"},\"sameAs\":[\"https:\\\/\\\/www.facebook.com\\\/Medtest-1440779469392476\\\/\"]}]}<\/script>","yoast_head_json":{"title":"Kombopakke (klamydia, gonor\u00e9, syfilis) - Medtest.shop","description":"Kombopakke (klamydia, gonor\u00e9, syfilis) - Medtest.shop","robots":{"index":"noindex","follow":"follow","max-snippet":"max-snippet:-1","max-image-preview":"max-image-preview:large","max-video-preview":"max-video-preview:-1"},"og_locale":"da_DK","og_type":"article","og_title":"Kombopakke (klamydia, gonor\u00e9, syfilis) - Medtest.shop","og_description":"Kombopakke (klamydia, gonor\u00e9, syfilis) - Medtest.shop","og_url":"https:\/\/medtest.stagingservers.net\/da\/vare\/kombopakke\/","og_site_name":"Medtest.shop","article_publisher":"https:\/\/www.facebook.com\/Medtest-1440779469392476\/","article_modified_time":"2019-12-04T12:10:00+00:00","og_image":[{"width":1200,"height":910,"url":"https:\/\/medtest.stagingservers.net\/wp-content\/uploads\/2019\/08\/Kombopaket.png","type":"image\/png"}],"twitter_card":"summary_large_image","schema":{"@context":"https:\/\/schema.org","@graph":[{"@type":"WebPage","@id":"https:\/\/medtest.stagingservers.net\/da\/vare\/kombopakke\/","url":"https:\/\/medtest.stagingservers.net\/da\/vare\/kombopakke\/","name":"Kombopakke (klamydia, gonor\u00e9, syfilis) - Medtest.shop","isPartOf":{"@id":"https:\/\/medtest.stagingservers.net\/da\/#website"},"primaryImageOfPage":{"@id":"https:\/\/medtest.stagingservers.net\/da\/vare\/kombopakke\/#primaryimage"},"image":{"@id":"https:\/\/medtest.stagingservers.net\/da\/vare\/kombopakke\/#primaryimage"},"thumbnailUrl":"https:\/\/medtest.stagingservers.net\/wp-content\/uploads\/2019\/08\/Kombopaket.png","datePublished":"2019-08-15T09:21:22+00:00","dateModified":"2019-12-04T12:10:00+00:00","description":"Kombopakke (klamydia, gonor\u00e9, syfilis) - Medtest.shop","breadcrumb":{"@id":"https:\/\/medtest.stagingservers.net\/da\/vare\/kombopakke\/#breadcrumb"},"inLanguage":"da-DK","potentialAction":[{"@type":"ReadAction","target":["https:\/\/medtest.stagingservers.net\/da\/vare\/kombopakke\/"]}]},{"@type":"ImageObject","inLanguage":"da-DK","@id":"https:\/\/medtest.stagingservers.net\/da\/vare\/kombopakke\/#primaryimage","url":"https:\/\/medtest.stagingservers.net\/wp-content\/uploads\/2019\/08\/Kombopaket.png","contentUrl":"https:\/\/medtest.stagingservers.net\/wp-content\/uploads\/2019\/08\/Kombopaket.png","width":1200,"height":910,"caption":"Klamydia Gonor\u00e9 Syfilis"},{"@type":"BreadcrumbList","@id":"https:\/\/medtest.stagingservers.net\/da\/vare\/kombopakke\/#breadcrumb","itemListElement":[{"@type":"ListItem","position":1,"name":"Home","item":"https:\/\/medtest.stagingservers.net\/da\/"},{"@type":"ListItem","position":2,"name":"Butik","item":"https:\/\/medtest.stagingservers.net\/da\/butik\/"},{"@type":"ListItem","position":3,"name":"Kombopakke (klamydia, gonor\u00e9, syfilis)"}]},{"@type":"WebSite","@id":"https:\/\/medtest.stagingservers.net\/da\/#website","url":"https:\/\/medtest.stagingservers.net\/da\/","name":"Medtest.shop","description":"","publisher":{"@id":"https:\/\/medtest.stagingservers.net\/da\/#organization"},"potentialAction":[{"@type":"SearchAction","target":{"@type":"EntryPoint","urlTemplate":"https:\/\/medtest.stagingservers.net\/da\/?s={search_term_string}"},"query-input":{"@type":"PropertyValueSpecification","valueRequired":true,"valueName":"search_term_string"}}],"inLanguage":"da-DK"},{"@type":"Organization","@id":"https:\/\/medtest.stagingservers.net\/da\/#organization","name":"Medtest","url":"https:\/\/medtest.stagingservers.net\/da\/","logo":{"@type":"ImageObject","inLanguage":"da-DK","@id":"https:\/\/medtest.stagingservers.net\/da\/#\/schema\/logo\/image\/","url":"https:\/\/medtest.stagingservers.net\/wp-content\/uploads\/2018\/11\/Original.png","contentUrl":"https:\/\/medtest.stagingservers.net\/wp-content\/uploads\/2018\/11\/Original.png","width":1024,"height":1024,"caption":"Medtest"},"image":{"@id":"https:\/\/medtest.stagingservers.net\/da\/#\/schema\/logo\/image\/"},"sameAs":["https:\/\/www.facebook.com\/Medtest-1440779469392476\/"]}]}},"_links":{"self":[{"href":"https:\/\/medtest.stagingservers.net\/da\/wp-json\/wp\/v2\/product\/72031","targetHints":{"allow":["GET"]}}],"collection":[{"href":"https:\/\/medtest.stagingservers.net\/da\/wp-json\/wp\/v2\/product"}],"about":[{"href":"https:\/\/medtest.stagingservers.net\/da\/wp-json\/wp\/v2\/types\/product"}],"replies":[{"embeddable":true,"href":"https:\/\/medtest.stagingservers.net\/da\/wp-json\/wp\/v2\/comments?post=72031"}],"version-history":[{"count":0,"href":"https:\/\/medtest.stagingservers.net\/da\/wp-json\/wp\/v2\/product\/72031\/revisions"}],"wp:featuredmedia":[{"embeddable":true,"href":"https:\/\/medtest.stagingservers.net\/da\/wp-json\/wp\/v2\/media\/77773"}],"wp:attachment":[{"href":"https:\/\/medtest.stagingservers.net\/da\/wp-json\/wp\/v2\/media?parent=72031"}],"wp:term":[{"taxonomy":"product_brand","embeddable":true,"href":"https:\/\/medtest.stagingservers.net\/da\/wp-json\/wp\/v2\/product_brand?post=72031"},{"taxonomy":"product_cat","embeddable":true,"href":"https:\/\/medtest.stagingservers.net\/da\/wp-json\/wp\/v2\/product_cat?post=72031"},{"taxonomy":"product_tag","embeddable":true,"href":"https:\/\/medtest.stagingservers.net\/da\/wp-json\/wp\/v2\/product_tag?post=72031"}],"curies":[{"name":"wp","href":"https:\/\/api.w.org\/{rel}","templated":true}]}}