{"id":72036,"date":"2019-08-15T09:41:54","date_gmt":"2019-08-15T09:41:54","guid":{"rendered":"https:\/\/medtest.stagingservers.net\/product\/intestinal-pakke\/"},"modified":"2019-09-16T16:09:56","modified_gmt":"2019-09-16T14:09:56","slug":"mave-og-tarm-pakke","status":"publish","type":"product","link":"https:\/\/medtest.stagingservers.net\/da\/vare\/mave-og-tarm-pakke\/","title":{"rendered":"Mave- og tarmpakke"},"content":{"rendered":"<h2>Test for maves\u00e5r og bl\u00f8d i aff\u00f8ringen<\/h2>\n<h4>Maves\u00e5rs-test<\/h4>\n<p>Vores test for maves\u00e5r er en CE-m\u00e6rket hurtig test for p\u00e5visning af H. pylori i aff\u00f8ringen.<\/p>\n<p>Smerter og ubehag i den \u00f8vre del af maven er en forholdsvis almindelig bekymring, og hver fjerde person bliver i l\u00f8bet af livet ber\u00f8rt af s\u00e5danne problemer. En mulig forklaring kan v\u00e6re maves\u00e5r. Den mest almindelige \u00e5rsag til maves\u00e5r er bakterien Helicobacter pylori. Ca. 90% af dem, der har maves\u00e5r, b\u00e6rer bakterien Helicobacter pylori. Vores enkle hjemmetest kan let og hurtigt p\u00e5vise denne bakterie.<\/p>\n<p>En simpel hjemmetest kan hj\u00e6lpe dig med at lindre din uro eller give dig en grund til at s\u00f8ge hj\u00e6lp hos din l\u00e6ge. En positiv test (dvs. at du b\u00e6rer H. pylori) betyder, at du er bedre rustet til at s\u00f8ge pleje og f\u00e5 den rette behandling, hvilket er vigtigt, da denne form for maves\u00e5r kan f\u00f8re til alvorlige sygdomme s\u00e5som kr\u00e6ft.<\/p>\n<p>Testen m\u00e5ler specifikke antigener i aff\u00f8ringen for at bestemme bakteriens tilstedev\u00e6relse.<\/p>\n<h4>Test for usynligt blod i aff\u00f8ringen<\/h4>\n<p>Vores FOB-test er en CE-m\u00e6rket test til p\u00e5visning af blod i aff\u00f8ringen.<\/p>\n<p>Mange sygdomme kan for\u00e5rsage skjult blod i aff\u00f8ring, ogs\u00e5 kaldet f\u00e6kalt okkult blod (FOB). I de tidlige stadier kan mave-tarmproblemer s\u00e5som tarmkr\u00e6ft, s\u00e5r, polypper, colitis, diverticulitis og maves\u00e5r ikke udvise synlige symptomer udover blod. Vores test er en hurtig test til kvalitativt at detektere lave blodniveauer i aff\u00f8ringen. Pr\u00f8ven bruger et dobbelt antistof-assay til selektivt at detektere blod ved 50 ng\/ml eller h\u00f8jere eller 6 \u03bcg\/g aff\u00f8ring. Desuden p\u00e5virkes testens n\u00f8jagtighed, i mods\u00e6tning til andre analyser, ikke af pr\u00f8vetagerens kost.<\/p>\n<h4>S\u00e5dan g\u00f8r du:<\/h4>\n<ol>\n<li>Indsaml aff\u00f8ringspr\u00f8ven p\u00e5 aff\u00f8ringsindsamleren. Brug aff\u00f8ringsindsamleren p\u00e5 alle typer af toiletter for at undg\u00e5 forurening af pr\u00f8ven.<\/li>\n<li>Skru l\u00e5get af pr\u00f8veindsamlingsr\u00f8ret og stik tilf\u00e6ldigt spidsen af applikatoren ned i aff\u00f8ringen mindst 3 forskellige steder. Skovl ikke aff\u00f8ringen op. Skru l\u00e5get p\u00e5 pr\u00f8veindsamlingsr\u00f8ret og stram det til. Ryst derefter pr\u00f8veindsamlingsr\u00f8ret kraftigt for at blande pr\u00f8ven og ekstraheringspufferen.<\/li>\n<li>Fjern testkassetten fra folieposen og brug den s\u00e5 hurtigt som muligt. De bedste resultater opn\u00e5s, hvis testen udf\u00f8res umiddelbart efter \u00e5bning af folieposen.<\/li>\n<li>Hold pr\u00f8veindsamlingsr\u00f8ret oprejst og \u00e5bn l\u00e5get p\u00e5 pr\u00f8veindsamlingsr\u00f8ret. Vend r\u00f8ret p\u00e5 hovedet og overf\u00f8r 2 hele dr\u00e5ber til testomr\u00e5det (S) og start derefter timeren. Se illustration nedenfor.<\/li>\n<li>Afl\u00e6s resultaterne efter 5 minutter. Afl\u00e6s ikke resultater efter 10 minutter.<\/li>\n<\/ol>\n<h4><img loading=\"lazy\" decoding=\"async\" class=\"alignnone wp-image-73890 \" src=\"https:\/\/medtest.stagingservers.net\/wp-content\/uploads\/2019\/08\/Maves-r-og-FOB-bild-720x211.png\" alt=\"\" width=\"870\" height=\"255\" srcset=\"https:\/\/medtest.stagingservers.net\/wp-content\/uploads\/2019\/08\/Maves-r-og-FOB-bild-720x211.png 720w, https:\/\/medtest.stagingservers.net\/wp-content\/uploads\/2019\/08\/Maves-r-og-FOB-bild-768x225.png 768w, https:\/\/medtest.stagingservers.net\/wp-content\/uploads\/2019\/08\/Maves-r-og-FOB-bild-1200x351.png 1200w, https:\/\/medtest.stagingservers.net\/wp-content\/uploads\/2019\/08\/Maves-r-og-FOB-bild-416x122.png 416w, https:\/\/medtest.stagingservers.net\/wp-content\/uploads\/2019\/08\/Maves-r-og-FOB-bild.png 1606w\" sizes=\"auto, (max-width: 870px) 100vw, 870px\" \/><\/h4>\n<h4>Resultater<\/h4>\n<p><img loading=\"lazy\" decoding=\"async\" class=\"wp-image-55186 alignleft\" src=\"https:\/\/medtest.stagingservers.net\/wp-content\/uploads\/2019\/02\/Test-resultat-300x210.png\" alt=\"\" width=\"231\" height=\"162\" srcset=\"https:\/\/medtest.stagingservers.net\/wp-content\/uploads\/2019\/02\/Test-resultat-300x210.png 300w, https:\/\/medtest.stagingservers.net\/wp-content\/uploads\/2019\/02\/Test-resultat-720x504.png 720w, https:\/\/medtest.stagingservers.net\/wp-content\/uploads\/2019\/02\/Test-resultat-768x538.png 768w, https:\/\/medtest.stagingservers.net\/wp-content\/uploads\/2019\/02\/Test-resultat-416x291.png 416w, https:\/\/medtest.stagingservers.net\/wp-content\/uploads\/2019\/02\/Test-resultat.png 912w\" sizes=\"auto, (max-width: 231px) 100vw, 231px\" \/>Hvis testen fremviser linjer ved b\u00e5de C og T er resultatet positivt.<\/p>\n<p>Hvis testen kun fremviser en linje ved C er resultatet negativt.<\/p>\n<p>Kontrollinjen (C) fungerer som en kvalitetskontrol, der sikrer, at testapparatet fungerer korrekt.<\/p>\n<p>C = Control (Kontrol)<br \/>\nT = Test<br \/>\nS = Sample (Pr\u00f8ve)<\/p>\n<p>Brugsanvisninger p\u00e5 dansk medf\u00f8lger.<\/p>\n","protected":false},"excerpt":{"rendered":"<p>CE-m\u00e6rkede hjemmetests med svar inden for 10 minutter.<\/p>\n<p>Maves\u00e5rstest til p\u00e5visning af H. pylori i aff\u00f8ringen.<br \/>\nTest, der m\u00e5ler blod i aff\u00f8ringen<\/p>\n","protected":false},"featured_media":72250,"comment_status":"closed","ping_status":"closed","template":"","meta":{"_acf_changed":false,"footnotes":""},"product_brand":[],"product_cat":[868,873,862],"product_tag":[],"class_list":{"0":"post-72036","1":"product","2":"type-product","3":"status-publish","4":"has-post-thumbnail","6":"product_cat-blod-i-afforingen","7":"product_cat-mavesar","8":"product_cat-pakkelosning","10":"first","11":"instock","12":"taxable","13":"shipping-taxable","14":"purchasable","15":"product-type-simple"},"acf":[],"yoast_head":"<title>Mave- og tarmpakke - Medtest.shop<\/title>\n<meta name=\"description\" content=\"Mave- og tarmpakke - Medtest.shop\" \/>\n<meta name=\"robots\" content=\"noindex, follow, max-snippet:-1, max-image-preview:large, max-video-preview:-1\" \/>\n<meta property=\"og:locale\" content=\"da_DK\" \/>\n<meta property=\"og:type\" content=\"article\" \/>\n<meta property=\"og:title\" content=\"Mave- og tarmpakke - Medtest.shop\" \/>\n<meta property=\"og:description\" content=\"Mave- og tarmpakke - Medtest.shop\" \/>\n<meta property=\"og:url\" content=\"https:\/\/medtest.stagingservers.net\/da\/vare\/mave-og-tarm-pakke\/\" \/>\n<meta property=\"og:site_name\" content=\"Medtest.shop\" \/>\n<meta property=\"article:publisher\" content=\"https:\/\/www.facebook.com\/Medtest-1440779469392476\/\" \/>\n<meta property=\"article:modified_time\" content=\"2019-09-16T14:09:56+00:00\" \/>\n<meta property=\"og:image\" content=\"https:\/\/medtest.stagingservers.net\/wp-content\/uploads\/2019\/08\/Mave-og-Tarm-pakke-1.png\" \/>\n\t<meta property=\"og:image:width\" content=\"1051\" \/>\n\t<meta property=\"og:image:height\" content=\"862\" \/>\n\t<meta property=\"og:image:type\" content=\"image\/png\" \/>\n<meta name=\"twitter:card\" content=\"summary_large_image\" \/>\n<script type=\"application\/ld+json\" class=\"yoast-schema-graph\">{\"@context\":\"https:\\\/\\\/schema.org\",\"@graph\":[{\"@type\":\"WebPage\",\"@id\":\"https:\\\/\\\/medtest.stagingservers.net\\\/da\\\/vare\\\/mave-og-tarm-pakke\\\/\",\"url\":\"https:\\\/\\\/medtest.stagingservers.net\\\/da\\\/vare\\\/mave-og-tarm-pakke\\\/\",\"name\":\"Mave- og tarmpakke - Medtest.shop\",\"isPartOf\":{\"@id\":\"https:\\\/\\\/medtest.stagingservers.net\\\/da\\\/#website\"},\"primaryImageOfPage\":{\"@id\":\"https:\\\/\\\/medtest.stagingservers.net\\\/da\\\/vare\\\/mave-og-tarm-pakke\\\/#primaryimage\"},\"image\":{\"@id\":\"https:\\\/\\\/medtest.stagingservers.net\\\/da\\\/vare\\\/mave-og-tarm-pakke\\\/#primaryimage\"},\"thumbnailUrl\":\"https:\\\/\\\/medtest.stagingservers.net\\\/wp-content\\\/uploads\\\/2019\\\/08\\\/Mave-og-Tarm-pakke-1.png\",\"datePublished\":\"2019-08-15T09:41:54+00:00\",\"dateModified\":\"2019-09-16T14:09:56+00:00\",\"description\":\"Mave- og tarmpakke - Medtest.shop\",\"breadcrumb\":{\"@id\":\"https:\\\/\\\/medtest.stagingservers.net\\\/da\\\/vare\\\/mave-og-tarm-pakke\\\/#breadcrumb\"},\"inLanguage\":\"da-DK\",\"potentialAction\":[{\"@type\":\"ReadAction\",\"target\":[\"https:\\\/\\\/medtest.stagingservers.net\\\/da\\\/vare\\\/mave-og-tarm-pakke\\\/\"]}]},{\"@type\":\"ImageObject\",\"inLanguage\":\"da-DK\",\"@id\":\"https:\\\/\\\/medtest.stagingservers.net\\\/da\\\/vare\\\/mave-og-tarm-pakke\\\/#primaryimage\",\"url\":\"https:\\\/\\\/medtest.stagingservers.net\\\/wp-content\\\/uploads\\\/2019\\\/08\\\/Mave-og-Tarm-pakke-1.png\",\"contentUrl\":\"https:\\\/\\\/medtest.stagingservers.net\\\/wp-content\\\/uploads\\\/2019\\\/08\\\/Mave-og-Tarm-pakke-1.png\",\"width\":1051,\"height\":862},{\"@type\":\"BreadcrumbList\",\"@id\":\"https:\\\/\\\/medtest.stagingservers.net\\\/da\\\/vare\\\/mave-og-tarm-pakke\\\/#breadcrumb\",\"itemListElement\":[{\"@type\":\"ListItem\",\"position\":1,\"name\":\"Home\",\"item\":\"https:\\\/\\\/medtest.stagingservers.net\\\/da\\\/\"},{\"@type\":\"ListItem\",\"position\":2,\"name\":\"Butik\",\"item\":\"https:\\\/\\\/medtest.stagingservers.net\\\/da\\\/butik\\\/\"},{\"@type\":\"ListItem\",\"position\":3,\"name\":\"Mave- og tarmpakke\"}]},{\"@type\":\"WebSite\",\"@id\":\"https:\\\/\\\/medtest.stagingservers.net\\\/da\\\/#website\",\"url\":\"https:\\\/\\\/medtest.stagingservers.net\\\/da\\\/\",\"name\":\"Medtest.shop\",\"description\":\"\",\"publisher\":{\"@id\":\"https:\\\/\\\/medtest.stagingservers.net\\\/da\\\/#organization\"},\"potentialAction\":[{\"@type\":\"SearchAction\",\"target\":{\"@type\":\"EntryPoint\",\"urlTemplate\":\"https:\\\/\\\/medtest.stagingservers.net\\\/da\\\/?s={search_term_string}\"},\"query-input\":{\"@type\":\"PropertyValueSpecification\",\"valueRequired\":true,\"valueName\":\"search_term_string\"}}],\"inLanguage\":\"da-DK\"},{\"@type\":\"Organization\",\"@id\":\"https:\\\/\\\/medtest.stagingservers.net\\\/da\\\/#organization\",\"name\":\"Medtest\",\"url\":\"https:\\\/\\\/medtest.stagingservers.net\\\/da\\\/\",\"logo\":{\"@type\":\"ImageObject\",\"inLanguage\":\"da-DK\",\"@id\":\"https:\\\/\\\/medtest.stagingservers.net\\\/da\\\/#\\\/schema\\\/logo\\\/image\\\/\",\"url\":\"https:\\\/\\\/medtest.stagingservers.net\\\/wp-content\\\/uploads\\\/2018\\\/11\\\/Original.png\",\"contentUrl\":\"https:\\\/\\\/medtest.stagingservers.net\\\/wp-content\\\/uploads\\\/2018\\\/11\\\/Original.png\",\"width\":1024,\"height\":1024,\"caption\":\"Medtest\"},\"image\":{\"@id\":\"https:\\\/\\\/medtest.stagingservers.net\\\/da\\\/#\\\/schema\\\/logo\\\/image\\\/\"},\"sameAs\":[\"https:\\\/\\\/www.facebook.com\\\/Medtest-1440779469392476\\\/\"]}]}<\/script>","yoast_head_json":{"title":"Mave- og tarmpakke - Medtest.shop","description":"Mave- og tarmpakke - Medtest.shop","robots":{"index":"noindex","follow":"follow","max-snippet":"max-snippet:-1","max-image-preview":"max-image-preview:large","max-video-preview":"max-video-preview:-1"},"og_locale":"da_DK","og_type":"article","og_title":"Mave- og tarmpakke - Medtest.shop","og_description":"Mave- og tarmpakke - Medtest.shop","og_url":"https:\/\/medtest.stagingservers.net\/da\/vare\/mave-og-tarm-pakke\/","og_site_name":"Medtest.shop","article_publisher":"https:\/\/www.facebook.com\/Medtest-1440779469392476\/","article_modified_time":"2019-09-16T14:09:56+00:00","og_image":[{"width":1051,"height":862,"url":"https:\/\/medtest.stagingservers.net\/wp-content\/uploads\/2019\/08\/Mave-og-Tarm-pakke-1.png","type":"image\/png"}],"twitter_card":"summary_large_image","schema":{"@context":"https:\/\/schema.org","@graph":[{"@type":"WebPage","@id":"https:\/\/medtest.stagingservers.net\/da\/vare\/mave-og-tarm-pakke\/","url":"https:\/\/medtest.stagingservers.net\/da\/vare\/mave-og-tarm-pakke\/","name":"Mave- og tarmpakke - Medtest.shop","isPartOf":{"@id":"https:\/\/medtest.stagingservers.net\/da\/#website"},"primaryImageOfPage":{"@id":"https:\/\/medtest.stagingservers.net\/da\/vare\/mave-og-tarm-pakke\/#primaryimage"},"image":{"@id":"https:\/\/medtest.stagingservers.net\/da\/vare\/mave-og-tarm-pakke\/#primaryimage"},"thumbnailUrl":"https:\/\/medtest.stagingservers.net\/wp-content\/uploads\/2019\/08\/Mave-og-Tarm-pakke-1.png","datePublished":"2019-08-15T09:41:54+00:00","dateModified":"2019-09-16T14:09:56+00:00","description":"Mave- og tarmpakke - Medtest.shop","breadcrumb":{"@id":"https:\/\/medtest.stagingservers.net\/da\/vare\/mave-og-tarm-pakke\/#breadcrumb"},"inLanguage":"da-DK","potentialAction":[{"@type":"ReadAction","target":["https:\/\/medtest.stagingservers.net\/da\/vare\/mave-og-tarm-pakke\/"]}]},{"@type":"ImageObject","inLanguage":"da-DK","@id":"https:\/\/medtest.stagingservers.net\/da\/vare\/mave-og-tarm-pakke\/#primaryimage","url":"https:\/\/medtest.stagingservers.net\/wp-content\/uploads\/2019\/08\/Mave-og-Tarm-pakke-1.png","contentUrl":"https:\/\/medtest.stagingservers.net\/wp-content\/uploads\/2019\/08\/Mave-og-Tarm-pakke-1.png","width":1051,"height":862},{"@type":"BreadcrumbList","@id":"https:\/\/medtest.stagingservers.net\/da\/vare\/mave-og-tarm-pakke\/#breadcrumb","itemListElement":[{"@type":"ListItem","position":1,"name":"Home","item":"https:\/\/medtest.stagingservers.net\/da\/"},{"@type":"ListItem","position":2,"name":"Butik","item":"https:\/\/medtest.stagingservers.net\/da\/butik\/"},{"@type":"ListItem","position":3,"name":"Mave- og tarmpakke"}]},{"@type":"WebSite","@id":"https:\/\/medtest.stagingservers.net\/da\/#website","url":"https:\/\/medtest.stagingservers.net\/da\/","name":"Medtest.shop","description":"","publisher":{"@id":"https:\/\/medtest.stagingservers.net\/da\/#organization"},"potentialAction":[{"@type":"SearchAction","target":{"@type":"EntryPoint","urlTemplate":"https:\/\/medtest.stagingservers.net\/da\/?s={search_term_string}"},"query-input":{"@type":"PropertyValueSpecification","valueRequired":true,"valueName":"search_term_string"}}],"inLanguage":"da-DK"},{"@type":"Organization","@id":"https:\/\/medtest.stagingservers.net\/da\/#organization","name":"Medtest","url":"https:\/\/medtest.stagingservers.net\/da\/","logo":{"@type":"ImageObject","inLanguage":"da-DK","@id":"https:\/\/medtest.stagingservers.net\/da\/#\/schema\/logo\/image\/","url":"https:\/\/medtest.stagingservers.net\/wp-content\/uploads\/2018\/11\/Original.png","contentUrl":"https:\/\/medtest.stagingservers.net\/wp-content\/uploads\/2018\/11\/Original.png","width":1024,"height":1024,"caption":"Medtest"},"image":{"@id":"https:\/\/medtest.stagingservers.net\/da\/#\/schema\/logo\/image\/"},"sameAs":["https:\/\/www.facebook.com\/Medtest-1440779469392476\/"]}]}},"_links":{"self":[{"href":"https:\/\/medtest.stagingservers.net\/da\/wp-json\/wp\/v2\/product\/72036","targetHints":{"allow":["GET"]}}],"collection":[{"href":"https:\/\/medtest.stagingservers.net\/da\/wp-json\/wp\/v2\/product"}],"about":[{"href":"https:\/\/medtest.stagingservers.net\/da\/wp-json\/wp\/v2\/types\/product"}],"replies":[{"embeddable":true,"href":"https:\/\/medtest.stagingservers.net\/da\/wp-json\/wp\/v2\/comments?post=72036"}],"version-history":[{"count":0,"href":"https:\/\/medtest.stagingservers.net\/da\/wp-json\/wp\/v2\/product\/72036\/revisions"}],"wp:featuredmedia":[{"embeddable":true,"href":"https:\/\/medtest.stagingservers.net\/da\/wp-json\/wp\/v2\/media\/72250"}],"wp:attachment":[{"href":"https:\/\/medtest.stagingservers.net\/da\/wp-json\/wp\/v2\/media?parent=72036"}],"wp:term":[{"taxonomy":"product_brand","embeddable":true,"href":"https:\/\/medtest.stagingservers.net\/da\/wp-json\/wp\/v2\/product_brand?post=72036"},{"taxonomy":"product_cat","embeddable":true,"href":"https:\/\/medtest.stagingservers.net\/da\/wp-json\/wp\/v2\/product_cat?post=72036"},{"taxonomy":"product_tag","embeddable":true,"href":"https:\/\/medtest.stagingservers.net\/da\/wp-json\/wp\/v2\/product_tag?post=72036"}],"curies":[{"name":"wp","href":"https:\/\/api.w.org\/{rel}","templated":true}]}}