{"id":72040,"date":"2019-08-15T09:57:12","date_gmt":"2019-08-15T09:57:12","guid":{"rendered":"https:\/\/medtest.stagingservers.net\/product\/jern-skjoldbruskkirtel-mavesar\/"},"modified":"2020-09-08T11:54:40","modified_gmt":"2020-09-08T09:54:40","slug":"jern-skjoldbruskkirtel-mavesar","status":"publish","type":"product","link":"https:\/\/medtest.stagingservers.net\/da\/vare\/jern-skjoldbruskkirtel-mavesar\/","title":{"rendered":"Jern &#038; Skjoldbruskkirtel"},"content":{"rendered":"<h2>Jern &amp; Skjoldbruskkirtel test<\/h2>\n<h4>Skjoldbruskkirtel test<\/h4>\n<p>F\u00f8ler du dig skidt tilpas, \u00f8r eller energiforladt \u2013 dine venner og familie har m\u00e5ske bem\u00e6rket, at du har \u00e6ndret dig? Dette kan skyldes en ubalance i din skjoldbruskkirtel. Vores test kan give dig svar p\u00e5, hvorfor du f\u00f8ler, som du g\u00f8r. Hvis din skjoldbruskkirtel er underaktiv, bliver niveauet af hormonet TSH i dit blod p\u00e5virket. Dette hormonniveau kan du selv m\u00e5le med vores skjoldbruskkirteltest, som udf\u00f8res med et enkelt og smertefrit stik i fingeren. Testen tager kun 10-15 minutter og giver dig hurtigt og enkelt besked om din skjoldbruskkirtels tilstand. Vores skjoldbruskkirtel-test viser positivt, n\u00e5r TSH-niveauet er h\u00f8jere end 5 \u03bcIU\/mL.<\/p>\n<p>Den er blevet anvendt i sundhedsv\u00e6senet i ca. 10 \u00e5r til hurtigt og enkelt at opdage forandringer i skjoldbruskkirtelfunktionen hos patienter.<\/p>\n<p>Testen er meget sikker og er desuden CE-m\u00e6rket. Brugsanvisninger p\u00e5 dansk medf\u00f8lger.<\/p>\n<h4>Hvorfor skal jeg tage en test?<\/h4>\n<p>Det kan v\u00e6re sv\u00e6rt at opdage en skjoldbruskkirtelsygdom udelukkende p\u00e5 baggrund af symptomer, da de hyppigste symptomer er meget almene. Med en skjoldbruskkirteltest f\u00e5r du klar besked p\u00e5, om din v\u00e6gt\u00f8gning\/tr\u00e6thed\/sl\u00f8vhed\/svimmelhed skyldes en forstyrrelse i skjoldbruskkirtlen eller ej. Det betyder, at du bliver bedre rustet til at s\u00f8ge hj\u00e6lp og f\u00e5 den rette behandling, hvilket er vigtigt, da nogle skjoldbruskkirtelsygdomme kan give alvorlige komplikationer.<\/p>\n<h4>Jernmangeltest<\/h4>\n<p>Jernmangeltesten er en CE-m\u00e6rket test, der m\u00e5ler niveauet af proteinet ferritin i blodet, som er direkte forbundet med jernniveauet og er meget p\u00e5lideligt. Det er via dette protein, at kroppen lagrer jern, ved at ferritin binder sig til jern. Ved at unders\u00f8ge ferritinniveauet i blodet kan man finde ud af, hvordan kroppens jerndepoter ser ud.<\/p>\n<p>Pr\u00f8ven udf\u00f8res ved et prik p\u00e5 fingerspidsen og tager kun et par minutter. Du f\u00e5r straks besked om, hvorvidt dit jernniveau er normalt eller for lavt. Du udf\u00f8rer selv denne jernmangeltest, og du afl\u00e6ser selv resultatet direkte. Brugsanvisninger p\u00e5 dansk medf\u00f8lger.<\/p>\n<h4>Hvad skyldes jernmangel?<\/h4>\n<p>Jernmangel kan skyldes mange ting, s\u00e5som voldsom menstruation, maves\u00e5r, tarmsygdomme eller andre tilstande. Hvis du har lidt blodtab i en ulykke, kan det ogs\u00e5 lede til mangel p\u00e5 jern. Generelt er jernmangel ikke livstruende, men det forringer din livskvalitet.<\/p>\n<p>I puberteten forekommer hurtigt v\u00e6kst, mens kosten dog undertiden kan v\u00e6re ensidig og ern\u00e6ringsfattig. For unge kvinder udg\u00f8r menstruation ogs\u00e5 en yderligere risikofaktor. Der er bevis for, at b\u00f8rn i skolealderen med jernmangel kan opn\u00e5 forbedret kognitiv evne, hvis de behandles med jerntilskud. National Food Agency anbefaler 9 mg\/dag for m\u00e6nd og 15 mg\/dag for menstruerende kvinder, svarende til ca. 0,1-0,3 mg\/kg.<\/p>\n<p>Jernmangel er enkelt at behandle, n\u00e5r det er blevet konstateret. I mange tilf\u00e6lde er et ekstra tilskud af jern i en kortere eller l\u00e6ngere periode tilstr\u00e6kkeligt. Men hvis jernmanglen for\u00e5rsages af en underliggende sygdom, kr\u00e6ves anden behandling. Vores jernmangeltest indikerer positivt, n\u00e5r jernniveauet er under 30 ng\/ml.<\/p>\n<h4>Anvendelse:<\/h4>\n<ol>\n<li>Reng\u00f8r fingeren med alkoholservietten.<\/li>\n<li><span class=\"mobile-undersized-upper\">Brug lancetten til at stikke dig i siden af fingerspidsen<\/span><\/li>\n<li><span class=\"mobile-undersized-upper\">Sug 2-3 dr\u00e5ber blod op med pipetten<\/span><\/li>\n<li><span class=\"mobile-undersized-upper\">Dryp 1-2 dr\u00e5ber blod i testkassettens br\u00f8nd (S).<\/span><\/li>\n<li><span class=\"mobile-undersized-upper\">Dryp derefter 1 dr\u00e5be puffer deri.<\/span><\/li>\n<li><span class=\"mobile-undersized-upper\">Vent 5 minutter, inden resultatet afl\u00e6ses.<\/span><\/li>\n<\/ol>\n<p><img loading=\"lazy\" decoding=\"async\" class=\"alignnone size-full wp-image-55553\" src=\"\/wp-content\/uploads\/2019\/03\/PSA-procedur.png\" alt=\"PSA procedur\" width=\"1455\" height=\"467\" srcset=\"https:\/\/medtest.stagingservers.net\/wp-content\/uploads\/2019\/03\/PSA-procedur.png 1455w, https:\/\/medtest.stagingservers.net\/wp-content\/uploads\/2019\/03\/PSA-procedur-720x231.png 720w, https:\/\/medtest.stagingservers.net\/wp-content\/uploads\/2019\/03\/PSA-procedur-1200x385.png 1200w, https:\/\/medtest.stagingservers.net\/wp-content\/uploads\/2019\/03\/PSA-procedur-768x246.png 768w, https:\/\/medtest.stagingservers.net\/wp-content\/uploads\/2019\/03\/PSA-procedur-416x134.png 416w, https:\/\/medtest.stagingservers.net\/wp-content\/uploads\/2019\/03\/PSA-procedur-300x96.png 300w, https:\/\/medtest.stagingservers.net\/wp-content\/uploads\/2019\/03\/PSA-procedur-1024x329.png 1024w\" sizes=\"auto, (max-width: 1455px) 100vw, 1455px\" \/><\/p>\n<p>&nbsp;<\/p>\n<p>&nbsp;<\/p>\n<h4>Resultater<\/h4>\n<p><img loading=\"lazy\" decoding=\"async\" class=\"wp-image-54831 alignleft\" src=\"https:\/\/medtest.stagingservers.net\/wp-content\/uploads\/2019\/02\/Test-resultat.png\" alt=\"\" width=\"231\" height=\"162\" srcset=\"https:\/\/medtest.stagingservers.net\/wp-content\/uploads\/2019\/02\/Test-resultat.png 912w, https:\/\/medtest.stagingservers.net\/wp-content\/uploads\/2019\/02\/Test-resultat-600x420.png 600w, https:\/\/medtest.stagingservers.net\/wp-content\/uploads\/2019\/02\/Test-resultat-200x140.png 200w, https:\/\/medtest.stagingservers.net\/wp-content\/uploads\/2019\/02\/Test-resultat-720x504.png 720w, https:\/\/medtest.stagingservers.net\/wp-content\/uploads\/2019\/02\/Test-resultat-768x538.png 768w, https:\/\/medtest.stagingservers.net\/wp-content\/uploads\/2019\/02\/Test-resultat-416x291.png 416w, https:\/\/medtest.stagingservers.net\/wp-content\/uploads\/2019\/02\/Test-resultat-300x210.png 300w\" sizes=\"auto, (max-width: 231px) 100vw, 231px\" \/><\/p>\n<ul>\n<li>Resultatet er positivt, hvis der i l\u00f8bet af en reaktionstid p\u00e5 5 minutter ses to violette linjer i reaktionsomr\u00e5det p\u00e5 kasetten (ved &#8220;C&#8221; og &#8220;T&#8221;)<\/li>\n<li>Resultatet er positivt, selv om den violette linje i &#8220;T&#8221; er meget svag. Man kan ofte se et positivt resultat, inden reaktionstiden p\u00e5 5 minutter er g\u00e5et.<\/li>\n<li>Brugervejleding er inkluderet i pakken.<\/li>\n<\/ul>\n<p>C = Control (Kontrol)<\/p>\n<p>T = Test<\/p>\n<p>S = Sample (Pr\u00f8ve)<\/p>\n<p>&nbsp;<\/p>\n<p>Brugsanvisninger p\u00e5 dansk medf\u00f8lger.<\/p>\n","protected":false},"excerpt":{"rendered":"<p>CE-m\u00e6rkede hjemmetests med svar inden for 10 minutter.<br \/>\nJernmangelstest, der m\u00e5ler niveauet af proteinferritin i blodet.<br \/>\nMaves\u00e5rstest til p\u00e5visning af H. pylori i aff\u00f8ringen.<br \/>\nSkjoldbruskkirteltest, der m\u00e5ler skjoldbruskkirtelstimulerende hormon (TSH) i dit blod.<\/p>\n","protected":false},"featured_media":85410,"comment_status":"closed","ping_status":"closed","template":"","meta":{"_acf_changed":false,"footnotes":""},"product_brand":[],"product_cat":[870,862,876],"product_tag":[],"class_list":{"0":"post-72040","1":"product","2":"type-product","3":"status-publish","4":"has-post-thumbnail","6":"product_cat-jernmangel","7":"product_cat-pakkelosning","8":"product_cat-skjoldbruskkirtel","10":"first","11":"instock","12":"taxable","13":"shipping-taxable","14":"purchasable","15":"product-type-simple"},"acf":[],"yoast_head":"<title>Jern &amp; Skjoldbruskkirtel - Medtest.shop<\/title>\n<meta name=\"description\" content=\"Jern &amp; Skjoldbruskkirtel - Medtest.shop\" \/>\n<meta name=\"robots\" content=\"noindex, follow, max-snippet:-1, max-image-preview:large, max-video-preview:-1\" \/>\n<meta property=\"og:locale\" content=\"da_DK\" \/>\n<meta property=\"og:type\" content=\"article\" \/>\n<meta property=\"og:title\" content=\"Jern &amp; Skjoldbruskkirtel - Medtest.shop\" \/>\n<meta property=\"og:description\" content=\"Jern &amp; Skjoldbruskkirtel - Medtest.shop\" \/>\n<meta property=\"og:url\" content=\"https:\/\/medtest.stagingservers.net\/da\/vare\/jern-skjoldbruskkirtel-mavesar\/\" \/>\n<meta property=\"og:site_name\" content=\"Medtest.shop\" \/>\n<meta property=\"article:publisher\" content=\"https:\/\/www.facebook.com\/Medtest-1440779469392476\/\" \/>\n<meta property=\"article:modified_time\" content=\"2020-09-08T09:54:40+00:00\" \/>\n<meta property=\"og:image\" content=\"https:\/\/medtest.stagingservers.net\/wp-content\/uploads\/2019\/08\/J-rn-sk-ld-DK.png\" \/>\n\t<meta property=\"og:image:width\" content=\"1051\" \/>\n\t<meta property=\"og:image:height\" content=\"536\" \/>\n\t<meta property=\"og:image:type\" content=\"image\/png\" \/>\n<meta name=\"twitter:card\" content=\"summary_large_image\" \/>\n<script type=\"application\/ld+json\" class=\"yoast-schema-graph\">{\"@context\":\"https:\\\/\\\/schema.org\",\"@graph\":[{\"@type\":\"WebPage\",\"@id\":\"https:\\\/\\\/medtest.stagingservers.net\\\/da\\\/vare\\\/jern-skjoldbruskkirtel-mavesar\\\/\",\"url\":\"https:\\\/\\\/medtest.stagingservers.net\\\/da\\\/vare\\\/jern-skjoldbruskkirtel-mavesar\\\/\",\"name\":\"Jern & Skjoldbruskkirtel - Medtest.shop\",\"isPartOf\":{\"@id\":\"https:\\\/\\\/medtest.stagingservers.net\\\/da\\\/#website\"},\"primaryImageOfPage\":{\"@id\":\"https:\\\/\\\/medtest.stagingservers.net\\\/da\\\/vare\\\/jern-skjoldbruskkirtel-mavesar\\\/#primaryimage\"},\"image\":{\"@id\":\"https:\\\/\\\/medtest.stagingservers.net\\\/da\\\/vare\\\/jern-skjoldbruskkirtel-mavesar\\\/#primaryimage\"},\"thumbnailUrl\":\"https:\\\/\\\/medtest.stagingservers.net\\\/wp-content\\\/uploads\\\/2019\\\/08\\\/J-rn-sk-ld-DK.png\",\"datePublished\":\"2019-08-15T09:57:12+00:00\",\"dateModified\":\"2020-09-08T09:54:40+00:00\",\"description\":\"Jern & Skjoldbruskkirtel - Medtest.shop\",\"breadcrumb\":{\"@id\":\"https:\\\/\\\/medtest.stagingservers.net\\\/da\\\/vare\\\/jern-skjoldbruskkirtel-mavesar\\\/#breadcrumb\"},\"inLanguage\":\"da-DK\",\"potentialAction\":[{\"@type\":\"ReadAction\",\"target\":[\"https:\\\/\\\/medtest.stagingservers.net\\\/da\\\/vare\\\/jern-skjoldbruskkirtel-mavesar\\\/\"]}]},{\"@type\":\"ImageObject\",\"inLanguage\":\"da-DK\",\"@id\":\"https:\\\/\\\/medtest.stagingservers.net\\\/da\\\/vare\\\/jern-skjoldbruskkirtel-mavesar\\\/#primaryimage\",\"url\":\"https:\\\/\\\/medtest.stagingservers.net\\\/wp-content\\\/uploads\\\/2019\\\/08\\\/J-rn-sk-ld-DK.png\",\"contentUrl\":\"https:\\\/\\\/medtest.stagingservers.net\\\/wp-content\\\/uploads\\\/2019\\\/08\\\/J-rn-sk-ld-DK.png\",\"width\":1051,\"height\":536},{\"@type\":\"BreadcrumbList\",\"@id\":\"https:\\\/\\\/medtest.stagingservers.net\\\/da\\\/vare\\\/jern-skjoldbruskkirtel-mavesar\\\/#breadcrumb\",\"itemListElement\":[{\"@type\":\"ListItem\",\"position\":1,\"name\":\"Home\",\"item\":\"https:\\\/\\\/medtest.stagingservers.net\\\/da\\\/\"},{\"@type\":\"ListItem\",\"position\":2,\"name\":\"Butik\",\"item\":\"https:\\\/\\\/medtest.stagingservers.net\\\/da\\\/butik\\\/\"},{\"@type\":\"ListItem\",\"position\":3,\"name\":\"Jern &#038; Skjoldbruskkirtel\"}]},{\"@type\":\"WebSite\",\"@id\":\"https:\\\/\\\/medtest.stagingservers.net\\\/da\\\/#website\",\"url\":\"https:\\\/\\\/medtest.stagingservers.net\\\/da\\\/\",\"name\":\"Medtest.shop\",\"description\":\"\",\"publisher\":{\"@id\":\"https:\\\/\\\/medtest.stagingservers.net\\\/da\\\/#organization\"},\"potentialAction\":[{\"@type\":\"SearchAction\",\"target\":{\"@type\":\"EntryPoint\",\"urlTemplate\":\"https:\\\/\\\/medtest.stagingservers.net\\\/da\\\/?s={search_term_string}\"},\"query-input\":{\"@type\":\"PropertyValueSpecification\",\"valueRequired\":true,\"valueName\":\"search_term_string\"}}],\"inLanguage\":\"da-DK\"},{\"@type\":\"Organization\",\"@id\":\"https:\\\/\\\/medtest.stagingservers.net\\\/da\\\/#organization\",\"name\":\"Medtest\",\"url\":\"https:\\\/\\\/medtest.stagingservers.net\\\/da\\\/\",\"logo\":{\"@type\":\"ImageObject\",\"inLanguage\":\"da-DK\",\"@id\":\"https:\\\/\\\/medtest.stagingservers.net\\\/da\\\/#\\\/schema\\\/logo\\\/image\\\/\",\"url\":\"https:\\\/\\\/medtest.stagingservers.net\\\/wp-content\\\/uploads\\\/2018\\\/11\\\/Original.png\",\"contentUrl\":\"https:\\\/\\\/medtest.stagingservers.net\\\/wp-content\\\/uploads\\\/2018\\\/11\\\/Original.png\",\"width\":1024,\"height\":1024,\"caption\":\"Medtest\"},\"image\":{\"@id\":\"https:\\\/\\\/medtest.stagingservers.net\\\/da\\\/#\\\/schema\\\/logo\\\/image\\\/\"},\"sameAs\":[\"https:\\\/\\\/www.facebook.com\\\/Medtest-1440779469392476\\\/\"]}]}<\/script>","yoast_head_json":{"title":"Jern & Skjoldbruskkirtel - Medtest.shop","description":"Jern & Skjoldbruskkirtel - Medtest.shop","robots":{"index":"noindex","follow":"follow","max-snippet":"max-snippet:-1","max-image-preview":"max-image-preview:large","max-video-preview":"max-video-preview:-1"},"og_locale":"da_DK","og_type":"article","og_title":"Jern & Skjoldbruskkirtel - Medtest.shop","og_description":"Jern & Skjoldbruskkirtel - Medtest.shop","og_url":"https:\/\/medtest.stagingservers.net\/da\/vare\/jern-skjoldbruskkirtel-mavesar\/","og_site_name":"Medtest.shop","article_publisher":"https:\/\/www.facebook.com\/Medtest-1440779469392476\/","article_modified_time":"2020-09-08T09:54:40+00:00","og_image":[{"width":1051,"height":536,"url":"https:\/\/medtest.stagingservers.net\/wp-content\/uploads\/2019\/08\/J-rn-sk-ld-DK.png","type":"image\/png"}],"twitter_card":"summary_large_image","schema":{"@context":"https:\/\/schema.org","@graph":[{"@type":"WebPage","@id":"https:\/\/medtest.stagingservers.net\/da\/vare\/jern-skjoldbruskkirtel-mavesar\/","url":"https:\/\/medtest.stagingservers.net\/da\/vare\/jern-skjoldbruskkirtel-mavesar\/","name":"Jern & Skjoldbruskkirtel - Medtest.shop","isPartOf":{"@id":"https:\/\/medtest.stagingservers.net\/da\/#website"},"primaryImageOfPage":{"@id":"https:\/\/medtest.stagingservers.net\/da\/vare\/jern-skjoldbruskkirtel-mavesar\/#primaryimage"},"image":{"@id":"https:\/\/medtest.stagingservers.net\/da\/vare\/jern-skjoldbruskkirtel-mavesar\/#primaryimage"},"thumbnailUrl":"https:\/\/medtest.stagingservers.net\/wp-content\/uploads\/2019\/08\/J-rn-sk-ld-DK.png","datePublished":"2019-08-15T09:57:12+00:00","dateModified":"2020-09-08T09:54:40+00:00","description":"Jern & Skjoldbruskkirtel - Medtest.shop","breadcrumb":{"@id":"https:\/\/medtest.stagingservers.net\/da\/vare\/jern-skjoldbruskkirtel-mavesar\/#breadcrumb"},"inLanguage":"da-DK","potentialAction":[{"@type":"ReadAction","target":["https:\/\/medtest.stagingservers.net\/da\/vare\/jern-skjoldbruskkirtel-mavesar\/"]}]},{"@type":"ImageObject","inLanguage":"da-DK","@id":"https:\/\/medtest.stagingservers.net\/da\/vare\/jern-skjoldbruskkirtel-mavesar\/#primaryimage","url":"https:\/\/medtest.stagingservers.net\/wp-content\/uploads\/2019\/08\/J-rn-sk-ld-DK.png","contentUrl":"https:\/\/medtest.stagingservers.net\/wp-content\/uploads\/2019\/08\/J-rn-sk-ld-DK.png","width":1051,"height":536},{"@type":"BreadcrumbList","@id":"https:\/\/medtest.stagingservers.net\/da\/vare\/jern-skjoldbruskkirtel-mavesar\/#breadcrumb","itemListElement":[{"@type":"ListItem","position":1,"name":"Home","item":"https:\/\/medtest.stagingservers.net\/da\/"},{"@type":"ListItem","position":2,"name":"Butik","item":"https:\/\/medtest.stagingservers.net\/da\/butik\/"},{"@type":"ListItem","position":3,"name":"Jern &#038; Skjoldbruskkirtel"}]},{"@type":"WebSite","@id":"https:\/\/medtest.stagingservers.net\/da\/#website","url":"https:\/\/medtest.stagingservers.net\/da\/","name":"Medtest.shop","description":"","publisher":{"@id":"https:\/\/medtest.stagingservers.net\/da\/#organization"},"potentialAction":[{"@type":"SearchAction","target":{"@type":"EntryPoint","urlTemplate":"https:\/\/medtest.stagingservers.net\/da\/?s={search_term_string}"},"query-input":{"@type":"PropertyValueSpecification","valueRequired":true,"valueName":"search_term_string"}}],"inLanguage":"da-DK"},{"@type":"Organization","@id":"https:\/\/medtest.stagingservers.net\/da\/#organization","name":"Medtest","url":"https:\/\/medtest.stagingservers.net\/da\/","logo":{"@type":"ImageObject","inLanguage":"da-DK","@id":"https:\/\/medtest.stagingservers.net\/da\/#\/schema\/logo\/image\/","url":"https:\/\/medtest.stagingservers.net\/wp-content\/uploads\/2018\/11\/Original.png","contentUrl":"https:\/\/medtest.stagingservers.net\/wp-content\/uploads\/2018\/11\/Original.png","width":1024,"height":1024,"caption":"Medtest"},"image":{"@id":"https:\/\/medtest.stagingservers.net\/da\/#\/schema\/logo\/image\/"},"sameAs":["https:\/\/www.facebook.com\/Medtest-1440779469392476\/"]}]}},"_links":{"self":[{"href":"https:\/\/medtest.stagingservers.net\/da\/wp-json\/wp\/v2\/product\/72040","targetHints":{"allow":["GET"]}}],"collection":[{"href":"https:\/\/medtest.stagingservers.net\/da\/wp-json\/wp\/v2\/product"}],"about":[{"href":"https:\/\/medtest.stagingservers.net\/da\/wp-json\/wp\/v2\/types\/product"}],"replies":[{"embeddable":true,"href":"https:\/\/medtest.stagingservers.net\/da\/wp-json\/wp\/v2\/comments?post=72040"}],"version-history":[{"count":0,"href":"https:\/\/medtest.stagingservers.net\/da\/wp-json\/wp\/v2\/product\/72040\/revisions"}],"wp:featuredmedia":[{"embeddable":true,"href":"https:\/\/medtest.stagingservers.net\/da\/wp-json\/wp\/v2\/media\/85410"}],"wp:attachment":[{"href":"https:\/\/medtest.stagingservers.net\/da\/wp-json\/wp\/v2\/media?parent=72040"}],"wp:term":[{"taxonomy":"product_brand","embeddable":true,"href":"https:\/\/medtest.stagingservers.net\/da\/wp-json\/wp\/v2\/product_brand?post=72040"},{"taxonomy":"product_cat","embeddable":true,"href":"https:\/\/medtest.stagingservers.net\/da\/wp-json\/wp\/v2\/product_cat?post=72040"},{"taxonomy":"product_tag","embeddable":true,"href":"https:\/\/medtest.stagingservers.net\/da\/wp-json\/wp\/v2\/product_tag?post=72040"}],"curies":[{"name":"wp","href":"https:\/\/api.w.org\/{rel}","templated":true}]}}