{"id":72055,"date":"2019-08-15T10:48:43","date_gmt":"2019-08-15T10:48:43","guid":{"rendered":"https:\/\/medtest.stagingservers.net\/product\/aeglosningstest-stav\/"},"modified":"2019-09-28T13:25:34","modified_gmt":"2019-09-28T11:25:34","slug":"aeglosningstest-stav","status":"publish","type":"product","link":"https:\/\/medtest.stagingservers.net\/da\/vare\/aeglosningstest-stav\/","title":{"rendered":"\u00c6gl\u00f8sningstest STAV"},"content":{"rendered":"<h2>\u00c6gl\u00f8sningstest Stav<\/h2>\n<p>\u00c6gl\u00f8sning er den proces, der f\u00f8rer til frigivelse af et eller flere \u00e6g fra din \u00e6ggestok. Hver m\u00e5ned modnes mellem tre og 30 \u00e6g i en af \u200b\u200bdine \u00e6ggestokke. Det st\u00f8rste presses ned i b\u00e6kkenhulen og f\u00f8res ind i \u00e6ggelederen. Dit \u00e6g overlever kun mellem 12 timer og 24 timer, hvis det ikke befrugtes. Du kan s\u00e5ledes kun blive gravid m\u00e5nedligt inden for dette lille vindue, som normalt ikke er l\u00e6ngere end ca. seks dage.<\/p>\n<p>Denne hurtige test er beregnet til at bestemme dine frugtbare dage, s\u00e5 du kan maksimere dine chancer, n\u00e5r du pr\u00f8ver at blive gravid. \u00c6gl\u00f8sningstesten registrerer en stigning i luteiniserende hormon (LH), der forekommer en dag eller to f\u00f8r \u00e6gl\u00f8sning. Dette er nyttigt i forhold til at beslutte det bedste tidspunkt for samleje.<\/p>\n<p>Hver pakke indeholder en teststang, der er pakket i en fugtabsorberende folieemballage og er CE-m\u00e6rket i overensstemmelse med IVD-direktivet. Graviditetspinden er kun til engangsbrug.<\/p>\n<p>Materiale: plastst\u00f8rrelse: ca. 14,5 x 1 cm<\/p>\n<h4><span class=\"tlid-translation translation\" lang=\"da\"><span title=\"\">Brugsanvisning<\/span><br \/>\n<\/span><\/h4>\n<p><span class=\"tlid-translation translation\" lang=\"da\"><span class=\"\" title=\"\">\u00c6gl\u00f8sningstesten skal bruges med friske urinpr\u00f8ver<\/span><\/span><\/p>\n<p><span title=\"\">S\u00e5dan g\u00f8r du:<\/span><\/p>\n<ol>\n<li><span class=\"tlid-translation translation\" lang=\"da\"><span class=\"\" title=\"\">\u00c5bn folieposen og tag produktet ud.<\/span><\/span><\/li>\n<li><span class=\"tlid-translation translation\" lang=\"da\"><span class=\"\" title=\"\">Tis p\u00e5 enden af pinden (2 dr\u00e5ber er nok, ca. 100 \u00b5l) eller dyp den i en beholder med urin.<\/span> <span title=\"\">Overfyld ikke den absorberende pude.<\/span> <\/span><\/li>\n<li><span class=\"tlid-translation translation\" lang=\"da\"><span class=\"\" title=\"\">Om 30 sekunder modtager du et testsvar.<\/span><\/span><\/li>\n<li><span class=\"tlid-translation translation\" lang=\"da\"><span class=\"\" title=\"\">Smid pinden i skraldespanden efter brug.<\/span><\/span><\/li>\n<\/ol>\n<h4>Resultat<\/h4>\n<p><strong><img loading=\"lazy\" decoding=\"async\" class=\"size-full wp-image-71880 alignleft\" src=\"https:\/\/medtest.stagingservers.net\/wp-content\/uploads\/2019\/07\/A-gglossningstest-Stav-Tolka.png\" alt=\"\" width=\"460\" height=\"151\" srcset=\"https:\/\/medtest.stagingservers.net\/wp-content\/uploads\/2019\/07\/A-gglossningstest-Stav-Tolka.png 460w, https:\/\/medtest.stagingservers.net\/wp-content\/uploads\/2019\/07\/A-gglossningstest-Stav-Tolka-416x137.png 416w\" sizes=\"auto, (max-width: 460px) 100vw, 460px\" \/><\/strong>C = Control (Kontrol)<\/p>\n<p>T = Test<\/p>\n<p><strong>Negativ<\/strong>: Hvis der kun vises en lyser\u00f8d linje i kontrolomr\u00e5det, kan du antage, at du ikke har \u00e6gl\u00f8sning.<\/p>\n<p><strong>Positiv<\/strong>: Hvis der vises to lyser\u00f8de linjer i b\u00e5de kontrolomr\u00e5det og testomr\u00e5det, kan du antage, at du har \u00e6gl\u00f8sning.<\/p>\n<p><strong>Ugyldig<\/strong>: Hvis der ikke er noget klart pink-lilla farveb\u00e5nd synligt i b\u00e5de TEST- og CONTROL-omr\u00e5derne, er testen ugyldig. Det anbefales, at testen i dette tilf\u00e6lde gentages.<\/p>\n<p>&nbsp;<\/p>\n<div class=\"text-wrap tlid-copy-target\">\n<h4 class=\"result-shield-container tlid-copy-target\" tabindex=\"0\"><span class=\"tlid-translation translation\" lang=\"da\"><span class=\"\" title=\"\">Opbevaring<\/span><\/span><\/h4>\n<div class=\"result-shield-container tlid-copy-target\" tabindex=\"0\"><span class=\"tlid-translation translation\" lang=\"da\"><br \/>\n<span title=\"\">Opbevar testen i den forseglede emballage, enten ved stuetemperatur eller afk\u00f8let (2-30 \u00b0C).<\/span> <span title=\"\">Produktet er stabilt<\/span> til og med den <span title=\"\">udl\u00f8bsdato, der er angivet p\u00e5 pakningen, og det b\u00f8r forblive i den forseglede taske indtil brug.<\/span> <span class=\"\" title=\"\">Frys ikke ned.<\/span><\/span><\/div>\n<\/div>\n<div class=\"tlid-result-transliteration-container result-transliteration-container transliteration-container\">\n<div class=\"tlid-transliteration-content transliteration-content full\"><\/div>\n<\/div>\n","protected":false},"excerpt":{"rendered":"<p>\u00c6gl\u00f8sningstest Stav \u2013 En nem og hygiejnisk \u00e6gl\u00f8sningstest af h\u00f8j kvalitet magen til dem du kan k\u00f8be p\u00e5 apoteket, bare til en meget lavere pris. \u00c6gl\u00f8sningstest stav er blandt markedets mest sikre og n\u00f8jagtige \u00c6gl\u00f8sningstest, den er CE godkendt. P\u00c5 LAGER<\/p>\n","protected":false},"featured_media":72063,"comment_status":"closed","ping_status":"closed","template":"","meta":{"_acf_changed":false,"footnotes":""},"product_brand":[],"product_cat":[865],"product_tag":[],"class_list":{"0":"post-72055","1":"product","2":"type-product","3":"status-publish","4":"has-post-thumbnail","6":"product_cat-aeglosningstest","8":"first","9":"instock","10":"taxable","11":"shipping-taxable","12":"purchasable","13":"product-type-variable","14":"has-default-attributes"},"acf":[],"yoast_head":"<title>\u00c6gl\u00f8sningstest STAV - Medtest.shop<\/title>\n<meta name=\"description\" content=\"\u00c6gl\u00f8sningstest STAV - Medtest.shop\" \/>\n<meta name=\"robots\" content=\"noindex, follow, max-snippet:-1, max-image-preview:large, max-video-preview:-1\" \/>\n<meta property=\"og:locale\" content=\"da_DK\" \/>\n<meta property=\"og:type\" content=\"article\" \/>\n<meta property=\"og:title\" content=\"\u00c6gl\u00f8sningstest STAV - Medtest.shop\" \/>\n<meta property=\"og:description\" content=\"\u00c6gl\u00f8sningstest STAV - Medtest.shop\" \/>\n<meta property=\"og:url\" content=\"https:\/\/medtest.stagingservers.net\/da\/vare\/aeglosningstest-stav\/\" \/>\n<meta property=\"og:site_name\" content=\"Medtest.shop\" \/>\n<meta property=\"article:publisher\" content=\"https:\/\/www.facebook.com\/Medtest-1440779469392476\/\" \/>\n<meta property=\"article:modified_time\" content=\"2019-09-28T11:25:34+00:00\" \/>\n<meta property=\"og:image\" content=\"https:\/\/medtest.stagingservers.net\/wp-content\/uploads\/2019\/08\/gl-sningstest-STAV-da.png\" \/>\n\t<meta property=\"og:image:width\" content=\"455\" \/>\n\t<meta property=\"og:image:height\" content=\"322\" \/>\n\t<meta property=\"og:image:type\" content=\"image\/png\" \/>\n<meta name=\"twitter:card\" content=\"summary_large_image\" \/>\n<script type=\"application\/ld+json\" class=\"yoast-schema-graph\">{\"@context\":\"https:\\\/\\\/schema.org\",\"@graph\":[{\"@type\":\"WebPage\",\"@id\":\"https:\\\/\\\/medtest.stagingservers.net\\\/da\\\/vare\\\/aeglosningstest-stav\\\/\",\"url\":\"https:\\\/\\\/medtest.stagingservers.net\\\/da\\\/vare\\\/aeglosningstest-stav\\\/\",\"name\":\"\u00c6gl\u00f8sningstest STAV - Medtest.shop\",\"isPartOf\":{\"@id\":\"https:\\\/\\\/medtest.stagingservers.net\\\/da\\\/#website\"},\"primaryImageOfPage\":{\"@id\":\"https:\\\/\\\/medtest.stagingservers.net\\\/da\\\/vare\\\/aeglosningstest-stav\\\/#primaryimage\"},\"image\":{\"@id\":\"https:\\\/\\\/medtest.stagingservers.net\\\/da\\\/vare\\\/aeglosningstest-stav\\\/#primaryimage\"},\"thumbnailUrl\":\"https:\\\/\\\/medtest.stagingservers.net\\\/wp-content\\\/uploads\\\/2019\\\/08\\\/gl-sningstest-STAV-da.png\",\"datePublished\":\"2019-08-15T10:48:43+00:00\",\"dateModified\":\"2019-09-28T11:25:34+00:00\",\"description\":\"\u00c6gl\u00f8sningstest STAV - Medtest.shop\",\"breadcrumb\":{\"@id\":\"https:\\\/\\\/medtest.stagingservers.net\\\/da\\\/vare\\\/aeglosningstest-stav\\\/#breadcrumb\"},\"inLanguage\":\"da-DK\",\"potentialAction\":[{\"@type\":\"ReadAction\",\"target\":[\"https:\\\/\\\/medtest.stagingservers.net\\\/da\\\/vare\\\/aeglosningstest-stav\\\/\"]}]},{\"@type\":\"ImageObject\",\"inLanguage\":\"da-DK\",\"@id\":\"https:\\\/\\\/medtest.stagingservers.net\\\/da\\\/vare\\\/aeglosningstest-stav\\\/#primaryimage\",\"url\":\"https:\\\/\\\/medtest.stagingservers.net\\\/wp-content\\\/uploads\\\/2019\\\/08\\\/gl-sningstest-STAV-da.png\",\"contentUrl\":\"https:\\\/\\\/medtest.stagingservers.net\\\/wp-content\\\/uploads\\\/2019\\\/08\\\/gl-sningstest-STAV-da.png\",\"width\":455,\"height\":322},{\"@type\":\"BreadcrumbList\",\"@id\":\"https:\\\/\\\/medtest.stagingservers.net\\\/da\\\/vare\\\/aeglosningstest-stav\\\/#breadcrumb\",\"itemListElement\":[{\"@type\":\"ListItem\",\"position\":1,\"name\":\"Home\",\"item\":\"https:\\\/\\\/medtest.stagingservers.net\\\/da\\\/\"},{\"@type\":\"ListItem\",\"position\":2,\"name\":\"Butik\",\"item\":\"https:\\\/\\\/medtest.stagingservers.net\\\/da\\\/butik\\\/\"},{\"@type\":\"ListItem\",\"position\":3,\"name\":\"\u00c6gl\u00f8sningstest STAV\"}]},{\"@type\":\"WebSite\",\"@id\":\"https:\\\/\\\/medtest.stagingservers.net\\\/da\\\/#website\",\"url\":\"https:\\\/\\\/medtest.stagingservers.net\\\/da\\\/\",\"name\":\"Medtest.shop\",\"description\":\"\",\"publisher\":{\"@id\":\"https:\\\/\\\/medtest.stagingservers.net\\\/da\\\/#organization\"},\"potentialAction\":[{\"@type\":\"SearchAction\",\"target\":{\"@type\":\"EntryPoint\",\"urlTemplate\":\"https:\\\/\\\/medtest.stagingservers.net\\\/da\\\/?s={search_term_string}\"},\"query-input\":{\"@type\":\"PropertyValueSpecification\",\"valueRequired\":true,\"valueName\":\"search_term_string\"}}],\"inLanguage\":\"da-DK\"},{\"@type\":\"Organization\",\"@id\":\"https:\\\/\\\/medtest.stagingservers.net\\\/da\\\/#organization\",\"name\":\"Medtest\",\"url\":\"https:\\\/\\\/medtest.stagingservers.net\\\/da\\\/\",\"logo\":{\"@type\":\"ImageObject\",\"inLanguage\":\"da-DK\",\"@id\":\"https:\\\/\\\/medtest.stagingservers.net\\\/da\\\/#\\\/schema\\\/logo\\\/image\\\/\",\"url\":\"https:\\\/\\\/medtest.stagingservers.net\\\/wp-content\\\/uploads\\\/2018\\\/11\\\/Original.png\",\"contentUrl\":\"https:\\\/\\\/medtest.stagingservers.net\\\/wp-content\\\/uploads\\\/2018\\\/11\\\/Original.png\",\"width\":1024,\"height\":1024,\"caption\":\"Medtest\"},\"image\":{\"@id\":\"https:\\\/\\\/medtest.stagingservers.net\\\/da\\\/#\\\/schema\\\/logo\\\/image\\\/\"},\"sameAs\":[\"https:\\\/\\\/www.facebook.com\\\/Medtest-1440779469392476\\\/\"]}]}<\/script>","yoast_head_json":{"title":"\u00c6gl\u00f8sningstest STAV - Medtest.shop","description":"\u00c6gl\u00f8sningstest STAV - Medtest.shop","robots":{"index":"noindex","follow":"follow","max-snippet":"max-snippet:-1","max-image-preview":"max-image-preview:large","max-video-preview":"max-video-preview:-1"},"og_locale":"da_DK","og_type":"article","og_title":"\u00c6gl\u00f8sningstest STAV - Medtest.shop","og_description":"\u00c6gl\u00f8sningstest STAV - Medtest.shop","og_url":"https:\/\/medtest.stagingservers.net\/da\/vare\/aeglosningstest-stav\/","og_site_name":"Medtest.shop","article_publisher":"https:\/\/www.facebook.com\/Medtest-1440779469392476\/","article_modified_time":"2019-09-28T11:25:34+00:00","og_image":[{"width":455,"height":322,"url":"https:\/\/medtest.stagingservers.net\/wp-content\/uploads\/2019\/08\/gl-sningstest-STAV-da.png","type":"image\/png"}],"twitter_card":"summary_large_image","schema":{"@context":"https:\/\/schema.org","@graph":[{"@type":"WebPage","@id":"https:\/\/medtest.stagingservers.net\/da\/vare\/aeglosningstest-stav\/","url":"https:\/\/medtest.stagingservers.net\/da\/vare\/aeglosningstest-stav\/","name":"\u00c6gl\u00f8sningstest STAV - Medtest.shop","isPartOf":{"@id":"https:\/\/medtest.stagingservers.net\/da\/#website"},"primaryImageOfPage":{"@id":"https:\/\/medtest.stagingservers.net\/da\/vare\/aeglosningstest-stav\/#primaryimage"},"image":{"@id":"https:\/\/medtest.stagingservers.net\/da\/vare\/aeglosningstest-stav\/#primaryimage"},"thumbnailUrl":"https:\/\/medtest.stagingservers.net\/wp-content\/uploads\/2019\/08\/gl-sningstest-STAV-da.png","datePublished":"2019-08-15T10:48:43+00:00","dateModified":"2019-09-28T11:25:34+00:00","description":"\u00c6gl\u00f8sningstest STAV - Medtest.shop","breadcrumb":{"@id":"https:\/\/medtest.stagingservers.net\/da\/vare\/aeglosningstest-stav\/#breadcrumb"},"inLanguage":"da-DK","potentialAction":[{"@type":"ReadAction","target":["https:\/\/medtest.stagingservers.net\/da\/vare\/aeglosningstest-stav\/"]}]},{"@type":"ImageObject","inLanguage":"da-DK","@id":"https:\/\/medtest.stagingservers.net\/da\/vare\/aeglosningstest-stav\/#primaryimage","url":"https:\/\/medtest.stagingservers.net\/wp-content\/uploads\/2019\/08\/gl-sningstest-STAV-da.png","contentUrl":"https:\/\/medtest.stagingservers.net\/wp-content\/uploads\/2019\/08\/gl-sningstest-STAV-da.png","width":455,"height":322},{"@type":"BreadcrumbList","@id":"https:\/\/medtest.stagingservers.net\/da\/vare\/aeglosningstest-stav\/#breadcrumb","itemListElement":[{"@type":"ListItem","position":1,"name":"Home","item":"https:\/\/medtest.stagingservers.net\/da\/"},{"@type":"ListItem","position":2,"name":"Butik","item":"https:\/\/medtest.stagingservers.net\/da\/butik\/"},{"@type":"ListItem","position":3,"name":"\u00c6gl\u00f8sningstest STAV"}]},{"@type":"WebSite","@id":"https:\/\/medtest.stagingservers.net\/da\/#website","url":"https:\/\/medtest.stagingservers.net\/da\/","name":"Medtest.shop","description":"","publisher":{"@id":"https:\/\/medtest.stagingservers.net\/da\/#organization"},"potentialAction":[{"@type":"SearchAction","target":{"@type":"EntryPoint","urlTemplate":"https:\/\/medtest.stagingservers.net\/da\/?s={search_term_string}"},"query-input":{"@type":"PropertyValueSpecification","valueRequired":true,"valueName":"search_term_string"}}],"inLanguage":"da-DK"},{"@type":"Organization","@id":"https:\/\/medtest.stagingservers.net\/da\/#organization","name":"Medtest","url":"https:\/\/medtest.stagingservers.net\/da\/","logo":{"@type":"ImageObject","inLanguage":"da-DK","@id":"https:\/\/medtest.stagingservers.net\/da\/#\/schema\/logo\/image\/","url":"https:\/\/medtest.stagingservers.net\/wp-content\/uploads\/2018\/11\/Original.png","contentUrl":"https:\/\/medtest.stagingservers.net\/wp-content\/uploads\/2018\/11\/Original.png","width":1024,"height":1024,"caption":"Medtest"},"image":{"@id":"https:\/\/medtest.stagingservers.net\/da\/#\/schema\/logo\/image\/"},"sameAs":["https:\/\/www.facebook.com\/Medtest-1440779469392476\/"]}]}},"_links":{"self":[{"href":"https:\/\/medtest.stagingservers.net\/da\/wp-json\/wp\/v2\/product\/72055","targetHints":{"allow":["GET"]}}],"collection":[{"href":"https:\/\/medtest.stagingservers.net\/da\/wp-json\/wp\/v2\/product"}],"about":[{"href":"https:\/\/medtest.stagingservers.net\/da\/wp-json\/wp\/v2\/types\/product"}],"replies":[{"embeddable":true,"href":"https:\/\/medtest.stagingservers.net\/da\/wp-json\/wp\/v2\/comments?post=72055"}],"version-history":[{"count":0,"href":"https:\/\/medtest.stagingservers.net\/da\/wp-json\/wp\/v2\/product\/72055\/revisions"}],"wp:featuredmedia":[{"embeddable":true,"href":"https:\/\/medtest.stagingservers.net\/da\/wp-json\/wp\/v2\/media\/72063"}],"wp:attachment":[{"href":"https:\/\/medtest.stagingservers.net\/da\/wp-json\/wp\/v2\/media?parent=72055"}],"wp:term":[{"taxonomy":"product_brand","embeddable":true,"href":"https:\/\/medtest.stagingservers.net\/da\/wp-json\/wp\/v2\/product_brand?post=72055"},{"taxonomy":"product_cat","embeddable":true,"href":"https:\/\/medtest.stagingservers.net\/da\/wp-json\/wp\/v2\/product_cat?post=72055"},{"taxonomy":"product_tag","embeddable":true,"href":"https:\/\/medtest.stagingservers.net\/da\/wp-json\/wp\/v2\/product_tag?post=72055"}],"curies":[{"name":"wp","href":"https:\/\/api.w.org\/{rel}","templated":true}]}}