{"id":85275,"date":"2020-09-04T15:14:57","date_gmt":"2020-09-04T13:14:57","guid":{"rendered":"https:\/\/medtest.stagingservers.net\/product\/tandsmykker-swarovski\/"},"modified":"2020-09-04T15:19:46","modified_gmt":"2020-09-04T13:19:46","slug":"tandsmykker-swarovski","status":"publish","type":"product","link":"https:\/\/medtest.stagingservers.net\/da\/vare\/tandsmykker-swarovski\/","title":{"rendered":"Tandsmykker-Swarovski"},"content":{"rendered":"<h1>Tandsmykker Swarovski krystal<\/h1>\n<p>Tandsmykker fra Swarovski er sm\u00e5 krystaller (1,8 mm i diameter), der er fastgjort til tanden. Swarovski er ber\u00f8mt for at v\u00e6re i stand til at male glas s\u00e5 pr\u00e6cist, at krystallerne glitrer som diamanter. Du bestemmer n\u00f8jagtigt, hvor du vil have disse krystaller p\u00e5 tanden.<\/p>\n<p>Inden tandl\u00e6gen fastg\u00f8r Swarovski-krystallen til tanden, er tanden let poleret. Derefter p\u00e5f\u00f8res en gennemsigtig lim p\u00e5 tanden, som fastg\u00f8r krystallen til tanden. Tandemaljen er ikke beskadiget med denne metode, og du vil ikke m\u00e6rke nogen smerte. Hvis du vil fjerne krystallen efter et stykke tid, kan det g\u00f8res uden problemer.<\/p>\n<p>Med andre ord er tandsmykker en nem m\u00e5de at f\u00e5 et mere personligt og glitrende smil p\u00e5. Du tager smykkerne til din tandl\u00e6ge og beder dem om at fastg\u00f8re det til den \u00f8nskede tand.<\/p>\n<p>En tandsmykker kr\u00e6ver ingen s\u00e6rlig pleje og hverken mere eller mindre tandpleje end dine s\u00e6dvanlige rutiner. Krystallen varer normalt indtil du vil fjerne den, af en eller anden grund, og i forbindelse med fjernelsen beh\u00f8ver du aldrig bekymre dig om at smykkerne efterlader spor p\u00e5 tandemaljen. Tv\u00e6rtimod vil tanden derefter se ud som f\u00f8r krystallen blev limet p\u00e5.<\/p>\n<ul>\n<li>De er sikkert fastgjort til din tand af en tandl\u00e6ge, der bruger tandkomposit i et kontrolleret milj\u00f8 uden forurening.<\/li>\n<li>De beskadiger ikke t\u00e6nderne.<\/li>\n<li>Vi bruger kun produkter, der er sikre for dig og din mund.<\/li>\n<li>De kan vare s\u00e5 l\u00e6nge som en normal tandfyldning ville g\u00f8re.<\/li>\n<li>Farve: Krystal (&#8220;diamantfarve&#8221;, ingen farve)<\/li>\n<li>Krystallen er fremstillet i Tyskland og er af h\u00f8jeste kvalitet.<\/li>\n<\/ul>\n<p>Producent: Saremco AG<\/p>\n<p>Diameter \u00f8 1,8 mm<\/p>\n","protected":false},"excerpt":{"rendered":"<ul>\n<li>Swarovski tandsmykke 1,8 mm<\/li>\n<li>CE-m\u00e6rket<\/li>\n<li>Produceret i Tyskland<\/li>\n<li>Hurtig levering<\/li>\n<li>P\u00e5 lager<\/li>\n<\/ul>\n","protected":false},"featured_media":85276,"comment_status":"closed","ping_status":"closed","template":"","meta":{"_acf_changed":false,"footnotes":""},"product_brand":[],"product_cat":[1019],"product_tag":[],"class_list":{"0":"post-85275","1":"product","2":"type-product","3":"status-publish","4":"has-post-thumbnail","6":"product_cat-tandsmykker","8":"first","9":"instock","10":"taxable","11":"shipping-taxable","12":"purchasable","13":"product-type-simple"},"acf":[],"yoast_head":"<title>Tandsmykker-Swarovski - H\u00f8j kvalitet og hurtig levering - Medtest.shop<\/title>\n<meta name=\"description\" content=\"Tandsmykker-Swarovski - Opret et personligt smil med en Swarovski-krystal og smil med ekstra glitter og glans.Medtest.shop\" \/>\n<meta name=\"robots\" content=\"noindex, follow, max-snippet:-1, max-image-preview:large, max-video-preview:-1\" \/>\n<meta property=\"og:locale\" content=\"da_DK\" \/>\n<meta property=\"og:type\" content=\"article\" \/>\n<meta property=\"og:title\" content=\"Tandsmykker-Swarovski - H\u00f8j kvalitet og hurtig levering - Medtest.shop\" \/>\n<meta property=\"og:description\" content=\"Tandsmykker-Swarovski - Opret et personligt smil med en Swarovski-krystal og smil med ekstra glitter og glans.Medtest.shop\" \/>\n<meta property=\"og:url\" content=\"https:\/\/medtest.stagingservers.net\/da\/vare\/tandsmykker-swarovski\/\" \/>\n<meta property=\"og:site_name\" content=\"Medtest.shop\" \/>\n<meta property=\"article:publisher\" content=\"https:\/\/www.facebook.com\/Medtest-1440779469392476\/\" \/>\n<meta property=\"article:modified_time\" content=\"2020-09-04T13:19:46+00:00\" \/>\n<meta property=\"og:image\" content=\"https:\/\/medtest.stagingservers.net\/wp-content\/uploads\/2020\/07\/Tandsmycke.jpg\" \/>\n\t<meta property=\"og:image:width\" content=\"290\" \/>\n\t<meta property=\"og:image:height\" content=\"290\" \/>\n\t<meta property=\"og:image:type\" content=\"image\/jpeg\" \/>\n<meta name=\"twitter:card\" content=\"summary_large_image\" \/>\n<script type=\"application\/ld+json\" class=\"yoast-schema-graph\">{\"@context\":\"https:\\\/\\\/schema.org\",\"@graph\":[{\"@type\":\"WebPage\",\"@id\":\"https:\\\/\\\/medtest.stagingservers.net\\\/da\\\/vare\\\/tandsmykker-swarovski\\\/\",\"url\":\"https:\\\/\\\/medtest.stagingservers.net\\\/da\\\/vare\\\/tandsmykker-swarovski\\\/\",\"name\":\"Tandsmykker-Swarovski - H\u00f8j kvalitet og hurtig levering - Medtest.shop\",\"isPartOf\":{\"@id\":\"https:\\\/\\\/medtest.stagingservers.net\\\/da\\\/#website\"},\"primaryImageOfPage\":{\"@id\":\"https:\\\/\\\/medtest.stagingservers.net\\\/da\\\/vare\\\/tandsmykker-swarovski\\\/#primaryimage\"},\"image\":{\"@id\":\"https:\\\/\\\/medtest.stagingservers.net\\\/da\\\/vare\\\/tandsmykker-swarovski\\\/#primaryimage\"},\"thumbnailUrl\":\"https:\\\/\\\/medtest.stagingservers.net\\\/wp-content\\\/uploads\\\/2020\\\/07\\\/Tandsmycke.jpg\",\"datePublished\":\"2020-09-04T13:14:57+00:00\",\"dateModified\":\"2020-09-04T13:19:46+00:00\",\"description\":\"Tandsmykker-Swarovski - Opret et personligt smil med en Swarovski-krystal og smil med ekstra glitter og glans.Medtest.shop\",\"breadcrumb\":{\"@id\":\"https:\\\/\\\/medtest.stagingservers.net\\\/da\\\/vare\\\/tandsmykker-swarovski\\\/#breadcrumb\"},\"inLanguage\":\"da-DK\",\"potentialAction\":[{\"@type\":\"ReadAction\",\"target\":[\"https:\\\/\\\/medtest.stagingservers.net\\\/da\\\/vare\\\/tandsmykker-swarovski\\\/\"]}]},{\"@type\":\"ImageObject\",\"inLanguage\":\"da-DK\",\"@id\":\"https:\\\/\\\/medtest.stagingservers.net\\\/da\\\/vare\\\/tandsmykker-swarovski\\\/#primaryimage\",\"url\":\"https:\\\/\\\/medtest.stagingservers.net\\\/wp-content\\\/uploads\\\/2020\\\/07\\\/Tandsmycke.jpg\",\"contentUrl\":\"https:\\\/\\\/medtest.stagingservers.net\\\/wp-content\\\/uploads\\\/2020\\\/07\\\/Tandsmycke.jpg\",\"width\":290,\"height\":290},{\"@type\":\"BreadcrumbList\",\"@id\":\"https:\\\/\\\/medtest.stagingservers.net\\\/da\\\/vare\\\/tandsmykker-swarovski\\\/#breadcrumb\",\"itemListElement\":[{\"@type\":\"ListItem\",\"position\":1,\"name\":\"Home\",\"item\":\"https:\\\/\\\/medtest.stagingservers.net\\\/da\\\/\"},{\"@type\":\"ListItem\",\"position\":2,\"name\":\"Butik\",\"item\":\"https:\\\/\\\/medtest.stagingservers.net\\\/da\\\/butik\\\/\"},{\"@type\":\"ListItem\",\"position\":3,\"name\":\"Tandsmykker-Swarovski\"}]},{\"@type\":\"WebSite\",\"@id\":\"https:\\\/\\\/medtest.stagingservers.net\\\/da\\\/#website\",\"url\":\"https:\\\/\\\/medtest.stagingservers.net\\\/da\\\/\",\"name\":\"Medtest.shop\",\"description\":\"\",\"publisher\":{\"@id\":\"https:\\\/\\\/medtest.stagingservers.net\\\/da\\\/#organization\"},\"potentialAction\":[{\"@type\":\"SearchAction\",\"target\":{\"@type\":\"EntryPoint\",\"urlTemplate\":\"https:\\\/\\\/medtest.stagingservers.net\\\/da\\\/?s={search_term_string}\"},\"query-input\":{\"@type\":\"PropertyValueSpecification\",\"valueRequired\":true,\"valueName\":\"search_term_string\"}}],\"inLanguage\":\"da-DK\"},{\"@type\":\"Organization\",\"@id\":\"https:\\\/\\\/medtest.stagingservers.net\\\/da\\\/#organization\",\"name\":\"Medtest\",\"url\":\"https:\\\/\\\/medtest.stagingservers.net\\\/da\\\/\",\"logo\":{\"@type\":\"ImageObject\",\"inLanguage\":\"da-DK\",\"@id\":\"https:\\\/\\\/medtest.stagingservers.net\\\/da\\\/#\\\/schema\\\/logo\\\/image\\\/\",\"url\":\"https:\\\/\\\/medtest.stagingservers.net\\\/wp-content\\\/uploads\\\/2018\\\/11\\\/Original.png\",\"contentUrl\":\"https:\\\/\\\/medtest.stagingservers.net\\\/wp-content\\\/uploads\\\/2018\\\/11\\\/Original.png\",\"width\":1024,\"height\":1024,\"caption\":\"Medtest\"},\"image\":{\"@id\":\"https:\\\/\\\/medtest.stagingservers.net\\\/da\\\/#\\\/schema\\\/logo\\\/image\\\/\"},\"sameAs\":[\"https:\\\/\\\/www.facebook.com\\\/Medtest-1440779469392476\\\/\"]}]}<\/script>","yoast_head_json":{"title":"Tandsmykker-Swarovski - H\u00f8j kvalitet og hurtig levering - Medtest.shop","description":"Tandsmykker-Swarovski - Opret et personligt smil med en Swarovski-krystal og smil med ekstra glitter og glans.Medtest.shop","robots":{"index":"noindex","follow":"follow","max-snippet":"max-snippet:-1","max-image-preview":"max-image-preview:large","max-video-preview":"max-video-preview:-1"},"og_locale":"da_DK","og_type":"article","og_title":"Tandsmykker-Swarovski - H\u00f8j kvalitet og hurtig levering - Medtest.shop","og_description":"Tandsmykker-Swarovski - Opret et personligt smil med en Swarovski-krystal og smil med ekstra glitter og glans.Medtest.shop","og_url":"https:\/\/medtest.stagingservers.net\/da\/vare\/tandsmykker-swarovski\/","og_site_name":"Medtest.shop","article_publisher":"https:\/\/www.facebook.com\/Medtest-1440779469392476\/","article_modified_time":"2020-09-04T13:19:46+00:00","og_image":[{"width":290,"height":290,"url":"https:\/\/medtest.stagingservers.net\/wp-content\/uploads\/2020\/07\/Tandsmycke.jpg","type":"image\/jpeg"}],"twitter_card":"summary_large_image","schema":{"@context":"https:\/\/schema.org","@graph":[{"@type":"WebPage","@id":"https:\/\/medtest.stagingservers.net\/da\/vare\/tandsmykker-swarovski\/","url":"https:\/\/medtest.stagingservers.net\/da\/vare\/tandsmykker-swarovski\/","name":"Tandsmykker-Swarovski - H\u00f8j kvalitet og hurtig levering - Medtest.shop","isPartOf":{"@id":"https:\/\/medtest.stagingservers.net\/da\/#website"},"primaryImageOfPage":{"@id":"https:\/\/medtest.stagingservers.net\/da\/vare\/tandsmykker-swarovski\/#primaryimage"},"image":{"@id":"https:\/\/medtest.stagingservers.net\/da\/vare\/tandsmykker-swarovski\/#primaryimage"},"thumbnailUrl":"https:\/\/medtest.stagingservers.net\/wp-content\/uploads\/2020\/07\/Tandsmycke.jpg","datePublished":"2020-09-04T13:14:57+00:00","dateModified":"2020-09-04T13:19:46+00:00","description":"Tandsmykker-Swarovski - Opret et personligt smil med en Swarovski-krystal og smil med ekstra glitter og glans.Medtest.shop","breadcrumb":{"@id":"https:\/\/medtest.stagingservers.net\/da\/vare\/tandsmykker-swarovski\/#breadcrumb"},"inLanguage":"da-DK","potentialAction":[{"@type":"ReadAction","target":["https:\/\/medtest.stagingservers.net\/da\/vare\/tandsmykker-swarovski\/"]}]},{"@type":"ImageObject","inLanguage":"da-DK","@id":"https:\/\/medtest.stagingservers.net\/da\/vare\/tandsmykker-swarovski\/#primaryimage","url":"https:\/\/medtest.stagingservers.net\/wp-content\/uploads\/2020\/07\/Tandsmycke.jpg","contentUrl":"https:\/\/medtest.stagingservers.net\/wp-content\/uploads\/2020\/07\/Tandsmycke.jpg","width":290,"height":290},{"@type":"BreadcrumbList","@id":"https:\/\/medtest.stagingservers.net\/da\/vare\/tandsmykker-swarovski\/#breadcrumb","itemListElement":[{"@type":"ListItem","position":1,"name":"Home","item":"https:\/\/medtest.stagingservers.net\/da\/"},{"@type":"ListItem","position":2,"name":"Butik","item":"https:\/\/medtest.stagingservers.net\/da\/butik\/"},{"@type":"ListItem","position":3,"name":"Tandsmykker-Swarovski"}]},{"@type":"WebSite","@id":"https:\/\/medtest.stagingservers.net\/da\/#website","url":"https:\/\/medtest.stagingservers.net\/da\/","name":"Medtest.shop","description":"","publisher":{"@id":"https:\/\/medtest.stagingservers.net\/da\/#organization"},"potentialAction":[{"@type":"SearchAction","target":{"@type":"EntryPoint","urlTemplate":"https:\/\/medtest.stagingservers.net\/da\/?s={search_term_string}"},"query-input":{"@type":"PropertyValueSpecification","valueRequired":true,"valueName":"search_term_string"}}],"inLanguage":"da-DK"},{"@type":"Organization","@id":"https:\/\/medtest.stagingservers.net\/da\/#organization","name":"Medtest","url":"https:\/\/medtest.stagingservers.net\/da\/","logo":{"@type":"ImageObject","inLanguage":"da-DK","@id":"https:\/\/medtest.stagingservers.net\/da\/#\/schema\/logo\/image\/","url":"https:\/\/medtest.stagingservers.net\/wp-content\/uploads\/2018\/11\/Original.png","contentUrl":"https:\/\/medtest.stagingservers.net\/wp-content\/uploads\/2018\/11\/Original.png","width":1024,"height":1024,"caption":"Medtest"},"image":{"@id":"https:\/\/medtest.stagingservers.net\/da\/#\/schema\/logo\/image\/"},"sameAs":["https:\/\/www.facebook.com\/Medtest-1440779469392476\/"]}]}},"_links":{"self":[{"href":"https:\/\/medtest.stagingservers.net\/da\/wp-json\/wp\/v2\/product\/85275","targetHints":{"allow":["GET"]}}],"collection":[{"href":"https:\/\/medtest.stagingservers.net\/da\/wp-json\/wp\/v2\/product"}],"about":[{"href":"https:\/\/medtest.stagingservers.net\/da\/wp-json\/wp\/v2\/types\/product"}],"replies":[{"embeddable":true,"href":"https:\/\/medtest.stagingservers.net\/da\/wp-json\/wp\/v2\/comments?post=85275"}],"version-history":[{"count":0,"href":"https:\/\/medtest.stagingservers.net\/da\/wp-json\/wp\/v2\/product\/85275\/revisions"}],"wp:featuredmedia":[{"embeddable":true,"href":"https:\/\/medtest.stagingservers.net\/da\/wp-json\/wp\/v2\/media\/85276"}],"wp:attachment":[{"href":"https:\/\/medtest.stagingservers.net\/da\/wp-json\/wp\/v2\/media?parent=85275"}],"wp:term":[{"taxonomy":"product_brand","embeddable":true,"href":"https:\/\/medtest.stagingservers.net\/da\/wp-json\/wp\/v2\/product_brand?post=85275"},{"taxonomy":"product_cat","embeddable":true,"href":"https:\/\/medtest.stagingservers.net\/da\/wp-json\/wp\/v2\/product_cat?post=85275"},{"taxonomy":"product_tag","embeddable":true,"href":"https:\/\/medtest.stagingservers.net\/da\/wp-json\/wp\/v2\/product_tag?post=85275"}],"curies":[{"name":"wp","href":"https:\/\/api.w.org\/{rel}","templated":true}]}}