{"id":85385,"date":"2020-09-08T10:26:41","date_gmt":"2020-09-08T08:26:41","guid":{"rendered":"https:\/\/medtest.stagingservers.net\/product\/saedproeve\/"},"modified":"2020-10-16T10:25:26","modified_gmt":"2020-10-16T08:25:26","slug":"saedproeve","status":"publish","type":"product","link":"https:\/\/medtest.stagingservers.net\/da\/vare\/saedproeve\/","title":{"rendered":"S\u00e6dpr\u00f8ve"},"content":{"rendered":"<h1>S\u00e6dpr\u00f8ve<\/h1>\n<p>Denne s\u00e6dpr\u00f8ve er en simpel screeningstest, der let kan udf\u00f8res derhjemme.<\/p>\n<p>Det ansl\u00e5s, at omkring 20% \u200b\u200baf alle m\u00e6nd har s\u00e6d af lav kvalitet. Find ud af, om lav s\u00e6dkoncentration er grunden til, at der ikke bliver graviditet for dig. Test dig selv ved hj\u00e6lp af vores professionelle s\u00e6dpr\u00f8ve.<\/p>\n<p>S\u00e6dpr\u00f8ven viser, om manden har en tilstr\u00e6kkelig m\u00e6ngde s\u00e6d pr. Ml s\u00e6d. I det v\u00e6sentlige betyder det, at testen vil afg\u00f8re, om antallet af s\u00e6dceller er p\u00e5 et passende niveau for befrugtning via samleje. Et positivt resultat indikerer normal s\u00e6dkvalitet; et negativt resultat indikerer nedsat s\u00e6dkvalitet.<\/p>\n<h2>Fordele ved en s\u00e6dpr\u00f8ve<\/h2>\n<p>Der er mange vigtige fordele ved vores s\u00e6dpr\u00f8ve. En af de vigtigste er, at du med denne test hurtigt kan f\u00e5 svar p\u00e5, om problemet ligger hos manden, hvorefter du kan undg\u00e5 andre un\u00f8dvendige tests. Andre vigtige fordele ved denne s\u00e6dpr\u00f8ve til hjemmebrug er:<\/p>\n<ul>\n<li>Det er meget let at udf\u00f8re testen<\/li>\n<li>Du f\u00e5r svar hurtigt<\/li>\n<li>Leveres i en diskret emballage, 100% anonym<\/li>\n<li>Testresultatet er meget korrekt og en god indikation af mandens evne til at g\u00f8re en kvinde gravid<\/li>\n<\/ul>\n<p>I stedet for at booke en aftale p\u00e5 en fertilitetsklinik med lange ventetider, kan du pr\u00f8ve det hjemme. Derefter finder du ud af, om s\u00e6det opretholder den kvalitet, der kr\u00e6ves for at f\u00e5 b\u00f8rn. Testen er let at udf\u00f8re og tager cirka 15 minutter. Det giver svar p\u00e5, om den mandlige s\u00e6dkoncentration er under eller over WHO-gr\u00e6nsen p\u00e5 15 millioner celler pr. Milliliter. Testen har en n\u00f8jagtighed p\u00e5 99,1%.<\/p>\n<p>S\u00e6dkoncentration kan variere mellem forskellige testtilf\u00e6lde. Derfor indeholder testen TO KOMPLETE HJEMMETESTER for at opn\u00e5 de h\u00f8jest mulige p\u00e5lidelige testresultater.<\/p>\n<h2>Testens indhold<\/h2>\n<ul>\n<li>Opsamlingskopper<\/li>\n<li>Fertilitetskassetter<\/li>\n<li>V\u00e6ske A &amp; B<\/li>\n<li>Pipetter<\/li>\n<li>Brugsanvisning<\/li>\n<\/ul>\n<p>S\u00e6dpr\u00f8ven er p\u00e5 lager, og hvis du bestiller inden kl. 15:00, sendes den samme dag.<\/p>\n<p>Hvis du vil l\u00e6gge til fertilitetstest for hende, har vi ogs\u00e5 <a href=\"https:\/\/medtest.stagingservers.net\/da\/vare\/aeglosningstest-strimmel\/\">\u00e6gl\u00f8sningstest<\/a> og en <a href=\"https:\/\/medtest.stagingservers.net\/da\/vare\/graviditetstest-strimmel\/\">graviditetstest<\/a>.<\/p>\n<p>&nbsp;<\/p>\n","protected":false},"excerpt":{"rendered":"<ul>\n<li>Test dig selv hjemme helt anonymt<\/li>\n<li>M\u00e5ler s\u00e6dkoncentration<\/li>\n<li>Viser, om koncentrationen er under 5 millioner eller under \/ over 15 millioner \/ ml<\/li>\n<li>Svar inden for 15 minutter<\/li>\n<li>Testen har en n\u00f8jagtighed p\u00e5 99,1%<\/li>\n<li>2 st hjemmetest<\/li>\n<\/ul>\n","protected":false},"featured_media":85386,"comment_status":"closed","ping_status":"closed","template":"","meta":{"_acf_changed":false,"footnotes":""},"product_brand":[],"product_cat":[1023],"product_tag":[],"class_list":{"0":"post-85385","1":"product","2":"type-product","3":"status-publish","4":"has-post-thumbnail","6":"product_cat-saedproeve","8":"first","9":"instock","10":"taxable","11":"shipping-taxable","12":"purchasable","13":"product-type-simple"},"acf":[],"yoast_head":"<title>S\u00e6dpr\u00f8ve - Find ud af, hvor frugtbar du er - M\u00e5l antallet af s\u00e6dceller -<\/title>\n<meta name=\"description\" content=\"S\u00e6dpr\u00f8ve - 50% af alle fertilitetsproblemer skyldes manden. Med vores s\u00e6dpr\u00f8ve kan du m\u00e5le din s\u00e6dkoncentration derhjemme i fred og ro. 100% anonymt\" \/>\n<meta name=\"robots\" content=\"noindex, follow, max-snippet:-1, max-image-preview:large, max-video-preview:-1\" \/>\n<meta property=\"og:locale\" content=\"da_DK\" \/>\n<meta property=\"og:type\" content=\"article\" \/>\n<meta property=\"og:title\" content=\"S\u00e6dpr\u00f8ve - Find ud af, hvor frugtbar du er - M\u00e5l antallet af s\u00e6dceller -\" \/>\n<meta property=\"og:description\" content=\"S\u00e6dpr\u00f8ve - 50% af alle fertilitetsproblemer skyldes manden. Med vores s\u00e6dpr\u00f8ve kan du m\u00e5le din s\u00e6dkoncentration derhjemme i fred og ro. 100% anonymt\" \/>\n<meta property=\"og:url\" content=\"https:\/\/medtest.stagingservers.net\/da\/vare\/saedproeve\/\" \/>\n<meta property=\"og:site_name\" content=\"Medtest.shop\" \/>\n<meta property=\"article:publisher\" content=\"https:\/\/www.facebook.com\/Medtest-1440779469392476\/\" \/>\n<meta property=\"article:modified_time\" content=\"2020-10-16T08:25:26+00:00\" \/>\n<meta property=\"og:image\" content=\"https:\/\/medtest.stagingservers.net\/wp-content\/uploads\/2020\/09\/Sperm-Bild.png\" \/>\n\t<meta property=\"og:image:width\" content=\"1006\" \/>\n\t<meta property=\"og:image:height\" content=\"1000\" \/>\n\t<meta property=\"og:image:type\" content=\"image\/png\" \/>\n<meta name=\"twitter:card\" content=\"summary_large_image\" \/>\n<script type=\"application\/ld+json\" class=\"yoast-schema-graph\">{\"@context\":\"https:\\\/\\\/schema.org\",\"@graph\":[{\"@type\":\"WebPage\",\"@id\":\"https:\\\/\\\/medtest.stagingservers.net\\\/da\\\/vare\\\/saedproeve\\\/\",\"url\":\"https:\\\/\\\/medtest.stagingservers.net\\\/da\\\/vare\\\/saedproeve\\\/\",\"name\":\"S\u00e6dpr\u00f8ve - Find ud af, hvor frugtbar du er - M\u00e5l antallet af s\u00e6dceller -\",\"isPartOf\":{\"@id\":\"https:\\\/\\\/medtest.stagingservers.net\\\/da\\\/#website\"},\"primaryImageOfPage\":{\"@id\":\"https:\\\/\\\/medtest.stagingservers.net\\\/da\\\/vare\\\/saedproeve\\\/#primaryimage\"},\"image\":{\"@id\":\"https:\\\/\\\/medtest.stagingservers.net\\\/da\\\/vare\\\/saedproeve\\\/#primaryimage\"},\"thumbnailUrl\":\"https:\\\/\\\/medtest.stagingservers.net\\\/wp-content\\\/uploads\\\/2020\\\/09\\\/Sperm-Bild.png\",\"datePublished\":\"2020-09-08T08:26:41+00:00\",\"dateModified\":\"2020-10-16T08:25:26+00:00\",\"description\":\"S\u00e6dpr\u00f8ve - 50% af alle fertilitetsproblemer skyldes manden. Med vores s\u00e6dpr\u00f8ve kan du m\u00e5le din s\u00e6dkoncentration derhjemme i fred og ro. 100% anonymt\",\"breadcrumb\":{\"@id\":\"https:\\\/\\\/medtest.stagingservers.net\\\/da\\\/vare\\\/saedproeve\\\/#breadcrumb\"},\"inLanguage\":\"da-DK\",\"potentialAction\":[{\"@type\":\"ReadAction\",\"target\":[\"https:\\\/\\\/medtest.stagingservers.net\\\/da\\\/vare\\\/saedproeve\\\/\"]}]},{\"@type\":\"ImageObject\",\"inLanguage\":\"da-DK\",\"@id\":\"https:\\\/\\\/medtest.stagingservers.net\\\/da\\\/vare\\\/saedproeve\\\/#primaryimage\",\"url\":\"https:\\\/\\\/medtest.stagingservers.net\\\/wp-content\\\/uploads\\\/2020\\\/09\\\/Sperm-Bild.png\",\"contentUrl\":\"https:\\\/\\\/medtest.stagingservers.net\\\/wp-content\\\/uploads\\\/2020\\\/09\\\/Sperm-Bild.png\",\"width\":1006,\"height\":1000,\"caption\":\"S\u00e6dpr\u00f8ve\"},{\"@type\":\"BreadcrumbList\",\"@id\":\"https:\\\/\\\/medtest.stagingservers.net\\\/da\\\/vare\\\/saedproeve\\\/#breadcrumb\",\"itemListElement\":[{\"@type\":\"ListItem\",\"position\":1,\"name\":\"Home\",\"item\":\"https:\\\/\\\/medtest.stagingservers.net\\\/da\\\/\"},{\"@type\":\"ListItem\",\"position\":2,\"name\":\"Butik\",\"item\":\"https:\\\/\\\/medtest.stagingservers.net\\\/da\\\/butik\\\/\"},{\"@type\":\"ListItem\",\"position\":3,\"name\":\"S\u00e6dpr\u00f8ve\"}]},{\"@type\":\"WebSite\",\"@id\":\"https:\\\/\\\/medtest.stagingservers.net\\\/da\\\/#website\",\"url\":\"https:\\\/\\\/medtest.stagingservers.net\\\/da\\\/\",\"name\":\"Medtest.shop\",\"description\":\"\",\"publisher\":{\"@id\":\"https:\\\/\\\/medtest.stagingservers.net\\\/da\\\/#organization\"},\"potentialAction\":[{\"@type\":\"SearchAction\",\"target\":{\"@type\":\"EntryPoint\",\"urlTemplate\":\"https:\\\/\\\/medtest.stagingservers.net\\\/da\\\/?s={search_term_string}\"},\"query-input\":{\"@type\":\"PropertyValueSpecification\",\"valueRequired\":true,\"valueName\":\"search_term_string\"}}],\"inLanguage\":\"da-DK\"},{\"@type\":\"Organization\",\"@id\":\"https:\\\/\\\/medtest.stagingservers.net\\\/da\\\/#organization\",\"name\":\"Medtest\",\"url\":\"https:\\\/\\\/medtest.stagingservers.net\\\/da\\\/\",\"logo\":{\"@type\":\"ImageObject\",\"inLanguage\":\"da-DK\",\"@id\":\"https:\\\/\\\/medtest.stagingservers.net\\\/da\\\/#\\\/schema\\\/logo\\\/image\\\/\",\"url\":\"https:\\\/\\\/medtest.stagingservers.net\\\/wp-content\\\/uploads\\\/2018\\\/11\\\/Original.png\",\"contentUrl\":\"https:\\\/\\\/medtest.stagingservers.net\\\/wp-content\\\/uploads\\\/2018\\\/11\\\/Original.png\",\"width\":1024,\"height\":1024,\"caption\":\"Medtest\"},\"image\":{\"@id\":\"https:\\\/\\\/medtest.stagingservers.net\\\/da\\\/#\\\/schema\\\/logo\\\/image\\\/\"},\"sameAs\":[\"https:\\\/\\\/www.facebook.com\\\/Medtest-1440779469392476\\\/\"]}]}<\/script>","yoast_head_json":{"title":"S\u00e6dpr\u00f8ve - Find ud af, hvor frugtbar du er - M\u00e5l antallet af s\u00e6dceller -","description":"S\u00e6dpr\u00f8ve - 50% af alle fertilitetsproblemer skyldes manden. Med vores s\u00e6dpr\u00f8ve kan du m\u00e5le din s\u00e6dkoncentration derhjemme i fred og ro. 100% anonymt","robots":{"index":"noindex","follow":"follow","max-snippet":"max-snippet:-1","max-image-preview":"max-image-preview:large","max-video-preview":"max-video-preview:-1"},"og_locale":"da_DK","og_type":"article","og_title":"S\u00e6dpr\u00f8ve - Find ud af, hvor frugtbar du er - M\u00e5l antallet af s\u00e6dceller -","og_description":"S\u00e6dpr\u00f8ve - 50% af alle fertilitetsproblemer skyldes manden. Med vores s\u00e6dpr\u00f8ve kan du m\u00e5le din s\u00e6dkoncentration derhjemme i fred og ro. 100% anonymt","og_url":"https:\/\/medtest.stagingservers.net\/da\/vare\/saedproeve\/","og_site_name":"Medtest.shop","article_publisher":"https:\/\/www.facebook.com\/Medtest-1440779469392476\/","article_modified_time":"2020-10-16T08:25:26+00:00","og_image":[{"width":1006,"height":1000,"url":"https:\/\/medtest.stagingservers.net\/wp-content\/uploads\/2020\/09\/Sperm-Bild.png","type":"image\/png"}],"twitter_card":"summary_large_image","schema":{"@context":"https:\/\/schema.org","@graph":[{"@type":"WebPage","@id":"https:\/\/medtest.stagingservers.net\/da\/vare\/saedproeve\/","url":"https:\/\/medtest.stagingservers.net\/da\/vare\/saedproeve\/","name":"S\u00e6dpr\u00f8ve - Find ud af, hvor frugtbar du er - M\u00e5l antallet af s\u00e6dceller -","isPartOf":{"@id":"https:\/\/medtest.stagingservers.net\/da\/#website"},"primaryImageOfPage":{"@id":"https:\/\/medtest.stagingservers.net\/da\/vare\/saedproeve\/#primaryimage"},"image":{"@id":"https:\/\/medtest.stagingservers.net\/da\/vare\/saedproeve\/#primaryimage"},"thumbnailUrl":"https:\/\/medtest.stagingservers.net\/wp-content\/uploads\/2020\/09\/Sperm-Bild.png","datePublished":"2020-09-08T08:26:41+00:00","dateModified":"2020-10-16T08:25:26+00:00","description":"S\u00e6dpr\u00f8ve - 50% af alle fertilitetsproblemer skyldes manden. Med vores s\u00e6dpr\u00f8ve kan du m\u00e5le din s\u00e6dkoncentration derhjemme i fred og ro. 100% anonymt","breadcrumb":{"@id":"https:\/\/medtest.stagingservers.net\/da\/vare\/saedproeve\/#breadcrumb"},"inLanguage":"da-DK","potentialAction":[{"@type":"ReadAction","target":["https:\/\/medtest.stagingservers.net\/da\/vare\/saedproeve\/"]}]},{"@type":"ImageObject","inLanguage":"da-DK","@id":"https:\/\/medtest.stagingservers.net\/da\/vare\/saedproeve\/#primaryimage","url":"https:\/\/medtest.stagingservers.net\/wp-content\/uploads\/2020\/09\/Sperm-Bild.png","contentUrl":"https:\/\/medtest.stagingservers.net\/wp-content\/uploads\/2020\/09\/Sperm-Bild.png","width":1006,"height":1000,"caption":"S\u00e6dpr\u00f8ve"},{"@type":"BreadcrumbList","@id":"https:\/\/medtest.stagingservers.net\/da\/vare\/saedproeve\/#breadcrumb","itemListElement":[{"@type":"ListItem","position":1,"name":"Home","item":"https:\/\/medtest.stagingservers.net\/da\/"},{"@type":"ListItem","position":2,"name":"Butik","item":"https:\/\/medtest.stagingservers.net\/da\/butik\/"},{"@type":"ListItem","position":3,"name":"S\u00e6dpr\u00f8ve"}]},{"@type":"WebSite","@id":"https:\/\/medtest.stagingservers.net\/da\/#website","url":"https:\/\/medtest.stagingservers.net\/da\/","name":"Medtest.shop","description":"","publisher":{"@id":"https:\/\/medtest.stagingservers.net\/da\/#organization"},"potentialAction":[{"@type":"SearchAction","target":{"@type":"EntryPoint","urlTemplate":"https:\/\/medtest.stagingservers.net\/da\/?s={search_term_string}"},"query-input":{"@type":"PropertyValueSpecification","valueRequired":true,"valueName":"search_term_string"}}],"inLanguage":"da-DK"},{"@type":"Organization","@id":"https:\/\/medtest.stagingservers.net\/da\/#organization","name":"Medtest","url":"https:\/\/medtest.stagingservers.net\/da\/","logo":{"@type":"ImageObject","inLanguage":"da-DK","@id":"https:\/\/medtest.stagingservers.net\/da\/#\/schema\/logo\/image\/","url":"https:\/\/medtest.stagingservers.net\/wp-content\/uploads\/2018\/11\/Original.png","contentUrl":"https:\/\/medtest.stagingservers.net\/wp-content\/uploads\/2018\/11\/Original.png","width":1024,"height":1024,"caption":"Medtest"},"image":{"@id":"https:\/\/medtest.stagingservers.net\/da\/#\/schema\/logo\/image\/"},"sameAs":["https:\/\/www.facebook.com\/Medtest-1440779469392476\/"]}]}},"_links":{"self":[{"href":"https:\/\/medtest.stagingservers.net\/da\/wp-json\/wp\/v2\/product\/85385","targetHints":{"allow":["GET"]}}],"collection":[{"href":"https:\/\/medtest.stagingservers.net\/da\/wp-json\/wp\/v2\/product"}],"about":[{"href":"https:\/\/medtest.stagingservers.net\/da\/wp-json\/wp\/v2\/types\/product"}],"replies":[{"embeddable":true,"href":"https:\/\/medtest.stagingservers.net\/da\/wp-json\/wp\/v2\/comments?post=85385"}],"version-history":[{"count":2,"href":"https:\/\/medtest.stagingservers.net\/da\/wp-json\/wp\/v2\/product\/85385\/revisions"}],"predecessor-version":[{"id":85548,"href":"https:\/\/medtest.stagingservers.net\/da\/wp-json\/wp\/v2\/product\/85385\/revisions\/85548"}],"wp:featuredmedia":[{"embeddable":true,"href":"https:\/\/medtest.stagingservers.net\/da\/wp-json\/wp\/v2\/media\/85386"}],"wp:attachment":[{"href":"https:\/\/medtest.stagingservers.net\/da\/wp-json\/wp\/v2\/media?parent=85385"}],"wp:term":[{"taxonomy":"product_brand","embeddable":true,"href":"https:\/\/medtest.stagingservers.net\/da\/wp-json\/wp\/v2\/product_brand?post=85385"},{"taxonomy":"product_cat","embeddable":true,"href":"https:\/\/medtest.stagingservers.net\/da\/wp-json\/wp\/v2\/product_cat?post=85385"},{"taxonomy":"product_tag","embeddable":true,"href":"https:\/\/medtest.stagingservers.net\/da\/wp-json\/wp\/v2\/product_tag?post=85385"}],"curies":[{"name":"wp","href":"https:\/\/api.w.org\/{rel}","templated":true}]}}