{"id":90537,"date":"2021-02-17T15:30:09","date_gmt":"2021-02-17T13:30:09","guid":{"rendered":"https:\/\/medtest.stagingservers.net\/?post_type=product&#038;p=90537"},"modified":"2021-02-24T11:28:55","modified_gmt":"2021-02-24T09:28:55","slug":"d-vitamin-selvtest","status":"publish","type":"product","link":"https:\/\/medtest.stagingservers.net\/da\/vare\/d-vitamin-selvtest\/","title":{"rendered":"D-vitamin selvtest"},"content":{"rendered":"<h1>D-vitamin selvtest<\/h1>\n<p>Har du en D-vitaminmangel? Vores D-vitamin selvtest m\u00e5ler D-vitamin i blodet. F\u00e5 svar med det samme.<\/p>\n<p>Med denne selvtest finder du ud af, om du lider af D-vitaminmangel. Testen indikerer, om dit D-vitaminindhold er under 10 eller 30 ng \/ ml. Testen giver resultater i form af tre niveauer:<\/p>\n<ol>\n<li>Manglende niveauer af D-vitamin (0-10 ng \/ ml)<\/li>\n<li>Utilstr\u00e6kkelige niveauer af D-vitamin (10-30 ng \/ ml)<\/li>\n<li>Tilstr\u00e6kkelige niveauer af D-vitamin (30-100 ng \/ ml)<\/li>\n<\/ol>\n<p>Testet udf\u00f8res med en simpel og hurtig stikke i fingeren, hvorefter blodet falder ned i en testkassette. Tils\u00e6t det medf\u00f8lgende pufferv\u00e6ske, og resultatet vises om f\u00e5 minutter. Enkel og meget p\u00e5lidelig. Selvtesten er CE-m\u00e6rket.<\/p>\n<h4>S\u00e5dan g\u00f8r du:<\/h4>\n<ol>\n<li>\n<ol>\n<li>Reng\u00f8r fingeren med alkoholservietten.<\/li>\n<li>Prik dig derefter i fingerspidsen med lancetten.<\/li>\n<li>Sug 2-3 dr\u00e5ber blod op med pipetten.<\/li>\n<li>Dryp 1-2 dr\u00e5ber blod ned i testkassettens br\u00f8nd (S).<\/li>\n<li>Dryp derefter 1 dr\u00e5be puffer deri.<\/li>\n<li>Vent 5 minutter, inden resultatet afl\u00e6ses.<\/li>\n<\/ol>\n<\/li>\n<\/ol>\n<p><img loading=\"lazy\" decoding=\"async\" class=\"alignnone size-medium wp-image-71710\" src=\"https:\/\/medtest.stagingservers.net\/wp-content\/uploads\/2019\/03\/PSA-procedur-720x231.png\" alt=\"PSA procedur\" width=\"720\" height=\"231\" srcset=\"https:\/\/medtest.stagingservers.net\/wp-content\/uploads\/2019\/03\/PSA-procedur-720x231.png 720w, https:\/\/medtest.stagingservers.net\/wp-content\/uploads\/2019\/03\/PSA-procedur-1200x385.png 1200w, https:\/\/medtest.stagingservers.net\/wp-content\/uploads\/2019\/03\/PSA-procedur-768x246.png 768w, https:\/\/medtest.stagingservers.net\/wp-content\/uploads\/2019\/03\/PSA-procedur-416x134.png 416w, https:\/\/medtest.stagingservers.net\/wp-content\/uploads\/2019\/03\/PSA-procedur-300x96.png 300w, https:\/\/medtest.stagingservers.net\/wp-content\/uploads\/2019\/03\/PSA-procedur-1024x329.png 1024w, https:\/\/medtest.stagingservers.net\/wp-content\/uploads\/2019\/03\/PSA-procedur.png 1455w\" sizes=\"auto, (max-width: 720px) 100vw, 720px\" \/><\/p>\n<p>&nbsp;<\/p>\n<p><a href=\"https:\/\/medtest.stagingservers.net\/da\/kontakt-os\/\">Kontakt os<\/a>, hvis du har sp\u00f8rgsm\u00e5l om vores D-vitamin selvtest.<\/p>\n","protected":false},"excerpt":{"rendered":"<ul>\n<li>Svar indenfor 10 minutter<\/li>\n<li>Selvtest derhjemme<\/li>\n<li>Diskret forsendelse<\/li>\n<li>Afsendes samme dag<\/li>\n<li>Levering direkte til postkassen<\/li>\n<li>CE-m\u00e6rket<\/li>\n<\/ul>\n","protected":false},"featured_media":90554,"comment_status":"closed","ping_status":"closed","template":"","meta":{"_acf_changed":false,"footnotes":""},"product_brand":[],"product_cat":[1031],"product_tag":[],"class_list":{"0":"post-90537","1":"product","2":"type-product","3":"status-publish","4":"has-post-thumbnail","6":"product_cat-d-vitamin-test-da","8":"first","9":"instock","10":"taxable","11":"shipping-taxable","12":"purchasable","13":"product-type-simple"},"acf":[],"yoast_head":"<title>D-vitamin selvtest - Vores selvtest m\u00e5ler D-vitamin i blodet Medtest.shop<\/title>\n<meta name=\"description\" content=\"D-vitamin selvtest - D-vitamin selvtest der m\u00e5ler niveauet af D-vitamin i blodet. CE-m\u00e6rket produkt. For m\u00e6nd og kvinder-Medtest.shop\" \/>\n<meta name=\"robots\" content=\"noindex, follow, max-snippet:-1, max-image-preview:large, max-video-preview:-1\" \/>\n<meta property=\"og:locale\" content=\"da_DK\" \/>\n<meta property=\"og:type\" content=\"article\" \/>\n<meta property=\"og:title\" content=\"D-vitamin selvtest - Vores selvtest m\u00e5ler D-vitamin i blodet Medtest.shop\" \/>\n<meta property=\"og:description\" content=\"D-vitamin selvtest - D-vitamin selvtest der m\u00e5ler niveauet af D-vitamin i blodet. CE-m\u00e6rket produkt. For m\u00e6nd og kvinder-Medtest.shop\" \/>\n<meta property=\"og:url\" content=\"https:\/\/medtest.stagingservers.net\/da\/vare\/d-vitamin-selvtest\/\" \/>\n<meta property=\"og:site_name\" content=\"Medtest.shop\" \/>\n<meta property=\"article:publisher\" content=\"https:\/\/www.facebook.com\/Medtest-1440779469392476\/\" \/>\n<meta property=\"article:modified_time\" content=\"2021-02-24T09:28:55+00:00\" \/>\n<meta property=\"og:image\" content=\"https:\/\/medtest.stagingservers.net\/wp-content\/uploads\/2021\/02\/Vitamin-D-DK.jpg\" \/>\n\t<meta property=\"og:image:width\" content=\"767\" \/>\n\t<meta property=\"og:image:height\" content=\"538\" \/>\n\t<meta property=\"og:image:type\" content=\"image\/jpeg\" \/>\n<meta name=\"twitter:card\" content=\"summary_large_image\" \/>\n<script type=\"application\/ld+json\" class=\"yoast-schema-graph\">{\"@context\":\"https:\\\/\\\/schema.org\",\"@graph\":[{\"@type\":\"WebPage\",\"@id\":\"https:\\\/\\\/medtest.stagingservers.net\\\/da\\\/vare\\\/d-vitamin-selvtest\\\/\",\"url\":\"https:\\\/\\\/medtest.stagingservers.net\\\/da\\\/vare\\\/d-vitamin-selvtest\\\/\",\"name\":\"D-vitamin selvtest - Vores selvtest m\u00e5ler D-vitamin i blodet Medtest.shop\",\"isPartOf\":{\"@id\":\"https:\\\/\\\/medtest.stagingservers.net\\\/da\\\/#website\"},\"primaryImageOfPage\":{\"@id\":\"https:\\\/\\\/medtest.stagingservers.net\\\/da\\\/vare\\\/d-vitamin-selvtest\\\/#primaryimage\"},\"image\":{\"@id\":\"https:\\\/\\\/medtest.stagingservers.net\\\/da\\\/vare\\\/d-vitamin-selvtest\\\/#primaryimage\"},\"thumbnailUrl\":\"https:\\\/\\\/medtest.stagingservers.net\\\/wp-content\\\/uploads\\\/2021\\\/02\\\/Vitamin-D-DK.jpg\",\"datePublished\":\"2021-02-17T13:30:09+00:00\",\"dateModified\":\"2021-02-24T09:28:55+00:00\",\"description\":\"D-vitamin selvtest - D-vitamin selvtest der m\u00e5ler niveauet af D-vitamin i blodet. CE-m\u00e6rket produkt. For m\u00e6nd og kvinder-Medtest.shop\",\"breadcrumb\":{\"@id\":\"https:\\\/\\\/medtest.stagingservers.net\\\/da\\\/vare\\\/d-vitamin-selvtest\\\/#breadcrumb\"},\"inLanguage\":\"da-DK\",\"potentialAction\":[{\"@type\":\"ReadAction\",\"target\":[\"https:\\\/\\\/medtest.stagingservers.net\\\/da\\\/vare\\\/d-vitamin-selvtest\\\/\"]}]},{\"@type\":\"ImageObject\",\"inLanguage\":\"da-DK\",\"@id\":\"https:\\\/\\\/medtest.stagingservers.net\\\/da\\\/vare\\\/d-vitamin-selvtest\\\/#primaryimage\",\"url\":\"https:\\\/\\\/medtest.stagingservers.net\\\/wp-content\\\/uploads\\\/2021\\\/02\\\/Vitamin-D-DK.jpg\",\"contentUrl\":\"https:\\\/\\\/medtest.stagingservers.net\\\/wp-content\\\/uploads\\\/2021\\\/02\\\/Vitamin-D-DK.jpg\",\"width\":767,\"height\":538,\"caption\":\"D-vitamin selvtest\"},{\"@type\":\"BreadcrumbList\",\"@id\":\"https:\\\/\\\/medtest.stagingservers.net\\\/da\\\/vare\\\/d-vitamin-selvtest\\\/#breadcrumb\",\"itemListElement\":[{\"@type\":\"ListItem\",\"position\":1,\"name\":\"Home\",\"item\":\"https:\\\/\\\/medtest.stagingservers.net\\\/da\\\/\"},{\"@type\":\"ListItem\",\"position\":2,\"name\":\"Butik\",\"item\":\"https:\\\/\\\/medtest.stagingservers.net\\\/da\\\/butik\\\/\"},{\"@type\":\"ListItem\",\"position\":3,\"name\":\"D-vitamin selvtest\"}]},{\"@type\":\"WebSite\",\"@id\":\"https:\\\/\\\/medtest.stagingservers.net\\\/da\\\/#website\",\"url\":\"https:\\\/\\\/medtest.stagingservers.net\\\/da\\\/\",\"name\":\"Medtest.shop\",\"description\":\"\",\"publisher\":{\"@id\":\"https:\\\/\\\/medtest.stagingservers.net\\\/da\\\/#organization\"},\"potentialAction\":[{\"@type\":\"SearchAction\",\"target\":{\"@type\":\"EntryPoint\",\"urlTemplate\":\"https:\\\/\\\/medtest.stagingservers.net\\\/da\\\/?s={search_term_string}\"},\"query-input\":{\"@type\":\"PropertyValueSpecification\",\"valueRequired\":true,\"valueName\":\"search_term_string\"}}],\"inLanguage\":\"da-DK\"},{\"@type\":\"Organization\",\"@id\":\"https:\\\/\\\/medtest.stagingservers.net\\\/da\\\/#organization\",\"name\":\"Medtest\",\"url\":\"https:\\\/\\\/medtest.stagingservers.net\\\/da\\\/\",\"logo\":{\"@type\":\"ImageObject\",\"inLanguage\":\"da-DK\",\"@id\":\"https:\\\/\\\/medtest.stagingservers.net\\\/da\\\/#\\\/schema\\\/logo\\\/image\\\/\",\"url\":\"https:\\\/\\\/medtest.stagingservers.net\\\/wp-content\\\/uploads\\\/2018\\\/11\\\/Original.png\",\"contentUrl\":\"https:\\\/\\\/medtest.stagingservers.net\\\/wp-content\\\/uploads\\\/2018\\\/11\\\/Original.png\",\"width\":1024,\"height\":1024,\"caption\":\"Medtest\"},\"image\":{\"@id\":\"https:\\\/\\\/medtest.stagingservers.net\\\/da\\\/#\\\/schema\\\/logo\\\/image\\\/\"},\"sameAs\":[\"https:\\\/\\\/www.facebook.com\\\/Medtest-1440779469392476\\\/\"]}]}<\/script>","yoast_head_json":{"title":"D-vitamin selvtest - Vores selvtest m\u00e5ler D-vitamin i blodet Medtest.shop","description":"D-vitamin selvtest - D-vitamin selvtest der m\u00e5ler niveauet af D-vitamin i blodet. CE-m\u00e6rket produkt. For m\u00e6nd og kvinder-Medtest.shop","robots":{"index":"noindex","follow":"follow","max-snippet":"max-snippet:-1","max-image-preview":"max-image-preview:large","max-video-preview":"max-video-preview:-1"},"og_locale":"da_DK","og_type":"article","og_title":"D-vitamin selvtest - Vores selvtest m\u00e5ler D-vitamin i blodet Medtest.shop","og_description":"D-vitamin selvtest - D-vitamin selvtest der m\u00e5ler niveauet af D-vitamin i blodet. CE-m\u00e6rket produkt. For m\u00e6nd og kvinder-Medtest.shop","og_url":"https:\/\/medtest.stagingservers.net\/da\/vare\/d-vitamin-selvtest\/","og_site_name":"Medtest.shop","article_publisher":"https:\/\/www.facebook.com\/Medtest-1440779469392476\/","article_modified_time":"2021-02-24T09:28:55+00:00","og_image":[{"width":767,"height":538,"url":"https:\/\/medtest.stagingservers.net\/wp-content\/uploads\/2021\/02\/Vitamin-D-DK.jpg","type":"image\/jpeg"}],"twitter_card":"summary_large_image","schema":{"@context":"https:\/\/schema.org","@graph":[{"@type":"WebPage","@id":"https:\/\/medtest.stagingservers.net\/da\/vare\/d-vitamin-selvtest\/","url":"https:\/\/medtest.stagingservers.net\/da\/vare\/d-vitamin-selvtest\/","name":"D-vitamin selvtest - Vores selvtest m\u00e5ler D-vitamin i blodet Medtest.shop","isPartOf":{"@id":"https:\/\/medtest.stagingservers.net\/da\/#website"},"primaryImageOfPage":{"@id":"https:\/\/medtest.stagingservers.net\/da\/vare\/d-vitamin-selvtest\/#primaryimage"},"image":{"@id":"https:\/\/medtest.stagingservers.net\/da\/vare\/d-vitamin-selvtest\/#primaryimage"},"thumbnailUrl":"https:\/\/medtest.stagingservers.net\/wp-content\/uploads\/2021\/02\/Vitamin-D-DK.jpg","datePublished":"2021-02-17T13:30:09+00:00","dateModified":"2021-02-24T09:28:55+00:00","description":"D-vitamin selvtest - D-vitamin selvtest der m\u00e5ler niveauet af D-vitamin i blodet. CE-m\u00e6rket produkt. For m\u00e6nd og kvinder-Medtest.shop","breadcrumb":{"@id":"https:\/\/medtest.stagingservers.net\/da\/vare\/d-vitamin-selvtest\/#breadcrumb"},"inLanguage":"da-DK","potentialAction":[{"@type":"ReadAction","target":["https:\/\/medtest.stagingservers.net\/da\/vare\/d-vitamin-selvtest\/"]}]},{"@type":"ImageObject","inLanguage":"da-DK","@id":"https:\/\/medtest.stagingservers.net\/da\/vare\/d-vitamin-selvtest\/#primaryimage","url":"https:\/\/medtest.stagingservers.net\/wp-content\/uploads\/2021\/02\/Vitamin-D-DK.jpg","contentUrl":"https:\/\/medtest.stagingservers.net\/wp-content\/uploads\/2021\/02\/Vitamin-D-DK.jpg","width":767,"height":538,"caption":"D-vitamin selvtest"},{"@type":"BreadcrumbList","@id":"https:\/\/medtest.stagingservers.net\/da\/vare\/d-vitamin-selvtest\/#breadcrumb","itemListElement":[{"@type":"ListItem","position":1,"name":"Home","item":"https:\/\/medtest.stagingservers.net\/da\/"},{"@type":"ListItem","position":2,"name":"Butik","item":"https:\/\/medtest.stagingservers.net\/da\/butik\/"},{"@type":"ListItem","position":3,"name":"D-vitamin selvtest"}]},{"@type":"WebSite","@id":"https:\/\/medtest.stagingservers.net\/da\/#website","url":"https:\/\/medtest.stagingservers.net\/da\/","name":"Medtest.shop","description":"","publisher":{"@id":"https:\/\/medtest.stagingservers.net\/da\/#organization"},"potentialAction":[{"@type":"SearchAction","target":{"@type":"EntryPoint","urlTemplate":"https:\/\/medtest.stagingservers.net\/da\/?s={search_term_string}"},"query-input":{"@type":"PropertyValueSpecification","valueRequired":true,"valueName":"search_term_string"}}],"inLanguage":"da-DK"},{"@type":"Organization","@id":"https:\/\/medtest.stagingservers.net\/da\/#organization","name":"Medtest","url":"https:\/\/medtest.stagingservers.net\/da\/","logo":{"@type":"ImageObject","inLanguage":"da-DK","@id":"https:\/\/medtest.stagingservers.net\/da\/#\/schema\/logo\/image\/","url":"https:\/\/medtest.stagingservers.net\/wp-content\/uploads\/2018\/11\/Original.png","contentUrl":"https:\/\/medtest.stagingservers.net\/wp-content\/uploads\/2018\/11\/Original.png","width":1024,"height":1024,"caption":"Medtest"},"image":{"@id":"https:\/\/medtest.stagingservers.net\/da\/#\/schema\/logo\/image\/"},"sameAs":["https:\/\/www.facebook.com\/Medtest-1440779469392476\/"]}]}},"_links":{"self":[{"href":"https:\/\/medtest.stagingservers.net\/da\/wp-json\/wp\/v2\/product\/90537","targetHints":{"allow":["GET"]}}],"collection":[{"href":"https:\/\/medtest.stagingservers.net\/da\/wp-json\/wp\/v2\/product"}],"about":[{"href":"https:\/\/medtest.stagingservers.net\/da\/wp-json\/wp\/v2\/types\/product"}],"replies":[{"embeddable":true,"href":"https:\/\/medtest.stagingservers.net\/da\/wp-json\/wp\/v2\/comments?post=90537"}],"version-history":[{"count":5,"href":"https:\/\/medtest.stagingservers.net\/da\/wp-json\/wp\/v2\/product\/90537\/revisions"}],"predecessor-version":[{"id":90831,"href":"https:\/\/medtest.stagingservers.net\/da\/wp-json\/wp\/v2\/product\/90537\/revisions\/90831"}],"wp:featuredmedia":[{"embeddable":true,"href":"https:\/\/medtest.stagingservers.net\/da\/wp-json\/wp\/v2\/media\/90554"}],"wp:attachment":[{"href":"https:\/\/medtest.stagingservers.net\/da\/wp-json\/wp\/v2\/media?parent=90537"}],"wp:term":[{"taxonomy":"product_brand","embeddable":true,"href":"https:\/\/medtest.stagingservers.net\/da\/wp-json\/wp\/v2\/product_brand?post=90537"},{"taxonomy":"product_cat","embeddable":true,"href":"https:\/\/medtest.stagingservers.net\/da\/wp-json\/wp\/v2\/product_cat?post=90537"},{"taxonomy":"product_tag","embeddable":true,"href":"https:\/\/medtest.stagingservers.net\/da\/wp-json\/wp\/v2\/product_tag?post=90537"}],"curies":[{"name":"wp","href":"https:\/\/api.w.org\/{rel}","templated":true}]}}