{"id":72524,"date":"2019-08-23T09:36:23","date_gmt":"2019-08-23T09:36:23","guid":{"rendered":"https:\/\/medtest.stagingservers.net\/yhteydenottolomake\/"},"modified":"2019-08-27T08:21:57","modified_gmt":"2019-08-27T08:21:57","slug":"yhteydenottolomake","status":"publish","type":"page","link":"https:\/\/medtest.stagingservers.net\/fi\/yhteydenottolomake\/","title":{"rendered":"Ota meihin yhteytt\u00e4"},"content":{"rendered":"\n<h5 class=\"wp-block-heading\"><a href=\"mailto:order@medtest.shop\">order@medtest.shop<\/a><\/h5>\n\n<div class=\"wpcf7 no-js\" id=\"wpcf7-f72540-o1\" lang=\"fi-FI\" dir=\"ltr\" data-wpcf7-id=\"72540\">\n<div class=\"screen-reader-response\"><p role=\"status\" aria-live=\"polite\" aria-atomic=\"true\"><\/p> <ul><\/ul><\/div>\n<form action=\"\/fi\/wp-json\/wp\/v2\/pages\/72524#wpcf7-f72540-o1\" method=\"post\" class=\"wpcf7-form init\" aria-label=\"Contact form\" novalidate=\"novalidate\" data-status=\"init\">\n<fieldset class=\"hidden-fields-container\"><input type=\"hidden\" name=\"_wpcf7\" value=\"72540\" \/><input type=\"hidden\" name=\"_wpcf7_version\" value=\"6.1.5\" \/><input type=\"hidden\" name=\"_wpcf7_locale\" value=\"fi_FI\" \/><input type=\"hidden\" name=\"_wpcf7_unit_tag\" value=\"wpcf7-f72540-o1\" \/><input type=\"hidden\" name=\"_wpcf7_container_post\" value=\"0\" \/><input type=\"hidden\" name=\"_wpcf7_posted_data_hash\" value=\"\" \/>\n<\/fieldset>\n<p><label> Nimesi (pakollinen)<br \/>\n<span class=\"wpcf7-form-control-wrap\" data-name=\"your-name\"><input size=\"40\" maxlength=\"400\" class=\"wpcf7-form-control wpcf7-text wpcf7-validates-as-required\" aria-required=\"true\" aria-invalid=\"false\" value=\"\" type=\"text\" name=\"your-name\" \/><\/span> <\/label>\n<\/p>\n<p><label> S\u00e4hk\u00f6postiosoitteesi (pakollinen)<br \/>\n<span class=\"wpcf7-form-control-wrap\" data-name=\"your-email\"><input size=\"40\" maxlength=\"400\" class=\"wpcf7-form-control wpcf7-email wpcf7-validates-as-required wpcf7-text wpcf7-validates-as-email\" aria-required=\"true\" aria-invalid=\"false\" value=\"\" type=\"email\" name=\"your-email\" \/><\/span> <\/label>\n<\/p>\n<p><label> Viestisi<br \/>\n<span class=\"wpcf7-form-control-wrap\" data-name=\"your-message\"><textarea cols=\"40\" rows=\"10\" maxlength=\"2000\" class=\"wpcf7-form-control wpcf7-textarea\" aria-invalid=\"false\" name=\"your-message\"><\/textarea><\/span> <\/label>\n<\/p>\n<p><span class=\"wpcf7-form-control-wrap\" data-name=\"acceptance-527\"><span class=\"wpcf7-form-control wpcf7-acceptance\"><span class=\"wpcf7-list-item\"><label><input type=\"checkbox\" name=\"acceptance-527\" value=\"1\" aria-invalid=\"false\" \/><span class=\"wpcf7-list-item-label\">Hyv\u00e4ksyn henkil\u00f6tietojeni k\u00e4sittelyn. Tietojasi ei v\u00e4litet\u00e4 kolmansille osapuolille.<\/span><\/label><\/span><\/span><\/span>\n<\/p>\n<p><input class=\"wpcf7-form-control wpcf7-submit has-spinner\" type=\"submit\" value=\"L\u00e4hett\u00e4\u00e4\" \/>\n<\/p><div class=\"wpcf7-response-output\" aria-hidden=\"true\"><\/div>\n<\/form>\n<\/div>\n\n","protected":false},"excerpt":{"rendered":"<p>order@medtest.shop<\/p>\n","protected":false},"author":1,"featured_media":0,"parent":0,"menu_order":10,"comment_status":"closed","ping_status":"closed","template":"","meta":{"_acf_changed":false,"footnotes":""},"class_list":["post-72524","page","type-page","status-publish","hentry"],"acf":[],"yoast_head":"<title>Ota meihin yhteytt\u00e4 - Medtest.shop<\/title>\n<meta name=\"description\" content=\"Ota meihin yhteytt\u00e4 - Medtest.shop\" \/>\n<meta name=\"robots\" content=\"noindex, follow, max-snippet:-1, max-image-preview:large, max-video-preview:-1\" \/>\n<meta property=\"og:locale\" content=\"fi_FI\" \/>\n<meta property=\"og:type\" content=\"article\" \/>\n<meta property=\"og:title\" content=\"Ota meihin yhteytt\u00e4 - Medtest.shop\" \/>\n<meta property=\"og:description\" content=\"Ota meihin yhteytt\u00e4 - Medtest.shop\" \/>\n<meta property=\"og:url\" content=\"https:\/\/medtest.stagingservers.net\/fi\/yhteydenottolomake\/\" \/>\n<meta property=\"og:site_name\" content=\"Medtest.shop\" \/>\n<meta property=\"article:publisher\" content=\"https:\/\/www.facebook.com\/Medtest-1440779469392476\/\" \/>\n<meta property=\"article:modified_time\" content=\"2019-08-27T08:21:57+00:00\" \/>\n<meta name=\"twitter:card\" content=\"summary_large_image\" \/>\n<script type=\"application\/ld+json\" class=\"yoast-schema-graph\">{\"@context\":\"https:\\\/\\\/schema.org\",\"@graph\":[{\"@type\":\"WebPage\",\"@id\":\"https:\\\/\\\/medtest.stagingservers.net\\\/fi\\\/yhteydenottolomake\\\/\",\"url\":\"https:\\\/\\\/medtest.stagingservers.net\\\/fi\\\/yhteydenottolomake\\\/\",\"name\":\"Ota meihin yhteytt\u00e4 - Medtest.shop\",\"isPartOf\":{\"@id\":\"https:\\\/\\\/medtest.stagingservers.net\\\/fi\\\/#website\"},\"datePublished\":\"2019-08-23T09:36:23+00:00\",\"dateModified\":\"2019-08-27T08:21:57+00:00\",\"description\":\"Ota meihin yhteytt\u00e4 - Medtest.shop\",\"breadcrumb\":{\"@id\":\"https:\\\/\\\/medtest.stagingservers.net\\\/fi\\\/yhteydenottolomake\\\/#breadcrumb\"},\"inLanguage\":\"fi-FI\",\"potentialAction\":[{\"@type\":\"ReadAction\",\"target\":[\"https:\\\/\\\/medtest.stagingservers.net\\\/fi\\\/yhteydenottolomake\\\/\"]}]},{\"@type\":\"BreadcrumbList\",\"@id\":\"https:\\\/\\\/medtest.stagingservers.net\\\/fi\\\/yhteydenottolomake\\\/#breadcrumb\",\"itemListElement\":[{\"@type\":\"ListItem\",\"position\":1,\"name\":\"Home\",\"item\":\"https:\\\/\\\/medtest.stagingservers.net\\\/fi\\\/\"},{\"@type\":\"ListItem\",\"position\":2,\"name\":\"Ota meihin yhteytt\u00e4\"}]},{\"@type\":\"WebSite\",\"@id\":\"https:\\\/\\\/medtest.stagingservers.net\\\/fi\\\/#website\",\"url\":\"https:\\\/\\\/medtest.stagingservers.net\\\/fi\\\/\",\"name\":\"Medtest.shop\",\"description\":\"\",\"publisher\":{\"@id\":\"https:\\\/\\\/medtest.stagingservers.net\\\/fi\\\/#organization\"},\"potentialAction\":[{\"@type\":\"SearchAction\",\"target\":{\"@type\":\"EntryPoint\",\"urlTemplate\":\"https:\\\/\\\/medtest.stagingservers.net\\\/fi\\\/?s={search_term_string}\"},\"query-input\":{\"@type\":\"PropertyValueSpecification\",\"valueRequired\":true,\"valueName\":\"search_term_string\"}}],\"inLanguage\":\"fi-FI\"},{\"@type\":\"Organization\",\"@id\":\"https:\\\/\\\/medtest.stagingservers.net\\\/fi\\\/#organization\",\"name\":\"Medtest\",\"url\":\"https:\\\/\\\/medtest.stagingservers.net\\\/fi\\\/\",\"logo\":{\"@type\":\"ImageObject\",\"inLanguage\":\"fi-FI\",\"@id\":\"https:\\\/\\\/medtest.stagingservers.net\\\/fi\\\/#\\\/schema\\\/logo\\\/image\\\/\",\"url\":\"https:\\\/\\\/medtest.stagingservers.net\\\/wp-content\\\/uploads\\\/2018\\\/11\\\/Original.png\",\"contentUrl\":\"https:\\\/\\\/medtest.stagingservers.net\\\/wp-content\\\/uploads\\\/2018\\\/11\\\/Original.png\",\"width\":1024,\"height\":1024,\"caption\":\"Medtest\"},\"image\":{\"@id\":\"https:\\\/\\\/medtest.stagingservers.net\\\/fi\\\/#\\\/schema\\\/logo\\\/image\\\/\"},\"sameAs\":[\"https:\\\/\\\/www.facebook.com\\\/Medtest-1440779469392476\\\/\"]}]}<\/script>","yoast_head_json":{"title":"Ota meihin yhteytt\u00e4 - Medtest.shop","description":"Ota meihin yhteytt\u00e4 - Medtest.shop","robots":{"index":"noindex","follow":"follow","max-snippet":"max-snippet:-1","max-image-preview":"max-image-preview:large","max-video-preview":"max-video-preview:-1"},"og_locale":"fi_FI","og_type":"article","og_title":"Ota meihin yhteytt\u00e4 - Medtest.shop","og_description":"Ota meihin yhteytt\u00e4 - Medtest.shop","og_url":"https:\/\/medtest.stagingservers.net\/fi\/yhteydenottolomake\/","og_site_name":"Medtest.shop","article_publisher":"https:\/\/www.facebook.com\/Medtest-1440779469392476\/","article_modified_time":"2019-08-27T08:21:57+00:00","twitter_card":"summary_large_image","schema":{"@context":"https:\/\/schema.org","@graph":[{"@type":"WebPage","@id":"https:\/\/medtest.stagingservers.net\/fi\/yhteydenottolomake\/","url":"https:\/\/medtest.stagingservers.net\/fi\/yhteydenottolomake\/","name":"Ota meihin yhteytt\u00e4 - Medtest.shop","isPartOf":{"@id":"https:\/\/medtest.stagingservers.net\/fi\/#website"},"datePublished":"2019-08-23T09:36:23+00:00","dateModified":"2019-08-27T08:21:57+00:00","description":"Ota meihin yhteytt\u00e4 - Medtest.shop","breadcrumb":{"@id":"https:\/\/medtest.stagingservers.net\/fi\/yhteydenottolomake\/#breadcrumb"},"inLanguage":"fi-FI","potentialAction":[{"@type":"ReadAction","target":["https:\/\/medtest.stagingservers.net\/fi\/yhteydenottolomake\/"]}]},{"@type":"BreadcrumbList","@id":"https:\/\/medtest.stagingservers.net\/fi\/yhteydenottolomake\/#breadcrumb","itemListElement":[{"@type":"ListItem","position":1,"name":"Home","item":"https:\/\/medtest.stagingservers.net\/fi\/"},{"@type":"ListItem","position":2,"name":"Ota meihin yhteytt\u00e4"}]},{"@type":"WebSite","@id":"https:\/\/medtest.stagingservers.net\/fi\/#website","url":"https:\/\/medtest.stagingservers.net\/fi\/","name":"Medtest.shop","description":"","publisher":{"@id":"https:\/\/medtest.stagingservers.net\/fi\/#organization"},"potentialAction":[{"@type":"SearchAction","target":{"@type":"EntryPoint","urlTemplate":"https:\/\/medtest.stagingservers.net\/fi\/?s={search_term_string}"},"query-input":{"@type":"PropertyValueSpecification","valueRequired":true,"valueName":"search_term_string"}}],"inLanguage":"fi-FI"},{"@type":"Organization","@id":"https:\/\/medtest.stagingservers.net\/fi\/#organization","name":"Medtest","url":"https:\/\/medtest.stagingservers.net\/fi\/","logo":{"@type":"ImageObject","inLanguage":"fi-FI","@id":"https:\/\/medtest.stagingservers.net\/fi\/#\/schema\/logo\/image\/","url":"https:\/\/medtest.stagingservers.net\/wp-content\/uploads\/2018\/11\/Original.png","contentUrl":"https:\/\/medtest.stagingservers.net\/wp-content\/uploads\/2018\/11\/Original.png","width":1024,"height":1024,"caption":"Medtest"},"image":{"@id":"https:\/\/medtest.stagingservers.net\/fi\/#\/schema\/logo\/image\/"},"sameAs":["https:\/\/www.facebook.com\/Medtest-1440779469392476\/"]}]}},"_links":{"self":[{"href":"https:\/\/medtest.stagingservers.net\/fi\/wp-json\/wp\/v2\/pages\/72524","targetHints":{"allow":["GET"]}}],"collection":[{"href":"https:\/\/medtest.stagingservers.net\/fi\/wp-json\/wp\/v2\/pages"}],"about":[{"href":"https:\/\/medtest.stagingservers.net\/fi\/wp-json\/wp\/v2\/types\/page"}],"author":[{"embeddable":true,"href":"https:\/\/medtest.stagingservers.net\/fi\/wp-json\/wp\/v2\/users\/1"}],"replies":[{"embeddable":true,"href":"https:\/\/medtest.stagingservers.net\/fi\/wp-json\/wp\/v2\/comments?post=72524"}],"version-history":[{"count":0,"href":"https:\/\/medtest.stagingservers.net\/fi\/wp-json\/wp\/v2\/pages\/72524\/revisions"}],"wp:attachment":[{"href":"https:\/\/medtest.stagingservers.net\/fi\/wp-json\/wp\/v2\/media?parent=72524"}],"curies":[{"name":"wp","href":"https:\/\/api.w.org\/{rel}","templated":true}]}}