{"id":72532,"date":"2019-08-23T09:44:05","date_gmt":"2019-08-23T09:44:05","guid":{"rendered":"https:\/\/medtest.stagingservers.net\/om-oss\/"},"modified":"2021-03-09T15:03:29","modified_gmt":"2021-03-09T13:03:29","slug":"tietoja-meista","status":"publish","type":"page","link":"https:\/\/medtest.stagingservers.net\/fi\/tietoja-meista\/","title":{"rendered":"Tietoa meist\u00e4"},"content":{"rendered":"\n<h2 class=\"wp-block-heading\">Vuodesta 2016 alkaen olemme toimittaneet edullisia testej\u00e4, jotka voit tehd\u00e4 helposti ja turvallisesti oman kotisi rauhassa.<\/h2>\n\n\n\n<p>Kun virtsaaminen sattuu, meilt\u00e4 l\u00f6ytyy testitikkuja virtsatietulehduksen testaamiseen.<\/p>\n\n\n\n<p>Jos suunnittelet raskautta tai haluat selvitt\u00e4\u00e4, oletko raskaana, meill\u00e4 on niin ovulaatiotestej\u00e4 kuin raskaustestej\u00e4kin.<\/p>\n\n\n\n<p>Yrityksen perustamisen j\u00e4lkeen olemme toimittaneet testej\u00e4 Pohjoismaissa yli 10 000 tyytyv\u00e4iselle asiakkaalle.<\/p>\n\n\n\n<p><strong>Yrityksen historia<\/strong><\/p>\n\n\n\n<p>Medtest perustettiin vuonna 2015.<\/p>\n\n\n\n<p><strong>Erityisasiantuntijuus<\/strong><\/p>\n\n\n\n<p>Medtestin perustaja on ruotsalainen analyyttisen kemian tohtori, joka on tutkinut l\u00e4\u00e4ketieteellist\u00e4 teknologiaa 11 vuotta. Meill\u00e4 on paljon erityisosaamista in vitro -tutkimuksista ja kromatografisista analyyseista. Jos sinulla on kysytt\u00e4v\u00e4\u00e4 testeist\u00e4mme, l\u00e4het\u00e4 viesti s\u00e4hk\u00f6postiosoitteeseen order@medtest.shop.<\/p>\n\n\n\n<p><strong>N\u00e4kemyksemme<\/strong><\/p>\n\n\n\n<p>Haluamme myyd\u00e4 kotitestej\u00e4, jotka helpottavat asiakkaidemme arkea eri tavoin. Ostamme testit suoraan tukusta, jotta voimme pit\u00e4\u00e4 hinnat edullisina.<\/p>\n\n\n\n<p><strong>Nopea toimitus<\/strong><\/p>\n\n\n\n<p>Pyrimme mahdollisimman nopeaan toimitukseen. Kun tilaus tehd\u00e4\u00e4n ennen kello 15.00, tuotteet postitetaan samana p\u00e4iv\u00e4n\u00e4. Ripe\u00e4 toimitus kotiin on yrityksellemme A ja O. Postikulut ovat asiakkaillemme ilmaiset, kun tilauksen arvo ylitt\u00e4\u00e4 50 euroa. Tilaukset toimitetaan PostNordin kautta.<\/p>\n\n\n\n<p><strong>Tuotteemme<\/strong><\/p>\n\n\n\n<p> Joidenkin tuotteiden osalta: Testipakettimme&nbsp;on&nbsp;suunniteltu&nbsp;l\u00e4\u00e4ketieteen&nbsp;ammattilaisten&nbsp;k\u00e4ytt\u00f6\u00f6n.&nbsp;Mukana&nbsp;seuraa&nbsp;helposti&nbsp;ymm\u00e4rrett\u00e4v\u00e4t&nbsp;ohjeet.&nbsp;Testit&nbsp;antavat&nbsp;selke\u00e4n&nbsp;positiivisen&nbsp;tai&nbsp;negatiivisen&nbsp;tuloksen. Ne&nbsp;ovat&nbsp;CE-hyv\u00e4ksyttyj\u00e4&nbsp;ammattik\u00e4ytt\u00f6\u00f6n&nbsp;ja&nbsp;noudattavat&nbsp;asianmukaista&nbsp;EY:n&nbsp;direktiivi\u00e4&nbsp;98\/79\/EY,&nbsp;joka&nbsp;koskee&nbsp;in vitro -diagnostiikkaan&nbsp;tarkoitettuja&nbsp;l\u00e4\u00e4kinn\u00e4llisi\u00e4&nbsp;laitteita.&nbsp; <\/p>\n","protected":false},"excerpt":{"rendered":"<p>Vuodesta 2016 alkaen olemme toimittaneet edullisia testej\u00e4, jotka voit tehd\u00e4 helposti ja turvallisesti oman kotisi rauhassa. Kun virtsaaminen sattuu, meilt\u00e4 l\u00f6ytyy testitikkuja virtsatietulehduksen testaamiseen. Jos suunnittelet raskautta tai haluat selvitt\u00e4\u00e4, oletko raskaana, meill\u00e4 on niin ovulaatiotestej\u00e4 kuin raskaustestej\u00e4kin. Yrityksen perustamisen j\u00e4lkeen olemme toimittaneet testej\u00e4 Pohjoismaissa yli 10 000 tyytyv\u00e4iselle asiakkaalle. Yrityksen historia Medtest perustettiin vuonna [&hellip;]<\/p>\n","protected":false},"author":1,"featured_media":0,"parent":0,"menu_order":10,"comment_status":"closed","ping_status":"closed","template":"","meta":{"_acf_changed":false,"footnotes":""},"class_list":["post-72532","page","type-page","status-publish","hentry"],"acf":[],"yoast_head":"<title>Om oss - V\u00e5rt sortiment dekker de fleste av disse sykdommene - Medtest<\/title>\n<meta name=\"description\" content=\"Om oss - V\u00e5rt sortiment dekker de fleste av disse sykdommene, som overf\u00f8res i seksuell aktivitet som: Chlamydia-, Gonor\u00e9-, Syfilis-, Herpes- og HIV-testing.\" \/>\n<meta name=\"robots\" content=\"noindex, follow, max-snippet:-1, max-image-preview:large, max-video-preview:-1\" \/>\n<meta property=\"og:locale\" content=\"fi_FI\" \/>\n<meta property=\"og:type\" content=\"article\" \/>\n<meta property=\"og:title\" content=\"Om oss - V\u00e5rt sortiment dekker de fleste av disse sykdommene - Medtest\" \/>\n<meta property=\"og:description\" content=\"Om oss - V\u00e5rt sortiment dekker de fleste av disse sykdommene, som overf\u00f8res i seksuell aktivitet som: Chlamydia-, Gonor\u00e9-, Syfilis-, Herpes- og HIV-testing.\" \/>\n<meta property=\"og:url\" content=\"https:\/\/medtest.stagingservers.net\/fi\/tietoja-meista\/\" \/>\n<meta property=\"og:site_name\" content=\"Medtest.shop\" \/>\n<meta property=\"article:publisher\" content=\"https:\/\/www.facebook.com\/Medtest-1440779469392476\/\" \/>\n<meta property=\"article:modified_time\" content=\"2021-03-09T13:03:29+00:00\" \/>\n<meta name=\"twitter:card\" content=\"summary_large_image\" \/>\n<script type=\"application\/ld+json\" class=\"yoast-schema-graph\">{\"@context\":\"https:\\\/\\\/schema.org\",\"@graph\":[{\"@type\":\"WebPage\",\"@id\":\"https:\\\/\\\/medtest.stagingservers.net\\\/fi\\\/tietoja-meista\\\/\",\"url\":\"https:\\\/\\\/medtest.stagingservers.net\\\/fi\\\/tietoja-meista\\\/\",\"name\":\"Om oss - V\u00e5rt sortiment dekker de fleste av disse sykdommene - Medtest\",\"isPartOf\":{\"@id\":\"https:\\\/\\\/medtest.stagingservers.net\\\/fi\\\/#website\"},\"datePublished\":\"2019-08-23T09:44:05+00:00\",\"dateModified\":\"2021-03-09T13:03:29+00:00\",\"description\":\"Om oss - V\u00e5rt sortiment dekker de fleste av disse sykdommene, som overf\u00f8res i seksuell aktivitet som: Chlamydia-, Gonor\u00e9-, Syfilis-, Herpes- og HIV-testing.\",\"breadcrumb\":{\"@id\":\"https:\\\/\\\/medtest.stagingservers.net\\\/fi\\\/tietoja-meista\\\/#breadcrumb\"},\"inLanguage\":\"fi-FI\",\"potentialAction\":[{\"@type\":\"ReadAction\",\"target\":[\"https:\\\/\\\/medtest.stagingservers.net\\\/fi\\\/tietoja-meista\\\/\"]}]},{\"@type\":\"BreadcrumbList\",\"@id\":\"https:\\\/\\\/medtest.stagingservers.net\\\/fi\\\/tietoja-meista\\\/#breadcrumb\",\"itemListElement\":[{\"@type\":\"ListItem\",\"position\":1,\"name\":\"Home\",\"item\":\"https:\\\/\\\/medtest.stagingservers.net\\\/fi\\\/\"},{\"@type\":\"ListItem\",\"position\":2,\"name\":\"Tietoa meist\u00e4\"}]},{\"@type\":\"WebSite\",\"@id\":\"https:\\\/\\\/medtest.stagingservers.net\\\/fi\\\/#website\",\"url\":\"https:\\\/\\\/medtest.stagingservers.net\\\/fi\\\/\",\"name\":\"Medtest.shop\",\"description\":\"\",\"publisher\":{\"@id\":\"https:\\\/\\\/medtest.stagingservers.net\\\/fi\\\/#organization\"},\"potentialAction\":[{\"@type\":\"SearchAction\",\"target\":{\"@type\":\"EntryPoint\",\"urlTemplate\":\"https:\\\/\\\/medtest.stagingservers.net\\\/fi\\\/?s={search_term_string}\"},\"query-input\":{\"@type\":\"PropertyValueSpecification\",\"valueRequired\":true,\"valueName\":\"search_term_string\"}}],\"inLanguage\":\"fi-FI\"},{\"@type\":\"Organization\",\"@id\":\"https:\\\/\\\/medtest.stagingservers.net\\\/fi\\\/#organization\",\"name\":\"Medtest\",\"url\":\"https:\\\/\\\/medtest.stagingservers.net\\\/fi\\\/\",\"logo\":{\"@type\":\"ImageObject\",\"inLanguage\":\"fi-FI\",\"@id\":\"https:\\\/\\\/medtest.stagingservers.net\\\/fi\\\/#\\\/schema\\\/logo\\\/image\\\/\",\"url\":\"https:\\\/\\\/medtest.stagingservers.net\\\/wp-content\\\/uploads\\\/2018\\\/11\\\/Original.png\",\"contentUrl\":\"https:\\\/\\\/medtest.stagingservers.net\\\/wp-content\\\/uploads\\\/2018\\\/11\\\/Original.png\",\"width\":1024,\"height\":1024,\"caption\":\"Medtest\"},\"image\":{\"@id\":\"https:\\\/\\\/medtest.stagingservers.net\\\/fi\\\/#\\\/schema\\\/logo\\\/image\\\/\"},\"sameAs\":[\"https:\\\/\\\/www.facebook.com\\\/Medtest-1440779469392476\\\/\"]}]}<\/script>","yoast_head_json":{"title":"Om oss - V\u00e5rt sortiment dekker de fleste av disse sykdommene - Medtest","description":"Om oss - V\u00e5rt sortiment dekker de fleste av disse sykdommene, som overf\u00f8res i seksuell aktivitet som: Chlamydia-, Gonor\u00e9-, Syfilis-, Herpes- og HIV-testing.","robots":{"index":"noindex","follow":"follow","max-snippet":"max-snippet:-1","max-image-preview":"max-image-preview:large","max-video-preview":"max-video-preview:-1"},"og_locale":"fi_FI","og_type":"article","og_title":"Om oss - V\u00e5rt sortiment dekker de fleste av disse sykdommene - Medtest","og_description":"Om oss - V\u00e5rt sortiment dekker de fleste av disse sykdommene, som overf\u00f8res i seksuell aktivitet som: Chlamydia-, Gonor\u00e9-, Syfilis-, Herpes- og HIV-testing.","og_url":"https:\/\/medtest.stagingservers.net\/fi\/tietoja-meista\/","og_site_name":"Medtest.shop","article_publisher":"https:\/\/www.facebook.com\/Medtest-1440779469392476\/","article_modified_time":"2021-03-09T13:03:29+00:00","twitter_card":"summary_large_image","schema":{"@context":"https:\/\/schema.org","@graph":[{"@type":"WebPage","@id":"https:\/\/medtest.stagingservers.net\/fi\/tietoja-meista\/","url":"https:\/\/medtest.stagingservers.net\/fi\/tietoja-meista\/","name":"Om oss - V\u00e5rt sortiment dekker de fleste av disse sykdommene - Medtest","isPartOf":{"@id":"https:\/\/medtest.stagingservers.net\/fi\/#website"},"datePublished":"2019-08-23T09:44:05+00:00","dateModified":"2021-03-09T13:03:29+00:00","description":"Om oss - V\u00e5rt sortiment dekker de fleste av disse sykdommene, som overf\u00f8res i seksuell aktivitet som: Chlamydia-, Gonor\u00e9-, Syfilis-, Herpes- og HIV-testing.","breadcrumb":{"@id":"https:\/\/medtest.stagingservers.net\/fi\/tietoja-meista\/#breadcrumb"},"inLanguage":"fi-FI","potentialAction":[{"@type":"ReadAction","target":["https:\/\/medtest.stagingservers.net\/fi\/tietoja-meista\/"]}]},{"@type":"BreadcrumbList","@id":"https:\/\/medtest.stagingservers.net\/fi\/tietoja-meista\/#breadcrumb","itemListElement":[{"@type":"ListItem","position":1,"name":"Home","item":"https:\/\/medtest.stagingservers.net\/fi\/"},{"@type":"ListItem","position":2,"name":"Tietoa meist\u00e4"}]},{"@type":"WebSite","@id":"https:\/\/medtest.stagingservers.net\/fi\/#website","url":"https:\/\/medtest.stagingservers.net\/fi\/","name":"Medtest.shop","description":"","publisher":{"@id":"https:\/\/medtest.stagingservers.net\/fi\/#organization"},"potentialAction":[{"@type":"SearchAction","target":{"@type":"EntryPoint","urlTemplate":"https:\/\/medtest.stagingservers.net\/fi\/?s={search_term_string}"},"query-input":{"@type":"PropertyValueSpecification","valueRequired":true,"valueName":"search_term_string"}}],"inLanguage":"fi-FI"},{"@type":"Organization","@id":"https:\/\/medtest.stagingservers.net\/fi\/#organization","name":"Medtest","url":"https:\/\/medtest.stagingservers.net\/fi\/","logo":{"@type":"ImageObject","inLanguage":"fi-FI","@id":"https:\/\/medtest.stagingservers.net\/fi\/#\/schema\/logo\/image\/","url":"https:\/\/medtest.stagingservers.net\/wp-content\/uploads\/2018\/11\/Original.png","contentUrl":"https:\/\/medtest.stagingservers.net\/wp-content\/uploads\/2018\/11\/Original.png","width":1024,"height":1024,"caption":"Medtest"},"image":{"@id":"https:\/\/medtest.stagingservers.net\/fi\/#\/schema\/logo\/image\/"},"sameAs":["https:\/\/www.facebook.com\/Medtest-1440779469392476\/"]}]}},"_links":{"self":[{"href":"https:\/\/medtest.stagingservers.net\/fi\/wp-json\/wp\/v2\/pages\/72532","targetHints":{"allow":["GET"]}}],"collection":[{"href":"https:\/\/medtest.stagingservers.net\/fi\/wp-json\/wp\/v2\/pages"}],"about":[{"href":"https:\/\/medtest.stagingservers.net\/fi\/wp-json\/wp\/v2\/types\/page"}],"author":[{"embeddable":true,"href":"https:\/\/medtest.stagingservers.net\/fi\/wp-json\/wp\/v2\/users\/1"}],"replies":[{"embeddable":true,"href":"https:\/\/medtest.stagingservers.net\/fi\/wp-json\/wp\/v2\/comments?post=72532"}],"version-history":[{"count":1,"href":"https:\/\/medtest.stagingservers.net\/fi\/wp-json\/wp\/v2\/pages\/72532\/revisions"}],"predecessor-version":[{"id":91366,"href":"https:\/\/medtest.stagingservers.net\/fi\/wp-json\/wp\/v2\/pages\/72532\/revisions\/91366"}],"wp:attachment":[{"href":"https:\/\/medtest.stagingservers.net\/fi\/wp-json\/wp\/v2\/media?parent=72532"}],"curies":[{"name":"wp","href":"https:\/\/api.w.org\/{rel}","templated":true}]}}