{"id":72684,"date":"2019-08-27T08:20:53","date_gmt":"2019-08-27T08:20:53","guid":{"rendered":"https:\/\/medtest.stagingservers.net\/yleiset-sopimusehdot\/"},"modified":"2019-09-11T13:05:24","modified_gmt":"2019-09-11T11:05:24","slug":"yleiset-sopimusehdot","status":"publish","type":"page","link":"https:\/\/medtest.stagingservers.net\/fi\/yleiset-sopimusehdot\/","title":{"rendered":"Yleiset sopimusehdot"},"content":{"rendered":"\n<p> <strong>Hinnat ja maksaminen <\/strong>Jokaisen tuotteen hintaan sis\u00e4ltyy arvonlis\u00e4vero. Ostosten kokonaishinta on n\u00e4kyvill\u00e4 ostoskorissa. Ostoskorin maksuehdot riippuvat valitusta maksutavasta. Postikulut ovat ilmaiset, jos tilauksen arvo ylitt\u00e4\u00e4 50 euroa.<\/p>\n\n\n\n<p><strong>Palautusoikeus<\/strong> Ostajalla on 14 p\u00e4iv\u00e4\u00e4 aikaa perua kaupat. Meille l\u00e4hett\u00e4m\u00e4ss\u00e4si viestiss\u00e4 pit\u00e4\u00e4 selv\u00e4sti k\u00e4yd\u00e4 ilmi, ett\u00e4 ostaja haluaa purkaa kaupat. Palautusaika k\u00e4ynnistyy sin\u00e4 p\u00e4iv\u00e4n\u00e4, kun ostaja saa tuotteen. Palautusoikeus ei p\u00e4de, jos ostaja on k\u00e4ytt\u00e4nyt tuotetta. Jos tuotteessa on virhe, kaupat saa ilman muuta perua. Kun ostaja k\u00e4ytt\u00e4\u00e4 palautusoikeuttaan, tuotteen t\u00e4ytyy s\u00e4ily\u00e4 yht\u00e4 hyv\u00e4ss\u00e4 kunnossa kuin se tulikin. Sit\u00e4 ei saa k\u00e4ytt\u00e4\u00e4, mutta sit\u00e4 voi varovaisesti tarkastella. Jos tuote vahingoittuu tai katoaa ostajan huolimattomuuden takia, palautusoikeus ei ole voimassa.<\/p>\n\n\n\n<p><strong>Yksityisyyden suoja<\/strong> Kun teet tilauksen, annat kaupalle henkil\u00f6tietosi. Tilausta tehdess\u00e4 hyv\u00e4ksyt, ett\u00e4 s\u00e4ilyt\u00e4mme ja k\u00e4yt\u00e4mme tietojasi toimittaaksemme sinulle tilaamasi tuotteet. Henkil\u00f6tietolain mukaan sinulla on oikeus saada itsellesi sinusta rekister\u00f6im\u00e4mme tiedot. Jos tiedot ovat virheellisi\u00e4, vaillinaisia tai ep\u00e4olennaisia, voit vaatia, ett\u00e4 tiedot korjataan tai poistetaan. Ota t\u00e4ll\u00f6in meihin yhteytt\u00e4 s\u00e4hk\u00f6postitse.<\/p>\n\n\n\n<p><strong>Cookies<\/strong> T\u00e4m\u00e4 verkkokauppa k\u00e4ytt\u00e4\u00e4 ev\u00e4steit\u00e4 (&#8220;cookies&#8221;) S\u00e4hk\u00f6isen viestinn\u00e4n tietosuojalain mukaisesti. Ev\u00e4ste on pieni tekstitiedosto, joka tallennetaan k\u00e4ytt\u00e4j\u00e4n tietokoneelle. Ev\u00e4ste sis\u00e4lt\u00e4\u00e4 tietoa, joka auttaa verkkokauppaa tunnistamaan ja seuraamaan k\u00e4ytt\u00e4j\u00e4\u00e4. Istuntokohtaisten ev\u00e4steiden lis\u00e4ksi on ev\u00e4steit\u00e4, jotka tallennetaan tietokoneelle pysyv\u00e4sti. Kun vierailet verkkokaupassa ensimm\u00e4isen kerran, selaimellesi l\u00e4hetet\u00e4\u00e4n ainutlaatuinen istuntokohtainen ev\u00e4ste, jonka avulla estet\u00e4\u00e4n, etteiv\u00e4t eri k\u00e4ytt\u00e4j\u00e4t sekoitu kesken\u00e4\u00e4n. Jotta pystyt k\u00e4ytt\u00e4m\u00e4\u00e4n verkkokauppaa, selaimesi pit\u00e4\u00e4 sallia ev\u00e4steet. Ev\u00e4steit\u00e4 k\u00e4ytet\u00e4\u00e4n parantamaan verkkokaupan k\u00e4ytt\u00e4j\u00e4n asioinnin sujuvuutta, eik\u00e4 niihin tallenneta henkil\u00f6kohtaisia tietoja. Ev\u00e4steet voi poistaa. T\u00e4ss\u00e4 verkkokaupassa k\u00e4ytet\u00e4\u00e4n ev\u00e4steit\u00e4 esimerkiksi ostoskorin ja asetusten p\u00e4ivitt\u00e4miseen sek\u00e4 seuraamaan, mill\u00e4 sivuilla olet vieraillut, jotta voimme paremmin auttaa ja palvella sinua asiakkaanamme.<\/p>\n\n\n\n<p><strong>Postitus<\/strong> Toimitusaika on 2-3 arkip\u00e4iv\u00e4\u00e4. Tuotteet l\u00e4hetet\u00e4\u00e4n samana p\u00e4iv\u00e4n\u00e4, jos tilaus on tehty ennen kello 15.00. Tuotteet toimitetaan PostNordin tai DB Schenkerin kautta. Voit itse valita toimitustavan tehdess\u00e4si tilauksen. <\/p>\n\n\n\n<p><strong>Palautukset <\/strong>Palautus tapahtuu asiakkaan omalla kustannuksella, paitsi jos tuote on viallinen tai se on pakattu v\u00e4\u00e4rin. J\u00e4lkimm\u00e4isiss\u00e4 tapauksissa me maksamme palautuskulut. Tuotteet palautetaan kirjattuna kirjeen\u00e4, josta sinulla t\u00e4ytyy olla kuitti ja seurantakoodi. Takaisinmaksuvelvollisuus: Jos k\u00e4yt\u00e4t palautusoikeutta, maksamme tuotteen hinnan takaisin 30 p\u00e4iv\u00e4n kuluessa siit\u00e4, kun olemme saaneet tuotteen takaisin. Kun palautat tuotteen, maksat itse postikulut. Palautusoikeus on voimassa 14 p\u00e4iv\u00e4\u00e4. Viestiss\u00e4si meille t\u00e4ytyy k\u00e4yd\u00e4 selv\u00e4sti ilmi, ett\u00e4 haluat peruuttaa kaupat. Palautusaika lasketaan alkavaksi sin\u00e4 p\u00e4iv\u00e4n\u00e4, kun saat tuotteen.<\/p>\n\n\n\n<p><strong>Maksutavat <\/strong><em>Luottokortti \/ pankkikortti <\/em><\/p>\n\n\n\n<p> Valitse kassalla se luottokortti tai pankkikortti, jolla haluat maksaa, ja t\u00e4yt\u00e4 pakolliset tiedot kenttiin. Kortilla maksamisesta ei tule mit\u00e4\u00e4n ylim\u00e4\u00e4r\u00e4isi\u00e4 kuluja. <\/p>\n\n\n\n<p> Milloin ostoksen hinta veloitetaan kortilta? Kun teet tilauksen, kortti hyv\u00e4ksyt\u00e4\u00e4n ja saat tilausvahvistuksen s\u00e4hk\u00f6postiin. Hinta veloitetaan kuitenkin vasta sitten, kun ostos l\u00e4hetet\u00e4\u00e4n varastosta. Jos korttia ei hyv\u00e4ksyt\u00e4 eik\u00e4 summaa voida veloittaa, n\u00e4yt\u00f6llesi tulee viesti, joka kertoo, ett\u00e4 maksu ep\u00e4onnistui. <\/p>\n\n\n\n<p> Ota huomioon, ett\u00e4 osa korttien my\u00f6nt\u00e4jist\u00e4 tekee kortille katevarauksen, vaikka maksua ei hyv\u00e4ksytt\u00e4isik\u00e4\u00e4n. Se voi tarkoittaa, ettei varattua summaa voi v\u00e4h\u00e4\u00e4n aikaan k\u00e4ytt\u00e4\u00e4.  <\/p>\n\n\n\n<p> Kuinka turvallista on tehd\u00e4 verkossa ostoksia kortilla?  Sek\u00e4 kortin my\u00f6nt\u00e4j\u00e4n ett\u00e4 verkkokaupan pit\u00e4\u00e4 hyv\u00e4ksy\u00e4 kaikki kortinhaltijat, niin ett\u00e4 estet\u00e4\u00e4n rikokset ja kaupank\u00e4ynti on mahdollisimman turvallista. Turvallinen kaupank\u00e4ynti on meille eritt\u00e4in t\u00e4rke\u00e4\u00e4, joten emme koskaan anna tietojasi muille.<\/p>\n\n\n\n<p><strong>Yrityksen tiedot <\/strong>Camerix AB, Vikingagatan 23, 21618 Limhamn, Sweden<\/p>\n\n\n\n<p><strong>Yhteystiedot <\/strong>Order@medtest.shop<\/p>\n","protected":false},"excerpt":{"rendered":"<p>Hinnat ja maksaminen Jokaisen tuotteen hintaan sis\u00e4ltyy arvonlis\u00e4vero. Ostosten kokonaishinta on n\u00e4kyvill\u00e4 ostoskorissa. Ostoskorin maksuehdot riippuvat valitusta maksutavasta. Postikulut ovat ilmaiset, jos tilauksen arvo ylitt\u00e4\u00e4 50 euroa. Palautusoikeus Ostajalla on 14 p\u00e4iv\u00e4\u00e4 aikaa perua kaupat. Meille l\u00e4hett\u00e4m\u00e4ss\u00e4si viestiss\u00e4 pit\u00e4\u00e4 selv\u00e4sti k\u00e4yd\u00e4 ilmi, ett\u00e4 ostaja haluaa purkaa kaupat. Palautusaika k\u00e4ynnistyy sin\u00e4 p\u00e4iv\u00e4n\u00e4, kun ostaja saa tuotteen. [&hellip;]<\/p>\n","protected":false},"author":1,"featured_media":0,"parent":0,"menu_order":0,"comment_status":"closed","ping_status":"closed","template":"","meta":{"_acf_changed":false,"footnotes":""},"class_list":["post-72684","page","type-page","status-publish","hentry"],"acf":[],"yoast_head":"<title>Yleiset sopimusehdot - Medtest.shop<\/title>\n<meta name=\"description\" content=\"Yleiset sopimusehdot - Medtest.shop\" \/>\n<meta name=\"robots\" content=\"noindex, follow, max-snippet:-1, max-image-preview:large, max-video-preview:-1\" \/>\n<meta property=\"og:locale\" content=\"fi_FI\" \/>\n<meta property=\"og:type\" content=\"article\" \/>\n<meta property=\"og:title\" content=\"Yleiset sopimusehdot - Medtest.shop\" \/>\n<meta property=\"og:description\" content=\"Yleiset sopimusehdot - Medtest.shop\" \/>\n<meta property=\"og:url\" content=\"https:\/\/medtest.stagingservers.net\/fi\/yleiset-sopimusehdot\/\" \/>\n<meta property=\"og:site_name\" content=\"Medtest.shop\" \/>\n<meta property=\"article:publisher\" content=\"https:\/\/www.facebook.com\/Medtest-1440779469392476\/\" \/>\n<meta property=\"article:modified_time\" content=\"2019-09-11T11:05:24+00:00\" \/>\n<meta name=\"twitter:card\" content=\"summary_large_image\" \/>\n<script type=\"application\/ld+json\" class=\"yoast-schema-graph\">{\"@context\":\"https:\\\/\\\/schema.org\",\"@graph\":[{\"@type\":\"WebPage\",\"@id\":\"https:\\\/\\\/medtest.stagingservers.net\\\/fi\\\/yleiset-sopimusehdot\\\/\",\"url\":\"https:\\\/\\\/medtest.stagingservers.net\\\/fi\\\/yleiset-sopimusehdot\\\/\",\"name\":\"Yleiset sopimusehdot - Medtest.shop\",\"isPartOf\":{\"@id\":\"https:\\\/\\\/medtest.stagingservers.net\\\/fi\\\/#website\"},\"datePublished\":\"2019-08-27T08:20:53+00:00\",\"dateModified\":\"2019-09-11T11:05:24+00:00\",\"description\":\"Yleiset sopimusehdot - Medtest.shop\",\"breadcrumb\":{\"@id\":\"https:\\\/\\\/medtest.stagingservers.net\\\/fi\\\/yleiset-sopimusehdot\\\/#breadcrumb\"},\"inLanguage\":\"fi-FI\",\"potentialAction\":[{\"@type\":\"ReadAction\",\"target\":[\"https:\\\/\\\/medtest.stagingservers.net\\\/fi\\\/yleiset-sopimusehdot\\\/\"]}]},{\"@type\":\"BreadcrumbList\",\"@id\":\"https:\\\/\\\/medtest.stagingservers.net\\\/fi\\\/yleiset-sopimusehdot\\\/#breadcrumb\",\"itemListElement\":[{\"@type\":\"ListItem\",\"position\":1,\"name\":\"Home\",\"item\":\"https:\\\/\\\/medtest.stagingservers.net\\\/fi\\\/\"},{\"@type\":\"ListItem\",\"position\":2,\"name\":\"Yleiset sopimusehdot\"}]},{\"@type\":\"WebSite\",\"@id\":\"https:\\\/\\\/medtest.stagingservers.net\\\/fi\\\/#website\",\"url\":\"https:\\\/\\\/medtest.stagingservers.net\\\/fi\\\/\",\"name\":\"Medtest.shop\",\"description\":\"\",\"publisher\":{\"@id\":\"https:\\\/\\\/medtest.stagingservers.net\\\/fi\\\/#organization\"},\"potentialAction\":[{\"@type\":\"SearchAction\",\"target\":{\"@type\":\"EntryPoint\",\"urlTemplate\":\"https:\\\/\\\/medtest.stagingservers.net\\\/fi\\\/?s={search_term_string}\"},\"query-input\":{\"@type\":\"PropertyValueSpecification\",\"valueRequired\":true,\"valueName\":\"search_term_string\"}}],\"inLanguage\":\"fi-FI\"},{\"@type\":\"Organization\",\"@id\":\"https:\\\/\\\/medtest.stagingservers.net\\\/fi\\\/#organization\",\"name\":\"Medtest\",\"url\":\"https:\\\/\\\/medtest.stagingservers.net\\\/fi\\\/\",\"logo\":{\"@type\":\"ImageObject\",\"inLanguage\":\"fi-FI\",\"@id\":\"https:\\\/\\\/medtest.stagingservers.net\\\/fi\\\/#\\\/schema\\\/logo\\\/image\\\/\",\"url\":\"https:\\\/\\\/medtest.stagingservers.net\\\/wp-content\\\/uploads\\\/2018\\\/11\\\/Original.png\",\"contentUrl\":\"https:\\\/\\\/medtest.stagingservers.net\\\/wp-content\\\/uploads\\\/2018\\\/11\\\/Original.png\",\"width\":1024,\"height\":1024,\"caption\":\"Medtest\"},\"image\":{\"@id\":\"https:\\\/\\\/medtest.stagingservers.net\\\/fi\\\/#\\\/schema\\\/logo\\\/image\\\/\"},\"sameAs\":[\"https:\\\/\\\/www.facebook.com\\\/Medtest-1440779469392476\\\/\"]}]}<\/script>","yoast_head_json":{"title":"Yleiset sopimusehdot - Medtest.shop","description":"Yleiset sopimusehdot - Medtest.shop","robots":{"index":"noindex","follow":"follow","max-snippet":"max-snippet:-1","max-image-preview":"max-image-preview:large","max-video-preview":"max-video-preview:-1"},"og_locale":"fi_FI","og_type":"article","og_title":"Yleiset sopimusehdot - Medtest.shop","og_description":"Yleiset sopimusehdot - Medtest.shop","og_url":"https:\/\/medtest.stagingservers.net\/fi\/yleiset-sopimusehdot\/","og_site_name":"Medtest.shop","article_publisher":"https:\/\/www.facebook.com\/Medtest-1440779469392476\/","article_modified_time":"2019-09-11T11:05:24+00:00","twitter_card":"summary_large_image","schema":{"@context":"https:\/\/schema.org","@graph":[{"@type":"WebPage","@id":"https:\/\/medtest.stagingservers.net\/fi\/yleiset-sopimusehdot\/","url":"https:\/\/medtest.stagingservers.net\/fi\/yleiset-sopimusehdot\/","name":"Yleiset sopimusehdot - Medtest.shop","isPartOf":{"@id":"https:\/\/medtest.stagingservers.net\/fi\/#website"},"datePublished":"2019-08-27T08:20:53+00:00","dateModified":"2019-09-11T11:05:24+00:00","description":"Yleiset sopimusehdot - Medtest.shop","breadcrumb":{"@id":"https:\/\/medtest.stagingservers.net\/fi\/yleiset-sopimusehdot\/#breadcrumb"},"inLanguage":"fi-FI","potentialAction":[{"@type":"ReadAction","target":["https:\/\/medtest.stagingservers.net\/fi\/yleiset-sopimusehdot\/"]}]},{"@type":"BreadcrumbList","@id":"https:\/\/medtest.stagingservers.net\/fi\/yleiset-sopimusehdot\/#breadcrumb","itemListElement":[{"@type":"ListItem","position":1,"name":"Home","item":"https:\/\/medtest.stagingservers.net\/fi\/"},{"@type":"ListItem","position":2,"name":"Yleiset sopimusehdot"}]},{"@type":"WebSite","@id":"https:\/\/medtest.stagingservers.net\/fi\/#website","url":"https:\/\/medtest.stagingservers.net\/fi\/","name":"Medtest.shop","description":"","publisher":{"@id":"https:\/\/medtest.stagingservers.net\/fi\/#organization"},"potentialAction":[{"@type":"SearchAction","target":{"@type":"EntryPoint","urlTemplate":"https:\/\/medtest.stagingservers.net\/fi\/?s={search_term_string}"},"query-input":{"@type":"PropertyValueSpecification","valueRequired":true,"valueName":"search_term_string"}}],"inLanguage":"fi-FI"},{"@type":"Organization","@id":"https:\/\/medtest.stagingservers.net\/fi\/#organization","name":"Medtest","url":"https:\/\/medtest.stagingservers.net\/fi\/","logo":{"@type":"ImageObject","inLanguage":"fi-FI","@id":"https:\/\/medtest.stagingservers.net\/fi\/#\/schema\/logo\/image\/","url":"https:\/\/medtest.stagingservers.net\/wp-content\/uploads\/2018\/11\/Original.png","contentUrl":"https:\/\/medtest.stagingservers.net\/wp-content\/uploads\/2018\/11\/Original.png","width":1024,"height":1024,"caption":"Medtest"},"image":{"@id":"https:\/\/medtest.stagingservers.net\/fi\/#\/schema\/logo\/image\/"},"sameAs":["https:\/\/www.facebook.com\/Medtest-1440779469392476\/"]}]}},"_links":{"self":[{"href":"https:\/\/medtest.stagingservers.net\/fi\/wp-json\/wp\/v2\/pages\/72684","targetHints":{"allow":["GET"]}}],"collection":[{"href":"https:\/\/medtest.stagingservers.net\/fi\/wp-json\/wp\/v2\/pages"}],"about":[{"href":"https:\/\/medtest.stagingservers.net\/fi\/wp-json\/wp\/v2\/types\/page"}],"author":[{"embeddable":true,"href":"https:\/\/medtest.stagingservers.net\/fi\/wp-json\/wp\/v2\/users\/1"}],"replies":[{"embeddable":true,"href":"https:\/\/medtest.stagingservers.net\/fi\/wp-json\/wp\/v2\/comments?post=72684"}],"version-history":[{"count":0,"href":"https:\/\/medtest.stagingservers.net\/fi\/wp-json\/wp\/v2\/pages\/72684\/revisions"}],"wp:attachment":[{"href":"https:\/\/medtest.stagingservers.net\/fi\/wp-json\/wp\/v2\/media?parent=72684"}],"curies":[{"name":"wp","href":"https:\/\/api.w.org\/{rel}","templated":true}]}}