{"id":72689,"date":"2019-08-27T08:24:28","date_gmt":"2019-08-27T08:24:28","guid":{"rendered":"https:\/\/medtest.stagingservers.net\/usein-kysyttyja-kysymyksia\/"},"modified":"2019-11-29T17:45:46","modified_gmt":"2019-11-29T15:45:46","slug":"usein-kysyttyja-kysymyksia","status":"publish","type":"page","link":"https:\/\/medtest.stagingservers.net\/fi\/usein-kysyttyja-kysymyksia\/","title":{"rendered":"Usein kysyttyj\u00e4 kysymyksi\u00e4"},"content":{"rendered":" \n\n\n\n\n<section class=\"medtest-faq \">\n  \n\n          \n         <div class=\"medtest-faq-item\">\n         <div class=\"medtest-faq-question\"><h4>POSTITATTEKO TE ULKOMAILLE?<\/h4> <svg viewBox=\"0 0 20 20\" xmlns=\"http:\/\/www.w3.org\/2000\/svg\" width=\"20\" height=\"20\" fill=\"#1a5f93\"><path d=\"M16.7 3.3L10 10 3.3 3.4 0 6.7l10 10v-.1l10-9.9z\"><\/path><\/svg><\/div>\n         <div class=\"medtest-faq-answer\"> Kyll\u00e4, postitamme Ruotsiin, Norjaan, Tanskaan ja Suomeen.<\/div>         \n         <\/div>\n           \n           \n         <div class=\"medtest-faq-item\">\n         <div class=\"medtest-faq-question\"><h4>KEHEN VOIN OTTAA YHTEYTT\u00c4, JOS MINULLA ON KYSYTT\u00c4V\u00c4\u00c4?<\/h4> <svg viewBox=\"0 0 20 20\" xmlns=\"http:\/\/www.w3.org\/2000\/svg\" width=\"20\" height=\"20\" fill=\"#1a5f93\"><path d=\"M16.7 3.3L10 10 3.3 3.4 0 6.7l10 10v-.1l10-9.9z\"><\/path><\/svg><\/div>\n         <div class=\"medtest-faq-answer\"> Jos sinulla on kysytt\u00e4v\u00e4\u00e4, l\u00e4het\u00e4 s\u00e4hk\u00f6postia osoitteeseen: order@medtest.shop<\/div>         \n         <\/div>\n           \n           \n         <div class=\"medtest-faq-item\">\n         <div class=\"medtest-faq-question\"><h4>MITEN TILAUKSEN VOI PERUUTTAA?<\/h4> <svg viewBox=\"0 0 20 20\" xmlns=\"http:\/\/www.w3.org\/2000\/svg\" width=\"20\" height=\"20\" fill=\"#1a5f93\"><path d=\"M16.7 3.3L10 10 3.3 3.4 0 6.7l10 10v-.1l10-9.9z\"><\/path><\/svg><\/div>\n         <div class=\"medtest-faq-answer\"> Jos haluat perua tekem\u00e4si tilauksen,  l\u00e4het\u00e4 meille s\u00e4hk\u00f6postia v\u00e4litt\u00f6m\u00e4sti. Jos emme ole viel\u00e4 l\u00e4hett\u00e4neet tuotetta, peruutamme tilauksen heti, kun saamme viestisi. Jos olemme jo l\u00e4hett\u00e4neet tuotteen, tilausta ei voi en\u00e4\u00e4 peruuttaa.<\/div>         \n         <\/div>\n           \n           \n         <div class=\"medtest-faq-item\">\n         <div class=\"medtest-faq-question\"><h4>VOIKO TUOTTEEN PALAUTTAA?<\/h4> <svg viewBox=\"0 0 20 20\" xmlns=\"http:\/\/www.w3.org\/2000\/svg\" width=\"20\" height=\"20\" fill=\"#1a5f93\"><path d=\"M16.7 3.3L10 10 3.3 3.4 0 6.7l10 10v-.1l10-9.9z\"><\/path><\/svg><\/div>\n         <div class=\"medtest-faq-answer\"> Kyll\u00e4, tuotteilla on 14 p\u00e4iv\u00e4n palautusaika. Jos haluat palauttaa tuotteen, ota yhteytt\u00e4  s\u00e4hk\u00f6postiosoitteeseen order@medtest.shop.<\/div>         \n         <\/div>\n           \n           \n         <div class=\"medtest-faq-item\">\n         <div class=\"medtest-faq-question\"><h4>KUINKA PITK\u00c4 TOIMITUSAIKA ON?<\/h4> <svg viewBox=\"0 0 20 20\" xmlns=\"http:\/\/www.w3.org\/2000\/svg\" width=\"20\" height=\"20\" fill=\"#1a5f93\"><path d=\"M16.7 3.3L10 10 3.3 3.4 0 6.7l10 10v-.1l10-9.9z\"><\/path><\/svg><\/div>\n         <div class=\"medtest-faq-answer\"> Toimitusaika on 1\u20133 p\u00e4iv\u00e4\u00e4. Tilaukset, jotka on rekister\u00f6ity ennen klo 15.00, l\u00e4hetet\u00e4\u00e4n samana p\u00e4iv\u00e4n\u00e4.<\/div>         \n         <\/div>\n           \n           \n         <div class=\"medtest-faq-item\">\n         <div class=\"medtest-faq-question\"><h4>MITK\u00c4 MAKSUMENETELM\u00c4T HYV\u00c4KSYTTE?<\/h4> <svg viewBox=\"0 0 20 20\" xmlns=\"http:\/\/www.w3.org\/2000\/svg\" width=\"20\" height=\"20\" fill=\"#1a5f93\"><path d=\"M16.7 3.3L10 10 3.3 3.4 0 6.7l10 10v-.1l10-9.9z\"><\/path><\/svg><\/div>\n         <div class=\"medtest-faq-answer\"> Hyv\u00e4ksym\u00e4mme maksuv\u00e4lineet ovat VISA, Mastercard, Vipps, Mobilepay ja PayPal.<\/div>         \n         <\/div>\n           \n           \n         <div class=\"medtest-faq-item\">\n         <div class=\"medtest-faq-question\"><h4>MITEN KAUAN TUOTTEET S\u00c4ILYV\u00c4T?<\/h4> <svg viewBox=\"0 0 20 20\" xmlns=\"http:\/\/www.w3.org\/2000\/svg\" width=\"20\" height=\"20\" fill=\"#1a5f93\"><path d=\"M16.7 3.3L10 10 3.3 3.4 0 6.7l10 10v-.1l10-9.9z\"><\/path><\/svg><\/div>\n         <div class=\"medtest-faq-answer\"> Kaikki testit s\u00e4ilyv\u00e4t kaksi vuotta, kun niit\u00e4 s\u00e4ilytet\u00e4\u00e4n 2-30 \u00b0C:ssa.<\/div>         \n         <\/div>\n           \n           \n         <div class=\"medtest-faq-item\">\n         <div class=\"medtest-faq-question\"><h4>MITEN TUOTE L\u00c4HETET\u00c4\u00c4N?<\/h4> <svg viewBox=\"0 0 20 20\" xmlns=\"http:\/\/www.w3.org\/2000\/svg\" width=\"20\" height=\"20\" fill=\"#1a5f93\"><path d=\"M16.7 3.3L10 10 3.3 3.4 0 6.7l10 10v-.1l10-9.9z\"><\/path><\/svg><\/div>\n         <div class=\"medtest-faq-answer\"> Tuote l\u00e4hetet\u00e4\u00e4n suoraan kotiin postilaatikkoon valkoisessa kirjekuoressa, jonka sis\u00e4ll\u00e4 on kuplamuovia suojaamassa sis\u00e4lt\u00f6\u00e4. Paketti on huomiota her\u00e4tt\u00e4m\u00e4t\u00f6n, eik\u00e4 siin\u00e4 ole logoja tai l\u00e4hett\u00e4j\u00e4n tietoja.<\/div>         \n         <\/div>\n           \n           \n         <div class=\"medtest-faq-item\">\n         <div class=\"medtest-faq-question\"><h4>MITEN KAUAN PIT\u00c4\u00c4 ODOTTAA, ENNEN KUIN VOI TEHD\u00c4 SUKUPUOLITAUTITESTIN?<\/h4> <svg viewBox=\"0 0 20 20\" xmlns=\"http:\/\/www.w3.org\/2000\/svg\" width=\"20\" height=\"20\" fill=\"#1a5f93\"><path d=\"M16.7 3.3L10 10 3.3 3.4 0 6.7l10 10v-.1l10-9.9z\"><\/path><\/svg><\/div>\n         <div class=\"medtest-faq-answer\"> Kun haluat testata, onko sinulla klamydia, tippuri tai kuppa, odota noin kymmenen p\u00e4iv\u00e4\u00e4 oletetusta tartunta-ajankohdasta ennen testin tekemist\u00e4.<\/div>         \n         <\/div>\n           \n           \n         <div class=\"medtest-faq-item\">\n         <div class=\"medtest-faq-question\"><h4>MIKSI TILAUKSENI EI OLE TULLUT PERILLE?<\/h4> <svg viewBox=\"0 0 20 20\" xmlns=\"http:\/\/www.w3.org\/2000\/svg\" width=\"20\" height=\"20\" fill=\"#1a5f93\"><path d=\"M16.7 3.3L10 10 3.3 3.4 0 6.7l10 10v-.1l10-9.9z\"><\/path><\/svg><\/div>\n         <div class=\"medtest-faq-answer\"> Tavallisin syy siihen, ettei tilausta ole toimitettu perille, on se, ettei annetussa osoitteessa virallisesti asu tilaajan nimist\u00e4 henkil\u00f6\u00e4. Vastaanottajaksi t\u00e4ytyy merkit\u00e4 sellainen henkil\u00f6, joka virallisten tietojen mukaan asuu osoitteessa. Jos haluat tilata sellaiseen osoitteeseen, jossa et virallisesti asu, k\u00e4yt\u00e4 c\/o-merkint\u00e4\u00e4. Esimerkki: Kalle Korhonen tilaa testej\u00e4 osoitteeseen, jossa ei virallisesti asu. T\u00e4ll\u00f6in vastaanottajaksi t\u00e4ytyy merkit\u00e4 my\u00f6s osoitteessa asuva henkil\u00f6 (esimerkiss\u00e4 Mikko) ja k\u00e4ytt\u00e4\u00e4 c\/o-merkint\u00e4\u00e4:<br \/>\r\n <br \/>\r\nKalle Korhonen<br \/>\r\nc\/o Mikko Virtanen<br \/>\r\nTestikatu 3 <br \/>\r\n12345 TESTIL\u00c4<\/div>         \n         <\/div>\n           \n           \n         <div class=\"medtest-faq-item\">\n         <div class=\"medtest-faq-question\"><h4>VOIKO KOTITESTEJ\u00c4 K\u00c4YTT\u00c4\u00c4 DIAGNOOSIN TEKEMISEEN?<\/h4> <svg viewBox=\"0 0 20 20\" xmlns=\"http:\/\/www.w3.org\/2000\/svg\" width=\"20\" height=\"20\" fill=\"#1a5f93\"><path d=\"M16.7 3.3L10 10 3.3 3.4 0 6.7l10 10v-.1l10-9.9z\"><\/path><\/svg><\/div>\n         <div class=\"medtest-faq-answer\"> Ei. Testej\u00e4mme ei ole tarkoitus k\u00e4ytt\u00e4\u00e4 diagnoosin tekemiseen, vaan ne ovat suuntaa-antavia. Vain l\u00e4\u00e4k\u00e4ri voi tehd\u00e4 diagnoosin. L\u00e4\u00e4k\u00e4ri k\u00e4ytt\u00e4\u00e4 usein apuna erilaisia l\u00e4\u00e4ketieteellisi\u00e4 testej\u00e4 ja tutkimuksia.<\/div>         \n         <\/div>\n           \n                 \n<\/section>\n\n<script>\n(function($) {\n        \n    \/\/var allPanels = $('.medtest-faq-answer');\n    $('.medtest-faq-answer').hide();\n      \n    $('.medtest-faq-question').click(function() {\n\n        if($(this).parent().hasClass('openfaq')){\n            $(this).parent().removeClass('openfaq'); \n            $(this).next().slideUp();\n            return false; \n        }\n\n    \/\/   $(\".medtest-faq-item\").removeClass('openfaq');  \n    \/\/   allPanels.slideUp();     \n      $(this).next().slideDown();\n      $(this).parent().addClass('openfaq');\n      return false;\n\n    });\n  \n  })(jQuery);\n<\/script>\n\n\n<div style=\"height:100px\" aria-hidden=\"true\" class=\"wp-block-spacer\"><\/div>\n\n\n\n<h3 class=\"has-text-align-center wp-block-heading\">Etk\u00f6 l\u00f6yt\u00e4nyt vastausta?<\/h3>\n\n\n\n<p class=\"has-text-align-center\">Kirjoita meille viesti, jos et ole saanut vastausta kysymykseesi yll\u00e4 mainituista vaihtoehdoista.<\/p>\n\n\n\n<div class=\"wpcf7 no-js\" id=\"wpcf7-f72538-o1\" lang=\"fi-FI\" dir=\"ltr\" data-wpcf7-id=\"72538\">\n<div class=\"screen-reader-response\"><p role=\"status\" aria-live=\"polite\" aria-atomic=\"true\"><\/p> <ul><\/ul><\/div>\n<form action=\"\/fi\/wp-json\/wp\/v2\/pages\/72689#wpcf7-f72538-o1\" method=\"post\" class=\"wpcf7-form init\" aria-label=\"Contact form\" novalidate=\"novalidate\" data-status=\"init\">\n<fieldset class=\"hidden-fields-container\"><input type=\"hidden\" name=\"_wpcf7\" value=\"72538\" \/><input type=\"hidden\" name=\"_wpcf7_version\" value=\"6.1.5\" \/><input type=\"hidden\" name=\"_wpcf7_locale\" value=\"fi_FI\" \/><input type=\"hidden\" name=\"_wpcf7_unit_tag\" value=\"wpcf7-f72538-o1\" \/><input type=\"hidden\" name=\"_wpcf7_container_post\" value=\"0\" \/><input type=\"hidden\" name=\"_wpcf7_posted_data_hash\" value=\"\" \/>\n<\/fieldset>\n<p><label> Nimesi (pakollinen)<br \/>\n<span class=\"wpcf7-form-control-wrap\" data-name=\"your-name\"><input size=\"40\" maxlength=\"400\" class=\"wpcf7-form-control wpcf7-text wpcf7-validates-as-required\" aria-required=\"true\" aria-invalid=\"false\" value=\"\" type=\"text\" name=\"your-name\" \/><\/span> <\/label>\n<\/p>\n<p><label> S\u00e4hk\u00f6postiosoitteesi (pakollinen)<br \/>\n<span class=\"wpcf7-form-control-wrap\" data-name=\"your-email\"><input size=\"40\" maxlength=\"400\" class=\"wpcf7-form-control wpcf7-email wpcf7-validates-as-required wpcf7-text wpcf7-validates-as-email\" aria-required=\"true\" aria-invalid=\"false\" value=\"\" type=\"email\" name=\"your-email\" \/><\/span> <\/label>\n<\/p>\n<p><label> Viestisi<br \/>\n<span class=\"wpcf7-form-control-wrap\" data-name=\"your-message\"><textarea cols=\"40\" rows=\"10\" maxlength=\"2000\" class=\"wpcf7-form-control wpcf7-textarea\" aria-invalid=\"false\" name=\"your-message\"><\/textarea><\/span> <\/label>\n<\/p>\n<p><span class=\"wpcf7-form-control-wrap\" data-name=\"acceptance-527\"><span class=\"wpcf7-form-control wpcf7-acceptance\"><span class=\"wpcf7-list-item\"><label><input type=\"checkbox\" name=\"acceptance-527\" value=\"1\" aria-invalid=\"false\" \/><span class=\"wpcf7-list-item-label\">Hyv\u00e4ksyn henkil\u00f6tietojeni k\u00e4sittelyn. Tietojasi ei v\u00e4litet\u00e4 kolmansille osapuolille.<\/span><\/label><\/span><\/span><\/span>\n<\/p>\n<p><input class=\"wpcf7-form-control wpcf7-submit has-spinner\" type=\"submit\" value=\"l\u00e4hett\u00e4\u00e4\" \/>\n<\/p><div class=\"wpcf7-response-output\" aria-hidden=\"true\"><\/div>\n<\/form>\n<\/div>\n\n","protected":false},"excerpt":{"rendered":"<p>Etk\u00f6 l\u00f6yt\u00e4nyt vastausta? Kirjoita meille viesti, jos et ole saanut vastausta kysymykseesi yll\u00e4 mainituista vaihtoehdoista.<\/p>\n","protected":false},"author":1,"featured_media":0,"parent":0,"menu_order":10,"comment_status":"closed","ping_status":"closed","template":"","meta":{"_acf_changed":false,"footnotes":""},"class_list":["post-72689","page","type-page","status-publish","hentry"],"acf":[],"yoast_head":"<title>Usein kysyttyj\u00e4 kysymyksi\u00e4 - Medtest.shop<\/title>\n<meta name=\"description\" content=\"Usein kysyttyj\u00e4 kysymyksi\u00e4 - Medtest.shop\" \/>\n<meta name=\"robots\" content=\"noindex, follow, max-snippet:-1, max-image-preview:large, max-video-preview:-1\" \/>\n<meta property=\"og:locale\" content=\"fi_FI\" \/>\n<meta property=\"og:type\" content=\"article\" \/>\n<meta property=\"og:title\" content=\"Usein kysyttyj\u00e4 kysymyksi\u00e4 - Medtest.shop\" \/>\n<meta property=\"og:description\" content=\"Usein kysyttyj\u00e4 kysymyksi\u00e4 - Medtest.shop\" \/>\n<meta property=\"og:url\" content=\"https:\/\/medtest.stagingservers.net\/fi\/usein-kysyttyja-kysymyksia\/\" \/>\n<meta property=\"og:site_name\" content=\"Medtest.shop\" \/>\n<meta property=\"article:publisher\" content=\"https:\/\/www.facebook.com\/Medtest-1440779469392476\/\" \/>\n<meta property=\"article:modified_time\" content=\"2019-11-29T15:45:46+00:00\" \/>\n<meta name=\"twitter:card\" content=\"summary_large_image\" \/>\n<script type=\"application\/ld+json\" class=\"yoast-schema-graph\">{\"@context\":\"https:\\\/\\\/schema.org\",\"@graph\":[{\"@type\":\"WebPage\",\"@id\":\"https:\\\/\\\/medtest.stagingservers.net\\\/fi\\\/usein-kysyttyja-kysymyksia\\\/\",\"url\":\"https:\\\/\\\/medtest.stagingservers.net\\\/fi\\\/usein-kysyttyja-kysymyksia\\\/\",\"name\":\"Usein kysyttyj\u00e4 kysymyksi\u00e4 - Medtest.shop\",\"isPartOf\":{\"@id\":\"https:\\\/\\\/medtest.stagingservers.net\\\/fi\\\/#website\"},\"datePublished\":\"2019-08-27T08:24:28+00:00\",\"dateModified\":\"2019-11-29T15:45:46+00:00\",\"description\":\"Usein kysyttyj\u00e4 kysymyksi\u00e4 - Medtest.shop\",\"breadcrumb\":{\"@id\":\"https:\\\/\\\/medtest.stagingservers.net\\\/fi\\\/usein-kysyttyja-kysymyksia\\\/#breadcrumb\"},\"inLanguage\":\"fi-FI\",\"potentialAction\":[{\"@type\":\"ReadAction\",\"target\":[\"https:\\\/\\\/medtest.stagingservers.net\\\/fi\\\/usein-kysyttyja-kysymyksia\\\/\"]}]},{\"@type\":\"BreadcrumbList\",\"@id\":\"https:\\\/\\\/medtest.stagingservers.net\\\/fi\\\/usein-kysyttyja-kysymyksia\\\/#breadcrumb\",\"itemListElement\":[{\"@type\":\"ListItem\",\"position\":1,\"name\":\"Home\",\"item\":\"https:\\\/\\\/medtest.stagingservers.net\\\/fi\\\/\"},{\"@type\":\"ListItem\",\"position\":2,\"name\":\"Usein kysyttyj\u00e4 kysymyksi\u00e4\"}]},{\"@type\":\"WebSite\",\"@id\":\"https:\\\/\\\/medtest.stagingservers.net\\\/fi\\\/#website\",\"url\":\"https:\\\/\\\/medtest.stagingservers.net\\\/fi\\\/\",\"name\":\"Medtest.shop\",\"description\":\"\",\"publisher\":{\"@id\":\"https:\\\/\\\/medtest.stagingservers.net\\\/fi\\\/#organization\"},\"potentialAction\":[{\"@type\":\"SearchAction\",\"target\":{\"@type\":\"EntryPoint\",\"urlTemplate\":\"https:\\\/\\\/medtest.stagingservers.net\\\/fi\\\/?s={search_term_string}\"},\"query-input\":{\"@type\":\"PropertyValueSpecification\",\"valueRequired\":true,\"valueName\":\"search_term_string\"}}],\"inLanguage\":\"fi-FI\"},{\"@type\":\"Organization\",\"@id\":\"https:\\\/\\\/medtest.stagingservers.net\\\/fi\\\/#organization\",\"name\":\"Medtest\",\"url\":\"https:\\\/\\\/medtest.stagingservers.net\\\/fi\\\/\",\"logo\":{\"@type\":\"ImageObject\",\"inLanguage\":\"fi-FI\",\"@id\":\"https:\\\/\\\/medtest.stagingservers.net\\\/fi\\\/#\\\/schema\\\/logo\\\/image\\\/\",\"url\":\"https:\\\/\\\/medtest.stagingservers.net\\\/wp-content\\\/uploads\\\/2018\\\/11\\\/Original.png\",\"contentUrl\":\"https:\\\/\\\/medtest.stagingservers.net\\\/wp-content\\\/uploads\\\/2018\\\/11\\\/Original.png\",\"width\":1024,\"height\":1024,\"caption\":\"Medtest\"},\"image\":{\"@id\":\"https:\\\/\\\/medtest.stagingservers.net\\\/fi\\\/#\\\/schema\\\/logo\\\/image\\\/\"},\"sameAs\":[\"https:\\\/\\\/www.facebook.com\\\/Medtest-1440779469392476\\\/\"]}]}<\/script>","yoast_head_json":{"title":"Usein kysyttyj\u00e4 kysymyksi\u00e4 - Medtest.shop","description":"Usein kysyttyj\u00e4 kysymyksi\u00e4 - Medtest.shop","robots":{"index":"noindex","follow":"follow","max-snippet":"max-snippet:-1","max-image-preview":"max-image-preview:large","max-video-preview":"max-video-preview:-1"},"og_locale":"fi_FI","og_type":"article","og_title":"Usein kysyttyj\u00e4 kysymyksi\u00e4 - Medtest.shop","og_description":"Usein kysyttyj\u00e4 kysymyksi\u00e4 - Medtest.shop","og_url":"https:\/\/medtest.stagingservers.net\/fi\/usein-kysyttyja-kysymyksia\/","og_site_name":"Medtest.shop","article_publisher":"https:\/\/www.facebook.com\/Medtest-1440779469392476\/","article_modified_time":"2019-11-29T15:45:46+00:00","twitter_card":"summary_large_image","schema":{"@context":"https:\/\/schema.org","@graph":[{"@type":"WebPage","@id":"https:\/\/medtest.stagingservers.net\/fi\/usein-kysyttyja-kysymyksia\/","url":"https:\/\/medtest.stagingservers.net\/fi\/usein-kysyttyja-kysymyksia\/","name":"Usein kysyttyj\u00e4 kysymyksi\u00e4 - Medtest.shop","isPartOf":{"@id":"https:\/\/medtest.stagingservers.net\/fi\/#website"},"datePublished":"2019-08-27T08:24:28+00:00","dateModified":"2019-11-29T15:45:46+00:00","description":"Usein kysyttyj\u00e4 kysymyksi\u00e4 - Medtest.shop","breadcrumb":{"@id":"https:\/\/medtest.stagingservers.net\/fi\/usein-kysyttyja-kysymyksia\/#breadcrumb"},"inLanguage":"fi-FI","potentialAction":[{"@type":"ReadAction","target":["https:\/\/medtest.stagingservers.net\/fi\/usein-kysyttyja-kysymyksia\/"]}]},{"@type":"BreadcrumbList","@id":"https:\/\/medtest.stagingservers.net\/fi\/usein-kysyttyja-kysymyksia\/#breadcrumb","itemListElement":[{"@type":"ListItem","position":1,"name":"Home","item":"https:\/\/medtest.stagingservers.net\/fi\/"},{"@type":"ListItem","position":2,"name":"Usein kysyttyj\u00e4 kysymyksi\u00e4"}]},{"@type":"WebSite","@id":"https:\/\/medtest.stagingservers.net\/fi\/#website","url":"https:\/\/medtest.stagingservers.net\/fi\/","name":"Medtest.shop","description":"","publisher":{"@id":"https:\/\/medtest.stagingservers.net\/fi\/#organization"},"potentialAction":[{"@type":"SearchAction","target":{"@type":"EntryPoint","urlTemplate":"https:\/\/medtest.stagingservers.net\/fi\/?s={search_term_string}"},"query-input":{"@type":"PropertyValueSpecification","valueRequired":true,"valueName":"search_term_string"}}],"inLanguage":"fi-FI"},{"@type":"Organization","@id":"https:\/\/medtest.stagingservers.net\/fi\/#organization","name":"Medtest","url":"https:\/\/medtest.stagingservers.net\/fi\/","logo":{"@type":"ImageObject","inLanguage":"fi-FI","@id":"https:\/\/medtest.stagingservers.net\/fi\/#\/schema\/logo\/image\/","url":"https:\/\/medtest.stagingservers.net\/wp-content\/uploads\/2018\/11\/Original.png","contentUrl":"https:\/\/medtest.stagingservers.net\/wp-content\/uploads\/2018\/11\/Original.png","width":1024,"height":1024,"caption":"Medtest"},"image":{"@id":"https:\/\/medtest.stagingservers.net\/fi\/#\/schema\/logo\/image\/"},"sameAs":["https:\/\/www.facebook.com\/Medtest-1440779469392476\/"]}]}},"_links":{"self":[{"href":"https:\/\/medtest.stagingservers.net\/fi\/wp-json\/wp\/v2\/pages\/72689","targetHints":{"allow":["GET"]}}],"collection":[{"href":"https:\/\/medtest.stagingservers.net\/fi\/wp-json\/wp\/v2\/pages"}],"about":[{"href":"https:\/\/medtest.stagingservers.net\/fi\/wp-json\/wp\/v2\/types\/page"}],"author":[{"embeddable":true,"href":"https:\/\/medtest.stagingservers.net\/fi\/wp-json\/wp\/v2\/users\/1"}],"replies":[{"embeddable":true,"href":"https:\/\/medtest.stagingservers.net\/fi\/wp-json\/wp\/v2\/comments?post=72689"}],"version-history":[{"count":0,"href":"https:\/\/medtest.stagingservers.net\/fi\/wp-json\/wp\/v2\/pages\/72689\/revisions"}],"wp:attachment":[{"href":"https:\/\/medtest.stagingservers.net\/fi\/wp-json\/wp\/v2\/media?parent=72689"}],"curies":[{"name":"wp","href":"https:\/\/api.w.org\/{rel}","templated":true}]}}