{"id":72745,"date":"2019-08-27T10:17:23","date_gmt":"2019-08-27T10:17:23","guid":{"rendered":"https:\/\/medtest.stagingservers.net\/product\/ovulaatiotesti-liuska\/"},"modified":"2020-03-11T13:32:32","modified_gmt":"2020-03-11T11:32:32","slug":"ovulaatiotesti-liuska","status":"publish","type":"product","link":"https:\/\/medtest.stagingservers.net\/fi\/produkt\/ovulaatiotesti-liuska\/","title":{"rendered":"Ovulaatiotestiliuska"},"content":{"rendered":"<h2>Ovulaatiotestiliuska<\/h2>\n<p>Ovulaatiotestin avulla selvit\u00e4t parhaan ajankohdan hedelm\u00f6ityksen onnistumiselle.<\/p>\n<p>Siitti\u00f6iden elinik\u00e4 synnytyskanavassa on lyhyt, ja lis\u00e4ksi munasolun tulee hedelm\u00f6itty\u00e4 24 tunnin sis\u00e4ll\u00e4 siit\u00e4, kun se irtoaa munasarjasta. Joka kuukausi on siis vain lyhyt noin kuuden p\u00e4iv\u00e4n ajanjakso, jolloin voi tulla raskaaksi. Pikatestin avulla voi m\u00e4\u00e4ritt\u00e4\u00e4 hedelm\u00e4llisimm\u00e4t p\u00e4iv\u00e4t, jolloin maksimoidaan mahdollisuudet tulla raskaaksi. Ovulaatiotesti havaitsee, milloin LH-hormonin m\u00e4\u00e4r\u00e4 l\u00e4htee nousuun, mik\u00e4 tapahtuu 1\u20132 p\u00e4iv\u00e4\u00e4 ennen munasolun kypsymist\u00e4. Otollisimpien p\u00e4ivien selvitt\u00e4misest\u00e4 on apua, kun haluaa tiet\u00e4\u00e4, milloin on paras aika yritt\u00e4\u00e4 raskautta.<\/p>\n<p>CE-hyv\u00e4ksytty ovulaatiotesti on helppo tehd\u00e4. Mukana tulee selke\u00e4t ohjeet.<\/p>\n<p>LH-hormonihuipun l\u00f6yt\u00e4miseksi testi tehd\u00e4\u00e4n yleens\u00e4 viiten\u00e4 per\u00e4kk\u00e4isen\u00e4 p\u00e4iv\u00e4n\u00e4 siten, ett\u00e4 se kattaa ajanjakson kuukautiskierron keskivaiheilta. Aloitusp\u00e4iv\u00e4 sovitetaan kuukautiskierron keskim\u00e4\u00e4r\u00e4isen pituuden mukaan.<\/p>\n<h4>K\u00e4ytt\u00f6ohjeet<\/h4>\n<ul>\n<li>Ota liuska pussista.<\/li>\n<li>Pid\u00e4 liuskan p\u00e4\u00e4t\u00e4 astiaan ker\u00e4tyss\u00e4 virtsassa noin kolmen sekunnin ajan. Katso, ettet upota liuskaa yli merkkiviivan (MAX).<\/li>\n<li>Saat vastauksen 30 sekunnissa.<\/li>\n<li>Heit\u00e4 liuska roskiin k\u00e4yt\u00f6n j\u00e4lkeen.<\/li>\n<\/ul>\n<div class=\"extra float\">\n<div class=\"component\">\n<div><\/div>\n<div class=\"self mobile-leaf text textnormal mobile-undersized-upper\">\n<h4><span class=\"tlid-translation translation\" lang=\"fi\"><span class=\"\" title=\"\">Tulosten tulkinta<\/span><\/span><\/h4>\n<\/div>\n<\/div>\n<\/div>\n<div class=\"extra\">\n<div>\n<p><strong><img loading=\"lazy\" decoding=\"async\" class=\"alignleft size-full wp-image-72755\" src=\"https:\/\/medtest.stagingservers.net\/wp-content\/uploads\/2019\/08\/sticka-resultate.png\" alt=\"\" width=\"630\" height=\"369\" srcset=\"https:\/\/medtest.stagingservers.net\/wp-content\/uploads\/2019\/08\/sticka-resultate.png 630w, https:\/\/medtest.stagingservers.net\/wp-content\/uploads\/2019\/08\/sticka-resultate-416x244.png 416w\" sizes=\"auto, (max-width: 630px) 100vw, 630px\" \/><\/strong>Kaksi n\u00e4kyv\u00e4\u00e4 viivaa viittaa positiiviseen tulokseen. Silloin on todenn\u00e4k\u00f6ist\u00e4, ett\u00e4 ovulaatio tapahtuu seuraavien 24-48 tunnin aikana. Raskaaksi tuleminen on todenn\u00e4k\u00f6isint\u00e4 t\u00e4n\u00e4 aikana.<\/p>\n<\/div>\n<\/div>\n<p><strong>\u00a0<\/strong><\/p>\n","protected":false},"excerpt":{"rendered":"<p>Ovulaatiotestiliuska Ovulaatiotestin avulla selvit\u00e4t parhaan ajankohdan hedelm\u00f6ityksen onnistumiselle. Siitti\u00f6iden elinik\u00e4 synnytyskanavassa on lyhyt, ja lis\u00e4ksi munasolun tulee hedelm\u00f6itty\u00e4 24 tunnin sis\u00e4ll\u00e4 siit\u00e4, kun se irtoaa munasarjasta. Joka kuukausi on siis vain lyhyt noin kuuden p\u00e4iv\u00e4n ajanjakso, jolloin voi tulla raskaaksi. Pikatestin avulla voi m\u00e4\u00e4ritt\u00e4\u00e4 hedelm\u00e4llisimm\u00e4t p\u00e4iv\u00e4t, jolloin maksimoidaan mahdollisuudet tulla raskaaksi. Ovulaatiotesti havaitsee, milloin LH-hormonin [&hellip;]<\/p>\n","protected":false},"featured_media":72751,"comment_status":"closed","ping_status":"closed","template":"","meta":{"_acf_changed":false,"footnotes":""},"product_brand":[],"product_cat":[930],"product_tag":[],"class_list":{"0":"post-72745","1":"product","2":"type-product","3":"status-publish","4":"has-post-thumbnail","6":"product_cat-ovulaatiotesti","8":"first","9":"instock","10":"taxable","11":"shipping-taxable","12":"purchasable","13":"product-type-variable","14":"has-default-attributes"},"acf":[],"yoast_head":"<title>Ovulaatiotestiliuska - Medtest.shop<\/title>\n<meta name=\"description\" content=\"Ovulaatiotestiliuska - Medtest.shop\" \/>\n<meta name=\"robots\" content=\"noindex, follow, max-snippet:-1, max-image-preview:large, max-video-preview:-1\" \/>\n<meta property=\"og:locale\" content=\"fi_FI\" \/>\n<meta property=\"og:type\" content=\"article\" \/>\n<meta property=\"og:title\" content=\"Ovulaatiotestiliuska - Medtest.shop\" \/>\n<meta property=\"og:description\" content=\"Ovulaatiotestiliuska - Medtest.shop\" \/>\n<meta property=\"og:url\" content=\"https:\/\/medtest.stagingservers.net\/fi\/produkt\/ovulaatiotesti-liuska\/\" \/>\n<meta property=\"og:site_name\" content=\"Medtest.shop\" \/>\n<meta property=\"article:publisher\" content=\"https:\/\/www.facebook.com\/Medtest-1440779469392476\/\" \/>\n<meta property=\"article:modified_time\" content=\"2020-03-11T11:32:32+00:00\" \/>\n<meta property=\"og:image\" content=\"https:\/\/medtest.stagingservers.net\/wp-content\/uploads\/2018\/11\/A\u0308gg-444-1524388875980.png\" \/>\n\t<meta property=\"og:image:width\" content=\"800\" \/>\n\t<meta property=\"og:image:height\" content=\"800\" \/>\n\t<meta property=\"og:image:type\" content=\"image\/png\" \/>\n<meta name=\"twitter:card\" content=\"summary_large_image\" \/>\n<script type=\"application\/ld+json\" class=\"yoast-schema-graph\">{\"@context\":\"https:\\\/\\\/schema.org\",\"@graph\":[{\"@type\":\"WebPage\",\"@id\":\"https:\\\/\\\/medtest.stagingservers.net\\\/fi\\\/produkt\\\/ovulaatiotesti-liuska\\\/\",\"url\":\"https:\\\/\\\/medtest.stagingservers.net\\\/fi\\\/produkt\\\/ovulaatiotesti-liuska\\\/\",\"name\":\"Ovulaatiotestiliuska - Medtest.shop\",\"isPartOf\":{\"@id\":\"https:\\\/\\\/medtest.stagingservers.net\\\/fi\\\/#website\"},\"primaryImageOfPage\":{\"@id\":\"https:\\\/\\\/medtest.stagingservers.net\\\/fi\\\/produkt\\\/ovulaatiotesti-liuska\\\/#primaryimage\"},\"image\":{\"@id\":\"https:\\\/\\\/medtest.stagingservers.net\\\/fi\\\/produkt\\\/ovulaatiotesti-liuska\\\/#primaryimage\"},\"thumbnailUrl\":\"https:\\\/\\\/medtest.stagingservers.net\\\/wp-content\\\/uploads\\\/2018\\\/11\\\/A\u0308gg-444-1524388875980.png\",\"datePublished\":\"2019-08-27T10:17:23+00:00\",\"dateModified\":\"2020-03-11T11:32:32+00:00\",\"description\":\"Ovulaatiotestiliuska - Medtest.shop\",\"breadcrumb\":{\"@id\":\"https:\\\/\\\/medtest.stagingservers.net\\\/fi\\\/produkt\\\/ovulaatiotesti-liuska\\\/#breadcrumb\"},\"inLanguage\":\"fi-FI\",\"potentialAction\":[{\"@type\":\"ReadAction\",\"target\":[\"https:\\\/\\\/medtest.stagingservers.net\\\/fi\\\/produkt\\\/ovulaatiotesti-liuska\\\/\"]}]},{\"@type\":\"ImageObject\",\"inLanguage\":\"fi-FI\",\"@id\":\"https:\\\/\\\/medtest.stagingservers.net\\\/fi\\\/produkt\\\/ovulaatiotesti-liuska\\\/#primaryimage\",\"url\":\"https:\\\/\\\/medtest.stagingservers.net\\\/wp-content\\\/uploads\\\/2018\\\/11\\\/A\u0308gg-444-1524388875980.png\",\"contentUrl\":\"https:\\\/\\\/medtest.stagingservers.net\\\/wp-content\\\/uploads\\\/2018\\\/11\\\/A\u0308gg-444-1524388875980.png\",\"width\":800,\"height\":800},{\"@type\":\"BreadcrumbList\",\"@id\":\"https:\\\/\\\/medtest.stagingservers.net\\\/fi\\\/produkt\\\/ovulaatiotesti-liuska\\\/#breadcrumb\",\"itemListElement\":[{\"@type\":\"ListItem\",\"position\":1,\"name\":\"Home\",\"item\":\"https:\\\/\\\/medtest.stagingservers.net\\\/fi\\\/\"},{\"@type\":\"ListItem\",\"position\":2,\"name\":\"Shop\",\"item\":\"https:\\\/\\\/medtest.stagingservers.net\\\/fi\\\/shop\\\/\"},{\"@type\":\"ListItem\",\"position\":3,\"name\":\"Ovulaatiotestiliuska\"}]},{\"@type\":\"WebSite\",\"@id\":\"https:\\\/\\\/medtest.stagingservers.net\\\/fi\\\/#website\",\"url\":\"https:\\\/\\\/medtest.stagingservers.net\\\/fi\\\/\",\"name\":\"Medtest.shop\",\"description\":\"\",\"publisher\":{\"@id\":\"https:\\\/\\\/medtest.stagingservers.net\\\/fi\\\/#organization\"},\"potentialAction\":[{\"@type\":\"SearchAction\",\"target\":{\"@type\":\"EntryPoint\",\"urlTemplate\":\"https:\\\/\\\/medtest.stagingservers.net\\\/fi\\\/?s={search_term_string}\"},\"query-input\":{\"@type\":\"PropertyValueSpecification\",\"valueRequired\":true,\"valueName\":\"search_term_string\"}}],\"inLanguage\":\"fi-FI\"},{\"@type\":\"Organization\",\"@id\":\"https:\\\/\\\/medtest.stagingservers.net\\\/fi\\\/#organization\",\"name\":\"Medtest\",\"url\":\"https:\\\/\\\/medtest.stagingservers.net\\\/fi\\\/\",\"logo\":{\"@type\":\"ImageObject\",\"inLanguage\":\"fi-FI\",\"@id\":\"https:\\\/\\\/medtest.stagingservers.net\\\/fi\\\/#\\\/schema\\\/logo\\\/image\\\/\",\"url\":\"https:\\\/\\\/medtest.stagingservers.net\\\/wp-content\\\/uploads\\\/2018\\\/11\\\/Original.png\",\"contentUrl\":\"https:\\\/\\\/medtest.stagingservers.net\\\/wp-content\\\/uploads\\\/2018\\\/11\\\/Original.png\",\"width\":1024,\"height\":1024,\"caption\":\"Medtest\"},\"image\":{\"@id\":\"https:\\\/\\\/medtest.stagingservers.net\\\/fi\\\/#\\\/schema\\\/logo\\\/image\\\/\"},\"sameAs\":[\"https:\\\/\\\/www.facebook.com\\\/Medtest-1440779469392476\\\/\"]}]}<\/script>","yoast_head_json":{"title":"Ovulaatiotestiliuska - Medtest.shop","description":"Ovulaatiotestiliuska - Medtest.shop","robots":{"index":"noindex","follow":"follow","max-snippet":"max-snippet:-1","max-image-preview":"max-image-preview:large","max-video-preview":"max-video-preview:-1"},"og_locale":"fi_FI","og_type":"article","og_title":"Ovulaatiotestiliuska - Medtest.shop","og_description":"Ovulaatiotestiliuska - Medtest.shop","og_url":"https:\/\/medtest.stagingservers.net\/fi\/produkt\/ovulaatiotesti-liuska\/","og_site_name":"Medtest.shop","article_publisher":"https:\/\/www.facebook.com\/Medtest-1440779469392476\/","article_modified_time":"2020-03-11T11:32:32+00:00","og_image":[{"width":800,"height":800,"url":"https:\/\/medtest.stagingservers.net\/wp-content\/uploads\/2018\/11\/A\u0308gg-444-1524388875980.png","type":"image\/png"}],"twitter_card":"summary_large_image","schema":{"@context":"https:\/\/schema.org","@graph":[{"@type":"WebPage","@id":"https:\/\/medtest.stagingservers.net\/fi\/produkt\/ovulaatiotesti-liuska\/","url":"https:\/\/medtest.stagingservers.net\/fi\/produkt\/ovulaatiotesti-liuska\/","name":"Ovulaatiotestiliuska - Medtest.shop","isPartOf":{"@id":"https:\/\/medtest.stagingservers.net\/fi\/#website"},"primaryImageOfPage":{"@id":"https:\/\/medtest.stagingservers.net\/fi\/produkt\/ovulaatiotesti-liuska\/#primaryimage"},"image":{"@id":"https:\/\/medtest.stagingservers.net\/fi\/produkt\/ovulaatiotesti-liuska\/#primaryimage"},"thumbnailUrl":"https:\/\/medtest.stagingservers.net\/wp-content\/uploads\/2018\/11\/A\u0308gg-444-1524388875980.png","datePublished":"2019-08-27T10:17:23+00:00","dateModified":"2020-03-11T11:32:32+00:00","description":"Ovulaatiotestiliuska - Medtest.shop","breadcrumb":{"@id":"https:\/\/medtest.stagingservers.net\/fi\/produkt\/ovulaatiotesti-liuska\/#breadcrumb"},"inLanguage":"fi-FI","potentialAction":[{"@type":"ReadAction","target":["https:\/\/medtest.stagingservers.net\/fi\/produkt\/ovulaatiotesti-liuska\/"]}]},{"@type":"ImageObject","inLanguage":"fi-FI","@id":"https:\/\/medtest.stagingservers.net\/fi\/produkt\/ovulaatiotesti-liuska\/#primaryimage","url":"https:\/\/medtest.stagingservers.net\/wp-content\/uploads\/2018\/11\/A\u0308gg-444-1524388875980.png","contentUrl":"https:\/\/medtest.stagingservers.net\/wp-content\/uploads\/2018\/11\/A\u0308gg-444-1524388875980.png","width":800,"height":800},{"@type":"BreadcrumbList","@id":"https:\/\/medtest.stagingservers.net\/fi\/produkt\/ovulaatiotesti-liuska\/#breadcrumb","itemListElement":[{"@type":"ListItem","position":1,"name":"Home","item":"https:\/\/medtest.stagingservers.net\/fi\/"},{"@type":"ListItem","position":2,"name":"Shop","item":"https:\/\/medtest.stagingservers.net\/fi\/shop\/"},{"@type":"ListItem","position":3,"name":"Ovulaatiotestiliuska"}]},{"@type":"WebSite","@id":"https:\/\/medtest.stagingservers.net\/fi\/#website","url":"https:\/\/medtest.stagingservers.net\/fi\/","name":"Medtest.shop","description":"","publisher":{"@id":"https:\/\/medtest.stagingservers.net\/fi\/#organization"},"potentialAction":[{"@type":"SearchAction","target":{"@type":"EntryPoint","urlTemplate":"https:\/\/medtest.stagingservers.net\/fi\/?s={search_term_string}"},"query-input":{"@type":"PropertyValueSpecification","valueRequired":true,"valueName":"search_term_string"}}],"inLanguage":"fi-FI"},{"@type":"Organization","@id":"https:\/\/medtest.stagingservers.net\/fi\/#organization","name":"Medtest","url":"https:\/\/medtest.stagingservers.net\/fi\/","logo":{"@type":"ImageObject","inLanguage":"fi-FI","@id":"https:\/\/medtest.stagingservers.net\/fi\/#\/schema\/logo\/image\/","url":"https:\/\/medtest.stagingservers.net\/wp-content\/uploads\/2018\/11\/Original.png","contentUrl":"https:\/\/medtest.stagingservers.net\/wp-content\/uploads\/2018\/11\/Original.png","width":1024,"height":1024,"caption":"Medtest"},"image":{"@id":"https:\/\/medtest.stagingservers.net\/fi\/#\/schema\/logo\/image\/"},"sameAs":["https:\/\/www.facebook.com\/Medtest-1440779469392476\/"]}]}},"_links":{"self":[{"href":"https:\/\/medtest.stagingservers.net\/fi\/wp-json\/wp\/v2\/product\/72745","targetHints":{"allow":["GET"]}}],"collection":[{"href":"https:\/\/medtest.stagingservers.net\/fi\/wp-json\/wp\/v2\/product"}],"about":[{"href":"https:\/\/medtest.stagingservers.net\/fi\/wp-json\/wp\/v2\/types\/product"}],"replies":[{"embeddable":true,"href":"https:\/\/medtest.stagingservers.net\/fi\/wp-json\/wp\/v2\/comments?post=72745"}],"version-history":[{"count":0,"href":"https:\/\/medtest.stagingservers.net\/fi\/wp-json\/wp\/v2\/product\/72745\/revisions"}],"wp:featuredmedia":[{"embeddable":true,"href":"https:\/\/medtest.stagingservers.net\/fi\/wp-json\/wp\/v2\/media\/72751"}],"wp:attachment":[{"href":"https:\/\/medtest.stagingservers.net\/fi\/wp-json\/wp\/v2\/media?parent=72745"}],"wp:term":[{"taxonomy":"product_brand","embeddable":true,"href":"https:\/\/medtest.stagingservers.net\/fi\/wp-json\/wp\/v2\/product_brand?post=72745"},{"taxonomy":"product_cat","embeddable":true,"href":"https:\/\/medtest.stagingservers.net\/fi\/wp-json\/wp\/v2\/product_cat?post=72745"},{"taxonomy":"product_tag","embeddable":true,"href":"https:\/\/medtest.stagingservers.net\/fi\/wp-json\/wp\/v2\/product_tag?post=72745"}],"curies":[{"name":"wp","href":"https:\/\/api.w.org\/{rel}","templated":true}]}}