{"id":72759,"date":"2019-08-27T10:47:39","date_gmt":"2019-08-27T10:47:39","guid":{"rendered":"https:\/\/medtest.stagingservers.net\/product\/ovulaatiotesti-puikko\/"},"modified":"2019-09-28T13:25:34","modified_gmt":"2019-09-28T11:25:34","slug":"ovulaatiotesti-puikko","status":"publish","type":"product","link":"https:\/\/medtest.stagingservers.net\/fi\/produkt\/ovulaatiotesti-puikko\/","title":{"rendered":"Ovulaatiotestipuikko"},"content":{"rendered":"<h2>Ovulaatiotestipuikko<\/h2>\n<p>Ovulaatiotestin avulla selvit\u00e4t parhaan ajankohdan hedelm\u00f6ityksen onnistumiselle.<\/p>\n<p>Siitti\u00f6iden elinik\u00e4 synnytyskanavassa on lyhyt, ja lis\u00e4ksi munasolun tulee hedelm\u00f6itty\u00e4 24 tunnin sis\u00e4ll\u00e4 siit\u00e4, kun se irtoaa munasarjasta. Joka kuukausi on siis vain lyhyt noin kuuden p\u00e4iv\u00e4n ajanjakso, jolloin voi tulla raskaaksi. Pikatestin avulla voi m\u00e4\u00e4ritt\u00e4\u00e4 hedelm\u00e4llisimm\u00e4t p\u00e4iv\u00e4t, jolloin maksimoidaan mahdollisuudet tulla raskaaksi. Ovulaatiotesti havaitsee, milloin LH-hormonin m\u00e4\u00e4r\u00e4 l\u00e4htee nousuun, mik\u00e4 tapahtuu 1\u20132 p\u00e4iv\u00e4\u00e4 ennen munasolun kypsymist\u00e4. Otollisimpien p\u00e4ivien selvitt\u00e4misest\u00e4 on apua, kun haluaa tiet\u00e4\u00e4, milloin on paras aika yritt\u00e4\u00e4 raskautta.<\/p>\n<p>CE-hyv\u00e4ksytty ovulaatiotesti on helppo tehd\u00e4. Mukana tulee selke\u00e4t ohjeet.<\/p>\n<p>LH-hormonihuipun l\u00f6yt\u00e4miseksi testi tehd\u00e4\u00e4n yleens\u00e4 viiten\u00e4 per\u00e4kk\u00e4isen\u00e4 p\u00e4iv\u00e4n\u00e4 siten, ett\u00e4 se kattaa ajanjakson kuukautiskierron keskivaiheilta. Aloitusp\u00e4iv\u00e4 sovitetaan kuukautiskierron keskim\u00e4\u00e4r\u00e4isen pituuden mukaan.<\/p>\n<h4>K\u00e4ytt\u00f6ohjeet<\/h4>\n<ul>\n<li>Avaa pussi ja ota testipuikko ulos.<\/li>\n<li>Virtsaa testipuikon nestett\u00e4 imev\u00e4\u00e4n p\u00e4\u00e4h\u00e4n (kaksi tippaa riitt\u00e4\u00e4, noin 100 uL) tai kasta n\u00e4ytteenottop\u00e4\u00e4 ker\u00e4ttyyn virtsaan noin kolmeksi sekunniksi. Huolehdithan, ettei testi-ikkuna kastu.<\/li>\n<li>Lue vastaus 30 sekunnin kuluttua.<\/li>\n<li>Heit\u00e4 testipuikko pois k\u00e4yt\u00f6n j\u00e4lkeen.<\/li>\n<\/ul>\n<div class=\"extra float\">\n<div class=\"component\">\n<div><\/div>\n<div class=\"self mobile-leaf text textnormal mobile-undersized-upper\">\n<h4><span class=\"tlid-translation translation\" lang=\"fi\"><span class=\"\" title=\"\">Tulosten tulkinta<\/span><\/span><\/h4>\n<\/div>\n<\/div>\n<\/div>\n<div class=\"extra\">\n<div>\n<p><strong><img loading=\"lazy\" decoding=\"async\" class=\"size-full wp-image-71880 alignleft\" src=\"https:\/\/medtest.stagingservers.net\/wp-content\/uploads\/2019\/07\/A-gglossningstest-Stav-Tolka.png\" alt=\"\" width=\"460\" height=\"151\" srcset=\"https:\/\/medtest.stagingservers.net\/wp-content\/uploads\/2019\/07\/A-gglossningstest-Stav-Tolka.png 460w, https:\/\/medtest.stagingservers.net\/wp-content\/uploads\/2019\/07\/A-gglossningstest-Stav-Tolka-416x137.png 416w\" sizes=\"auto, (max-width: 460px) 100vw, 460px\" \/><\/strong>Kaksi n\u00e4kyv\u00e4\u00e4 viivaa viittaa positiiviseen tulokseen. Silloin on todenn\u00e4k\u00f6ist\u00e4, ett\u00e4 ovulaatio tapahtuu seuraavien 24-48 tunnin aikana. Raskaaksi tuleminen on todenn\u00e4k\u00f6isint\u00e4 t\u00e4n\u00e4 aikana.<\/p>\n<\/div>\n<\/div>\n<p><strong>\u00a0<\/strong><\/p>\n","protected":false},"excerpt":{"rendered":"<p>Ett billigt och s\u00e4kert CE m\u00e4rkt test med snabbt svar. Samla upp urin i en beh\u00e5llare. Doppa d\u00e4refter stickan och l\u00e4s av svaret. Efter 30 sekunder f\u00e5s testresultatet.<\/p>\n","protected":false},"featured_media":72763,"comment_status":"closed","ping_status":"closed","template":"","meta":{"_acf_changed":false,"footnotes":""},"product_brand":[],"product_cat":[930],"product_tag":[],"class_list":{"0":"post-72759","1":"product","2":"type-product","3":"status-publish","4":"has-post-thumbnail","6":"product_cat-ovulaatiotesti","8":"first","9":"instock","10":"taxable","11":"shipping-taxable","12":"purchasable","13":"product-type-variable","14":"has-default-attributes"},"acf":[],"yoast_head":"<title>Ovulaatiotestipuikko - Medtest.shop<\/title>\n<meta name=\"description\" content=\"Ovulaatiotestipuikko - Medtest.shop\" \/>\n<meta name=\"robots\" content=\"noindex, follow, max-snippet:-1, max-image-preview:large, max-video-preview:-1\" \/>\n<meta property=\"og:locale\" content=\"fi_FI\" \/>\n<meta property=\"og:type\" content=\"article\" \/>\n<meta property=\"og:title\" content=\"Ovulaatiotestipuikko - Medtest.shop\" \/>\n<meta property=\"og:description\" content=\"Ovulaatiotestipuikko - Medtest.shop\" \/>\n<meta property=\"og:url\" content=\"https:\/\/medtest.stagingservers.net\/fi\/produkt\/ovulaatiotesti-puikko\/\" \/>\n<meta property=\"og:site_name\" content=\"Medtest.shop\" \/>\n<meta property=\"article:publisher\" content=\"https:\/\/www.facebook.com\/Medtest-1440779469392476\/\" \/>\n<meta property=\"article:modified_time\" content=\"2019-09-28T11:25:34+00:00\" \/>\n<meta property=\"og:image\" content=\"https:\/\/medtest.stagingservers.net\/wp-content\/uploads\/2018\/11\/A\u0308gglossningstest-STAV-33-1523918753627.png\" \/>\n\t<meta property=\"og:image:width\" content=\"480\" \/>\n\t<meta property=\"og:image:height\" content=\"480\" \/>\n\t<meta property=\"og:image:type\" content=\"image\/png\" \/>\n<meta name=\"twitter:card\" content=\"summary_large_image\" \/>\n<script type=\"application\/ld+json\" class=\"yoast-schema-graph\">{\"@context\":\"https:\\\/\\\/schema.org\",\"@graph\":[{\"@type\":\"WebPage\",\"@id\":\"https:\\\/\\\/medtest.stagingservers.net\\\/fi\\\/produkt\\\/ovulaatiotesti-puikko\\\/\",\"url\":\"https:\\\/\\\/medtest.stagingservers.net\\\/fi\\\/produkt\\\/ovulaatiotesti-puikko\\\/\",\"name\":\"Ovulaatiotestipuikko - Medtest.shop\",\"isPartOf\":{\"@id\":\"https:\\\/\\\/medtest.stagingservers.net\\\/fi\\\/#website\"},\"primaryImageOfPage\":{\"@id\":\"https:\\\/\\\/medtest.stagingservers.net\\\/fi\\\/produkt\\\/ovulaatiotesti-puikko\\\/#primaryimage\"},\"image\":{\"@id\":\"https:\\\/\\\/medtest.stagingservers.net\\\/fi\\\/produkt\\\/ovulaatiotesti-puikko\\\/#primaryimage\"},\"thumbnailUrl\":\"https:\\\/\\\/medtest.stagingservers.net\\\/wp-content\\\/uploads\\\/2018\\\/11\\\/A\u0308gglossningstest-STAV-33-1523918753627.png\",\"datePublished\":\"2019-08-27T10:47:39+00:00\",\"dateModified\":\"2019-09-28T11:25:34+00:00\",\"description\":\"Ovulaatiotestipuikko - Medtest.shop\",\"breadcrumb\":{\"@id\":\"https:\\\/\\\/medtest.stagingservers.net\\\/fi\\\/produkt\\\/ovulaatiotesti-puikko\\\/#breadcrumb\"},\"inLanguage\":\"fi-FI\",\"potentialAction\":[{\"@type\":\"ReadAction\",\"target\":[\"https:\\\/\\\/medtest.stagingservers.net\\\/fi\\\/produkt\\\/ovulaatiotesti-puikko\\\/\"]}]},{\"@type\":\"ImageObject\",\"inLanguage\":\"fi-FI\",\"@id\":\"https:\\\/\\\/medtest.stagingservers.net\\\/fi\\\/produkt\\\/ovulaatiotesti-puikko\\\/#primaryimage\",\"url\":\"https:\\\/\\\/medtest.stagingservers.net\\\/wp-content\\\/uploads\\\/2018\\\/11\\\/A\u0308gglossningstest-STAV-33-1523918753627.png\",\"contentUrl\":\"https:\\\/\\\/medtest.stagingservers.net\\\/wp-content\\\/uploads\\\/2018\\\/11\\\/A\u0308gglossningstest-STAV-33-1523918753627.png\",\"width\":480,\"height\":480},{\"@type\":\"BreadcrumbList\",\"@id\":\"https:\\\/\\\/medtest.stagingservers.net\\\/fi\\\/produkt\\\/ovulaatiotesti-puikko\\\/#breadcrumb\",\"itemListElement\":[{\"@type\":\"ListItem\",\"position\":1,\"name\":\"Home\",\"item\":\"https:\\\/\\\/medtest.stagingservers.net\\\/fi\\\/\"},{\"@type\":\"ListItem\",\"position\":2,\"name\":\"Shop\",\"item\":\"https:\\\/\\\/medtest.stagingservers.net\\\/fi\\\/shop\\\/\"},{\"@type\":\"ListItem\",\"position\":3,\"name\":\"Ovulaatiotestipuikko\"}]},{\"@type\":\"WebSite\",\"@id\":\"https:\\\/\\\/medtest.stagingservers.net\\\/fi\\\/#website\",\"url\":\"https:\\\/\\\/medtest.stagingservers.net\\\/fi\\\/\",\"name\":\"Medtest.shop\",\"description\":\"\",\"publisher\":{\"@id\":\"https:\\\/\\\/medtest.stagingservers.net\\\/fi\\\/#organization\"},\"potentialAction\":[{\"@type\":\"SearchAction\",\"target\":{\"@type\":\"EntryPoint\",\"urlTemplate\":\"https:\\\/\\\/medtest.stagingservers.net\\\/fi\\\/?s={search_term_string}\"},\"query-input\":{\"@type\":\"PropertyValueSpecification\",\"valueRequired\":true,\"valueName\":\"search_term_string\"}}],\"inLanguage\":\"fi-FI\"},{\"@type\":\"Organization\",\"@id\":\"https:\\\/\\\/medtest.stagingservers.net\\\/fi\\\/#organization\",\"name\":\"Medtest\",\"url\":\"https:\\\/\\\/medtest.stagingservers.net\\\/fi\\\/\",\"logo\":{\"@type\":\"ImageObject\",\"inLanguage\":\"fi-FI\",\"@id\":\"https:\\\/\\\/medtest.stagingservers.net\\\/fi\\\/#\\\/schema\\\/logo\\\/image\\\/\",\"url\":\"https:\\\/\\\/medtest.stagingservers.net\\\/wp-content\\\/uploads\\\/2018\\\/11\\\/Original.png\",\"contentUrl\":\"https:\\\/\\\/medtest.stagingservers.net\\\/wp-content\\\/uploads\\\/2018\\\/11\\\/Original.png\",\"width\":1024,\"height\":1024,\"caption\":\"Medtest\"},\"image\":{\"@id\":\"https:\\\/\\\/medtest.stagingservers.net\\\/fi\\\/#\\\/schema\\\/logo\\\/image\\\/\"},\"sameAs\":[\"https:\\\/\\\/www.facebook.com\\\/Medtest-1440779469392476\\\/\"]}]}<\/script>","yoast_head_json":{"title":"Ovulaatiotestipuikko - Medtest.shop","description":"Ovulaatiotestipuikko - Medtest.shop","robots":{"index":"noindex","follow":"follow","max-snippet":"max-snippet:-1","max-image-preview":"max-image-preview:large","max-video-preview":"max-video-preview:-1"},"og_locale":"fi_FI","og_type":"article","og_title":"Ovulaatiotestipuikko - Medtest.shop","og_description":"Ovulaatiotestipuikko - Medtest.shop","og_url":"https:\/\/medtest.stagingservers.net\/fi\/produkt\/ovulaatiotesti-puikko\/","og_site_name":"Medtest.shop","article_publisher":"https:\/\/www.facebook.com\/Medtest-1440779469392476\/","article_modified_time":"2019-09-28T11:25:34+00:00","og_image":[{"width":480,"height":480,"url":"https:\/\/medtest.stagingservers.net\/wp-content\/uploads\/2018\/11\/A\u0308gglossningstest-STAV-33-1523918753627.png","type":"image\/png"}],"twitter_card":"summary_large_image","schema":{"@context":"https:\/\/schema.org","@graph":[{"@type":"WebPage","@id":"https:\/\/medtest.stagingservers.net\/fi\/produkt\/ovulaatiotesti-puikko\/","url":"https:\/\/medtest.stagingservers.net\/fi\/produkt\/ovulaatiotesti-puikko\/","name":"Ovulaatiotestipuikko - Medtest.shop","isPartOf":{"@id":"https:\/\/medtest.stagingservers.net\/fi\/#website"},"primaryImageOfPage":{"@id":"https:\/\/medtest.stagingservers.net\/fi\/produkt\/ovulaatiotesti-puikko\/#primaryimage"},"image":{"@id":"https:\/\/medtest.stagingservers.net\/fi\/produkt\/ovulaatiotesti-puikko\/#primaryimage"},"thumbnailUrl":"https:\/\/medtest.stagingservers.net\/wp-content\/uploads\/2018\/11\/A\u0308gglossningstest-STAV-33-1523918753627.png","datePublished":"2019-08-27T10:47:39+00:00","dateModified":"2019-09-28T11:25:34+00:00","description":"Ovulaatiotestipuikko - Medtest.shop","breadcrumb":{"@id":"https:\/\/medtest.stagingservers.net\/fi\/produkt\/ovulaatiotesti-puikko\/#breadcrumb"},"inLanguage":"fi-FI","potentialAction":[{"@type":"ReadAction","target":["https:\/\/medtest.stagingservers.net\/fi\/produkt\/ovulaatiotesti-puikko\/"]}]},{"@type":"ImageObject","inLanguage":"fi-FI","@id":"https:\/\/medtest.stagingservers.net\/fi\/produkt\/ovulaatiotesti-puikko\/#primaryimage","url":"https:\/\/medtest.stagingservers.net\/wp-content\/uploads\/2018\/11\/A\u0308gglossningstest-STAV-33-1523918753627.png","contentUrl":"https:\/\/medtest.stagingservers.net\/wp-content\/uploads\/2018\/11\/A\u0308gglossningstest-STAV-33-1523918753627.png","width":480,"height":480},{"@type":"BreadcrumbList","@id":"https:\/\/medtest.stagingservers.net\/fi\/produkt\/ovulaatiotesti-puikko\/#breadcrumb","itemListElement":[{"@type":"ListItem","position":1,"name":"Home","item":"https:\/\/medtest.stagingservers.net\/fi\/"},{"@type":"ListItem","position":2,"name":"Shop","item":"https:\/\/medtest.stagingservers.net\/fi\/shop\/"},{"@type":"ListItem","position":3,"name":"Ovulaatiotestipuikko"}]},{"@type":"WebSite","@id":"https:\/\/medtest.stagingservers.net\/fi\/#website","url":"https:\/\/medtest.stagingservers.net\/fi\/","name":"Medtest.shop","description":"","publisher":{"@id":"https:\/\/medtest.stagingservers.net\/fi\/#organization"},"potentialAction":[{"@type":"SearchAction","target":{"@type":"EntryPoint","urlTemplate":"https:\/\/medtest.stagingservers.net\/fi\/?s={search_term_string}"},"query-input":{"@type":"PropertyValueSpecification","valueRequired":true,"valueName":"search_term_string"}}],"inLanguage":"fi-FI"},{"@type":"Organization","@id":"https:\/\/medtest.stagingservers.net\/fi\/#organization","name":"Medtest","url":"https:\/\/medtest.stagingservers.net\/fi\/","logo":{"@type":"ImageObject","inLanguage":"fi-FI","@id":"https:\/\/medtest.stagingservers.net\/fi\/#\/schema\/logo\/image\/","url":"https:\/\/medtest.stagingservers.net\/wp-content\/uploads\/2018\/11\/Original.png","contentUrl":"https:\/\/medtest.stagingservers.net\/wp-content\/uploads\/2018\/11\/Original.png","width":1024,"height":1024,"caption":"Medtest"},"image":{"@id":"https:\/\/medtest.stagingservers.net\/fi\/#\/schema\/logo\/image\/"},"sameAs":["https:\/\/www.facebook.com\/Medtest-1440779469392476\/"]}]}},"_links":{"self":[{"href":"https:\/\/medtest.stagingservers.net\/fi\/wp-json\/wp\/v2\/product\/72759","targetHints":{"allow":["GET"]}}],"collection":[{"href":"https:\/\/medtest.stagingservers.net\/fi\/wp-json\/wp\/v2\/product"}],"about":[{"href":"https:\/\/medtest.stagingservers.net\/fi\/wp-json\/wp\/v2\/types\/product"}],"replies":[{"embeddable":true,"href":"https:\/\/medtest.stagingservers.net\/fi\/wp-json\/wp\/v2\/comments?post=72759"}],"version-history":[{"count":0,"href":"https:\/\/medtest.stagingservers.net\/fi\/wp-json\/wp\/v2\/product\/72759\/revisions"}],"wp:featuredmedia":[{"embeddable":true,"href":"https:\/\/medtest.stagingservers.net\/fi\/wp-json\/wp\/v2\/media\/72763"}],"wp:attachment":[{"href":"https:\/\/medtest.stagingservers.net\/fi\/wp-json\/wp\/v2\/media?parent=72759"}],"wp:term":[{"taxonomy":"product_brand","embeddable":true,"href":"https:\/\/medtest.stagingservers.net\/fi\/wp-json\/wp\/v2\/product_brand?post=72759"},{"taxonomy":"product_cat","embeddable":true,"href":"https:\/\/medtest.stagingservers.net\/fi\/wp-json\/wp\/v2\/product_cat?post=72759"},{"taxonomy":"product_tag","embeddable":true,"href":"https:\/\/medtest.stagingservers.net\/fi\/wp-json\/wp\/v2\/product_tag?post=72759"}],"curies":[{"name":"wp","href":"https:\/\/api.w.org\/{rel}","templated":true}]}}