{"id":72775,"date":"2019-08-27T12:14:13","date_gmt":"2019-08-27T12:14:13","guid":{"rendered":"https:\/\/medtest.stagingservers.net\/product\/angiina-testi\/"},"modified":"2019-11-13T20:39:28","modified_gmt":"2019-11-13T18:39:28","slug":"angiina-testi","status":"publish","type":"product","link":"https:\/\/medtest.stagingservers.net\/fi\/produkt\/angiina-testi\/","title":{"rendered":"Nielutulehdustesti"},"content":{"rendered":"<h2>Nielutulehdustesti (A-streptokokki)<\/h2>\n<p>Testi etsii n\u00e4ytteest\u00e4 A-streptokokkia eli merkki\u00e4 angiinasta eli nielutulehduksesta. Jos sinulla on kuumetta ja nielurisasi ovat turvonneet, ota selville, onko syyn\u00e4 bakteeri. Jos testi on negatiivinen, tied\u00e4t, ettei antibiootista ole apua, koska syyn\u00e4 on todenn\u00e4k\u00f6isesti virus ja elimist\u00f6si parantaa tulehduksen itse. Tarkkuus: 97%. Herkkyys: 94%.<\/p>\n<div>\n<h5>K\u00e4ytt\u00f6ohjeet<\/h5>\n<p>Anna testin, reagenssiaineen ja nielun\u00e4ytteen l\u00e4mmit\u00e4 huoneenl\u00e4mp\u00f6isiksi (15-30 \u00b0C) ennen testin tekemist\u00e4.<\/p>\n<h5><strong>Tee n\u00e4in:<\/strong><\/h5>\n<\/div>\n<p>Avaa foliopakkaus, jossa on testikasetti. Testi onnistuu parhaiten, kun testi tehd\u00e4\u00e4n v\u00e4litt\u00f6m\u00e4sti pakkauksen avaamisen j\u00e4lkeen. Irrota koeputken suutin.<\/p>\n<ol start=\"1\">\n<li data-index=\"281\" data-length=\"55\">Tiputa nelj\u00e4 isoa pisaraa reagenssiliuos A:ta koeputkeen.<\/li>\n<li>Tiputa nelj\u00e4 isoa pisaraa reagenssiliuos B:ta koeputkeen.\u00a0 Sekoita reagenssiliuos A ja B kesken\u00e4\u00e4n ravistamalla varovasti koeputkea.<\/li>\n<li data-index=\"336\" data-length=\"55\">Ota n\u00e4ytetikku pois pakkauksesta. Koske n\u00e4ytetikulla nielurisoja siten, ett\u00e4 teet tikulla nielurisoihin kahdeksikon muotoista kuviota. Varmista, ett\u00e4 kosket molempia nielurisoja. Laita sen j\u00e4lkeen n\u00e4ytetikku v\u00e4litt\u00f6m\u00e4sti koeputkeen, jossa on reagenssi A:ta ja B:t\u00e4.<\/li>\n<li data-index=\"710\" data-length=\"65\">Py\u00f6rit\u00e4 tikkua koeputkessa kymmenen kierrosta. Anna sen j\u00e4lkeen tikun odottaa putkessa minuutin ajan.<\/li>\n<li data-index=\"775\" data-length=\"130\">Paina sitten sormilla n\u00e4ytetikkua koeputken l\u00e4pi ja paina koeputken pohjaa niin, ett\u00e4 saat n\u00e4ytetikun pois putkesta.<\/li>\n<li data-index=\"775\" data-length=\"130\">Heit\u00e4 n\u00e4ytetikku pois.<\/li>\n<li data-index=\"905\" data-length=\"105\">Laita suutin takaisin koeputken p\u00e4\u00e4lle.<\/li>\n<li data-index=\"905\" data-length=\"105\">Tiputa kolme tippaa nestett\u00e4 testikasettiin ja aloita ajanotto. Odota, kunnes testiin ilmestyy v\u00e4rillinen viiva. Lue tulos noin viiden minuutin kuluttua.<\/li>\n<\/ol>\n<p><img loading=\"lazy\" decoding=\"async\" class=\"alignnone wp-image-74452 size-medium\" src=\"https:\/\/medtest.stagingservers.net\/wp-content\/uploads\/2019\/08\/Halsfluss-FI-720x294.png\" alt=\"\" width=\"720\" height=\"294\" srcset=\"https:\/\/medtest.stagingservers.net\/wp-content\/uploads\/2019\/08\/Halsfluss-FI-720x294.png 720w, https:\/\/medtest.stagingservers.net\/wp-content\/uploads\/2019\/08\/Halsfluss-FI-768x313.png 768w, https:\/\/medtest.stagingservers.net\/wp-content\/uploads\/2019\/08\/Halsfluss-FI-600x245.png 600w, https:\/\/medtest.stagingservers.net\/wp-content\/uploads\/2019\/08\/Halsfluss-FI-200x82.png 200w, https:\/\/medtest.stagingservers.net\/wp-content\/uploads\/2019\/08\/Halsfluss-FI-416x170.png 416w, https:\/\/medtest.stagingservers.net\/wp-content\/uploads\/2019\/08\/Halsfluss-FI.png 1100w\" sizes=\"auto, (max-width: 720px) 100vw, 720px\" \/><\/p>\n<h4>Tulosten tulkinta<\/h4>\n<div class=\"row\">\n<div class=\"extra\">\n<div class=\"component\">\n<div class=\"self mobile-leaf text textnormal mobile-undersized-upper\">Jos testiss\u00e4 on viiva kohdissa C ja T, tulos on positiivinen ja viittaa nielutulehdukseen. Jos vain C-kohdassa on viiva, tulos on negatiivinen eik\u00e4 n\u00e4ytteess\u00e4 ole A-streptokokkia. Jos C-kohtaan ei tule viivaa, testi on viallinen.<\/div>\n<\/div>\n<\/div>\n<\/div>\n<div class=\"row\">\n<div class=\"extra\">\n<div class=\"component\">\n<div class=\"self mobile-leaf text textnormal mobile-undersized-upper\">C = Control (Kontrolliviiva) T = Testi S = Sample (N\u00e4yte)<\/div>\n<div><\/div>\n<\/div>\n<\/div>\n<\/div>\n<p><img loading=\"lazy\" decoding=\"async\" class=\"alignnone wp-image-74453 \" src=\"https:\/\/medtest.stagingservers.net\/wp-content\/uploads\/2019\/08\/Tolkning-Fi-1.png\" alt=\"\" width=\"316\" height=\"217\" srcset=\"https:\/\/medtest.stagingservers.net\/wp-content\/uploads\/2019\/08\/Tolkning-Fi-1.png 505w, https:\/\/medtest.stagingservers.net\/wp-content\/uploads\/2019\/08\/Tolkning-Fi-1-200x137.png 200w, https:\/\/medtest.stagingservers.net\/wp-content\/uploads\/2019\/08\/Tolkning-Fi-1-416x286.png 416w\" sizes=\"auto, (max-width: 316px) 100vw, 316px\" \/><\/p>\n<h5><\/h5>\n<h5><strong>Positiivinen tulos<\/strong><\/h5>\n<p><span class=\"mobile-undersized-upper\">Jos testi n\u00e4ytt\u00e4\u00e4 positiivista eli sinulla on nielutulehdus, voit ottaa yhteytt\u00e4 esimerkiksi nettil\u00e4\u00e4k\u00e4riin. Kotitestiss\u00e4 on se hyv\u00e4 puoli, ett\u00e4 sen avulla l\u00e4\u00e4k\u00e4ri vio tehd\u00e4 oikean diagnoosin eik\u00e4 antibiootteja m\u00e4\u00e4r\u00e4t\u00e4 turhaan. Testituloksen ja nettil\u00e4\u00e4k\u00e4rin kanssa sinun ei tarvitse jonottaa terveyskeskukseen ja tuhlata aikaa, mik\u00e4 tietysti on my\u00f6s mahdollista, jos et halua ottaa yhteytt\u00e4 nettil\u00e4\u00e4k\u00e4riin.<\/span><\/p>\n<h5><\/h5>\n<h5><strong>Negatiivinen tulos<\/strong><\/h5>\n<p><span class=\"mobile-undersized-upper\">Jos testi n\u00e4ytt\u00e4\u00e4 negatiivista, antibiooteista ei ole apua, vaan oireiden takana on virus. Elimist\u00f6 parantaa itsens\u00e4 muutamassa p\u00e4iv\u00e4ss\u00e4. Sinun ei tarvitse menn\u00e4 l\u00e4\u00e4k\u00e4riin tai kuluttaa aikaasi terveyskeskuksessa. Jos sinun tai lapsesi vointi ei ole parantunut viiden sairausp\u00e4iv\u00e4n j\u00e4lkeen, hakeudu hoitoon.<\/span><\/p>\n<h4>Varastointi<\/h4>\n<p>S\u00e4ilyt\u00e4 pakkaus suljetussa pakkauksessa joko huoneenl\u00e4mm\u00f6ss\u00e4 tai j\u00e4\u00e4kaapissa (2-30 \u00b0C). Testikasetti toimii pakkauksessa ilmoitettuun viimeiseen k\u00e4ytt\u00f6p\u00e4iv\u00e4\u00e4n asti. S\u00e4ilyt\u00e4 testi\u00e4 suljetussa pakkauksessa, kunnes otat sen k\u00e4ytt\u00f6\u00f6n. \u00c4l\u00e4 pakasta. \u00c4l\u00e4 k\u00e4yt\u00e4 testi\u00e4 viimeisen k\u00e4ytt\u00f6p\u00e4iv\u00e4n j\u00e4lkeen.<\/p>\n","protected":false},"excerpt":{"rendered":"<p>Nielutulehdustesti (A-streptokokki) Testi etsii n\u00e4ytteest\u00e4 A-streptokokkia eli merkki\u00e4 angiinasta eli nielutulehduksesta. Jos sinulla on kuumetta ja nielurisasi ovat turvonneet, ota selville, onko syyn\u00e4 bakteeri. Jos testi on negatiivinen, tied\u00e4t, ettei antibiootista ole apua, koska syyn\u00e4 on todenn\u00e4k\u00f6isesti virus ja elimist\u00f6si parantaa tulehduksen itse. Tarkkuus: 97%. Herkkyys: 94%. K\u00e4ytt\u00f6ohjeet Anna testin, reagenssiaineen ja nielun\u00e4ytteen l\u00e4mmit\u00e4 huoneenl\u00e4mp\u00f6isiksi [&hellip;]<\/p>\n","protected":false},"featured_media":73914,"comment_status":"closed","ping_status":"closed","template":"","meta":{"_acf_changed":false,"footnotes":""},"product_brand":[],"product_cat":[943],"product_tag":[],"class_list":{"0":"post-72775","1":"product","2":"type-product","3":"status-publish","4":"has-post-thumbnail","6":"product_cat-strep-a-angiina","8":"first","9":"instock","10":"taxable","11":"shipping-taxable","12":"purchasable","13":"product-type-variable"},"acf":[],"yoast_head":"<title>Nielutulehdustesti - Medtest.shop<\/title>\n<meta name=\"description\" content=\"Nielutulehdustesti - Medtest.shop\" \/>\n<meta name=\"robots\" content=\"noindex, follow, max-snippet:-1, max-image-preview:large, max-video-preview:-1\" \/>\n<meta property=\"og:locale\" content=\"fi_FI\" \/>\n<meta property=\"og:type\" content=\"article\" \/>\n<meta property=\"og:title\" content=\"Nielutulehdustesti - Medtest.shop\" \/>\n<meta property=\"og:description\" content=\"Nielutulehdustesti - Medtest.shop\" \/>\n<meta property=\"og:url\" content=\"https:\/\/medtest.stagingservers.net\/fi\/produkt\/angiina-testi\/\" \/>\n<meta property=\"og:site_name\" content=\"Medtest.shop\" \/>\n<meta property=\"article:publisher\" content=\"https:\/\/www.facebook.com\/Medtest-1440779469392476\/\" \/>\n<meta property=\"article:modified_time\" content=\"2019-11-13T18:39:28+00:00\" \/>\n<meta property=\"og:image\" content=\"https:\/\/medtest.stagingservers.net\/wp-content\/uploads\/2019\/08\/Strep-A-3.png\" \/>\n\t<meta property=\"og:image:width\" content=\"2100\" \/>\n\t<meta property=\"og:image:height\" content=\"1400\" \/>\n\t<meta property=\"og:image:type\" content=\"image\/png\" \/>\n<meta name=\"twitter:card\" content=\"summary_large_image\" \/>\n<script type=\"application\/ld+json\" class=\"yoast-schema-graph\">{\"@context\":\"https:\\\/\\\/schema.org\",\"@graph\":[{\"@type\":\"WebPage\",\"@id\":\"https:\\\/\\\/medtest.stagingservers.net\\\/fi\\\/produkt\\\/angiina-testi\\\/\",\"url\":\"https:\\\/\\\/medtest.stagingservers.net\\\/fi\\\/produkt\\\/angiina-testi\\\/\",\"name\":\"Nielutulehdustesti - Medtest.shop\",\"isPartOf\":{\"@id\":\"https:\\\/\\\/medtest.stagingservers.net\\\/fi\\\/#website\"},\"primaryImageOfPage\":{\"@id\":\"https:\\\/\\\/medtest.stagingservers.net\\\/fi\\\/produkt\\\/angiina-testi\\\/#primaryimage\"},\"image\":{\"@id\":\"https:\\\/\\\/medtest.stagingservers.net\\\/fi\\\/produkt\\\/angiina-testi\\\/#primaryimage\"},\"thumbnailUrl\":\"https:\\\/\\\/medtest.stagingservers.net\\\/wp-content\\\/uploads\\\/2019\\\/08\\\/Strep-A-3.png\",\"datePublished\":\"2019-08-27T12:14:13+00:00\",\"dateModified\":\"2019-11-13T18:39:28+00:00\",\"description\":\"Nielutulehdustesti - Medtest.shop\",\"breadcrumb\":{\"@id\":\"https:\\\/\\\/medtest.stagingservers.net\\\/fi\\\/produkt\\\/angiina-testi\\\/#breadcrumb\"},\"inLanguage\":\"fi-FI\",\"potentialAction\":[{\"@type\":\"ReadAction\",\"target\":[\"https:\\\/\\\/medtest.stagingservers.net\\\/fi\\\/produkt\\\/angiina-testi\\\/\"]}]},{\"@type\":\"ImageObject\",\"inLanguage\":\"fi-FI\",\"@id\":\"https:\\\/\\\/medtest.stagingservers.net\\\/fi\\\/produkt\\\/angiina-testi\\\/#primaryimage\",\"url\":\"https:\\\/\\\/medtest.stagingservers.net\\\/wp-content\\\/uploads\\\/2019\\\/08\\\/Strep-A-3.png\",\"contentUrl\":\"https:\\\/\\\/medtest.stagingservers.net\\\/wp-content\\\/uploads\\\/2019\\\/08\\\/Strep-A-3.png\",\"width\":2100,\"height\":1400},{\"@type\":\"BreadcrumbList\",\"@id\":\"https:\\\/\\\/medtest.stagingservers.net\\\/fi\\\/produkt\\\/angiina-testi\\\/#breadcrumb\",\"itemListElement\":[{\"@type\":\"ListItem\",\"position\":1,\"name\":\"Home\",\"item\":\"https:\\\/\\\/medtest.stagingservers.net\\\/fi\\\/\"},{\"@type\":\"ListItem\",\"position\":2,\"name\":\"Shop\",\"item\":\"https:\\\/\\\/medtest.stagingservers.net\\\/fi\\\/shop\\\/\"},{\"@type\":\"ListItem\",\"position\":3,\"name\":\"Nielutulehdustesti\"}]},{\"@type\":\"WebSite\",\"@id\":\"https:\\\/\\\/medtest.stagingservers.net\\\/fi\\\/#website\",\"url\":\"https:\\\/\\\/medtest.stagingservers.net\\\/fi\\\/\",\"name\":\"Medtest.shop\",\"description\":\"\",\"publisher\":{\"@id\":\"https:\\\/\\\/medtest.stagingservers.net\\\/fi\\\/#organization\"},\"potentialAction\":[{\"@type\":\"SearchAction\",\"target\":{\"@type\":\"EntryPoint\",\"urlTemplate\":\"https:\\\/\\\/medtest.stagingservers.net\\\/fi\\\/?s={search_term_string}\"},\"query-input\":{\"@type\":\"PropertyValueSpecification\",\"valueRequired\":true,\"valueName\":\"search_term_string\"}}],\"inLanguage\":\"fi-FI\"},{\"@type\":\"Organization\",\"@id\":\"https:\\\/\\\/medtest.stagingservers.net\\\/fi\\\/#organization\",\"name\":\"Medtest\",\"url\":\"https:\\\/\\\/medtest.stagingservers.net\\\/fi\\\/\",\"logo\":{\"@type\":\"ImageObject\",\"inLanguage\":\"fi-FI\",\"@id\":\"https:\\\/\\\/medtest.stagingservers.net\\\/fi\\\/#\\\/schema\\\/logo\\\/image\\\/\",\"url\":\"https:\\\/\\\/medtest.stagingservers.net\\\/wp-content\\\/uploads\\\/2018\\\/11\\\/Original.png\",\"contentUrl\":\"https:\\\/\\\/medtest.stagingservers.net\\\/wp-content\\\/uploads\\\/2018\\\/11\\\/Original.png\",\"width\":1024,\"height\":1024,\"caption\":\"Medtest\"},\"image\":{\"@id\":\"https:\\\/\\\/medtest.stagingservers.net\\\/fi\\\/#\\\/schema\\\/logo\\\/image\\\/\"},\"sameAs\":[\"https:\\\/\\\/www.facebook.com\\\/Medtest-1440779469392476\\\/\"]}]}<\/script>","yoast_head_json":{"title":"Nielutulehdustesti - Medtest.shop","description":"Nielutulehdustesti - Medtest.shop","robots":{"index":"noindex","follow":"follow","max-snippet":"max-snippet:-1","max-image-preview":"max-image-preview:large","max-video-preview":"max-video-preview:-1"},"og_locale":"fi_FI","og_type":"article","og_title":"Nielutulehdustesti - Medtest.shop","og_description":"Nielutulehdustesti - Medtest.shop","og_url":"https:\/\/medtest.stagingservers.net\/fi\/produkt\/angiina-testi\/","og_site_name":"Medtest.shop","article_publisher":"https:\/\/www.facebook.com\/Medtest-1440779469392476\/","article_modified_time":"2019-11-13T18:39:28+00:00","og_image":[{"width":2100,"height":1400,"url":"https:\/\/medtest.stagingservers.net\/wp-content\/uploads\/2019\/08\/Strep-A-3.png","type":"image\/png"}],"twitter_card":"summary_large_image","schema":{"@context":"https:\/\/schema.org","@graph":[{"@type":"WebPage","@id":"https:\/\/medtest.stagingservers.net\/fi\/produkt\/angiina-testi\/","url":"https:\/\/medtest.stagingservers.net\/fi\/produkt\/angiina-testi\/","name":"Nielutulehdustesti - Medtest.shop","isPartOf":{"@id":"https:\/\/medtest.stagingservers.net\/fi\/#website"},"primaryImageOfPage":{"@id":"https:\/\/medtest.stagingservers.net\/fi\/produkt\/angiina-testi\/#primaryimage"},"image":{"@id":"https:\/\/medtest.stagingservers.net\/fi\/produkt\/angiina-testi\/#primaryimage"},"thumbnailUrl":"https:\/\/medtest.stagingservers.net\/wp-content\/uploads\/2019\/08\/Strep-A-3.png","datePublished":"2019-08-27T12:14:13+00:00","dateModified":"2019-11-13T18:39:28+00:00","description":"Nielutulehdustesti - Medtest.shop","breadcrumb":{"@id":"https:\/\/medtest.stagingservers.net\/fi\/produkt\/angiina-testi\/#breadcrumb"},"inLanguage":"fi-FI","potentialAction":[{"@type":"ReadAction","target":["https:\/\/medtest.stagingservers.net\/fi\/produkt\/angiina-testi\/"]}]},{"@type":"ImageObject","inLanguage":"fi-FI","@id":"https:\/\/medtest.stagingservers.net\/fi\/produkt\/angiina-testi\/#primaryimage","url":"https:\/\/medtest.stagingservers.net\/wp-content\/uploads\/2019\/08\/Strep-A-3.png","contentUrl":"https:\/\/medtest.stagingservers.net\/wp-content\/uploads\/2019\/08\/Strep-A-3.png","width":2100,"height":1400},{"@type":"BreadcrumbList","@id":"https:\/\/medtest.stagingservers.net\/fi\/produkt\/angiina-testi\/#breadcrumb","itemListElement":[{"@type":"ListItem","position":1,"name":"Home","item":"https:\/\/medtest.stagingservers.net\/fi\/"},{"@type":"ListItem","position":2,"name":"Shop","item":"https:\/\/medtest.stagingservers.net\/fi\/shop\/"},{"@type":"ListItem","position":3,"name":"Nielutulehdustesti"}]},{"@type":"WebSite","@id":"https:\/\/medtest.stagingservers.net\/fi\/#website","url":"https:\/\/medtest.stagingservers.net\/fi\/","name":"Medtest.shop","description":"","publisher":{"@id":"https:\/\/medtest.stagingservers.net\/fi\/#organization"},"potentialAction":[{"@type":"SearchAction","target":{"@type":"EntryPoint","urlTemplate":"https:\/\/medtest.stagingservers.net\/fi\/?s={search_term_string}"},"query-input":{"@type":"PropertyValueSpecification","valueRequired":true,"valueName":"search_term_string"}}],"inLanguage":"fi-FI"},{"@type":"Organization","@id":"https:\/\/medtest.stagingservers.net\/fi\/#organization","name":"Medtest","url":"https:\/\/medtest.stagingservers.net\/fi\/","logo":{"@type":"ImageObject","inLanguage":"fi-FI","@id":"https:\/\/medtest.stagingservers.net\/fi\/#\/schema\/logo\/image\/","url":"https:\/\/medtest.stagingservers.net\/wp-content\/uploads\/2018\/11\/Original.png","contentUrl":"https:\/\/medtest.stagingservers.net\/wp-content\/uploads\/2018\/11\/Original.png","width":1024,"height":1024,"caption":"Medtest"},"image":{"@id":"https:\/\/medtest.stagingservers.net\/fi\/#\/schema\/logo\/image\/"},"sameAs":["https:\/\/www.facebook.com\/Medtest-1440779469392476\/"]}]}},"_links":{"self":[{"href":"https:\/\/medtest.stagingservers.net\/fi\/wp-json\/wp\/v2\/product\/72775","targetHints":{"allow":["GET"]}}],"collection":[{"href":"https:\/\/medtest.stagingservers.net\/fi\/wp-json\/wp\/v2\/product"}],"about":[{"href":"https:\/\/medtest.stagingservers.net\/fi\/wp-json\/wp\/v2\/types\/product"}],"replies":[{"embeddable":true,"href":"https:\/\/medtest.stagingservers.net\/fi\/wp-json\/wp\/v2\/comments?post=72775"}],"version-history":[{"count":0,"href":"https:\/\/medtest.stagingservers.net\/fi\/wp-json\/wp\/v2\/product\/72775\/revisions"}],"wp:featuredmedia":[{"embeddable":true,"href":"https:\/\/medtest.stagingservers.net\/fi\/wp-json\/wp\/v2\/media\/73914"}],"wp:attachment":[{"href":"https:\/\/medtest.stagingservers.net\/fi\/wp-json\/wp\/v2\/media?parent=72775"}],"wp:term":[{"taxonomy":"product_brand","embeddable":true,"href":"https:\/\/medtest.stagingservers.net\/fi\/wp-json\/wp\/v2\/product_brand?post=72775"},{"taxonomy":"product_cat","embeddable":true,"href":"https:\/\/medtest.stagingservers.net\/fi\/wp-json\/wp\/v2\/product_cat?post=72775"},{"taxonomy":"product_tag","embeddable":true,"href":"https:\/\/medtest.stagingservers.net\/fi\/wp-json\/wp\/v2\/product_tag?post=72775"}],"curies":[{"name":"wp","href":"https:\/\/api.w.org\/{rel}","templated":true}]}}