{"id":72824,"date":"2019-08-27T13:26:55","date_gmt":"2019-08-27T13:26:55","guid":{"rendered":"https:\/\/medtest.stagingservers.net\/product\/klamydiatesti\/"},"modified":"2021-03-27T15:53:23","modified_gmt":"2021-03-27T13:53:23","slug":"klamydiatesti","status":"publish","type":"product","link":"https:\/\/medtest.stagingservers.net\/fi\/produkt\/klamydiatesti\/","title":{"rendered":"Klamydiatesti"},"content":{"rendered":"<h2>Klamydia-pikatestist\u00e4<\/h2>\n<p>Klamydiatestimme on pikatesti, jolla voidaan tarkasti havaita klamydia-antigeenit kohdunkaulassa (naiset) tai virtsaputkessa (miehet). Tulos saadaan 5\u201310 minuutin kuluttua. Testiss\u00e4 k\u00e4ytet\u00e4\u00e4n klamydian (Chlamydia trachomatis) vasta-ainetta. Testin tarkkuus on 97,2 %. CE-hyv\u00e4ksyttyj\u00e4 ammattik\u00e4ytt\u00f6\u00f6n.<\/p>\n<h4>Tietoa klamydiasta<\/h4>\n<p>Klamydia on er\u00e4s tavallisimmista ja nopeimmin levi\u00e4vist\u00e4 sukupuolitaudeista nuorten keskuudessa. Monet kantavat sit\u00e4 tiet\u00e4m\u00e4tt\u00e4\u00e4n. Klamydia voi hoitamattomana johtaa hedelm\u00e4tt\u00f6myyteen sek\u00e4 miehill\u00e4 ett\u00e4 naisilla. Siksi on t\u00e4rke\u00e4\u00e4 tehd\u00e4 testi, jos on ollut yhdynn\u00e4ss\u00e4 k\u00e4ytt\u00e4m\u00e4tt\u00e4 kondomia.<\/p>\n<h4>Miten tartunnan saa?<\/h4>\n<p>Klamydian voi saada yhdynn\u00e4st\u00e4, jos ei k\u00e4yt\u00e4 kondomia, kun limakalvot joutuvat kosketuksiin toistensa kanssa. My\u00f6s anaaliyhdynn\u00e4st\u00e4 ja suuseksist\u00e4 voi saada klamydian. Klamydia ei tartu k\u00e4ttelyst\u00e4, saunan lauteilta, vaatteista, k\u00e4sipyyhkeist\u00e4 eik\u00e4 WC:ist\u00e4. Jos odottavalla \u00e4idill\u00e4 on klamydia, h\u00e4n voi tartuttaa sen synnytyksess\u00e4 vauvaan.<\/p>\n<h4>Oireet<\/h4>\n<p>Useimmat klamydian kantajista, sek\u00e4 miehist\u00e4 ett\u00e4 naisista, eiv\u00e4t koe mit\u00e4\u00e4n oireita mutta levitt\u00e4v\u00e4t silti tautia eteenp\u00e4in. Mahdolliset oireet alkavat yhdest\u00e4 kolmeen viikkoon tartunnan saamisesta. Tavallisin oire sek\u00e4 miehill\u00e4 ett\u00e4 naisilla on virtsatessa esiintyv\u00e4 kipu. Muita oireita ovat virtsaputkesta tulevat vuodot, kivesten kipu tai turvotus, alavatsakipu, yhdynt\u00e4kipu ja naisilla verenvuoto.<\/p>\n<p>Yleinen suositus on, ett\u00e4 kannattaa tehd\u00e4 klamydiatesti, jos on ollut yhdynn\u00e4ss\u00e4 ilman kondomia!<\/p>\n<p class=\"mobile-undersized-upper\"><strong>\u00c4l\u00e4 virtsaa v\u00e4hint\u00e4\u00e4n tuntiin ennen testin tekemist\u00e4!<\/strong><\/p>\n<p>1. <strong>A)<\/strong> <strong>EM\u00c4TINTESTI (nainen)<\/strong> Ty\u00f6nn\u00e4 testipuikko em\u00e4ttimeen, kunnes suurin osa k\u00e4rjest\u00e4 on pois n\u00e4kyvist\u00e4. Py\u00f6rit\u00e4 puikkoa ymp\u00e4ri yhteen suuntaan kokonainen kierros eli 350 astetta ja anna olla paikoillaan 15 sekunnin ajan. Ved\u00e4 puikko pois em\u00e4ttimest\u00e4. Varo, ettei em\u00e4ttimen sis\u00e4puolelta otettu n\u00e4yte koske em\u00e4ttimen ulkopuolelle esimerkiksi em\u00e4ttimen vuotoon.<br \/>\n1. <strong>B)<\/strong> <strong>VIRTSAPUTKITESTI (mies)<\/strong> Pujota puikon p\u00e4\u00e4t\u00e4 noin 2-4 cm virtsaputkeen. K\u00e4\u00e4nn\u00e4 puikkoa 360 astetta eli t\u00e4ysi kierros yhteen suuntaan. J\u00e4t\u00e4 se paikalleen 15 sekunniksi ja ved\u00e4 sitten puikko ulos virtsaputkesta.<\/p>\n<ol start=\"2\">\n<li>Laita puikko koeputkeen ja lis\u00e4\u00e4 putkeen viisi tippaa reagenssia A.\u00a0 Purista koeputkea ulkopuolelta niin, ett\u00e4 puikosta tippuu putkeen nestett\u00e4, ja py\u00f6rit\u00e4 puikkoa koeputkessa 15 kierrosta. Odota kaksi minuuttia.<\/li>\n<li>Lis\u00e4\u00e4 sen j\u00e4lkeen liuokseen nelj\u00e4 pisaraa reagenssi B:t\u00e4. Nesteest\u00e4 tulee sameaa. Py\u00f6rit\u00e4 puikkoa nesteess\u00e4 15 kierrosta, kunnes neste muuttuu kirkkaaksi ja hieman sinert\u00e4v\u00e4ksi tai vihert\u00e4v\u00e4ksi. Jos neste on verist\u00e4, v\u00e4ri muuttuu keltaiseksi tai ruskeaksi. Odota yksi minuutti.<\/li>\n<li>Purista puikosta putkeen niin paljon nestett\u00e4 kuin mahdollista. Heit\u00e4 puikko pois.<\/li>\n<li>Aseta suutin koeputkeen.<\/li>\n<li>Tiputa kolme isoa pisaraa liuosta testikasetin kohtaan (S) ja lue vastaus 5-10 minuutin kuluttua.<\/li>\n<\/ol>\n<p><img loading=\"lazy\" decoding=\"async\" class=\"alignnone wp-image-55354\" src=\"\/wp-content\/uploads\/2018\/11\/Klam-gon-Bild.png\" alt=\"\" width=\"957\" height=\"434\" \/><\/p>\n<h4>Tulos<\/h4>\n<p><img loading=\"lazy\" decoding=\"async\" class=\"alignnone wp-image-91722 size-full\" src=\"https:\/\/medtest.stagingservers.net\/wp-content\/uploads\/2019\/08\/Resultat-Finskae.jpg\" alt=\"\" width=\"454\" height=\"270\" srcset=\"https:\/\/medtest.stagingservers.net\/wp-content\/uploads\/2019\/08\/Resultat-Finskae.jpg 454w, https:\/\/medtest.stagingservers.net\/wp-content\/uploads\/2019\/08\/Resultat-Finskae-200x119.jpg 200w, https:\/\/medtest.stagingservers.net\/wp-content\/uploads\/2019\/08\/Resultat-Finskae-416x247.jpg 416w, https:\/\/medtest.stagingservers.net\/wp-content\/uploads\/2019\/08\/Resultat-Finskae-101x60.jpg 101w, https:\/\/medtest.stagingservers.net\/wp-content\/uploads\/2019\/08\/Resultat-Finskae-151x90.jpg 151w\" sizes=\"auto, (max-width: 454px) 100vw, 454px\" \/><\/p>\n<p>&nbsp;<\/p>\n","protected":false},"excerpt":{"rendered":"<p>Klamydia-pikatestist\u00e4 Klamydiatestimme on pikatesti, jolla voidaan tarkasti havaita klamydia-antigeenit kohdunkaulassa (naiset) tai virtsaputkessa (miehet). Tulos saadaan 5\u201310 minuutin kuluttua. Testiss\u00e4 k\u00e4ytet\u00e4\u00e4n klamydian (Chlamydia trachomatis) vasta-ainetta. Testin tarkkuus on 97,2 %. CE-hyv\u00e4ksyttyj\u00e4 ammattik\u00e4ytt\u00f6\u00f6n. Tietoa klamydiasta Klamydia on er\u00e4s tavallisimmista ja nopeimmin levi\u00e4vist\u00e4 sukupuolitaudeista nuorten keskuudessa. Monet kantavat sit\u00e4 tiet\u00e4m\u00e4tt\u00e4\u00e4n. Klamydia voi hoitamattomana johtaa hedelm\u00e4tt\u00f6myyteen sek\u00e4 miehill\u00e4 [&hellip;]<\/p>\n","protected":false},"featured_media":77763,"comment_status":"closed","ping_status":"closed","template":"","meta":{"_acf_changed":false,"footnotes":""},"product_brand":[],"product_cat":[951],"product_tag":[],"class_list":{"0":"post-72824","1":"product","2":"type-product","3":"status-publish","4":"has-post-thumbnail","6":"product_cat-klamydia-fi","8":"first","9":"instock","10":"taxable","11":"shipping-taxable","12":"purchasable","13":"product-type-variable","14":"has-default-attributes"},"acf":[],"yoast_head":"<title>Klamydiatesti - Medtest.shop<\/title>\n<meta name=\"description\" content=\"Klamydiatesti - Medtest.shop\" \/>\n<meta name=\"robots\" content=\"noindex, follow, max-snippet:-1, max-image-preview:large, max-video-preview:-1\" \/>\n<meta property=\"og:locale\" content=\"fi_FI\" \/>\n<meta property=\"og:type\" content=\"article\" \/>\n<meta property=\"og:title\" content=\"Klamydiatesti - Medtest.shop\" \/>\n<meta property=\"og:description\" content=\"Klamydiatesti - Medtest.shop\" \/>\n<meta property=\"og:url\" content=\"https:\/\/medtest.stagingservers.net\/fi\/produkt\/klamydiatesti\/\" \/>\n<meta property=\"og:site_name\" content=\"Medtest.shop\" \/>\n<meta property=\"article:publisher\" content=\"https:\/\/www.facebook.com\/Medtest-1440779469392476\/\" \/>\n<meta property=\"article:modified_time\" content=\"2021-03-27T13:53:23+00:00\" \/>\n<meta property=\"og:image\" content=\"https:\/\/medtest.stagingservers.net\/wp-content\/uploads\/2019\/08\/Klam-Gon-1.png\" \/>\n\t<meta property=\"og:image:width\" content=\"1200\" \/>\n\t<meta property=\"og:image:height\" content=\"897\" \/>\n\t<meta property=\"og:image:type\" content=\"image\/png\" \/>\n<meta name=\"twitter:card\" content=\"summary_large_image\" \/>\n<script type=\"application\/ld+json\" class=\"yoast-schema-graph\">{\"@context\":\"https:\\\/\\\/schema.org\",\"@graph\":[{\"@type\":\"WebPage\",\"@id\":\"https:\\\/\\\/medtest.stagingservers.net\\\/fi\\\/produkt\\\/klamydiatesti\\\/\",\"url\":\"https:\\\/\\\/medtest.stagingservers.net\\\/fi\\\/produkt\\\/klamydiatesti\\\/\",\"name\":\"Klamydiatesti - Medtest.shop\",\"isPartOf\":{\"@id\":\"https:\\\/\\\/medtest.stagingservers.net\\\/fi\\\/#website\"},\"primaryImageOfPage\":{\"@id\":\"https:\\\/\\\/medtest.stagingservers.net\\\/fi\\\/produkt\\\/klamydiatesti\\\/#primaryimage\"},\"image\":{\"@id\":\"https:\\\/\\\/medtest.stagingservers.net\\\/fi\\\/produkt\\\/klamydiatesti\\\/#primaryimage\"},\"thumbnailUrl\":\"https:\\\/\\\/medtest.stagingservers.net\\\/wp-content\\\/uploads\\\/2019\\\/08\\\/Klam-Gon-1.png\",\"datePublished\":\"2019-08-27T13:26:55+00:00\",\"dateModified\":\"2021-03-27T13:53:23+00:00\",\"description\":\"Klamydiatesti - Medtest.shop\",\"breadcrumb\":{\"@id\":\"https:\\\/\\\/medtest.stagingservers.net\\\/fi\\\/produkt\\\/klamydiatesti\\\/#breadcrumb\"},\"inLanguage\":\"fi-FI\",\"potentialAction\":[{\"@type\":\"ReadAction\",\"target\":[\"https:\\\/\\\/medtest.stagingservers.net\\\/fi\\\/produkt\\\/klamydiatesti\\\/\"]}]},{\"@type\":\"ImageObject\",\"inLanguage\":\"fi-FI\",\"@id\":\"https:\\\/\\\/medtest.stagingservers.net\\\/fi\\\/produkt\\\/klamydiatesti\\\/#primaryimage\",\"url\":\"https:\\\/\\\/medtest.stagingservers.net\\\/wp-content\\\/uploads\\\/2019\\\/08\\\/Klam-Gon-1.png\",\"contentUrl\":\"https:\\\/\\\/medtest.stagingservers.net\\\/wp-content\\\/uploads\\\/2019\\\/08\\\/Klam-Gon-1.png\",\"width\":1200,\"height\":897},{\"@type\":\"BreadcrumbList\",\"@id\":\"https:\\\/\\\/medtest.stagingservers.net\\\/fi\\\/produkt\\\/klamydiatesti\\\/#breadcrumb\",\"itemListElement\":[{\"@type\":\"ListItem\",\"position\":1,\"name\":\"Home\",\"item\":\"https:\\\/\\\/medtest.stagingservers.net\\\/fi\\\/\"},{\"@type\":\"ListItem\",\"position\":2,\"name\":\"Shop\",\"item\":\"https:\\\/\\\/medtest.stagingservers.net\\\/fi\\\/shop\\\/\"},{\"@type\":\"ListItem\",\"position\":3,\"name\":\"Klamydiatesti\"}]},{\"@type\":\"WebSite\",\"@id\":\"https:\\\/\\\/medtest.stagingservers.net\\\/fi\\\/#website\",\"url\":\"https:\\\/\\\/medtest.stagingservers.net\\\/fi\\\/\",\"name\":\"Medtest.shop\",\"description\":\"\",\"publisher\":{\"@id\":\"https:\\\/\\\/medtest.stagingservers.net\\\/fi\\\/#organization\"},\"potentialAction\":[{\"@type\":\"SearchAction\",\"target\":{\"@type\":\"EntryPoint\",\"urlTemplate\":\"https:\\\/\\\/medtest.stagingservers.net\\\/fi\\\/?s={search_term_string}\"},\"query-input\":{\"@type\":\"PropertyValueSpecification\",\"valueRequired\":true,\"valueName\":\"search_term_string\"}}],\"inLanguage\":\"fi-FI\"},{\"@type\":\"Organization\",\"@id\":\"https:\\\/\\\/medtest.stagingservers.net\\\/fi\\\/#organization\",\"name\":\"Medtest\",\"url\":\"https:\\\/\\\/medtest.stagingservers.net\\\/fi\\\/\",\"logo\":{\"@type\":\"ImageObject\",\"inLanguage\":\"fi-FI\",\"@id\":\"https:\\\/\\\/medtest.stagingservers.net\\\/fi\\\/#\\\/schema\\\/logo\\\/image\\\/\",\"url\":\"https:\\\/\\\/medtest.stagingservers.net\\\/wp-content\\\/uploads\\\/2018\\\/11\\\/Original.png\",\"contentUrl\":\"https:\\\/\\\/medtest.stagingservers.net\\\/wp-content\\\/uploads\\\/2018\\\/11\\\/Original.png\",\"width\":1024,\"height\":1024,\"caption\":\"Medtest\"},\"image\":{\"@id\":\"https:\\\/\\\/medtest.stagingservers.net\\\/fi\\\/#\\\/schema\\\/logo\\\/image\\\/\"},\"sameAs\":[\"https:\\\/\\\/www.facebook.com\\\/Medtest-1440779469392476\\\/\"]}]}<\/script>","yoast_head_json":{"title":"Klamydiatesti - Medtest.shop","description":"Klamydiatesti - Medtest.shop","robots":{"index":"noindex","follow":"follow","max-snippet":"max-snippet:-1","max-image-preview":"max-image-preview:large","max-video-preview":"max-video-preview:-1"},"og_locale":"fi_FI","og_type":"article","og_title":"Klamydiatesti - Medtest.shop","og_description":"Klamydiatesti - Medtest.shop","og_url":"https:\/\/medtest.stagingservers.net\/fi\/produkt\/klamydiatesti\/","og_site_name":"Medtest.shop","article_publisher":"https:\/\/www.facebook.com\/Medtest-1440779469392476\/","article_modified_time":"2021-03-27T13:53:23+00:00","og_image":[{"width":1200,"height":897,"url":"https:\/\/medtest.stagingservers.net\/wp-content\/uploads\/2019\/08\/Klam-Gon-1.png","type":"image\/png"}],"twitter_card":"summary_large_image","schema":{"@context":"https:\/\/schema.org","@graph":[{"@type":"WebPage","@id":"https:\/\/medtest.stagingservers.net\/fi\/produkt\/klamydiatesti\/","url":"https:\/\/medtest.stagingservers.net\/fi\/produkt\/klamydiatesti\/","name":"Klamydiatesti - Medtest.shop","isPartOf":{"@id":"https:\/\/medtest.stagingservers.net\/fi\/#website"},"primaryImageOfPage":{"@id":"https:\/\/medtest.stagingservers.net\/fi\/produkt\/klamydiatesti\/#primaryimage"},"image":{"@id":"https:\/\/medtest.stagingservers.net\/fi\/produkt\/klamydiatesti\/#primaryimage"},"thumbnailUrl":"https:\/\/medtest.stagingservers.net\/wp-content\/uploads\/2019\/08\/Klam-Gon-1.png","datePublished":"2019-08-27T13:26:55+00:00","dateModified":"2021-03-27T13:53:23+00:00","description":"Klamydiatesti - Medtest.shop","breadcrumb":{"@id":"https:\/\/medtest.stagingservers.net\/fi\/produkt\/klamydiatesti\/#breadcrumb"},"inLanguage":"fi-FI","potentialAction":[{"@type":"ReadAction","target":["https:\/\/medtest.stagingservers.net\/fi\/produkt\/klamydiatesti\/"]}]},{"@type":"ImageObject","inLanguage":"fi-FI","@id":"https:\/\/medtest.stagingservers.net\/fi\/produkt\/klamydiatesti\/#primaryimage","url":"https:\/\/medtest.stagingservers.net\/wp-content\/uploads\/2019\/08\/Klam-Gon-1.png","contentUrl":"https:\/\/medtest.stagingservers.net\/wp-content\/uploads\/2019\/08\/Klam-Gon-1.png","width":1200,"height":897},{"@type":"BreadcrumbList","@id":"https:\/\/medtest.stagingservers.net\/fi\/produkt\/klamydiatesti\/#breadcrumb","itemListElement":[{"@type":"ListItem","position":1,"name":"Home","item":"https:\/\/medtest.stagingservers.net\/fi\/"},{"@type":"ListItem","position":2,"name":"Shop","item":"https:\/\/medtest.stagingservers.net\/fi\/shop\/"},{"@type":"ListItem","position":3,"name":"Klamydiatesti"}]},{"@type":"WebSite","@id":"https:\/\/medtest.stagingservers.net\/fi\/#website","url":"https:\/\/medtest.stagingservers.net\/fi\/","name":"Medtest.shop","description":"","publisher":{"@id":"https:\/\/medtest.stagingservers.net\/fi\/#organization"},"potentialAction":[{"@type":"SearchAction","target":{"@type":"EntryPoint","urlTemplate":"https:\/\/medtest.stagingservers.net\/fi\/?s={search_term_string}"},"query-input":{"@type":"PropertyValueSpecification","valueRequired":true,"valueName":"search_term_string"}}],"inLanguage":"fi-FI"},{"@type":"Organization","@id":"https:\/\/medtest.stagingservers.net\/fi\/#organization","name":"Medtest","url":"https:\/\/medtest.stagingservers.net\/fi\/","logo":{"@type":"ImageObject","inLanguage":"fi-FI","@id":"https:\/\/medtest.stagingservers.net\/fi\/#\/schema\/logo\/image\/","url":"https:\/\/medtest.stagingservers.net\/wp-content\/uploads\/2018\/11\/Original.png","contentUrl":"https:\/\/medtest.stagingservers.net\/wp-content\/uploads\/2018\/11\/Original.png","width":1024,"height":1024,"caption":"Medtest"},"image":{"@id":"https:\/\/medtest.stagingservers.net\/fi\/#\/schema\/logo\/image\/"},"sameAs":["https:\/\/www.facebook.com\/Medtest-1440779469392476\/"]}]}},"_links":{"self":[{"href":"https:\/\/medtest.stagingservers.net\/fi\/wp-json\/wp\/v2\/product\/72824","targetHints":{"allow":["GET"]}}],"collection":[{"href":"https:\/\/medtest.stagingservers.net\/fi\/wp-json\/wp\/v2\/product"}],"about":[{"href":"https:\/\/medtest.stagingservers.net\/fi\/wp-json\/wp\/v2\/types\/product"}],"replies":[{"embeddable":true,"href":"https:\/\/medtest.stagingservers.net\/fi\/wp-json\/wp\/v2\/comments?post=72824"}],"version-history":[{"count":3,"href":"https:\/\/medtest.stagingservers.net\/fi\/wp-json\/wp\/v2\/product\/72824\/revisions"}],"predecessor-version":[{"id":91970,"href":"https:\/\/medtest.stagingservers.net\/fi\/wp-json\/wp\/v2\/product\/72824\/revisions\/91970"}],"wp:featuredmedia":[{"embeddable":true,"href":"https:\/\/medtest.stagingservers.net\/fi\/wp-json\/wp\/v2\/media\/77763"}],"wp:attachment":[{"href":"https:\/\/medtest.stagingservers.net\/fi\/wp-json\/wp\/v2\/media?parent=72824"}],"wp:term":[{"taxonomy":"product_brand","embeddable":true,"href":"https:\/\/medtest.stagingservers.net\/fi\/wp-json\/wp\/v2\/product_brand?post=72824"},{"taxonomy":"product_cat","embeddable":true,"href":"https:\/\/medtest.stagingservers.net\/fi\/wp-json\/wp\/v2\/product_cat?post=72824"},{"taxonomy":"product_tag","embeddable":true,"href":"https:\/\/medtest.stagingservers.net\/fi\/wp-json\/wp\/v2\/product_tag?post=72824"}],"curies":[{"name":"wp","href":"https:\/\/api.w.org\/{rel}","templated":true}]}}