{"id":72848,"date":"2019-08-27T14:29:04","date_gmt":"2019-08-27T14:29:04","guid":{"rendered":"https:\/\/medtest.stagingservers.net\/product\/virtsatieinfektion-itsetesti\/"},"modified":"2019-09-20T17:30:57","modified_gmt":"2019-09-20T15:30:57","slug":"virtsatieinfektion-itsetesti","status":"publish","type":"product","link":"https:\/\/medtest.stagingservers.net\/fi\/produkt\/virtsatieinfektion-itsetesti\/","title":{"rendered":"Virtsatietulehdustesti"},"content":{"rendered":"<h2>Virtsatietulehdustesti<\/h2>\n<p>Testi tunnistaa virtsatieinfektion selv\u00e4t merkit. Testin voi suorittaa nopeasti ja helposti kotona. Tulos selvi\u00e4\u00e4 noin kahdessa minuutissa. Testi havaitsee, l\u00f6ytyyk\u00f6 virtsasta verta, valkosoluja tai nitriitti\u00e4.<\/p>\n<p>Pakkauksessa on pakkausseloste k\u00e4ytt\u00f6ohjeineen ja v\u00e4rikartta testin tulosten arvioimiseksi sek\u00e4 kolme foliopakkausta, joissa kussakin on testipuikko ja kosteudenpoistopussi. Testi on t\u00e4sm\u00e4lleen sama kuin se, jota monet terveyskeskukset k\u00e4ytt\u00e4v\u00e4t.<\/p>\n<p>Kotitesti tehd\u00e4\u00e4n seuraavasti:<\/p>\n<ol>\n<li>Avaa foliopakkaus ja ota ulos testipuikko.<\/li>\n<li>Virtsaa kuppiin ja kastele testipuikko virtsaan.<\/li>\n<li>Lue tulos noin kahden minuutin kuluttua.<\/li>\n<\/ol>\n","protected":false},"excerpt":{"rendered":"<p>Virtsatietulehdustesti Testi tunnistaa virtsatieinfektion selv\u00e4t merkit. Testin voi suorittaa nopeasti ja helposti kotona. Tulos selvi\u00e4\u00e4 noin kahdessa minuutissa. Testi havaitsee, l\u00f6ytyyk\u00f6 virtsasta verta, valkosoluja tai nitriitti\u00e4. Pakkauksessa on pakkausseloste k\u00e4ytt\u00f6ohjeineen ja v\u00e4rikartta testin tulosten arvioimiseksi sek\u00e4 kolme foliopakkausta, joissa kussakin on testipuikko ja kosteudenpoistopussi. Testi on t\u00e4sm\u00e4lleen sama kuin se, jota monet terveyskeskukset k\u00e4ytt\u00e4v\u00e4t. Kotitesti [&hellip;]<\/p>\n","protected":false},"featured_media":73818,"comment_status":"closed","ping_status":"closed","template":"","meta":{"_acf_changed":false,"footnotes":""},"product_brand":[],"product_cat":[944],"product_tag":[],"class_list":{"0":"post-72848","1":"product","2":"type-product","3":"status-publish","4":"has-post-thumbnail","6":"product_cat-virtsatieinfektio","8":"first","9":"instock","10":"taxable","11":"shipping-taxable","12":"purchasable","13":"product-type-simple"},"acf":[],"yoast_head":"<title>Virtsatietulehdustesti - Medtest.shop<\/title>\n<meta name=\"description\" content=\"Virtsatietulehdustesti - Medtest.shop\" \/>\n<meta name=\"robots\" content=\"noindex, follow, max-snippet:-1, max-image-preview:large, max-video-preview:-1\" \/>\n<meta property=\"og:locale\" content=\"fi_FI\" \/>\n<meta property=\"og:type\" content=\"article\" \/>\n<meta property=\"og:title\" content=\"Virtsatietulehdustesti - Medtest.shop\" \/>\n<meta property=\"og:description\" content=\"Virtsatietulehdustesti - Medtest.shop\" \/>\n<meta property=\"og:url\" content=\"https:\/\/medtest.stagingservers.net\/fi\/produkt\/virtsatieinfektion-itsetesti\/\" \/>\n<meta property=\"og:site_name\" content=\"Medtest.shop\" \/>\n<meta property=\"article:publisher\" content=\"https:\/\/www.facebook.com\/Medtest-1440779469392476\/\" \/>\n<meta property=\"article:modified_time\" content=\"2019-09-20T15:30:57+00:00\" \/>\n<meta property=\"og:image\" content=\"https:\/\/medtest.stagingservers.net\/wp-content\/uploads\/2019\/08\/Urinary-tract-infection.png\" \/>\n\t<meta property=\"og:image:width\" content=\"797\" \/>\n\t<meta property=\"og:image:height\" content=\"529\" \/>\n\t<meta property=\"og:image:type\" content=\"image\/png\" \/>\n<meta name=\"twitter:card\" content=\"summary_large_image\" \/>\n<script type=\"application\/ld+json\" class=\"yoast-schema-graph\">{\"@context\":\"https:\\\/\\\/schema.org\",\"@graph\":[{\"@type\":\"WebPage\",\"@id\":\"https:\\\/\\\/medtest.stagingservers.net\\\/fi\\\/produkt\\\/virtsatieinfektion-itsetesti\\\/\",\"url\":\"https:\\\/\\\/medtest.stagingservers.net\\\/fi\\\/produkt\\\/virtsatieinfektion-itsetesti\\\/\",\"name\":\"Virtsatietulehdustesti - Medtest.shop\",\"isPartOf\":{\"@id\":\"https:\\\/\\\/medtest.stagingservers.net\\\/fi\\\/#website\"},\"primaryImageOfPage\":{\"@id\":\"https:\\\/\\\/medtest.stagingservers.net\\\/fi\\\/produkt\\\/virtsatieinfektion-itsetesti\\\/#primaryimage\"},\"image\":{\"@id\":\"https:\\\/\\\/medtest.stagingservers.net\\\/fi\\\/produkt\\\/virtsatieinfektion-itsetesti\\\/#primaryimage\"},\"thumbnailUrl\":\"https:\\\/\\\/medtest.stagingservers.net\\\/wp-content\\\/uploads\\\/2019\\\/08\\\/Urinary-tract-infection.png\",\"datePublished\":\"2019-08-27T14:29:04+00:00\",\"dateModified\":\"2019-09-20T15:30:57+00:00\",\"description\":\"Virtsatietulehdustesti - Medtest.shop\",\"breadcrumb\":{\"@id\":\"https:\\\/\\\/medtest.stagingservers.net\\\/fi\\\/produkt\\\/virtsatieinfektion-itsetesti\\\/#breadcrumb\"},\"inLanguage\":\"fi-FI\",\"potentialAction\":[{\"@type\":\"ReadAction\",\"target\":[\"https:\\\/\\\/medtest.stagingservers.net\\\/fi\\\/produkt\\\/virtsatieinfektion-itsetesti\\\/\"]}]},{\"@type\":\"ImageObject\",\"inLanguage\":\"fi-FI\",\"@id\":\"https:\\\/\\\/medtest.stagingservers.net\\\/fi\\\/produkt\\\/virtsatieinfektion-itsetesti\\\/#primaryimage\",\"url\":\"https:\\\/\\\/medtest.stagingservers.net\\\/wp-content\\\/uploads\\\/2019\\\/08\\\/Urinary-tract-infection.png\",\"contentUrl\":\"https:\\\/\\\/medtest.stagingservers.net\\\/wp-content\\\/uploads\\\/2019\\\/08\\\/Urinary-tract-infection.png\",\"width\":797,\"height\":529},{\"@type\":\"BreadcrumbList\",\"@id\":\"https:\\\/\\\/medtest.stagingservers.net\\\/fi\\\/produkt\\\/virtsatieinfektion-itsetesti\\\/#breadcrumb\",\"itemListElement\":[{\"@type\":\"ListItem\",\"position\":1,\"name\":\"Home\",\"item\":\"https:\\\/\\\/medtest.stagingservers.net\\\/fi\\\/\"},{\"@type\":\"ListItem\",\"position\":2,\"name\":\"Shop\",\"item\":\"https:\\\/\\\/medtest.stagingservers.net\\\/fi\\\/shop\\\/\"},{\"@type\":\"ListItem\",\"position\":3,\"name\":\"Virtsatietulehdustesti\"}]},{\"@type\":\"WebSite\",\"@id\":\"https:\\\/\\\/medtest.stagingservers.net\\\/fi\\\/#website\",\"url\":\"https:\\\/\\\/medtest.stagingservers.net\\\/fi\\\/\",\"name\":\"Medtest.shop\",\"description\":\"\",\"publisher\":{\"@id\":\"https:\\\/\\\/medtest.stagingservers.net\\\/fi\\\/#organization\"},\"potentialAction\":[{\"@type\":\"SearchAction\",\"target\":{\"@type\":\"EntryPoint\",\"urlTemplate\":\"https:\\\/\\\/medtest.stagingservers.net\\\/fi\\\/?s={search_term_string}\"},\"query-input\":{\"@type\":\"PropertyValueSpecification\",\"valueRequired\":true,\"valueName\":\"search_term_string\"}}],\"inLanguage\":\"fi-FI\"},{\"@type\":\"Organization\",\"@id\":\"https:\\\/\\\/medtest.stagingservers.net\\\/fi\\\/#organization\",\"name\":\"Medtest\",\"url\":\"https:\\\/\\\/medtest.stagingservers.net\\\/fi\\\/\",\"logo\":{\"@type\":\"ImageObject\",\"inLanguage\":\"fi-FI\",\"@id\":\"https:\\\/\\\/medtest.stagingservers.net\\\/fi\\\/#\\\/schema\\\/logo\\\/image\\\/\",\"url\":\"https:\\\/\\\/medtest.stagingservers.net\\\/wp-content\\\/uploads\\\/2018\\\/11\\\/Original.png\",\"contentUrl\":\"https:\\\/\\\/medtest.stagingservers.net\\\/wp-content\\\/uploads\\\/2018\\\/11\\\/Original.png\",\"width\":1024,\"height\":1024,\"caption\":\"Medtest\"},\"image\":{\"@id\":\"https:\\\/\\\/medtest.stagingservers.net\\\/fi\\\/#\\\/schema\\\/logo\\\/image\\\/\"},\"sameAs\":[\"https:\\\/\\\/www.facebook.com\\\/Medtest-1440779469392476\\\/\"]}]}<\/script>","yoast_head_json":{"title":"Virtsatietulehdustesti - Medtest.shop","description":"Virtsatietulehdustesti - Medtest.shop","robots":{"index":"noindex","follow":"follow","max-snippet":"max-snippet:-1","max-image-preview":"max-image-preview:large","max-video-preview":"max-video-preview:-1"},"og_locale":"fi_FI","og_type":"article","og_title":"Virtsatietulehdustesti - Medtest.shop","og_description":"Virtsatietulehdustesti - Medtest.shop","og_url":"https:\/\/medtest.stagingservers.net\/fi\/produkt\/virtsatieinfektion-itsetesti\/","og_site_name":"Medtest.shop","article_publisher":"https:\/\/www.facebook.com\/Medtest-1440779469392476\/","article_modified_time":"2019-09-20T15:30:57+00:00","og_image":[{"width":797,"height":529,"url":"https:\/\/medtest.stagingservers.net\/wp-content\/uploads\/2019\/08\/Urinary-tract-infection.png","type":"image\/png"}],"twitter_card":"summary_large_image","schema":{"@context":"https:\/\/schema.org","@graph":[{"@type":"WebPage","@id":"https:\/\/medtest.stagingservers.net\/fi\/produkt\/virtsatieinfektion-itsetesti\/","url":"https:\/\/medtest.stagingservers.net\/fi\/produkt\/virtsatieinfektion-itsetesti\/","name":"Virtsatietulehdustesti - Medtest.shop","isPartOf":{"@id":"https:\/\/medtest.stagingservers.net\/fi\/#website"},"primaryImageOfPage":{"@id":"https:\/\/medtest.stagingservers.net\/fi\/produkt\/virtsatieinfektion-itsetesti\/#primaryimage"},"image":{"@id":"https:\/\/medtest.stagingservers.net\/fi\/produkt\/virtsatieinfektion-itsetesti\/#primaryimage"},"thumbnailUrl":"https:\/\/medtest.stagingservers.net\/wp-content\/uploads\/2019\/08\/Urinary-tract-infection.png","datePublished":"2019-08-27T14:29:04+00:00","dateModified":"2019-09-20T15:30:57+00:00","description":"Virtsatietulehdustesti - Medtest.shop","breadcrumb":{"@id":"https:\/\/medtest.stagingservers.net\/fi\/produkt\/virtsatieinfektion-itsetesti\/#breadcrumb"},"inLanguage":"fi-FI","potentialAction":[{"@type":"ReadAction","target":["https:\/\/medtest.stagingservers.net\/fi\/produkt\/virtsatieinfektion-itsetesti\/"]}]},{"@type":"ImageObject","inLanguage":"fi-FI","@id":"https:\/\/medtest.stagingservers.net\/fi\/produkt\/virtsatieinfektion-itsetesti\/#primaryimage","url":"https:\/\/medtest.stagingservers.net\/wp-content\/uploads\/2019\/08\/Urinary-tract-infection.png","contentUrl":"https:\/\/medtest.stagingservers.net\/wp-content\/uploads\/2019\/08\/Urinary-tract-infection.png","width":797,"height":529},{"@type":"BreadcrumbList","@id":"https:\/\/medtest.stagingservers.net\/fi\/produkt\/virtsatieinfektion-itsetesti\/#breadcrumb","itemListElement":[{"@type":"ListItem","position":1,"name":"Home","item":"https:\/\/medtest.stagingservers.net\/fi\/"},{"@type":"ListItem","position":2,"name":"Shop","item":"https:\/\/medtest.stagingservers.net\/fi\/shop\/"},{"@type":"ListItem","position":3,"name":"Virtsatietulehdustesti"}]},{"@type":"WebSite","@id":"https:\/\/medtest.stagingservers.net\/fi\/#website","url":"https:\/\/medtest.stagingservers.net\/fi\/","name":"Medtest.shop","description":"","publisher":{"@id":"https:\/\/medtest.stagingservers.net\/fi\/#organization"},"potentialAction":[{"@type":"SearchAction","target":{"@type":"EntryPoint","urlTemplate":"https:\/\/medtest.stagingservers.net\/fi\/?s={search_term_string}"},"query-input":{"@type":"PropertyValueSpecification","valueRequired":true,"valueName":"search_term_string"}}],"inLanguage":"fi-FI"},{"@type":"Organization","@id":"https:\/\/medtest.stagingservers.net\/fi\/#organization","name":"Medtest","url":"https:\/\/medtest.stagingservers.net\/fi\/","logo":{"@type":"ImageObject","inLanguage":"fi-FI","@id":"https:\/\/medtest.stagingservers.net\/fi\/#\/schema\/logo\/image\/","url":"https:\/\/medtest.stagingservers.net\/wp-content\/uploads\/2018\/11\/Original.png","contentUrl":"https:\/\/medtest.stagingservers.net\/wp-content\/uploads\/2018\/11\/Original.png","width":1024,"height":1024,"caption":"Medtest"},"image":{"@id":"https:\/\/medtest.stagingservers.net\/fi\/#\/schema\/logo\/image\/"},"sameAs":["https:\/\/www.facebook.com\/Medtest-1440779469392476\/"]}]}},"_links":{"self":[{"href":"https:\/\/medtest.stagingservers.net\/fi\/wp-json\/wp\/v2\/product\/72848","targetHints":{"allow":["GET"]}}],"collection":[{"href":"https:\/\/medtest.stagingservers.net\/fi\/wp-json\/wp\/v2\/product"}],"about":[{"href":"https:\/\/medtest.stagingservers.net\/fi\/wp-json\/wp\/v2\/types\/product"}],"replies":[{"embeddable":true,"href":"https:\/\/medtest.stagingservers.net\/fi\/wp-json\/wp\/v2\/comments?post=72848"}],"version-history":[{"count":0,"href":"https:\/\/medtest.stagingservers.net\/fi\/wp-json\/wp\/v2\/product\/72848\/revisions"}],"wp:featuredmedia":[{"embeddable":true,"href":"https:\/\/medtest.stagingservers.net\/fi\/wp-json\/wp\/v2\/media\/73818"}],"wp:attachment":[{"href":"https:\/\/medtest.stagingservers.net\/fi\/wp-json\/wp\/v2\/media?parent=72848"}],"wp:term":[{"taxonomy":"product_brand","embeddable":true,"href":"https:\/\/medtest.stagingservers.net\/fi\/wp-json\/wp\/v2\/product_brand?post=72848"},{"taxonomy":"product_cat","embeddable":true,"href":"https:\/\/medtest.stagingservers.net\/fi\/wp-json\/wp\/v2\/product_cat?post=72848"},{"taxonomy":"product_tag","embeddable":true,"href":"https:\/\/medtest.stagingservers.net\/fi\/wp-json\/wp\/v2\/product_tag?post=72848"}],"curies":[{"name":"wp","href":"https:\/\/api.w.org\/{rel}","templated":true}]}}