{"id":72866,"date":"2019-08-27T15:04:54","date_gmt":"2019-08-27T15:04:54","guid":{"rendered":"https:\/\/medtest.stagingservers.net\/product\/combo\/"},"modified":"2019-12-04T14:12:55","modified_gmt":"2019-12-04T12:12:55","slug":"combo","status":"publish","type":"product","link":"https:\/\/medtest.stagingservers.net\/fi\/produkt\/combo\/","title":{"rendered":"Klamydia-, tippuri- ja kuppatesti"},"content":{"rendered":"<h2>Paketti: klamydia-, tippuri- ja kuppatesti<\/h2>\n<p><strong>Klamydia<\/strong> on sukupuolitauti, jonka aiheuttaa Chlamydia trachomatis -bakteeri, yksi kolmesta tunnetusta klamydiatyypist\u00e4. Klamydiainfektio on yksi yleisimmist\u00e4 seksin v\u00e4lityksell\u00e4 levi\u00e4vist\u00e4 sairauksista. Vuonna 2010 klamydian sai Suomessa 12 768 ihmist\u00e4.<\/p>\n<p><strong>Tippuri<\/strong> tarttuu suojaamattomassa yhdynn\u00e4ss\u00e4. Naisilla oireena on virtsankirvely\u00e4 ja valkovuotoa. Jos tippurista saa munasarjatulehduksen, oireena on alavatsakivut. Miehill\u00e4 esiintyy virtsankirvely\u00e4 ja eritett\u00e4 virtsaputkesta. It\u00e4misaika miehill\u00e4 on 2-5 vuorokautta, naisilla 2-3 viikkoa.<\/p>\n<p><strong>Kuppa (syfilis)<\/strong> Paketti sis\u00e4lt\u00e4\u00e4 kaikki tarvittavat v\u00e4lineet kertatestiin syfilistartunnan selvitt\u00e4miseksi naisille ja miehille. Mik\u00e4li tulos on positiivinen, on aiheellista ottaa yhteytt\u00e4 l\u00e4\u00e4k\u00e4riin. Tuote toimitetaan hienovaraisesti tavallisessa kirjekuoressa.<\/p>\n<p>CE-hyv\u00e4ksyttyj\u00e4 ammattik\u00e4ytt\u00f6\u00f6n.<\/p>\n","protected":false},"excerpt":{"rendered":"<p>Paketti: klamydia-, tippuri- ja kuppatesti Klamydia on sukupuolitauti, jonka aiheuttaa Chlamydia trachomatis -bakteeri, yksi kolmesta tunnetusta klamydiatyypist\u00e4. Klamydiainfektio on yksi yleisimmist\u00e4 seksin v\u00e4lityksell\u00e4 levi\u00e4vist\u00e4 sairauksista. Vuonna 2010 klamydian sai Suomessa 12 768 ihmist\u00e4. Tippuri tarttuu suojaamattomassa yhdynn\u00e4ss\u00e4. Naisilla oireena on virtsankirvely\u00e4 ja valkovuotoa. Jos tippurista saa munasarjatulehduksen, oireena on alavatsakivut. Miehill\u00e4 esiintyy virtsankirvely\u00e4 ja eritett\u00e4 [&hellip;]<\/p>\n","protected":false},"featured_media":77776,"comment_status":"closed","ping_status":"closed","template":"","meta":{"_acf_changed":false,"footnotes":""},"product_brand":[],"product_cat":[951,928,952,946],"product_tag":[],"class_list":{"0":"post-72866","1":"product","2":"type-product","3":"status-publish","4":"has-post-thumbnail","6":"product_cat-klamydia-fi","7":"product_cat-pakettitarjous","8":"product_cat-syfilis-fi","9":"product_cat-tippuri","11":"first","12":"instock","13":"taxable","14":"shipping-taxable","15":"purchasable","16":"product-type-simple"},"acf":[],"yoast_head":"<title>Klamydia-, tippuri- ja kuppatesti - Medtest.shop<\/title>\n<meta name=\"description\" content=\"Klamydia-, tippuri- ja kuppatesti - Medtest.shop\" \/>\n<meta name=\"robots\" content=\"noindex, follow, max-snippet:-1, max-image-preview:large, max-video-preview:-1\" \/>\n<meta property=\"og:locale\" content=\"fi_FI\" \/>\n<meta property=\"og:type\" content=\"article\" \/>\n<meta property=\"og:title\" content=\"Klamydia-, tippuri- ja kuppatesti - Medtest.shop\" \/>\n<meta property=\"og:description\" content=\"Klamydia-, tippuri- ja kuppatesti - Medtest.shop\" \/>\n<meta property=\"og:url\" content=\"https:\/\/medtest.stagingservers.net\/fi\/produkt\/combo\/\" \/>\n<meta property=\"og:site_name\" content=\"Medtest.shop\" \/>\n<meta property=\"article:publisher\" content=\"https:\/\/www.facebook.com\/Medtest-1440779469392476\/\" \/>\n<meta property=\"article:modified_time\" content=\"2019-12-04T12:12:55+00:00\" \/>\n<meta property=\"og:image\" content=\"https:\/\/medtest.stagingservers.net\/wp-content\/uploads\/2019\/08\/Kombopaket-1.png\" \/>\n\t<meta property=\"og:image:width\" content=\"1200\" \/>\n\t<meta property=\"og:image:height\" content=\"910\" \/>\n\t<meta property=\"og:image:type\" content=\"image\/png\" \/>\n<meta name=\"twitter:card\" content=\"summary_large_image\" \/>\n<script type=\"application\/ld+json\" class=\"yoast-schema-graph\">{\"@context\":\"https:\\\/\\\/schema.org\",\"@graph\":[{\"@type\":\"WebPage\",\"@id\":\"https:\\\/\\\/medtest.stagingservers.net\\\/fi\\\/produkt\\\/combo\\\/\",\"url\":\"https:\\\/\\\/medtest.stagingservers.net\\\/fi\\\/produkt\\\/combo\\\/\",\"name\":\"Klamydia-, tippuri- ja kuppatesti - Medtest.shop\",\"isPartOf\":{\"@id\":\"https:\\\/\\\/medtest.stagingservers.net\\\/fi\\\/#website\"},\"primaryImageOfPage\":{\"@id\":\"https:\\\/\\\/medtest.stagingservers.net\\\/fi\\\/produkt\\\/combo\\\/#primaryimage\"},\"image\":{\"@id\":\"https:\\\/\\\/medtest.stagingservers.net\\\/fi\\\/produkt\\\/combo\\\/#primaryimage\"},\"thumbnailUrl\":\"https:\\\/\\\/medtest.stagingservers.net\\\/wp-content\\\/uploads\\\/2019\\\/08\\\/Kombopaket-1.png\",\"datePublished\":\"2019-08-27T15:04:54+00:00\",\"dateModified\":\"2019-12-04T12:12:55+00:00\",\"description\":\"Klamydia-, tippuri- ja kuppatesti - Medtest.shop\",\"breadcrumb\":{\"@id\":\"https:\\\/\\\/medtest.stagingservers.net\\\/fi\\\/produkt\\\/combo\\\/#breadcrumb\"},\"inLanguage\":\"fi-FI\",\"potentialAction\":[{\"@type\":\"ReadAction\",\"target\":[\"https:\\\/\\\/medtest.stagingservers.net\\\/fi\\\/produkt\\\/combo\\\/\"]}]},{\"@type\":\"ImageObject\",\"inLanguage\":\"fi-FI\",\"@id\":\"https:\\\/\\\/medtest.stagingservers.net\\\/fi\\\/produkt\\\/combo\\\/#primaryimage\",\"url\":\"https:\\\/\\\/medtest.stagingservers.net\\\/wp-content\\\/uploads\\\/2019\\\/08\\\/Kombopaket-1.png\",\"contentUrl\":\"https:\\\/\\\/medtest.stagingservers.net\\\/wp-content\\\/uploads\\\/2019\\\/08\\\/Kombopaket-1.png\",\"width\":1200,\"height\":910,\"caption\":\"Klamydia, Tippuritesti, kuppatesti\"},{\"@type\":\"BreadcrumbList\",\"@id\":\"https:\\\/\\\/medtest.stagingservers.net\\\/fi\\\/produkt\\\/combo\\\/#breadcrumb\",\"itemListElement\":[{\"@type\":\"ListItem\",\"position\":1,\"name\":\"Home\",\"item\":\"https:\\\/\\\/medtest.stagingservers.net\\\/fi\\\/\"},{\"@type\":\"ListItem\",\"position\":2,\"name\":\"Shop\",\"item\":\"https:\\\/\\\/medtest.stagingservers.net\\\/fi\\\/shop\\\/\"},{\"@type\":\"ListItem\",\"position\":3,\"name\":\"Klamydia-, tippuri- ja kuppatesti\"}]},{\"@type\":\"WebSite\",\"@id\":\"https:\\\/\\\/medtest.stagingservers.net\\\/fi\\\/#website\",\"url\":\"https:\\\/\\\/medtest.stagingservers.net\\\/fi\\\/\",\"name\":\"Medtest.shop\",\"description\":\"\",\"publisher\":{\"@id\":\"https:\\\/\\\/medtest.stagingservers.net\\\/fi\\\/#organization\"},\"potentialAction\":[{\"@type\":\"SearchAction\",\"target\":{\"@type\":\"EntryPoint\",\"urlTemplate\":\"https:\\\/\\\/medtest.stagingservers.net\\\/fi\\\/?s={search_term_string}\"},\"query-input\":{\"@type\":\"PropertyValueSpecification\",\"valueRequired\":true,\"valueName\":\"search_term_string\"}}],\"inLanguage\":\"fi-FI\"},{\"@type\":\"Organization\",\"@id\":\"https:\\\/\\\/medtest.stagingservers.net\\\/fi\\\/#organization\",\"name\":\"Medtest\",\"url\":\"https:\\\/\\\/medtest.stagingservers.net\\\/fi\\\/\",\"logo\":{\"@type\":\"ImageObject\",\"inLanguage\":\"fi-FI\",\"@id\":\"https:\\\/\\\/medtest.stagingservers.net\\\/fi\\\/#\\\/schema\\\/logo\\\/image\\\/\",\"url\":\"https:\\\/\\\/medtest.stagingservers.net\\\/wp-content\\\/uploads\\\/2018\\\/11\\\/Original.png\",\"contentUrl\":\"https:\\\/\\\/medtest.stagingservers.net\\\/wp-content\\\/uploads\\\/2018\\\/11\\\/Original.png\",\"width\":1024,\"height\":1024,\"caption\":\"Medtest\"},\"image\":{\"@id\":\"https:\\\/\\\/medtest.stagingservers.net\\\/fi\\\/#\\\/schema\\\/logo\\\/image\\\/\"},\"sameAs\":[\"https:\\\/\\\/www.facebook.com\\\/Medtest-1440779469392476\\\/\"]}]}<\/script>","yoast_head_json":{"title":"Klamydia-, tippuri- ja kuppatesti - Medtest.shop","description":"Klamydia-, tippuri- ja kuppatesti - Medtest.shop","robots":{"index":"noindex","follow":"follow","max-snippet":"max-snippet:-1","max-image-preview":"max-image-preview:large","max-video-preview":"max-video-preview:-1"},"og_locale":"fi_FI","og_type":"article","og_title":"Klamydia-, tippuri- ja kuppatesti - Medtest.shop","og_description":"Klamydia-, tippuri- ja kuppatesti - Medtest.shop","og_url":"https:\/\/medtest.stagingservers.net\/fi\/produkt\/combo\/","og_site_name":"Medtest.shop","article_publisher":"https:\/\/www.facebook.com\/Medtest-1440779469392476\/","article_modified_time":"2019-12-04T12:12:55+00:00","og_image":[{"width":1200,"height":910,"url":"https:\/\/medtest.stagingservers.net\/wp-content\/uploads\/2019\/08\/Kombopaket-1.png","type":"image\/png"}],"twitter_card":"summary_large_image","schema":{"@context":"https:\/\/schema.org","@graph":[{"@type":"WebPage","@id":"https:\/\/medtest.stagingservers.net\/fi\/produkt\/combo\/","url":"https:\/\/medtest.stagingservers.net\/fi\/produkt\/combo\/","name":"Klamydia-, tippuri- ja kuppatesti - Medtest.shop","isPartOf":{"@id":"https:\/\/medtest.stagingservers.net\/fi\/#website"},"primaryImageOfPage":{"@id":"https:\/\/medtest.stagingservers.net\/fi\/produkt\/combo\/#primaryimage"},"image":{"@id":"https:\/\/medtest.stagingservers.net\/fi\/produkt\/combo\/#primaryimage"},"thumbnailUrl":"https:\/\/medtest.stagingservers.net\/wp-content\/uploads\/2019\/08\/Kombopaket-1.png","datePublished":"2019-08-27T15:04:54+00:00","dateModified":"2019-12-04T12:12:55+00:00","description":"Klamydia-, tippuri- ja kuppatesti - Medtest.shop","breadcrumb":{"@id":"https:\/\/medtest.stagingservers.net\/fi\/produkt\/combo\/#breadcrumb"},"inLanguage":"fi-FI","potentialAction":[{"@type":"ReadAction","target":["https:\/\/medtest.stagingservers.net\/fi\/produkt\/combo\/"]}]},{"@type":"ImageObject","inLanguage":"fi-FI","@id":"https:\/\/medtest.stagingservers.net\/fi\/produkt\/combo\/#primaryimage","url":"https:\/\/medtest.stagingservers.net\/wp-content\/uploads\/2019\/08\/Kombopaket-1.png","contentUrl":"https:\/\/medtest.stagingservers.net\/wp-content\/uploads\/2019\/08\/Kombopaket-1.png","width":1200,"height":910,"caption":"Klamydia, Tippuritesti, kuppatesti"},{"@type":"BreadcrumbList","@id":"https:\/\/medtest.stagingservers.net\/fi\/produkt\/combo\/#breadcrumb","itemListElement":[{"@type":"ListItem","position":1,"name":"Home","item":"https:\/\/medtest.stagingservers.net\/fi\/"},{"@type":"ListItem","position":2,"name":"Shop","item":"https:\/\/medtest.stagingservers.net\/fi\/shop\/"},{"@type":"ListItem","position":3,"name":"Klamydia-, tippuri- ja kuppatesti"}]},{"@type":"WebSite","@id":"https:\/\/medtest.stagingservers.net\/fi\/#website","url":"https:\/\/medtest.stagingservers.net\/fi\/","name":"Medtest.shop","description":"","publisher":{"@id":"https:\/\/medtest.stagingservers.net\/fi\/#organization"},"potentialAction":[{"@type":"SearchAction","target":{"@type":"EntryPoint","urlTemplate":"https:\/\/medtest.stagingservers.net\/fi\/?s={search_term_string}"},"query-input":{"@type":"PropertyValueSpecification","valueRequired":true,"valueName":"search_term_string"}}],"inLanguage":"fi-FI"},{"@type":"Organization","@id":"https:\/\/medtest.stagingservers.net\/fi\/#organization","name":"Medtest","url":"https:\/\/medtest.stagingservers.net\/fi\/","logo":{"@type":"ImageObject","inLanguage":"fi-FI","@id":"https:\/\/medtest.stagingservers.net\/fi\/#\/schema\/logo\/image\/","url":"https:\/\/medtest.stagingservers.net\/wp-content\/uploads\/2018\/11\/Original.png","contentUrl":"https:\/\/medtest.stagingservers.net\/wp-content\/uploads\/2018\/11\/Original.png","width":1024,"height":1024,"caption":"Medtest"},"image":{"@id":"https:\/\/medtest.stagingservers.net\/fi\/#\/schema\/logo\/image\/"},"sameAs":["https:\/\/www.facebook.com\/Medtest-1440779469392476\/"]}]}},"_links":{"self":[{"href":"https:\/\/medtest.stagingservers.net\/fi\/wp-json\/wp\/v2\/product\/72866","targetHints":{"allow":["GET"]}}],"collection":[{"href":"https:\/\/medtest.stagingservers.net\/fi\/wp-json\/wp\/v2\/product"}],"about":[{"href":"https:\/\/medtest.stagingservers.net\/fi\/wp-json\/wp\/v2\/types\/product"}],"replies":[{"embeddable":true,"href":"https:\/\/medtest.stagingservers.net\/fi\/wp-json\/wp\/v2\/comments?post=72866"}],"version-history":[{"count":0,"href":"https:\/\/medtest.stagingservers.net\/fi\/wp-json\/wp\/v2\/product\/72866\/revisions"}],"wp:featuredmedia":[{"embeddable":true,"href":"https:\/\/medtest.stagingservers.net\/fi\/wp-json\/wp\/v2\/media\/77776"}],"wp:attachment":[{"href":"https:\/\/medtest.stagingservers.net\/fi\/wp-json\/wp\/v2\/media?parent=72866"}],"wp:term":[{"taxonomy":"product_brand","embeddable":true,"href":"https:\/\/medtest.stagingservers.net\/fi\/wp-json\/wp\/v2\/product_brand?post=72866"},{"taxonomy":"product_cat","embeddable":true,"href":"https:\/\/medtest.stagingservers.net\/fi\/wp-json\/wp\/v2\/product_cat?post=72866"},{"taxonomy":"product_tag","embeddable":true,"href":"https:\/\/medtest.stagingservers.net\/fi\/wp-json\/wp\/v2\/product_tag?post=72866"}],"curies":[{"name":"wp","href":"https:\/\/api.w.org\/{rel}","templated":true}]}}