{"id":72900,"date":"2019-08-28T07:08:17","date_gmt":"2019-08-28T07:08:17","guid":{"rendered":"https:\/\/medtest.stagingservers.net\/product\/raskaustesti-liuska\/"},"modified":"2019-09-28T13:32:16","modified_gmt":"2019-09-28T11:32:16","slug":"raskaustesti-liuska","status":"publish","type":"product","link":"https:\/\/medtest.stagingservers.net\/fi\/produkt\/raskaustesti-liuska\/","title":{"rendered":"Raskaustestiliuska"},"content":{"rendered":"<h2>Raskaustestiliuska<\/h2>\n<p>Raskauden havaitsemiseen tarkoitettu helppo pikatesti. Testi on 99,5% luotettava, ja sen tekeminen kest\u00e4\u00e4 alle viisi minuuttia.<\/p>\n<p>Pian munasolun hedelm\u00f6ittymisen j\u00e4lkeen elimist\u00f6 alkaa tuottaa hCG-istukkahormonia, joka on proteiini. Raskaustestin toiminta perustuu siihen, ett\u00e4 liuskassa olevat hCG-vasta-aineet sitoutuvat hCG-hormoniin, jos sit\u00e4 l\u00f6ytyy virtsasta.<\/p>\n<p>Jokaisessa foliopakkauksessa on yksi liuska, joka on CE-hyv\u00e4ksytty IVD-direktiivin mukaisesti. Raskaustestiliuska on kertak\u00e4ytt\u00f6inen.<\/p>\n<p>Materiaali: paperi Koko: noin 10 x 0,5 cm<\/p>\n<h4>K\u00e4ytt\u00f6ohjeet<\/h4>\n<p>K\u00e4yt\u00e4 raskaustestiin vain tuoretta virtsaa.<\/p>\n<p>Tee n\u00e4in: <img loading=\"lazy\" decoding=\"async\" class=\"size-full wp-image-54543 alignleft\" src=\"https:\/\/medtest.stagingservers.net\/wp-content\/uploads\/2018\/11\/Pregnancy-test-strip-product-multiple.jpg\" alt=\"\" width=\"261\" height=\"261\" srcset=\"https:\/\/medtest.stagingservers.net\/wp-content\/uploads\/2018\/11\/Pregnancy-test-strip-product-multiple.jpg 261w, https:\/\/medtest.stagingservers.net\/wp-content\/uploads\/2018\/11\/Pregnancy-test-strip-product-multiple-200x200.jpg 200w, https:\/\/medtest.stagingservers.net\/wp-content\/uploads\/2018\/11\/Pregnancy-test-strip-product-multiple-150x150.jpg 150w, https:\/\/medtest.stagingservers.net\/wp-content\/uploads\/2018\/11\/Pregnancy-test-strip-product-multiple-100x100.jpg 100w\" sizes=\"auto, (max-width: 261px) 100vw, 261px\" \/><\/p>\n<ol>\n<li>Avaa foliopakkaus ja ota liuska ulos.<\/li>\n<li>Upota liuskan p\u00e4\u00e4 kolmeksi sekunniksi astiaan, jossa on virtsaa.<\/li>\n<li>\u00c4l\u00e4 upota liuskaa MAX-linjan yli.<\/li>\n<li>Saat tuloksen 30 sekunnissa.<\/li>\n<li>Heit\u00e4 liuska roskikseen k\u00e4yt\u00f6n j\u00e4lkeen.<\/li>\n<\/ol>\n<h4>Tuloksen lukeminen<\/h4>\n<p><strong><img loading=\"lazy\" decoding=\"async\" class=\"size-full wp-image-71830 alignleft\" src=\"https:\/\/medtest.stagingservers.net\/wp-content\/uploads\/2019\/08\/Ska-rmavbild-2018-03-13-kl.-23.39.28.png\" alt=\"\" width=\"400\" height=\"232\" \/><\/strong><strong>Negatiivinen<\/strong>: Jos testiss\u00e4 n\u00e4kyy viiva vain kontrollialueella, oletettavasti et ole raskaana.<\/p>\n<p><strong>Positiivinen<\/strong>: Jos sek\u00e4 kontrollialueella ett\u00e4 testialueella on viiva, olet raskaana.<\/p>\n<p><strong>Virheellinen<\/strong>: Jos tulokseen ei tule viivaa kontrollialueelle, testi on virheellinen. Tee t\u00e4ll\u00f6in toinen testi.<\/p>\n<p><b>S\u00e4ilytys <\/b>S\u00e4ilyt\u00e4 testi\u00e4 suljetussa pakkauksessa huoneenl\u00e4mm\u00f6ss\u00e4 tai j\u00e4\u00e4kaapissa (2-30 \u00b0C). Tuote toimii siihen p\u00e4iv\u00e4m\u00e4\u00e4r\u00e4\u00e4n saakka, joka on ilmoitettu pakkauksessa. Tuotetta pit\u00e4\u00e4 s\u00e4ilytt\u00e4\u00e4 suljetussa pussissa k\u00e4ytt\u00f6\u00f6n asti. Ei saa pakastaa.<\/p>\n","protected":false},"excerpt":{"rendered":"<p>Halpa ja luotettava CE-hyv\u00e4ksytty raskaustesti, joka kertoo nopeasti, oletko raskaana. Virtsaa kuppiin, kasta liuska virtsaan ja lue tulos 30 sekunnin j\u00e4lkeen. VARASTOSSA 1-2 P\u00c4IV\u00c4SS\u00c4.<\/p>\n","protected":false},"featured_media":72906,"comment_status":"closed","ping_status":"closed","template":"","meta":{"_acf_changed":false,"footnotes":""},"product_brand":[],"product_cat":[931],"product_tag":[],"class_list":{"0":"post-72900","1":"product","2":"type-product","3":"status-publish","4":"has-post-thumbnail","6":"product_cat-raskaustesti","8":"first","9":"outofstock","10":"taxable","11":"shipping-taxable","12":"product-type-variable"},"acf":[],"yoast_head":"<title>Raskaustestiliuska - Medtest.shop<\/title>\n<meta name=\"description\" content=\"Raskaustestiliuska - Medtest.shop\" \/>\n<meta name=\"robots\" content=\"noindex, follow, max-snippet:-1, max-image-preview:large, max-video-preview:-1\" \/>\n<meta property=\"og:locale\" content=\"fi_FI\" \/>\n<meta property=\"og:type\" content=\"article\" \/>\n<meta property=\"og:title\" content=\"Raskaustestiliuska - Medtest.shop\" \/>\n<meta property=\"og:description\" content=\"Raskaustestiliuska - Medtest.shop\" \/>\n<meta property=\"og:url\" content=\"https:\/\/medtest.stagingservers.net\/fi\/produkt\/raskaustesti-liuska\/\" \/>\n<meta property=\"og:site_name\" content=\"Medtest.shop\" \/>\n<meta property=\"article:publisher\" content=\"https:\/\/www.facebook.com\/Medtest-1440779469392476\/\" \/>\n<meta property=\"article:modified_time\" content=\"2019-09-28T11:32:16+00:00\" \/>\n<meta property=\"og:image\" content=\"https:\/\/medtest.stagingservers.net\/wp-content\/uploads\/2018\/12\/Gravtest-sticka-B.png\" \/>\n\t<meta property=\"og:image:width\" content=\"596\" \/>\n\t<meta property=\"og:image:height\" content=\"460\" \/>\n\t<meta property=\"og:image:type\" content=\"image\/png\" \/>\n<meta name=\"twitter:card\" content=\"summary_large_image\" \/>\n<script type=\"application\/ld+json\" class=\"yoast-schema-graph\">{\"@context\":\"https:\\\/\\\/schema.org\",\"@graph\":[{\"@type\":\"WebPage\",\"@id\":\"https:\\\/\\\/medtest.stagingservers.net\\\/fi\\\/produkt\\\/raskaustesti-liuska\\\/\",\"url\":\"https:\\\/\\\/medtest.stagingservers.net\\\/fi\\\/produkt\\\/raskaustesti-liuska\\\/\",\"name\":\"Raskaustestiliuska - Medtest.shop\",\"isPartOf\":{\"@id\":\"https:\\\/\\\/medtest.stagingservers.net\\\/fi\\\/#website\"},\"primaryImageOfPage\":{\"@id\":\"https:\\\/\\\/medtest.stagingservers.net\\\/fi\\\/produkt\\\/raskaustesti-liuska\\\/#primaryimage\"},\"image\":{\"@id\":\"https:\\\/\\\/medtest.stagingservers.net\\\/fi\\\/produkt\\\/raskaustesti-liuska\\\/#primaryimage\"},\"thumbnailUrl\":\"https:\\\/\\\/medtest.stagingservers.net\\\/wp-content\\\/uploads\\\/2018\\\/12\\\/Gravtest-sticka-B.png\",\"datePublished\":\"2019-08-28T07:08:17+00:00\",\"dateModified\":\"2019-09-28T11:32:16+00:00\",\"description\":\"Raskaustestiliuska - Medtest.shop\",\"breadcrumb\":{\"@id\":\"https:\\\/\\\/medtest.stagingservers.net\\\/fi\\\/produkt\\\/raskaustesti-liuska\\\/#breadcrumb\"},\"inLanguage\":\"fi-FI\",\"potentialAction\":[{\"@type\":\"ReadAction\",\"target\":[\"https:\\\/\\\/medtest.stagingservers.net\\\/fi\\\/produkt\\\/raskaustesti-liuska\\\/\"]}]},{\"@type\":\"ImageObject\",\"inLanguage\":\"fi-FI\",\"@id\":\"https:\\\/\\\/medtest.stagingservers.net\\\/fi\\\/produkt\\\/raskaustesti-liuska\\\/#primaryimage\",\"url\":\"https:\\\/\\\/medtest.stagingservers.net\\\/wp-content\\\/uploads\\\/2018\\\/12\\\/Gravtest-sticka-B.png\",\"contentUrl\":\"https:\\\/\\\/medtest.stagingservers.net\\\/wp-content\\\/uploads\\\/2018\\\/12\\\/Gravtest-sticka-B.png\",\"width\":596,\"height\":460},{\"@type\":\"BreadcrumbList\",\"@id\":\"https:\\\/\\\/medtest.stagingservers.net\\\/fi\\\/produkt\\\/raskaustesti-liuska\\\/#breadcrumb\",\"itemListElement\":[{\"@type\":\"ListItem\",\"position\":1,\"name\":\"Home\",\"item\":\"https:\\\/\\\/medtest.stagingservers.net\\\/fi\\\/\"},{\"@type\":\"ListItem\",\"position\":2,\"name\":\"Shop\",\"item\":\"https:\\\/\\\/medtest.stagingservers.net\\\/fi\\\/shop\\\/\"},{\"@type\":\"ListItem\",\"position\":3,\"name\":\"Raskaustestiliuska\"}]},{\"@type\":\"WebSite\",\"@id\":\"https:\\\/\\\/medtest.stagingservers.net\\\/fi\\\/#website\",\"url\":\"https:\\\/\\\/medtest.stagingservers.net\\\/fi\\\/\",\"name\":\"Medtest.shop\",\"description\":\"\",\"publisher\":{\"@id\":\"https:\\\/\\\/medtest.stagingservers.net\\\/fi\\\/#organization\"},\"potentialAction\":[{\"@type\":\"SearchAction\",\"target\":{\"@type\":\"EntryPoint\",\"urlTemplate\":\"https:\\\/\\\/medtest.stagingservers.net\\\/fi\\\/?s={search_term_string}\"},\"query-input\":{\"@type\":\"PropertyValueSpecification\",\"valueRequired\":true,\"valueName\":\"search_term_string\"}}],\"inLanguage\":\"fi-FI\"},{\"@type\":\"Organization\",\"@id\":\"https:\\\/\\\/medtest.stagingservers.net\\\/fi\\\/#organization\",\"name\":\"Medtest\",\"url\":\"https:\\\/\\\/medtest.stagingservers.net\\\/fi\\\/\",\"logo\":{\"@type\":\"ImageObject\",\"inLanguage\":\"fi-FI\",\"@id\":\"https:\\\/\\\/medtest.stagingservers.net\\\/fi\\\/#\\\/schema\\\/logo\\\/image\\\/\",\"url\":\"https:\\\/\\\/medtest.stagingservers.net\\\/wp-content\\\/uploads\\\/2018\\\/11\\\/Original.png\",\"contentUrl\":\"https:\\\/\\\/medtest.stagingservers.net\\\/wp-content\\\/uploads\\\/2018\\\/11\\\/Original.png\",\"width\":1024,\"height\":1024,\"caption\":\"Medtest\"},\"image\":{\"@id\":\"https:\\\/\\\/medtest.stagingservers.net\\\/fi\\\/#\\\/schema\\\/logo\\\/image\\\/\"},\"sameAs\":[\"https:\\\/\\\/www.facebook.com\\\/Medtest-1440779469392476\\\/\"]}]}<\/script>","yoast_head_json":{"title":"Raskaustestiliuska - Medtest.shop","description":"Raskaustestiliuska - Medtest.shop","robots":{"index":"noindex","follow":"follow","max-snippet":"max-snippet:-1","max-image-preview":"max-image-preview:large","max-video-preview":"max-video-preview:-1"},"og_locale":"fi_FI","og_type":"article","og_title":"Raskaustestiliuska - Medtest.shop","og_description":"Raskaustestiliuska - Medtest.shop","og_url":"https:\/\/medtest.stagingservers.net\/fi\/produkt\/raskaustesti-liuska\/","og_site_name":"Medtest.shop","article_publisher":"https:\/\/www.facebook.com\/Medtest-1440779469392476\/","article_modified_time":"2019-09-28T11:32:16+00:00","og_image":[{"width":596,"height":460,"url":"https:\/\/medtest.stagingservers.net\/wp-content\/uploads\/2018\/12\/Gravtest-sticka-B.png","type":"image\/png"}],"twitter_card":"summary_large_image","schema":{"@context":"https:\/\/schema.org","@graph":[{"@type":"WebPage","@id":"https:\/\/medtest.stagingservers.net\/fi\/produkt\/raskaustesti-liuska\/","url":"https:\/\/medtest.stagingservers.net\/fi\/produkt\/raskaustesti-liuska\/","name":"Raskaustestiliuska - Medtest.shop","isPartOf":{"@id":"https:\/\/medtest.stagingservers.net\/fi\/#website"},"primaryImageOfPage":{"@id":"https:\/\/medtest.stagingservers.net\/fi\/produkt\/raskaustesti-liuska\/#primaryimage"},"image":{"@id":"https:\/\/medtest.stagingservers.net\/fi\/produkt\/raskaustesti-liuska\/#primaryimage"},"thumbnailUrl":"https:\/\/medtest.stagingservers.net\/wp-content\/uploads\/2018\/12\/Gravtest-sticka-B.png","datePublished":"2019-08-28T07:08:17+00:00","dateModified":"2019-09-28T11:32:16+00:00","description":"Raskaustestiliuska - Medtest.shop","breadcrumb":{"@id":"https:\/\/medtest.stagingservers.net\/fi\/produkt\/raskaustesti-liuska\/#breadcrumb"},"inLanguage":"fi-FI","potentialAction":[{"@type":"ReadAction","target":["https:\/\/medtest.stagingservers.net\/fi\/produkt\/raskaustesti-liuska\/"]}]},{"@type":"ImageObject","inLanguage":"fi-FI","@id":"https:\/\/medtest.stagingservers.net\/fi\/produkt\/raskaustesti-liuska\/#primaryimage","url":"https:\/\/medtest.stagingservers.net\/wp-content\/uploads\/2018\/12\/Gravtest-sticka-B.png","contentUrl":"https:\/\/medtest.stagingservers.net\/wp-content\/uploads\/2018\/12\/Gravtest-sticka-B.png","width":596,"height":460},{"@type":"BreadcrumbList","@id":"https:\/\/medtest.stagingservers.net\/fi\/produkt\/raskaustesti-liuska\/#breadcrumb","itemListElement":[{"@type":"ListItem","position":1,"name":"Home","item":"https:\/\/medtest.stagingservers.net\/fi\/"},{"@type":"ListItem","position":2,"name":"Shop","item":"https:\/\/medtest.stagingservers.net\/fi\/shop\/"},{"@type":"ListItem","position":3,"name":"Raskaustestiliuska"}]},{"@type":"WebSite","@id":"https:\/\/medtest.stagingservers.net\/fi\/#website","url":"https:\/\/medtest.stagingservers.net\/fi\/","name":"Medtest.shop","description":"","publisher":{"@id":"https:\/\/medtest.stagingservers.net\/fi\/#organization"},"potentialAction":[{"@type":"SearchAction","target":{"@type":"EntryPoint","urlTemplate":"https:\/\/medtest.stagingservers.net\/fi\/?s={search_term_string}"},"query-input":{"@type":"PropertyValueSpecification","valueRequired":true,"valueName":"search_term_string"}}],"inLanguage":"fi-FI"},{"@type":"Organization","@id":"https:\/\/medtest.stagingservers.net\/fi\/#organization","name":"Medtest","url":"https:\/\/medtest.stagingservers.net\/fi\/","logo":{"@type":"ImageObject","inLanguage":"fi-FI","@id":"https:\/\/medtest.stagingservers.net\/fi\/#\/schema\/logo\/image\/","url":"https:\/\/medtest.stagingservers.net\/wp-content\/uploads\/2018\/11\/Original.png","contentUrl":"https:\/\/medtest.stagingservers.net\/wp-content\/uploads\/2018\/11\/Original.png","width":1024,"height":1024,"caption":"Medtest"},"image":{"@id":"https:\/\/medtest.stagingservers.net\/fi\/#\/schema\/logo\/image\/"},"sameAs":["https:\/\/www.facebook.com\/Medtest-1440779469392476\/"]}]}},"_links":{"self":[{"href":"https:\/\/medtest.stagingservers.net\/fi\/wp-json\/wp\/v2\/product\/72900","targetHints":{"allow":["GET"]}}],"collection":[{"href":"https:\/\/medtest.stagingservers.net\/fi\/wp-json\/wp\/v2\/product"}],"about":[{"href":"https:\/\/medtest.stagingservers.net\/fi\/wp-json\/wp\/v2\/types\/product"}],"replies":[{"embeddable":true,"href":"https:\/\/medtest.stagingservers.net\/fi\/wp-json\/wp\/v2\/comments?post=72900"}],"version-history":[{"count":0,"href":"https:\/\/medtest.stagingservers.net\/fi\/wp-json\/wp\/v2\/product\/72900\/revisions"}],"wp:featuredmedia":[{"embeddable":true,"href":"https:\/\/medtest.stagingservers.net\/fi\/wp-json\/wp\/v2\/media\/72906"}],"wp:attachment":[{"href":"https:\/\/medtest.stagingservers.net\/fi\/wp-json\/wp\/v2\/media?parent=72900"}],"wp:term":[{"taxonomy":"product_brand","embeddable":true,"href":"https:\/\/medtest.stagingservers.net\/fi\/wp-json\/wp\/v2\/product_brand?post=72900"},{"taxonomy":"product_cat","embeddable":true,"href":"https:\/\/medtest.stagingservers.net\/fi\/wp-json\/wp\/v2\/product_cat?post=72900"},{"taxonomy":"product_tag","embeddable":true,"href":"https:\/\/medtest.stagingservers.net\/fi\/wp-json\/wp\/v2\/product_tag?post=72900"}],"curies":[{"name":"wp","href":"https:\/\/api.w.org\/{rel}","templated":true}]}}