{"id":72918,"date":"2019-08-28T07:39:58","date_gmt":"2019-08-28T07:39:58","guid":{"rendered":"https:\/\/medtest.stagingservers.net\/product\/verta-suolessa-testi\/"},"modified":"2019-09-23T14:54:30","modified_gmt":"2019-09-23T12:54:30","slug":"verta-suolessa-testi","status":"publish","type":"product","link":"https:\/\/medtest.stagingservers.net\/fi\/produkt\/verta-suolessa-testi\/","title":{"rendered":"Ulosteen veritesti"},"content":{"rendered":"<h2>Ulosteen veritesti<\/h2>\n<p>OB-suolistotestimme on CE-hyv\u00e4ksytty pikatesti, joka etsii ulosteesta verta ja voi siten toimia aikaisena varoituksena.<\/p>\n<p>Monet sairaudet voivat aiheuttaa veren erittymist\u00e4 huomaamattomasti ulosteeseen. Ulosteessa piilev\u00e4 veri tunnetaan nimell\u00e4 Fecal Occult Blood (FOB). Ruoansulatuskanavan ongelmissa kuten suolistosy\u00f6viss\u00e4, haavoissa, repe\u00e4miss\u00e4, polyypeissa, paksusuolen tulehduksessa ja divertikuliitissa ei usein esiinny varhaisessa vaiheessa n\u00e4kyvi\u00e4 oireita, vaan ainut merkki on ulosteessa piilev\u00e4 veri. Testimme on pikatesti, joka huomaa pienetkin verim\u00e4\u00e4r\u00e4t ulosteessa. Testi k\u00e4ytt\u00e4\u00e4 kaksinkertaista vasta-aineanalyysia, joka havaitsee, jos ulosteessa on verta yli 50 ng\/ml tai 6 ug\/g. Sy\u00f6ty ruoka ei vaikuta testin tarkkuuteen toisin kuin muissa vastaavissa testeiss\u00e4.<\/p>\n<h5>Toimi seuraavasti:<\/h5>\n<p>1. Tee ulosten\u00e4yte ulosteenker\u00e4imeen. K\u00e4yt\u00e4 ulosteenker\u00e4int\u00e4 kaikenlaisten wc-istuinten kanssa, jotta n\u00e4yte ei mene pilalle.<\/p>\n<p>2. Kierr\u00e4 ker\u00e4ysputken kansi auki ja ota asettimella n\u00e4yte putkeen sattumanvaraisesti v\u00e4hint\u00e4\u00e4n kolmesta eri kohdasta. \u00c4l\u00e4 kaavi n\u00e4ytett\u00e4. Ruuvaa ker\u00e4ysputken kansi tiukasti kiinni ja ravista ker\u00e4ysputkea voimakkaasti, jotta n\u00e4yte ja puskuriliuos sekoittuvat.<\/p>\n<p>3. Ota testikasetti ulos foliopussista ja k\u00e4yt\u00e4 kasetti niin pian kuin mahdollista. Parhaan tuloksen saa, kun testikasetti k\u00e4ytet\u00e4\u00e4n v\u00e4litt\u00f6m\u00e4sti foliopussin avaamisen j\u00e4lkeen.<\/p>\n<p>4. Pid\u00e4 ker\u00e4ysputkea pystyss\u00e4 ja katkaise putken k\u00e4rki. K\u00e4\u00e4nn\u00e4 putki yl\u00f6salaisin, tiputa kaksi n\u00e4ytetippaa testikasettiin (S) ja k\u00e4ynnist\u00e4 ajastin. Katso alla olevat kuvat.<\/p>\n<p>5. Lue testitulos viiden minuutin j\u00e4lkeen. \u00c4l\u00e4 lue tulosta en\u00e4\u00e4 kymmenen minuutin j\u00e4lkeen.<\/p>\n<p><img loading=\"lazy\" decoding=\"async\" class=\"alignnone size-full wp-image-54830\" src=\"https:\/\/medtest.stagingservers.net\/wp-content\/uploads\/2019\/02\/FOB.png\" alt=\"\" width=\"1198\" height=\"341\" srcset=\"https:\/\/medtest.stagingservers.net\/wp-content\/uploads\/2019\/02\/FOB.png 1198w, https:\/\/medtest.stagingservers.net\/wp-content\/uploads\/2019\/02\/FOB-600x171.png 600w, https:\/\/medtest.stagingservers.net\/wp-content\/uploads\/2019\/02\/FOB-200x57.png 200w, https:\/\/medtest.stagingservers.net\/wp-content\/uploads\/2019\/02\/FOB-720x205.png 720w, https:\/\/medtest.stagingservers.net\/wp-content\/uploads\/2019\/02\/FOB-768x219.png 768w, https:\/\/medtest.stagingservers.net\/wp-content\/uploads\/2019\/02\/FOB-1024x291.png 1024w, https:\/\/medtest.stagingservers.net\/wp-content\/uploads\/2019\/02\/FOB-416x118.png 416w, https:\/\/medtest.stagingservers.net\/wp-content\/uploads\/2019\/02\/FOB-300x85.png 300w\" sizes=\"auto, (max-width: 1198px) 100vw, 1198px\" \/><\/p>\n<h5>Tulos<\/h5>\n<p><img loading=\"lazy\" decoding=\"async\" class=\"alignnone wp-image-54831\" src=\"https:\/\/medtest.stagingservers.net\/wp-content\/uploads\/2019\/02\/Test-resultat.png\" alt=\"\" width=\"231\" height=\"162\" srcset=\"https:\/\/medtest.stagingservers.net\/wp-content\/uploads\/2019\/02\/Test-resultat.png 912w, https:\/\/medtest.stagingservers.net\/wp-content\/uploads\/2019\/02\/Test-resultat-600x420.png 600w, https:\/\/medtest.stagingservers.net\/wp-content\/uploads\/2019\/02\/Test-resultat-200x140.png 200w, https:\/\/medtest.stagingservers.net\/wp-content\/uploads\/2019\/02\/Test-resultat-720x504.png 720w, https:\/\/medtest.stagingservers.net\/wp-content\/uploads\/2019\/02\/Test-resultat-768x538.png 768w, https:\/\/medtest.stagingservers.net\/wp-content\/uploads\/2019\/02\/Test-resultat-416x291.png 416w, https:\/\/medtest.stagingservers.net\/wp-content\/uploads\/2019\/02\/Test-resultat-300x210.png 300w\" sizes=\"auto, (max-width: 231px) 100vw, 231px\" \/><\/p>\n<div class=\"row\">\n<div class=\"extra\">\n<div class=\"component\">\n<div class=\"self mobile-leaf text textnormal mobile-undersized-upper\">\n<p>Jos testiss\u00e4 n\u00e4kyy viiva sek\u00e4 C:n ett\u00e4 T:n kohdalla, tulos on positiivinen. Jos vain C:n kohdalla on viiva, tulos on negatiivinen. Kontrolliviivan (C) teht\u00e4v\u00e4 on n\u00e4ytt\u00e4\u00e4, ett\u00e4 testi toimii.<\/p>\n<\/div>\n<\/div>\n<\/div>\n<\/div>\n<div class=\"row\">\n<div class=\"extra\">\n<div class=\"component\">\n<div class=\"self mobile-leaf text textnormal mobile-undersized-upper\">\n<p>C = Control (Kontrolliviiva)<\/p>\n<p>T = Testi<\/p>\n<p>S = Sample (N\u00e4yte)<\/p>\n<\/div>\n<\/div>\n<\/div>\n<\/div>\n<p>Mukana tulee suomenkieliset k\u00e4ytt\u00f6ohjeet.<\/p>\n","protected":false},"excerpt":{"rendered":"<p>Monet sairaudet voivat aiheuttaa veren erittymist\u00e4 huomaamattomasti ulosteeseen. Ulosteessa piilev\u00e4 veri tunnetaan nimell\u00e4 Fecal Occult Blood (FOB). Ruoansulatuskanavan ongelmissa kuten suolistosy\u00f6viss\u00e4, haavoissa, repe\u00e4miss\u00e4, polyypeissa, paksusuolen tulehduksessa ja divertikuliitissa ei usein esiinny varhaisessa vaiheessa n\u00e4kyvi\u00e4 oireita, vaan ainut merkki on ulosteessa piilev\u00e4 veri. Testimme on pikatesti, joka huomaa pienetkin verim\u00e4\u00e4r\u00e4t ulosteessa. Testi k\u00e4ytt\u00e4\u00e4 kaksinkertaista vasta-aineanalyysia, joka havaitsee, jos ulosteessa on verta yli 50 ng\/ml tai 6 ug\/g. Sy\u00f6ty ruoka ei vaikuta testin tarkkuuteen toisin kuin muissa vastaavissa testeiss\u00e4.<\/p>\n","protected":false},"featured_media":73801,"comment_status":"closed","ping_status":"closed","template":"","meta":{"_acf_changed":false,"footnotes":""},"product_brand":[],"product_cat":[934],"product_tag":[],"class_list":{"0":"post-72918","1":"product","2":"type-product","3":"status-publish","4":"has-post-thumbnail","6":"product_cat-verta-ulosteessa","8":"first","9":"instock","10":"taxable","11":"shipping-taxable","12":"purchasable","13":"product-type-simple"},"acf":[],"yoast_head":"<title>Ulosteen veritesti - Medtest.shop<\/title>\n<meta name=\"description\" content=\"Ulosteen veritesti - Medtest.shop\" \/>\n<meta name=\"robots\" content=\"noindex, follow, max-snippet:-1, max-image-preview:large, max-video-preview:-1\" \/>\n<meta property=\"og:locale\" content=\"fi_FI\" \/>\n<meta property=\"og:type\" content=\"article\" \/>\n<meta property=\"og:title\" content=\"Ulosteen veritesti - Medtest.shop\" \/>\n<meta property=\"og:description\" content=\"Ulosteen veritesti - Medtest.shop\" \/>\n<meta property=\"og:url\" content=\"https:\/\/medtest.stagingservers.net\/fi\/produkt\/verta-suolessa-testi\/\" \/>\n<meta property=\"og:site_name\" content=\"Medtest.shop\" \/>\n<meta property=\"article:publisher\" content=\"https:\/\/www.facebook.com\/Medtest-1440779469392476\/\" \/>\n<meta property=\"article:modified_time\" content=\"2019-09-23T12:54:30+00:00\" \/>\n<meta property=\"og:image\" content=\"https:\/\/medtest.stagingservers.net\/wp-content\/uploads\/2019\/08\/FOB.png\" \/>\n\t<meta property=\"og:image:width\" content=\"2100\" \/>\n\t<meta property=\"og:image:height\" content=\"1400\" \/>\n\t<meta property=\"og:image:type\" content=\"image\/png\" \/>\n<meta name=\"twitter:card\" content=\"summary_large_image\" \/>\n<script type=\"application\/ld+json\" class=\"yoast-schema-graph\">{\"@context\":\"https:\\\/\\\/schema.org\",\"@graph\":[{\"@type\":\"WebPage\",\"@id\":\"https:\\\/\\\/medtest.stagingservers.net\\\/fi\\\/produkt\\\/verta-suolessa-testi\\\/\",\"url\":\"https:\\\/\\\/medtest.stagingservers.net\\\/fi\\\/produkt\\\/verta-suolessa-testi\\\/\",\"name\":\"Ulosteen veritesti - Medtest.shop\",\"isPartOf\":{\"@id\":\"https:\\\/\\\/medtest.stagingservers.net\\\/fi\\\/#website\"},\"primaryImageOfPage\":{\"@id\":\"https:\\\/\\\/medtest.stagingservers.net\\\/fi\\\/produkt\\\/verta-suolessa-testi\\\/#primaryimage\"},\"image\":{\"@id\":\"https:\\\/\\\/medtest.stagingservers.net\\\/fi\\\/produkt\\\/verta-suolessa-testi\\\/#primaryimage\"},\"thumbnailUrl\":\"https:\\\/\\\/medtest.stagingservers.net\\\/wp-content\\\/uploads\\\/2019\\\/08\\\/FOB.png\",\"datePublished\":\"2019-08-28T07:39:58+00:00\",\"dateModified\":\"2019-09-23T12:54:30+00:00\",\"description\":\"Ulosteen veritesti - Medtest.shop\",\"breadcrumb\":{\"@id\":\"https:\\\/\\\/medtest.stagingservers.net\\\/fi\\\/produkt\\\/verta-suolessa-testi\\\/#breadcrumb\"},\"inLanguage\":\"fi-FI\",\"potentialAction\":[{\"@type\":\"ReadAction\",\"target\":[\"https:\\\/\\\/medtest.stagingservers.net\\\/fi\\\/produkt\\\/verta-suolessa-testi\\\/\"]}]},{\"@type\":\"ImageObject\",\"inLanguage\":\"fi-FI\",\"@id\":\"https:\\\/\\\/medtest.stagingservers.net\\\/fi\\\/produkt\\\/verta-suolessa-testi\\\/#primaryimage\",\"url\":\"https:\\\/\\\/medtest.stagingservers.net\\\/wp-content\\\/uploads\\\/2019\\\/08\\\/FOB.png\",\"contentUrl\":\"https:\\\/\\\/medtest.stagingservers.net\\\/wp-content\\\/uploads\\\/2019\\\/08\\\/FOB.png\",\"width\":2100,\"height\":1400},{\"@type\":\"BreadcrumbList\",\"@id\":\"https:\\\/\\\/medtest.stagingservers.net\\\/fi\\\/produkt\\\/verta-suolessa-testi\\\/#breadcrumb\",\"itemListElement\":[{\"@type\":\"ListItem\",\"position\":1,\"name\":\"Home\",\"item\":\"https:\\\/\\\/medtest.stagingservers.net\\\/fi\\\/\"},{\"@type\":\"ListItem\",\"position\":2,\"name\":\"Shop\",\"item\":\"https:\\\/\\\/medtest.stagingservers.net\\\/fi\\\/shop\\\/\"},{\"@type\":\"ListItem\",\"position\":3,\"name\":\"Ulosteen veritesti\"}]},{\"@type\":\"WebSite\",\"@id\":\"https:\\\/\\\/medtest.stagingservers.net\\\/fi\\\/#website\",\"url\":\"https:\\\/\\\/medtest.stagingservers.net\\\/fi\\\/\",\"name\":\"Medtest.shop\",\"description\":\"\",\"publisher\":{\"@id\":\"https:\\\/\\\/medtest.stagingservers.net\\\/fi\\\/#organization\"},\"potentialAction\":[{\"@type\":\"SearchAction\",\"target\":{\"@type\":\"EntryPoint\",\"urlTemplate\":\"https:\\\/\\\/medtest.stagingservers.net\\\/fi\\\/?s={search_term_string}\"},\"query-input\":{\"@type\":\"PropertyValueSpecification\",\"valueRequired\":true,\"valueName\":\"search_term_string\"}}],\"inLanguage\":\"fi-FI\"},{\"@type\":\"Organization\",\"@id\":\"https:\\\/\\\/medtest.stagingservers.net\\\/fi\\\/#organization\",\"name\":\"Medtest\",\"url\":\"https:\\\/\\\/medtest.stagingservers.net\\\/fi\\\/\",\"logo\":{\"@type\":\"ImageObject\",\"inLanguage\":\"fi-FI\",\"@id\":\"https:\\\/\\\/medtest.stagingservers.net\\\/fi\\\/#\\\/schema\\\/logo\\\/image\\\/\",\"url\":\"https:\\\/\\\/medtest.stagingservers.net\\\/wp-content\\\/uploads\\\/2018\\\/11\\\/Original.png\",\"contentUrl\":\"https:\\\/\\\/medtest.stagingservers.net\\\/wp-content\\\/uploads\\\/2018\\\/11\\\/Original.png\",\"width\":1024,\"height\":1024,\"caption\":\"Medtest\"},\"image\":{\"@id\":\"https:\\\/\\\/medtest.stagingservers.net\\\/fi\\\/#\\\/schema\\\/logo\\\/image\\\/\"},\"sameAs\":[\"https:\\\/\\\/www.facebook.com\\\/Medtest-1440779469392476\\\/\"]}]}<\/script>","yoast_head_json":{"title":"Ulosteen veritesti - Medtest.shop","description":"Ulosteen veritesti - Medtest.shop","robots":{"index":"noindex","follow":"follow","max-snippet":"max-snippet:-1","max-image-preview":"max-image-preview:large","max-video-preview":"max-video-preview:-1"},"og_locale":"fi_FI","og_type":"article","og_title":"Ulosteen veritesti - Medtest.shop","og_description":"Ulosteen veritesti - Medtest.shop","og_url":"https:\/\/medtest.stagingservers.net\/fi\/produkt\/verta-suolessa-testi\/","og_site_name":"Medtest.shop","article_publisher":"https:\/\/www.facebook.com\/Medtest-1440779469392476\/","article_modified_time":"2019-09-23T12:54:30+00:00","og_image":[{"width":2100,"height":1400,"url":"https:\/\/medtest.stagingservers.net\/wp-content\/uploads\/2019\/08\/FOB.png","type":"image\/png"}],"twitter_card":"summary_large_image","schema":{"@context":"https:\/\/schema.org","@graph":[{"@type":"WebPage","@id":"https:\/\/medtest.stagingservers.net\/fi\/produkt\/verta-suolessa-testi\/","url":"https:\/\/medtest.stagingservers.net\/fi\/produkt\/verta-suolessa-testi\/","name":"Ulosteen veritesti - Medtest.shop","isPartOf":{"@id":"https:\/\/medtest.stagingservers.net\/fi\/#website"},"primaryImageOfPage":{"@id":"https:\/\/medtest.stagingservers.net\/fi\/produkt\/verta-suolessa-testi\/#primaryimage"},"image":{"@id":"https:\/\/medtest.stagingservers.net\/fi\/produkt\/verta-suolessa-testi\/#primaryimage"},"thumbnailUrl":"https:\/\/medtest.stagingservers.net\/wp-content\/uploads\/2019\/08\/FOB.png","datePublished":"2019-08-28T07:39:58+00:00","dateModified":"2019-09-23T12:54:30+00:00","description":"Ulosteen veritesti - Medtest.shop","breadcrumb":{"@id":"https:\/\/medtest.stagingservers.net\/fi\/produkt\/verta-suolessa-testi\/#breadcrumb"},"inLanguage":"fi-FI","potentialAction":[{"@type":"ReadAction","target":["https:\/\/medtest.stagingservers.net\/fi\/produkt\/verta-suolessa-testi\/"]}]},{"@type":"ImageObject","inLanguage":"fi-FI","@id":"https:\/\/medtest.stagingservers.net\/fi\/produkt\/verta-suolessa-testi\/#primaryimage","url":"https:\/\/medtest.stagingservers.net\/wp-content\/uploads\/2019\/08\/FOB.png","contentUrl":"https:\/\/medtest.stagingservers.net\/wp-content\/uploads\/2019\/08\/FOB.png","width":2100,"height":1400},{"@type":"BreadcrumbList","@id":"https:\/\/medtest.stagingservers.net\/fi\/produkt\/verta-suolessa-testi\/#breadcrumb","itemListElement":[{"@type":"ListItem","position":1,"name":"Home","item":"https:\/\/medtest.stagingservers.net\/fi\/"},{"@type":"ListItem","position":2,"name":"Shop","item":"https:\/\/medtest.stagingservers.net\/fi\/shop\/"},{"@type":"ListItem","position":3,"name":"Ulosteen veritesti"}]},{"@type":"WebSite","@id":"https:\/\/medtest.stagingservers.net\/fi\/#website","url":"https:\/\/medtest.stagingservers.net\/fi\/","name":"Medtest.shop","description":"","publisher":{"@id":"https:\/\/medtest.stagingservers.net\/fi\/#organization"},"potentialAction":[{"@type":"SearchAction","target":{"@type":"EntryPoint","urlTemplate":"https:\/\/medtest.stagingservers.net\/fi\/?s={search_term_string}"},"query-input":{"@type":"PropertyValueSpecification","valueRequired":true,"valueName":"search_term_string"}}],"inLanguage":"fi-FI"},{"@type":"Organization","@id":"https:\/\/medtest.stagingservers.net\/fi\/#organization","name":"Medtest","url":"https:\/\/medtest.stagingservers.net\/fi\/","logo":{"@type":"ImageObject","inLanguage":"fi-FI","@id":"https:\/\/medtest.stagingservers.net\/fi\/#\/schema\/logo\/image\/","url":"https:\/\/medtest.stagingservers.net\/wp-content\/uploads\/2018\/11\/Original.png","contentUrl":"https:\/\/medtest.stagingservers.net\/wp-content\/uploads\/2018\/11\/Original.png","width":1024,"height":1024,"caption":"Medtest"},"image":{"@id":"https:\/\/medtest.stagingservers.net\/fi\/#\/schema\/logo\/image\/"},"sameAs":["https:\/\/www.facebook.com\/Medtest-1440779469392476\/"]}]}},"_links":{"self":[{"href":"https:\/\/medtest.stagingservers.net\/fi\/wp-json\/wp\/v2\/product\/72918","targetHints":{"allow":["GET"]}}],"collection":[{"href":"https:\/\/medtest.stagingservers.net\/fi\/wp-json\/wp\/v2\/product"}],"about":[{"href":"https:\/\/medtest.stagingservers.net\/fi\/wp-json\/wp\/v2\/types\/product"}],"replies":[{"embeddable":true,"href":"https:\/\/medtest.stagingservers.net\/fi\/wp-json\/wp\/v2\/comments?post=72918"}],"version-history":[{"count":0,"href":"https:\/\/medtest.stagingservers.net\/fi\/wp-json\/wp\/v2\/product\/72918\/revisions"}],"wp:featuredmedia":[{"embeddable":true,"href":"https:\/\/medtest.stagingservers.net\/fi\/wp-json\/wp\/v2\/media\/73801"}],"wp:attachment":[{"href":"https:\/\/medtest.stagingservers.net\/fi\/wp-json\/wp\/v2\/media?parent=72918"}],"wp:term":[{"taxonomy":"product_brand","embeddable":true,"href":"https:\/\/medtest.stagingservers.net\/fi\/wp-json\/wp\/v2\/product_brand?post=72918"},{"taxonomy":"product_cat","embeddable":true,"href":"https:\/\/medtest.stagingservers.net\/fi\/wp-json\/wp\/v2\/product_cat?post=72918"},{"taxonomy":"product_tag","embeddable":true,"href":"https:\/\/medtest.stagingservers.net\/fi\/wp-json\/wp\/v2\/product_tag?post=72918"}],"curies":[{"name":"wp","href":"https:\/\/api.w.org\/{rel}","templated":true}]}}