{"id":72921,"date":"2019-08-28T07:43:13","date_gmt":"2019-08-28T07:43:13","guid":{"rendered":"https:\/\/medtest.stagingservers.net\/product\/diabetestesti\/"},"modified":"2019-09-23T15:27:32","modified_gmt":"2019-09-23T13:27:32","slug":"diabetestesti","status":"publish","type":"product","link":"https:\/\/medtest.stagingservers.net\/fi\/produkt\/diabetestesti\/","title":{"rendered":"Diabetestesti"},"content":{"rendered":"<h2>Diabetestesti<\/h2>\n<p>Diabetestesti\u00e4mme k\u00e4ytet\u00e4\u00e4n analysoimaan virtsan glukoosi- ja ketonitasoja, kun ep\u00e4ill\u00e4\u00e4n diabetesta. Testitulos tulkitaan vertaamalla tulosta mukana tulevaan v\u00e4rikarttaan. Jokainen v\u00e4ri viittaa glukoosin ja ketonin m\u00e4\u00e4r\u00e4\u00e4n (katso alhaalta).<\/p>\n<p>Virtsaatko enemm\u00e4n kuin tavallisesti? Tunnetko janoa, joka ei l\u00e4hde juomalla? Oireet ovat monet ja moninaiset. Diabetes on yksi yleisimmist\u00e4 kansantaudeistamme.<\/p>\n<h4>Mit\u00e4 on diabetes?<\/h4>\n<p>Diabetes aiheuttaa korkeaa verensokeria (veress\u00e4 olevaa glukoosia), jota kutsutaan hyperglykemiaksi. Kun verensokeri ei ole tasapainossa, esiintyy usein oireita. Yksinkertainen kotitestimme huomaa ep\u00e4tasapainon helposti ja nopeasti.<\/p>\n<p>Diabetesta voi olla vaikea huomata pelk\u00e4st\u00e4\u00e4n oireiden perusteella, koska ne ovat hyvin tavallisia. Helppo testi voi auttaa lievitt\u00e4m\u00e4\u00e4n huolta tai kertoa, ett\u00e4 on syyt\u00e4 hakeutua l\u00e4\u00e4k\u00e4rille. Positiivinen testi (sinulla on todenn\u00e4k\u00f6isesti diabetes) tarkoittaa, ett\u00e4 sinun on helpompi hakeutua l\u00e4\u00e4k\u00e4riin ja saada oikeaa hoitoa, mik\u00e4 on t\u00e4rke\u00e4\u00e4, koska hoitamaton diabetes on vaarallinen.<\/p>\n<p>Sis\u00e4lt\u00f6: Kaksi suljettua alumiinipussia, joissa kummassakin on yksi testitikku ja k\u00e4ytt\u00f6ohjeet.<\/p>\n<p>Diabetestesti on valmistettu Euroopassa, ja se on hyvin luotettava. Lis\u00e4ksi se on CE-hyv\u00e4ksytty.<\/p>\n<div>\n<h4><strong><span class=\"mobile-undersized-upper\">N\u00e4in kotitesti toimii<\/span><\/strong><\/h4>\n<\/div>\n<ol start=\"1\">\n<li class=\"mobile-undersized-upper\" data-index=\"681\" data-length=\"49\"><span class=\"mobile-undersized-upper\">Avaa foliopakkaus ja ota testitikku pakkauksesta.<\/span><\/li>\n<li class=\"mobile-undersized-upper\" data-index=\"479\" data-length=\"49\">Virtsaa kuppiin ja kasta testitikku virtsaan.<\/li>\n<li data-index=\"479\" data-length=\"49\">Lue testitulos noin yhden minuutin j\u00e4lkeen.<\/li>\n<\/ol>\n<p><img loading=\"lazy\" decoding=\"async\" class=\"alignnone wp-image-54841\" src=\"https:\/\/medtest.stagingservers.net\/wp-content\/uploads\/2019\/03\/Diabetes-Resultat.png\" alt=\"\" width=\"541\" height=\"219\" srcset=\"https:\/\/medtest.stagingservers.net\/wp-content\/uploads\/2019\/03\/Diabetes-Resultat.png 859w, https:\/\/medtest.stagingservers.net\/wp-content\/uploads\/2019\/03\/Diabetes-Resultat-600x243.png 600w, https:\/\/medtest.stagingservers.net\/wp-content\/uploads\/2019\/03\/Diabetes-Resultat-200x81.png 200w, https:\/\/medtest.stagingservers.net\/wp-content\/uploads\/2019\/03\/Diabetes-Resultat-720x292.png 720w, https:\/\/medtest.stagingservers.net\/wp-content\/uploads\/2019\/03\/Diabetes-Resultat-768x311.png 768w, https:\/\/medtest.stagingservers.net\/wp-content\/uploads\/2019\/03\/Diabetes-Resultat-416x169.png 416w, https:\/\/medtest.stagingservers.net\/wp-content\/uploads\/2019\/03\/Diabetes-Resultat-300x122.png 300w\" sizes=\"auto, (max-width: 541px) 100vw, 541px\" \/><\/p>\n<p>Pakkauksen mukana tulee suomenkieliset k\u00e4ytt\u00f6ohjeet.<\/p>\n<p><a href=\"https:\/\/medtest.stagingservers.net\/kontakta-oss\/\">Ota meihin yhteytt\u00e4<\/a>, jos sinulla on kysytt\u00e4v\u00e4\u00e4. Vastaamme 24 tunnin sis\u00e4ll\u00e4.<\/p>\n","protected":false},"excerpt":{"rendered":"<p>Diabetestesti sis\u00e4lt\u00e4\u00e4 kaksi yksitt\u00e4ispakattua testitikkua. Diabetestesti\u00e4 k\u00e4ytet\u00e4\u00e4n analysoimaan virtsan\u00e4ytteen glukoosi- ja ketonitasoa, kun ep\u00e4ill\u00e4\u00e4n diabetesta. Testitulos tulkitaan vertaamalla tulosta mukana tulevaan v\u00e4rikarttaan. Jokainen v\u00e4ri viittaa tiettyyn glukoosin ja ketonin m\u00e4\u00e4r\u00e4\u00e4n.<\/p>\n","protected":false},"featured_media":73800,"comment_status":"closed","ping_status":"closed","template":"","meta":{"_acf_changed":false,"footnotes":""},"product_brand":[],"product_cat":[935,928,932],"product_tag":[],"class_list":{"0":"post-72921","1":"product","2":"type-product","3":"status-publish","4":"has-post-thumbnail","6":"product_cat-diabetes-fi","7":"product_cat-pakettitarjous","8":"product_cat-terveystestit","10":"first","11":"instock","12":"taxable","13":"shipping-taxable","14":"purchasable","15":"product-type-simple"},"acf":[],"yoast_head":"<title>Diabetestesti - Medtest.shop<\/title>\n<meta name=\"description\" content=\"Diabetestesti - Medtest.shop\" \/>\n<meta name=\"robots\" content=\"noindex, follow, max-snippet:-1, max-image-preview:large, max-video-preview:-1\" \/>\n<meta property=\"og:locale\" content=\"fi_FI\" \/>\n<meta property=\"og:type\" content=\"article\" \/>\n<meta property=\"og:title\" content=\"Diabetestesti - Medtest.shop\" \/>\n<meta property=\"og:description\" content=\"Diabetestesti - Medtest.shop\" \/>\n<meta property=\"og:url\" content=\"https:\/\/medtest.stagingservers.net\/fi\/produkt\/diabetestesti\/\" \/>\n<meta property=\"og:site_name\" content=\"Medtest.shop\" \/>\n<meta property=\"article:publisher\" content=\"https:\/\/www.facebook.com\/Medtest-1440779469392476\/\" \/>\n<meta property=\"article:modified_time\" content=\"2019-09-23T13:27:32+00:00\" \/>\n<meta property=\"og:image\" content=\"https:\/\/medtest.stagingservers.net\/wp-content\/uploads\/2019\/08\/Diabetes.jpg\" \/>\n\t<meta property=\"og:image:width\" content=\"2362\" \/>\n\t<meta property=\"og:image:height\" content=\"2362\" \/>\n\t<meta property=\"og:image:type\" content=\"image\/jpeg\" \/>\n<meta name=\"twitter:card\" content=\"summary_large_image\" \/>\n<script type=\"application\/ld+json\" class=\"yoast-schema-graph\">{\"@context\":\"https:\\\/\\\/schema.org\",\"@graph\":[{\"@type\":\"WebPage\",\"@id\":\"https:\\\/\\\/medtest.stagingservers.net\\\/fi\\\/produkt\\\/diabetestesti\\\/\",\"url\":\"https:\\\/\\\/medtest.stagingservers.net\\\/fi\\\/produkt\\\/diabetestesti\\\/\",\"name\":\"Diabetestesti - Medtest.shop\",\"isPartOf\":{\"@id\":\"https:\\\/\\\/medtest.stagingservers.net\\\/fi\\\/#website\"},\"primaryImageOfPage\":{\"@id\":\"https:\\\/\\\/medtest.stagingservers.net\\\/fi\\\/produkt\\\/diabetestesti\\\/#primaryimage\"},\"image\":{\"@id\":\"https:\\\/\\\/medtest.stagingservers.net\\\/fi\\\/produkt\\\/diabetestesti\\\/#primaryimage\"},\"thumbnailUrl\":\"https:\\\/\\\/medtest.stagingservers.net\\\/wp-content\\\/uploads\\\/2019\\\/08\\\/Diabetes.jpg\",\"datePublished\":\"2019-08-28T07:43:13+00:00\",\"dateModified\":\"2019-09-23T13:27:32+00:00\",\"description\":\"Diabetestesti - Medtest.shop\",\"breadcrumb\":{\"@id\":\"https:\\\/\\\/medtest.stagingservers.net\\\/fi\\\/produkt\\\/diabetestesti\\\/#breadcrumb\"},\"inLanguage\":\"fi-FI\",\"potentialAction\":[{\"@type\":\"ReadAction\",\"target\":[\"https:\\\/\\\/medtest.stagingservers.net\\\/fi\\\/produkt\\\/diabetestesti\\\/\"]}]},{\"@type\":\"ImageObject\",\"inLanguage\":\"fi-FI\",\"@id\":\"https:\\\/\\\/medtest.stagingservers.net\\\/fi\\\/produkt\\\/diabetestesti\\\/#primaryimage\",\"url\":\"https:\\\/\\\/medtest.stagingservers.net\\\/wp-content\\\/uploads\\\/2019\\\/08\\\/Diabetes.jpg\",\"contentUrl\":\"https:\\\/\\\/medtest.stagingservers.net\\\/wp-content\\\/uploads\\\/2019\\\/08\\\/Diabetes.jpg\",\"width\":2362,\"height\":2362},{\"@type\":\"BreadcrumbList\",\"@id\":\"https:\\\/\\\/medtest.stagingservers.net\\\/fi\\\/produkt\\\/diabetestesti\\\/#breadcrumb\",\"itemListElement\":[{\"@type\":\"ListItem\",\"position\":1,\"name\":\"Home\",\"item\":\"https:\\\/\\\/medtest.stagingservers.net\\\/fi\\\/\"},{\"@type\":\"ListItem\",\"position\":2,\"name\":\"Shop\",\"item\":\"https:\\\/\\\/medtest.stagingservers.net\\\/fi\\\/shop\\\/\"},{\"@type\":\"ListItem\",\"position\":3,\"name\":\"Diabetestesti\"}]},{\"@type\":\"WebSite\",\"@id\":\"https:\\\/\\\/medtest.stagingservers.net\\\/fi\\\/#website\",\"url\":\"https:\\\/\\\/medtest.stagingservers.net\\\/fi\\\/\",\"name\":\"Medtest.shop\",\"description\":\"\",\"publisher\":{\"@id\":\"https:\\\/\\\/medtest.stagingservers.net\\\/fi\\\/#organization\"},\"potentialAction\":[{\"@type\":\"SearchAction\",\"target\":{\"@type\":\"EntryPoint\",\"urlTemplate\":\"https:\\\/\\\/medtest.stagingservers.net\\\/fi\\\/?s={search_term_string}\"},\"query-input\":{\"@type\":\"PropertyValueSpecification\",\"valueRequired\":true,\"valueName\":\"search_term_string\"}}],\"inLanguage\":\"fi-FI\"},{\"@type\":\"Organization\",\"@id\":\"https:\\\/\\\/medtest.stagingservers.net\\\/fi\\\/#organization\",\"name\":\"Medtest\",\"url\":\"https:\\\/\\\/medtest.stagingservers.net\\\/fi\\\/\",\"logo\":{\"@type\":\"ImageObject\",\"inLanguage\":\"fi-FI\",\"@id\":\"https:\\\/\\\/medtest.stagingservers.net\\\/fi\\\/#\\\/schema\\\/logo\\\/image\\\/\",\"url\":\"https:\\\/\\\/medtest.stagingservers.net\\\/wp-content\\\/uploads\\\/2018\\\/11\\\/Original.png\",\"contentUrl\":\"https:\\\/\\\/medtest.stagingservers.net\\\/wp-content\\\/uploads\\\/2018\\\/11\\\/Original.png\",\"width\":1024,\"height\":1024,\"caption\":\"Medtest\"},\"image\":{\"@id\":\"https:\\\/\\\/medtest.stagingservers.net\\\/fi\\\/#\\\/schema\\\/logo\\\/image\\\/\"},\"sameAs\":[\"https:\\\/\\\/www.facebook.com\\\/Medtest-1440779469392476\\\/\"]}]}<\/script>","yoast_head_json":{"title":"Diabetestesti - Medtest.shop","description":"Diabetestesti - Medtest.shop","robots":{"index":"noindex","follow":"follow","max-snippet":"max-snippet:-1","max-image-preview":"max-image-preview:large","max-video-preview":"max-video-preview:-1"},"og_locale":"fi_FI","og_type":"article","og_title":"Diabetestesti - Medtest.shop","og_description":"Diabetestesti - Medtest.shop","og_url":"https:\/\/medtest.stagingservers.net\/fi\/produkt\/diabetestesti\/","og_site_name":"Medtest.shop","article_publisher":"https:\/\/www.facebook.com\/Medtest-1440779469392476\/","article_modified_time":"2019-09-23T13:27:32+00:00","og_image":[{"width":2362,"height":2362,"url":"https:\/\/medtest.stagingservers.net\/wp-content\/uploads\/2019\/08\/Diabetes.jpg","type":"image\/jpeg"}],"twitter_card":"summary_large_image","schema":{"@context":"https:\/\/schema.org","@graph":[{"@type":"WebPage","@id":"https:\/\/medtest.stagingservers.net\/fi\/produkt\/diabetestesti\/","url":"https:\/\/medtest.stagingservers.net\/fi\/produkt\/diabetestesti\/","name":"Diabetestesti - Medtest.shop","isPartOf":{"@id":"https:\/\/medtest.stagingservers.net\/fi\/#website"},"primaryImageOfPage":{"@id":"https:\/\/medtest.stagingservers.net\/fi\/produkt\/diabetestesti\/#primaryimage"},"image":{"@id":"https:\/\/medtest.stagingservers.net\/fi\/produkt\/diabetestesti\/#primaryimage"},"thumbnailUrl":"https:\/\/medtest.stagingservers.net\/wp-content\/uploads\/2019\/08\/Diabetes.jpg","datePublished":"2019-08-28T07:43:13+00:00","dateModified":"2019-09-23T13:27:32+00:00","description":"Diabetestesti - Medtest.shop","breadcrumb":{"@id":"https:\/\/medtest.stagingservers.net\/fi\/produkt\/diabetestesti\/#breadcrumb"},"inLanguage":"fi-FI","potentialAction":[{"@type":"ReadAction","target":["https:\/\/medtest.stagingservers.net\/fi\/produkt\/diabetestesti\/"]}]},{"@type":"ImageObject","inLanguage":"fi-FI","@id":"https:\/\/medtest.stagingservers.net\/fi\/produkt\/diabetestesti\/#primaryimage","url":"https:\/\/medtest.stagingservers.net\/wp-content\/uploads\/2019\/08\/Diabetes.jpg","contentUrl":"https:\/\/medtest.stagingservers.net\/wp-content\/uploads\/2019\/08\/Diabetes.jpg","width":2362,"height":2362},{"@type":"BreadcrumbList","@id":"https:\/\/medtest.stagingservers.net\/fi\/produkt\/diabetestesti\/#breadcrumb","itemListElement":[{"@type":"ListItem","position":1,"name":"Home","item":"https:\/\/medtest.stagingservers.net\/fi\/"},{"@type":"ListItem","position":2,"name":"Shop","item":"https:\/\/medtest.stagingservers.net\/fi\/shop\/"},{"@type":"ListItem","position":3,"name":"Diabetestesti"}]},{"@type":"WebSite","@id":"https:\/\/medtest.stagingservers.net\/fi\/#website","url":"https:\/\/medtest.stagingservers.net\/fi\/","name":"Medtest.shop","description":"","publisher":{"@id":"https:\/\/medtest.stagingservers.net\/fi\/#organization"},"potentialAction":[{"@type":"SearchAction","target":{"@type":"EntryPoint","urlTemplate":"https:\/\/medtest.stagingservers.net\/fi\/?s={search_term_string}"},"query-input":{"@type":"PropertyValueSpecification","valueRequired":true,"valueName":"search_term_string"}}],"inLanguage":"fi-FI"},{"@type":"Organization","@id":"https:\/\/medtest.stagingservers.net\/fi\/#organization","name":"Medtest","url":"https:\/\/medtest.stagingservers.net\/fi\/","logo":{"@type":"ImageObject","inLanguage":"fi-FI","@id":"https:\/\/medtest.stagingservers.net\/fi\/#\/schema\/logo\/image\/","url":"https:\/\/medtest.stagingservers.net\/wp-content\/uploads\/2018\/11\/Original.png","contentUrl":"https:\/\/medtest.stagingservers.net\/wp-content\/uploads\/2018\/11\/Original.png","width":1024,"height":1024,"caption":"Medtest"},"image":{"@id":"https:\/\/medtest.stagingservers.net\/fi\/#\/schema\/logo\/image\/"},"sameAs":["https:\/\/www.facebook.com\/Medtest-1440779469392476\/"]}]}},"_links":{"self":[{"href":"https:\/\/medtest.stagingservers.net\/fi\/wp-json\/wp\/v2\/product\/72921","targetHints":{"allow":["GET"]}}],"collection":[{"href":"https:\/\/medtest.stagingservers.net\/fi\/wp-json\/wp\/v2\/product"}],"about":[{"href":"https:\/\/medtest.stagingservers.net\/fi\/wp-json\/wp\/v2\/types\/product"}],"replies":[{"embeddable":true,"href":"https:\/\/medtest.stagingservers.net\/fi\/wp-json\/wp\/v2\/comments?post=72921"}],"version-history":[{"count":0,"href":"https:\/\/medtest.stagingservers.net\/fi\/wp-json\/wp\/v2\/product\/72921\/revisions"}],"wp:featuredmedia":[{"embeddable":true,"href":"https:\/\/medtest.stagingservers.net\/fi\/wp-json\/wp\/v2\/media\/73800"}],"wp:attachment":[{"href":"https:\/\/medtest.stagingservers.net\/fi\/wp-json\/wp\/v2\/media?parent=72921"}],"wp:term":[{"taxonomy":"product_brand","embeddable":true,"href":"https:\/\/medtest.stagingservers.net\/fi\/wp-json\/wp\/v2\/product_brand?post=72921"},{"taxonomy":"product_cat","embeddable":true,"href":"https:\/\/medtest.stagingservers.net\/fi\/wp-json\/wp\/v2\/product_cat?post=72921"},{"taxonomy":"product_tag","embeddable":true,"href":"https:\/\/medtest.stagingservers.net\/fi\/wp-json\/wp\/v2\/product_tag?post=72921"}],"curies":[{"name":"wp","href":"https:\/\/api.w.org\/{rel}","templated":true}]}}