{"id":72937,"date":"2019-08-28T08:02:14","date_gmt":"2019-08-28T08:02:14","guid":{"rendered":"https:\/\/medtest.stagingservers.net\/product\/maksatesti\/"},"modified":"2019-12-20T12:41:17","modified_gmt":"2019-12-20T10:41:17","slug":"maksatesti","status":"publish","type":"product","link":"https:\/\/medtest.stagingservers.net\/fi\/produkt\/maksatesti\/","title":{"rendered":"Maksatesti"},"content":{"rendered":"<h2>Maksatesti<\/h2>\n<p>Maksan ja sappirakon ongelmien diagnosoinnissa k\u00e4ytett\u00e4v\u00e4 maksatesti mittaa virtsasta bilirubiinia ja urobilinogeenia. Testituloksen v\u00e4ri\u00e4 verrataan pakkauksen v\u00e4rikarttaan.<\/p>\n<h5>Miksi bilirubiini pit\u00e4\u00e4 tarkistaa?<\/h5>\n<p>Jos ep\u00e4ill\u00e4\u00e4n maksa- tai sappitiesairautta, pit\u00e4\u00e4 tarkistaa bilirubiinitaso. Bilirubiinitaso mitataan my\u00f6s, jos halutaan tiet\u00e4\u00e4, onko punasolujen hajoaminen lis\u00e4\u00e4ntynyt. Korkeasta bilirubiinitasosta kertoo keltatauti eli ihon ja silm\u00e4nvalkuaisten kellert\u00e4v\u00e4 v\u00e4ri.<\/p>\n<h5>Mit\u00e4 tarkoittaa, jos bilirubiiniarvo on kohonnut?<\/h5>\n<p>Kohonnut arvo voi johtua useista eri syist\u00e4. Usein taustalla on maksasairaus, esimerkiksi seuraus pitk\u00e4aikaisesta runsaasta alkoholink\u00e4yt\u00f6st\u00e4 tai maksatulehduksesta (tavallisesti hepatiitti A:n tai sikotaudin aiheuttama). My\u00f6s sappivaivat voivat nostaa bilirubiinia, esimerkiksi sappikivet ja kasvaimet. Perinn\u00f6lliset entsyyminpuutokset voivat my\u00f6s vaikuttaa bilirubiiniin. Kohonnut bilirubiiniarvo voi lis\u00e4ksi liitty\u00e4 erilaisiin vaikeisiin sairauksiin, joilla ei itsess\u00e4\u00e4n ole tekemist\u00e4 maksan kanssa, esimerkiksi kasvaimet, vakavat tulehdukset ja syd\u00e4men vajaatoiminta.<\/p>\n<p>Bilirubiinia nostaa my\u00f6s hemolyysi, jossa punasolut hajoavat normaalia nopeammin. Monet erilaiset l\u00e4\u00e4keaineet kuten estrogeeni, androgeeniset anaboliset steroidit, tietyt verenpainol\u00e4\u00e4kkeet ja antibiootit, epilepsial\u00e4\u00e4kkeet, masenusl\u00e4\u00e4kkeet ja kipul\u00e4\u00e4kkeet voivat my\u00f6s vaikuttaa maksaan ja nostaa veren bilirubiiniarvoa.<\/p>\n<div>\n<h5><strong><span class=\"mobile-undersized-upper\">N\u00e4in kotitesti toimii<\/span><\/strong><\/h5>\n<\/div>\n<ol start=\"1\">\n<li class=\"mobile-undersized-upper\" data-index=\"681\" data-length=\"49\"><span class=\"mobile-undersized-upper\">Avaa foliopakkaus ja ota testitikku pakkauksesta.<\/span><\/li>\n<li class=\"mobile-undersized-upper\" data-index=\"479\" data-length=\"49\">Virtsaa kuppiin ja kasta testitikku virtsaan.<\/li>\n<li data-index=\"479\" data-length=\"49\">Lue testitulos noin yhden minuutin j\u00e4lkeen. Testitulos tulkitaan vertaamalla tikun v\u00e4ri\u00e4 v\u00e4rikarttaan. Kun vertaat v\u00e4rej\u00e4, pid\u00e4 tikkua vaakasuorassa, jotta tikun v\u00e4rit eiv\u00e4t sekoitu kesken\u00e4\u00e4n.<\/li>\n<\/ol>\n<p><img loading=\"lazy\" decoding=\"async\" class=\"alignnone wp-image-54850\" src=\"https:\/\/medtest.stagingservers.net\/wp-content\/uploads\/2019\/03\/Lever-resultat.png\" alt=\"\" width=\"825\" height=\"172\" srcset=\"https:\/\/medtest.stagingservers.net\/wp-content\/uploads\/2019\/03\/Lever-resultat.png 1086w, https:\/\/medtest.stagingservers.net\/wp-content\/uploads\/2019\/03\/Lever-resultat-600x125.png 600w, https:\/\/medtest.stagingservers.net\/wp-content\/uploads\/2019\/03\/Lever-resultat-200x42.png 200w, https:\/\/medtest.stagingservers.net\/wp-content\/uploads\/2019\/03\/Lever-resultat-720x150.png 720w, https:\/\/medtest.stagingservers.net\/wp-content\/uploads\/2019\/03\/Lever-resultat-768x160.png 768w, https:\/\/medtest.stagingservers.net\/wp-content\/uploads\/2019\/03\/Lever-resultat-1024x213.png 1024w, https:\/\/medtest.stagingservers.net\/wp-content\/uploads\/2019\/03\/Lever-resultat-416x87.png 416w, https:\/\/medtest.stagingservers.net\/wp-content\/uploads\/2019\/03\/Lever-resultat-300x62.png 300w\" sizes=\"auto, (max-width: 825px) 100vw, 825px\" \/><\/p>\n","protected":false},"excerpt":{"rendered":"<p>Testaa maksasi toiminta.<br \/>\nMaksan ja sappirakon ongelmien diagnosoinnissa k\u00e4ytett\u00e4v\u00e4 maksatesti mittaa virtsasta bilirubiinia ja urobilinogeenia. Testituloksen v\u00e4ri\u00e4 verrataan pakkauksen v\u00e4rikarttaan.<\/p>\n","protected":false},"featured_media":73795,"comment_status":"closed","ping_status":"closed","template":"","meta":{"_acf_changed":false,"footnotes":""},"product_brand":[],"product_cat":[938],"product_tag":[],"class_list":{"0":"post-72937","1":"product","2":"type-product","3":"status-publish","4":"has-post-thumbnail","6":"product_cat-maksan-toiminta","8":"first","9":"instock","10":"taxable","11":"shipping-taxable","12":"purchasable","13":"product-type-simple"},"acf":[],"yoast_head":"<title>Maksatesti - Medtest.shop<\/title>\n<meta name=\"description\" content=\"Maksatesti - Medtest.shop\" \/>\n<meta name=\"robots\" content=\"noindex, follow, max-snippet:-1, max-image-preview:large, max-video-preview:-1\" \/>\n<meta property=\"og:locale\" content=\"fi_FI\" \/>\n<meta property=\"og:type\" content=\"article\" \/>\n<meta property=\"og:title\" content=\"Maksatesti - Medtest.shop\" \/>\n<meta property=\"og:description\" content=\"Maksatesti - Medtest.shop\" \/>\n<meta property=\"og:url\" content=\"https:\/\/medtest.stagingservers.net\/fi\/produkt\/maksatesti\/\" \/>\n<meta property=\"og:site_name\" content=\"Medtest.shop\" \/>\n<meta property=\"article:publisher\" content=\"https:\/\/www.facebook.com\/Medtest-1440779469392476\/\" \/>\n<meta property=\"article:modified_time\" content=\"2019-12-20T10:41:17+00:00\" \/>\n<meta property=\"og:image\" content=\"https:\/\/medtest.stagingservers.net\/wp-content\/uploads\/2019\/08\/Liver.jpg\" \/>\n\t<meta property=\"og:image:width\" content=\"2362\" \/>\n\t<meta property=\"og:image:height\" content=\"2362\" \/>\n\t<meta property=\"og:image:type\" content=\"image\/jpeg\" \/>\n<meta name=\"twitter:card\" content=\"summary_large_image\" \/>\n<script type=\"application\/ld+json\" class=\"yoast-schema-graph\">{\"@context\":\"https:\\\/\\\/schema.org\",\"@graph\":[{\"@type\":\"WebPage\",\"@id\":\"https:\\\/\\\/medtest.stagingservers.net\\\/fi\\\/produkt\\\/maksatesti\\\/\",\"url\":\"https:\\\/\\\/medtest.stagingservers.net\\\/fi\\\/produkt\\\/maksatesti\\\/\",\"name\":\"Maksatesti - Medtest.shop\",\"isPartOf\":{\"@id\":\"https:\\\/\\\/medtest.stagingservers.net\\\/fi\\\/#website\"},\"primaryImageOfPage\":{\"@id\":\"https:\\\/\\\/medtest.stagingservers.net\\\/fi\\\/produkt\\\/maksatesti\\\/#primaryimage\"},\"image\":{\"@id\":\"https:\\\/\\\/medtest.stagingservers.net\\\/fi\\\/produkt\\\/maksatesti\\\/#primaryimage\"},\"thumbnailUrl\":\"https:\\\/\\\/medtest.stagingservers.net\\\/wp-content\\\/uploads\\\/2019\\\/08\\\/Liver.jpg\",\"datePublished\":\"2019-08-28T08:02:14+00:00\",\"dateModified\":\"2019-12-20T10:41:17+00:00\",\"description\":\"Maksatesti - Medtest.shop\",\"breadcrumb\":{\"@id\":\"https:\\\/\\\/medtest.stagingservers.net\\\/fi\\\/produkt\\\/maksatesti\\\/#breadcrumb\"},\"inLanguage\":\"fi-FI\",\"potentialAction\":[{\"@type\":\"ReadAction\",\"target\":[\"https:\\\/\\\/medtest.stagingservers.net\\\/fi\\\/produkt\\\/maksatesti\\\/\"]}]},{\"@type\":\"ImageObject\",\"inLanguage\":\"fi-FI\",\"@id\":\"https:\\\/\\\/medtest.stagingservers.net\\\/fi\\\/produkt\\\/maksatesti\\\/#primaryimage\",\"url\":\"https:\\\/\\\/medtest.stagingservers.net\\\/wp-content\\\/uploads\\\/2019\\\/08\\\/Liver.jpg\",\"contentUrl\":\"https:\\\/\\\/medtest.stagingservers.net\\\/wp-content\\\/uploads\\\/2019\\\/08\\\/Liver.jpg\",\"width\":2362,\"height\":2362},{\"@type\":\"BreadcrumbList\",\"@id\":\"https:\\\/\\\/medtest.stagingservers.net\\\/fi\\\/produkt\\\/maksatesti\\\/#breadcrumb\",\"itemListElement\":[{\"@type\":\"ListItem\",\"position\":1,\"name\":\"Home\",\"item\":\"https:\\\/\\\/medtest.stagingservers.net\\\/fi\\\/\"},{\"@type\":\"ListItem\",\"position\":2,\"name\":\"Shop\",\"item\":\"https:\\\/\\\/medtest.stagingservers.net\\\/fi\\\/shop\\\/\"},{\"@type\":\"ListItem\",\"position\":3,\"name\":\"Maksatesti\"}]},{\"@type\":\"WebSite\",\"@id\":\"https:\\\/\\\/medtest.stagingservers.net\\\/fi\\\/#website\",\"url\":\"https:\\\/\\\/medtest.stagingservers.net\\\/fi\\\/\",\"name\":\"Medtest.shop\",\"description\":\"\",\"publisher\":{\"@id\":\"https:\\\/\\\/medtest.stagingservers.net\\\/fi\\\/#organization\"},\"potentialAction\":[{\"@type\":\"SearchAction\",\"target\":{\"@type\":\"EntryPoint\",\"urlTemplate\":\"https:\\\/\\\/medtest.stagingservers.net\\\/fi\\\/?s={search_term_string}\"},\"query-input\":{\"@type\":\"PropertyValueSpecification\",\"valueRequired\":true,\"valueName\":\"search_term_string\"}}],\"inLanguage\":\"fi-FI\"},{\"@type\":\"Organization\",\"@id\":\"https:\\\/\\\/medtest.stagingservers.net\\\/fi\\\/#organization\",\"name\":\"Medtest\",\"url\":\"https:\\\/\\\/medtest.stagingservers.net\\\/fi\\\/\",\"logo\":{\"@type\":\"ImageObject\",\"inLanguage\":\"fi-FI\",\"@id\":\"https:\\\/\\\/medtest.stagingservers.net\\\/fi\\\/#\\\/schema\\\/logo\\\/image\\\/\",\"url\":\"https:\\\/\\\/medtest.stagingservers.net\\\/wp-content\\\/uploads\\\/2018\\\/11\\\/Original.png\",\"contentUrl\":\"https:\\\/\\\/medtest.stagingservers.net\\\/wp-content\\\/uploads\\\/2018\\\/11\\\/Original.png\",\"width\":1024,\"height\":1024,\"caption\":\"Medtest\"},\"image\":{\"@id\":\"https:\\\/\\\/medtest.stagingservers.net\\\/fi\\\/#\\\/schema\\\/logo\\\/image\\\/\"},\"sameAs\":[\"https:\\\/\\\/www.facebook.com\\\/Medtest-1440779469392476\\\/\"]}]}<\/script>","yoast_head_json":{"title":"Maksatesti - Medtest.shop","description":"Maksatesti - Medtest.shop","robots":{"index":"noindex","follow":"follow","max-snippet":"max-snippet:-1","max-image-preview":"max-image-preview:large","max-video-preview":"max-video-preview:-1"},"og_locale":"fi_FI","og_type":"article","og_title":"Maksatesti - Medtest.shop","og_description":"Maksatesti - Medtest.shop","og_url":"https:\/\/medtest.stagingservers.net\/fi\/produkt\/maksatesti\/","og_site_name":"Medtest.shop","article_publisher":"https:\/\/www.facebook.com\/Medtest-1440779469392476\/","article_modified_time":"2019-12-20T10:41:17+00:00","og_image":[{"width":2362,"height":2362,"url":"https:\/\/medtest.stagingservers.net\/wp-content\/uploads\/2019\/08\/Liver.jpg","type":"image\/jpeg"}],"twitter_card":"summary_large_image","schema":{"@context":"https:\/\/schema.org","@graph":[{"@type":"WebPage","@id":"https:\/\/medtest.stagingservers.net\/fi\/produkt\/maksatesti\/","url":"https:\/\/medtest.stagingservers.net\/fi\/produkt\/maksatesti\/","name":"Maksatesti - Medtest.shop","isPartOf":{"@id":"https:\/\/medtest.stagingservers.net\/fi\/#website"},"primaryImageOfPage":{"@id":"https:\/\/medtest.stagingservers.net\/fi\/produkt\/maksatesti\/#primaryimage"},"image":{"@id":"https:\/\/medtest.stagingservers.net\/fi\/produkt\/maksatesti\/#primaryimage"},"thumbnailUrl":"https:\/\/medtest.stagingservers.net\/wp-content\/uploads\/2019\/08\/Liver.jpg","datePublished":"2019-08-28T08:02:14+00:00","dateModified":"2019-12-20T10:41:17+00:00","description":"Maksatesti - Medtest.shop","breadcrumb":{"@id":"https:\/\/medtest.stagingservers.net\/fi\/produkt\/maksatesti\/#breadcrumb"},"inLanguage":"fi-FI","potentialAction":[{"@type":"ReadAction","target":["https:\/\/medtest.stagingservers.net\/fi\/produkt\/maksatesti\/"]}]},{"@type":"ImageObject","inLanguage":"fi-FI","@id":"https:\/\/medtest.stagingservers.net\/fi\/produkt\/maksatesti\/#primaryimage","url":"https:\/\/medtest.stagingservers.net\/wp-content\/uploads\/2019\/08\/Liver.jpg","contentUrl":"https:\/\/medtest.stagingservers.net\/wp-content\/uploads\/2019\/08\/Liver.jpg","width":2362,"height":2362},{"@type":"BreadcrumbList","@id":"https:\/\/medtest.stagingservers.net\/fi\/produkt\/maksatesti\/#breadcrumb","itemListElement":[{"@type":"ListItem","position":1,"name":"Home","item":"https:\/\/medtest.stagingservers.net\/fi\/"},{"@type":"ListItem","position":2,"name":"Shop","item":"https:\/\/medtest.stagingservers.net\/fi\/shop\/"},{"@type":"ListItem","position":3,"name":"Maksatesti"}]},{"@type":"WebSite","@id":"https:\/\/medtest.stagingservers.net\/fi\/#website","url":"https:\/\/medtest.stagingservers.net\/fi\/","name":"Medtest.shop","description":"","publisher":{"@id":"https:\/\/medtest.stagingservers.net\/fi\/#organization"},"potentialAction":[{"@type":"SearchAction","target":{"@type":"EntryPoint","urlTemplate":"https:\/\/medtest.stagingservers.net\/fi\/?s={search_term_string}"},"query-input":{"@type":"PropertyValueSpecification","valueRequired":true,"valueName":"search_term_string"}}],"inLanguage":"fi-FI"},{"@type":"Organization","@id":"https:\/\/medtest.stagingservers.net\/fi\/#organization","name":"Medtest","url":"https:\/\/medtest.stagingservers.net\/fi\/","logo":{"@type":"ImageObject","inLanguage":"fi-FI","@id":"https:\/\/medtest.stagingservers.net\/fi\/#\/schema\/logo\/image\/","url":"https:\/\/medtest.stagingservers.net\/wp-content\/uploads\/2018\/11\/Original.png","contentUrl":"https:\/\/medtest.stagingservers.net\/wp-content\/uploads\/2018\/11\/Original.png","width":1024,"height":1024,"caption":"Medtest"},"image":{"@id":"https:\/\/medtest.stagingservers.net\/fi\/#\/schema\/logo\/image\/"},"sameAs":["https:\/\/www.facebook.com\/Medtest-1440779469392476\/"]}]}},"_links":{"self":[{"href":"https:\/\/medtest.stagingservers.net\/fi\/wp-json\/wp\/v2\/product\/72937","targetHints":{"allow":["GET"]}}],"collection":[{"href":"https:\/\/medtest.stagingservers.net\/fi\/wp-json\/wp\/v2\/product"}],"about":[{"href":"https:\/\/medtest.stagingservers.net\/fi\/wp-json\/wp\/v2\/types\/product"}],"replies":[{"embeddable":true,"href":"https:\/\/medtest.stagingservers.net\/fi\/wp-json\/wp\/v2\/comments?post=72937"}],"version-history":[{"count":0,"href":"https:\/\/medtest.stagingservers.net\/fi\/wp-json\/wp\/v2\/product\/72937\/revisions"}],"wp:featuredmedia":[{"embeddable":true,"href":"https:\/\/medtest.stagingservers.net\/fi\/wp-json\/wp\/v2\/media\/73795"}],"wp:attachment":[{"href":"https:\/\/medtest.stagingservers.net\/fi\/wp-json\/wp\/v2\/media?parent=72937"}],"wp:term":[{"taxonomy":"product_brand","embeddable":true,"href":"https:\/\/medtest.stagingservers.net\/fi\/wp-json\/wp\/v2\/product_brand?post=72937"},{"taxonomy":"product_cat","embeddable":true,"href":"https:\/\/medtest.stagingservers.net\/fi\/wp-json\/wp\/v2\/product_cat?post=72937"},{"taxonomy":"product_tag","embeddable":true,"href":"https:\/\/medtest.stagingservers.net\/fi\/wp-json\/wp\/v2\/product_tag?post=72937"}],"curies":[{"name":"wp","href":"https:\/\/api.w.org\/{rel}","templated":true}]}}