{"id":72945,"date":"2019-08-28T08:11:08","date_gmt":"2019-08-28T08:11:08","guid":{"rendered":"https:\/\/medtest.stagingservers.net\/product\/munuaistestit\/"},"modified":"2019-09-23T15:33:31","modified_gmt":"2019-09-23T13:33:31","slug":"munuaistestit","status":"publish","type":"product","link":"https:\/\/medtest.stagingservers.net\/fi\/produkt\/munuaistestit\/","title":{"rendered":"Munuaistesti"},"content":{"rendered":"<h2>Munuaistesti<\/h2>\n<p>Munuaistautien diagnosoinnissa auttava testi mittaa virtsan\u00a0<strong>kreatiniinia, proteiinia ja ominaispainoa<\/strong>. Testituloksen v\u00e4ri\u00e4 verrataan pakkauksen v\u00e4rikarttaan (katso alhaalta).<\/p>\n<h5>Kreatiniini<\/h5>\n<p>Kreatiniinia syntyy lihasten aineenvaihdunnan tuloksena. Se kulkee veress\u00e4 munuaisiin, josta se siirtyy virtsaan. Kreatiniini on normaalin lihastoiminnan sivutuote. Mit\u00e4 enemm\u00e4n ihmisell\u00e4 on lihaksia, sit\u00e4 enemm\u00e4n kreatiniinia h\u00e4n tuottaa. Veren kreatiinitaso kertoo sek\u00e4 lihasten m\u00e4\u00e4r\u00e4st\u00e4 ett\u00e4 munuaisten toiminnasta. Useimpien miesten normaali munuaistoiminta on noin 0,6-1,2 mg\/dl. Useimpien naisten normaali munuaistoiminta on 0,5-1,1 mg\/dl. Naisten kreatiniinitaso on yleens\u00e4 alempi kuin miesten, koska naisilla on tavallisesti v\u00e4hemm\u00e4n lihasmassaa kuin miehill\u00e4.<\/p>\n<h5>Proteiini<\/h5>\n<p>Normaalisti virtsassa ei pit\u00e4isi olla proteiinia. Jos virtsasta l\u00f6ytyy proteiinia, munuaisten suodatinkyvyss\u00e4 voi olla ongelmia.<\/p>\n<h5>Suhteellinen tiheys<\/h5>\n<p>Munuaiset suodattavat elimist\u00f6st\u00e4 haitallisia aineita kuten toksiineja ja aineenvaihdunnan kuona-aineita. Munuaisten teht\u00e4v\u00e4 on siirt\u00e4\u00e4 toksiinit ja kuona-aineet virtsaan menett\u00e4m\u00e4tt\u00e4 liikaa nestett\u00e4. Virtsan molekyylien m\u00e4\u00e4r\u00e4 ja paino m\u00e4\u00e4ritt\u00e4v\u00e4t virtsan suhteellisen tiheyden eli ominaispainon. Aikuisten virtsan suhteellinen tiheys on yleens\u00e4 noin 1000-1030. Jos virtsa painaa enemm\u00e4n eli siin\u00e4 on enemm\u00e4n liuenneita aineita, se voi viitata munuaisten toimintah\u00e4iri\u00f6\u00f6n tai munuaisten heikentyneeseen verenkiertoon.<\/p>\n<h5><strong>N\u00e4in kotitesti toimii<\/strong><\/h5>\n<ol start=\"1\">\n<li class=\"mobile-undersized-upper\" data-index=\"681\" data-length=\"49\"><span class=\"mobile-undersized-upper\">Avaa foliopakkaus ja ota testitikku pakkauksesta.<\/span><\/li>\n<li class=\"mobile-undersized-upper\" data-index=\"479\" data-length=\"49\">Virtsaa kuppiin ja kasta testitikku virtsaan.<\/li>\n<li>Lue testitulos noin yhden minuutin j\u00e4lkeen.<\/li>\n<\/ol>\n<p><img loading=\"lazy\" decoding=\"async\" class=\"alignnone size-full wp-image-54846\" src=\"https:\/\/medtest.stagingservers.net\/wp-content\/uploads\/2019\/03\/Njur-resultat.png\" alt=\"\" width=\"1098\" height=\"306\" srcset=\"https:\/\/medtest.stagingservers.net\/wp-content\/uploads\/2019\/03\/Njur-resultat.png 1098w, https:\/\/medtest.stagingservers.net\/wp-content\/uploads\/2019\/03\/Njur-resultat-600x167.png 600w, https:\/\/medtest.stagingservers.net\/wp-content\/uploads\/2019\/03\/Njur-resultat-200x56.png 200w, https:\/\/medtest.stagingservers.net\/wp-content\/uploads\/2019\/03\/Njur-resultat-720x201.png 720w, https:\/\/medtest.stagingservers.net\/wp-content\/uploads\/2019\/03\/Njur-resultat-768x214.png 768w, https:\/\/medtest.stagingservers.net\/wp-content\/uploads\/2019\/03\/Njur-resultat-1024x285.png 1024w, https:\/\/medtest.stagingservers.net\/wp-content\/uploads\/2019\/03\/Njur-resultat-416x116.png 416w, https:\/\/medtest.stagingservers.net\/wp-content\/uploads\/2019\/03\/Njur-resultat-300x84.png 300w\" sizes=\"auto, (max-width: 1098px) 100vw, 1098px\" \/>Tuotteen mukana tulee suomenkieliset k\u00e4ytt\u00f6ohjeet.<\/p>\n","protected":false},"excerpt":{"rendered":"<p>Testaa munuaistesi toiminta.<br \/>\nMunuaistesti sis\u00e4lt\u00e4\u00e4 kaksi yksitt\u00e4ispakattua testitikkua, joita k\u00e4ytet\u00e4\u00e4n kreatiniinin, proteiinin ja virtsan suhteellisen tiheyden mittaamiseen apuna munuaissairauksien diagnosoinnissa. Testituloksen v\u00e4ri\u00e4 verrataan pakkauksen v\u00e4rikarttaan.<\/p>\n","protected":false},"featured_media":73793,"comment_status":"closed","ping_status":"closed","template":"","meta":{"_acf_changed":false,"footnotes":""},"product_brand":[],"product_cat":[940],"product_tag":[],"class_list":{"0":"post-72945","1":"product","2":"type-product","3":"status-publish","4":"has-post-thumbnail","6":"product_cat-munuaisten-toiminta","8":"first","9":"instock","10":"taxable","11":"shipping-taxable","12":"purchasable","13":"product-type-simple"},"acf":[],"yoast_head":"<title>Munuaistesti - Medtest.shop<\/title>\n<meta name=\"description\" content=\"Munuaistesti - Medtest.shop\" \/>\n<meta name=\"robots\" content=\"noindex, follow, max-snippet:-1, max-image-preview:large, max-video-preview:-1\" \/>\n<meta property=\"og:locale\" content=\"fi_FI\" \/>\n<meta property=\"og:type\" content=\"article\" \/>\n<meta property=\"og:title\" content=\"Munuaistesti - Medtest.shop\" \/>\n<meta property=\"og:description\" content=\"Munuaistesti - Medtest.shop\" \/>\n<meta property=\"og:url\" content=\"https:\/\/medtest.stagingservers.net\/fi\/produkt\/munuaistestit\/\" \/>\n<meta property=\"og:site_name\" content=\"Medtest.shop\" \/>\n<meta property=\"article:publisher\" content=\"https:\/\/www.facebook.com\/Medtest-1440779469392476\/\" \/>\n<meta property=\"article:modified_time\" content=\"2019-09-23T13:33:31+00:00\" \/>\n<meta property=\"og:image\" content=\"https:\/\/medtest.stagingservers.net\/wp-content\/uploads\/2019\/08\/Kidney.jpg\" \/>\n\t<meta property=\"og:image:width\" content=\"2362\" \/>\n\t<meta property=\"og:image:height\" content=\"2362\" \/>\n\t<meta property=\"og:image:type\" content=\"image\/jpeg\" \/>\n<meta name=\"twitter:card\" content=\"summary_large_image\" \/>\n<script type=\"application\/ld+json\" class=\"yoast-schema-graph\">{\"@context\":\"https:\\\/\\\/schema.org\",\"@graph\":[{\"@type\":\"WebPage\",\"@id\":\"https:\\\/\\\/medtest.stagingservers.net\\\/fi\\\/produkt\\\/munuaistestit\\\/\",\"url\":\"https:\\\/\\\/medtest.stagingservers.net\\\/fi\\\/produkt\\\/munuaistestit\\\/\",\"name\":\"Munuaistesti - Medtest.shop\",\"isPartOf\":{\"@id\":\"https:\\\/\\\/medtest.stagingservers.net\\\/fi\\\/#website\"},\"primaryImageOfPage\":{\"@id\":\"https:\\\/\\\/medtest.stagingservers.net\\\/fi\\\/produkt\\\/munuaistestit\\\/#primaryimage\"},\"image\":{\"@id\":\"https:\\\/\\\/medtest.stagingservers.net\\\/fi\\\/produkt\\\/munuaistestit\\\/#primaryimage\"},\"thumbnailUrl\":\"https:\\\/\\\/medtest.stagingservers.net\\\/wp-content\\\/uploads\\\/2019\\\/08\\\/Kidney.jpg\",\"datePublished\":\"2019-08-28T08:11:08+00:00\",\"dateModified\":\"2019-09-23T13:33:31+00:00\",\"description\":\"Munuaistesti - Medtest.shop\",\"breadcrumb\":{\"@id\":\"https:\\\/\\\/medtest.stagingservers.net\\\/fi\\\/produkt\\\/munuaistestit\\\/#breadcrumb\"},\"inLanguage\":\"fi-FI\",\"potentialAction\":[{\"@type\":\"ReadAction\",\"target\":[\"https:\\\/\\\/medtest.stagingservers.net\\\/fi\\\/produkt\\\/munuaistestit\\\/\"]}]},{\"@type\":\"ImageObject\",\"inLanguage\":\"fi-FI\",\"@id\":\"https:\\\/\\\/medtest.stagingservers.net\\\/fi\\\/produkt\\\/munuaistestit\\\/#primaryimage\",\"url\":\"https:\\\/\\\/medtest.stagingservers.net\\\/wp-content\\\/uploads\\\/2019\\\/08\\\/Kidney.jpg\",\"contentUrl\":\"https:\\\/\\\/medtest.stagingservers.net\\\/wp-content\\\/uploads\\\/2019\\\/08\\\/Kidney.jpg\",\"width\":2362,\"height\":2362},{\"@type\":\"BreadcrumbList\",\"@id\":\"https:\\\/\\\/medtest.stagingservers.net\\\/fi\\\/produkt\\\/munuaistestit\\\/#breadcrumb\",\"itemListElement\":[{\"@type\":\"ListItem\",\"position\":1,\"name\":\"Home\",\"item\":\"https:\\\/\\\/medtest.stagingservers.net\\\/fi\\\/\"},{\"@type\":\"ListItem\",\"position\":2,\"name\":\"Shop\",\"item\":\"https:\\\/\\\/medtest.stagingservers.net\\\/fi\\\/shop\\\/\"},{\"@type\":\"ListItem\",\"position\":3,\"name\":\"Munuaistesti\"}]},{\"@type\":\"WebSite\",\"@id\":\"https:\\\/\\\/medtest.stagingservers.net\\\/fi\\\/#website\",\"url\":\"https:\\\/\\\/medtest.stagingservers.net\\\/fi\\\/\",\"name\":\"Medtest.shop\",\"description\":\"\",\"publisher\":{\"@id\":\"https:\\\/\\\/medtest.stagingservers.net\\\/fi\\\/#organization\"},\"potentialAction\":[{\"@type\":\"SearchAction\",\"target\":{\"@type\":\"EntryPoint\",\"urlTemplate\":\"https:\\\/\\\/medtest.stagingservers.net\\\/fi\\\/?s={search_term_string}\"},\"query-input\":{\"@type\":\"PropertyValueSpecification\",\"valueRequired\":true,\"valueName\":\"search_term_string\"}}],\"inLanguage\":\"fi-FI\"},{\"@type\":\"Organization\",\"@id\":\"https:\\\/\\\/medtest.stagingservers.net\\\/fi\\\/#organization\",\"name\":\"Medtest\",\"url\":\"https:\\\/\\\/medtest.stagingservers.net\\\/fi\\\/\",\"logo\":{\"@type\":\"ImageObject\",\"inLanguage\":\"fi-FI\",\"@id\":\"https:\\\/\\\/medtest.stagingservers.net\\\/fi\\\/#\\\/schema\\\/logo\\\/image\\\/\",\"url\":\"https:\\\/\\\/medtest.stagingservers.net\\\/wp-content\\\/uploads\\\/2018\\\/11\\\/Original.png\",\"contentUrl\":\"https:\\\/\\\/medtest.stagingservers.net\\\/wp-content\\\/uploads\\\/2018\\\/11\\\/Original.png\",\"width\":1024,\"height\":1024,\"caption\":\"Medtest\"},\"image\":{\"@id\":\"https:\\\/\\\/medtest.stagingservers.net\\\/fi\\\/#\\\/schema\\\/logo\\\/image\\\/\"},\"sameAs\":[\"https:\\\/\\\/www.facebook.com\\\/Medtest-1440779469392476\\\/\"]}]}<\/script>","yoast_head_json":{"title":"Munuaistesti - Medtest.shop","description":"Munuaistesti - Medtest.shop","robots":{"index":"noindex","follow":"follow","max-snippet":"max-snippet:-1","max-image-preview":"max-image-preview:large","max-video-preview":"max-video-preview:-1"},"og_locale":"fi_FI","og_type":"article","og_title":"Munuaistesti - Medtest.shop","og_description":"Munuaistesti - Medtest.shop","og_url":"https:\/\/medtest.stagingservers.net\/fi\/produkt\/munuaistestit\/","og_site_name":"Medtest.shop","article_publisher":"https:\/\/www.facebook.com\/Medtest-1440779469392476\/","article_modified_time":"2019-09-23T13:33:31+00:00","og_image":[{"width":2362,"height":2362,"url":"https:\/\/medtest.stagingservers.net\/wp-content\/uploads\/2019\/08\/Kidney.jpg","type":"image\/jpeg"}],"twitter_card":"summary_large_image","schema":{"@context":"https:\/\/schema.org","@graph":[{"@type":"WebPage","@id":"https:\/\/medtest.stagingservers.net\/fi\/produkt\/munuaistestit\/","url":"https:\/\/medtest.stagingservers.net\/fi\/produkt\/munuaistestit\/","name":"Munuaistesti - Medtest.shop","isPartOf":{"@id":"https:\/\/medtest.stagingservers.net\/fi\/#website"},"primaryImageOfPage":{"@id":"https:\/\/medtest.stagingservers.net\/fi\/produkt\/munuaistestit\/#primaryimage"},"image":{"@id":"https:\/\/medtest.stagingservers.net\/fi\/produkt\/munuaistestit\/#primaryimage"},"thumbnailUrl":"https:\/\/medtest.stagingservers.net\/wp-content\/uploads\/2019\/08\/Kidney.jpg","datePublished":"2019-08-28T08:11:08+00:00","dateModified":"2019-09-23T13:33:31+00:00","description":"Munuaistesti - Medtest.shop","breadcrumb":{"@id":"https:\/\/medtest.stagingservers.net\/fi\/produkt\/munuaistestit\/#breadcrumb"},"inLanguage":"fi-FI","potentialAction":[{"@type":"ReadAction","target":["https:\/\/medtest.stagingservers.net\/fi\/produkt\/munuaistestit\/"]}]},{"@type":"ImageObject","inLanguage":"fi-FI","@id":"https:\/\/medtest.stagingservers.net\/fi\/produkt\/munuaistestit\/#primaryimage","url":"https:\/\/medtest.stagingservers.net\/wp-content\/uploads\/2019\/08\/Kidney.jpg","contentUrl":"https:\/\/medtest.stagingservers.net\/wp-content\/uploads\/2019\/08\/Kidney.jpg","width":2362,"height":2362},{"@type":"BreadcrumbList","@id":"https:\/\/medtest.stagingservers.net\/fi\/produkt\/munuaistestit\/#breadcrumb","itemListElement":[{"@type":"ListItem","position":1,"name":"Home","item":"https:\/\/medtest.stagingservers.net\/fi\/"},{"@type":"ListItem","position":2,"name":"Shop","item":"https:\/\/medtest.stagingservers.net\/fi\/shop\/"},{"@type":"ListItem","position":3,"name":"Munuaistesti"}]},{"@type":"WebSite","@id":"https:\/\/medtest.stagingservers.net\/fi\/#website","url":"https:\/\/medtest.stagingservers.net\/fi\/","name":"Medtest.shop","description":"","publisher":{"@id":"https:\/\/medtest.stagingservers.net\/fi\/#organization"},"potentialAction":[{"@type":"SearchAction","target":{"@type":"EntryPoint","urlTemplate":"https:\/\/medtest.stagingservers.net\/fi\/?s={search_term_string}"},"query-input":{"@type":"PropertyValueSpecification","valueRequired":true,"valueName":"search_term_string"}}],"inLanguage":"fi-FI"},{"@type":"Organization","@id":"https:\/\/medtest.stagingservers.net\/fi\/#organization","name":"Medtest","url":"https:\/\/medtest.stagingservers.net\/fi\/","logo":{"@type":"ImageObject","inLanguage":"fi-FI","@id":"https:\/\/medtest.stagingservers.net\/fi\/#\/schema\/logo\/image\/","url":"https:\/\/medtest.stagingservers.net\/wp-content\/uploads\/2018\/11\/Original.png","contentUrl":"https:\/\/medtest.stagingservers.net\/wp-content\/uploads\/2018\/11\/Original.png","width":1024,"height":1024,"caption":"Medtest"},"image":{"@id":"https:\/\/medtest.stagingservers.net\/fi\/#\/schema\/logo\/image\/"},"sameAs":["https:\/\/www.facebook.com\/Medtest-1440779469392476\/"]}]}},"_links":{"self":[{"href":"https:\/\/medtest.stagingservers.net\/fi\/wp-json\/wp\/v2\/product\/72945","targetHints":{"allow":["GET"]}}],"collection":[{"href":"https:\/\/medtest.stagingservers.net\/fi\/wp-json\/wp\/v2\/product"}],"about":[{"href":"https:\/\/medtest.stagingservers.net\/fi\/wp-json\/wp\/v2\/types\/product"}],"replies":[{"embeddable":true,"href":"https:\/\/medtest.stagingservers.net\/fi\/wp-json\/wp\/v2\/comments?post=72945"}],"version-history":[{"count":0,"href":"https:\/\/medtest.stagingservers.net\/fi\/wp-json\/wp\/v2\/product\/72945\/revisions"}],"wp:featuredmedia":[{"embeddable":true,"href":"https:\/\/medtest.stagingservers.net\/fi\/wp-json\/wp\/v2\/media\/73793"}],"wp:attachment":[{"href":"https:\/\/medtest.stagingservers.net\/fi\/wp-json\/wp\/v2\/media?parent=72945"}],"wp:term":[{"taxonomy":"product_brand","embeddable":true,"href":"https:\/\/medtest.stagingservers.net\/fi\/wp-json\/wp\/v2\/product_brand?post=72945"},{"taxonomy":"product_cat","embeddable":true,"href":"https:\/\/medtest.stagingservers.net\/fi\/wp-json\/wp\/v2\/product_cat?post=72945"},{"taxonomy":"product_tag","embeddable":true,"href":"https:\/\/medtest.stagingservers.net\/fi\/wp-json\/wp\/v2\/product_tag?post=72945"}],"curies":[{"name":"wp","href":"https:\/\/api.w.org\/{rel}","templated":true}]}}