{"id":72949,"date":"2019-08-28T08:19:21","date_gmt":"2019-08-28T08:19:21","guid":{"rendered":"https:\/\/medtest.stagingservers.net\/product\/vaihdevuositesti\/"},"modified":"2019-11-12T14:42:05","modified_gmt":"2019-11-12T12:42:05","slug":"vaihdevuositesti","status":"publish","type":"product","link":"https:\/\/medtest.stagingservers.net\/fi\/produkt\/vaihdevuositesti\/","title":{"rendered":"Vaihdevuositesti"},"content":{"rendered":"<h2>Vaihdevuositesti<\/h2>\n<h5>Viidess\u00e4 minuutissa tuloksen antava kotitesti<\/h5>\n<p>Medtestin vaihdevuositestiss\u00e4 teet itse testitikulla virtsatestin, joka n\u00e4ytt\u00e4\u00e4 nopeasti ja varmasti, oletko vaihdevuosien viimeisess\u00e4 vaiheessa eli postmenopaussissa vai et. Noin 45-vuotiaina suurin osa naisista l\u00e4hestyy vaihdevuosi-ik\u00e4\u00e4. Tavallisimmat oireet ovat mielialanvaihtelut, kuumat aallot, hikoilu, univaikeudet, em\u00e4ttimen limakalvojen kuivuminen ja virtsaamisvaikeudet. Syyn\u00e4 on sukupuolihormoni estrogeenin asteittainen v\u00e4heneminen. Vaihdevuositesti on hyvin luotettava ja lis\u00e4ksi CE-hyv\u00e4ksytty. Testi mittaa virtsasta munarakkuloita stimuloivaa FSH-hormonia pitoisuudella 25 mIU\/ml tai enemm\u00e4n. Testin varmuus on 92,8%. Pakkauksen mukana tulee suomenkieliset ohjeet.<\/p>\n<h5>Miksi testi kannattaa tehd\u00e4?<\/h5>\n<p>Kuukautisten ep\u00e4s\u00e4\u00e4nn\u00f6llistyminen on tavallista silloin, kun vaihdevuodet l\u00e4hestyv\u00e4t. Voi olla vaikeaa tiet\u00e4\u00e4, ovatko vaihdevuodet alkaneet vai onko edelleen hedelm\u00e4llinen. Testi varmistaa, onko FSH-hormonin m\u00e4\u00e4r\u00e4 kohonnut. FSH-hormonin m\u00e4\u00e4r\u00e4 elimist\u00f6ss\u00e4 nousee vaihdevuosien alkaessa ja pysyy koholla 3-5 vuotta. Testaamalla FSH-arvon saa selville, onko saavuttanut vaihdevuosien viimeisen vaiheen. Testi on siten suunnattu my\u00f6s niile, jotka haluavat tiet\u00e4\u00e4, ovat vaihdevuodet jo ohi, jolloin voi j\u00e4tt\u00e4\u00e4 tarpeettomaksi j\u00e4\u00e4neen l\u00e4\u00e4kityksen (keskustele asiasta l\u00e4\u00e4k\u00e4rin kanssa).<\/p>\n<h5>Tee n\u00e4in<\/h5>\n<ol>\n<li>\u00a0Upota testitikku virtsaa sis\u00e4lt\u00e4v\u00e4\u00e4n kuppiin 10-15 sekunniksi.<\/li>\n<li>Aseta tikku sen j\u00e4lkeen tasolle, joka ei ime nestett\u00e4. Lue testitulos kolmen minuutin j\u00e4lkeen. \u00c4l\u00e4 lue tulosta en\u00e4\u00e4 kymmenen minuutin j\u00e4lkeen.<\/li>\n<\/ol>\n<p><a href=\"https:\/\/medtest.stagingservers.net\/alla-produkter\/\">Kaikkien tuotteidemme<\/a> mukana tulee suomenkieliset ohjeet.<\/p>\n<h3>Tavallisia kysymyksi\u00e4<\/h3>\n<p><strong>Miksi tekisin kotitestin? <\/strong>Monestakin syyst\u00e4. Useimmat asiakkaistamme ovat kokeneet testituloksen olleen avuksi, kun he ovat hakeneet hoitoa, johon heill\u00e4 on oikeus. Kannattaa siksi ottaa positiivisesta testituloksesta aina valokuva, jonka ottaa mukaan l\u00e4\u00e4k\u00e4rik\u00e4ynnille. <strong>Miten takaatte testin luotettavuuden ja varmuuden? <\/strong>Noudattamalla CE-merkinn\u00e4lle asetettuja vaatimuksia. Se tarkoittaa muun muassa sit\u00e4, ett\u00e4 k\u00e4ytt\u00f6ohjeemme ovat helppoja ymm\u00e4rt\u00e4\u00e4 \u2013 my\u00f6s niille, joilla ei ole l\u00e4\u00e4ketieteellist\u00e4 koulutusta.<\/p>\n","protected":false},"excerpt":{"rendered":"<p>Medtestin vaihdevuositestiss\u00e4 teet itse testitikulla virtsatestin, joka n\u00e4ytt\u00e4\u00e4 nopeasti ja varmasti, oletko vaihdevuosien viimeisess\u00e4 vaiheessa eli postmenopaussissa vai et.<\/p>\n<p>Noin 45-vuotiaina suurin osa naisista l\u00e4hestyy vaihdevuosi-ik\u00e4\u00e4. Tavallisimmat oireet ovat mielialanvaihtelut, kuumat aallot, hikoilu, univaikeudet, em\u00e4ttimen limakalvojen kuivuminen ja virtsaamisvaikeudet. Syyn\u00e4 on sukupuolihormoni estrogeenin asteittainen v\u00e4heneminen. Lopulta kuukautiset loppuvat kokonaan \u2013 mit\u00e4 kutsutaan menopaussiksi \u2013 ja mahdollisuus tulla raskaaksi p\u00e4\u00e4ttyy. Menopaussin j\u00e4lkeist\u00e4 vaihdevuosiaikaa kutsutaan nimell\u00e4 postmenopaussi.<\/p>\n<p>Vaihdevuositestimme on hyvin luotettava ja CE-hyv\u00e4ksytty.<\/p>\n","protected":false},"featured_media":73792,"comment_status":"closed","ping_status":"closed","template":"","meta":{"_acf_changed":false,"footnotes":""},"product_brand":[],"product_cat":[937],"product_tag":[],"class_list":{"0":"post-72949","1":"product","2":"type-product","3":"status-publish","4":"has-post-thumbnail","6":"product_cat-vaihdevuositesti","8":"first","9":"instock","10":"taxable","11":"shipping-taxable","12":"purchasable","13":"product-type-simple"},"acf":[],"yoast_head":"<title>Vaihdevuositesti - Medtest.shop<\/title>\n<meta name=\"description\" content=\"Vaihdevuositesti - Medtest.shop\" \/>\n<meta name=\"robots\" content=\"noindex, follow, max-snippet:-1, max-image-preview:large, max-video-preview:-1\" \/>\n<meta property=\"og:locale\" content=\"fi_FI\" \/>\n<meta property=\"og:type\" content=\"article\" \/>\n<meta property=\"og:title\" content=\"Vaihdevuositesti - Medtest.shop\" \/>\n<meta property=\"og:description\" content=\"Vaihdevuositesti - Medtest.shop\" \/>\n<meta property=\"og:url\" content=\"https:\/\/medtest.stagingservers.net\/fi\/produkt\/vaihdevuositesti\/\" \/>\n<meta property=\"og:site_name\" content=\"Medtest.shop\" \/>\n<meta property=\"article:publisher\" content=\"https:\/\/www.facebook.com\/Medtest-1440779469392476\/\" \/>\n<meta property=\"article:modified_time\" content=\"2019-11-12T12:42:05+00:00\" \/>\n<meta property=\"og:image\" content=\"https:\/\/medtest.stagingservers.net\/wp-content\/uploads\/2019\/08\/FSH.png\" \/>\n\t<meta property=\"og:image:width\" content=\"2100\" \/>\n\t<meta property=\"og:image:height\" content=\"1400\" \/>\n\t<meta property=\"og:image:type\" content=\"image\/png\" \/>\n<meta name=\"twitter:card\" content=\"summary_large_image\" \/>\n<script type=\"application\/ld+json\" class=\"yoast-schema-graph\">{\"@context\":\"https:\\\/\\\/schema.org\",\"@graph\":[{\"@type\":\"WebPage\",\"@id\":\"https:\\\/\\\/medtest.stagingservers.net\\\/fi\\\/produkt\\\/vaihdevuositesti\\\/\",\"url\":\"https:\\\/\\\/medtest.stagingservers.net\\\/fi\\\/produkt\\\/vaihdevuositesti\\\/\",\"name\":\"Vaihdevuositesti - Medtest.shop\",\"isPartOf\":{\"@id\":\"https:\\\/\\\/medtest.stagingservers.net\\\/fi\\\/#website\"},\"primaryImageOfPage\":{\"@id\":\"https:\\\/\\\/medtest.stagingservers.net\\\/fi\\\/produkt\\\/vaihdevuositesti\\\/#primaryimage\"},\"image\":{\"@id\":\"https:\\\/\\\/medtest.stagingservers.net\\\/fi\\\/produkt\\\/vaihdevuositesti\\\/#primaryimage\"},\"thumbnailUrl\":\"https:\\\/\\\/medtest.stagingservers.net\\\/wp-content\\\/uploads\\\/2019\\\/08\\\/FSH.png\",\"datePublished\":\"2019-08-28T08:19:21+00:00\",\"dateModified\":\"2019-11-12T12:42:05+00:00\",\"description\":\"Vaihdevuositesti - Medtest.shop\",\"breadcrumb\":{\"@id\":\"https:\\\/\\\/medtest.stagingservers.net\\\/fi\\\/produkt\\\/vaihdevuositesti\\\/#breadcrumb\"},\"inLanguage\":\"fi-FI\",\"potentialAction\":[{\"@type\":\"ReadAction\",\"target\":[\"https:\\\/\\\/medtest.stagingservers.net\\\/fi\\\/produkt\\\/vaihdevuositesti\\\/\"]}]},{\"@type\":\"ImageObject\",\"inLanguage\":\"fi-FI\",\"@id\":\"https:\\\/\\\/medtest.stagingservers.net\\\/fi\\\/produkt\\\/vaihdevuositesti\\\/#primaryimage\",\"url\":\"https:\\\/\\\/medtest.stagingservers.net\\\/wp-content\\\/uploads\\\/2019\\\/08\\\/FSH.png\",\"contentUrl\":\"https:\\\/\\\/medtest.stagingservers.net\\\/wp-content\\\/uploads\\\/2019\\\/08\\\/FSH.png\",\"width\":2100,\"height\":1400},{\"@type\":\"BreadcrumbList\",\"@id\":\"https:\\\/\\\/medtest.stagingservers.net\\\/fi\\\/produkt\\\/vaihdevuositesti\\\/#breadcrumb\",\"itemListElement\":[{\"@type\":\"ListItem\",\"position\":1,\"name\":\"Home\",\"item\":\"https:\\\/\\\/medtest.stagingservers.net\\\/fi\\\/\"},{\"@type\":\"ListItem\",\"position\":2,\"name\":\"Shop\",\"item\":\"https:\\\/\\\/medtest.stagingservers.net\\\/fi\\\/shop\\\/\"},{\"@type\":\"ListItem\",\"position\":3,\"name\":\"Vaihdevuositesti\"}]},{\"@type\":\"WebSite\",\"@id\":\"https:\\\/\\\/medtest.stagingservers.net\\\/fi\\\/#website\",\"url\":\"https:\\\/\\\/medtest.stagingservers.net\\\/fi\\\/\",\"name\":\"Medtest.shop\",\"description\":\"\",\"publisher\":{\"@id\":\"https:\\\/\\\/medtest.stagingservers.net\\\/fi\\\/#organization\"},\"potentialAction\":[{\"@type\":\"SearchAction\",\"target\":{\"@type\":\"EntryPoint\",\"urlTemplate\":\"https:\\\/\\\/medtest.stagingservers.net\\\/fi\\\/?s={search_term_string}\"},\"query-input\":{\"@type\":\"PropertyValueSpecification\",\"valueRequired\":true,\"valueName\":\"search_term_string\"}}],\"inLanguage\":\"fi-FI\"},{\"@type\":\"Organization\",\"@id\":\"https:\\\/\\\/medtest.stagingservers.net\\\/fi\\\/#organization\",\"name\":\"Medtest\",\"url\":\"https:\\\/\\\/medtest.stagingservers.net\\\/fi\\\/\",\"logo\":{\"@type\":\"ImageObject\",\"inLanguage\":\"fi-FI\",\"@id\":\"https:\\\/\\\/medtest.stagingservers.net\\\/fi\\\/#\\\/schema\\\/logo\\\/image\\\/\",\"url\":\"https:\\\/\\\/medtest.stagingservers.net\\\/wp-content\\\/uploads\\\/2018\\\/11\\\/Original.png\",\"contentUrl\":\"https:\\\/\\\/medtest.stagingservers.net\\\/wp-content\\\/uploads\\\/2018\\\/11\\\/Original.png\",\"width\":1024,\"height\":1024,\"caption\":\"Medtest\"},\"image\":{\"@id\":\"https:\\\/\\\/medtest.stagingservers.net\\\/fi\\\/#\\\/schema\\\/logo\\\/image\\\/\"},\"sameAs\":[\"https:\\\/\\\/www.facebook.com\\\/Medtest-1440779469392476\\\/\"]}]}<\/script>","yoast_head_json":{"title":"Vaihdevuositesti - Medtest.shop","description":"Vaihdevuositesti - Medtest.shop","robots":{"index":"noindex","follow":"follow","max-snippet":"max-snippet:-1","max-image-preview":"max-image-preview:large","max-video-preview":"max-video-preview:-1"},"og_locale":"fi_FI","og_type":"article","og_title":"Vaihdevuositesti - Medtest.shop","og_description":"Vaihdevuositesti - Medtest.shop","og_url":"https:\/\/medtest.stagingservers.net\/fi\/produkt\/vaihdevuositesti\/","og_site_name":"Medtest.shop","article_publisher":"https:\/\/www.facebook.com\/Medtest-1440779469392476\/","article_modified_time":"2019-11-12T12:42:05+00:00","og_image":[{"width":2100,"height":1400,"url":"https:\/\/medtest.stagingservers.net\/wp-content\/uploads\/2019\/08\/FSH.png","type":"image\/png"}],"twitter_card":"summary_large_image","schema":{"@context":"https:\/\/schema.org","@graph":[{"@type":"WebPage","@id":"https:\/\/medtest.stagingservers.net\/fi\/produkt\/vaihdevuositesti\/","url":"https:\/\/medtest.stagingservers.net\/fi\/produkt\/vaihdevuositesti\/","name":"Vaihdevuositesti - Medtest.shop","isPartOf":{"@id":"https:\/\/medtest.stagingservers.net\/fi\/#website"},"primaryImageOfPage":{"@id":"https:\/\/medtest.stagingservers.net\/fi\/produkt\/vaihdevuositesti\/#primaryimage"},"image":{"@id":"https:\/\/medtest.stagingservers.net\/fi\/produkt\/vaihdevuositesti\/#primaryimage"},"thumbnailUrl":"https:\/\/medtest.stagingservers.net\/wp-content\/uploads\/2019\/08\/FSH.png","datePublished":"2019-08-28T08:19:21+00:00","dateModified":"2019-11-12T12:42:05+00:00","description":"Vaihdevuositesti - Medtest.shop","breadcrumb":{"@id":"https:\/\/medtest.stagingservers.net\/fi\/produkt\/vaihdevuositesti\/#breadcrumb"},"inLanguage":"fi-FI","potentialAction":[{"@type":"ReadAction","target":["https:\/\/medtest.stagingservers.net\/fi\/produkt\/vaihdevuositesti\/"]}]},{"@type":"ImageObject","inLanguage":"fi-FI","@id":"https:\/\/medtest.stagingservers.net\/fi\/produkt\/vaihdevuositesti\/#primaryimage","url":"https:\/\/medtest.stagingservers.net\/wp-content\/uploads\/2019\/08\/FSH.png","contentUrl":"https:\/\/medtest.stagingservers.net\/wp-content\/uploads\/2019\/08\/FSH.png","width":2100,"height":1400},{"@type":"BreadcrumbList","@id":"https:\/\/medtest.stagingservers.net\/fi\/produkt\/vaihdevuositesti\/#breadcrumb","itemListElement":[{"@type":"ListItem","position":1,"name":"Home","item":"https:\/\/medtest.stagingservers.net\/fi\/"},{"@type":"ListItem","position":2,"name":"Shop","item":"https:\/\/medtest.stagingservers.net\/fi\/shop\/"},{"@type":"ListItem","position":3,"name":"Vaihdevuositesti"}]},{"@type":"WebSite","@id":"https:\/\/medtest.stagingservers.net\/fi\/#website","url":"https:\/\/medtest.stagingservers.net\/fi\/","name":"Medtest.shop","description":"","publisher":{"@id":"https:\/\/medtest.stagingservers.net\/fi\/#organization"},"potentialAction":[{"@type":"SearchAction","target":{"@type":"EntryPoint","urlTemplate":"https:\/\/medtest.stagingservers.net\/fi\/?s={search_term_string}"},"query-input":{"@type":"PropertyValueSpecification","valueRequired":true,"valueName":"search_term_string"}}],"inLanguage":"fi-FI"},{"@type":"Organization","@id":"https:\/\/medtest.stagingservers.net\/fi\/#organization","name":"Medtest","url":"https:\/\/medtest.stagingservers.net\/fi\/","logo":{"@type":"ImageObject","inLanguage":"fi-FI","@id":"https:\/\/medtest.stagingservers.net\/fi\/#\/schema\/logo\/image\/","url":"https:\/\/medtest.stagingservers.net\/wp-content\/uploads\/2018\/11\/Original.png","contentUrl":"https:\/\/medtest.stagingservers.net\/wp-content\/uploads\/2018\/11\/Original.png","width":1024,"height":1024,"caption":"Medtest"},"image":{"@id":"https:\/\/medtest.stagingservers.net\/fi\/#\/schema\/logo\/image\/"},"sameAs":["https:\/\/www.facebook.com\/Medtest-1440779469392476\/"]}]}},"_links":{"self":[{"href":"https:\/\/medtest.stagingservers.net\/fi\/wp-json\/wp\/v2\/product\/72949","targetHints":{"allow":["GET"]}}],"collection":[{"href":"https:\/\/medtest.stagingservers.net\/fi\/wp-json\/wp\/v2\/product"}],"about":[{"href":"https:\/\/medtest.stagingservers.net\/fi\/wp-json\/wp\/v2\/types\/product"}],"replies":[{"embeddable":true,"href":"https:\/\/medtest.stagingservers.net\/fi\/wp-json\/wp\/v2\/comments?post=72949"}],"version-history":[{"count":0,"href":"https:\/\/medtest.stagingservers.net\/fi\/wp-json\/wp\/v2\/product\/72949\/revisions"}],"wp:featuredmedia":[{"embeddable":true,"href":"https:\/\/medtest.stagingservers.net\/fi\/wp-json\/wp\/v2\/media\/73792"}],"wp:attachment":[{"href":"https:\/\/medtest.stagingservers.net\/fi\/wp-json\/wp\/v2\/media?parent=72949"}],"wp:term":[{"taxonomy":"product_brand","embeddable":true,"href":"https:\/\/medtest.stagingservers.net\/fi\/wp-json\/wp\/v2\/product_brand?post=72949"},{"taxonomy":"product_cat","embeddable":true,"href":"https:\/\/medtest.stagingservers.net\/fi\/wp-json\/wp\/v2\/product_cat?post=72949"},{"taxonomy":"product_tag","embeddable":true,"href":"https:\/\/medtest.stagingservers.net\/fi\/wp-json\/wp\/v2\/product_tag?post=72949"}],"curies":[{"name":"wp","href":"https:\/\/api.w.org\/{rel}","templated":true}]}}