{"id":72952,"date":"2019-08-28T08:22:27","date_gmt":"2019-08-28T08:22:27","guid":{"rendered":"https:\/\/medtest.stagingservers.net\/product\/kilpirauhastesti\/"},"modified":"2019-11-09T13:21:52","modified_gmt":"2019-11-09T11:21:52","slug":"kilpirauhastesti","status":"publish","type":"product","link":"https:\/\/medtest.stagingservers.net\/fi\/produkt\/kilpirauhastesti\/","title":{"rendered":"Kilpirauhastesti (TSH)"},"content":{"rendered":"<h2>Kilpirauhastesti<\/h2>\n<h5>Vastaus 15 minuutissa<\/h5>\n<p>Onko sinulla oireita kuten v\u00e4symys,\u00a0 masennus, voimattomuus, hermostuneisuus, stressi ja yleinen sairaudentunne? Oireet voivat liitty\u00e4 kilpirauhaseen. Kilpirauhastestill\u00e4 pystyt selvitt\u00e4m\u00e4\u00e4n, miten voit. Kilpirauhanen sijaitsee kurkunp\u00e4\u00e4n alla kaulan etuosassa, ja sill\u00e4 on suuri vaikutus hyvinvointiin ja suorituskykyyn, koska kilpirauhanen s\u00e4\u00e4telee elimist\u00f6n aineenvaihduntaa. Siksi kilpirauhanen on terveydelle t\u00e4rke\u00e4. Testi voi selitt\u00e4\u00e4, miksi vointisi on sellainen kuin se on.\u00a0 Jos sinulla on kilpirauhasen vajaatoiminta, se vaikuttaa veresi tyreotropiinipitoisuuteen (TSH).\u00a0 Tyreotropiinitason voi mitata itse kilpirauhastestill\u00e4, joka on yksinkertainen ja kivuton pisto sormeen. Testi vie vain 10-15 minuuttia ja antaa nopean ja selke\u00e4n vastauksen kilpirauhasesi tilasta. Kilpirauhastestimme n\u00e4ytt\u00e4\u00e4 positiivista, kun TSH-taso on korkeampi kuin 5 \u03bcIU\/mL. Kilpirauhastestimme on hyvin turvallinen ja CE-hyv\u00e4ksytty. Lis\u00e4ksi se on 95,5% luotettava.<\/p>\n<h5>Miksi sinun kannattaa tehd\u00e4 testi?<\/h5>\n<p>Kilpirauhassairauden huomaaminen pelk\u00e4st\u00e4\u00e4n oireiden perusteella on vaikeaa, koska yleisimm\u00e4t oireet ovat hyvin tavallisia. Kilpirauhastestill\u00e4 saat selv\u00e4n vastauksen, johtuuko kokemasi painonvaihtelu \/ v\u00e4symys \/ uupumus \/ huimaus kilpirauhasen h\u00e4iri\u00f6st\u00e4 vai ei. Tuloksen perusteella on helpompi hakeutua hoitoon ja saada apua. Se on t\u00e4rke\u00e4\u00e4, koska joillakin kilpirauhassairauksilla voi olla vakavia seurauksia.<\/p>\n<h5>Tee n\u00e4in<\/h5>\n<p><img loading=\"lazy\" decoding=\"async\" class=\"alignnone size-full wp-image-72927\" src=\"\/wp-content\/uploads\/2019\/03\/PSA-procedur.png\" alt=\"PSA procedur\" width=\"1455\" height=\"467\" srcset=\"https:\/\/medtest.stagingservers.net\/wp-content\/uploads\/2019\/03\/PSA-procedur.png 1455w, https:\/\/medtest.stagingservers.net\/wp-content\/uploads\/2019\/03\/PSA-procedur-720x231.png 720w, https:\/\/medtest.stagingservers.net\/wp-content\/uploads\/2019\/03\/PSA-procedur-1200x385.png 1200w, https:\/\/medtest.stagingservers.net\/wp-content\/uploads\/2019\/03\/PSA-procedur-768x246.png 768w, https:\/\/medtest.stagingservers.net\/wp-content\/uploads\/2019\/03\/PSA-procedur-416x134.png 416w, https:\/\/medtest.stagingservers.net\/wp-content\/uploads\/2019\/03\/PSA-procedur-300x96.png 300w, https:\/\/medtest.stagingservers.net\/wp-content\/uploads\/2019\/03\/PSA-procedur-1024x329.png 1024w\" sizes=\"auto, (max-width: 1455px) 100vw, 1455px\" \/><\/p>\n<ol>\n<li><span class=\"mobile-undersized-upper\">Puhdista sormesi alkoholia sis\u00e4lt\u00e4v\u00e4ll\u00e4 ihonpuhdistuslapulla.<\/span><\/li>\n<li><span class=\"mobile-undersized-upper\">Pist\u00e4 sitten itse\u00e4si lansetilla sormenp\u00e4\u00e4h\u00e4n.<\/span><\/li>\n<li><span class=\"mobile-undersized-upper\">Ime pipettiin 2-3 tippaa verta.<\/span><\/li>\n<li><span class=\"mobile-undersized-upper\">Pudota 1-2 veritippaa testikasetin koloon (S).<\/span><\/li>\n<li><span class=\"mobile-undersized-upper\">Tiputa sen j\u00e4lkeen yksi pisara puskuriliuosta.<\/span><\/li>\n<li><span class=\"mobile-undersized-upper\">Odota viisi minuuttia ja lue sitten testitulos.<\/span><\/li>\n<\/ol>\n<h5>Tulos<\/h5>\n<p><img loading=\"lazy\" decoding=\"async\" class=\"alignnone wp-image-54831\" src=\"https:\/\/medtest.stagingservers.net\/wp-content\/uploads\/2019\/02\/Test-resultat.png\" alt=\"\" width=\"231\" height=\"162\" srcset=\"https:\/\/medtest.stagingservers.net\/wp-content\/uploads\/2019\/02\/Test-resultat.png 912w, https:\/\/medtest.stagingservers.net\/wp-content\/uploads\/2019\/02\/Test-resultat-600x420.png 600w, https:\/\/medtest.stagingservers.net\/wp-content\/uploads\/2019\/02\/Test-resultat-200x140.png 200w, https:\/\/medtest.stagingservers.net\/wp-content\/uploads\/2019\/02\/Test-resultat-720x504.png 720w, https:\/\/medtest.stagingservers.net\/wp-content\/uploads\/2019\/02\/Test-resultat-768x538.png 768w, https:\/\/medtest.stagingservers.net\/wp-content\/uploads\/2019\/02\/Test-resultat-416x291.png 416w, https:\/\/medtest.stagingservers.net\/wp-content\/uploads\/2019\/02\/Test-resultat-300x210.png 300w\" sizes=\"auto, (max-width: 231px) 100vw, 231px\" \/><\/p>\n<p>Jos testiss\u00e4 n\u00e4kyy viiva sek\u00e4 C:n ett\u00e4 T:n kohdalla, tulos on positiivinen. Jos vain C:n kohdalla on viiva, tulos on negatiivinen. Kontrolliviivan (C) teht\u00e4v\u00e4 on n\u00e4ytt\u00e4\u00e4, ett\u00e4 testi toimii.<\/p>\n<p>C = Control (Kontrolliviiva) T = Testi S = Sample (N\u00e4yte)<\/p>\n<p>Mukana tulee suomenkieliset k\u00e4ytt\u00f6ohjeet. <a href=\"https:\/\/medtest.stagingservers.net\/kontakta-oss\/\">Ota meihin yhteytt\u00e4<\/a>, jos sinulla on kysytt\u00e4v\u00e4\u00e4.<\/p>\n","protected":false},"excerpt":{"rendered":"<p>Kilpirauhastesti voi selitt\u00e4\u00e4, miksi vointisi on sellainen kuin se on.\u00a0 Jos sinulla on kilpirauhasen vajaatoiminta, se vaikuttaa veresi tyreotropiinipitoisuuteen (TSH).\u00a0 Tyreotropiinitason voi mitata itse kilpirauhastestill\u00e4, joka on yksinkertainen ja kivuton pisto sormeen. Testi vie vain 10-15 minuuttia ja antaa nopean ja selke\u00e4n vastauksen kilpirauhasesi tilasta.<\/p>\n","protected":false},"featured_media":73791,"comment_status":"closed","ping_status":"closed","template":"","meta":{"_acf_changed":false,"footnotes":""},"product_brand":[],"product_cat":[942,928,932],"product_tag":[],"class_list":{"0":"post-72952","1":"product","2":"type-product","3":"status-publish","4":"has-post-thumbnail","6":"product_cat-kilpirauhanen","7":"product_cat-pakettitarjous","8":"product_cat-terveystestit","10":"first","11":"instock","12":"taxable","13":"shipping-taxable","14":"purchasable","15":"product-type-simple"},"acf":[],"yoast_head":"<title>Kilpirauhastesti (TSH) - Medtest.shop<\/title>\n<meta name=\"description\" content=\"Kilpirauhastesti (TSH) - Medtest.shop\" \/>\n<meta name=\"robots\" content=\"noindex, follow, max-snippet:-1, max-image-preview:large, max-video-preview:-1\" \/>\n<meta property=\"og:locale\" content=\"fi_FI\" \/>\n<meta property=\"og:type\" content=\"article\" \/>\n<meta property=\"og:title\" content=\"Kilpirauhastesti (TSH) - Medtest.shop\" \/>\n<meta property=\"og:description\" content=\"Kilpirauhastesti (TSH) - Medtest.shop\" \/>\n<meta property=\"og:url\" content=\"https:\/\/medtest.stagingservers.net\/fi\/produkt\/kilpirauhastesti\/\" \/>\n<meta property=\"og:site_name\" content=\"Medtest.shop\" \/>\n<meta property=\"article:publisher\" content=\"https:\/\/www.facebook.com\/Medtest-1440779469392476\/\" \/>\n<meta property=\"article:modified_time\" content=\"2019-11-09T11:21:52+00:00\" \/>\n<meta property=\"og:image\" content=\"https:\/\/medtest.stagingservers.net\/wp-content\/uploads\/2019\/08\/TSH-Thyroid-stimulationg.png\" \/>\n\t<meta property=\"og:image:width\" content=\"2100\" \/>\n\t<meta property=\"og:image:height\" content=\"1400\" \/>\n\t<meta property=\"og:image:type\" content=\"image\/png\" \/>\n<meta name=\"twitter:card\" content=\"summary_large_image\" \/>\n<script type=\"application\/ld+json\" class=\"yoast-schema-graph\">{\"@context\":\"https:\\\/\\\/schema.org\",\"@graph\":[{\"@type\":\"WebPage\",\"@id\":\"https:\\\/\\\/medtest.stagingservers.net\\\/fi\\\/produkt\\\/kilpirauhastesti\\\/\",\"url\":\"https:\\\/\\\/medtest.stagingservers.net\\\/fi\\\/produkt\\\/kilpirauhastesti\\\/\",\"name\":\"Kilpirauhastesti (TSH) - Medtest.shop\",\"isPartOf\":{\"@id\":\"https:\\\/\\\/medtest.stagingservers.net\\\/fi\\\/#website\"},\"primaryImageOfPage\":{\"@id\":\"https:\\\/\\\/medtest.stagingservers.net\\\/fi\\\/produkt\\\/kilpirauhastesti\\\/#primaryimage\"},\"image\":{\"@id\":\"https:\\\/\\\/medtest.stagingservers.net\\\/fi\\\/produkt\\\/kilpirauhastesti\\\/#primaryimage\"},\"thumbnailUrl\":\"https:\\\/\\\/medtest.stagingservers.net\\\/wp-content\\\/uploads\\\/2019\\\/08\\\/TSH-Thyroid-stimulationg.png\",\"datePublished\":\"2019-08-28T08:22:27+00:00\",\"dateModified\":\"2019-11-09T11:21:52+00:00\",\"description\":\"Kilpirauhastesti (TSH) - Medtest.shop\",\"breadcrumb\":{\"@id\":\"https:\\\/\\\/medtest.stagingservers.net\\\/fi\\\/produkt\\\/kilpirauhastesti\\\/#breadcrumb\"},\"inLanguage\":\"fi-FI\",\"potentialAction\":[{\"@type\":\"ReadAction\",\"target\":[\"https:\\\/\\\/medtest.stagingservers.net\\\/fi\\\/produkt\\\/kilpirauhastesti\\\/\"]}]},{\"@type\":\"ImageObject\",\"inLanguage\":\"fi-FI\",\"@id\":\"https:\\\/\\\/medtest.stagingservers.net\\\/fi\\\/produkt\\\/kilpirauhastesti\\\/#primaryimage\",\"url\":\"https:\\\/\\\/medtest.stagingservers.net\\\/wp-content\\\/uploads\\\/2019\\\/08\\\/TSH-Thyroid-stimulationg.png\",\"contentUrl\":\"https:\\\/\\\/medtest.stagingservers.net\\\/wp-content\\\/uploads\\\/2019\\\/08\\\/TSH-Thyroid-stimulationg.png\",\"width\":2100,\"height\":1400},{\"@type\":\"BreadcrumbList\",\"@id\":\"https:\\\/\\\/medtest.stagingservers.net\\\/fi\\\/produkt\\\/kilpirauhastesti\\\/#breadcrumb\",\"itemListElement\":[{\"@type\":\"ListItem\",\"position\":1,\"name\":\"Home\",\"item\":\"https:\\\/\\\/medtest.stagingservers.net\\\/fi\\\/\"},{\"@type\":\"ListItem\",\"position\":2,\"name\":\"Shop\",\"item\":\"https:\\\/\\\/medtest.stagingservers.net\\\/fi\\\/shop\\\/\"},{\"@type\":\"ListItem\",\"position\":3,\"name\":\"Kilpirauhastesti (TSH)\"}]},{\"@type\":\"WebSite\",\"@id\":\"https:\\\/\\\/medtest.stagingservers.net\\\/fi\\\/#website\",\"url\":\"https:\\\/\\\/medtest.stagingservers.net\\\/fi\\\/\",\"name\":\"Medtest.shop\",\"description\":\"\",\"publisher\":{\"@id\":\"https:\\\/\\\/medtest.stagingservers.net\\\/fi\\\/#organization\"},\"potentialAction\":[{\"@type\":\"SearchAction\",\"target\":{\"@type\":\"EntryPoint\",\"urlTemplate\":\"https:\\\/\\\/medtest.stagingservers.net\\\/fi\\\/?s={search_term_string}\"},\"query-input\":{\"@type\":\"PropertyValueSpecification\",\"valueRequired\":true,\"valueName\":\"search_term_string\"}}],\"inLanguage\":\"fi-FI\"},{\"@type\":\"Organization\",\"@id\":\"https:\\\/\\\/medtest.stagingservers.net\\\/fi\\\/#organization\",\"name\":\"Medtest\",\"url\":\"https:\\\/\\\/medtest.stagingservers.net\\\/fi\\\/\",\"logo\":{\"@type\":\"ImageObject\",\"inLanguage\":\"fi-FI\",\"@id\":\"https:\\\/\\\/medtest.stagingservers.net\\\/fi\\\/#\\\/schema\\\/logo\\\/image\\\/\",\"url\":\"https:\\\/\\\/medtest.stagingservers.net\\\/wp-content\\\/uploads\\\/2018\\\/11\\\/Original.png\",\"contentUrl\":\"https:\\\/\\\/medtest.stagingservers.net\\\/wp-content\\\/uploads\\\/2018\\\/11\\\/Original.png\",\"width\":1024,\"height\":1024,\"caption\":\"Medtest\"},\"image\":{\"@id\":\"https:\\\/\\\/medtest.stagingservers.net\\\/fi\\\/#\\\/schema\\\/logo\\\/image\\\/\"},\"sameAs\":[\"https:\\\/\\\/www.facebook.com\\\/Medtest-1440779469392476\\\/\"]}]}<\/script>","yoast_head_json":{"title":"Kilpirauhastesti (TSH) - Medtest.shop","description":"Kilpirauhastesti (TSH) - Medtest.shop","robots":{"index":"noindex","follow":"follow","max-snippet":"max-snippet:-1","max-image-preview":"max-image-preview:large","max-video-preview":"max-video-preview:-1"},"og_locale":"fi_FI","og_type":"article","og_title":"Kilpirauhastesti (TSH) - Medtest.shop","og_description":"Kilpirauhastesti (TSH) - Medtest.shop","og_url":"https:\/\/medtest.stagingservers.net\/fi\/produkt\/kilpirauhastesti\/","og_site_name":"Medtest.shop","article_publisher":"https:\/\/www.facebook.com\/Medtest-1440779469392476\/","article_modified_time":"2019-11-09T11:21:52+00:00","og_image":[{"width":2100,"height":1400,"url":"https:\/\/medtest.stagingservers.net\/wp-content\/uploads\/2019\/08\/TSH-Thyroid-stimulationg.png","type":"image\/png"}],"twitter_card":"summary_large_image","schema":{"@context":"https:\/\/schema.org","@graph":[{"@type":"WebPage","@id":"https:\/\/medtest.stagingservers.net\/fi\/produkt\/kilpirauhastesti\/","url":"https:\/\/medtest.stagingservers.net\/fi\/produkt\/kilpirauhastesti\/","name":"Kilpirauhastesti (TSH) - Medtest.shop","isPartOf":{"@id":"https:\/\/medtest.stagingservers.net\/fi\/#website"},"primaryImageOfPage":{"@id":"https:\/\/medtest.stagingservers.net\/fi\/produkt\/kilpirauhastesti\/#primaryimage"},"image":{"@id":"https:\/\/medtest.stagingservers.net\/fi\/produkt\/kilpirauhastesti\/#primaryimage"},"thumbnailUrl":"https:\/\/medtest.stagingservers.net\/wp-content\/uploads\/2019\/08\/TSH-Thyroid-stimulationg.png","datePublished":"2019-08-28T08:22:27+00:00","dateModified":"2019-11-09T11:21:52+00:00","description":"Kilpirauhastesti (TSH) - Medtest.shop","breadcrumb":{"@id":"https:\/\/medtest.stagingservers.net\/fi\/produkt\/kilpirauhastesti\/#breadcrumb"},"inLanguage":"fi-FI","potentialAction":[{"@type":"ReadAction","target":["https:\/\/medtest.stagingservers.net\/fi\/produkt\/kilpirauhastesti\/"]}]},{"@type":"ImageObject","inLanguage":"fi-FI","@id":"https:\/\/medtest.stagingservers.net\/fi\/produkt\/kilpirauhastesti\/#primaryimage","url":"https:\/\/medtest.stagingservers.net\/wp-content\/uploads\/2019\/08\/TSH-Thyroid-stimulationg.png","contentUrl":"https:\/\/medtest.stagingservers.net\/wp-content\/uploads\/2019\/08\/TSH-Thyroid-stimulationg.png","width":2100,"height":1400},{"@type":"BreadcrumbList","@id":"https:\/\/medtest.stagingservers.net\/fi\/produkt\/kilpirauhastesti\/#breadcrumb","itemListElement":[{"@type":"ListItem","position":1,"name":"Home","item":"https:\/\/medtest.stagingservers.net\/fi\/"},{"@type":"ListItem","position":2,"name":"Shop","item":"https:\/\/medtest.stagingservers.net\/fi\/shop\/"},{"@type":"ListItem","position":3,"name":"Kilpirauhastesti (TSH)"}]},{"@type":"WebSite","@id":"https:\/\/medtest.stagingservers.net\/fi\/#website","url":"https:\/\/medtest.stagingservers.net\/fi\/","name":"Medtest.shop","description":"","publisher":{"@id":"https:\/\/medtest.stagingservers.net\/fi\/#organization"},"potentialAction":[{"@type":"SearchAction","target":{"@type":"EntryPoint","urlTemplate":"https:\/\/medtest.stagingservers.net\/fi\/?s={search_term_string}"},"query-input":{"@type":"PropertyValueSpecification","valueRequired":true,"valueName":"search_term_string"}}],"inLanguage":"fi-FI"},{"@type":"Organization","@id":"https:\/\/medtest.stagingservers.net\/fi\/#organization","name":"Medtest","url":"https:\/\/medtest.stagingservers.net\/fi\/","logo":{"@type":"ImageObject","inLanguage":"fi-FI","@id":"https:\/\/medtest.stagingservers.net\/fi\/#\/schema\/logo\/image\/","url":"https:\/\/medtest.stagingservers.net\/wp-content\/uploads\/2018\/11\/Original.png","contentUrl":"https:\/\/medtest.stagingservers.net\/wp-content\/uploads\/2018\/11\/Original.png","width":1024,"height":1024,"caption":"Medtest"},"image":{"@id":"https:\/\/medtest.stagingservers.net\/fi\/#\/schema\/logo\/image\/"},"sameAs":["https:\/\/www.facebook.com\/Medtest-1440779469392476\/"]}]}},"_links":{"self":[{"href":"https:\/\/medtest.stagingservers.net\/fi\/wp-json\/wp\/v2\/product\/72952","targetHints":{"allow":["GET"]}}],"collection":[{"href":"https:\/\/medtest.stagingservers.net\/fi\/wp-json\/wp\/v2\/product"}],"about":[{"href":"https:\/\/medtest.stagingservers.net\/fi\/wp-json\/wp\/v2\/types\/product"}],"replies":[{"embeddable":true,"href":"https:\/\/medtest.stagingservers.net\/fi\/wp-json\/wp\/v2\/comments?post=72952"}],"version-history":[{"count":0,"href":"https:\/\/medtest.stagingservers.net\/fi\/wp-json\/wp\/v2\/product\/72952\/revisions"}],"wp:featuredmedia":[{"embeddable":true,"href":"https:\/\/medtest.stagingservers.net\/fi\/wp-json\/wp\/v2\/media\/73791"}],"wp:attachment":[{"href":"https:\/\/medtest.stagingservers.net\/fi\/wp-json\/wp\/v2\/media?parent=72952"}],"wp:term":[{"taxonomy":"product_brand","embeddable":true,"href":"https:\/\/medtest.stagingservers.net\/fi\/wp-json\/wp\/v2\/product_brand?post=72952"},{"taxonomy":"product_cat","embeddable":true,"href":"https:\/\/medtest.stagingservers.net\/fi\/wp-json\/wp\/v2\/product_cat?post=72952"},{"taxonomy":"product_tag","embeddable":true,"href":"https:\/\/medtest.stagingservers.net\/fi\/wp-json\/wp\/v2\/product_tag?post=72952"}],"curies":[{"name":"wp","href":"https:\/\/api.w.org\/{rel}","templated":true}]}}