{"id":72957,"date":"2019-08-28T08:26:35","date_gmt":"2019-08-28T08:26:35","guid":{"rendered":"https:\/\/medtest.stagingservers.net\/product\/diabetes-munuais-ja-maksatesti\/"},"modified":"2019-12-20T12:40:32","modified_gmt":"2019-12-20T10:40:32","slug":"diabetes-munuais-ja-maksatesti","status":"publish","type":"product","link":"https:\/\/medtest.stagingservers.net\/fi\/produkt\/diabetes-munuais-ja-maksatesti\/","title":{"rendered":"Diabetes-, munuais- ja maksatesti"},"content":{"rendered":"<h2>Diabetes-, munuais- ja maksatesti, yhteens\u00e4 kuusi testitikkua<\/h2>\n<h5>Diabetestesti<\/h5>\n<p>Testi\u00e4 k\u00e4ytet\u00e4\u00e4n analysoimaan virtsan glukoosi- ja ketonitasoja diabeteksen diagnosoimiseksi. Testitulos tulkitaan vertaamalla tulosta mukana tulevaan v\u00e4rikarttaan. Jokainen v\u00e4ri viittaa glukoosin ja ketonin m\u00e4\u00e4r\u00e4\u00e4n. Virtsaatko enemm\u00e4n kuin tavallisesti? Tunnetko janoa, joka ei l\u00e4hde juomalla? Oireet ovat monet ja moninaiset. Diabetes on yksi yleisimmist\u00e4 kansantaudeista. Se aiheuttaa korkeaa verensokeria (veress\u00e4 olevaa glukoosia), jota kutsutaan hyperglykemiaksi. Kun verensokeri ei ole tasapainossa, esiintyy usein oireita. Yksinkertainen kotitestimme huomaa ep\u00e4tasapainon helposti ja nopeasti. Diabetesta voi olla vaikea huomata pelk\u00e4st\u00e4\u00e4n oireiden perusteella, koska ne ovat hyvin tavallisia. Helppo testi voi auttaa lievitt\u00e4m\u00e4\u00e4n huolta tai kertoa, ett\u00e4 on syyt\u00e4 hakeutua l\u00e4\u00e4k\u00e4rille. Positiivinen testi (sinulla on todenn\u00e4k\u00f6isesti diabetes) tarkoittaa, ett\u00e4 sinun on helpompi hakeutua l\u00e4\u00e4k\u00e4riin ja saada oikeaa hoitoa, mik\u00e4 on t\u00e4rke\u00e4\u00e4, koska hoitamaton diabetes on vaarallinen. Sis\u00e4lt\u00f6: Kaksi suljettua alumiinipussia, joissa kummassakin on yksi testitikku ja k\u00e4ytt\u00f6ohjeet. Diabetestesti on valmistettu Euroopassa, ja se on hyvin luotettava. Lis\u00e4ksi se on CE-hyv\u00e4ksytty.<\/p>\n<h5>Munuaistesti<\/h5>\n<p>Munuaistautien diagnosoinnissa auttava testi mittaa virtsan <strong>kreatiniinia, proteiinia ja ominaispainoa<\/strong>. Testituloksen v\u00e4ri\u00e4 verrataan pakkauksen v\u00e4rikarttaan.<\/p>\n<h5>Kreatiniini<\/h5>\n<p>Kreatiniinia syntyy lihasten aineenvaihdunnan tuloksena. Se kulkee veress\u00e4 munuaisiin, josta se siirtyy virtsaan. Kreatiniini on normaalin lihastoiminnan sivutuote. Mit\u00e4 enemm\u00e4n ihmisell\u00e4 on lihaksia, sit\u00e4 enemm\u00e4n kreatiniinia h\u00e4n tuottaa. Veren kreatiinitaso kertoo sek\u00e4 lihasten m\u00e4\u00e4r\u00e4st\u00e4 ett\u00e4 munuaisten toiminnasta. Useimpien miesten normaali munuaistoiminta on noin 0,6-1,2 mg\/dl. Useimpien naisten normaali munuaistoiminta on 0,5-1,1 mg\/dl. Naisten kreatiniinitaso on yleens\u00e4 alempi kuin miesten, koska naisilla on tavallisesti v\u00e4hemm\u00e4n lihasmassaa kuin miehill\u00e4.<\/p>\n<h5>Proteiini<\/h5>\n<p>Normaalisti virtsassa ei pit\u00e4isi olla proteiinia. Jos virtsasta l\u00f6ytyy proteiinia, munuaisten suodatinkyvyss\u00e4 voi olla ongelmia.<\/p>\n<h5>Suhteellinen tiheys<\/h5>\n<p>Munuaiset suodattavat elimist\u00f6st\u00e4 haitallisia aineita kuten toksiineja ja aineenvaihdunnan kuona-aineita. Munuaisten teht\u00e4v\u00e4 on siirt\u00e4\u00e4 toksiinit ja kuona-aineet virtsaan menett\u00e4m\u00e4tt\u00e4 liikaa nestett\u00e4. Virtsan molekyylien m\u00e4\u00e4r\u00e4 ja paino m\u00e4\u00e4ritt\u00e4v\u00e4t virtsan suhteellisen tiheyden eli ominaispainon. Aikuisten virtsan suhteellinen tiheys on yleens\u00e4 noin 1000-1030. Jos virtsa painaa enemm\u00e4n eli siin\u00e4 on enemm\u00e4n liuenneita aineita, se voi viitata munuaisten toimintah\u00e4iri\u00f6\u00f6n tai munuaisten heikentyneeseen verenkiertoon.<\/p>\n<h5>Maksatesti<\/h5>\n<p>Maksan ja sappirakon ongelmien diagnosoinnissa k\u00e4ytett\u00e4v\u00e4 maksatesti mittaa virtsasta bilirubiinia ja urobilinogeenia. Testituloksen v\u00e4ri\u00e4 verrataan pakkauksen v\u00e4rikarttaan.<\/p>\n<h5>Miksi bilirubiini pit\u00e4\u00e4 tarkistaa?<\/h5>\n<p>Jos ep\u00e4ill\u00e4\u00e4n maksa- tai sappitiesairautta, pit\u00e4\u00e4 tarkistaa bilirubiinitaso. Bilirubiinitaso mitataan my\u00f6s, jos halutaan tiet\u00e4\u00e4, onko punasolujen hajoaminen lis\u00e4\u00e4ntynyt. Korkeasta bilirubiinitasosta kertoo keltatauti eli ihon ja silm\u00e4nvalkuaisten kellert\u00e4v\u00e4 v\u00e4ri.<\/p>\n<h5>Mit\u00e4 tarkoittaa kohonnut bilirubiiniarvo?<\/h5>\n<p>Kohonnut arvo voi johtua useista eri syist\u00e4. Usein taustalla on maksasairaus, esimerkiksi seuraus pitk\u00e4aikaisesta runsaasta alkoholink\u00e4yt\u00f6st\u00e4 tai maksatulehduksesta (tavallisesti hepatiitti A:n tai sikotaudin aiheuttama). My\u00f6s sappivaivat voivat nostaa bilirubiinia, esimerkiksi sappikivet ja kasvaimet. Perinn\u00f6lliset entsyyminpuutokset voivat my\u00f6s vaikuttaa bilirubiiniin. Kohonnut bilirubiiniarvo voi lis\u00e4ksi liitty\u00e4 erilaisiin vaikeisiin sairauksiin, joilla ei itsess\u00e4\u00e4n ole tekemist\u00e4 maksan kanssa, esimerkiksi kasvaimet, vakavat tulehdukset ja syd\u00e4men vajaatoiminta. Bilirubiinia nostaa my\u00f6s hemolyysi, jossa punasolut hajoavat normaalia nopeammin. Monet erilaiset l\u00e4\u00e4keaineet kuten estrogeeni, androgeeniset anaboliset steroidit, tietyt verenpainol\u00e4\u00e4kkeet ja antibiootit, epilepsial\u00e4\u00e4kkeet, masenusl\u00e4\u00e4kkeet ja kipul\u00e4\u00e4kkeet voivat my\u00f6s joskus vaikuttaa maksaan ja nostaa veren bilirubiiniarvoa.<\/p>\n<h5><strong><span class=\"mobile-undersized-upper\">N\u00e4in kotitestit toimivat<\/span><\/strong><\/h5>\n<ol start=\"1\">\n<li class=\"mobile-undersized-upper\" data-index=\"681\" data-length=\"49\"><span class=\"mobile-undersized-upper\">Avaa foliopakkaus ja ota testitikku pakkauksesta.<\/span><\/li>\n<li class=\"mobile-undersized-upper\" data-index=\"479\" data-length=\"49\">Virtsaa kuppiin ja kasta testitikku virtsaan.<\/li>\n<li data-index=\"479\" data-length=\"49\">Lue testitulos noin yhden minuutin j\u00e4lkeen. Testitulos tulkitaan vertaamalla tikun v\u00e4ri\u00e4 v\u00e4rikarttaan. Kun vertaat v\u00e4rej\u00e4, pid\u00e4 tikkua vaakasuorassa, jotta tikun v\u00e4rit eiv\u00e4t sekoitu kesken\u00e4\u00e4n.<\/li>\n<\/ol>\n","protected":false},"excerpt":{"rendered":"<p>Testaa, miten munuaisesi ja maksasi toimivat ja onko sinulla diabetes.<br \/>\nJokainen testi sis\u00e4lt\u00e4\u00e4 kaksi testitikkua eli kaikkiaan kuusi testitikkua, joista jokainen on pakattu omaan muovipakkaukseensa. Tikku upotetaan virtsaan pariksi sekunniksi, mink\u00e4 j\u00e4lkeen testituloksen v\u00e4ri\u00e4 verrataan pakkauksessa olevaan v\u00e4rikarttaan. Mukana tulee suomenkieliset ohjeet.<\/p>\n","protected":false},"featured_media":73789,"comment_status":"closed","ping_status":"closed","template":"","meta":{"_acf_changed":false,"footnotes":""},"product_brand":[],"product_cat":[935,938,940,928],"product_tag":[],"class_list":{"0":"post-72957","1":"product","2":"type-product","3":"status-publish","4":"has-post-thumbnail","6":"product_cat-diabetes-fi","7":"product_cat-maksan-toiminta","8":"product_cat-munuaisten-toiminta","9":"product_cat-pakettitarjous","11":"first","12":"instock","13":"taxable","14":"shipping-taxable","15":"purchasable","16":"product-type-simple"},"acf":[],"yoast_head":"<title>Diabetes-, munuais- ja maksatesti - Medtest.shop<\/title>\n<meta name=\"description\" content=\"Diabetes-, munuais- ja maksatesti - Medtest.shop\" \/>\n<meta name=\"robots\" content=\"noindex, follow, max-snippet:-1, max-image-preview:large, max-video-preview:-1\" \/>\n<meta property=\"og:locale\" content=\"fi_FI\" \/>\n<meta property=\"og:type\" content=\"article\" \/>\n<meta property=\"og:title\" content=\"Diabetes-, munuais- ja maksatesti - Medtest.shop\" \/>\n<meta property=\"og:description\" content=\"Diabetes-, munuais- ja maksatesti - Medtest.shop\" \/>\n<meta property=\"og:url\" content=\"https:\/\/medtest.stagingservers.net\/fi\/produkt\/diabetes-munuais-ja-maksatesti\/\" \/>\n<meta property=\"og:site_name\" content=\"Medtest.shop\" \/>\n<meta property=\"article:publisher\" content=\"https:\/\/www.facebook.com\/Medtest-1440779469392476\/\" \/>\n<meta property=\"article:modified_time\" content=\"2019-12-20T10:40:32+00:00\" \/>\n<meta property=\"og:image\" content=\"https:\/\/medtest.stagingservers.net\/wp-content\/uploads\/2019\/08\/Diabetesliverkidneye.png\" \/>\n\t<meta property=\"og:image:width\" content=\"907\" \/>\n\t<meta property=\"og:image:height\" content=\"495\" \/>\n\t<meta property=\"og:image:type\" content=\"image\/png\" \/>\n<meta name=\"twitter:card\" content=\"summary_large_image\" \/>\n<script type=\"application\/ld+json\" class=\"yoast-schema-graph\">{\"@context\":\"https:\\\/\\\/schema.org\",\"@graph\":[{\"@type\":\"WebPage\",\"@id\":\"https:\\\/\\\/medtest.stagingservers.net\\\/fi\\\/produkt\\\/diabetes-munuais-ja-maksatesti\\\/\",\"url\":\"https:\\\/\\\/medtest.stagingservers.net\\\/fi\\\/produkt\\\/diabetes-munuais-ja-maksatesti\\\/\",\"name\":\"Diabetes-, munuais- ja maksatesti - Medtest.shop\",\"isPartOf\":{\"@id\":\"https:\\\/\\\/medtest.stagingservers.net\\\/fi\\\/#website\"},\"primaryImageOfPage\":{\"@id\":\"https:\\\/\\\/medtest.stagingservers.net\\\/fi\\\/produkt\\\/diabetes-munuais-ja-maksatesti\\\/#primaryimage\"},\"image\":{\"@id\":\"https:\\\/\\\/medtest.stagingservers.net\\\/fi\\\/produkt\\\/diabetes-munuais-ja-maksatesti\\\/#primaryimage\"},\"thumbnailUrl\":\"https:\\\/\\\/medtest.stagingservers.net\\\/wp-content\\\/uploads\\\/2019\\\/08\\\/Diabetesliverkidneye.png\",\"datePublished\":\"2019-08-28T08:26:35+00:00\",\"dateModified\":\"2019-12-20T10:40:32+00:00\",\"description\":\"Diabetes-, munuais- ja maksatesti - Medtest.shop\",\"breadcrumb\":{\"@id\":\"https:\\\/\\\/medtest.stagingservers.net\\\/fi\\\/produkt\\\/diabetes-munuais-ja-maksatesti\\\/#breadcrumb\"},\"inLanguage\":\"fi-FI\",\"potentialAction\":[{\"@type\":\"ReadAction\",\"target\":[\"https:\\\/\\\/medtest.stagingservers.net\\\/fi\\\/produkt\\\/diabetes-munuais-ja-maksatesti\\\/\"]}]},{\"@type\":\"ImageObject\",\"inLanguage\":\"fi-FI\",\"@id\":\"https:\\\/\\\/medtest.stagingservers.net\\\/fi\\\/produkt\\\/diabetes-munuais-ja-maksatesti\\\/#primaryimage\",\"url\":\"https:\\\/\\\/medtest.stagingservers.net\\\/wp-content\\\/uploads\\\/2019\\\/08\\\/Diabetesliverkidneye.png\",\"contentUrl\":\"https:\\\/\\\/medtest.stagingservers.net\\\/wp-content\\\/uploads\\\/2019\\\/08\\\/Diabetesliverkidneye.png\",\"width\":907,\"height\":495},{\"@type\":\"BreadcrumbList\",\"@id\":\"https:\\\/\\\/medtest.stagingservers.net\\\/fi\\\/produkt\\\/diabetes-munuais-ja-maksatesti\\\/#breadcrumb\",\"itemListElement\":[{\"@type\":\"ListItem\",\"position\":1,\"name\":\"Home\",\"item\":\"https:\\\/\\\/medtest.stagingservers.net\\\/fi\\\/\"},{\"@type\":\"ListItem\",\"position\":2,\"name\":\"Shop\",\"item\":\"https:\\\/\\\/medtest.stagingservers.net\\\/fi\\\/shop\\\/\"},{\"@type\":\"ListItem\",\"position\":3,\"name\":\"Diabetes-, munuais- ja maksatesti\"}]},{\"@type\":\"WebSite\",\"@id\":\"https:\\\/\\\/medtest.stagingservers.net\\\/fi\\\/#website\",\"url\":\"https:\\\/\\\/medtest.stagingservers.net\\\/fi\\\/\",\"name\":\"Medtest.shop\",\"description\":\"\",\"publisher\":{\"@id\":\"https:\\\/\\\/medtest.stagingservers.net\\\/fi\\\/#organization\"},\"potentialAction\":[{\"@type\":\"SearchAction\",\"target\":{\"@type\":\"EntryPoint\",\"urlTemplate\":\"https:\\\/\\\/medtest.stagingservers.net\\\/fi\\\/?s={search_term_string}\"},\"query-input\":{\"@type\":\"PropertyValueSpecification\",\"valueRequired\":true,\"valueName\":\"search_term_string\"}}],\"inLanguage\":\"fi-FI\"},{\"@type\":\"Organization\",\"@id\":\"https:\\\/\\\/medtest.stagingservers.net\\\/fi\\\/#organization\",\"name\":\"Medtest\",\"url\":\"https:\\\/\\\/medtest.stagingservers.net\\\/fi\\\/\",\"logo\":{\"@type\":\"ImageObject\",\"inLanguage\":\"fi-FI\",\"@id\":\"https:\\\/\\\/medtest.stagingservers.net\\\/fi\\\/#\\\/schema\\\/logo\\\/image\\\/\",\"url\":\"https:\\\/\\\/medtest.stagingservers.net\\\/wp-content\\\/uploads\\\/2018\\\/11\\\/Original.png\",\"contentUrl\":\"https:\\\/\\\/medtest.stagingservers.net\\\/wp-content\\\/uploads\\\/2018\\\/11\\\/Original.png\",\"width\":1024,\"height\":1024,\"caption\":\"Medtest\"},\"image\":{\"@id\":\"https:\\\/\\\/medtest.stagingservers.net\\\/fi\\\/#\\\/schema\\\/logo\\\/image\\\/\"},\"sameAs\":[\"https:\\\/\\\/www.facebook.com\\\/Medtest-1440779469392476\\\/\"]}]}<\/script>","yoast_head_json":{"title":"Diabetes-, munuais- ja maksatesti - Medtest.shop","description":"Diabetes-, munuais- ja maksatesti - Medtest.shop","robots":{"index":"noindex","follow":"follow","max-snippet":"max-snippet:-1","max-image-preview":"max-image-preview:large","max-video-preview":"max-video-preview:-1"},"og_locale":"fi_FI","og_type":"article","og_title":"Diabetes-, munuais- ja maksatesti - Medtest.shop","og_description":"Diabetes-, munuais- ja maksatesti - Medtest.shop","og_url":"https:\/\/medtest.stagingservers.net\/fi\/produkt\/diabetes-munuais-ja-maksatesti\/","og_site_name":"Medtest.shop","article_publisher":"https:\/\/www.facebook.com\/Medtest-1440779469392476\/","article_modified_time":"2019-12-20T10:40:32+00:00","og_image":[{"width":907,"height":495,"url":"https:\/\/medtest.stagingservers.net\/wp-content\/uploads\/2019\/08\/Diabetesliverkidneye.png","type":"image\/png"}],"twitter_card":"summary_large_image","schema":{"@context":"https:\/\/schema.org","@graph":[{"@type":"WebPage","@id":"https:\/\/medtest.stagingservers.net\/fi\/produkt\/diabetes-munuais-ja-maksatesti\/","url":"https:\/\/medtest.stagingservers.net\/fi\/produkt\/diabetes-munuais-ja-maksatesti\/","name":"Diabetes-, munuais- ja maksatesti - Medtest.shop","isPartOf":{"@id":"https:\/\/medtest.stagingservers.net\/fi\/#website"},"primaryImageOfPage":{"@id":"https:\/\/medtest.stagingservers.net\/fi\/produkt\/diabetes-munuais-ja-maksatesti\/#primaryimage"},"image":{"@id":"https:\/\/medtest.stagingservers.net\/fi\/produkt\/diabetes-munuais-ja-maksatesti\/#primaryimage"},"thumbnailUrl":"https:\/\/medtest.stagingservers.net\/wp-content\/uploads\/2019\/08\/Diabetesliverkidneye.png","datePublished":"2019-08-28T08:26:35+00:00","dateModified":"2019-12-20T10:40:32+00:00","description":"Diabetes-, munuais- ja maksatesti - Medtest.shop","breadcrumb":{"@id":"https:\/\/medtest.stagingservers.net\/fi\/produkt\/diabetes-munuais-ja-maksatesti\/#breadcrumb"},"inLanguage":"fi-FI","potentialAction":[{"@type":"ReadAction","target":["https:\/\/medtest.stagingservers.net\/fi\/produkt\/diabetes-munuais-ja-maksatesti\/"]}]},{"@type":"ImageObject","inLanguage":"fi-FI","@id":"https:\/\/medtest.stagingservers.net\/fi\/produkt\/diabetes-munuais-ja-maksatesti\/#primaryimage","url":"https:\/\/medtest.stagingservers.net\/wp-content\/uploads\/2019\/08\/Diabetesliverkidneye.png","contentUrl":"https:\/\/medtest.stagingservers.net\/wp-content\/uploads\/2019\/08\/Diabetesliverkidneye.png","width":907,"height":495},{"@type":"BreadcrumbList","@id":"https:\/\/medtest.stagingservers.net\/fi\/produkt\/diabetes-munuais-ja-maksatesti\/#breadcrumb","itemListElement":[{"@type":"ListItem","position":1,"name":"Home","item":"https:\/\/medtest.stagingservers.net\/fi\/"},{"@type":"ListItem","position":2,"name":"Shop","item":"https:\/\/medtest.stagingservers.net\/fi\/shop\/"},{"@type":"ListItem","position":3,"name":"Diabetes-, munuais- ja maksatesti"}]},{"@type":"WebSite","@id":"https:\/\/medtest.stagingservers.net\/fi\/#website","url":"https:\/\/medtest.stagingservers.net\/fi\/","name":"Medtest.shop","description":"","publisher":{"@id":"https:\/\/medtest.stagingservers.net\/fi\/#organization"},"potentialAction":[{"@type":"SearchAction","target":{"@type":"EntryPoint","urlTemplate":"https:\/\/medtest.stagingservers.net\/fi\/?s={search_term_string}"},"query-input":{"@type":"PropertyValueSpecification","valueRequired":true,"valueName":"search_term_string"}}],"inLanguage":"fi-FI"},{"@type":"Organization","@id":"https:\/\/medtest.stagingservers.net\/fi\/#organization","name":"Medtest","url":"https:\/\/medtest.stagingservers.net\/fi\/","logo":{"@type":"ImageObject","inLanguage":"fi-FI","@id":"https:\/\/medtest.stagingservers.net\/fi\/#\/schema\/logo\/image\/","url":"https:\/\/medtest.stagingservers.net\/wp-content\/uploads\/2018\/11\/Original.png","contentUrl":"https:\/\/medtest.stagingservers.net\/wp-content\/uploads\/2018\/11\/Original.png","width":1024,"height":1024,"caption":"Medtest"},"image":{"@id":"https:\/\/medtest.stagingservers.net\/fi\/#\/schema\/logo\/image\/"},"sameAs":["https:\/\/www.facebook.com\/Medtest-1440779469392476\/"]}]}},"_links":{"self":[{"href":"https:\/\/medtest.stagingservers.net\/fi\/wp-json\/wp\/v2\/product\/72957","targetHints":{"allow":["GET"]}}],"collection":[{"href":"https:\/\/medtest.stagingservers.net\/fi\/wp-json\/wp\/v2\/product"}],"about":[{"href":"https:\/\/medtest.stagingservers.net\/fi\/wp-json\/wp\/v2\/types\/product"}],"replies":[{"embeddable":true,"href":"https:\/\/medtest.stagingservers.net\/fi\/wp-json\/wp\/v2\/comments?post=72957"}],"version-history":[{"count":0,"href":"https:\/\/medtest.stagingservers.net\/fi\/wp-json\/wp\/v2\/product\/72957\/revisions"}],"wp:featuredmedia":[{"embeddable":true,"href":"https:\/\/medtest.stagingservers.net\/fi\/wp-json\/wp\/v2\/media\/73789"}],"wp:attachment":[{"href":"https:\/\/medtest.stagingservers.net\/fi\/wp-json\/wp\/v2\/media?parent=72957"}],"wp:term":[{"taxonomy":"product_brand","embeddable":true,"href":"https:\/\/medtest.stagingservers.net\/fi\/wp-json\/wp\/v2\/product_brand?post=72957"},{"taxonomy":"product_cat","embeddable":true,"href":"https:\/\/medtest.stagingservers.net\/fi\/wp-json\/wp\/v2\/product_cat?post=72957"},{"taxonomy":"product_tag","embeddable":true,"href":"https:\/\/medtest.stagingservers.net\/fi\/wp-json\/wp\/v2\/product_tag?post=72957"}],"curies":[{"name":"wp","href":"https:\/\/api.w.org\/{rel}","templated":true}]}}